{"id":9,"date":"2020-07-19T05:43:52","date_gmt":"2020-07-19T02:43:52","guid":{"rendered":"http:\/\/ticaret.edu.tr\/lguam\/?page_id=9"},"modified":"2025-07-25T12:46:24","modified_gmt":"2025-07-25T09:46:24","slug":"hakkimizda","status":"publish","type":"page","link":"http:\/\/ticaret.edu.tr\/liderlik-ve-girisimcilik-uygulama-ve-arastirma-merkezi\/hakkimizda\/","title":{"rendered":"Hakk\u0131m\u0131zda"},"content":{"rendered":"<h1 class=\"entry-title\">Y\u00f6netim Kurulu<\/h1>\n<div class=\"entry-content\">\n<p>Prof. Dr. Yusuf BALCI (M\u00fcd\u00fcr)<\/p>\n<p>Dr. \u00d6\u011fr. \u00dcyesi \u0130srafil BOYACI (M\u00fcd\u00fcr Yard\u0131mc\u0131s\u0131)<\/p>\n<p>Prof. Dr. Necdet \u015eENSOY (\u00dcye)<\/p>\n<p>Prof. Dr. \u0130brahim SUBA\u015eI (\u00dcye)<\/p>\n<p>Do\u00e7. Dr. H\u00fcseyin ARSLAN (\u00dcye)<\/p>\n<p><strong>Dan\u0131\u015fma Kurulu <\/strong><\/p>\n<p>Prof. Dr. Yusuf BALCI, \u0130stanbul Ticaret \u00dcniversitesi<\/p>\n<p>Prof. Dr. Murat YAL\u00c7INTA\u015e, \u0130stanbul Ticaret \u00dcniversitesi<\/p>\n<p>Prof. Dr. Feyzullah YETG\u0130N, \u0130stanbul Ticaret \u00dcniversitesi<\/p>\n<p>Prof. Dr. \u0130smail EKMEK\u00c7\u0130, \u0130stanbul Ticaret \u00dcniversitesi<\/p>\n<p>Do\u00e7. Dr. Alper \u00d6ZPINAR, Akademik Dan\u0131\u015fman<\/p>\n<p>\u0130smail K\u00d6KSAL, Ankara Sosyal Bilimler \u00dcniversitesi, Emekli M\u00fcste\u015far Yard\u0131mc\u0131s\u0131, TOBB Eski Genel Sekreteri, Halen \u00d6zel \u015eirketlerde Y\u00f6netim Kurulu \u00dcyesi<\/p>\n<p>G\u00f6khan BOZKURT, Nuh \u00c7imento Grubu CEO<\/p>\n<p>\u0130brahim ELBA\u015eI, BTM- Bilgiyi Ticarile\u015ftirme Merkezi Genel M\u00fcd\u00fcr<\/p>\n<\/div>\n","protected":false},"excerpt":{"rendered":"<p>Y\u00f6netim Kurulu Prof. Dr. Yusuf BALCI (M\u00fcd\u00fcr) Dr. \u00d6\u011fr. \u00dcyesi \u0130srafil BOYACI (M\u00fcd\u00fcr Yard\u0131mc\u0131s\u0131) Prof. Dr. Necdet \u015eENSOY (\u00dcye) Prof. Dr. \u0130brahim SUBA\u015eI (\u00dcye) Do\u00e7. Dr. H\u00fcseyin ARSLAN (\u00dcye) Dan\u0131\u015fma Kurulu Prof. Dr. Yusuf BALCI, \u0130stanbul Ticaret \u00dcniversitesi Prof. Dr. Murat YAL\u00c7INTA\u015e, \u0130stanbul Ticaret \u00dcniversitesi Prof. Dr. Feyzullah YETG\u0130N, \u0130stanbul Ticaret \u00dcniversitesi Prof. Dr. \u0130smail [&hellip;]<\/p>\n","protected":false},"author":238,"featured_media":0,"parent":0,"menu_order":0,"comment_status":"closed","ping_status":"closed","template":"genel_sayfa.php","meta":{"footnotes":""},"yoast_head":"<!-- This site is optimized with the Yoast SEO Premium plugin v22.1 (Yoast SEO v22.1) - https:\/\/yoast.com\/wordpress\/plugins\/seo\/ -->\n<title>Hakk\u0131m\u0131zda - Liderlik ve Giri\u015fimcilik Uygulama ve Ara\u015ft\u0131rma Merkezi<\/title>\n<meta name=\"description\" content=\"Hakk\u0131m\u0131zda\" \/>\n<meta name=\"robots\" content=\"index, follow, max-snippet:-1, max-image-preview:large, max-video-preview:-1\" \/>\n<link rel=\"canonical\" href=\"http:\/\/ticaret.edu.tr\/liderlik-ve-girisimcilik-uygulama-ve-arastirma-merkezi\/hakkimizda\/\" \/>\n<meta property=\"og:locale\" content=\"tr_TR\" \/>\n<meta property=\"og:type\" content=\"article\" \/>\n<meta property=\"og:title\" content=\"Hakk\u0131m\u0131zda\" \/>\n<meta property=\"og:description\" content=\"Hakk\u0131m\u0131zda\" \/>\n<meta property=\"og:url\" content=\"http:\/\/ticaret.edu.tr\/liderlik-ve-girisimcilik-uygulama-ve-arastirma-merkezi\/hakkimizda\/\" \/>\n<meta property=\"og:site_name\" content=\"Liderlik ve Giri\u015fimcilik Uygulama ve Ara\u015ft\u0131rma Merkezi\" \/>\n<meta property=\"article:publisher\" content=\"https:\/\/www.facebook.com\/ticaretedutr\" \/>\n<meta property=\"article:modified_time\" content=\"2025-07-25T09:46:24+00:00\" \/>\n<meta property=\"og:image\" content=\"http:\/\/ticaret.edu.tr\/liderlik-ve-girisimcilik-uygulama-ve-arastirma-merkezi\/wp-content\/uploads\/sites\/45\/2021\/11\/web_logo-01.jpg\" \/>\n\t<meta property=\"og:image:width\" content=\"1250\" \/>\n\t<meta property=\"og:image:height\" content=\"833\" \/>\n\t<meta property=\"og:image:type\" content=\"image\/jpeg\" \/>\n<meta name=\"twitter:card\" content=\"summary_large_image\" \/>\n<meta name=\"twitter:site\" content=\"@ticaretedutr\" \/>\n<meta name=\"twitter:label1\" content=\"Tahmini okuma s\u00fcresi\" \/>\n\t<meta name=\"twitter:data1\" content=\"1 dakika\" \/>\n<script type=\"application\/ld+json\" class=\"yoast-schema-graph\">{\"@context\":\"https:\/\/schema.org\",\"@graph\":[{\"@type\":\"WebPage\",\"@id\":\"http:\/\/ticaret.edu.tr\/liderlik-ve-girisimcilik-uygulama-ve-arastirma-merkezi\/hakkimizda\/\",\"url\":\"http:\/\/ticaret.edu.tr\/liderlik-ve-girisimcilik-uygulama-ve-arastirma-merkezi\/hakkimizda\/\",\"name\":\"Hakk\u0131m\u0131zda - Liderlik ve Giri\u015fimcilik Uygulama ve Ara\u015ft\u0131rma Merkezi\",\"isPartOf\":{\"@id\":\"https:\/\/ticaret.edu.tr\/liderlik-ve-girisimcilik-uygulama-ve-arastirma-merkezi\/#website\"},\"datePublished\":\"2020-07-19T02:43:52+00:00\",\"dateModified\":\"2025-07-25T09:46:24+00:00\",\"description\":\"Hakk\u0131m\u0131zda\",\"breadcrumb\":{\"@id\":\"http:\/\/ticaret.edu.tr\/liderlik-ve-girisimcilik-uygulama-ve-arastirma-merkezi\/hakkimizda\/#breadcrumb\"},\"inLanguage\":\"tr\",\"potentialAction\":[{\"@type\":\"ReadAction\",\"target\":[\"http:\/\/ticaret.edu.tr\/liderlik-ve-girisimcilik-uygulama-ve-arastirma-merkezi\/hakkimizda\/\"]}]},{\"@type\":\"BreadcrumbList\",\"@id\":\"http:\/\/ticaret.edu.tr\/liderlik-ve-girisimcilik-uygulama-ve-arastirma-merkezi\/hakkimizda\/#breadcrumb\",\"itemListElement\":[{\"@type\":\"ListItem\",\"position\":1,\"name\":\"Ana sayfa\",\"item\":\"https:\/\/ticaret.edu.tr\/liderlik-ve-girisimcilik-uygulama-ve-arastirma-merkezi\/\"},{\"@type\":\"ListItem\",\"position\":2,\"name\":\"Hakk\u0131m\u0131zda\"}]},{\"@type\":\"WebSite\",\"@id\":\"https:\/\/ticaret.edu.tr\/liderlik-ve-girisimcilik-uygulama-ve-arastirma-merkezi\/#website\",\"url\":\"https:\/\/ticaret.edu.tr\/liderlik-ve-girisimcilik-uygulama-ve-arastirma-merkezi\/\",\"name\":\"Liderlik ve Giri\u015fimcilik Uygulama ve Ara\u015ft\u0131rma Merkezi\",\"description\":\"Bir ba\u015fka \u0130stanbul Ticaret \u00dcniversitesi site sitesi\",\"potentialAction\":[{\"@type\":\"SearchAction\",\"target\":{\"@type\":\"EntryPoint\",\"urlTemplate\":\"https:\/\/ticaret.edu.tr\/liderlik-ve-girisimcilik-uygulama-ve-arastirma-merkezi\/?s={search_term_string}\"},\"query-input\":\"required name=search_term_string\"}],\"inLanguage\":\"tr\"}]}<\/script>\n<!-- \/ Yoast SEO Premium plugin. -->","yoast_head_json":{"title":"Hakk\u0131m\u0131zda - Liderlik ve Giri\u015fimcilik Uygulama ve Ara\u015ft\u0131rma Merkezi","description":"Hakk\u0131m\u0131zda","robots":{"index":"index","follow":"follow","max-snippet":"max-snippet:-1","max-image-preview":"max-image-preview:large","max-video-preview":"max-video-preview:-1"},"canonical":"http:\/\/ticaret.edu.tr\/liderlik-ve-girisimcilik-uygulama-ve-arastirma-merkezi\/hakkimizda\/","og_locale":"tr_TR","og_type":"article","og_title":"Hakk\u0131m\u0131zda","og_description":"Hakk\u0131m\u0131zda","og_url":"http:\/\/ticaret.edu.tr\/liderlik-ve-girisimcilik-uygulama-ve-arastirma-merkezi\/hakkimizda\/","og_site_name":"Liderlik ve Giri\u015fimcilik Uygulama ve Ara\u015ft\u0131rma Merkezi","article_publisher":"https:\/\/www.facebook.com\/ticaretedutr","article_modified_time":"2025-07-25T09:46:24+00:00","og_image":[{"width":1250,"height":833,"url":"http:\/\/ticaret.edu.tr\/liderlik-ve-girisimcilik-uygulama-ve-arastirma-merkezi\/wp-content\/uploads\/sites\/45\/2021\/11\/web_logo-01.jpg","type":"image\/jpeg"}],"twitter_card":"summary_large_image","twitter_site":"@ticaretedutr","twitter_misc":{"Tahmini okuma s\u00fcresi":"1 dakika"},"schema":{"@context":"https:\/\/schema.org","@graph":[{"@type":"WebPage","@id":"http:\/\/ticaret.edu.tr\/liderlik-ve-girisimcilik-uygulama-ve-arastirma-merkezi\/hakkimizda\/","url":"http:\/\/ticaret.edu.tr\/liderlik-ve-girisimcilik-uygulama-ve-arastirma-merkezi\/hakkimizda\/","name":"Hakk\u0131m\u0131zda - Liderlik ve Giri\u015fimcilik Uygulama ve Ara\u015ft\u0131rma Merkezi","isPartOf":{"@id":"https:\/\/ticaret.edu.tr\/liderlik-ve-girisimcilik-uygulama-ve-arastirma-merkezi\/#website"},"datePublished":"2020-07-19T02:43:52+00:00","dateModified":"2025-07-25T09:46:24+00:00","description":"Hakk\u0131m\u0131zda","breadcrumb":{"@id":"http:\/\/ticaret.edu.tr\/liderlik-ve-girisimcilik-uygulama-ve-arastirma-merkezi\/hakkimizda\/#breadcrumb"},"inLanguage":"tr","potentialAction":[{"@type":"ReadAction","target":["http:\/\/ticaret.edu.tr\/liderlik-ve-girisimcilik-uygulama-ve-arastirma-merkezi\/hakkimizda\/"]}]},{"@type":"BreadcrumbList","@id":"http:\/\/ticaret.edu.tr\/liderlik-ve-girisimcilik-uygulama-ve-arastirma-merkezi\/hakkimizda\/#breadcrumb","itemListElement":[{"@type":"ListItem","position":1,"name":"Ana sayfa","item":"https:\/\/ticaret.edu.tr\/liderlik-ve-girisimcilik-uygulama-ve-arastirma-merkezi\/"},{"@type":"ListItem","position":2,"name":"Hakk\u0131m\u0131zda"}]},{"@type":"WebSite","@id":"https:\/\/ticaret.edu.tr\/liderlik-ve-girisimcilik-uygulama-ve-arastirma-merkezi\/#website","url":"https:\/\/ticaret.edu.tr\/liderlik-ve-girisimcilik-uygulama-ve-arastirma-merkezi\/","name":"Liderlik ve Giri\u015fimcilik Uygulama ve Ara\u015ft\u0131rma Merkezi","description":"Bir ba\u015fka \u0130stanbul Ticaret \u00dcniversitesi site sitesi","potentialAction":[{"@type":"SearchAction","target":{"@type":"EntryPoint","urlTemplate":"https:\/\/ticaret.edu.tr\/liderlik-ve-girisimcilik-uygulama-ve-arastirma-merkezi\/?s={search_term_string}"},"query-input":"required name=search_term_string"}],"inLanguage":"tr"}]}},"lang":"tr","translations":{"en":308,"tr":9},"pll_sync_post":[],"_links":{"self":[{"href":"http:\/\/ticaret.edu.tr\/liderlik-ve-girisimcilik-uygulama-ve-arastirma-merkezi\/wp-json\/wp\/v2\/pages\/9"}],"collection":[{"href":"http:\/\/ticaret.edu.tr\/liderlik-ve-girisimcilik-uygulama-ve-arastirma-merkezi\/wp-json\/wp\/v2\/pages"}],"about":[{"href":"http:\/\/ticaret.edu.tr\/liderlik-ve-girisimcilik-uygulama-ve-arastirma-merkezi\/wp-json\/wp\/v2\/types\/page"}],"author":[{"embeddable":true,"href":"http:\/\/ticaret.edu.tr\/liderlik-ve-girisimcilik-uygulama-ve-arastirma-merkezi\/wp-json\/wp\/v2\/users\/238"}],"replies":[{"embeddable":true,"href":"http:\/\/ticaret.edu.tr\/liderlik-ve-girisimcilik-uygulama-ve-arastirma-merkezi\/wp-json\/wp\/v2\/comments?post=9"}],"version-history":[{"count":8,"href":"http:\/\/ticaret.edu.tr\/liderlik-ve-girisimcilik-uygulama-ve-arastirma-merkezi\/wp-json\/wp\/v2\/pages\/9\/revisions"}],"predecessor-version":[{"id":787,"href":"http:\/\/ticaret.edu.tr\/liderlik-ve-girisimcilik-uygulama-ve-arastirma-merkezi\/wp-json\/wp\/v2\/pages\/9\/revisions\/787"}],"wp:attachment":[{"href":"http:\/\/ticaret.edu.tr\/liderlik-ve-girisimcilik-uygulama-ve-arastirma-merkezi\/wp-json\/wp\/v2\/media?parent=9"}],"curies":[{"name":"wp","href":"https:\/\/api.w.org\/{rel}","templated":true}]}}