{"id":1157,"date":"2025-01-26T23:36:47","date_gmt":"2025-01-26T20:36:47","guid":{"rendered":"https:\/\/ticaret.edu.tr\/lojistik-yonetimi\/?page_id=1157"},"modified":"2025-07-09T12:17:24","modified_gmt":"2025-07-09T09:17:24","slug":"program-egitim-amaclari","status":"publish","type":"page","link":"http:\/\/ticaret.edu.tr\/lojistik-yonetimi\/program-egitim-amaclari\/","title":{"rendered":"Program E\u011fitim Ama\u00e7lar\u0131"},"content":{"rendered":"<h2>Program E\u011fitim Ama\u00e7lar\u0131<\/h2>\n<p>PEA 1. \u00d6\u011frencilere lojistik s\u00fcre\u00e7leri planlama, y\u00fcr\u00fctme ve de\u011ferlendirme konular\u0131nda teorik bilgi ve uygulama becerisi kazand\u0131rmak.<\/p>\n<p>PEA 2. Lojistik alan\u0131nda yarat\u0131c\u0131, \u00e7\u00f6z\u00fcm odakl\u0131 ve giri\u015fimci bireyler yeti\u015ftirerek i\u015f hayat\u0131na etkin \u015fekilde haz\u0131rlanmalar\u0131n\u0131 sa\u011flamak.<\/p>\n<p>PEA 3. Lojistik sekt\u00f6r\u00fcn\u00fcn ihtiya\u00e7lar\u0131na uygun, farkl\u0131 g\u00f6rev ve pozisyonlarda sorumluluk alabilecek donan\u0131ma sahip mezunlar yeti\u015ftirmek.<\/p>\n<p>PEA 4. \u00d6\u011frencilerin ya\u015fam boyu \u00f6\u011frenme yakla\u015f\u0131m\u0131yla akademik ve ki\u015fisel geli\u015fimlerini s\u00fcrd\u00fcrebilecek bireyler olmalar\u0131n\u0131 te\u015fvik etmek.<\/p>\n","protected":false},"excerpt":{"rendered":"<p>Program E\u011fitim Ama\u00e7lar\u0131 PEA 1. \u00d6\u011frencilere lojistik s\u00fcre\u00e7leri planlama, y\u00fcr\u00fctme ve de\u011ferlendirme konular\u0131nda teorik bilgi ve uygulama becerisi kazand\u0131rmak. PEA 2. Lojistik alan\u0131nda yarat\u0131c\u0131, \u00e7\u00f6z\u00fcm odakl\u0131 ve giri\u015fimci bireyler yeti\u015ftirerek i\u015f hayat\u0131na etkin \u015fekilde haz\u0131rlanmalar\u0131n\u0131 sa\u011flamak. PEA 3. Lojistik sekt\u00f6r\u00fcn\u00fcn ihtiya\u00e7lar\u0131na uygun, farkl\u0131 g\u00f6rev ve pozisyonlarda sorumluluk alabilecek donan\u0131ma sahip mezunlar yeti\u015ftirmek. PEA 4. \u00d6\u011frencilerin [&hellip;]<\/p>\n","protected":false},"author":63,"featured_media":0,"parent":0,"menu_order":0,"comment_status":"closed","ping_status":"closed","template":"genel_sayfa.php","meta":{"footnotes":""},"yoast_head":"<!-- This site is optimized with the Yoast SEO Premium plugin v22.1 (Yoast SEO v22.1) - https:\/\/yoast.com\/wordpress\/plugins\/seo\/ -->\n<title>Program E\u011fitim Ama\u00e7lar\u0131 - Lojistik Y\u00f6netimi<\/title>\n<meta name=\"description\" content=\"\u0130stanbul Ticaret \u00dcniversitesi - \u0130\u015fletme Fak\u00fcltesi - Lojistik Y\u00f6netimi Lisans Program\u0131 - B\u00f6l\u00fcm - Program E\u011fitim Ama\u00e7lar\u0131\" \/>\n<meta name=\"robots\" content=\"index, follow, max-snippet:-1, max-image-preview:large, max-video-preview:-1\" \/>\n<link rel=\"canonical\" href=\"http:\/\/ticaret.edu.tr\/lojistik-yonetimi\/program-egitim-amaclari\/\" \/>\n<meta property=\"og:locale\" content=\"tr_TR\" \/>\n<meta property=\"og:type\" content=\"article\" \/>\n<meta property=\"og:title\" content=\"Program E\u011fitim Ama\u00e7lar\u0131\" \/>\n<meta property=\"og:description\" content=\"\u0130stanbul Ticaret \u00dcniversitesi - \u0130\u015fletme Fak\u00fcltesi - Lojistik Y\u00f6netimi Lisans Program\u0131 - B\u00f6l\u00fcm - Program E\u011fitim Ama\u00e7lar\u0131\" \/>\n<meta property=\"og:url\" content=\"http:\/\/ticaret.edu.tr\/lojistik-yonetimi\/program-egitim-amaclari\/\" \/>\n<meta property=\"og:site_name\" content=\"Lojistik Y\u00f6netimi\" \/>\n<meta property=\"article:publisher\" content=\"https:\/\/www.facebook.com\/ticaretedutr\" \/>\n<meta property=\"article:modified_time\" content=\"2025-07-09T09:17:24+00:00\" \/>\n<meta property=\"og:image\" content=\"http:\/\/ticaret.edu.tr\/lojistik-yonetimi\/wp-content\/uploads\/sites\/11\/2021\/11\/web_logo-01.jpg\" \/>\n\t<meta property=\"og:image:width\" content=\"1250\" \/>\n\t<meta property=\"og:image:height\" content=\"833\" \/>\n\t<meta property=\"og:image:type\" content=\"image\/jpeg\" \/>\n<meta name=\"twitter:card\" content=\"summary_large_image\" \/>\n<meta name=\"twitter:site\" content=\"@ticaretedutr\" \/>\n<meta name=\"twitter:label1\" content=\"Tahmini okuma s\u00fcresi\" \/>\n\t<meta name=\"twitter:data1\" content=\"1 dakika\" \/>\n<script type=\"application\/ld+json\" class=\"yoast-schema-graph\">{\"@context\":\"https:\/\/schema.org\",\"@graph\":[{\"@type\":\"WebPage\",\"@id\":\"http:\/\/ticaret.edu.tr\/lojistik-yonetimi\/program-egitim-amaclari\/\",\"url\":\"http:\/\/ticaret.edu.tr\/lojistik-yonetimi\/program-egitim-amaclari\/\",\"name\":\"Program E\u011fitim Ama\u00e7lar\u0131 - Lojistik Y\u00f6netimi\",\"isPartOf\":{\"@id\":\"http:\/\/ticaret.edu.tr\/lojistik-yonetimi\/#website\"},\"datePublished\":\"2025-01-26T20:36:47+00:00\",\"dateModified\":\"2025-07-09T09:17:24+00:00\",\"description\":\"\u0130stanbul Ticaret \u00dcniversitesi - \u0130\u015fletme Fak\u00fcltesi - Lojistik Y\u00f6netimi Lisans Program\u0131 - B\u00f6l\u00fcm - Program E\u011fitim Ama\u00e7lar\u0131\",\"breadcrumb\":{\"@id\":\"http:\/\/ticaret.edu.tr\/lojistik-yonetimi\/program-egitim-amaclari\/#breadcrumb\"},\"inLanguage\":\"tr\",\"potentialAction\":[{\"@type\":\"ReadAction\",\"target\":[\"http:\/\/ticaret.edu.tr\/lojistik-yonetimi\/program-egitim-amaclari\/\"]}]},{\"@type\":\"BreadcrumbList\",\"@id\":\"http:\/\/ticaret.edu.tr\/lojistik-yonetimi\/program-egitim-amaclari\/#breadcrumb\",\"itemListElement\":[{\"@type\":\"ListItem\",\"position\":1,\"name\":\"Ana sayfa\",\"item\":\"http:\/\/ticaret.edu.tr\/lojistik-yonetimi\/\"},{\"@type\":\"ListItem\",\"position\":2,\"name\":\"Program E\u011fitim Ama\u00e7lar\u0131\"}]},{\"@type\":\"WebSite\",\"@id\":\"http:\/\/ticaret.edu.tr\/lojistik-yonetimi\/#website\",\"url\":\"http:\/\/ticaret.edu.tr\/lojistik-yonetimi\/\",\"name\":\"Lojistik Y\u00f6netimi\",\"description\":\"\",\"potentialAction\":[{\"@type\":\"SearchAction\",\"target\":{\"@type\":\"EntryPoint\",\"urlTemplate\":\"http:\/\/ticaret.edu.tr\/lojistik-yonetimi\/?s={search_term_string}\"},\"query-input\":\"required name=search_term_string\"}],\"inLanguage\":\"tr\"}]}<\/script>\n<!-- \/ Yoast SEO Premium plugin. -->","yoast_head_json":{"title":"Program E\u011fitim Ama\u00e7lar\u0131 - Lojistik Y\u00f6netimi","description":"\u0130stanbul Ticaret \u00dcniversitesi - \u0130\u015fletme Fak\u00fcltesi - Lojistik Y\u00f6netimi Lisans Program\u0131 - B\u00f6l\u00fcm - Program E\u011fitim Ama\u00e7lar\u0131","robots":{"index":"index","follow":"follow","max-snippet":"max-snippet:-1","max-image-preview":"max-image-preview:large","max-video-preview":"max-video-preview:-1"},"canonical":"http:\/\/ticaret.edu.tr\/lojistik-yonetimi\/program-egitim-amaclari\/","og_locale":"tr_TR","og_type":"article","og_title":"Program E\u011fitim Ama\u00e7lar\u0131","og_description":"\u0130stanbul Ticaret \u00dcniversitesi - \u0130\u015fletme Fak\u00fcltesi - Lojistik Y\u00f6netimi Lisans Program\u0131 - B\u00f6l\u00fcm - Program E\u011fitim Ama\u00e7lar\u0131","og_url":"http:\/\/ticaret.edu.tr\/lojistik-yonetimi\/program-egitim-amaclari\/","og_site_name":"Lojistik Y\u00f6netimi","article_publisher":"https:\/\/www.facebook.com\/ticaretedutr","article_modified_time":"2025-07-09T09:17:24+00:00","og_image":[{"width":1250,"height":833,"url":"http:\/\/ticaret.edu.tr\/lojistik-yonetimi\/wp-content\/uploads\/sites\/11\/2021\/11\/web_logo-01.jpg","type":"image\/jpeg"}],"twitter_card":"summary_large_image","twitter_site":"@ticaretedutr","twitter_misc":{"Tahmini okuma s\u00fcresi":"1 dakika"},"schema":{"@context":"https:\/\/schema.org","@graph":[{"@type":"WebPage","@id":"http:\/\/ticaret.edu.tr\/lojistik-yonetimi\/program-egitim-amaclari\/","url":"http:\/\/ticaret.edu.tr\/lojistik-yonetimi\/program-egitim-amaclari\/","name":"Program E\u011fitim Ama\u00e7lar\u0131 - Lojistik Y\u00f6netimi","isPartOf":{"@id":"http:\/\/ticaret.edu.tr\/lojistik-yonetimi\/#website"},"datePublished":"2025-01-26T20:36:47+00:00","dateModified":"2025-07-09T09:17:24+00:00","description":"\u0130stanbul Ticaret \u00dcniversitesi - \u0130\u015fletme Fak\u00fcltesi - Lojistik Y\u00f6netimi Lisans Program\u0131 - B\u00f6l\u00fcm - Program E\u011fitim Ama\u00e7lar\u0131","breadcrumb":{"@id":"http:\/\/ticaret.edu.tr\/lojistik-yonetimi\/program-egitim-amaclari\/#breadcrumb"},"inLanguage":"tr","potentialAction":[{"@type":"ReadAction","target":["http:\/\/ticaret.edu.tr\/lojistik-yonetimi\/program-egitim-amaclari\/"]}]},{"@type":"BreadcrumbList","@id":"http:\/\/ticaret.edu.tr\/lojistik-yonetimi\/program-egitim-amaclari\/#breadcrumb","itemListElement":[{"@type":"ListItem","position":1,"name":"Ana sayfa","item":"http:\/\/ticaret.edu.tr\/lojistik-yonetimi\/"},{"@type":"ListItem","position":2,"name":"Program E\u011fitim Ama\u00e7lar\u0131"}]},{"@type":"WebSite","@id":"http:\/\/ticaret.edu.tr\/lojistik-yonetimi\/#website","url":"http:\/\/ticaret.edu.tr\/lojistik-yonetimi\/","name":"Lojistik Y\u00f6netimi","description":"","potentialAction":[{"@type":"SearchAction","target":{"@type":"EntryPoint","urlTemplate":"http:\/\/ticaret.edu.tr\/lojistik-yonetimi\/?s={search_term_string}"},"query-input":"required name=search_term_string"}],"inLanguage":"tr"}]}},"lang":"tr","translations":{"tr":1157,"en":1268},"pll_sync_post":[],"_links":{"self":[{"href":"http:\/\/ticaret.edu.tr\/lojistik-yonetimi\/wp-json\/wp\/v2\/pages\/1157"}],"collection":[{"href":"http:\/\/ticaret.edu.tr\/lojistik-yonetimi\/wp-json\/wp\/v2\/pages"}],"about":[{"href":"http:\/\/ticaret.edu.tr\/lojistik-yonetimi\/wp-json\/wp\/v2\/types\/page"}],"author":[{"embeddable":true,"href":"http:\/\/ticaret.edu.tr\/lojistik-yonetimi\/wp-json\/wp\/v2\/users\/63"}],"replies":[{"embeddable":true,"href":"http:\/\/ticaret.edu.tr\/lojistik-yonetimi\/wp-json\/wp\/v2\/comments?post=1157"}],"version-history":[{"count":3,"href":"http:\/\/ticaret.edu.tr\/lojistik-yonetimi\/wp-json\/wp\/v2\/pages\/1157\/revisions"}],"predecessor-version":[{"id":1642,"href":"http:\/\/ticaret.edu.tr\/lojistik-yonetimi\/wp-json\/wp\/v2\/pages\/1157\/revisions\/1642"}],"wp:attachment":[{"href":"http:\/\/ticaret.edu.tr\/lojistik-yonetimi\/wp-json\/wp\/v2\/media?parent=1157"}],"curies":[{"name":"wp","href":"https:\/\/api.w.org\/{rel}","templated":true}]}}