{"id":1159,"date":"2025-01-26T23:36:46","date_gmt":"2025-01-26T20:36:46","guid":{"rendered":"https:\/\/ticaret.edu.tr\/lojistik-yonetimi\/?page_id=1159"},"modified":"2025-07-09T12:26:56","modified_gmt":"2025-07-09T09:26:56","slug":"program-ogretim-ciktilari","status":"publish","type":"page","link":"http:\/\/ticaret.edu.tr\/lojistik-yonetimi\/program-ogretim-ciktilari\/","title":{"rendered":"Program \u00d6\u011fretim \u00c7\u0131kt\u0131lar\u0131"},"content":{"rendered":"<h2>Program \u00d6\u011fretim \u00c7\u0131kt\u0131lar\u0131<\/h2>\n<p>P\u00d6\u00c7 1 . Lojistik alan\u0131na ili\u015fkin teori ve ilkeleri ele\u015ftirel bir yakla\u015f\u0131mla sorgulayabilecek ileri d\u00fczeyde kuramsal ve uygulamal\u0131 bilgiye sahiptir.<\/p>\n<p>P\u00d6\u00c7 2. Lojistik alan\u0131ndaki sorunlara ili\u015fkin verileri analiz eder ve kan\u0131ta dayal\u0131 \u00e7\u00f6z\u00fcm \u00f6nerileri geli\u015ftirir.<\/p>\n<p>P\u00d6\u00c7 3. Lojistik alan\u0131yla ilgili karma\u015f\u0131k mesleki ve teknik \u00e7al\u0131\u015fmalar\u0131 y\u00f6netir, uygulamada ortaya \u00e7\u0131kabilecek sorunlar\u0131 \u00e7\u00f6zmede ekip \u00fcyesi olarak sorumluluk al\u0131r, ekip \u00fcyelerinin mesleki geli\u015fim ihtiya\u00e7lar\u0131n\u0131 belirler.<\/p>\n<p>P\u00d6\u00c7 4. Lojistik alan\u0131nda sahip oldu\u011fu bilgi ve becerileri ele\u015ftirel bir yakla\u015f\u0131mla de\u011ferlendirir, \u00f6\u011frenme gereksinimlerini belirler ve bunlar\u0131 kar\u015f\u0131lamaya y\u00f6nelik hayat boyu \u00f6\u011frenme anlay\u0131\u015f\u0131na sahiptir.<\/p>\n<p>P\u00d6\u00c7 5. Lojistik alan\u0131yla ilgili konularda d\u00fc\u015f\u00fcncelerini ve sorunlara ili\u015fkin \u00e7\u00f6z\u00fcm \u00f6nerilerini nicel ve nitel verilerle destekleyerek yaz\u0131l\u0131 ya da s\u00f6zl\u00fc olarak alanda uzman veya uzman olmayan gruplarla payla\u015f\u0131r.<\/p>\n<p>P\u00d6\u00c7 6. Lojistik alan\u0131nda karma\u015f\u0131k, \u00f6ng\u00f6r\u00fclemeyen sorunlar\u0131 \u00e7\u00f6zmede ileri d\u00fczeyde yenilik\u00e7i uzmanl\u0131k becerilerine sahiptir.<\/p>\n","protected":false},"excerpt":{"rendered":"<p>Program \u00d6\u011fretim \u00c7\u0131kt\u0131lar\u0131 P\u00d6\u00c7 1 . Lojistik alan\u0131na ili\u015fkin teori ve ilkeleri ele\u015ftirel bir yakla\u015f\u0131mla sorgulayabilecek ileri d\u00fczeyde kuramsal ve uygulamal\u0131 bilgiye sahiptir. P\u00d6\u00c7 2. Lojistik alan\u0131ndaki sorunlara ili\u015fkin verileri analiz eder ve kan\u0131ta dayal\u0131 \u00e7\u00f6z\u00fcm \u00f6nerileri geli\u015ftirir. P\u00d6\u00c7 3. Lojistik alan\u0131yla ilgili karma\u015f\u0131k mesleki ve teknik \u00e7al\u0131\u015fmalar\u0131 y\u00f6netir, uygulamada ortaya \u00e7\u0131kabilecek sorunlar\u0131 \u00e7\u00f6zmede ekip [&hellip;]<\/p>\n","protected":false},"author":63,"featured_media":0,"parent":0,"menu_order":0,"comment_status":"closed","ping_status":"closed","template":"genel_sayfa.php","meta":{"footnotes":""},"yoast_head":"<!-- This site is optimized with the Yoast SEO Premium plugin v22.1 (Yoast SEO v22.1) - https:\/\/yoast.com\/wordpress\/plugins\/seo\/ -->\n<title>Program \u00d6\u011fretim \u00c7\u0131kt\u0131lar\u0131 - Lojistik Y\u00f6netimi<\/title>\n<meta name=\"description\" content=\"\u0130stanbul Ticaret \u00dcniversitesi - \u0130\u015fletme Fak\u00fcltesi - Lojistik Y\u00f6netimi Lisans Program\u0131 - B\u00f6l\u00fcm - Program \u00d6\u011fretim \u00c7\u0131kt\u0131lar\u0131\" \/>\n<meta name=\"robots\" content=\"index, follow, max-snippet:-1, max-image-preview:large, max-video-preview:-1\" \/>\n<link rel=\"canonical\" href=\"http:\/\/ticaret.edu.tr\/lojistik-yonetimi\/program-ogretim-ciktilari\/\" \/>\n<meta property=\"og:locale\" content=\"tr_TR\" \/>\n<meta property=\"og:type\" content=\"article\" \/>\n<meta property=\"og:title\" content=\"Program \u00d6\u011fretim \u00c7\u0131kt\u0131lar\u0131\" \/>\n<meta property=\"og:description\" content=\"\u0130stanbul Ticaret \u00dcniversitesi - \u0130\u015fletme Fak\u00fcltesi - Lojistik Y\u00f6netimi Lisans Program\u0131 - B\u00f6l\u00fcm - Program \u00d6\u011fretim \u00c7\u0131kt\u0131lar\u0131\" \/>\n<meta property=\"og:url\" content=\"http:\/\/ticaret.edu.tr\/lojistik-yonetimi\/program-ogretim-ciktilari\/\" \/>\n<meta property=\"og:site_name\" content=\"Lojistik Y\u00f6netimi\" \/>\n<meta property=\"article:publisher\" content=\"https:\/\/www.facebook.com\/ticaretedutr\" \/>\n<meta property=\"article:modified_time\" content=\"2025-07-09T09:26:56+00:00\" \/>\n<meta property=\"og:image\" content=\"http:\/\/ticaret.edu.tr\/lojistik-yonetimi\/wp-content\/uploads\/sites\/11\/2021\/11\/web_logo-01.jpg\" \/>\n\t<meta property=\"og:image:width\" content=\"1250\" \/>\n\t<meta property=\"og:image:height\" content=\"833\" \/>\n\t<meta property=\"og:image:type\" content=\"image\/jpeg\" \/>\n<meta name=\"twitter:card\" content=\"summary_large_image\" \/>\n<meta name=\"twitter:site\" content=\"@ticaretedutr\" \/>\n<meta name=\"twitter:label1\" content=\"Tahmini okuma s\u00fcresi\" \/>\n\t<meta name=\"twitter:data1\" content=\"1 dakika\" \/>\n<script type=\"application\/ld+json\" class=\"yoast-schema-graph\">{\"@context\":\"https:\/\/schema.org\",\"@graph\":[{\"@type\":\"WebPage\",\"@id\":\"http:\/\/ticaret.edu.tr\/lojistik-yonetimi\/program-ogretim-ciktilari\/\",\"url\":\"http:\/\/ticaret.edu.tr\/lojistik-yonetimi\/program-ogretim-ciktilari\/\",\"name\":\"Program \u00d6\u011fretim \u00c7\u0131kt\u0131lar\u0131 - Lojistik Y\u00f6netimi\",\"isPartOf\":{\"@id\":\"http:\/\/ticaret.edu.tr\/lojistik-yonetimi\/#website\"},\"datePublished\":\"2025-01-26T20:36:46+00:00\",\"dateModified\":\"2025-07-09T09:26:56+00:00\",\"description\":\"\u0130stanbul Ticaret \u00dcniversitesi - \u0130\u015fletme Fak\u00fcltesi - Lojistik Y\u00f6netimi Lisans Program\u0131 - B\u00f6l\u00fcm - Program \u00d6\u011fretim \u00c7\u0131kt\u0131lar\u0131\",\"breadcrumb\":{\"@id\":\"http:\/\/ticaret.edu.tr\/lojistik-yonetimi\/program-ogretim-ciktilari\/#breadcrumb\"},\"inLanguage\":\"tr\",\"potentialAction\":[{\"@type\":\"ReadAction\",\"target\":[\"http:\/\/ticaret.edu.tr\/lojistik-yonetimi\/program-ogretim-ciktilari\/\"]}]},{\"@type\":\"BreadcrumbList\",\"@id\":\"http:\/\/ticaret.edu.tr\/lojistik-yonetimi\/program-ogretim-ciktilari\/#breadcrumb\",\"itemListElement\":[{\"@type\":\"ListItem\",\"position\":1,\"name\":\"Ana sayfa\",\"item\":\"http:\/\/ticaret.edu.tr\/lojistik-yonetimi\/\"},{\"@type\":\"ListItem\",\"position\":2,\"name\":\"Program \u00d6\u011fretim \u00c7\u0131kt\u0131lar\u0131\"}]},{\"@type\":\"WebSite\",\"@id\":\"http:\/\/ticaret.edu.tr\/lojistik-yonetimi\/#website\",\"url\":\"http:\/\/ticaret.edu.tr\/lojistik-yonetimi\/\",\"name\":\"Lojistik Y\u00f6netimi\",\"description\":\"\",\"potentialAction\":[{\"@type\":\"SearchAction\",\"target\":{\"@type\":\"EntryPoint\",\"urlTemplate\":\"http:\/\/ticaret.edu.tr\/lojistik-yonetimi\/?s={search_term_string}\"},\"query-input\":\"required name=search_term_string\"}],\"inLanguage\":\"tr\"}]}<\/script>\n<!-- \/ Yoast SEO Premium plugin. -->","yoast_head_json":{"title":"Program \u00d6\u011fretim \u00c7\u0131kt\u0131lar\u0131 - Lojistik Y\u00f6netimi","description":"\u0130stanbul Ticaret \u00dcniversitesi - \u0130\u015fletme Fak\u00fcltesi - Lojistik Y\u00f6netimi Lisans Program\u0131 - B\u00f6l\u00fcm - Program \u00d6\u011fretim \u00c7\u0131kt\u0131lar\u0131","robots":{"index":"index","follow":"follow","max-snippet":"max-snippet:-1","max-image-preview":"max-image-preview:large","max-video-preview":"max-video-preview:-1"},"canonical":"http:\/\/ticaret.edu.tr\/lojistik-yonetimi\/program-ogretim-ciktilari\/","og_locale":"tr_TR","og_type":"article","og_title":"Program \u00d6\u011fretim \u00c7\u0131kt\u0131lar\u0131","og_description":"\u0130stanbul Ticaret \u00dcniversitesi - \u0130\u015fletme Fak\u00fcltesi - Lojistik Y\u00f6netimi Lisans Program\u0131 - B\u00f6l\u00fcm - Program \u00d6\u011fretim \u00c7\u0131kt\u0131lar\u0131","og_url":"http:\/\/ticaret.edu.tr\/lojistik-yonetimi\/program-ogretim-ciktilari\/","og_site_name":"Lojistik Y\u00f6netimi","article_publisher":"https:\/\/www.facebook.com\/ticaretedutr","article_modified_time":"2025-07-09T09:26:56+00:00","og_image":[{"width":1250,"height":833,"url":"http:\/\/ticaret.edu.tr\/lojistik-yonetimi\/wp-content\/uploads\/sites\/11\/2021\/11\/web_logo-01.jpg","type":"image\/jpeg"}],"twitter_card":"summary_large_image","twitter_site":"@ticaretedutr","twitter_misc":{"Tahmini okuma s\u00fcresi":"1 dakika"},"schema":{"@context":"https:\/\/schema.org","@graph":[{"@type":"WebPage","@id":"http:\/\/ticaret.edu.tr\/lojistik-yonetimi\/program-ogretim-ciktilari\/","url":"http:\/\/ticaret.edu.tr\/lojistik-yonetimi\/program-ogretim-ciktilari\/","name":"Program \u00d6\u011fretim \u00c7\u0131kt\u0131lar\u0131 - Lojistik Y\u00f6netimi","isPartOf":{"@id":"http:\/\/ticaret.edu.tr\/lojistik-yonetimi\/#website"},"datePublished":"2025-01-26T20:36:46+00:00","dateModified":"2025-07-09T09:26:56+00:00","description":"\u0130stanbul Ticaret \u00dcniversitesi - \u0130\u015fletme Fak\u00fcltesi - Lojistik Y\u00f6netimi Lisans Program\u0131 - B\u00f6l\u00fcm - Program \u00d6\u011fretim \u00c7\u0131kt\u0131lar\u0131","breadcrumb":{"@id":"http:\/\/ticaret.edu.tr\/lojistik-yonetimi\/program-ogretim-ciktilari\/#breadcrumb"},"inLanguage":"tr","potentialAction":[{"@type":"ReadAction","target":["http:\/\/ticaret.edu.tr\/lojistik-yonetimi\/program-ogretim-ciktilari\/"]}]},{"@type":"BreadcrumbList","@id":"http:\/\/ticaret.edu.tr\/lojistik-yonetimi\/program-ogretim-ciktilari\/#breadcrumb","itemListElement":[{"@type":"ListItem","position":1,"name":"Ana sayfa","item":"http:\/\/ticaret.edu.tr\/lojistik-yonetimi\/"},{"@type":"ListItem","position":2,"name":"Program \u00d6\u011fretim \u00c7\u0131kt\u0131lar\u0131"}]},{"@type":"WebSite","@id":"http:\/\/ticaret.edu.tr\/lojistik-yonetimi\/#website","url":"http:\/\/ticaret.edu.tr\/lojistik-yonetimi\/","name":"Lojistik Y\u00f6netimi","description":"","potentialAction":[{"@type":"SearchAction","target":{"@type":"EntryPoint","urlTemplate":"http:\/\/ticaret.edu.tr\/lojistik-yonetimi\/?s={search_term_string}"},"query-input":"required name=search_term_string"}],"inLanguage":"tr"}]}},"lang":"tr","translations":{"tr":1159,"en":1270},"pll_sync_post":[],"_links":{"self":[{"href":"http:\/\/ticaret.edu.tr\/lojistik-yonetimi\/wp-json\/wp\/v2\/pages\/1159"}],"collection":[{"href":"http:\/\/ticaret.edu.tr\/lojistik-yonetimi\/wp-json\/wp\/v2\/pages"}],"about":[{"href":"http:\/\/ticaret.edu.tr\/lojistik-yonetimi\/wp-json\/wp\/v2\/types\/page"}],"author":[{"embeddable":true,"href":"http:\/\/ticaret.edu.tr\/lojistik-yonetimi\/wp-json\/wp\/v2\/users\/63"}],"replies":[{"embeddable":true,"href":"http:\/\/ticaret.edu.tr\/lojistik-yonetimi\/wp-json\/wp\/v2\/comments?post=1159"}],"version-history":[{"count":4,"href":"http:\/\/ticaret.edu.tr\/lojistik-yonetimi\/wp-json\/wp\/v2\/pages\/1159\/revisions"}],"predecessor-version":[{"id":1646,"href":"http:\/\/ticaret.edu.tr\/lojistik-yonetimi\/wp-json\/wp\/v2\/pages\/1159\/revisions\/1646"}],"wp:attachment":[{"href":"http:\/\/ticaret.edu.tr\/lojistik-yonetimi\/wp-json\/wp\/v2\/media?parent=1159"}],"curies":[{"name":"wp","href":"https:\/\/api.w.org\/{rel}","templated":true}]}}