{"id":1163,"date":"2025-01-26T23:36:45","date_gmt":"2025-01-26T20:36:45","guid":{"rendered":"https:\/\/ticaret.edu.tr\/lojistik-yonetimi\/?page_id=1163"},"modified":"2025-07-09T12:35:07","modified_gmt":"2025-07-09T09:35:07","slug":"kazanilan-derecenin-duzeyi","status":"publish","type":"page","link":"http:\/\/ticaret.edu.tr\/lojistik-yonetimi\/kazanilan-derecenin-duzeyi\/","title":{"rendered":"Kazan\u0131lan Derecenin D\u00fczeyi"},"content":{"rendered":"<h2><strong>Derece D\u00fczeyi ve Yeterlilik Seviyesi<\/strong><\/h2>\n<p>Bu program\u0131 ba\u015far\u0131yla tamamlayan \u00f6\u011frenciler a\u015fa\u011f\u0131daki derece d\u00fczeyine sahiptir:<\/p>\n<ul>\n<li>Derece D\u00fczeyi: Lisans<\/li>\n<li>T\u00fcrkiye Y\u00fcksek\u00f6\u011fretim Yeterlilikler \u00c7er\u00e7evesi (TYY\u00c7) Seviyesi: 6. D\u00fczey<\/li>\n<\/ul>\n<p>Lisans d\u00fczeyi, orta\u00f6\u011fretim sonras\u0131 akademik e\u011fitimin ilk a\u015famas\u0131n\u0131 temsil eder ve mezunlara akademik ve profesyonel kariyerlerinde ilerleme f\u0131rsat\u0131 sunar.<\/p>\n<p>&nbsp;<\/p>\n<h2><strong>Derecenin Ulusal ve Uluslararas\u0131 Konumu<\/strong><\/h2>\n<p>T\u00fcrkiye Y\u00fcksek\u00f6\u011fretim Yeterlilikler \u00c7er\u00e7evesi (TYY\u00c7) kapsam\u0131nda 6. d\u00fczey lisans yeterlili\u011fine sahiptir.<\/p>\n<p>Avrupa ve di\u011fer uluslararas\u0131 akademik \u00e7evrelerde tan\u0131nmaktad\u0131r, b\u00f6ylece mezunlar yurtd\u0131\u015f\u0131ndaki akademik programlara ba\u015fvurabilirler.<\/p>\n<p>Mezunlar, ulusal ve uluslararas\u0131 i\u015f piyasalar\u0131nda ge\u00e7erli bir diploma ile kariyerlerine devam edebilirler.<\/p>\n","protected":false},"excerpt":{"rendered":"<p>Derece D\u00fczeyi ve Yeterlilik Seviyesi Bu program\u0131 ba\u015far\u0131yla tamamlayan \u00f6\u011frenciler a\u015fa\u011f\u0131daki derece d\u00fczeyine sahiptir: Derece D\u00fczeyi: Lisans T\u00fcrkiye Y\u00fcksek\u00f6\u011fretim Yeterlilikler \u00c7er\u00e7evesi (TYY\u00c7) Seviyesi: 6. D\u00fczey Lisans d\u00fczeyi, orta\u00f6\u011fretim sonras\u0131 akademik e\u011fitimin ilk a\u015famas\u0131n\u0131 temsil eder ve mezunlara akademik ve profesyonel kariyerlerinde ilerleme f\u0131rsat\u0131 sunar. &nbsp; Derecenin Ulusal ve Uluslararas\u0131 Konumu T\u00fcrkiye Y\u00fcksek\u00f6\u011fretim Yeterlilikler \u00c7er\u00e7evesi (TYY\u00c7) [&hellip;]<\/p>\n","protected":false},"author":63,"featured_media":0,"parent":0,"menu_order":0,"comment_status":"closed","ping_status":"closed","template":"genel_sayfa.php","meta":{"footnotes":""},"yoast_head":"<!-- This site is optimized with the Yoast SEO Premium plugin v22.1 (Yoast SEO v22.1) - https:\/\/yoast.com\/wordpress\/plugins\/seo\/ -->\n<title>Kazan\u0131lan Derecenin D\u00fczeyi - Lojistik Y\u00f6netimi<\/title>\n<meta name=\"description\" content=\"\u0130stanbul Ticaret \u00dcniversitesi - \u0130\u015fletme Fak\u00fcltesi - Lojistik Y\u00f6netimi Lisans Program\u0131 - B\u00f6l\u00fcm - Kazan\u0131lan Derece D\u00fczeyi\" \/>\n<meta name=\"robots\" content=\"index, follow, max-snippet:-1, max-image-preview:large, max-video-preview:-1\" \/>\n<link rel=\"canonical\" href=\"https:\/\/ticaret.edu.tr\/lojistik-yonetimi\/kazanilan-derecenin-duzeyi\/\" \/>\n<meta property=\"og:locale\" content=\"tr_TR\" \/>\n<meta property=\"og:type\" content=\"article\" \/>\n<meta property=\"og:title\" content=\"Kazan\u0131lan Derecenin D\u00fczeyi\" \/>\n<meta property=\"og:description\" content=\"\u0130stanbul Ticaret \u00dcniversitesi - \u0130\u015fletme Fak\u00fcltesi - Lojistik Y\u00f6netimi Lisans Program\u0131 - B\u00f6l\u00fcm - Kazan\u0131lan Derece D\u00fczeyi\" \/>\n<meta property=\"og:url\" content=\"https:\/\/ticaret.edu.tr\/lojistik-yonetimi\/kazanilan-derecenin-duzeyi\/\" \/>\n<meta property=\"og:site_name\" content=\"Lojistik Y\u00f6netimi\" \/>\n<meta property=\"article:publisher\" content=\"https:\/\/www.facebook.com\/ticaretedutr\" \/>\n<meta property=\"article:modified_time\" content=\"2025-07-09T09:35:07+00:00\" \/>\n<meta property=\"og:image\" content=\"http:\/\/ticaret.edu.tr\/lojistik-yonetimi\/wp-content\/uploads\/sites\/11\/2021\/11\/web_logo-01.jpg\" \/>\n\t<meta property=\"og:image:width\" content=\"1250\" \/>\n\t<meta property=\"og:image:height\" content=\"833\" \/>\n\t<meta property=\"og:image:type\" content=\"image\/jpeg\" \/>\n<meta name=\"twitter:card\" content=\"summary_large_image\" \/>\n<meta name=\"twitter:site\" content=\"@ticaretedutr\" \/>\n<meta name=\"twitter:label1\" content=\"Tahmini okuma s\u00fcresi\" \/>\n\t<meta name=\"twitter:data1\" content=\"1 dakika\" \/>\n<script type=\"application\/ld+json\" class=\"yoast-schema-graph\">{\"@context\":\"https:\/\/schema.org\",\"@graph\":[{\"@type\":\"WebPage\",\"@id\":\"https:\/\/ticaret.edu.tr\/lojistik-yonetimi\/kazanilan-derecenin-duzeyi\/\",\"url\":\"https:\/\/ticaret.edu.tr\/lojistik-yonetimi\/kazanilan-derecenin-duzeyi\/\",\"name\":\"Kazan\u0131lan Derecenin D\u00fczeyi - Lojistik Y\u00f6netimi\",\"isPartOf\":{\"@id\":\"http:\/\/ticaret.edu.tr\/lojistik-yonetimi\/#website\"},\"datePublished\":\"2025-01-26T20:36:45+00:00\",\"dateModified\":\"2025-07-09T09:35:07+00:00\",\"description\":\"\u0130stanbul Ticaret \u00dcniversitesi - \u0130\u015fletme Fak\u00fcltesi - Lojistik Y\u00f6netimi Lisans Program\u0131 - B\u00f6l\u00fcm - Kazan\u0131lan Derece D\u00fczeyi\",\"breadcrumb\":{\"@id\":\"https:\/\/ticaret.edu.tr\/lojistik-yonetimi\/kazanilan-derecenin-duzeyi\/#breadcrumb\"},\"inLanguage\":\"tr\",\"potentialAction\":[{\"@type\":\"ReadAction\",\"target\":[\"https:\/\/ticaret.edu.tr\/lojistik-yonetimi\/kazanilan-derecenin-duzeyi\/\"]}]},{\"@type\":\"BreadcrumbList\",\"@id\":\"https:\/\/ticaret.edu.tr\/lojistik-yonetimi\/kazanilan-derecenin-duzeyi\/#breadcrumb\",\"itemListElement\":[{\"@type\":\"ListItem\",\"position\":1,\"name\":\"Ana sayfa\",\"item\":\"http:\/\/ticaret.edu.tr\/lojistik-yonetimi\/\"},{\"@type\":\"ListItem\",\"position\":2,\"name\":\"Kazan\u0131lan Derecenin D\u00fczeyi\"}]},{\"@type\":\"WebSite\",\"@id\":\"http:\/\/ticaret.edu.tr\/lojistik-yonetimi\/#website\",\"url\":\"http:\/\/ticaret.edu.tr\/lojistik-yonetimi\/\",\"name\":\"Lojistik Y\u00f6netimi\",\"description\":\"\",\"potentialAction\":[{\"@type\":\"SearchAction\",\"target\":{\"@type\":\"EntryPoint\",\"urlTemplate\":\"http:\/\/ticaret.edu.tr\/lojistik-yonetimi\/?s={search_term_string}\"},\"query-input\":\"required name=search_term_string\"}],\"inLanguage\":\"tr\"}]}<\/script>\n<!-- \/ Yoast SEO Premium plugin. -->","yoast_head_json":{"title":"Kazan\u0131lan Derecenin D\u00fczeyi - Lojistik Y\u00f6netimi","description":"\u0130stanbul Ticaret \u00dcniversitesi - \u0130\u015fletme Fak\u00fcltesi - Lojistik Y\u00f6netimi Lisans Program\u0131 - B\u00f6l\u00fcm - Kazan\u0131lan Derece D\u00fczeyi","robots":{"index":"index","follow":"follow","max-snippet":"max-snippet:-1","max-image-preview":"max-image-preview:large","max-video-preview":"max-video-preview:-1"},"canonical":"https:\/\/ticaret.edu.tr\/lojistik-yonetimi\/kazanilan-derecenin-duzeyi\/","og_locale":"tr_TR","og_type":"article","og_title":"Kazan\u0131lan Derecenin D\u00fczeyi","og_description":"\u0130stanbul Ticaret \u00dcniversitesi - \u0130\u015fletme Fak\u00fcltesi - Lojistik Y\u00f6netimi Lisans Program\u0131 - B\u00f6l\u00fcm - Kazan\u0131lan Derece D\u00fczeyi","og_url":"https:\/\/ticaret.edu.tr\/lojistik-yonetimi\/kazanilan-derecenin-duzeyi\/","og_site_name":"Lojistik Y\u00f6netimi","article_publisher":"https:\/\/www.facebook.com\/ticaretedutr","article_modified_time":"2025-07-09T09:35:07+00:00","og_image":[{"width":1250,"height":833,"url":"http:\/\/ticaret.edu.tr\/lojistik-yonetimi\/wp-content\/uploads\/sites\/11\/2021\/11\/web_logo-01.jpg","type":"image\/jpeg"}],"twitter_card":"summary_large_image","twitter_site":"@ticaretedutr","twitter_misc":{"Tahmini okuma s\u00fcresi":"1 dakika"},"schema":{"@context":"https:\/\/schema.org","@graph":[{"@type":"WebPage","@id":"https:\/\/ticaret.edu.tr\/lojistik-yonetimi\/kazanilan-derecenin-duzeyi\/","url":"https:\/\/ticaret.edu.tr\/lojistik-yonetimi\/kazanilan-derecenin-duzeyi\/","name":"Kazan\u0131lan Derecenin D\u00fczeyi - Lojistik Y\u00f6netimi","isPartOf":{"@id":"http:\/\/ticaret.edu.tr\/lojistik-yonetimi\/#website"},"datePublished":"2025-01-26T20:36:45+00:00","dateModified":"2025-07-09T09:35:07+00:00","description":"\u0130stanbul Ticaret \u00dcniversitesi - \u0130\u015fletme Fak\u00fcltesi - Lojistik Y\u00f6netimi Lisans Program\u0131 - B\u00f6l\u00fcm - Kazan\u0131lan Derece D\u00fczeyi","breadcrumb":{"@id":"https:\/\/ticaret.edu.tr\/lojistik-yonetimi\/kazanilan-derecenin-duzeyi\/#breadcrumb"},"inLanguage":"tr","potentialAction":[{"@type":"ReadAction","target":["https:\/\/ticaret.edu.tr\/lojistik-yonetimi\/kazanilan-derecenin-duzeyi\/"]}]},{"@type":"BreadcrumbList","@id":"https:\/\/ticaret.edu.tr\/lojistik-yonetimi\/kazanilan-derecenin-duzeyi\/#breadcrumb","itemListElement":[{"@type":"ListItem","position":1,"name":"Ana sayfa","item":"http:\/\/ticaret.edu.tr\/lojistik-yonetimi\/"},{"@type":"ListItem","position":2,"name":"Kazan\u0131lan Derecenin D\u00fczeyi"}]},{"@type":"WebSite","@id":"http:\/\/ticaret.edu.tr\/lojistik-yonetimi\/#website","url":"http:\/\/ticaret.edu.tr\/lojistik-yonetimi\/","name":"Lojistik Y\u00f6netimi","description":"","potentialAction":[{"@type":"SearchAction","target":{"@type":"EntryPoint","urlTemplate":"http:\/\/ticaret.edu.tr\/lojistik-yonetimi\/?s={search_term_string}"},"query-input":"required name=search_term_string"}],"inLanguage":"tr"}]}},"lang":"tr","translations":{"tr":1163,"en":1275},"pll_sync_post":[],"_links":{"self":[{"href":"http:\/\/ticaret.edu.tr\/lojistik-yonetimi\/wp-json\/wp\/v2\/pages\/1163"}],"collection":[{"href":"http:\/\/ticaret.edu.tr\/lojistik-yonetimi\/wp-json\/wp\/v2\/pages"}],"about":[{"href":"http:\/\/ticaret.edu.tr\/lojistik-yonetimi\/wp-json\/wp\/v2\/types\/page"}],"author":[{"embeddable":true,"href":"http:\/\/ticaret.edu.tr\/lojistik-yonetimi\/wp-json\/wp\/v2\/users\/63"}],"replies":[{"embeddable":true,"href":"http:\/\/ticaret.edu.tr\/lojistik-yonetimi\/wp-json\/wp\/v2\/comments?post=1163"}],"version-history":[{"count":4,"href":"http:\/\/ticaret.edu.tr\/lojistik-yonetimi\/wp-json\/wp\/v2\/pages\/1163\/revisions"}],"predecessor-version":[{"id":1652,"href":"http:\/\/ticaret.edu.tr\/lojistik-yonetimi\/wp-json\/wp\/v2\/pages\/1163\/revisions\/1652"}],"wp:attachment":[{"href":"http:\/\/ticaret.edu.tr\/lojistik-yonetimi\/wp-json\/wp\/v2\/media?parent=1163"}],"curies":[{"name":"wp","href":"https:\/\/api.w.org\/{rel}","templated":true}]}}