{"id":1183,"date":"2025-01-26T23:36:37","date_gmt":"2025-01-26T20:36:37","guid":{"rendered":"https:\/\/ticaret.edu.tr\/lojistik-yonetimi\/?page_id=1183"},"modified":"2025-07-09T14:41:04","modified_gmt":"2025-07-09T11:41:04","slug":"staj","status":"publish","type":"page","link":"http:\/\/ticaret.edu.tr\/lojistik-yonetimi\/staj\/","title":{"rendered":"Staj"},"content":{"rendered":"<h2>Lojistik Y\u00f6netimi B\u00f6l\u00fcm\u00fc Stajlar\u0131<\/h2>\n<p>&nbsp;<\/p>\n<ol>\n<li>\u0130kinci S\u0131n\u0131f Bahar D\u00f6nemi: 20 i\u015f g\u00fcn\u00fc zorunlu staj<\/li>\n<li>\u00dc\u00e7\u00fcnc\u00fc S\u0131n\u0131f Bahar D\u00f6nemi: 20 i\u015f g\u00fcn\u00fc zorunlu staj<\/li>\n<li>D\u00f6d\u00fcnc\u00fc S\u0131n\u0131f Bahar D\u00f6nemi: 16 hafta i\u015f yeri e\u011fitimi (Tercihe Ba\u011fl\u0131)<\/li>\n<\/ol>\n","protected":false},"excerpt":{"rendered":"<p>Lojistik Y\u00f6netimi B\u00f6l\u00fcm\u00fc Stajlar\u0131 &nbsp; \u0130kinci S\u0131n\u0131f Bahar D\u00f6nemi: 20 i\u015f g\u00fcn\u00fc zorunlu staj \u00dc\u00e7\u00fcnc\u00fc S\u0131n\u0131f Bahar D\u00f6nemi: 20 i\u015f g\u00fcn\u00fc zorunlu staj D\u00f6d\u00fcnc\u00fc S\u0131n\u0131f Bahar D\u00f6nemi: 16 hafta i\u015f yeri e\u011fitimi (Tercihe Ba\u011fl\u0131)<\/p>\n","protected":false},"author":63,"featured_media":0,"parent":0,"menu_order":0,"comment_status":"closed","ping_status":"closed","template":"genel_sayfa.php","meta":{"footnotes":""},"yoast_head":"<!-- This site is optimized with the Yoast SEO Premium plugin v22.1 (Yoast SEO v22.1) - https:\/\/yoast.com\/wordpress\/plugins\/seo\/ -->\n<title>Staj - Lojistik Y\u00f6netimi<\/title>\n<meta name=\"description\" content=\"\u0130stanbul Ticaret \u00dcniversitesi - \u0130\u015fletme Fak\u00fcltesi - Lojistik Y\u00f6netimi Lisans Program\u0131 - B\u00f6l\u00fcm - Stajlar ve i\u015f yeri e\u011fitimi\" \/>\n<meta name=\"robots\" content=\"index, follow, max-snippet:-1, max-image-preview:large, max-video-preview:-1\" \/>\n<link rel=\"canonical\" href=\"https:\/\/ticaret.edu.tr\/lojistik-yonetimi\/staj\/\" \/>\n<meta property=\"og:locale\" content=\"tr_TR\" \/>\n<meta property=\"og:type\" content=\"article\" \/>\n<meta property=\"og:title\" content=\"Staj\" \/>\n<meta property=\"og:description\" content=\"\u0130stanbul Ticaret \u00dcniversitesi - \u0130\u015fletme Fak\u00fcltesi - Lojistik Y\u00f6netimi Lisans Program\u0131 - B\u00f6l\u00fcm - Stajlar ve i\u015f yeri e\u011fitimi\" \/>\n<meta property=\"og:url\" content=\"https:\/\/ticaret.edu.tr\/lojistik-yonetimi\/staj\/\" \/>\n<meta property=\"og:site_name\" content=\"Lojistik Y\u00f6netimi\" \/>\n<meta property=\"article:publisher\" content=\"https:\/\/www.facebook.com\/ticaretedutr\" \/>\n<meta property=\"article:modified_time\" content=\"2025-07-09T11:41:04+00:00\" \/>\n<meta property=\"og:image\" content=\"http:\/\/ticaret.edu.tr\/lojistik-yonetimi\/wp-content\/uploads\/sites\/11\/2021\/11\/web_logo-01.jpg\" \/>\n\t<meta property=\"og:image:width\" content=\"1250\" \/>\n\t<meta property=\"og:image:height\" content=\"833\" \/>\n\t<meta property=\"og:image:type\" content=\"image\/jpeg\" \/>\n<meta name=\"twitter:card\" content=\"summary_large_image\" \/>\n<meta name=\"twitter:site\" content=\"@ticaretedutr\" \/>\n<meta name=\"twitter:label1\" content=\"Tahmini okuma s\u00fcresi\" \/>\n\t<meta name=\"twitter:data1\" content=\"1 dakika\" \/>\n<script type=\"application\/ld+json\" class=\"yoast-schema-graph\">{\"@context\":\"https:\/\/schema.org\",\"@graph\":[{\"@type\":\"WebPage\",\"@id\":\"https:\/\/ticaret.edu.tr\/lojistik-yonetimi\/staj\/\",\"url\":\"https:\/\/ticaret.edu.tr\/lojistik-yonetimi\/staj\/\",\"name\":\"Staj - Lojistik Y\u00f6netimi\",\"isPartOf\":{\"@id\":\"https:\/\/ticaret.edu.tr\/lojistik-yonetimi\/#website\"},\"datePublished\":\"2025-01-26T20:36:37+00:00\",\"dateModified\":\"2025-07-09T11:41:04+00:00\",\"description\":\"\u0130stanbul Ticaret \u00dcniversitesi - \u0130\u015fletme Fak\u00fcltesi - Lojistik Y\u00f6netimi Lisans Program\u0131 - B\u00f6l\u00fcm - Stajlar ve i\u015f yeri e\u011fitimi\",\"breadcrumb\":{\"@id\":\"https:\/\/ticaret.edu.tr\/lojistik-yonetimi\/staj\/#breadcrumb\"},\"inLanguage\":\"tr\",\"potentialAction\":[{\"@type\":\"ReadAction\",\"target\":[\"https:\/\/ticaret.edu.tr\/lojistik-yonetimi\/staj\/\"]}]},{\"@type\":\"BreadcrumbList\",\"@id\":\"https:\/\/ticaret.edu.tr\/lojistik-yonetimi\/staj\/#breadcrumb\",\"itemListElement\":[{\"@type\":\"ListItem\",\"position\":1,\"name\":\"Ana sayfa\",\"item\":\"https:\/\/ticaret.edu.tr\/lojistik-yonetimi\/\"},{\"@type\":\"ListItem\",\"position\":2,\"name\":\"Staj\"}]},{\"@type\":\"WebSite\",\"@id\":\"https:\/\/ticaret.edu.tr\/lojistik-yonetimi\/#website\",\"url\":\"https:\/\/ticaret.edu.tr\/lojistik-yonetimi\/\",\"name\":\"Lojistik Y\u00f6netimi\",\"description\":\"\",\"potentialAction\":[{\"@type\":\"SearchAction\",\"target\":{\"@type\":\"EntryPoint\",\"urlTemplate\":\"https:\/\/ticaret.edu.tr\/lojistik-yonetimi\/?s={search_term_string}\"},\"query-input\":\"required name=search_term_string\"}],\"inLanguage\":\"tr\"}]}<\/script>\n<!-- \/ Yoast SEO Premium plugin. -->","yoast_head_json":{"title":"Staj - Lojistik Y\u00f6netimi","description":"\u0130stanbul Ticaret \u00dcniversitesi - \u0130\u015fletme Fak\u00fcltesi - Lojistik Y\u00f6netimi Lisans Program\u0131 - B\u00f6l\u00fcm - Stajlar ve i\u015f yeri e\u011fitimi","robots":{"index":"index","follow":"follow","max-snippet":"max-snippet:-1","max-image-preview":"max-image-preview:large","max-video-preview":"max-video-preview:-1"},"canonical":"https:\/\/ticaret.edu.tr\/lojistik-yonetimi\/staj\/","og_locale":"tr_TR","og_type":"article","og_title":"Staj","og_description":"\u0130stanbul Ticaret \u00dcniversitesi - \u0130\u015fletme Fak\u00fcltesi - Lojistik Y\u00f6netimi Lisans Program\u0131 - B\u00f6l\u00fcm - Stajlar ve i\u015f yeri e\u011fitimi","og_url":"https:\/\/ticaret.edu.tr\/lojistik-yonetimi\/staj\/","og_site_name":"Lojistik Y\u00f6netimi","article_publisher":"https:\/\/www.facebook.com\/ticaretedutr","article_modified_time":"2025-07-09T11:41:04+00:00","og_image":[{"width":1250,"height":833,"url":"http:\/\/ticaret.edu.tr\/lojistik-yonetimi\/wp-content\/uploads\/sites\/11\/2021\/11\/web_logo-01.jpg","type":"image\/jpeg"}],"twitter_card":"summary_large_image","twitter_site":"@ticaretedutr","twitter_misc":{"Tahmini okuma s\u00fcresi":"1 dakika"},"schema":{"@context":"https:\/\/schema.org","@graph":[{"@type":"WebPage","@id":"https:\/\/ticaret.edu.tr\/lojistik-yonetimi\/staj\/","url":"https:\/\/ticaret.edu.tr\/lojistik-yonetimi\/staj\/","name":"Staj - Lojistik Y\u00f6netimi","isPartOf":{"@id":"https:\/\/ticaret.edu.tr\/lojistik-yonetimi\/#website"},"datePublished":"2025-01-26T20:36:37+00:00","dateModified":"2025-07-09T11:41:04+00:00","description":"\u0130stanbul Ticaret \u00dcniversitesi - \u0130\u015fletme Fak\u00fcltesi - Lojistik Y\u00f6netimi Lisans Program\u0131 - B\u00f6l\u00fcm - Stajlar ve i\u015f yeri e\u011fitimi","breadcrumb":{"@id":"https:\/\/ticaret.edu.tr\/lojistik-yonetimi\/staj\/#breadcrumb"},"inLanguage":"tr","potentialAction":[{"@type":"ReadAction","target":["https:\/\/ticaret.edu.tr\/lojistik-yonetimi\/staj\/"]}]},{"@type":"BreadcrumbList","@id":"https:\/\/ticaret.edu.tr\/lojistik-yonetimi\/staj\/#breadcrumb","itemListElement":[{"@type":"ListItem","position":1,"name":"Ana sayfa","item":"https:\/\/ticaret.edu.tr\/lojistik-yonetimi\/"},{"@type":"ListItem","position":2,"name":"Staj"}]},{"@type":"WebSite","@id":"https:\/\/ticaret.edu.tr\/lojistik-yonetimi\/#website","url":"https:\/\/ticaret.edu.tr\/lojistik-yonetimi\/","name":"Lojistik Y\u00f6netimi","description":"","potentialAction":[{"@type":"SearchAction","target":{"@type":"EntryPoint","urlTemplate":"https:\/\/ticaret.edu.tr\/lojistik-yonetimi\/?s={search_term_string}"},"query-input":"required name=search_term_string"}],"inLanguage":"tr"}]}},"lang":"tr","translations":{"tr":1183,"en":1296},"pll_sync_post":[],"_links":{"self":[{"href":"http:\/\/ticaret.edu.tr\/lojistik-yonetimi\/wp-json\/wp\/v2\/pages\/1183"}],"collection":[{"href":"http:\/\/ticaret.edu.tr\/lojistik-yonetimi\/wp-json\/wp\/v2\/pages"}],"about":[{"href":"http:\/\/ticaret.edu.tr\/lojistik-yonetimi\/wp-json\/wp\/v2\/types\/page"}],"author":[{"embeddable":true,"href":"http:\/\/ticaret.edu.tr\/lojistik-yonetimi\/wp-json\/wp\/v2\/users\/63"}],"replies":[{"embeddable":true,"href":"http:\/\/ticaret.edu.tr\/lojistik-yonetimi\/wp-json\/wp\/v2\/comments?post=1183"}],"version-history":[{"count":4,"href":"http:\/\/ticaret.edu.tr\/lojistik-yonetimi\/wp-json\/wp\/v2\/pages\/1183\/revisions"}],"predecessor-version":[{"id":1674,"href":"http:\/\/ticaret.edu.tr\/lojistik-yonetimi\/wp-json\/wp\/v2\/pages\/1183\/revisions\/1674"}],"wp:attachment":[{"href":"http:\/\/ticaret.edu.tr\/lojistik-yonetimi\/wp-json\/wp\/v2\/media?parent=1183"}],"curies":[{"name":"wp","href":"https:\/\/api.w.org\/{rel}","templated":true}]}}