{"id":1255,"date":"2025-01-26T23:33:48","date_gmt":"2025-01-26T20:33:48","guid":{"rendered":"https:\/\/ticaret.edu.tr\/lojistik-yonetimi\/?page_id=1255"},"modified":"2026-01-25T18:32:22","modified_gmt":"2026-01-25T15:32:22","slug":"department-boards-and-commissions","status":"publish","type":"page","link":"http:\/\/ticaret.edu.tr\/lojistik-yonetimi\/en\/department-boards-and-commissions\/","title":{"rendered":"Department Boards and Committees"},"content":{"rendered":"<h3 data-path-to-node=\"7\"><b data-path-to-node=\"7\" data-index-in-node=\"0\">Quality Commission<\/b><\/h3>\n<p data-path-to-node=\"8\">At <b data-path-to-node=\"8\" data-index-in-node=\"3\">Istanbul Commerce University<\/b>, our mission is to ensure continuous improvement and academic excellence. The <b data-path-to-node=\"8\" data-index-in-node=\"110\">Department of Logistics Management<\/b> works in integrated cycles of quality assessment to align our educational standards with the evolving needs of the global supply chain sector.<\/p>\n<table style=\"height: 150px\" width=\"885\" data-path-to-node=\"8\">\n<thead>\n<tr>\n<td><strong>Name &amp; Surname<\/strong><\/td>\n<td><strong>Title &amp; Academic Rank<\/strong><\/td>\n<td><strong>Role in Commission<\/strong><\/td>\n<\/tr>\n<\/thead>\n<tbody>\n<tr>\n<td><span data-path-to-node=\"8,1,0,0\"><b data-path-to-node=\"8,1,0,0\" data-index-in-node=\"0\">Prof. Dr. Yahya F\u0130DAN<\/b><\/span><\/td>\n<td><span data-path-to-node=\"8,1,1,0\">Head of Department<\/span><\/td>\n<td><span data-path-to-node=\"8,1,2,0\"><b data-path-to-node=\"8,1,2,0\" data-index-in-node=\"0\">Chair of the Quality Commission<\/b><\/span><\/td>\n<\/tr>\n<tr>\n<td><span data-path-to-node=\"8,2,0,0\"><b data-path-to-node=\"8,2,0,0\" data-index-in-node=\"0\">Assoc. Prof. Dr. Duygu CELAY\u0130R<\/b><\/span><\/td>\n<td><span data-path-to-node=\"8,2,1,0\">Faculty Member<\/span><\/td>\n<td><span data-path-to-node=\"8,2,2,0\"><b data-path-to-node=\"8,2,2,0\" data-index-in-node=\"0\">Commission Member<\/b><\/span><\/td>\n<\/tr>\n<tr>\n<td><span data-path-to-node=\"8,3,0,0\"><b data-path-to-node=\"8,3,0,0\" data-index-in-node=\"0\">Res. Asst. Bayram \u015e\u0130R\u0130N<\/b><\/span><\/td>\n<td><span data-path-to-node=\"8,3,1,0\">Quality Ambassador<\/span><\/td>\n<td><span data-path-to-node=\"8,3,2,0\"><b data-path-to-node=\"8,3,2,0\" data-index-in-node=\"0\">Commission Secretary &amp; Ambassador<\/b><\/span><\/td>\n<\/tr>\n<tr>\n<td><span data-path-to-node=\"8,4,0,0\"><b data-path-to-node=\"8,4,0,0\" data-index-in-node=\"0\">Tuba ZAMAN<\/b><\/span><\/td>\n<td><span data-path-to-node=\"8,4,1,0\">Student Representative<\/span><\/td>\n<td><span data-path-to-node=\"8,4,2,0\"><b data-path-to-node=\"8,4,2,0\" data-index-in-node=\"0\">Student Stakeholder Representative<\/b><\/span><\/td>\n<\/tr>\n<\/tbody>\n<\/table>\n<p>&nbsp;<\/p>\n<hr data-path-to-node=\"9\" \/>\n<h3 data-path-to-node=\"10\"><\/h3>\n<h3 data-path-to-node=\"10\"><b data-path-to-node=\"10\" data-index-in-node=\"0\">Advisory Board Members<\/b><\/h3>\n<p data-path-to-node=\"11\">Our Advisory Board serves as a strategic bridge, ensuring our students are equipped with the exact competencies demanded by the modern business world.<\/p>\n<table data-path-to-node=\"12\">\n<thead>\n<tr>\n<td><strong>Name &amp; Surname<\/strong><\/td>\n<td><strong>Institution \/ Organization<\/strong><\/td>\n<td><strong>Title \/ Role<\/strong><\/td>\n<\/tr>\n<\/thead>\n<tbody>\n<tr>\n<td><span data-path-to-node=\"12,1,0,0\"><b data-path-to-node=\"12,1,0,0\" data-index-in-node=\"0\">Prof. Dr. Yahya F\u0130DAN<\/b><\/span><\/td>\n<td><span data-path-to-node=\"12,1,1,0\">\u0130stanbul Ticaret University<\/span><\/td>\n<td><span data-path-to-node=\"12,1,2,0\">Head of Department<\/span><\/td>\n<\/tr>\n<tr>\n<td><span data-path-to-node=\"12,2,0,0\"><b data-path-to-node=\"12,2,0,0\" data-index-in-node=\"0\">Assoc. Prof. Dr. Duygu CELAY\u0130R<\/b><\/span><\/td>\n<td><span data-path-to-node=\"12,2,1,0\">\u0130stanbul Ticaret University<\/span><\/td>\n<td><span data-path-to-node=\"12,2,2,0\">Faculty Member<\/span><\/td>\n<\/tr>\n<tr>\n<td><span data-path-to-node=\"12,3,0,0\"><b data-path-to-node=\"12,3,0,0\" data-index-in-node=\"0\">Res. Asst. Bayram \u015e\u0130R\u0130N<\/b><\/span><\/td>\n<td><span data-path-to-node=\"12,3,1,0\">\u0130stanbul Ticaret University<\/span><\/td>\n<td><span data-path-to-node=\"12,3,2,0\">Quality Ambassador<\/span><\/td>\n<\/tr>\n<tr>\n<td><span data-path-to-node=\"12,4,0,0\"><b data-path-to-node=\"12,4,0,0\" data-index-in-node=\"0\">Tuba ZAMAN<\/b><\/span><\/td>\n<td><span data-path-to-node=\"12,4,1,0\">\u0130stanbul Ticaret University<\/span><\/td>\n<td><span data-path-to-node=\"12,4,2,0\">Student Representative<\/span><\/td>\n<\/tr>\n<tr>\n<td><span data-path-to-node=\"12,5,0,0\"><b data-path-to-node=\"12,5,0,0\" data-index-in-node=\"0\">Asst. Prof. Dr. Nazl\u0131can D\u0130NDAR\u0130K<\/b><\/span><\/td>\n<td><span data-path-to-node=\"12,5,1,0\">Kastamonu University<\/span><\/td>\n<td><span data-path-to-node=\"12,5,2,0\">Faculty Member (Int. Trade &amp; Logistics)<\/span><\/td>\n<\/tr>\n<tr>\n<td><span data-path-to-node=\"12,6,0,0\"><b data-path-to-node=\"12,6,0,0\" data-index-in-node=\"0\">Zeki AKBAL<\/b><\/span><\/td>\n<td><span data-path-to-node=\"12,6,1,0\">Istanbul Chamber of Commerce (ITO)<\/span><\/td>\n<td><span data-path-to-node=\"12,6,2,0\">Prof. Committee Member &amp; TOBB Delegate<\/span><\/td>\n<\/tr>\n<tr>\n<td><span data-path-to-node=\"12,7,0,0\"><b data-path-to-node=\"12,7,0,0\" data-index-in-node=\"0\">Ercan KARAKURT<\/b><\/span><\/td>\n<td><span data-path-to-node=\"12,7,1,0\">Istanbul Chamber of Commerce (ITO)<\/span><\/td>\n<td><span data-path-to-node=\"12,7,2,0\">Logistics Professional Committee Member<\/span><\/td>\n<\/tr>\n<tr>\n<td><span data-path-to-node=\"12,8,0,0\"><b data-path-to-node=\"12,8,0,0\" data-index-in-node=\"0\">Mehmet Furkan \u00c7EL\u0130K<\/b><\/span><\/td>\n<td><span data-path-to-node=\"12,8,1,0\">A Jet TSS Luggage Support Services<\/span><\/td>\n<td><span data-path-to-node=\"12,8,2,0\">Alumnus &amp; Specialist<\/span><\/td>\n<\/tr>\n<\/tbody>\n<\/table>\n","protected":false},"excerpt":{"rendered":"<p>Quality Commission At Istanbul Commerce University, our mission is to ensure continuous improvement and academic excellence. The Department of Logistics Management works in integrated cycles of quality assessment to align our educational standards with the evolving needs of the global supply chain sector. Name &amp; Surname Title &amp; Academic Rank Role in Commission Prof. Dr. [&hellip;]<\/p>\n","protected":false},"author":63,"featured_media":0,"parent":0,"menu_order":0,"comment_status":"closed","ping_status":"closed","template":"genel_sayfa.php","meta":{"footnotes":""},"yoast_head":"<!-- This site is optimized with the Yoast SEO Premium plugin v22.1 (Yoast SEO v22.1) - https:\/\/yoast.com\/wordpress\/plugins\/seo\/ -->\n<title>Department Boards and Committees - Lojistik Y\u00f6netimi<\/title>\n<meta name=\"description\" content=\"\u0130stanbul Ticaret University - Faculty of Business - Departmnet of Logistics Management - Departmental Boards and Committees\" \/>\n<meta name=\"robots\" content=\"index, follow, max-snippet:-1, max-image-preview:large, max-video-preview:-1\" \/>\n<link rel=\"canonical\" href=\"http:\/\/ticaret.edu.tr\/lojistik-yonetimi\/en\/department-boards-and-commissions\/\" \/>\n<meta property=\"og:locale\" content=\"tr_TR\" \/>\n<meta property=\"og:type\" content=\"article\" \/>\n<meta property=\"og:title\" content=\"Department Boards and Committees\" \/>\n<meta property=\"og:description\" content=\"\u0130stanbul Ticaret University - Faculty of Business - Departmnet of Logistics Management - Departmental Boards and Committees\" \/>\n<meta property=\"og:url\" content=\"http:\/\/ticaret.edu.tr\/lojistik-yonetimi\/en\/department-boards-and-commissions\/\" \/>\n<meta property=\"og:site_name\" content=\"Lojistik Y\u00f6netimi\" \/>\n<meta property=\"article:publisher\" content=\"https:\/\/www.facebook.com\/ticaretedutr\" \/>\n<meta property=\"article:modified_time\" content=\"2026-01-25T15:32:22+00:00\" \/>\n<meta property=\"og:image\" content=\"http:\/\/ticaret.edu.tr\/lojistik-yonetimi\/wp-content\/uploads\/sites\/11\/2021\/11\/web_logo-01.jpg\" \/>\n\t<meta property=\"og:image:width\" content=\"1250\" \/>\n\t<meta property=\"og:image:height\" content=\"833\" \/>\n\t<meta property=\"og:image:type\" content=\"image\/jpeg\" \/>\n<meta name=\"twitter:card\" content=\"summary_large_image\" \/>\n<meta name=\"twitter:site\" content=\"@ticaretedutr\" \/>\n<meta name=\"twitter:label1\" content=\"Tahmini okuma s\u00fcresi\" \/>\n\t<meta name=\"twitter:data1\" content=\"2 dakika\" \/>\n<script type=\"application\/ld+json\" class=\"yoast-schema-graph\">{\"@context\":\"https:\/\/schema.org\",\"@graph\":[{\"@type\":\"WebPage\",\"@id\":\"http:\/\/ticaret.edu.tr\/lojistik-yonetimi\/en\/department-boards-and-commissions\/\",\"url\":\"http:\/\/ticaret.edu.tr\/lojistik-yonetimi\/en\/department-boards-and-commissions\/\",\"name\":\"Department Boards and Committees - Lojistik Y\u00f6netimi\",\"isPartOf\":{\"@id\":\"http:\/\/ticaret.edu.tr\/lojistik-yonetimi\/#website\"},\"datePublished\":\"2025-01-26T20:33:48+00:00\",\"dateModified\":\"2026-01-25T15:32:22+00:00\",\"description\":\"\u0130stanbul Ticaret University - Faculty of Business - Departmnet of Logistics Management - Departmental Boards and Committees\",\"breadcrumb\":{\"@id\":\"http:\/\/ticaret.edu.tr\/lojistik-yonetimi\/en\/department-boards-and-commissions\/#breadcrumb\"},\"inLanguage\":\"tr\",\"potentialAction\":[{\"@type\":\"ReadAction\",\"target\":[\"http:\/\/ticaret.edu.tr\/lojistik-yonetimi\/en\/department-boards-and-commissions\/\"]}]},{\"@type\":\"BreadcrumbList\",\"@id\":\"http:\/\/ticaret.edu.tr\/lojistik-yonetimi\/en\/department-boards-and-commissions\/#breadcrumb\",\"itemListElement\":[{\"@type\":\"ListItem\",\"position\":1,\"name\":\"Ana sayfa\",\"item\":\"http:\/\/ticaret.edu.tr\/lojistik-yonetimi\/\"},{\"@type\":\"ListItem\",\"position\":2,\"name\":\"Department Boards and Committees\"}]},{\"@type\":\"WebSite\",\"@id\":\"http:\/\/ticaret.edu.tr\/lojistik-yonetimi\/#website\",\"url\":\"http:\/\/ticaret.edu.tr\/lojistik-yonetimi\/\",\"name\":\"Lojistik Y\u00f6netimi\",\"description\":\"\",\"potentialAction\":[{\"@type\":\"SearchAction\",\"target\":{\"@type\":\"EntryPoint\",\"urlTemplate\":\"http:\/\/ticaret.edu.tr\/lojistik-yonetimi\/?s={search_term_string}\"},\"query-input\":\"required name=search_term_string\"}],\"inLanguage\":\"tr\"}]}<\/script>\n<!-- \/ Yoast SEO Premium plugin. -->","yoast_head_json":{"title":"Department Boards and Committees - Lojistik Y\u00f6netimi","description":"\u0130stanbul Ticaret University - Faculty of Business - Departmnet of Logistics Management - Departmental Boards and Committees","robots":{"index":"index","follow":"follow","max-snippet":"max-snippet:-1","max-image-preview":"max-image-preview:large","max-video-preview":"max-video-preview:-1"},"canonical":"http:\/\/ticaret.edu.tr\/lojistik-yonetimi\/en\/department-boards-and-commissions\/","og_locale":"tr_TR","og_type":"article","og_title":"Department Boards and Committees","og_description":"\u0130stanbul Ticaret University - Faculty of Business - Departmnet of Logistics Management - Departmental Boards and Committees","og_url":"http:\/\/ticaret.edu.tr\/lojistik-yonetimi\/en\/department-boards-and-commissions\/","og_site_name":"Lojistik Y\u00f6netimi","article_publisher":"https:\/\/www.facebook.com\/ticaretedutr","article_modified_time":"2026-01-25T15:32:22+00:00","og_image":[{"width":1250,"height":833,"url":"http:\/\/ticaret.edu.tr\/lojistik-yonetimi\/wp-content\/uploads\/sites\/11\/2021\/11\/web_logo-01.jpg","type":"image\/jpeg"}],"twitter_card":"summary_large_image","twitter_site":"@ticaretedutr","twitter_misc":{"Tahmini okuma s\u00fcresi":"2 dakika"},"schema":{"@context":"https:\/\/schema.org","@graph":[{"@type":"WebPage","@id":"http:\/\/ticaret.edu.tr\/lojistik-yonetimi\/en\/department-boards-and-commissions\/","url":"http:\/\/ticaret.edu.tr\/lojistik-yonetimi\/en\/department-boards-and-commissions\/","name":"Department Boards and Committees - Lojistik Y\u00f6netimi","isPartOf":{"@id":"http:\/\/ticaret.edu.tr\/lojistik-yonetimi\/#website"},"datePublished":"2025-01-26T20:33:48+00:00","dateModified":"2026-01-25T15:32:22+00:00","description":"\u0130stanbul Ticaret University - Faculty of Business - Departmnet of Logistics Management - Departmental Boards and Committees","breadcrumb":{"@id":"http:\/\/ticaret.edu.tr\/lojistik-yonetimi\/en\/department-boards-and-commissions\/#breadcrumb"},"inLanguage":"tr","potentialAction":[{"@type":"ReadAction","target":["http:\/\/ticaret.edu.tr\/lojistik-yonetimi\/en\/department-boards-and-commissions\/"]}]},{"@type":"BreadcrumbList","@id":"http:\/\/ticaret.edu.tr\/lojistik-yonetimi\/en\/department-boards-and-commissions\/#breadcrumb","itemListElement":[{"@type":"ListItem","position":1,"name":"Ana sayfa","item":"http:\/\/ticaret.edu.tr\/lojistik-yonetimi\/"},{"@type":"ListItem","position":2,"name":"Department Boards and Committees"}]},{"@type":"WebSite","@id":"http:\/\/ticaret.edu.tr\/lojistik-yonetimi\/#website","url":"http:\/\/ticaret.edu.tr\/lojistik-yonetimi\/","name":"Lojistik Y\u00f6netimi","description":"","potentialAction":[{"@type":"SearchAction","target":{"@type":"EntryPoint","urlTemplate":"http:\/\/ticaret.edu.tr\/lojistik-yonetimi\/?s={search_term_string}"},"query-input":"required name=search_term_string"}],"inLanguage":"tr"}]}},"lang":"en","translations":{"tr":631,"en":1255},"pll_sync_post":[],"_links":{"self":[{"href":"http:\/\/ticaret.edu.tr\/lojistik-yonetimi\/wp-json\/wp\/v2\/pages\/1255"}],"collection":[{"href":"http:\/\/ticaret.edu.tr\/lojistik-yonetimi\/wp-json\/wp\/v2\/pages"}],"about":[{"href":"http:\/\/ticaret.edu.tr\/lojistik-yonetimi\/wp-json\/wp\/v2\/types\/page"}],"author":[{"embeddable":true,"href":"http:\/\/ticaret.edu.tr\/lojistik-yonetimi\/wp-json\/wp\/v2\/users\/63"}],"replies":[{"embeddable":true,"href":"http:\/\/ticaret.edu.tr\/lojistik-yonetimi\/wp-json\/wp\/v2\/comments?post=1255"}],"version-history":[{"count":8,"href":"http:\/\/ticaret.edu.tr\/lojistik-yonetimi\/wp-json\/wp\/v2\/pages\/1255\/revisions"}],"predecessor-version":[{"id":1829,"href":"http:\/\/ticaret.edu.tr\/lojistik-yonetimi\/wp-json\/wp\/v2\/pages\/1255\/revisions\/1829"}],"wp:attachment":[{"href":"http:\/\/ticaret.edu.tr\/lojistik-yonetimi\/wp-json\/wp\/v2\/media?parent=1255"}],"curies":[{"name":"wp","href":"https:\/\/api.w.org\/{rel}","templated":true}]}}