{"id":1324,"date":"2025-01-26T23:31:10","date_gmt":"2025-01-26T20:31:10","guid":{"rendered":"https:\/\/ticaret.edu.tr\/lojistik-yonetimi\/?page_id=1324"},"modified":"2026-01-25T19:25:47","modified_gmt":"2026-01-25T16:25:47","slug":"research-areas","status":"publish","type":"page","link":"http:\/\/ticaret.edu.tr\/lojistik-yonetimi\/en\/research-areas\/","title":{"rendered":"Research Areas"},"content":{"rendered":"<h2 data-path-to-node=\"5\"><b data-path-to-node=\"5\" data-index-in-node=\"0\">Research Interests and Faculty Profiles<\/b><\/h2>\n<p data-path-to-node=\"6\">For detailed information regarding the research areas, academic publications, and specialized expertise of our department&#8217;s faculty, please visit their individual profile pages below:<\/p>\n<h3 data-path-to-node=\"7\"><b data-path-to-node=\"7\" data-index-in-node=\"0\">Academic Staff<\/b><\/h3>\n<ul data-path-to-node=\"8\">\n<li>\n<p data-path-to-node=\"8,0,0\"><a href=\"https:\/\/avesis.ticaret.edu.tr\/yfidan\"><b data-path-to-node=\"8,0,0\" data-index-in-node=\"0\">Prof. Dr. Yahya F\u0130DAN<\/b><\/a><\/p>\n<ul data-path-to-node=\"8,0,1\">\n<li>\n<p data-path-to-node=\"8,0,1,0,0\"><i data-path-to-node=\"8,0,1,0,0\" data-index-in-node=\"0\">Head of Department<\/i><\/p>\n<\/li>\n<\/ul>\n<\/li>\n<li>\n<p data-path-to-node=\"8,1,0\"><a href=\"https:\/\/avesis.ticaret.edu.tr\/dcelayir\"><b data-path-to-node=\"8,1,0\" data-index-in-node=\"0\">Assoc. Prof. Dr. Duygu CELAY\u0130R<\/b><\/a><\/p>\n<ul data-path-to-node=\"8,1,1\">\n<li>\n<p data-path-to-node=\"8,1,1,0,0\"><i data-path-to-node=\"8,1,1,0,0\" data-index-in-node=\"0\">Faculty Member<\/i><\/p>\n<\/li>\n<\/ul>\n<\/li>\n<li>\n<p data-path-to-node=\"8,2,0\"><a href=\"https:\/\/avesis.ticaret.edu.tr\/gyanginlar\"><b data-path-to-node=\"8,2,0\" data-index-in-node=\"0\">Assoc. Prof. Dr. G\u00f6zde YANGINLAR<\/b><\/a><\/p>\n<ul data-path-to-node=\"8,2,1\">\n<li>\n<p data-path-to-node=\"8,2,1,0,0\"><i data-path-to-node=\"8,2,1,0,0\" data-index-in-node=\"0\">Faculty Member<\/i><\/p>\n<\/li>\n<\/ul>\n<\/li>\n<li>\n<p data-path-to-node=\"8,3,0\"><a href=\"https:\/\/avesis.ticaret.edu.tr\/bsirin\"><b data-path-to-node=\"8,3,0\" data-index-in-node=\"0\">Res. Asst. Bayram \u015e\u0130R\u0130N<\/b><\/a><\/p>\n<ul data-path-to-node=\"8,3,1\">\n<li>\n<p data-path-to-node=\"8,3,1,0,0\"><i data-path-to-node=\"8,3,1,0,0\" data-index-in-node=\"0\">Research Assistant<\/i><\/p>\n<\/li>\n<\/ul>\n<\/li>\n<\/ul>\n","protected":false},"excerpt":{"rendered":"<p>Research Interests and Faculty Profiles For detailed information regarding the research areas, academic publications, and specialized expertise of our department&#8217;s faculty, please visit their individual profile pages below: Academic Staff Prof. Dr. Yahya F\u0130DAN Head of Department Assoc. Prof. Dr. Duygu CELAY\u0130R Faculty Member Assoc. Prof. Dr. G\u00f6zde YANGINLAR Faculty Member Res. Asst. Bayram \u015e\u0130R\u0130N [&hellip;]<\/p>\n","protected":false},"author":63,"featured_media":0,"parent":0,"menu_order":0,"comment_status":"closed","ping_status":"closed","template":"genel_sayfa.php","meta":{"footnotes":""},"yoast_head":"<!-- This site is optimized with the Yoast SEO Premium plugin v22.1 (Yoast SEO v22.1) - https:\/\/yoast.com\/wordpress\/plugins\/seo\/ -->\n<title>Research Areas - Lojistik Y\u00f6netimi<\/title>\n<meta name=\"description\" content=\"\u0130stanbul Ticaret University - Faculty of Business - Department of Logistics Management - RESEARCH AREAS - Academic\" \/>\n<meta name=\"robots\" content=\"index, follow, max-snippet:-1, max-image-preview:large, max-video-preview:-1\" \/>\n<link rel=\"canonical\" href=\"http:\/\/ticaret.edu.tr\/lojistik-yonetimi\/en\/research-areas\/\" \/>\n<meta property=\"og:locale\" content=\"tr_TR\" \/>\n<meta property=\"og:type\" content=\"article\" \/>\n<meta property=\"og:title\" content=\"Research Areas\" \/>\n<meta property=\"og:description\" content=\"\u0130stanbul Ticaret University - Faculty of Business - Department of Logistics Management - RESEARCH AREAS - Academic\" \/>\n<meta property=\"og:url\" content=\"http:\/\/ticaret.edu.tr\/lojistik-yonetimi\/en\/research-areas\/\" \/>\n<meta property=\"og:site_name\" content=\"Lojistik Y\u00f6netimi\" \/>\n<meta property=\"article:publisher\" content=\"https:\/\/www.facebook.com\/ticaretedutr\" \/>\n<meta property=\"article:modified_time\" content=\"2026-01-25T16:25:47+00:00\" \/>\n<meta property=\"og:image\" content=\"http:\/\/ticaret.edu.tr\/lojistik-yonetimi\/wp-content\/uploads\/sites\/11\/2021\/11\/web_logo-01.jpg\" \/>\n\t<meta property=\"og:image:width\" content=\"1250\" \/>\n\t<meta property=\"og:image:height\" content=\"833\" \/>\n\t<meta property=\"og:image:type\" content=\"image\/jpeg\" \/>\n<meta name=\"twitter:card\" content=\"summary_large_image\" \/>\n<meta name=\"twitter:site\" content=\"@ticaretedutr\" \/>\n<meta name=\"twitter:label1\" content=\"Tahmini okuma s\u00fcresi\" \/>\n\t<meta name=\"twitter:data1\" content=\"1 dakika\" \/>\n<script type=\"application\/ld+json\" class=\"yoast-schema-graph\">{\"@context\":\"https:\/\/schema.org\",\"@graph\":[{\"@type\":\"WebPage\",\"@id\":\"http:\/\/ticaret.edu.tr\/lojistik-yonetimi\/en\/research-areas\/\",\"url\":\"http:\/\/ticaret.edu.tr\/lojistik-yonetimi\/en\/research-areas\/\",\"name\":\"Research Areas - Lojistik Y\u00f6netimi\",\"isPartOf\":{\"@id\":\"http:\/\/ticaret.edu.tr\/lojistik-yonetimi\/#website\"},\"datePublished\":\"2025-01-26T20:31:10+00:00\",\"dateModified\":\"2026-01-25T16:25:47+00:00\",\"description\":\"\u0130stanbul Ticaret University - Faculty of Business - Department of Logistics Management - RESEARCH AREAS - Academic\",\"breadcrumb\":{\"@id\":\"http:\/\/ticaret.edu.tr\/lojistik-yonetimi\/en\/research-areas\/#breadcrumb\"},\"inLanguage\":\"tr\",\"potentialAction\":[{\"@type\":\"ReadAction\",\"target\":[\"http:\/\/ticaret.edu.tr\/lojistik-yonetimi\/en\/research-areas\/\"]}]},{\"@type\":\"BreadcrumbList\",\"@id\":\"http:\/\/ticaret.edu.tr\/lojistik-yonetimi\/en\/research-areas\/#breadcrumb\",\"itemListElement\":[{\"@type\":\"ListItem\",\"position\":1,\"name\":\"Ana sayfa\",\"item\":\"http:\/\/ticaret.edu.tr\/lojistik-yonetimi\/\"},{\"@type\":\"ListItem\",\"position\":2,\"name\":\"Research Areas\"}]},{\"@type\":\"WebSite\",\"@id\":\"http:\/\/ticaret.edu.tr\/lojistik-yonetimi\/#website\",\"url\":\"http:\/\/ticaret.edu.tr\/lojistik-yonetimi\/\",\"name\":\"Lojistik Y\u00f6netimi\",\"description\":\"\",\"potentialAction\":[{\"@type\":\"SearchAction\",\"target\":{\"@type\":\"EntryPoint\",\"urlTemplate\":\"http:\/\/ticaret.edu.tr\/lojistik-yonetimi\/?s={search_term_string}\"},\"query-input\":\"required name=search_term_string\"}],\"inLanguage\":\"tr\"}]}<\/script>\n<!-- \/ Yoast SEO Premium plugin. -->","yoast_head_json":{"title":"Research Areas - Lojistik Y\u00f6netimi","description":"\u0130stanbul Ticaret University - Faculty of Business - Department of Logistics Management - RESEARCH AREAS - Academic","robots":{"index":"index","follow":"follow","max-snippet":"max-snippet:-1","max-image-preview":"max-image-preview:large","max-video-preview":"max-video-preview:-1"},"canonical":"http:\/\/ticaret.edu.tr\/lojistik-yonetimi\/en\/research-areas\/","og_locale":"tr_TR","og_type":"article","og_title":"Research Areas","og_description":"\u0130stanbul Ticaret University - Faculty of Business - Department of Logistics Management - RESEARCH AREAS - Academic","og_url":"http:\/\/ticaret.edu.tr\/lojistik-yonetimi\/en\/research-areas\/","og_site_name":"Lojistik Y\u00f6netimi","article_publisher":"https:\/\/www.facebook.com\/ticaretedutr","article_modified_time":"2026-01-25T16:25:47+00:00","og_image":[{"width":1250,"height":833,"url":"http:\/\/ticaret.edu.tr\/lojistik-yonetimi\/wp-content\/uploads\/sites\/11\/2021\/11\/web_logo-01.jpg","type":"image\/jpeg"}],"twitter_card":"summary_large_image","twitter_site":"@ticaretedutr","twitter_misc":{"Tahmini okuma s\u00fcresi":"1 dakika"},"schema":{"@context":"https:\/\/schema.org","@graph":[{"@type":"WebPage","@id":"http:\/\/ticaret.edu.tr\/lojistik-yonetimi\/en\/research-areas\/","url":"http:\/\/ticaret.edu.tr\/lojistik-yonetimi\/en\/research-areas\/","name":"Research Areas - Lojistik Y\u00f6netimi","isPartOf":{"@id":"http:\/\/ticaret.edu.tr\/lojistik-yonetimi\/#website"},"datePublished":"2025-01-26T20:31:10+00:00","dateModified":"2026-01-25T16:25:47+00:00","description":"\u0130stanbul Ticaret University - Faculty of Business - Department of Logistics Management - RESEARCH AREAS - Academic","breadcrumb":{"@id":"http:\/\/ticaret.edu.tr\/lojistik-yonetimi\/en\/research-areas\/#breadcrumb"},"inLanguage":"tr","potentialAction":[{"@type":"ReadAction","target":["http:\/\/ticaret.edu.tr\/lojistik-yonetimi\/en\/research-areas\/"]}]},{"@type":"BreadcrumbList","@id":"http:\/\/ticaret.edu.tr\/lojistik-yonetimi\/en\/research-areas\/#breadcrumb","itemListElement":[{"@type":"ListItem","position":1,"name":"Ana sayfa","item":"http:\/\/ticaret.edu.tr\/lojistik-yonetimi\/"},{"@type":"ListItem","position":2,"name":"Research Areas"}]},{"@type":"WebSite","@id":"http:\/\/ticaret.edu.tr\/lojistik-yonetimi\/#website","url":"http:\/\/ticaret.edu.tr\/lojistik-yonetimi\/","name":"Lojistik Y\u00f6netimi","description":"","potentialAction":[{"@type":"SearchAction","target":{"@type":"EntryPoint","urlTemplate":"http:\/\/ticaret.edu.tr\/lojistik-yonetimi\/?s={search_term_string}"},"query-input":"required name=search_term_string"}],"inLanguage":"tr"}]}},"lang":"en","translations":{"tr":1212,"en":1324},"pll_sync_post":[],"_links":{"self":[{"href":"http:\/\/ticaret.edu.tr\/lojistik-yonetimi\/wp-json\/wp\/v2\/pages\/1324"}],"collection":[{"href":"http:\/\/ticaret.edu.tr\/lojistik-yonetimi\/wp-json\/wp\/v2\/pages"}],"about":[{"href":"http:\/\/ticaret.edu.tr\/lojistik-yonetimi\/wp-json\/wp\/v2\/types\/page"}],"author":[{"embeddable":true,"href":"http:\/\/ticaret.edu.tr\/lojistik-yonetimi\/wp-json\/wp\/v2\/users\/63"}],"replies":[{"embeddable":true,"href":"http:\/\/ticaret.edu.tr\/lojistik-yonetimi\/wp-json\/wp\/v2\/comments?post=1324"}],"version-history":[{"count":4,"href":"http:\/\/ticaret.edu.tr\/lojistik-yonetimi\/wp-json\/wp\/v2\/pages\/1324\/revisions"}],"predecessor-version":[{"id":1849,"href":"http:\/\/ticaret.edu.tr\/lojistik-yonetimi\/wp-json\/wp\/v2\/pages\/1324\/revisions\/1849"}],"wp:attachment":[{"href":"http:\/\/ticaret.edu.tr\/lojistik-yonetimi\/wp-json\/wp\/v2\/media?parent=1324"}],"curies":[{"name":"wp","href":"https:\/\/api.w.org\/{rel}","templated":true}]}}