{"id":1340,"date":"2025-01-26T23:31:03","date_gmt":"2025-01-26T20:31:03","guid":{"rendered":"https:\/\/ticaret.edu.tr\/lojistik-yonetimi\/?page_id=1340"},"modified":"2026-01-25T19:47:45","modified_gmt":"2026-01-25T16:47:45","slug":"department-quality-commission","status":"publish","type":"page","link":"http:\/\/ticaret.edu.tr\/lojistik-yonetimi\/en\/department-quality-commission\/","title":{"rendered":"Department\u2019s Quality Assurance Committee"},"content":{"rendered":"<h2 data-path-to-node=\"5\"><b data-path-to-node=\"5\" data-index-in-node=\"0\">Departmental Quality Commission<\/b><\/h2>\n<p data-path-to-node=\"6\">The Quality Commission of the <b data-path-to-node=\"6\" data-index-in-node=\"30\">Logistics Management Department<\/b> is responsible for overseeing academic standards, managing the accreditation processes, and ensuring continuous improvement in accordance with the university\u2019s strategic goals.<\/p>\n<h3 data-path-to-node=\"7\"><b data-path-to-node=\"7\" data-index-in-node=\"0\">Commission Members<\/b><\/h3>\n<table data-path-to-node=\"8\">\n<thead>\n<tr>\n<td><strong>Name &amp; Surname<\/strong><\/td>\n<td><strong>Title &amp; Academic Rank<\/strong><\/td>\n<td><strong>Role in Commission<\/strong><\/td>\n<\/tr>\n<\/thead>\n<tbody>\n<tr>\n<td><span data-path-to-node=\"8,1,0,0\"><b data-path-to-node=\"8,1,0,0\" data-index-in-node=\"0\">Prof. Dr. Yahya F\u0130DAN<\/b><\/span><\/td>\n<td><span data-path-to-node=\"8,1,1,0\">Head of Department<\/span><\/td>\n<td><span data-path-to-node=\"8,1,2,0\"><b data-path-to-node=\"8,1,2,0\" data-index-in-node=\"0\">Chair of the Quality Commission<\/b><\/span><\/td>\n<\/tr>\n<tr>\n<td><span data-path-to-node=\"8,2,0,0\"><b data-path-to-node=\"8,2,0,0\" data-index-in-node=\"0\">Assoc. Prof. Dr. Duygu CELAY\u0130R<\/b><\/span><\/td>\n<td><span data-path-to-node=\"8,2,1,0\">Faculty Member<\/span><\/td>\n<td><span data-path-to-node=\"8,2,2,0\"><b data-path-to-node=\"8,2,2,0\" data-index-in-node=\"0\">Commission Member<\/b><\/span><\/td>\n<\/tr>\n<tr>\n<td><span data-path-to-node=\"8,3,0,0\"><b data-path-to-node=\"8,3,0,0\" data-index-in-node=\"0\">Res. Asst. Bayram \u015e\u0130R\u0130N<\/b><\/span><\/td>\n<td><span data-path-to-node=\"8,3,1,0\">Quality Ambassador<\/span><\/td>\n<td><span data-path-to-node=\"8,3,2,0\"><b data-path-to-node=\"8,3,2,0\" data-index-in-node=\"0\">Commission Secretary &amp; Ambassador<\/b><\/span><\/td>\n<\/tr>\n<tr>\n<td><span data-path-to-node=\"8,4,0,0\"><b data-path-to-node=\"8,4,0,0\" data-index-in-node=\"0\">Tuba ZAMAN<\/b><\/span><\/td>\n<td><span data-path-to-node=\"8,4,1,0\">Student Representative<\/span><\/td>\n<td><span data-path-to-node=\"8,4,2,0\"><b data-path-to-node=\"8,4,2,0\" data-index-in-node=\"0\">Student Stakeholder Representative<\/b><\/span><\/td>\n<\/tr>\n<\/tbody>\n<\/table>\n","protected":false},"excerpt":{"rendered":"<p>Departmental Quality Commission The Quality Commission of the Logistics Management Department is responsible for overseeing academic standards, managing the accreditation processes, and ensuring continuous improvement in accordance with the university\u2019s strategic goals. Commission Members Name &amp; Surname Title &amp; Academic Rank Role in Commission Prof. Dr. Yahya F\u0130DAN Head of Department Chair of the Quality [&hellip;]<\/p>\n","protected":false},"author":63,"featured_media":0,"parent":0,"menu_order":0,"comment_status":"closed","ping_status":"closed","template":"genel_sayfa.php","meta":{"footnotes":""},"yoast_head":"<!-- This site is optimized with the Yoast SEO Premium plugin v22.1 (Yoast SEO v22.1) - https:\/\/yoast.com\/wordpress\/plugins\/seo\/ -->\n<title>Department\u2019s Quality Assurance Committee - Lojistik Y\u00f6netimi<\/title>\n<meta name=\"description\" content=\"\u0130stanbul Ticaret University - Faculty of Business - Department of Logistics Management - Quality Assurance Committee\" \/>\n<meta name=\"robots\" content=\"index, follow, max-snippet:-1, max-image-preview:large, max-video-preview:-1\" \/>\n<link rel=\"canonical\" href=\"http:\/\/ticaret.edu.tr\/lojistik-yonetimi\/en\/department-quality-commission\/\" \/>\n<meta property=\"og:locale\" content=\"tr_TR\" \/>\n<meta property=\"og:type\" content=\"article\" \/>\n<meta property=\"og:title\" content=\"Department\u2019s Quality Assurance Committee\" \/>\n<meta property=\"og:description\" content=\"\u0130stanbul Ticaret University - Faculty of Business - Department of Logistics Management - Quality Assurance Committee\" \/>\n<meta property=\"og:url\" content=\"http:\/\/ticaret.edu.tr\/lojistik-yonetimi\/en\/department-quality-commission\/\" \/>\n<meta property=\"og:site_name\" content=\"Lojistik Y\u00f6netimi\" \/>\n<meta property=\"article:publisher\" content=\"https:\/\/www.facebook.com\/ticaretedutr\" \/>\n<meta property=\"article:modified_time\" content=\"2026-01-25T16:47:45+00:00\" \/>\n<meta property=\"og:image\" content=\"http:\/\/ticaret.edu.tr\/lojistik-yonetimi\/wp-content\/uploads\/sites\/11\/2021\/11\/web_logo-01.jpg\" \/>\n\t<meta property=\"og:image:width\" content=\"1250\" \/>\n\t<meta property=\"og:image:height\" content=\"833\" \/>\n\t<meta property=\"og:image:type\" content=\"image\/jpeg\" \/>\n<meta name=\"twitter:card\" content=\"summary_large_image\" \/>\n<meta name=\"twitter:site\" content=\"@ticaretedutr\" \/>\n<meta name=\"twitter:label1\" content=\"Tahmini okuma s\u00fcresi\" \/>\n\t<meta name=\"twitter:data1\" content=\"1 dakika\" \/>\n<script type=\"application\/ld+json\" class=\"yoast-schema-graph\">{\"@context\":\"https:\/\/schema.org\",\"@graph\":[{\"@type\":\"WebPage\",\"@id\":\"http:\/\/ticaret.edu.tr\/lojistik-yonetimi\/en\/department-quality-commission\/\",\"url\":\"http:\/\/ticaret.edu.tr\/lojistik-yonetimi\/en\/department-quality-commission\/\",\"name\":\"Department\u2019s Quality Assurance Committee - Lojistik Y\u00f6netimi\",\"isPartOf\":{\"@id\":\"http:\/\/ticaret.edu.tr\/lojistik-yonetimi\/#website\"},\"datePublished\":\"2025-01-26T20:31:03+00:00\",\"dateModified\":\"2026-01-25T16:47:45+00:00\",\"description\":\"\u0130stanbul Ticaret University - Faculty of Business - Department of Logistics Management - Quality Assurance Committee\",\"breadcrumb\":{\"@id\":\"http:\/\/ticaret.edu.tr\/lojistik-yonetimi\/en\/department-quality-commission\/#breadcrumb\"},\"inLanguage\":\"tr\",\"potentialAction\":[{\"@type\":\"ReadAction\",\"target\":[\"http:\/\/ticaret.edu.tr\/lojistik-yonetimi\/en\/department-quality-commission\/\"]}]},{\"@type\":\"BreadcrumbList\",\"@id\":\"http:\/\/ticaret.edu.tr\/lojistik-yonetimi\/en\/department-quality-commission\/#breadcrumb\",\"itemListElement\":[{\"@type\":\"ListItem\",\"position\":1,\"name\":\"Ana sayfa\",\"item\":\"http:\/\/ticaret.edu.tr\/lojistik-yonetimi\/\"},{\"@type\":\"ListItem\",\"position\":2,\"name\":\"Department\u2019s Quality Assurance Committee\"}]},{\"@type\":\"WebSite\",\"@id\":\"http:\/\/ticaret.edu.tr\/lojistik-yonetimi\/#website\",\"url\":\"http:\/\/ticaret.edu.tr\/lojistik-yonetimi\/\",\"name\":\"Lojistik Y\u00f6netimi\",\"description\":\"\",\"potentialAction\":[{\"@type\":\"SearchAction\",\"target\":{\"@type\":\"EntryPoint\",\"urlTemplate\":\"http:\/\/ticaret.edu.tr\/lojistik-yonetimi\/?s={search_term_string}\"},\"query-input\":\"required name=search_term_string\"}],\"inLanguage\":\"tr\"}]}<\/script>\n<!-- \/ Yoast SEO Premium plugin. -->","yoast_head_json":{"title":"Department\u2019s Quality Assurance Committee - Lojistik Y\u00f6netimi","description":"\u0130stanbul Ticaret University - Faculty of Business - Department of Logistics Management - Quality Assurance Committee","robots":{"index":"index","follow":"follow","max-snippet":"max-snippet:-1","max-image-preview":"max-image-preview:large","max-video-preview":"max-video-preview:-1"},"canonical":"http:\/\/ticaret.edu.tr\/lojistik-yonetimi\/en\/department-quality-commission\/","og_locale":"tr_TR","og_type":"article","og_title":"Department\u2019s Quality Assurance Committee","og_description":"\u0130stanbul Ticaret University - Faculty of Business - Department of Logistics Management - Quality Assurance Committee","og_url":"http:\/\/ticaret.edu.tr\/lojistik-yonetimi\/en\/department-quality-commission\/","og_site_name":"Lojistik Y\u00f6netimi","article_publisher":"https:\/\/www.facebook.com\/ticaretedutr","article_modified_time":"2026-01-25T16:47:45+00:00","og_image":[{"width":1250,"height":833,"url":"http:\/\/ticaret.edu.tr\/lojistik-yonetimi\/wp-content\/uploads\/sites\/11\/2021\/11\/web_logo-01.jpg","type":"image\/jpeg"}],"twitter_card":"summary_large_image","twitter_site":"@ticaretedutr","twitter_misc":{"Tahmini okuma s\u00fcresi":"1 dakika"},"schema":{"@context":"https:\/\/schema.org","@graph":[{"@type":"WebPage","@id":"http:\/\/ticaret.edu.tr\/lojistik-yonetimi\/en\/department-quality-commission\/","url":"http:\/\/ticaret.edu.tr\/lojistik-yonetimi\/en\/department-quality-commission\/","name":"Department\u2019s Quality Assurance Committee - Lojistik Y\u00f6netimi","isPartOf":{"@id":"http:\/\/ticaret.edu.tr\/lojistik-yonetimi\/#website"},"datePublished":"2025-01-26T20:31:03+00:00","dateModified":"2026-01-25T16:47:45+00:00","description":"\u0130stanbul Ticaret University - Faculty of Business - Department of Logistics Management - Quality Assurance Committee","breadcrumb":{"@id":"http:\/\/ticaret.edu.tr\/lojistik-yonetimi\/en\/department-quality-commission\/#breadcrumb"},"inLanguage":"tr","potentialAction":[{"@type":"ReadAction","target":["http:\/\/ticaret.edu.tr\/lojistik-yonetimi\/en\/department-quality-commission\/"]}]},{"@type":"BreadcrumbList","@id":"http:\/\/ticaret.edu.tr\/lojistik-yonetimi\/en\/department-quality-commission\/#breadcrumb","itemListElement":[{"@type":"ListItem","position":1,"name":"Ana sayfa","item":"http:\/\/ticaret.edu.tr\/lojistik-yonetimi\/"},{"@type":"ListItem","position":2,"name":"Department\u2019s Quality Assurance Committee"}]},{"@type":"WebSite","@id":"http:\/\/ticaret.edu.tr\/lojistik-yonetimi\/#website","url":"http:\/\/ticaret.edu.tr\/lojistik-yonetimi\/","name":"Lojistik Y\u00f6netimi","description":"","potentialAction":[{"@type":"SearchAction","target":{"@type":"EntryPoint","urlTemplate":"http:\/\/ticaret.edu.tr\/lojistik-yonetimi\/?s={search_term_string}"},"query-input":"required name=search_term_string"}],"inLanguage":"tr"}]}},"lang":"en","translations":{"tr":1226,"en":1340},"pll_sync_post":[],"_links":{"self":[{"href":"http:\/\/ticaret.edu.tr\/lojistik-yonetimi\/wp-json\/wp\/v2\/pages\/1340"}],"collection":[{"href":"http:\/\/ticaret.edu.tr\/lojistik-yonetimi\/wp-json\/wp\/v2\/pages"}],"about":[{"href":"http:\/\/ticaret.edu.tr\/lojistik-yonetimi\/wp-json\/wp\/v2\/types\/page"}],"author":[{"embeddable":true,"href":"http:\/\/ticaret.edu.tr\/lojistik-yonetimi\/wp-json\/wp\/v2\/users\/63"}],"replies":[{"embeddable":true,"href":"http:\/\/ticaret.edu.tr\/lojistik-yonetimi\/wp-json\/wp\/v2\/comments?post=1340"}],"version-history":[{"count":3,"href":"http:\/\/ticaret.edu.tr\/lojistik-yonetimi\/wp-json\/wp\/v2\/pages\/1340\/revisions"}],"predecessor-version":[{"id":1860,"href":"http:\/\/ticaret.edu.tr\/lojistik-yonetimi\/wp-json\/wp\/v2\/pages\/1340\/revisions\/1860"}],"wp:attachment":[{"href":"http:\/\/ticaret.edu.tr\/lojistik-yonetimi\/wp-json\/wp\/v2\/media?parent=1340"}],"curies":[{"name":"wp","href":"https:\/\/api.w.org\/{rel}","templated":true}]}}