{"id":16,"date":"2020-05-03T11:32:51","date_gmt":"2020-05-03T08:32:51","guid":{"rendered":"http:\/\/ticaret.edu.tr\/lojistik\/?page_id=16"},"modified":"2026-02-10T15:12:08","modified_gmt":"2026-02-10T12:12:08","slug":"mufredat","status":"publish","type":"page","link":"http:\/\/ticaret.edu.tr\/lojistik-yonetimi\/mufredat\/","title":{"rendered":"M\u00fcfredat"},"content":{"rendered":"<p>Lojistik Y\u00f6netimi B\u00f6l\u00fcm\u00fc&#8217;ne ait m\u00fcfredata a\u015fa\u011f\u0131daki ba\u011flant\u0131lardan ula\u015fabilirsiniz. Lojistik Y\u00f6netimi B\u00f6l\u00fcm m\u00fcfredat\u0131, \u00f6\u011frencilerin lojistik alan\u0131nda ihtiya\u00e7lar\u0131n\u0131 kar\u015f\u0131layacak bilgi ve becerilerini edinebilecekleri derslerden olu\u015fmaktad\u0131r. M\u00fcfredat, Lojistik Y\u00f6netimi b\u00f6l\u00fcm\u00fcnde \u00e7a\u011fda\u015f bir e\u011fitim verebilmek ad\u0131na titizlikle haz\u0131rlanm\u0131\u015ft\u0131r.<\/p>\n<ul>\n<li><a href=\"http:\/\/ticaret.edu.tr\/lojistik-yonetimi\/wp-content\/uploads\/sites\/11\/2026\/02\/LOY-Ek-1-Mufredat-2025-2026.pdf\">Lojistik Y\u00f6netimi B\u00f6l\u00fcm\u00fc 2025-2026 M\u00fcfredat<\/a><\/li>\n<\/ul>\n<p>&nbsp;<\/p>\n","protected":false},"excerpt":{"rendered":"<p>Lojistik Y\u00f6netimi B\u00f6l\u00fcm\u00fc&#8217;ne ait m\u00fcfredata a\u015fa\u011f\u0131daki ba\u011flant\u0131lardan ula\u015fabilirsiniz. Lojistik Y\u00f6netimi B\u00f6l\u00fcm m\u00fcfredat\u0131, \u00f6\u011frencilerin lojistik alan\u0131nda ihtiya\u00e7lar\u0131n\u0131 kar\u015f\u0131layacak bilgi ve becerilerini edinebilecekleri derslerden olu\u015fmaktad\u0131r. M\u00fcfredat, Lojistik Y\u00f6netimi b\u00f6l\u00fcm\u00fcnde \u00e7a\u011fda\u015f bir e\u011fitim verebilmek ad\u0131na titizlikle haz\u0131rlanm\u0131\u015ft\u0131r. Lojistik Y\u00f6netimi B\u00f6l\u00fcm\u00fc 2025-2026 M\u00fcfredat &nbsp;<\/p>\n","protected":false},"author":1,"featured_media":0,"parent":0,"menu_order":0,"comment_status":"closed","ping_status":"closed","template":"genel_sayfa.php","meta":{"footnotes":""},"yoast_head":"<!-- This site is optimized with the Yoast SEO Premium plugin v22.1 (Yoast SEO v22.1) - https:\/\/yoast.com\/wordpress\/plugins\/seo\/ -->\n<title>M\u00fcfredat - Lojistik Y\u00f6netimi<\/title>\n<meta name=\"description\" content=\"\u0130stanbul Ticaret \u00dcniversitesi \u0130\u015fletme Fak\u00fcltesi b\u00fcnyesinde bulunan Lojistik Y\u00f6netimi B\u00f6l\u00fcm\u00fc dersleri ve ders m\u00fcfredat\u0131.\" \/>\n<meta name=\"robots\" content=\"index, follow, max-snippet:-1, max-image-preview:large, max-video-preview:-1\" \/>\n<link rel=\"canonical\" href=\"http:\/\/ticaret.edu.tr\/lojistik-yonetimi\/mufredat\/\" \/>\n<meta property=\"og:locale\" content=\"tr_TR\" \/>\n<meta property=\"og:type\" content=\"article\" \/>\n<meta property=\"og:title\" content=\"M\u00fcfredat\" \/>\n<meta property=\"og:description\" content=\"\u0130stanbul Ticaret \u00dcniversitesi \u0130\u015fletme Fak\u00fcltesi b\u00fcnyesinde bulunan Lojistik Y\u00f6netimi B\u00f6l\u00fcm\u00fc dersleri ve ders m\u00fcfredat\u0131.\" \/>\n<meta property=\"og:url\" content=\"http:\/\/ticaret.edu.tr\/lojistik-yonetimi\/mufredat\/\" \/>\n<meta property=\"og:site_name\" content=\"Lojistik Y\u00f6netimi\" \/>\n<meta property=\"article:publisher\" content=\"https:\/\/www.facebook.com\/ticaretedutr\" \/>\n<meta property=\"article:modified_time\" content=\"2026-02-10T12:12:08+00:00\" \/>\n<meta property=\"og:image\" content=\"http:\/\/ticaret.edu.tr\/lojistik-yonetimi\/wp-content\/uploads\/sites\/11\/2021\/11\/web_logo-01.jpg\" \/>\n\t<meta property=\"og:image:width\" content=\"1250\" \/>\n\t<meta property=\"og:image:height\" content=\"833\" \/>\n\t<meta property=\"og:image:type\" content=\"image\/jpeg\" \/>\n<meta name=\"twitter:card\" content=\"summary_large_image\" \/>\n<meta name=\"twitter:site\" content=\"@ticaretedutr\" \/>\n<meta name=\"twitter:label1\" content=\"Tahmini okuma s\u00fcresi\" \/>\n\t<meta name=\"twitter:data1\" content=\"1 dakika\" \/>\n<script type=\"application\/ld+json\" class=\"yoast-schema-graph\">{\"@context\":\"https:\/\/schema.org\",\"@graph\":[{\"@type\":\"WebPage\",\"@id\":\"http:\/\/ticaret.edu.tr\/lojistik-yonetimi\/mufredat\/\",\"url\":\"http:\/\/ticaret.edu.tr\/lojistik-yonetimi\/mufredat\/\",\"name\":\"M\u00fcfredat - Lojistik Y\u00f6netimi\",\"isPartOf\":{\"@id\":\"http:\/\/ticaret.edu.tr\/lojistik-yonetimi\/#website\"},\"datePublished\":\"2020-05-03T08:32:51+00:00\",\"dateModified\":\"2026-02-10T12:12:08+00:00\",\"description\":\"\u0130stanbul Ticaret \u00dcniversitesi \u0130\u015fletme Fak\u00fcltesi b\u00fcnyesinde bulunan Lojistik Y\u00f6netimi B\u00f6l\u00fcm\u00fc dersleri ve ders m\u00fcfredat\u0131.\",\"breadcrumb\":{\"@id\":\"http:\/\/ticaret.edu.tr\/lojistik-yonetimi\/mufredat\/#breadcrumb\"},\"inLanguage\":\"tr\",\"potentialAction\":[{\"@type\":\"ReadAction\",\"target\":[\"http:\/\/ticaret.edu.tr\/lojistik-yonetimi\/mufredat\/\"]}]},{\"@type\":\"BreadcrumbList\",\"@id\":\"http:\/\/ticaret.edu.tr\/lojistik-yonetimi\/mufredat\/#breadcrumb\",\"itemListElement\":[{\"@type\":\"ListItem\",\"position\":1,\"name\":\"Ana sayfa\",\"item\":\"http:\/\/ticaret.edu.tr\/lojistik-yonetimi\/\"},{\"@type\":\"ListItem\",\"position\":2,\"name\":\"M\u00fcfredat\"}]},{\"@type\":\"WebSite\",\"@id\":\"http:\/\/ticaret.edu.tr\/lojistik-yonetimi\/#website\",\"url\":\"http:\/\/ticaret.edu.tr\/lojistik-yonetimi\/\",\"name\":\"Lojistik Y\u00f6netimi\",\"description\":\"\",\"potentialAction\":[{\"@type\":\"SearchAction\",\"target\":{\"@type\":\"EntryPoint\",\"urlTemplate\":\"http:\/\/ticaret.edu.tr\/lojistik-yonetimi\/?s={search_term_string}\"},\"query-input\":\"required name=search_term_string\"}],\"inLanguage\":\"tr\"}]}<\/script>\n<!-- \/ Yoast SEO Premium plugin. -->","yoast_head_json":{"title":"M\u00fcfredat - Lojistik Y\u00f6netimi","description":"\u0130stanbul Ticaret \u00dcniversitesi \u0130\u015fletme Fak\u00fcltesi b\u00fcnyesinde bulunan Lojistik Y\u00f6netimi B\u00f6l\u00fcm\u00fc dersleri ve ders m\u00fcfredat\u0131.","robots":{"index":"index","follow":"follow","max-snippet":"max-snippet:-1","max-image-preview":"max-image-preview:large","max-video-preview":"max-video-preview:-1"},"canonical":"http:\/\/ticaret.edu.tr\/lojistik-yonetimi\/mufredat\/","og_locale":"tr_TR","og_type":"article","og_title":"M\u00fcfredat","og_description":"\u0130stanbul Ticaret \u00dcniversitesi \u0130\u015fletme Fak\u00fcltesi b\u00fcnyesinde bulunan Lojistik Y\u00f6netimi B\u00f6l\u00fcm\u00fc dersleri ve ders m\u00fcfredat\u0131.","og_url":"http:\/\/ticaret.edu.tr\/lojistik-yonetimi\/mufredat\/","og_site_name":"Lojistik Y\u00f6netimi","article_publisher":"https:\/\/www.facebook.com\/ticaretedutr","article_modified_time":"2026-02-10T12:12:08+00:00","og_image":[{"width":1250,"height":833,"url":"http:\/\/ticaret.edu.tr\/lojistik-yonetimi\/wp-content\/uploads\/sites\/11\/2021\/11\/web_logo-01.jpg","type":"image\/jpeg"}],"twitter_card":"summary_large_image","twitter_site":"@ticaretedutr","twitter_misc":{"Tahmini okuma s\u00fcresi":"1 dakika"},"schema":{"@context":"https:\/\/schema.org","@graph":[{"@type":"WebPage","@id":"http:\/\/ticaret.edu.tr\/lojistik-yonetimi\/mufredat\/","url":"http:\/\/ticaret.edu.tr\/lojistik-yonetimi\/mufredat\/","name":"M\u00fcfredat - Lojistik Y\u00f6netimi","isPartOf":{"@id":"http:\/\/ticaret.edu.tr\/lojistik-yonetimi\/#website"},"datePublished":"2020-05-03T08:32:51+00:00","dateModified":"2026-02-10T12:12:08+00:00","description":"\u0130stanbul Ticaret \u00dcniversitesi \u0130\u015fletme Fak\u00fcltesi b\u00fcnyesinde bulunan Lojistik Y\u00f6netimi B\u00f6l\u00fcm\u00fc dersleri ve ders m\u00fcfredat\u0131.","breadcrumb":{"@id":"http:\/\/ticaret.edu.tr\/lojistik-yonetimi\/mufredat\/#breadcrumb"},"inLanguage":"tr","potentialAction":[{"@type":"ReadAction","target":["http:\/\/ticaret.edu.tr\/lojistik-yonetimi\/mufredat\/"]}]},{"@type":"BreadcrumbList","@id":"http:\/\/ticaret.edu.tr\/lojistik-yonetimi\/mufredat\/#breadcrumb","itemListElement":[{"@type":"ListItem","position":1,"name":"Ana sayfa","item":"http:\/\/ticaret.edu.tr\/lojistik-yonetimi\/"},{"@type":"ListItem","position":2,"name":"M\u00fcfredat"}]},{"@type":"WebSite","@id":"http:\/\/ticaret.edu.tr\/lojistik-yonetimi\/#website","url":"http:\/\/ticaret.edu.tr\/lojistik-yonetimi\/","name":"Lojistik Y\u00f6netimi","description":"","potentialAction":[{"@type":"SearchAction","target":{"@type":"EntryPoint","urlTemplate":"http:\/\/ticaret.edu.tr\/lojistik-yonetimi\/?s={search_term_string}"},"query-input":"required name=search_term_string"}],"inLanguage":"tr"}]}},"lang":"tr","translations":{"en":520,"tr":16},"pll_sync_post":[],"_links":{"self":[{"href":"http:\/\/ticaret.edu.tr\/lojistik-yonetimi\/wp-json\/wp\/v2\/pages\/16"}],"collection":[{"href":"http:\/\/ticaret.edu.tr\/lojistik-yonetimi\/wp-json\/wp\/v2\/pages"}],"about":[{"href":"http:\/\/ticaret.edu.tr\/lojistik-yonetimi\/wp-json\/wp\/v2\/types\/page"}],"author":[{"embeddable":true,"href":"http:\/\/ticaret.edu.tr\/lojistik-yonetimi\/wp-json\/wp\/v2\/users\/1"}],"replies":[{"embeddable":true,"href":"http:\/\/ticaret.edu.tr\/lojistik-yonetimi\/wp-json\/wp\/v2\/comments?post=16"}],"version-history":[{"count":17,"href":"http:\/\/ticaret.edu.tr\/lojistik-yonetimi\/wp-json\/wp\/v2\/pages\/16\/revisions"}],"predecessor-version":[{"id":1868,"href":"http:\/\/ticaret.edu.tr\/lojistik-yonetimi\/wp-json\/wp\/v2\/pages\/16\/revisions\/1868"}],"wp:attachment":[{"href":"http:\/\/ticaret.edu.tr\/lojistik-yonetimi\/wp-json\/wp\/v2\/media?parent=16"}],"curies":[{"name":"wp","href":"https:\/\/api.w.org\/{rel}","templated":true}]}}