{"id":1032,"date":"2025-01-26T19:30:12","date_gmt":"2025-01-26T16:30:12","guid":{"rendered":"https:\/\/ticaret.edu.tr\/matematik\/?page_id=1032"},"modified":"2025-10-10T20:39:26","modified_gmt":"2025-10-10T17:39:26","slug":"giris-sayfasi","status":"publish","type":"page","link":"http:\/\/ticaret.edu.tr\/matematik\/giris-sayfasi\/","title":{"rendered":"Giri\u015f Sayfas\u0131"},"content":{"rendered":"<h3><img loading=\"lazy\" decoding=\"async\" class=\"wp-image-1763 size-full aligncenter\" src=\"http:\/\/ticaret.edu.tr\/matematik\/wp-content\/uploads\/sites\/29\/2025\/10\/WhatsApp-Image-2025-09-26-at-21.12.05.jpeg\" alt=\"\" width=\"1600\" height=\"1278\" srcset=\"http:\/\/ticaret.edu.tr\/matematik\/wp-content\/uploads\/sites\/29\/2025\/10\/WhatsApp-Image-2025-09-26-at-21.12.05.jpeg 1600w, http:\/\/ticaret.edu.tr\/matematik\/wp-content\/uploads\/sites\/29\/2025\/10\/WhatsApp-Image-2025-09-26-at-21.12.05-300x240.jpeg 300w, http:\/\/ticaret.edu.tr\/matematik\/wp-content\/uploads\/sites\/29\/2025\/10\/WhatsApp-Image-2025-09-26-at-21.12.05-1024x818.jpeg 1024w, http:\/\/ticaret.edu.tr\/matematik\/wp-content\/uploads\/sites\/29\/2025\/10\/WhatsApp-Image-2025-09-26-at-21.12.05-768x613.jpeg 768w, http:\/\/ticaret.edu.tr\/matematik\/wp-content\/uploads\/sites\/29\/2025\/10\/WhatsApp-Image-2025-09-26-at-21.12.05-1536x1227.jpeg 1536w\" sizes=\"(max-width: 1600px) 100vw, 1600px\" \/><\/h3>\n<h2><strong>Neden Matematik, Nedir Matematik?<\/strong><\/h2>\n<p data-start=\"235\" data-end=\"719\">D\u00fcnya \u00fczerinde var olan her \u015feyin <strong data-start=\"269\" data-end=\"294\">bir matemati\u011fi vard\u0131r<\/strong>. Dilimize Frans\u0131zca \u201cmath\u00e9matique\u201d kelimesinden ge\u00e7en ve k\u00f6k\u00fc eski Yunanca \u201cm\u00e1thema\u201d s\u00f6zc\u00fc\u011f\u00fcne dayanan \u201cmatematik\u201din as\u0131l anlam\u0131, \u201c<strong>\u00f6\u011frenilecek, \u00f6\u011frenilmesi gereken \u015fey<\/strong>\u201ddir. Yani, <strong>bilgi<\/strong>. Bu durumda matemati\u011fe ilgi duyan, onunla u\u011fra\u015fan ki\u015filer ise do\u011frudan <strong data-start=\"555\" data-end=\"576\">\u00f6\u011frenmeye merakl\u0131<\/strong> s\u0131fat\u0131n\u0131n ta\u015f\u0131y\u0131c\u0131s\u0131 olurlar. \u0130\u015fte bu ta\u015f\u0131y\u0131c\u0131lar, evrenin yaz\u0131ld\u0131\u011f\u0131 dil olan matemati\u011fin ayn\u0131 zamanda birer temsilcisi ve uygulay\u0131c\u0131s\u0131d\u0131rlar.<\/p>\n<p data-start=\"721\" data-end=\"1497\">Akl\u0131n en eski ortak de\u011feri olan matematik, insan\u0131n <strong data-start=\"772\" data-end=\"834\">k\u00e2inatta kurulu olan d\u00fczeni anlamland\u0131rmas\u0131na olanak sunar<\/strong>. Bu d\u00fczen; <strong>co\u011frafyay\u0131, fizi\u011fi, kimyay\u0131, biyolojiyi, end\u00fcstriyi, kriptolojiyi, m\u00fchendisli\u011fi<\/strong> ve daha nicesini b\u00fcnyesinde bar\u0131nd\u0131r\u0131r. Eski \u00e7a\u011flardan beri sosyal ya\u015fam\u0131n ortaya \u00e7\u0131kard\u0131\u011f\u0131 ihtiya\u00e7lar\u0131 \u00e7\u00f6zmek i\u00e7in kullan\u0131lan matematik, g\u00fcn\u00fcm\u00fczde ise h\u0131zla ilerleyen <strong>teknolojik, bilimsel ve ekonometrik<\/strong> geli\u015fmelerin merkezinde yerini hep korumu\u015ftur. Ekonomiden biyolojiye, tasar\u0131mdan kimyaya, istatistikten fizi\u011fe, sosyal bilimlerden kozmolojiye kadar bir\u00e7ok alanda <strong data-start=\"1293\" data-end=\"1325\">matemati\u011fin rol\u00fc merkezdedir<\/strong>. Kriptoloji, siber g\u00fcvenlik, yat\u0131r\u0131m planlamas\u0131, DNA dizilimlerinin g\u00f6r\u00fcnt\u00fclenmesi, uzay bilimleri, veri madencili\u011fi gibi yeni alanlar da bu ili\u015fkinin g\u00fcncel \u00f6rnekleridir.<\/p>\n<p data-start=\"1499\" data-end=\"1774\">\u0130li\u015fkili oldu\u011fu alanlar\u0131 a\u00e7\u0131klanabilir k\u0131lmas\u0131n\u0131n yan\u0131 s\u0131ra, matematik <strong data-start=\"1570\" data-end=\"1615\">hen\u00fcz sorulmam\u0131\u015f sorulara cevap verebilir<\/strong>. Kendi i\u00e7inde ise, ancak <strong data-start=\"1641\" data-end=\"1682\">sanat ile a\u00e7\u0131klanabilecek bir estetik<\/strong> ta\u015f\u0131r. Bu esteti\u011fi en iyi anlayanlar ise, ayn\u0131 dili konu\u015fanlar; yani <strong data-start=\"1752\" data-end=\"1773\">matematik\u00e7ilerdir<\/strong>.<\/p>\n<p><a href=\"http:\/\/ticaret.edu.tr\/matematik\/wp-content\/uploads\/sites\/29\/2020\/05\/Matematik_b\u00f6l\u00fcm\u00fc_bros\u00fcr-s\u0131k\u0131\u015ft\u0131r\u0131ld\u0131.pdf\">Matematik B\u00f6l\u00fcm\u00fc Bro\u015f\u00fcr\u00fc i\u00e7in <strong>t\u0131klay\u0131n\u0131z!<\/strong><\/a><\/p>\n","protected":false},"excerpt":{"rendered":"<p>Neden Matematik, Nedir Matematik? D\u00fcnya \u00fczerinde var olan her \u015feyin bir matemati\u011fi vard\u0131r. Dilimize Frans\u0131zca \u201cmath\u00e9matique\u201d kelimesinden ge\u00e7en ve k\u00f6k\u00fc eski Yunanca \u201cm\u00e1thema\u201d s\u00f6zc\u00fc\u011f\u00fcne dayanan \u201cmatematik\u201din as\u0131l anlam\u0131, \u201c\u00f6\u011frenilecek, \u00f6\u011frenilmesi gereken \u015fey\u201ddir. Yani, bilgi. Bu durumda matemati\u011fe ilgi duyan, onunla u\u011fra\u015fan ki\u015filer ise do\u011frudan \u00f6\u011frenmeye merakl\u0131 s\u0131fat\u0131n\u0131n ta\u015f\u0131y\u0131c\u0131s\u0131 olurlar. \u0130\u015fte bu ta\u015f\u0131y\u0131c\u0131lar, evrenin yaz\u0131ld\u0131\u011f\u0131 dil [&hellip;]<\/p>\n","protected":false},"author":211,"featured_media":0,"parent":0,"menu_order":0,"comment_status":"closed","ping_status":"closed","template":"genel_sayfa.php","meta":{"footnotes":""},"yoast_head":"<!-- This site is optimized with the Yoast SEO Premium plugin v22.1 (Yoast SEO v22.1) - https:\/\/yoast.com\/wordpress\/plugins\/seo\/ -->\n<title>Giri\u015f Sayfas\u0131 - Matematik<\/title>\n<meta name=\"robots\" content=\"index, follow, max-snippet:-1, max-image-preview:large, max-video-preview:-1\" \/>\n<link rel=\"canonical\" href=\"http:\/\/ticaret.edu.tr\/matematik\/giris-sayfasi\/\" \/>\n<meta property=\"og:locale\" content=\"tr_TR\" \/>\n<meta property=\"og:type\" content=\"article\" \/>\n<meta property=\"og:title\" content=\"Giri\u015f Sayfas\u0131\" \/>\n<meta property=\"og:description\" content=\"Neden Matematik, Nedir Matematik? D\u00fcnya \u00fczerinde var olan her \u015feyin bir matemati\u011fi vard\u0131r. Dilimize Frans\u0131zca \u201cmath\u00e9matique\u201d kelimesinden ge\u00e7en ve k\u00f6k\u00fc eski Yunanca \u201cm\u00e1thema\u201d s\u00f6zc\u00fc\u011f\u00fcne dayanan \u201cmatematik\u201din as\u0131l anlam\u0131, \u201c\u00f6\u011frenilecek, \u00f6\u011frenilmesi gereken \u015fey\u201ddir. Yani, bilgi. Bu durumda matemati\u011fe ilgi duyan, onunla u\u011fra\u015fan ki\u015filer ise do\u011frudan \u00f6\u011frenmeye merakl\u0131 s\u0131fat\u0131n\u0131n ta\u015f\u0131y\u0131c\u0131s\u0131 olurlar. \u0130\u015fte bu ta\u015f\u0131y\u0131c\u0131lar, evrenin yaz\u0131ld\u0131\u011f\u0131 dil [&hellip;]\" \/>\n<meta property=\"og:url\" content=\"http:\/\/ticaret.edu.tr\/matematik\/giris-sayfasi\/\" \/>\n<meta property=\"og:site_name\" content=\"Matematik\" \/>\n<meta property=\"article:publisher\" content=\"https:\/\/www.facebook.com\/ticaretedutr\" \/>\n<meta property=\"article:modified_time\" content=\"2025-10-10T17:39:26+00:00\" \/>\n<meta property=\"og:image\" content=\"http:\/\/ticaret.edu.tr\/matematik\/wp-content\/uploads\/sites\/29\/2025\/10\/WhatsApp-Image-2025-09-26-at-21.12.05.jpeg\" \/>\n<meta name=\"twitter:card\" content=\"summary_large_image\" \/>\n<meta name=\"twitter:site\" content=\"@ticaretedutr\" \/>\n<meta name=\"twitter:label1\" content=\"Tahmini okuma s\u00fcresi\" \/>\n\t<meta name=\"twitter:data1\" content=\"2 dakika\" \/>\n<script type=\"application\/ld+json\" class=\"yoast-schema-graph\">{\"@context\":\"https:\/\/schema.org\",\"@graph\":[{\"@type\":\"WebPage\",\"@id\":\"http:\/\/ticaret.edu.tr\/matematik\/giris-sayfasi\/\",\"url\":\"http:\/\/ticaret.edu.tr\/matematik\/giris-sayfasi\/\",\"name\":\"Giri\u015f Sayfas\u0131 - Matematik\",\"isPartOf\":{\"@id\":\"https:\/\/ticaret.edu.tr\/matematik\/#website\"},\"datePublished\":\"2025-01-26T16:30:12+00:00\",\"dateModified\":\"2025-10-10T17:39:26+00:00\",\"breadcrumb\":{\"@id\":\"http:\/\/ticaret.edu.tr\/matematik\/giris-sayfasi\/#breadcrumb\"},\"inLanguage\":\"tr\",\"potentialAction\":[{\"@type\":\"ReadAction\",\"target\":[\"http:\/\/ticaret.edu.tr\/matematik\/giris-sayfasi\/\"]}]},{\"@type\":\"BreadcrumbList\",\"@id\":\"http:\/\/ticaret.edu.tr\/matematik\/giris-sayfasi\/#breadcrumb\",\"itemListElement\":[{\"@type\":\"ListItem\",\"position\":1,\"name\":\"Ana sayfa\",\"item\":\"https:\/\/ticaret.edu.tr\/matematik\/\"},{\"@type\":\"ListItem\",\"position\":2,\"name\":\"Giri\u015f Sayfas\u0131\"}]},{\"@type\":\"WebSite\",\"@id\":\"https:\/\/ticaret.edu.tr\/matematik\/#website\",\"url\":\"https:\/\/ticaret.edu.tr\/matematik\/\",\"name\":\"Matematik\",\"description\":\"\",\"potentialAction\":[{\"@type\":\"SearchAction\",\"target\":{\"@type\":\"EntryPoint\",\"urlTemplate\":\"https:\/\/ticaret.edu.tr\/matematik\/?s={search_term_string}\"},\"query-input\":\"required name=search_term_string\"}],\"inLanguage\":\"tr\"}]}<\/script>\n<!-- \/ Yoast SEO Premium plugin. -->","yoast_head_json":{"title":"Giri\u015f Sayfas\u0131 - Matematik","robots":{"index":"index","follow":"follow","max-snippet":"max-snippet:-1","max-image-preview":"max-image-preview:large","max-video-preview":"max-video-preview:-1"},"canonical":"http:\/\/ticaret.edu.tr\/matematik\/giris-sayfasi\/","og_locale":"tr_TR","og_type":"article","og_title":"Giri\u015f Sayfas\u0131","og_description":"Neden Matematik, Nedir Matematik? D\u00fcnya \u00fczerinde var olan her \u015feyin bir matemati\u011fi vard\u0131r. Dilimize Frans\u0131zca \u201cmath\u00e9matique\u201d kelimesinden ge\u00e7en ve k\u00f6k\u00fc eski Yunanca \u201cm\u00e1thema\u201d s\u00f6zc\u00fc\u011f\u00fcne dayanan \u201cmatematik\u201din as\u0131l anlam\u0131, \u201c\u00f6\u011frenilecek, \u00f6\u011frenilmesi gereken \u015fey\u201ddir. Yani, bilgi. Bu durumda matemati\u011fe ilgi duyan, onunla u\u011fra\u015fan ki\u015filer ise do\u011frudan \u00f6\u011frenmeye merakl\u0131 s\u0131fat\u0131n\u0131n ta\u015f\u0131y\u0131c\u0131s\u0131 olurlar. \u0130\u015fte bu ta\u015f\u0131y\u0131c\u0131lar, evrenin yaz\u0131ld\u0131\u011f\u0131 dil [&hellip;]","og_url":"http:\/\/ticaret.edu.tr\/matematik\/giris-sayfasi\/","og_site_name":"Matematik","article_publisher":"https:\/\/www.facebook.com\/ticaretedutr","article_modified_time":"2025-10-10T17:39:26+00:00","og_image":[{"url":"http:\/\/ticaret.edu.tr\/matematik\/wp-content\/uploads\/sites\/29\/2025\/10\/WhatsApp-Image-2025-09-26-at-21.12.05.jpeg"}],"twitter_card":"summary_large_image","twitter_site":"@ticaretedutr","twitter_misc":{"Tahmini okuma s\u00fcresi":"2 dakika"},"schema":{"@context":"https:\/\/schema.org","@graph":[{"@type":"WebPage","@id":"http:\/\/ticaret.edu.tr\/matematik\/giris-sayfasi\/","url":"http:\/\/ticaret.edu.tr\/matematik\/giris-sayfasi\/","name":"Giri\u015f Sayfas\u0131 - Matematik","isPartOf":{"@id":"https:\/\/ticaret.edu.tr\/matematik\/#website"},"datePublished":"2025-01-26T16:30:12+00:00","dateModified":"2025-10-10T17:39:26+00:00","breadcrumb":{"@id":"http:\/\/ticaret.edu.tr\/matematik\/giris-sayfasi\/#breadcrumb"},"inLanguage":"tr","potentialAction":[{"@type":"ReadAction","target":["http:\/\/ticaret.edu.tr\/matematik\/giris-sayfasi\/"]}]},{"@type":"BreadcrumbList","@id":"http:\/\/ticaret.edu.tr\/matematik\/giris-sayfasi\/#breadcrumb","itemListElement":[{"@type":"ListItem","position":1,"name":"Ana sayfa","item":"https:\/\/ticaret.edu.tr\/matematik\/"},{"@type":"ListItem","position":2,"name":"Giri\u015f Sayfas\u0131"}]},{"@type":"WebSite","@id":"https:\/\/ticaret.edu.tr\/matematik\/#website","url":"https:\/\/ticaret.edu.tr\/matematik\/","name":"Matematik","description":"","potentialAction":[{"@type":"SearchAction","target":{"@type":"EntryPoint","urlTemplate":"https:\/\/ticaret.edu.tr\/matematik\/?s={search_term_string}"},"query-input":"required name=search_term_string"}],"inLanguage":"tr"}]}},"lang":"tr","translations":{"en":1034,"tr":1032},"pll_sync_post":[],"_links":{"self":[{"href":"http:\/\/ticaret.edu.tr\/matematik\/wp-json\/wp\/v2\/pages\/1032"}],"collection":[{"href":"http:\/\/ticaret.edu.tr\/matematik\/wp-json\/wp\/v2\/pages"}],"about":[{"href":"http:\/\/ticaret.edu.tr\/matematik\/wp-json\/wp\/v2\/types\/page"}],"author":[{"embeddable":true,"href":"http:\/\/ticaret.edu.tr\/matematik\/wp-json\/wp\/v2\/users\/211"}],"replies":[{"embeddable":true,"href":"http:\/\/ticaret.edu.tr\/matematik\/wp-json\/wp\/v2\/comments?post=1032"}],"version-history":[{"count":13,"href":"http:\/\/ticaret.edu.tr\/matematik\/wp-json\/wp\/v2\/pages\/1032\/revisions"}],"predecessor-version":[{"id":1778,"href":"http:\/\/ticaret.edu.tr\/matematik\/wp-json\/wp\/v2\/pages\/1032\/revisions\/1778"}],"wp:attachment":[{"href":"http:\/\/ticaret.edu.tr\/matematik\/wp-json\/wp\/v2\/media?parent=1032"}],"curies":[{"name":"wp","href":"https:\/\/api.w.org\/{rel}","templated":true}]}}