{"id":1036,"date":"2025-01-26T19:31:00","date_gmt":"2025-01-26T16:31:00","guid":{"rendered":"https:\/\/ticaret.edu.tr\/matematik\/?page_id=1036"},"modified":"2025-10-10T20:50:13","modified_gmt":"2025-10-10T17:50:13","slug":"aday-ogrenci","status":"publish","type":"page","link":"http:\/\/ticaret.edu.tr\/matematik\/aday-ogrenci\/","title":{"rendered":"Aday \u00d6\u011frenci"},"content":{"rendered":"<p>Merak duygunuzu ve problem \u00e7\u00f6zme yetene\u011finizi geli\u015ftirerek gelece\u011fin bilim ve teknoloji d\u00fcnyas\u0131nda g\u00fc\u00e7l\u00fc bir yer edinmek ister misiniz? \u0130stanbul Ticaret \u00dcniversitesi Matematik B\u00f6l\u00fcm\u00fc, teorik bilgiyi prati\u011fe d\u00f6kebilece\u011finiz, bilimsel ara\u015ft\u0131rmalara kat\u0131labilece\u011finiz ve kariyer hedeflerinizi ger\u00e7ekle\u015ftirebilece\u011finiz bir e\u011fitim sunuyor.<\/p>\n<h3><strong>Neden \u0130stanbul Ticaret \u00dcniversitesi Matematik B\u00f6l\u00fcm\u00fc?<\/strong><\/h3>\n<p>&nbsp;<\/p>\n<ul>\n<li><strong>Nitelikli Akademik Kadro:<\/strong> Alan\u0131nda uzman ve uluslararas\u0131 deneyime sahip \u00f6\u011fretim \u00fcyeleriyle kaliteli bir e\u011fitim alabilirsiniz.<\/li>\n<li><strong>Uygulamal\u0131 E\u011fitim:<\/strong> Teorik matematik bilgisinin yan\u0131 s\u0131ra yaz\u0131l\u0131m, veri analizi ve finansal matematik gibi uygulamal\u0131 derslerle i\u015f d\u00fcnyas\u0131na uyum sa\u011flayabilirsiniz.<\/li>\n<li><strong>Kariyer F\u0131rsatlar\u0131:<\/strong> Mezunlar\u0131m\u0131z finans, bankac\u0131l\u0131k, yaz\u0131l\u0131m, veri analiti\u011fi ve akademik ara\u015ft\u0131rma gibi farkl\u0131 sekt\u00f6rlerde kariyer f\u0131rsatlar\u0131na sahip oluyor.<\/li>\n<li><strong>\u0130\u015f D\u00fcnyas\u0131 ile \u0130\u015f Birli\u011fi:<\/strong> \u00dcniversitemizin \u0130stanbul Ticaret Odas\u0131 ile olan g\u00fc\u00e7l\u00fc ba\u011flar\u0131 sayesinde sekt\u00f6rel projelere kat\u0131lma ve staj imkan\u0131 bulabilirsiniz.<\/li>\n<li><strong>Ara\u015ft\u0131rma ve Geli\u015ftirme:<\/strong> Matematik teorisini derinlemesine \u00f6\u011frenirken \u00e7e\u015fitli bilimsel projelerde aktif rol alabilirsiniz.<\/li>\n<\/ul>\n<p>&nbsp;<\/p>\n<h3><strong>E\u011fitim ve Program \u0130\u00e7eri\u011fi<\/strong><\/h3>\n<p>Matematik B\u00f6l\u00fcm\u00fc m\u00fcfredat\u0131m\u0131z, analitik d\u00fc\u015f\u00fcnme becerilerinizi geli\u015ftirirken algoritma tasar\u0131m\u0131, finansal modelleme ve veri analizine y\u00f6nelik derslerle geni\u015f bir yelpaze sunuyor.<\/p>\n<h3><strong>Uluslararas\u0131 Deneyim<\/strong><\/h3>\n<p>Erasmus+, Orhun ve di\u011fer de\u011fi\u015fim programlar\u0131yla Avrupa\u2019n\u0131n yan\u0131 s\u0131ra T\u00fcrkiye Cumhuriyeti devletlerinin \u00e7e\u015fitli \u00fcniversitelerinde e\u011fitim alma f\u0131rsat\u0131 sizi bekliyor.<\/p>\n<h3><strong>Matematikle Gelece\u011fi \u015eekillendirin!<\/strong><\/h3>\n<p>\u0130stanbul Ticaret \u00dcniversitesi Matematik B\u00f6l\u00fcm\u00fc&#8217;nde siz de bilim ve teknoloji d\u00fcnyas\u0131na katk\u0131 sa\u011flayan bir birey olma f\u0131rsat\u0131n\u0131 yakalayabilirsiniz.<\/p>\n","protected":false},"excerpt":{"rendered":"<p>Merak duygunuzu ve problem \u00e7\u00f6zme yetene\u011finizi geli\u015ftirerek gelece\u011fin bilim ve teknoloji d\u00fcnyas\u0131nda g\u00fc\u00e7l\u00fc bir yer edinmek ister misiniz? \u0130stanbul Ticaret \u00dcniversitesi Matematik B\u00f6l\u00fcm\u00fc, teorik bilgiyi prati\u011fe d\u00f6kebilece\u011finiz, bilimsel ara\u015ft\u0131rmalara kat\u0131labilece\u011finiz ve kariyer hedeflerinizi ger\u00e7ekle\u015ftirebilece\u011finiz bir e\u011fitim sunuyor. Neden \u0130stanbul Ticaret \u00dcniversitesi Matematik B\u00f6l\u00fcm\u00fc? &nbsp; Nitelikli Akademik Kadro: Alan\u0131nda uzman ve uluslararas\u0131 deneyime sahip \u00f6\u011fretim \u00fcyeleriyle [&hellip;]<\/p>\n","protected":false},"author":211,"featured_media":0,"parent":0,"menu_order":0,"comment_status":"closed","ping_status":"closed","template":"genel_sayfa.php","meta":{"footnotes":""},"yoast_head":"<!-- This site is optimized with the Yoast SEO Premium plugin v22.1 (Yoast SEO v22.1) - https:\/\/yoast.com\/wordpress\/plugins\/seo\/ -->\n<title>Aday \u00d6\u011frenci - Matematik<\/title>\n<meta name=\"robots\" content=\"index, follow, max-snippet:-1, max-image-preview:large, max-video-preview:-1\" \/>\n<link rel=\"canonical\" href=\"http:\/\/ticaret.edu.tr\/matematik\/aday-ogrenci\/\" \/>\n<meta property=\"og:locale\" content=\"tr_TR\" \/>\n<meta property=\"og:type\" content=\"article\" \/>\n<meta property=\"og:title\" content=\"Aday \u00d6\u011frenci\" \/>\n<meta property=\"og:description\" content=\"Merak duygunuzu ve problem \u00e7\u00f6zme yetene\u011finizi geli\u015ftirerek gelece\u011fin bilim ve teknoloji d\u00fcnyas\u0131nda g\u00fc\u00e7l\u00fc bir yer edinmek ister misiniz? \u0130stanbul Ticaret \u00dcniversitesi Matematik B\u00f6l\u00fcm\u00fc, teorik bilgiyi prati\u011fe d\u00f6kebilece\u011finiz, bilimsel ara\u015ft\u0131rmalara kat\u0131labilece\u011finiz ve kariyer hedeflerinizi ger\u00e7ekle\u015ftirebilece\u011finiz bir e\u011fitim sunuyor. Neden \u0130stanbul Ticaret \u00dcniversitesi Matematik B\u00f6l\u00fcm\u00fc? &nbsp; Nitelikli Akademik Kadro: Alan\u0131nda uzman ve uluslararas\u0131 deneyime sahip \u00f6\u011fretim \u00fcyeleriyle [&hellip;]\" \/>\n<meta property=\"og:url\" content=\"http:\/\/ticaret.edu.tr\/matematik\/aday-ogrenci\/\" \/>\n<meta property=\"og:site_name\" content=\"Matematik\" \/>\n<meta property=\"article:publisher\" content=\"https:\/\/www.facebook.com\/ticaretedutr\" \/>\n<meta property=\"article:modified_time\" content=\"2025-10-10T17:50:13+00:00\" \/>\n<meta property=\"og:image\" content=\"http:\/\/ticaret.edu.tr\/matematik\/wp-content\/uploads\/sites\/29\/2021\/11\/web_logo-01.jpg\" \/>\n\t<meta property=\"og:image:width\" content=\"1250\" \/>\n\t<meta property=\"og:image:height\" content=\"833\" \/>\n\t<meta property=\"og:image:type\" content=\"image\/jpeg\" \/>\n<meta name=\"twitter:card\" content=\"summary_large_image\" \/>\n<meta name=\"twitter:site\" content=\"@ticaretedutr\" \/>\n<meta name=\"twitter:label1\" content=\"Tahmini okuma s\u00fcresi\" \/>\n\t<meta name=\"twitter:data1\" content=\"2 dakika\" \/>\n<script type=\"application\/ld+json\" class=\"yoast-schema-graph\">{\"@context\":\"https:\/\/schema.org\",\"@graph\":[{\"@type\":\"WebPage\",\"@id\":\"http:\/\/ticaret.edu.tr\/matematik\/aday-ogrenci\/\",\"url\":\"http:\/\/ticaret.edu.tr\/matematik\/aday-ogrenci\/\",\"name\":\"Aday \u00d6\u011frenci - Matematik\",\"isPartOf\":{\"@id\":\"https:\/\/ticaret.edu.tr\/matematik\/#website\"},\"datePublished\":\"2025-01-26T16:31:00+00:00\",\"dateModified\":\"2025-10-10T17:50:13+00:00\",\"breadcrumb\":{\"@id\":\"http:\/\/ticaret.edu.tr\/matematik\/aday-ogrenci\/#breadcrumb\"},\"inLanguage\":\"tr\",\"potentialAction\":[{\"@type\":\"ReadAction\",\"target\":[\"http:\/\/ticaret.edu.tr\/matematik\/aday-ogrenci\/\"]}]},{\"@type\":\"BreadcrumbList\",\"@id\":\"http:\/\/ticaret.edu.tr\/matematik\/aday-ogrenci\/#breadcrumb\",\"itemListElement\":[{\"@type\":\"ListItem\",\"position\":1,\"name\":\"Ana sayfa\",\"item\":\"https:\/\/ticaret.edu.tr\/matematik\/\"},{\"@type\":\"ListItem\",\"position\":2,\"name\":\"Aday \u00d6\u011frenci\"}]},{\"@type\":\"WebSite\",\"@id\":\"https:\/\/ticaret.edu.tr\/matematik\/#website\",\"url\":\"https:\/\/ticaret.edu.tr\/matematik\/\",\"name\":\"Matematik\",\"description\":\"\",\"potentialAction\":[{\"@type\":\"SearchAction\",\"target\":{\"@type\":\"EntryPoint\",\"urlTemplate\":\"https:\/\/ticaret.edu.tr\/matematik\/?s={search_term_string}\"},\"query-input\":\"required name=search_term_string\"}],\"inLanguage\":\"tr\"}]}<\/script>\n<!-- \/ Yoast SEO Premium plugin. -->","yoast_head_json":{"title":"Aday \u00d6\u011frenci - Matematik","robots":{"index":"index","follow":"follow","max-snippet":"max-snippet:-1","max-image-preview":"max-image-preview:large","max-video-preview":"max-video-preview:-1"},"canonical":"http:\/\/ticaret.edu.tr\/matematik\/aday-ogrenci\/","og_locale":"tr_TR","og_type":"article","og_title":"Aday \u00d6\u011frenci","og_description":"Merak duygunuzu ve problem \u00e7\u00f6zme yetene\u011finizi geli\u015ftirerek gelece\u011fin bilim ve teknoloji d\u00fcnyas\u0131nda g\u00fc\u00e7l\u00fc bir yer edinmek ister misiniz? \u0130stanbul Ticaret \u00dcniversitesi Matematik B\u00f6l\u00fcm\u00fc, teorik bilgiyi prati\u011fe d\u00f6kebilece\u011finiz, bilimsel ara\u015ft\u0131rmalara kat\u0131labilece\u011finiz ve kariyer hedeflerinizi ger\u00e7ekle\u015ftirebilece\u011finiz bir e\u011fitim sunuyor. Neden \u0130stanbul Ticaret \u00dcniversitesi Matematik B\u00f6l\u00fcm\u00fc? &nbsp; Nitelikli Akademik Kadro: Alan\u0131nda uzman ve uluslararas\u0131 deneyime sahip \u00f6\u011fretim \u00fcyeleriyle [&hellip;]","og_url":"http:\/\/ticaret.edu.tr\/matematik\/aday-ogrenci\/","og_site_name":"Matematik","article_publisher":"https:\/\/www.facebook.com\/ticaretedutr","article_modified_time":"2025-10-10T17:50:13+00:00","og_image":[{"width":1250,"height":833,"url":"http:\/\/ticaret.edu.tr\/matematik\/wp-content\/uploads\/sites\/29\/2021\/11\/web_logo-01.jpg","type":"image\/jpeg"}],"twitter_card":"summary_large_image","twitter_site":"@ticaretedutr","twitter_misc":{"Tahmini okuma s\u00fcresi":"2 dakika"},"schema":{"@context":"https:\/\/schema.org","@graph":[{"@type":"WebPage","@id":"http:\/\/ticaret.edu.tr\/matematik\/aday-ogrenci\/","url":"http:\/\/ticaret.edu.tr\/matematik\/aday-ogrenci\/","name":"Aday \u00d6\u011frenci - Matematik","isPartOf":{"@id":"https:\/\/ticaret.edu.tr\/matematik\/#website"},"datePublished":"2025-01-26T16:31:00+00:00","dateModified":"2025-10-10T17:50:13+00:00","breadcrumb":{"@id":"http:\/\/ticaret.edu.tr\/matematik\/aday-ogrenci\/#breadcrumb"},"inLanguage":"tr","potentialAction":[{"@type":"ReadAction","target":["http:\/\/ticaret.edu.tr\/matematik\/aday-ogrenci\/"]}]},{"@type":"BreadcrumbList","@id":"http:\/\/ticaret.edu.tr\/matematik\/aday-ogrenci\/#breadcrumb","itemListElement":[{"@type":"ListItem","position":1,"name":"Ana sayfa","item":"https:\/\/ticaret.edu.tr\/matematik\/"},{"@type":"ListItem","position":2,"name":"Aday \u00d6\u011frenci"}]},{"@type":"WebSite","@id":"https:\/\/ticaret.edu.tr\/matematik\/#website","url":"https:\/\/ticaret.edu.tr\/matematik\/","name":"Matematik","description":"","potentialAction":[{"@type":"SearchAction","target":{"@type":"EntryPoint","urlTemplate":"https:\/\/ticaret.edu.tr\/matematik\/?s={search_term_string}"},"query-input":"required name=search_term_string"}],"inLanguage":"tr"}]}},"lang":"tr","translations":{"en":1038,"tr":1036},"pll_sync_post":[],"_links":{"self":[{"href":"http:\/\/ticaret.edu.tr\/matematik\/wp-json\/wp\/v2\/pages\/1036"}],"collection":[{"href":"http:\/\/ticaret.edu.tr\/matematik\/wp-json\/wp\/v2\/pages"}],"about":[{"href":"http:\/\/ticaret.edu.tr\/matematik\/wp-json\/wp\/v2\/types\/page"}],"author":[{"embeddable":true,"href":"http:\/\/ticaret.edu.tr\/matematik\/wp-json\/wp\/v2\/users\/211"}],"replies":[{"embeddable":true,"href":"http:\/\/ticaret.edu.tr\/matematik\/wp-json\/wp\/v2\/comments?post=1036"}],"version-history":[{"count":21,"href":"http:\/\/ticaret.edu.tr\/matematik\/wp-json\/wp\/v2\/pages\/1036\/revisions"}],"predecessor-version":[{"id":1786,"href":"http:\/\/ticaret.edu.tr\/matematik\/wp-json\/wp\/v2\/pages\/1036\/revisions\/1786"}],"wp:attachment":[{"href":"http:\/\/ticaret.edu.tr\/matematik\/wp-json\/wp\/v2\/media?parent=1036"}],"curies":[{"name":"wp","href":"https:\/\/api.w.org\/{rel}","templated":true}]}}