{"id":1041,"date":"2025-01-26T19:31:56","date_gmt":"2025-01-26T16:31:56","guid":{"rendered":"https:\/\/ticaret.edu.tr\/matematik\/?page_id=1041"},"modified":"2025-12-04T23:31:00","modified_gmt":"2025-12-04T20:31:00","slug":"tarihce","status":"publish","type":"page","link":"http:\/\/ticaret.edu.tr\/matematik\/tarihce\/","title":{"rendered":"Tarih\u00e7e"},"content":{"rendered":"<p><strong>\u0130stanbul Ticaret \u00dcniversitesi Matematik B\u00f6l\u00fcm\u00fc<\/strong><\/p>\n<p data-start=\"263\" data-end=\"716\"><strong data-start=\"263\" data-end=\"286\">Matematik B\u00f6l\u00fcm\u00fcm\u00fcz<\/strong>, \u0130stanbul Ticaret \u00dcniversitesi <strong data-start=\"318\" data-end=\"344\">Fen-Edebiyat Fak\u00fcltesi<\/strong> b\u00fcnyesinde <strong data-start=\"356\" data-end=\"372\">2003 y\u0131l\u0131nda<\/strong> kurulmu\u015f ve e\u011fitim-\u00f6\u011fretim faaliyetlerine <strong data-start=\"415\" data-end=\"433\">T\u00fcrk\u00e7e dilinde<\/strong> ba\u015flam\u0131\u015ft\u0131r. \u0130lk \u00f6\u011frencilerini <strong data-start=\"465\" data-end=\"500\">2004 y\u0131l\u0131nda \u00dcsk\u00fcdar Yerle\u015fkesi<\/strong>\u2019nde kabul eden b\u00f6l\u00fcm\u00fcm\u00fcz, <strong data-start=\"527\" data-end=\"543\">2008 y\u0131l\u0131nda<\/strong> ilk mezunlar\u0131n\u0131 vermi\u015ftir. <strong data-start=\"571\" data-end=\"587\">2013 y\u0131l\u0131nda<\/strong>, kurucu vakf\u0131m\u0131z\u0131n yapt\u0131\u011f\u0131 yat\u0131r\u0131m sayesinde <strong data-start=\"633\" data-end=\"655\">S\u00fctl\u00fcce Yerle\u015fkesi<\/strong>\u2019ne ta\u015f\u0131nm\u0131\u015f ve h\u00e2len burada e\u011fitim vermeye devam etmektedir.<\/p>\n<p data-start=\"718\" data-end=\"1094\"><strong data-start=\"718\" data-end=\"739\">2014\u20132018 y\u0131llar\u0131<\/strong> aras\u0131nda yeni \u00f6\u011frenci al\u0131m\u0131na ara veren b\u00f6l\u00fcm\u00fcm\u00fcz, <strong data-start=\"791\" data-end=\"853\">2019 y\u0131l\u0131ndan itibaren \u0130nsan ve Toplum Bilimleri Fak\u00fcltesi<\/strong> \u00e7at\u0131s\u0131 alt\u0131nda yeniden \u00f6\u011frenci kabul etmeye ba\u015flam\u0131\u015ft\u0131r. Kurulu\u015fundan bug\u00fcne, b\u00f6l\u00fcme hizmet etmi\u015f <strong data-start=\"952\" data-end=\"996\">bir\u00e7ok de\u011ferli matematik\u00e7inin katk\u0131s\u0131yla<\/strong> geli\u015fimini s\u00fcrd\u00fcren Matematik B\u00f6l\u00fcm\u00fcm\u00fcz, bug\u00fcne kadar <strong data-start=\"1051\" data-end=\"1083\">yakla\u015f\u0131k 350 lisans derecesi<\/strong> vermi\u015ftir.<\/p>\n<p data-start=\"1096\" data-end=\"1376\"><strong data-start=\"1096\" data-end=\"1120\">2025 y\u0131l\u0131 itibar\u0131yla<\/strong> Matematik B\u00f6l\u00fcm\u00fcm\u00fczde <strong data-start=\"1143\" data-end=\"1216\">2 profes\u00f6r, 1 do\u00e7ent, 3 doktor \u00f6\u011fretim \u00fcyesi ve 2 ara\u015ft\u0131rma g\u00f6revlisi<\/strong> g\u00f6rev yapmaktad\u0131r. T\u00fcm dersler, bu <strong data-start=\"1252\" data-end=\"1277\">yetkin akademik kadro<\/strong> taraf\u0131ndan ve gerekti\u011finde <strong data-start=\"1305\" data-end=\"1348\">misafir \u00f6\u011fretim \u00fcyelerinin katk\u0131lar\u0131yla<\/strong> titizlikle y\u00fcr\u00fct\u00fclmektedir.<\/p>\n<p data-start=\"1378\" data-end=\"1655\">Matematik B\u00f6l\u00fcm\u00fcm\u00fcz, <strong data-start=\"1399\" data-end=\"1471\">cebir, analiz, geometri, olas\u0131l\u0131k\/istatistik ve uygulamal\u0131 matematik<\/strong> alanlar\u0131n\u0131 kapsayan <strong data-start=\"1492\" data-end=\"1515\">g\u00fcncel bir m\u00fcfredat<\/strong> sunar. <strong data-start=\"1523\" data-end=\"1548\">Esnek se\u00e7meli dersler<\/strong> ile <strong data-start=\"1553\" data-end=\"1568\">\u00e7ift anadal<\/strong> ve <strong data-start=\"1572\" data-end=\"1582\">yandal<\/strong> imk\u00e2nlar\u0131 sayesinde \u00f6\u011frenciler <strong data-start=\"1614\" data-end=\"1645\">disiplinleraras\u0131 bir e\u011fitim<\/strong> alabilir.<\/p>\n<p data-start=\"1657\" data-end=\"1900\">\u00d6\u011frenciler; <strong data-start=\"1669\" data-end=\"1767\">seminerler, konuk konu\u015fmac\u0131lar, proje \u00e7al\u0131\u015fmalar\u0131, de\u011fi\u015fim programlar\u0131 ve sekt\u00f6r i\u015f birlikleri<\/strong> arac\u0131l\u0131\u011f\u0131yla erken d\u00f6nemde <strong data-start=\"1795\" data-end=\"1824\">ara\u015ft\u0131rma k\u00fclt\u00fcr\u00fc kazan\u0131r<\/strong>; <strong data-start=\"1826\" data-end=\"1877\">akademi, finans, veri bilimi, yaz\u0131l\u0131m ve e\u011fitim<\/strong> gibi alanlara y\u00f6nelir.<\/p>\n<p data-start=\"1902\" data-end=\"2105\"><strong data-start=\"1902\" data-end=\"1949\">D\u00fczenli seminerler ve at\u00f6lye \u00e7al\u0131\u015fmalar\u0131yla<\/strong> g\u00fc\u00e7l\u00fc bir <strong data-start=\"1960\" data-end=\"1988\">akademik topluluk yap\u0131s\u0131<\/strong> desteklenir. Mezunlar, <strong data-start=\"2012\" data-end=\"2047\">analitik d\u00fc\u015f\u00fcnme, problem \u00e7\u00f6zme<\/strong> ve <strong data-start=\"2051\" data-end=\"2094\">disiplinleraras\u0131 ileti\u015fim becerileriyle<\/strong> \u00f6ne \u00e7\u0131kar.<\/p>\n<p>&nbsp;<\/p>\n<p><strong>Matematik B\u00f6l\u00fcm Ba\u015fkanlar\u0131:<\/strong><\/p>\n<ul>\n<li>Do\u00e7. Dr. Abdullah Yener (2025\u2013\u2026)<\/li>\n<li>Prof. Dr. Do\u011fan Kaya (2022-2025)<\/li>\n<li>Prof. Dr. Necip \u015eim\u015fek (2020-2022)<\/li>\n<li>Prof. Dr. \u0130smail K\u00f6mbe (2014-2020)<\/li>\n<li>Prof. Dr. Yusuf Ayd\u0131n (2011-2014)<\/li>\n<li>Prof. Dr. Abdurrahim Y\u0131lmaz (2010-2011)<\/li>\n<li>\u2026.<\/li>\n<li>\u2026.<\/li>\n<\/ul>\n","protected":false},"excerpt":{"rendered":"<p>\u0130stanbul Ticaret \u00dcniversitesi Matematik B\u00f6l\u00fcm\u00fc Matematik B\u00f6l\u00fcm\u00fcm\u00fcz, \u0130stanbul Ticaret \u00dcniversitesi Fen-Edebiyat Fak\u00fcltesi b\u00fcnyesinde 2003 y\u0131l\u0131nda kurulmu\u015f ve e\u011fitim-\u00f6\u011fretim faaliyetlerine T\u00fcrk\u00e7e dilinde ba\u015flam\u0131\u015ft\u0131r. \u0130lk \u00f6\u011frencilerini 2004 y\u0131l\u0131nda \u00dcsk\u00fcdar Yerle\u015fkesi\u2019nde kabul eden b\u00f6l\u00fcm\u00fcm\u00fcz, 2008 y\u0131l\u0131nda ilk mezunlar\u0131n\u0131 vermi\u015ftir. 2013 y\u0131l\u0131nda, kurucu vakf\u0131m\u0131z\u0131n yapt\u0131\u011f\u0131 yat\u0131r\u0131m sayesinde S\u00fctl\u00fcce Yerle\u015fkesi\u2019ne ta\u015f\u0131nm\u0131\u015f ve h\u00e2len burada e\u011fitim vermeye devam etmektedir. 2014\u20132018 y\u0131llar\u0131 [&hellip;]<\/p>\n","protected":false},"author":211,"featured_media":0,"parent":0,"menu_order":0,"comment_status":"closed","ping_status":"closed","template":"genel_sayfa.php","meta":{"footnotes":""},"yoast_head":"<!-- This site is optimized with the Yoast SEO Premium plugin v22.1 (Yoast SEO v22.1) - https:\/\/yoast.com\/wordpress\/plugins\/seo\/ -->\n<title>Tarih\u00e7e - Matematik<\/title>\n<meta name=\"robots\" content=\"index, follow, max-snippet:-1, max-image-preview:large, max-video-preview:-1\" \/>\n<link rel=\"canonical\" href=\"http:\/\/ticaret.edu.tr\/matematik\/tarihce\/\" \/>\n<meta property=\"og:locale\" content=\"tr_TR\" \/>\n<meta property=\"og:type\" content=\"article\" \/>\n<meta property=\"og:title\" content=\"Tarih\u00e7e\" \/>\n<meta property=\"og:description\" content=\"\u0130stanbul Ticaret \u00dcniversitesi Matematik B\u00f6l\u00fcm\u00fc Matematik B\u00f6l\u00fcm\u00fcm\u00fcz, \u0130stanbul Ticaret \u00dcniversitesi Fen-Edebiyat Fak\u00fcltesi b\u00fcnyesinde 2003 y\u0131l\u0131nda kurulmu\u015f ve e\u011fitim-\u00f6\u011fretim faaliyetlerine T\u00fcrk\u00e7e dilinde ba\u015flam\u0131\u015ft\u0131r. \u0130lk \u00f6\u011frencilerini 2004 y\u0131l\u0131nda \u00dcsk\u00fcdar Yerle\u015fkesi\u2019nde kabul eden b\u00f6l\u00fcm\u00fcm\u00fcz, 2008 y\u0131l\u0131nda ilk mezunlar\u0131n\u0131 vermi\u015ftir. 2013 y\u0131l\u0131nda, kurucu vakf\u0131m\u0131z\u0131n yapt\u0131\u011f\u0131 yat\u0131r\u0131m sayesinde S\u00fctl\u00fcce Yerle\u015fkesi\u2019ne ta\u015f\u0131nm\u0131\u015f ve h\u00e2len burada e\u011fitim vermeye devam etmektedir. 2014\u20132018 y\u0131llar\u0131 [&hellip;]\" \/>\n<meta property=\"og:url\" content=\"http:\/\/ticaret.edu.tr\/matematik\/tarihce\/\" \/>\n<meta property=\"og:site_name\" content=\"Matematik\" \/>\n<meta property=\"article:publisher\" content=\"https:\/\/www.facebook.com\/ticaretedutr\" \/>\n<meta property=\"article:modified_time\" content=\"2025-12-04T20:31:00+00:00\" \/>\n<meta property=\"og:image\" content=\"http:\/\/ticaret.edu.tr\/matematik\/wp-content\/uploads\/sites\/29\/2021\/11\/web_logo-01.jpg\" \/>\n\t<meta property=\"og:image:width\" content=\"1250\" \/>\n\t<meta property=\"og:image:height\" content=\"833\" \/>\n\t<meta property=\"og:image:type\" content=\"image\/jpeg\" \/>\n<meta name=\"twitter:card\" content=\"summary_large_image\" \/>\n<meta name=\"twitter:site\" content=\"@ticaretedutr\" \/>\n<meta name=\"twitter:label1\" content=\"Tahmini okuma s\u00fcresi\" \/>\n\t<meta name=\"twitter:data1\" content=\"2 dakika\" \/>\n<script type=\"application\/ld+json\" class=\"yoast-schema-graph\">{\"@context\":\"https:\/\/schema.org\",\"@graph\":[{\"@type\":\"WebPage\",\"@id\":\"http:\/\/ticaret.edu.tr\/matematik\/tarihce\/\",\"url\":\"http:\/\/ticaret.edu.tr\/matematik\/tarihce\/\",\"name\":\"Tarih\u00e7e - Matematik\",\"isPartOf\":{\"@id\":\"https:\/\/ticaret.edu.tr\/matematik\/#website\"},\"datePublished\":\"2025-01-26T16:31:56+00:00\",\"dateModified\":\"2025-12-04T20:31:00+00:00\",\"breadcrumb\":{\"@id\":\"http:\/\/ticaret.edu.tr\/matematik\/tarihce\/#breadcrumb\"},\"inLanguage\":\"tr\",\"potentialAction\":[{\"@type\":\"ReadAction\",\"target\":[\"http:\/\/ticaret.edu.tr\/matematik\/tarihce\/\"]}]},{\"@type\":\"BreadcrumbList\",\"@id\":\"http:\/\/ticaret.edu.tr\/matematik\/tarihce\/#breadcrumb\",\"itemListElement\":[{\"@type\":\"ListItem\",\"position\":1,\"name\":\"Ana sayfa\",\"item\":\"https:\/\/ticaret.edu.tr\/matematik\/\"},{\"@type\":\"ListItem\",\"position\":2,\"name\":\"Tarih\u00e7e\"}]},{\"@type\":\"WebSite\",\"@id\":\"https:\/\/ticaret.edu.tr\/matematik\/#website\",\"url\":\"https:\/\/ticaret.edu.tr\/matematik\/\",\"name\":\"Matematik\",\"description\":\"\",\"potentialAction\":[{\"@type\":\"SearchAction\",\"target\":{\"@type\":\"EntryPoint\",\"urlTemplate\":\"https:\/\/ticaret.edu.tr\/matematik\/?s={search_term_string}\"},\"query-input\":\"required name=search_term_string\"}],\"inLanguage\":\"tr\"}]}<\/script>\n<!-- \/ Yoast SEO Premium plugin. -->","yoast_head_json":{"title":"Tarih\u00e7e - Matematik","robots":{"index":"index","follow":"follow","max-snippet":"max-snippet:-1","max-image-preview":"max-image-preview:large","max-video-preview":"max-video-preview:-1"},"canonical":"http:\/\/ticaret.edu.tr\/matematik\/tarihce\/","og_locale":"tr_TR","og_type":"article","og_title":"Tarih\u00e7e","og_description":"\u0130stanbul Ticaret \u00dcniversitesi Matematik B\u00f6l\u00fcm\u00fc Matematik B\u00f6l\u00fcm\u00fcm\u00fcz, \u0130stanbul Ticaret \u00dcniversitesi Fen-Edebiyat Fak\u00fcltesi b\u00fcnyesinde 2003 y\u0131l\u0131nda kurulmu\u015f ve e\u011fitim-\u00f6\u011fretim faaliyetlerine T\u00fcrk\u00e7e dilinde ba\u015flam\u0131\u015ft\u0131r. \u0130lk \u00f6\u011frencilerini 2004 y\u0131l\u0131nda \u00dcsk\u00fcdar Yerle\u015fkesi\u2019nde kabul eden b\u00f6l\u00fcm\u00fcm\u00fcz, 2008 y\u0131l\u0131nda ilk mezunlar\u0131n\u0131 vermi\u015ftir. 2013 y\u0131l\u0131nda, kurucu vakf\u0131m\u0131z\u0131n yapt\u0131\u011f\u0131 yat\u0131r\u0131m sayesinde S\u00fctl\u00fcce Yerle\u015fkesi\u2019ne ta\u015f\u0131nm\u0131\u015f ve h\u00e2len burada e\u011fitim vermeye devam etmektedir. 2014\u20132018 y\u0131llar\u0131 [&hellip;]","og_url":"http:\/\/ticaret.edu.tr\/matematik\/tarihce\/","og_site_name":"Matematik","article_publisher":"https:\/\/www.facebook.com\/ticaretedutr","article_modified_time":"2025-12-04T20:31:00+00:00","og_image":[{"width":1250,"height":833,"url":"http:\/\/ticaret.edu.tr\/matematik\/wp-content\/uploads\/sites\/29\/2021\/11\/web_logo-01.jpg","type":"image\/jpeg"}],"twitter_card":"summary_large_image","twitter_site":"@ticaretedutr","twitter_misc":{"Tahmini okuma s\u00fcresi":"2 dakika"},"schema":{"@context":"https:\/\/schema.org","@graph":[{"@type":"WebPage","@id":"http:\/\/ticaret.edu.tr\/matematik\/tarihce\/","url":"http:\/\/ticaret.edu.tr\/matematik\/tarihce\/","name":"Tarih\u00e7e - Matematik","isPartOf":{"@id":"https:\/\/ticaret.edu.tr\/matematik\/#website"},"datePublished":"2025-01-26T16:31:56+00:00","dateModified":"2025-12-04T20:31:00+00:00","breadcrumb":{"@id":"http:\/\/ticaret.edu.tr\/matematik\/tarihce\/#breadcrumb"},"inLanguage":"tr","potentialAction":[{"@type":"ReadAction","target":["http:\/\/ticaret.edu.tr\/matematik\/tarihce\/"]}]},{"@type":"BreadcrumbList","@id":"http:\/\/ticaret.edu.tr\/matematik\/tarihce\/#breadcrumb","itemListElement":[{"@type":"ListItem","position":1,"name":"Ana sayfa","item":"https:\/\/ticaret.edu.tr\/matematik\/"},{"@type":"ListItem","position":2,"name":"Tarih\u00e7e"}]},{"@type":"WebSite","@id":"https:\/\/ticaret.edu.tr\/matematik\/#website","url":"https:\/\/ticaret.edu.tr\/matematik\/","name":"Matematik","description":"","potentialAction":[{"@type":"SearchAction","target":{"@type":"EntryPoint","urlTemplate":"https:\/\/ticaret.edu.tr\/matematik\/?s={search_term_string}"},"query-input":"required name=search_term_string"}],"inLanguage":"tr"}]}},"lang":"tr","translations":{"tr":1041},"pll_sync_post":[],"_links":{"self":[{"href":"http:\/\/ticaret.edu.tr\/matematik\/wp-json\/wp\/v2\/pages\/1041"}],"collection":[{"href":"http:\/\/ticaret.edu.tr\/matematik\/wp-json\/wp\/v2\/pages"}],"about":[{"href":"http:\/\/ticaret.edu.tr\/matematik\/wp-json\/wp\/v2\/types\/page"}],"author":[{"embeddable":true,"href":"http:\/\/ticaret.edu.tr\/matematik\/wp-json\/wp\/v2\/users\/211"}],"replies":[{"embeddable":true,"href":"http:\/\/ticaret.edu.tr\/matematik\/wp-json\/wp\/v2\/comments?post=1041"}],"version-history":[{"count":11,"href":"http:\/\/ticaret.edu.tr\/matematik\/wp-json\/wp\/v2\/pages\/1041\/revisions"}],"predecessor-version":[{"id":1961,"href":"http:\/\/ticaret.edu.tr\/matematik\/wp-json\/wp\/v2\/pages\/1041\/revisions\/1961"}],"wp:attachment":[{"href":"http:\/\/ticaret.edu.tr\/matematik\/wp-json\/wp\/v2\/media?parent=1041"}],"curies":[{"name":"wp","href":"https:\/\/api.w.org\/{rel}","templated":true}]}}