{"id":1053,"date":"2025-01-26T19:33:45","date_gmt":"2025-01-26T16:33:45","guid":{"rendered":"https:\/\/ticaret.edu.tr\/matematik\/?page_id=1053"},"modified":"2025-10-13T13:07:00","modified_gmt":"2025-10-13T10:07:00","slug":"ogrenci-danismanlari","status":"publish","type":"page","link":"http:\/\/ticaret.edu.tr\/matematik\/ogrenci-danismanlari\/","title":{"rendered":"\u00d6\u011frenci Dan\u0131\u015fmanlar\u0131"},"content":{"rendered":"<h3 style=\"margin-bottom: 20px;\"><strong>Matematik B\u00f6l\u00fcm\u00fc Lisans \u00d6\u011frenci Dan\u0131\u015fmanl\u0131k Da\u011f\u0131l\u0131m\u0131<\/strong><\/h3>\n<table style=\"overflow: auto; display: block;\" width=\"794\">\n<tbody>\n<tr>\n<td width=\"364\"><strong>\u00d6\u011fretim \u00dcyesi<\/strong><\/td>\n<td width=\"51\">\n<p style=\"text-align: center\"><strong>S\u0131n\u0131f<\/strong><\/p>\n<\/td>\n<td width=\"79\">\n<p style=\"text-align: center\"><strong>Oda No<\/strong><\/p>\n<\/td>\n<td width=\"242\">\n<p style=\"text-align: left\"><strong>E-posta<\/strong><\/p>\n<\/td>\n<td width=\"64\">\n<p style=\"text-align: center\"><strong>Dahili<\/strong><\/p>\n<\/td>\n<\/tr>\n<tr>\n<td width=\"364\">Dr. \u00d6\u011fretim \u00dcyesi Muhammad Abubakar ISAH<\/td>\n<td width=\"51\">\n<p style=\"text-align: center\">1<\/p>\n<\/td>\n<td width=\"79\">\n<p style=\"text-align: center\">A307<\/p>\n<\/td>\n<td width=\"242\">maisah@ticaret.edu.tr<\/td>\n<td width=\"64\">\n<p style=\"text-align: center\">4640<\/p>\n<\/td>\n<\/tr>\n<tr>\n<td width=\"364\">Do\u00e7. Dr. Abdullah YENER<\/td>\n<td width=\"51\">\n<p style=\"text-align: center\">2<\/p>\n<\/td>\n<td width=\"79\">\n<p style=\"text-align: center\">A311<\/p>\n<\/td>\n<td width=\"242\">ayener@ticaret.edu.tr<\/td>\n<td width=\"64\">\n<p style=\"text-align: center\">4639<\/p>\n<\/td>\n<\/tr>\n<tr>\n<td width=\"364\">Prof. Dr. Abdullah AVEY<\/td>\n<td width=\"51\">\n<p style=\"text-align: center\">3<\/p>\n<\/td>\n<td width=\"79\">\n<p style=\"text-align: center\">A312<\/p>\n<\/td>\n<td width=\"242\">aavey@ticaret.edu.tr<\/td>\n<td width=\"64\">\n<p style=\"text-align: center\">4142<\/p>\n<\/td>\n<\/tr>\n<tr>\n<td width=\"364\">Dr. \u00d6\u011fretim \u00dcyesi G\u00fclistan \u0130SKENDERO\u011eLU<\/td>\n<td width=\"51\">\n<p style=\"text-align: center\">4<\/p>\n<\/td>\n<td width=\"79\">\n<p style=\"text-align: center\">A307<\/p>\n<\/td>\n<td width=\"242\">giskenderoglu@ticaret.edu.tr<\/td>\n<td width=\"64\">\n<p style=\"text-align: center\">4637<\/p>\n<\/td>\n<\/tr>\n<\/tbody>\n<\/table>\n","protected":false},"excerpt":{"rendered":"<p>Matematik B\u00f6l\u00fcm\u00fc Lisans \u00d6\u011frenci Dan\u0131\u015fmanl\u0131k Da\u011f\u0131l\u0131m\u0131 \u00d6\u011fretim \u00dcyesi S\u0131n\u0131f Oda No E-posta Dahili Dr. \u00d6\u011fretim \u00dcyesi Muhammad Abubakar ISAH 1 A307 maisah@ticaret.edu.tr 4640 Do\u00e7. Dr. Abdullah YENER 2 A311 ayener@ticaret.edu.tr 4639 Prof. Dr. Abdullah AVEY 3 A312 aavey@ticaret.edu.tr 4142 Dr. \u00d6\u011fretim \u00dcyesi G\u00fclistan \u0130SKENDERO\u011eLU 4 A307 giskenderoglu@ticaret.edu.tr 4637<\/p>\n","protected":false},"author":211,"featured_media":0,"parent":0,"menu_order":0,"comment_status":"closed","ping_status":"closed","template":"genel_sayfa.php","meta":{"footnotes":""},"yoast_head":"<!-- This site is optimized with the Yoast SEO Premium plugin v22.1 (Yoast SEO v22.1) - https:\/\/yoast.com\/wordpress\/plugins\/seo\/ -->\n<title>\u00d6\u011frenci Dan\u0131\u015fmanlar\u0131 - Matematik<\/title>\n<meta name=\"robots\" content=\"index, follow, max-snippet:-1, max-image-preview:large, max-video-preview:-1\" \/>\n<link rel=\"canonical\" href=\"https:\/\/ticaret.edu.tr\/matematik\/ogrenci-danismanlari\/\" \/>\n<meta property=\"og:locale\" content=\"tr_TR\" \/>\n<meta property=\"og:type\" content=\"article\" \/>\n<meta property=\"og:title\" content=\"\u00d6\u011frenci Dan\u0131\u015fmanlar\u0131\" \/>\n<meta property=\"og:description\" content=\"Matematik B\u00f6l\u00fcm\u00fc Lisans \u00d6\u011frenci Dan\u0131\u015fmanl\u0131k Da\u011f\u0131l\u0131m\u0131 \u00d6\u011fretim \u00dcyesi S\u0131n\u0131f Oda No E-posta Dahili Dr. \u00d6\u011fretim \u00dcyesi Muhammad Abubakar ISAH 1 A307 maisah@ticaret.edu.tr 4640 Do\u00e7. Dr. Abdullah YENER 2 A311 ayener@ticaret.edu.tr 4639 Prof. Dr. Abdullah AVEY 3 A312 aavey@ticaret.edu.tr 4142 Dr. \u00d6\u011fretim \u00dcyesi G\u00fclistan \u0130SKENDERO\u011eLU 4 A307 giskenderoglu@ticaret.edu.tr 4637\" \/>\n<meta property=\"og:url\" content=\"https:\/\/ticaret.edu.tr\/matematik\/ogrenci-danismanlari\/\" \/>\n<meta property=\"og:site_name\" content=\"Matematik\" \/>\n<meta property=\"article:publisher\" content=\"https:\/\/www.facebook.com\/ticaretedutr\" \/>\n<meta property=\"article:modified_time\" content=\"2025-10-13T10:07:00+00:00\" \/>\n<meta property=\"og:image\" content=\"http:\/\/ticaret.edu.tr\/matematik\/wp-content\/uploads\/sites\/29\/2021\/11\/web_logo-01.jpg\" \/>\n\t<meta property=\"og:image:width\" content=\"1250\" \/>\n\t<meta property=\"og:image:height\" content=\"833\" \/>\n\t<meta property=\"og:image:type\" content=\"image\/jpeg\" \/>\n<meta name=\"twitter:card\" content=\"summary_large_image\" \/>\n<meta name=\"twitter:site\" content=\"@ticaretedutr\" \/>\n<meta name=\"twitter:label1\" content=\"Tahmini okuma s\u00fcresi\" \/>\n\t<meta name=\"twitter:data1\" content=\"1 dakika\" \/>\n<script type=\"application\/ld+json\" class=\"yoast-schema-graph\">{\"@context\":\"https:\/\/schema.org\",\"@graph\":[{\"@type\":\"WebPage\",\"@id\":\"https:\/\/ticaret.edu.tr\/matematik\/ogrenci-danismanlari\/\",\"url\":\"https:\/\/ticaret.edu.tr\/matematik\/ogrenci-danismanlari\/\",\"name\":\"\u00d6\u011frenci Dan\u0131\u015fmanlar\u0131 - Matematik\",\"isPartOf\":{\"@id\":\"https:\/\/ticaret.edu.tr\/matematik\/#website\"},\"datePublished\":\"2025-01-26T16:33:45+00:00\",\"dateModified\":\"2025-10-13T10:07:00+00:00\",\"breadcrumb\":{\"@id\":\"https:\/\/ticaret.edu.tr\/matematik\/ogrenci-danismanlari\/#breadcrumb\"},\"inLanguage\":\"tr\",\"potentialAction\":[{\"@type\":\"ReadAction\",\"target\":[\"https:\/\/ticaret.edu.tr\/matematik\/ogrenci-danismanlari\/\"]}]},{\"@type\":\"BreadcrumbList\",\"@id\":\"https:\/\/ticaret.edu.tr\/matematik\/ogrenci-danismanlari\/#breadcrumb\",\"itemListElement\":[{\"@type\":\"ListItem\",\"position\":1,\"name\":\"Ana sayfa\",\"item\":\"https:\/\/ticaret.edu.tr\/matematik\/\"},{\"@type\":\"ListItem\",\"position\":2,\"name\":\"\u00d6\u011frenci Dan\u0131\u015fmanlar\u0131\"}]},{\"@type\":\"WebSite\",\"@id\":\"https:\/\/ticaret.edu.tr\/matematik\/#website\",\"url\":\"https:\/\/ticaret.edu.tr\/matematik\/\",\"name\":\"Matematik\",\"description\":\"\",\"potentialAction\":[{\"@type\":\"SearchAction\",\"target\":{\"@type\":\"EntryPoint\",\"urlTemplate\":\"https:\/\/ticaret.edu.tr\/matematik\/?s={search_term_string}\"},\"query-input\":\"required name=search_term_string\"}],\"inLanguage\":\"tr\"}]}<\/script>\n<!-- \/ Yoast SEO Premium plugin. -->","yoast_head_json":{"title":"\u00d6\u011frenci Dan\u0131\u015fmanlar\u0131 - Matematik","robots":{"index":"index","follow":"follow","max-snippet":"max-snippet:-1","max-image-preview":"max-image-preview:large","max-video-preview":"max-video-preview:-1"},"canonical":"https:\/\/ticaret.edu.tr\/matematik\/ogrenci-danismanlari\/","og_locale":"tr_TR","og_type":"article","og_title":"\u00d6\u011frenci Dan\u0131\u015fmanlar\u0131","og_description":"Matematik B\u00f6l\u00fcm\u00fc Lisans \u00d6\u011frenci Dan\u0131\u015fmanl\u0131k Da\u011f\u0131l\u0131m\u0131 \u00d6\u011fretim \u00dcyesi S\u0131n\u0131f Oda No E-posta Dahili Dr. \u00d6\u011fretim \u00dcyesi Muhammad Abubakar ISAH 1 A307 maisah@ticaret.edu.tr 4640 Do\u00e7. Dr. Abdullah YENER 2 A311 ayener@ticaret.edu.tr 4639 Prof. Dr. Abdullah AVEY 3 A312 aavey@ticaret.edu.tr 4142 Dr. \u00d6\u011fretim \u00dcyesi G\u00fclistan \u0130SKENDERO\u011eLU 4 A307 giskenderoglu@ticaret.edu.tr 4637","og_url":"https:\/\/ticaret.edu.tr\/matematik\/ogrenci-danismanlari\/","og_site_name":"Matematik","article_publisher":"https:\/\/www.facebook.com\/ticaretedutr","article_modified_time":"2025-10-13T10:07:00+00:00","og_image":[{"width":1250,"height":833,"url":"http:\/\/ticaret.edu.tr\/matematik\/wp-content\/uploads\/sites\/29\/2021\/11\/web_logo-01.jpg","type":"image\/jpeg"}],"twitter_card":"summary_large_image","twitter_site":"@ticaretedutr","twitter_misc":{"Tahmini okuma s\u00fcresi":"1 dakika"},"schema":{"@context":"https:\/\/schema.org","@graph":[{"@type":"WebPage","@id":"https:\/\/ticaret.edu.tr\/matematik\/ogrenci-danismanlari\/","url":"https:\/\/ticaret.edu.tr\/matematik\/ogrenci-danismanlari\/","name":"\u00d6\u011frenci Dan\u0131\u015fmanlar\u0131 - Matematik","isPartOf":{"@id":"https:\/\/ticaret.edu.tr\/matematik\/#website"},"datePublished":"2025-01-26T16:33:45+00:00","dateModified":"2025-10-13T10:07:00+00:00","breadcrumb":{"@id":"https:\/\/ticaret.edu.tr\/matematik\/ogrenci-danismanlari\/#breadcrumb"},"inLanguage":"tr","potentialAction":[{"@type":"ReadAction","target":["https:\/\/ticaret.edu.tr\/matematik\/ogrenci-danismanlari\/"]}]},{"@type":"BreadcrumbList","@id":"https:\/\/ticaret.edu.tr\/matematik\/ogrenci-danismanlari\/#breadcrumb","itemListElement":[{"@type":"ListItem","position":1,"name":"Ana sayfa","item":"https:\/\/ticaret.edu.tr\/matematik\/"},{"@type":"ListItem","position":2,"name":"\u00d6\u011frenci Dan\u0131\u015fmanlar\u0131"}]},{"@type":"WebSite","@id":"https:\/\/ticaret.edu.tr\/matematik\/#website","url":"https:\/\/ticaret.edu.tr\/matematik\/","name":"Matematik","description":"","potentialAction":[{"@type":"SearchAction","target":{"@type":"EntryPoint","urlTemplate":"https:\/\/ticaret.edu.tr\/matematik\/?s={search_term_string}"},"query-input":"required name=search_term_string"}],"inLanguage":"tr"}]}},"lang":"tr","translations":{"en":1055,"tr":1053},"pll_sync_post":[],"_links":{"self":[{"href":"http:\/\/ticaret.edu.tr\/matematik\/wp-json\/wp\/v2\/pages\/1053"}],"collection":[{"href":"http:\/\/ticaret.edu.tr\/matematik\/wp-json\/wp\/v2\/pages"}],"about":[{"href":"http:\/\/ticaret.edu.tr\/matematik\/wp-json\/wp\/v2\/types\/page"}],"author":[{"embeddable":true,"href":"http:\/\/ticaret.edu.tr\/matematik\/wp-json\/wp\/v2\/users\/211"}],"replies":[{"embeddable":true,"href":"http:\/\/ticaret.edu.tr\/matematik\/wp-json\/wp\/v2\/comments?post=1053"}],"version-history":[{"count":13,"href":"http:\/\/ticaret.edu.tr\/matematik\/wp-json\/wp\/v2\/pages\/1053\/revisions"}],"predecessor-version":[{"id":1862,"href":"http:\/\/ticaret.edu.tr\/matematik\/wp-json\/wp\/v2\/pages\/1053\/revisions\/1862"}],"wp:attachment":[{"href":"http:\/\/ticaret.edu.tr\/matematik\/wp-json\/wp\/v2\/media?parent=1053"}],"curies":[{"name":"wp","href":"https:\/\/api.w.org\/{rel}","templated":true}]}}