{"id":1061,"date":"2025-01-26T19:34:42","date_gmt":"2025-01-26T16:34:42","guid":{"rendered":"https:\/\/ticaret.edu.tr\/matematik\/?page_id=1061"},"modified":"2026-01-08T16:54:28","modified_gmt":"2026-01-08T13:54:28","slug":"bolum-kurul-ve-komisyonlari","status":"publish","type":"page","link":"http:\/\/ticaret.edu.tr\/matematik\/bolum-kurul-ve-komisyonlari\/","title":{"rendered":"B\u00f6l\u00fcm Kurul ve Komisyonlar\u0131"},"content":{"rendered":"<table>\n<tbody>\n<tr>\n<td width=\"314\">Staj Komisyonu \u00dcyeleri<\/td>\n<td width=\"179\">G\u00f6revi<\/td>\n<\/tr>\n<tr>\n<td width=\"314\">Dr. \u00d6\u011fr. \u00dcyesi G\u00fclistan \u0130SKENDERO\u011eLU<\/td>\n<td width=\"179\">Staj Komisyonu Ba\u015fkan\u0131<\/td>\n<\/tr>\n<tr>\n<td width=\"314\">Dr. \u00d6\u011fr. \u00dcyesi Muhammad Abubakar ISAH<\/td>\n<td width=\"179\">Komisyon \u00dcyesi<\/td>\n<\/tr>\n<tr>\n<td width=\"314\">Ar\u015f. G\u00f6r. Pelin DURSUN<\/td>\n<td width=\"179\">Komisyon \u00dcyesi<\/td>\n<\/tr>\n<tr>\n<td width=\"314\">Ar\u015f. G\u00f6r. Ramazan PEHL\u0130VAN<\/td>\n<td width=\"179\">Komisyon \u00dcyesi<\/td>\n<\/tr>\n<\/tbody>\n<\/table>\n<p>&nbsp;<\/p>\n<table>\n<tbody>\n<tr>\n<td width=\"317\">FEDEK Komisyonu \u00dcyeleri<\/td>\n<td width=\"181\">G\u00f6revi<\/td>\n<\/tr>\n<tr>\n<td width=\"317\">Do\u00e7. Dr. Abdullah YENER<\/td>\n<td width=\"181\">Komisyon Ba\u015fkan\u0131<\/td>\n<\/tr>\n<tr>\n<td width=\"317\">Dr. \u00d6\u011fr. \u00dcyesi Elif NURAY YILDIRIM<\/td>\n<td width=\"181\">\u00dcye<\/td>\n<\/tr>\n<tr>\n<td width=\"317\">Ar\u015f. G\u00f6r. Pelin DURSUN<\/td>\n<td width=\"181\">\u00dcye<\/td>\n<\/tr>\n<\/tbody>\n<\/table>\n<p>&nbsp;<\/p>\n<table>\n<tbody>\n<tr>\n<td width=\"318\">Kalite Komisyonu \u00dcyeleri<\/td>\n<td width=\"181\">G\u00f6revi<\/td>\n<\/tr>\n<tr>\n<td width=\"318\">Do\u00e7. Dr. Abdullah YENER<\/td>\n<td width=\"181\">B\u00f6l\u00fcm Ba\u015fkan V.<\/td>\n<\/tr>\n<tr>\n<td width=\"318\">Dr. \u00d6\u011fr. \u00dcyesi G\u00fclistan \u0130SKENDERO\u011eLU<\/td>\n<td width=\"181\">Komisyon Ba\u015fkan\u0131<\/td>\n<\/tr>\n<tr>\n<td width=\"318\">Ar\u015f. G\u00f6r. Pelin DURSUN<\/td>\n<td width=\"181\">\u00dcye<\/td>\n<\/tr>\n<tr>\n<td width=\"318\">Ar\u015f. G\u00f6r. Ramazan PEHL\u0130VAN<\/td>\n<td width=\"181\">\u00dcye<\/td>\n<\/tr>\n<\/tbody>\n<\/table>\n<p>&nbsp;<\/p>\n<table>\n<tbody>\n<tr>\n<td width=\"318\">M\u00fcfredat ve Ders \u0130ntibak Komisyonu \u00dcyeleri<\/td>\n<td width=\"181\">G\u00f6revi<\/td>\n<\/tr>\n<tr>\n<td width=\"318\">Dr. \u00d6\u011fr. \u00dcyesi G\u00fclistan \u0130SKENDERO\u011eLU<\/td>\n<td width=\"181\">Komisyon Ba\u015fkan\u0131<\/td>\n<\/tr>\n<tr>\n<td width=\"318\">Dr. \u00d6\u011fr. \u00dcyesi Muhammad Abubakar ISAH<\/td>\n<td width=\"181\">\u00dcye<\/td>\n<\/tr>\n<tr>\n<td width=\"318\">Ar\u015f. G\u00f6r. Pelin DURSUN<\/td>\n<td width=\"181\">\u00dcye<\/td>\n<\/tr>\n<tr>\n<td width=\"318\">Ar\u015f. G\u00f6r. Ramazan PEHL\u0130VAN<\/td>\n<td width=\"181\">\u00dcye<\/td>\n<\/tr>\n<\/tbody>\n<\/table>\n<p>&nbsp;<\/p>\n<table>\n<tbody>\n<tr>\n<td width=\"318\">Kurum D\u0131\u015f\u0131 \/ Kurum \u0130\u00e7i Yatay Ge\u00e7i\u015f, \u00c7ift Anadal, Yandal Ba\u015fvurular\u0131n\u0131 De\u011ferlendirme Komisyonu \u00dcyeleri<\/td>\n<td width=\"181\">G\u00f6revi<\/td>\n<\/tr>\n<tr>\n<td width=\"318\">Do\u00e7. Dr. Abdullah YENER<\/td>\n<td width=\"181\">Komisyon Ba\u015fkan\u0131<\/td>\n<\/tr>\n<tr>\n<td width=\"318\">Prof. Dr. Abdullah AVEY<\/td>\n<td width=\"181\">\u00dcye<\/td>\n<\/tr>\n<tr>\n<td width=\"318\">Dr. \u00d6\u011fr. \u00dcyesi Muhammad Abubakar ISAH<\/td>\n<td width=\"181\">\u00dcye<\/td>\n<\/tr>\n<tr>\n<td width=\"318\">Ar\u015f. G\u00f6r. Pelin DURSUN<\/td>\n<td width=\"181\">\u00dcye<\/td>\n<\/tr>\n<tr>\n<td width=\"318\">Ar\u015f. G\u00f6r. Ramazan PEHL\u0130VAN<\/td>\n<td width=\"181\">\u00dcye<\/td>\n<\/tr>\n<\/tbody>\n<\/table>\n<p>&nbsp;<\/p>\n<table>\n<tbody>\n<tr>\n<td width=\"160\">B\u00f6l\u00fcm Kalite Birim El\u00e7isi<\/td>\n<td width=\"192\">E-posta<\/td>\n<td width=\"152\">Dahili<\/td>\n<\/tr>\n<tr>\n<td width=\"160\">Ar\u015f. G\u00f6r. Pelin DURSUN<\/td>\n<td width=\"192\">pdursun@ticaret.edu.tr<\/td>\n<td width=\"152\">4632<\/td>\n<\/tr>\n<\/tbody>\n<\/table>\n<p>&nbsp;<\/p>\n<table>\n<tbody>\n<tr>\n<td width=\"160\">B\u00f6l\u00fcm Web Sorumlusu<\/td>\n<td width=\"192\">E-posta<\/td>\n<td width=\"159\">Dahili<\/td>\n<\/tr>\n<tr>\n<td width=\"160\">Ar\u015f. G\u00f6r. Pelin DURSUN<\/td>\n<td width=\"192\">pdursun@ticaret.edu.tr<\/td>\n<td width=\"159\">4632<\/td>\n<\/tr>\n<tr>\n<td width=\"160\">Ar\u015f. G\u00f6r. Ramazan PEHL\u0130VAN<\/td>\n<td width=\"192\">rpehlivan@ticaret.edu.tr<\/td>\n<td width=\"159\">4381<\/td>\n<\/tr>\n<\/tbody>\n<\/table>\n<p>&nbsp;<\/p>\n<table>\n<tbody>\n<tr>\n<td width=\"160\">B\u00f6l\u00fcmlere G\u00f6re Orhun\/De\u011fi\u015fim Programlar\u0131 Koordinat\u00f6rleri<\/td>\n<td width=\"192\">E-posta<\/td>\n<td width=\"159\">Dahili<\/td>\n<\/tr>\n<tr>\n<td width=\"160\">Prof. Dr. Abdullah Avey<\/td>\n<td width=\"192\">aavey@ticaret.edu.tr<\/td>\n<td width=\"159\">4142<\/td>\n<\/tr>\n<\/tbody>\n<\/table>\n<p>&nbsp;<\/p>\n<table>\n<tbody>\n<tr>\n<td width=\"160\">B\u00f6l\u00fcmlere G\u00f6re Erasmus\/De\u011fi\u015fim Programlar\u0131 Koordinat\u00f6rleri<\/td>\n<td width=\"192\">E-posta<\/td>\n<td width=\"159\">Dahili<\/td>\n<\/tr>\n<tr>\n<td width=\"160\">Dr. \u00d6\u011fr. \u00dcyesi Elif Nuray Y\u0131ld\u0131r\u0131m<\/td>\n<td width=\"192\">enuray@ticaret.edu.tr<\/td>\n<td width=\"159\">4627<\/td>\n<\/tr>\n<\/tbody>\n<\/table>\n<p>&nbsp;<\/p>\n","protected":false},"excerpt":{"rendered":"<p>Staj Komisyonu \u00dcyeleri G\u00f6revi Dr. \u00d6\u011fr. \u00dcyesi G\u00fclistan \u0130SKENDERO\u011eLU Staj Komisyonu Ba\u015fkan\u0131 Dr. \u00d6\u011fr. \u00dcyesi Muhammad Abubakar ISAH Komisyon \u00dcyesi Ar\u015f. G\u00f6r. Pelin DURSUN Komisyon \u00dcyesi Ar\u015f. G\u00f6r. Ramazan PEHL\u0130VAN Komisyon \u00dcyesi &nbsp; FEDEK Komisyonu \u00dcyeleri G\u00f6revi Do\u00e7. Dr. Abdullah YENER Komisyon Ba\u015fkan\u0131 Dr. \u00d6\u011fr. \u00dcyesi Elif NURAY YILDIRIM \u00dcye Ar\u015f. G\u00f6r. Pelin DURSUN \u00dcye [&hellip;]<\/p>\n","protected":false},"author":211,"featured_media":0,"parent":0,"menu_order":0,"comment_status":"closed","ping_status":"closed","template":"genel_sayfa.php","meta":{"footnotes":""},"yoast_head":"<!-- This site is optimized with the Yoast SEO Premium plugin v22.1 (Yoast SEO v22.1) - https:\/\/yoast.com\/wordpress\/plugins\/seo\/ -->\n<title>B\u00f6l\u00fcm Kurul ve Komisyonlar\u0131 - Matematik<\/title>\n<meta name=\"robots\" content=\"index, follow, max-snippet:-1, max-image-preview:large, max-video-preview:-1\" \/>\n<link rel=\"canonical\" href=\"https:\/\/ticaret.edu.tr\/matematik\/bolum-kurul-ve-komisyonlari\/\" \/>\n<meta property=\"og:locale\" content=\"tr_TR\" \/>\n<meta property=\"og:type\" content=\"article\" \/>\n<meta property=\"og:title\" content=\"B\u00f6l\u00fcm Kurul ve Komisyonlar\u0131\" \/>\n<meta property=\"og:description\" content=\"Staj Komisyonu \u00dcyeleri G\u00f6revi Dr. \u00d6\u011fr. \u00dcyesi G\u00fclistan \u0130SKENDERO\u011eLU Staj Komisyonu Ba\u015fkan\u0131 Dr. \u00d6\u011fr. \u00dcyesi Muhammad Abubakar ISAH Komisyon \u00dcyesi Ar\u015f. G\u00f6r. Pelin DURSUN Komisyon \u00dcyesi Ar\u015f. G\u00f6r. Ramazan PEHL\u0130VAN Komisyon \u00dcyesi &nbsp; FEDEK Komisyonu \u00dcyeleri G\u00f6revi Do\u00e7. Dr. Abdullah YENER Komisyon Ba\u015fkan\u0131 Dr. \u00d6\u011fr. \u00dcyesi Elif NURAY YILDIRIM \u00dcye Ar\u015f. G\u00f6r. Pelin DURSUN \u00dcye [&hellip;]\" \/>\n<meta property=\"og:url\" content=\"https:\/\/ticaret.edu.tr\/matematik\/bolum-kurul-ve-komisyonlari\/\" \/>\n<meta property=\"og:site_name\" content=\"Matematik\" \/>\n<meta property=\"article:publisher\" content=\"https:\/\/www.facebook.com\/ticaretedutr\" \/>\n<meta property=\"article:modified_time\" content=\"2026-01-08T13:54:28+00:00\" \/>\n<meta property=\"og:image\" content=\"http:\/\/ticaret.edu.tr\/matematik\/wp-content\/uploads\/sites\/29\/2021\/11\/web_logo-01.jpg\" \/>\n\t<meta property=\"og:image:width\" content=\"1250\" \/>\n\t<meta property=\"og:image:height\" content=\"833\" \/>\n\t<meta property=\"og:image:type\" content=\"image\/jpeg\" \/>\n<meta name=\"twitter:card\" content=\"summary_large_image\" \/>\n<meta name=\"twitter:site\" content=\"@ticaretedutr\" \/>\n<meta name=\"twitter:label1\" content=\"Tahmini okuma s\u00fcresi\" \/>\n\t<meta name=\"twitter:data1\" content=\"2 dakika\" \/>\n<script type=\"application\/ld+json\" class=\"yoast-schema-graph\">{\"@context\":\"https:\/\/schema.org\",\"@graph\":[{\"@type\":\"WebPage\",\"@id\":\"https:\/\/ticaret.edu.tr\/matematik\/bolum-kurul-ve-komisyonlari\/\",\"url\":\"https:\/\/ticaret.edu.tr\/matematik\/bolum-kurul-ve-komisyonlari\/\",\"name\":\"B\u00f6l\u00fcm Kurul ve Komisyonlar\u0131 - Matematik\",\"isPartOf\":{\"@id\":\"https:\/\/ticaret.edu.tr\/matematik\/#website\"},\"datePublished\":\"2025-01-26T16:34:42+00:00\",\"dateModified\":\"2026-01-08T13:54:28+00:00\",\"breadcrumb\":{\"@id\":\"https:\/\/ticaret.edu.tr\/matematik\/bolum-kurul-ve-komisyonlari\/#breadcrumb\"},\"inLanguage\":\"tr\",\"potentialAction\":[{\"@type\":\"ReadAction\",\"target\":[\"https:\/\/ticaret.edu.tr\/matematik\/bolum-kurul-ve-komisyonlari\/\"]}]},{\"@type\":\"BreadcrumbList\",\"@id\":\"https:\/\/ticaret.edu.tr\/matematik\/bolum-kurul-ve-komisyonlari\/#breadcrumb\",\"itemListElement\":[{\"@type\":\"ListItem\",\"position\":1,\"name\":\"Ana sayfa\",\"item\":\"https:\/\/ticaret.edu.tr\/matematik\/\"},{\"@type\":\"ListItem\",\"position\":2,\"name\":\"B\u00f6l\u00fcm Kurul ve Komisyonlar\u0131\"}]},{\"@type\":\"WebSite\",\"@id\":\"https:\/\/ticaret.edu.tr\/matematik\/#website\",\"url\":\"https:\/\/ticaret.edu.tr\/matematik\/\",\"name\":\"Matematik\",\"description\":\"\",\"potentialAction\":[{\"@type\":\"SearchAction\",\"target\":{\"@type\":\"EntryPoint\",\"urlTemplate\":\"https:\/\/ticaret.edu.tr\/matematik\/?s={search_term_string}\"},\"query-input\":\"required name=search_term_string\"}],\"inLanguage\":\"tr\"}]}<\/script>\n<!-- \/ Yoast SEO Premium plugin. -->","yoast_head_json":{"title":"B\u00f6l\u00fcm Kurul ve Komisyonlar\u0131 - Matematik","robots":{"index":"index","follow":"follow","max-snippet":"max-snippet:-1","max-image-preview":"max-image-preview:large","max-video-preview":"max-video-preview:-1"},"canonical":"https:\/\/ticaret.edu.tr\/matematik\/bolum-kurul-ve-komisyonlari\/","og_locale":"tr_TR","og_type":"article","og_title":"B\u00f6l\u00fcm Kurul ve Komisyonlar\u0131","og_description":"Staj Komisyonu \u00dcyeleri G\u00f6revi Dr. \u00d6\u011fr. \u00dcyesi G\u00fclistan \u0130SKENDERO\u011eLU Staj Komisyonu Ba\u015fkan\u0131 Dr. \u00d6\u011fr. \u00dcyesi Muhammad Abubakar ISAH Komisyon \u00dcyesi Ar\u015f. G\u00f6r. Pelin DURSUN Komisyon \u00dcyesi Ar\u015f. G\u00f6r. Ramazan PEHL\u0130VAN Komisyon \u00dcyesi &nbsp; FEDEK Komisyonu \u00dcyeleri G\u00f6revi Do\u00e7. Dr. Abdullah YENER Komisyon Ba\u015fkan\u0131 Dr. \u00d6\u011fr. \u00dcyesi Elif NURAY YILDIRIM \u00dcye Ar\u015f. G\u00f6r. Pelin DURSUN \u00dcye [&hellip;]","og_url":"https:\/\/ticaret.edu.tr\/matematik\/bolum-kurul-ve-komisyonlari\/","og_site_name":"Matematik","article_publisher":"https:\/\/www.facebook.com\/ticaretedutr","article_modified_time":"2026-01-08T13:54:28+00:00","og_image":[{"width":1250,"height":833,"url":"http:\/\/ticaret.edu.tr\/matematik\/wp-content\/uploads\/sites\/29\/2021\/11\/web_logo-01.jpg","type":"image\/jpeg"}],"twitter_card":"summary_large_image","twitter_site":"@ticaretedutr","twitter_misc":{"Tahmini okuma s\u00fcresi":"2 dakika"},"schema":{"@context":"https:\/\/schema.org","@graph":[{"@type":"WebPage","@id":"https:\/\/ticaret.edu.tr\/matematik\/bolum-kurul-ve-komisyonlari\/","url":"https:\/\/ticaret.edu.tr\/matematik\/bolum-kurul-ve-komisyonlari\/","name":"B\u00f6l\u00fcm Kurul ve Komisyonlar\u0131 - Matematik","isPartOf":{"@id":"https:\/\/ticaret.edu.tr\/matematik\/#website"},"datePublished":"2025-01-26T16:34:42+00:00","dateModified":"2026-01-08T13:54:28+00:00","breadcrumb":{"@id":"https:\/\/ticaret.edu.tr\/matematik\/bolum-kurul-ve-komisyonlari\/#breadcrumb"},"inLanguage":"tr","potentialAction":[{"@type":"ReadAction","target":["https:\/\/ticaret.edu.tr\/matematik\/bolum-kurul-ve-komisyonlari\/"]}]},{"@type":"BreadcrumbList","@id":"https:\/\/ticaret.edu.tr\/matematik\/bolum-kurul-ve-komisyonlari\/#breadcrumb","itemListElement":[{"@type":"ListItem","position":1,"name":"Ana sayfa","item":"https:\/\/ticaret.edu.tr\/matematik\/"},{"@type":"ListItem","position":2,"name":"B\u00f6l\u00fcm Kurul ve Komisyonlar\u0131"}]},{"@type":"WebSite","@id":"https:\/\/ticaret.edu.tr\/matematik\/#website","url":"https:\/\/ticaret.edu.tr\/matematik\/","name":"Matematik","description":"","potentialAction":[{"@type":"SearchAction","target":{"@type":"EntryPoint","urlTemplate":"https:\/\/ticaret.edu.tr\/matematik\/?s={search_term_string}"},"query-input":"required name=search_term_string"}],"inLanguage":"tr"}]}},"lang":"tr","translations":{"en":1063,"tr":1061},"pll_sync_post":[],"_links":{"self":[{"href":"http:\/\/ticaret.edu.tr\/matematik\/wp-json\/wp\/v2\/pages\/1061"}],"collection":[{"href":"http:\/\/ticaret.edu.tr\/matematik\/wp-json\/wp\/v2\/pages"}],"about":[{"href":"http:\/\/ticaret.edu.tr\/matematik\/wp-json\/wp\/v2\/types\/page"}],"author":[{"embeddable":true,"href":"http:\/\/ticaret.edu.tr\/matematik\/wp-json\/wp\/v2\/users\/211"}],"replies":[{"embeddable":true,"href":"http:\/\/ticaret.edu.tr\/matematik\/wp-json\/wp\/v2\/comments?post=1061"}],"version-history":[{"count":9,"href":"http:\/\/ticaret.edu.tr\/matematik\/wp-json\/wp\/v2\/pages\/1061\/revisions"}],"predecessor-version":[{"id":2054,"href":"http:\/\/ticaret.edu.tr\/matematik\/wp-json\/wp\/v2\/pages\/1061\/revisions\/2054"}],"wp:attachment":[{"href":"http:\/\/ticaret.edu.tr\/matematik\/wp-json\/wp\/v2\/media?parent=1061"}],"curies":[{"name":"wp","href":"https:\/\/api.w.org\/{rel}","templated":true}]}}