{"id":1073,"date":"2025-01-26T19:36:19","date_gmt":"2025-01-26T16:36:19","guid":{"rendered":"https:\/\/ticaret.edu.tr\/matematik\/?page_id=1073"},"modified":"2025-10-08T15:06:31","modified_gmt":"2025-10-08T12:06:31","slug":"lisansustu-genel-bilgi","status":"publish","type":"page","link":"http:\/\/ticaret.edu.tr\/matematik\/lisansustu-genel-bilgi\/","title":{"rendered":"Genel Bilgi"},"content":{"rendered":"<p class=\"p1\">Matematik ba\u015fl\u0131 ba\u015f\u0131na \u00fczerinde geni\u015f ara\u015ft\u0131rmalar yap\u0131lan ve bu ara\u015ft\u0131rmalar sonucunda yeni bilgi ve bulgular\u0131n ortaya \u00e7\u0131kmas\u0131n\u0131 sa\u011flayan temel bir bilim dal\u0131 olmas\u0131n\u0131n yan\u0131 s\u0131ra, fen, m\u00fchendislik ve hatta sosyal bilimlerin ayr\u0131lmaz bir par\u00e7as\u0131d\u0131r. Bu y\u00f6n\u00fc ile matematik geli\u015fmeye a\u00e7\u0131k, bilim ve teknolojiye y\u00f6n veren ve daima verecek olan bir bilim dal\u0131d\u0131r.<\/p>\n<p class=\"p1\">Matematik program\u0131n\u0131n a\u00e7\u0131l\u0131\u015f amac\u0131, ara\u015ft\u0131rma merkezlerinde e\u011fitim kurumlar\u0131nda, \u00fcniversitelerde, bir\u00e7ok kamu kurum ve kurulu\u015flar\u0131nda ve \u00f6zel sekt\u00f6rde s\u00fcrekli de\u011fi\u015fip geli\u015fen, Bilgisayar ve Yaz\u0131l\u0131m Sekt\u00f6r\u00fc, Bankac\u0131l\u0131k, Sigortac\u0131l\u0131k, \u0130\u015fletmelerin Y\u00f6netimi, \u00dcretimin Optimizasyonu ve Planlamas\u0131 dallar\u0131nda istihdam edebilecek bilgi ve beceriye sahip elemanlar yeti\u015ftirmektir.<\/p>\n<p class=\"p1\">Matematik lisans\u00fcst\u00fc program\u0131, kat\u0131lacak olan \u00f6\u011frencinin se\u00e7imine ba\u011fl\u0131 olarak tezli veya tezsiz tamamlanabilir. Tezli program 24 kredilik ders, seminer ve tez; tezsiz program ise toplam 30 kredilik ders ile proje \u00e7al\u0131\u015fmas\u0131ndan olu\u015fur. Bu program matemati\u011fe temel te\u015fkil eden Analiz, Cebir, Geometri, N\u00fcmerik Analiz, Finans Matemati\u011fi ve Matematik \u00d6\u011fretimi alanlar\u0131nda \u00e7e\u015fitli derslerden olu\u015fmaktad\u0131r.<\/p>\n<p class=\"p1\">Ba\u015fvurular \u00f6ncelikli olarak Matematik, Matematik-Bilgisayar, Matematik-\u0130statistik, Matematik M\u00fchendisli\u011fi, Matematik e\u011fitimi b\u00f6l\u00fcm\u00fc mezunu olup matematik alan\u0131nda alt yap\u0131s\u0131n\u0131 g\u00fc\u00e7lendirmek isteyenlerin talebine a\u00e7\u0131k olacakt\u0131r.\u200b<\/p>\n<p style=\"text-align: right\"><strong>Do\u00e7. Dr. Abdullah Yener<\/strong><\/p>\n<p style=\"text-align: right\"><strong>Matematik B\u00f6l\u00fcm Ba\u015fkan\u0131<\/strong><\/p>\n<p style=\"text-align: right\">ayener@ticaret.edu.tr<\/p>\n","protected":false},"excerpt":{"rendered":"<p>Matematik ba\u015fl\u0131 ba\u015f\u0131na \u00fczerinde geni\u015f ara\u015ft\u0131rmalar yap\u0131lan ve bu ara\u015ft\u0131rmalar sonucunda yeni bilgi ve bulgular\u0131n ortaya \u00e7\u0131kmas\u0131n\u0131 sa\u011flayan temel bir bilim dal\u0131 olmas\u0131n\u0131n yan\u0131 s\u0131ra, fen, m\u00fchendislik ve hatta sosyal bilimlerin ayr\u0131lmaz bir par\u00e7as\u0131d\u0131r. Bu y\u00f6n\u00fc ile matematik geli\u015fmeye a\u00e7\u0131k, bilim ve teknolojiye y\u00f6n veren ve daima verecek olan bir bilim dal\u0131d\u0131r. Matematik program\u0131n\u0131n a\u00e7\u0131l\u0131\u015f [&hellip;]<\/p>\n","protected":false},"author":211,"featured_media":0,"parent":0,"menu_order":0,"comment_status":"closed","ping_status":"closed","template":"genel_sayfa.php","meta":{"footnotes":""},"yoast_head":"<!-- This site is optimized with the Yoast SEO Premium plugin v22.1 (Yoast SEO v22.1) - https:\/\/yoast.com\/wordpress\/plugins\/seo\/ -->\n<title>Genel Bilgi - Matematik<\/title>\n<meta name=\"robots\" content=\"index, follow, max-snippet:-1, max-image-preview:large, max-video-preview:-1\" \/>\n<link rel=\"canonical\" href=\"https:\/\/ticaret.edu.tr\/matematik\/lisansustu-genel-bilgi\/\" \/>\n<meta property=\"og:locale\" content=\"tr_TR\" \/>\n<meta property=\"og:type\" content=\"article\" \/>\n<meta property=\"og:title\" content=\"Genel Bilgi\" \/>\n<meta property=\"og:description\" content=\"Matematik ba\u015fl\u0131 ba\u015f\u0131na \u00fczerinde geni\u015f ara\u015ft\u0131rmalar yap\u0131lan ve bu ara\u015ft\u0131rmalar sonucunda yeni bilgi ve bulgular\u0131n ortaya \u00e7\u0131kmas\u0131n\u0131 sa\u011flayan temel bir bilim dal\u0131 olmas\u0131n\u0131n yan\u0131 s\u0131ra, fen, m\u00fchendislik ve hatta sosyal bilimlerin ayr\u0131lmaz bir par\u00e7as\u0131d\u0131r. Bu y\u00f6n\u00fc ile matematik geli\u015fmeye a\u00e7\u0131k, bilim ve teknolojiye y\u00f6n veren ve daima verecek olan bir bilim dal\u0131d\u0131r. Matematik program\u0131n\u0131n a\u00e7\u0131l\u0131\u015f [&hellip;]\" \/>\n<meta property=\"og:url\" content=\"https:\/\/ticaret.edu.tr\/matematik\/lisansustu-genel-bilgi\/\" \/>\n<meta property=\"og:site_name\" content=\"Matematik\" \/>\n<meta property=\"article:publisher\" content=\"https:\/\/www.facebook.com\/ticaretedutr\" \/>\n<meta property=\"article:modified_time\" content=\"2025-10-08T12:06:31+00:00\" \/>\n<meta property=\"og:image\" content=\"http:\/\/ticaret.edu.tr\/matematik\/wp-content\/uploads\/sites\/29\/2021\/11\/web_logo-01.jpg\" \/>\n\t<meta property=\"og:image:width\" content=\"1250\" \/>\n\t<meta property=\"og:image:height\" content=\"833\" \/>\n\t<meta property=\"og:image:type\" content=\"image\/jpeg\" \/>\n<meta name=\"twitter:card\" content=\"summary_large_image\" \/>\n<meta name=\"twitter:site\" content=\"@ticaretedutr\" \/>\n<meta name=\"twitter:label1\" content=\"Tahmini okuma s\u00fcresi\" \/>\n\t<meta name=\"twitter:data1\" content=\"2 dakika\" \/>\n<script type=\"application\/ld+json\" class=\"yoast-schema-graph\">{\"@context\":\"https:\/\/schema.org\",\"@graph\":[{\"@type\":\"WebPage\",\"@id\":\"https:\/\/ticaret.edu.tr\/matematik\/lisansustu-genel-bilgi\/\",\"url\":\"https:\/\/ticaret.edu.tr\/matematik\/lisansustu-genel-bilgi\/\",\"name\":\"Genel Bilgi - Matematik\",\"isPartOf\":{\"@id\":\"https:\/\/ticaret.edu.tr\/matematik\/#website\"},\"datePublished\":\"2025-01-26T16:36:19+00:00\",\"dateModified\":\"2025-10-08T12:06:31+00:00\",\"breadcrumb\":{\"@id\":\"https:\/\/ticaret.edu.tr\/matematik\/lisansustu-genel-bilgi\/#breadcrumb\"},\"inLanguage\":\"tr\",\"potentialAction\":[{\"@type\":\"ReadAction\",\"target\":[\"https:\/\/ticaret.edu.tr\/matematik\/lisansustu-genel-bilgi\/\"]}]},{\"@type\":\"BreadcrumbList\",\"@id\":\"https:\/\/ticaret.edu.tr\/matematik\/lisansustu-genel-bilgi\/#breadcrumb\",\"itemListElement\":[{\"@type\":\"ListItem\",\"position\":1,\"name\":\"Ana sayfa\",\"item\":\"https:\/\/ticaret.edu.tr\/matematik\/\"},{\"@type\":\"ListItem\",\"position\":2,\"name\":\"Genel Bilgi\"}]},{\"@type\":\"WebSite\",\"@id\":\"https:\/\/ticaret.edu.tr\/matematik\/#website\",\"url\":\"https:\/\/ticaret.edu.tr\/matematik\/\",\"name\":\"Matematik\",\"description\":\"\",\"potentialAction\":[{\"@type\":\"SearchAction\",\"target\":{\"@type\":\"EntryPoint\",\"urlTemplate\":\"https:\/\/ticaret.edu.tr\/matematik\/?s={search_term_string}\"},\"query-input\":\"required name=search_term_string\"}],\"inLanguage\":\"tr\"}]}<\/script>\n<!-- \/ Yoast SEO Premium plugin. -->","yoast_head_json":{"title":"Genel Bilgi - Matematik","robots":{"index":"index","follow":"follow","max-snippet":"max-snippet:-1","max-image-preview":"max-image-preview:large","max-video-preview":"max-video-preview:-1"},"canonical":"https:\/\/ticaret.edu.tr\/matematik\/lisansustu-genel-bilgi\/","og_locale":"tr_TR","og_type":"article","og_title":"Genel Bilgi","og_description":"Matematik ba\u015fl\u0131 ba\u015f\u0131na \u00fczerinde geni\u015f ara\u015ft\u0131rmalar yap\u0131lan ve bu ara\u015ft\u0131rmalar sonucunda yeni bilgi ve bulgular\u0131n ortaya \u00e7\u0131kmas\u0131n\u0131 sa\u011flayan temel bir bilim dal\u0131 olmas\u0131n\u0131n yan\u0131 s\u0131ra, fen, m\u00fchendislik ve hatta sosyal bilimlerin ayr\u0131lmaz bir par\u00e7as\u0131d\u0131r. Bu y\u00f6n\u00fc ile matematik geli\u015fmeye a\u00e7\u0131k, bilim ve teknolojiye y\u00f6n veren ve daima verecek olan bir bilim dal\u0131d\u0131r. Matematik program\u0131n\u0131n a\u00e7\u0131l\u0131\u015f [&hellip;]","og_url":"https:\/\/ticaret.edu.tr\/matematik\/lisansustu-genel-bilgi\/","og_site_name":"Matematik","article_publisher":"https:\/\/www.facebook.com\/ticaretedutr","article_modified_time":"2025-10-08T12:06:31+00:00","og_image":[{"width":1250,"height":833,"url":"http:\/\/ticaret.edu.tr\/matematik\/wp-content\/uploads\/sites\/29\/2021\/11\/web_logo-01.jpg","type":"image\/jpeg"}],"twitter_card":"summary_large_image","twitter_site":"@ticaretedutr","twitter_misc":{"Tahmini okuma s\u00fcresi":"2 dakika"},"schema":{"@context":"https:\/\/schema.org","@graph":[{"@type":"WebPage","@id":"https:\/\/ticaret.edu.tr\/matematik\/lisansustu-genel-bilgi\/","url":"https:\/\/ticaret.edu.tr\/matematik\/lisansustu-genel-bilgi\/","name":"Genel Bilgi - Matematik","isPartOf":{"@id":"https:\/\/ticaret.edu.tr\/matematik\/#website"},"datePublished":"2025-01-26T16:36:19+00:00","dateModified":"2025-10-08T12:06:31+00:00","breadcrumb":{"@id":"https:\/\/ticaret.edu.tr\/matematik\/lisansustu-genel-bilgi\/#breadcrumb"},"inLanguage":"tr","potentialAction":[{"@type":"ReadAction","target":["https:\/\/ticaret.edu.tr\/matematik\/lisansustu-genel-bilgi\/"]}]},{"@type":"BreadcrumbList","@id":"https:\/\/ticaret.edu.tr\/matematik\/lisansustu-genel-bilgi\/#breadcrumb","itemListElement":[{"@type":"ListItem","position":1,"name":"Ana sayfa","item":"https:\/\/ticaret.edu.tr\/matematik\/"},{"@type":"ListItem","position":2,"name":"Genel Bilgi"}]},{"@type":"WebSite","@id":"https:\/\/ticaret.edu.tr\/matematik\/#website","url":"https:\/\/ticaret.edu.tr\/matematik\/","name":"Matematik","description":"","potentialAction":[{"@type":"SearchAction","target":{"@type":"EntryPoint","urlTemplate":"https:\/\/ticaret.edu.tr\/matematik\/?s={search_term_string}"},"query-input":"required name=search_term_string"}],"inLanguage":"tr"}]}},"lang":"tr","translations":{"en":1075,"tr":1073},"pll_sync_post":[],"_links":{"self":[{"href":"http:\/\/ticaret.edu.tr\/matematik\/wp-json\/wp\/v2\/pages\/1073"}],"collection":[{"href":"http:\/\/ticaret.edu.tr\/matematik\/wp-json\/wp\/v2\/pages"}],"about":[{"href":"http:\/\/ticaret.edu.tr\/matematik\/wp-json\/wp\/v2\/types\/page"}],"author":[{"embeddable":true,"href":"http:\/\/ticaret.edu.tr\/matematik\/wp-json\/wp\/v2\/users\/211"}],"replies":[{"embeddable":true,"href":"http:\/\/ticaret.edu.tr\/matematik\/wp-json\/wp\/v2\/comments?post=1073"}],"version-history":[{"count":5,"href":"http:\/\/ticaret.edu.tr\/matematik\/wp-json\/wp\/v2\/pages\/1073\/revisions"}],"predecessor-version":[{"id":1711,"href":"http:\/\/ticaret.edu.tr\/matematik\/wp-json\/wp\/v2\/pages\/1073\/revisions\/1711"}],"wp:attachment":[{"href":"http:\/\/ticaret.edu.tr\/matematik\/wp-json\/wp\/v2\/media?parent=1073"}],"curies":[{"name":"wp","href":"https:\/\/api.w.org\/{rel}","templated":true}]}}