{"id":1077,"date":"2025-01-26T19:37:02","date_gmt":"2025-01-26T16:37:02","guid":{"rendered":"https:\/\/ticaret.edu.tr\/matematik\/?page_id=1077"},"modified":"2025-10-10T17:15:19","modified_gmt":"2025-10-10T14:15:19","slug":"lisans-genel-bilgi","status":"publish","type":"page","link":"http:\/\/ticaret.edu.tr\/matematik\/lisans-genel-bilgi\/","title":{"rendered":"Genel Bilgi"},"content":{"rendered":"<h3 data-start=\"308\" data-end=\"358\">\u0130stanbul Ticaret \u00dcniversitesi Matematik B\u00f6l\u00fcm\u00fc<\/h3>\n<p>&nbsp;<\/p>\n<p data-start=\"360\" data-end=\"540\">\u0130stanbul Ticaret \u00dcniversitesi Matematik B\u00f6l\u00fcm\u00fc, ezberci yakla\u015f\u0131mdan uzak; sorgulay\u0131c\u0131 ve ara\u015ft\u0131rmac\u0131 d\u00fc\u015f\u00fcncenin \u00f6n planda oldu\u011fu, se\u00e7kin bir e\u011fitim program\u0131 sunmay\u0131 ama\u00e7lamaktad\u0131r.<\/p>\n<p data-start=\"542\" data-end=\"846\"><strong data-start=\"542\" data-end=\"590\">Matematik lisans program\u0131n\u0131n ilk iki y\u0131l\u0131nda<\/strong>, \u00f6\u011frencilere sa\u011flam bir matematik altyap\u0131s\u0131 kazand\u0131rmak amac\u0131yla teorik ve temel dersler verilmektedir. Bu sayede \u00f6\u011frenciler; matematiksel d\u00fc\u015f\u00fcnme, d\u00fc\u015f\u00fcncelerini ifade edebilme, analiz yapma ve ispat geli\u015ftirme gibi temel akademik becerileri edinmektedir.<\/p>\n<p data-start=\"848\" data-end=\"1241\"><strong data-start=\"848\" data-end=\"877\">Program\u0131n son iki y\u0131l\u0131nda<\/strong> ise teorik ve uygulamal\u0131 matematik derslerine ek olarak; bili\u015fim, bankac\u0131l\u0131k, finans ve ekonomi gibi farkl\u0131 alanlara y\u00f6nelik se\u00e7meli dersler sunulmaktad\u0131r. B\u00f6ylece \u00f6\u011frenciler, ister do\u011frudan i\u015f hayat\u0131na at\u0131labilecek, isterlerse matematikle birlikte iktisat, m\u00fchendislik gibi \u00e7e\u015fitli disiplinlerde akademik kariyerlerine devam edebilecek donan\u0131ma sahip olmaktad\u0131r.<\/p>\n<p data-start=\"1243\" data-end=\"1671\">Matematik B\u00f6l\u00fcm\u00fc \u00f6\u011frencileri, e\u011fitimleri s\u00fcresince <strong data-start=\"1294\" data-end=\"1304\">yandal<\/strong> ve <strong data-start=\"1308\" data-end=\"1323\">\u00e7ift anadal<\/strong> programlar\u0131ndan faydalanabilmektedir. Ayr\u0131ca, \u00fcniversitemizin Avrupa\u2019daki \u00e7e\u015fitli y\u00fcksek\u00f6\u011fretim kurumlar\u0131yla yapt\u0131\u011f\u0131 <strong data-start=\"1441\" data-end=\"1480\">Erasmus \u00f6\u011frenci de\u011fi\u015fim anla\u015fmalar\u0131<\/strong> sayesinde, lisans e\u011fitimi s\u0131ras\u0131nda yurt d\u0131\u015f\u0131nda akademik deneyim kazanma imk\u00e2n\u0131 da sunulmaktad\u0131r. \u00d6\u011frenci taleplerine ba\u011fl\u0131 olarak, yeni uluslararas\u0131 i\u015f birlikleri geli\u015ftirmek de m\u00fcmk\u00fcnd\u00fcr.<\/p>\n<p data-start=\"1673\" data-end=\"1896\">Lisans e\u011fitimini tamamlayan \u00f6\u011frenciler, matematik alan\u0131nda akademik kariyerlerine devam etmek istemeleri h\u00e2linde, <strong data-start=\"1787\" data-end=\"1814\">Fen Bilimleri Enstit\u00fcs\u00fc<\/strong> b\u00fcnyesinde a\u00e7\u0131lan y\u00fcksek lisans ve doktora programlar\u0131na ba\u015fvuru yapabilmektedir.<\/p>\n<p data-start=\"1898\" data-end=\"2159\">Matematik B\u00f6l\u00fcm\u00fc b\u00fcnyesinde; <strong data-start=\"1927\" data-end=\"2000\">2 profes\u00f6r, 1 do\u00e7ent, 3 doktor \u00f6\u011fretim \u00fcyesi ve 1 ara\u015ft\u0131rma g\u00f6revlisi<\/strong> g\u00f6rev yapmaktad\u0131r. T\u00fcm dersler, alan\u0131nda yetkin bu akademik kadro taraf\u0131ndan, gerekti\u011finde misafir \u00f6\u011fretim \u00fcyelerinin katk\u0131lar\u0131yla titizlikle y\u00fcr\u00fct\u00fclmektedir.<\/p>\n<p data-start=\"2161\" data-end=\"2477\">B\u00f6l\u00fcm, <strong data-start=\"2168\" data-end=\"2193\">d\u00fc\u015f\u00fck \u00f6\u011frenci mevcudu<\/strong> ile y\u00fcr\u00fct\u00fclen s\u0131n\u0131flarda birebir ileti\u015fimi \u00f6nceleyen bir e\u011fitim ortam\u0131 sunmaktad\u0131r. Bu sayede \u00f6\u011frenciler, \u00f6\u011fretim \u00fcyeleriyle yak\u0131n temas i\u00e7inde olarak akademik geli\u015fimlerini daha etkin bir \u015fekilde s\u00fcrd\u00fcrebilmekte; bireysel destekle \u00f6\u011frenme s\u00fcre\u00e7lerini verimli h\u00e2le getirebilmektedir.<\/p>\n<p data-start=\"2479\" data-end=\"2644\">Ayr\u0131ca, Matematik B\u00f6l\u00fcm\u00fc; \u00f6\u011frencilerini akademik potansiyellerini en \u00fcst d\u00fczeye \u00e7\u0131karmalar\u0131 y\u00f6n\u00fcnde te\u015fvik eden ve destekleyen bir e\u011fitim anlay\u0131\u015f\u0131n\u0131 benimsemektedir.<\/p>\n<p data-start=\"2646\" data-end=\"2895\">B\u00f6l\u00fcm \u00f6\u011fretim \u00fcyeleri, <strong data-start=\"2669\" data-end=\"2701\">Science Citation Index (SCI)<\/strong> ve <strong data-start=\"2705\" data-end=\"2748\">Science Citation Index Expanded (SCI-E)<\/strong> kapsam\u0131nda taranan uluslararas\u0131 sayg\u0131n akademik dergilerde yay\u0131mlad\u0131klar\u0131 \u00e7al\u0131\u015fmalarla, matemati\u011fin \u00e7e\u015fitli alanlar\u0131na bilimsel katk\u0131 sunmaktad\u0131r.<\/p>\n<p style=\"text-align: right\"><strong>Do\u00e7. Dr. Abdullah Yener<\/strong><br \/>\n<strong>Matematik B\u00f6l\u00fcm Ba\u015fkan\u0131<\/strong><\/p>\n<blockquote>\n<h6 style=\"text-align: right\">Matematik B\u00f6l\u00fcm Ba\u015fkanl\u0131\u011f\u0131 \u0130leti\u015fim:<\/h6>\n<h6 style=\"text-align: right\"><a href=\"mailto:matematik@ticaret.edu.tr\">matematik@ticaret.edu.tr\u00a0<\/a><\/h6>\n<h6 style=\"text-align: right\"><a href=\"mailto:mathematics@ticaret.edu.tr\">mathematics@ticaret.edu.tr<\/a><\/h6>\n<\/blockquote>\n","protected":false},"excerpt":{"rendered":"<p>\u0130stanbul Ticaret \u00dcniversitesi Matematik B\u00f6l\u00fcm\u00fc &nbsp; \u0130stanbul Ticaret \u00dcniversitesi Matematik B\u00f6l\u00fcm\u00fc, ezberci yakla\u015f\u0131mdan uzak; sorgulay\u0131c\u0131 ve ara\u015ft\u0131rmac\u0131 d\u00fc\u015f\u00fcncenin \u00f6n planda oldu\u011fu, se\u00e7kin bir e\u011fitim program\u0131 sunmay\u0131 ama\u00e7lamaktad\u0131r. Matematik lisans program\u0131n\u0131n ilk iki y\u0131l\u0131nda, \u00f6\u011frencilere sa\u011flam bir matematik altyap\u0131s\u0131 kazand\u0131rmak amac\u0131yla teorik ve temel dersler verilmektedir. Bu sayede \u00f6\u011frenciler; matematiksel d\u00fc\u015f\u00fcnme, d\u00fc\u015f\u00fcncelerini ifade edebilme, analiz yapma [&hellip;]<\/p>\n","protected":false},"author":211,"featured_media":0,"parent":0,"menu_order":0,"comment_status":"closed","ping_status":"closed","template":"genel_sayfa.php","meta":{"footnotes":""},"yoast_head":"<!-- This site is optimized with the Yoast SEO Premium plugin v22.1 (Yoast SEO v22.1) - https:\/\/yoast.com\/wordpress\/plugins\/seo\/ -->\n<title>Genel Bilgi - Matematik<\/title>\n<meta name=\"robots\" content=\"index, follow, max-snippet:-1, max-image-preview:large, max-video-preview:-1\" \/>\n<link rel=\"canonical\" href=\"https:\/\/ticaret.edu.tr\/matematik\/lisans-genel-bilgi\/\" \/>\n<meta property=\"og:locale\" content=\"tr_TR\" \/>\n<meta property=\"og:type\" content=\"article\" \/>\n<meta property=\"og:title\" content=\"Genel Bilgi\" \/>\n<meta property=\"og:description\" content=\"\u0130stanbul Ticaret \u00dcniversitesi Matematik B\u00f6l\u00fcm\u00fc &nbsp; \u0130stanbul Ticaret \u00dcniversitesi Matematik B\u00f6l\u00fcm\u00fc, ezberci yakla\u015f\u0131mdan uzak; sorgulay\u0131c\u0131 ve ara\u015ft\u0131rmac\u0131 d\u00fc\u015f\u00fcncenin \u00f6n planda oldu\u011fu, se\u00e7kin bir e\u011fitim program\u0131 sunmay\u0131 ama\u00e7lamaktad\u0131r. Matematik lisans program\u0131n\u0131n ilk iki y\u0131l\u0131nda, \u00f6\u011frencilere sa\u011flam bir matematik altyap\u0131s\u0131 kazand\u0131rmak amac\u0131yla teorik ve temel dersler verilmektedir. Bu sayede \u00f6\u011frenciler; matematiksel d\u00fc\u015f\u00fcnme, d\u00fc\u015f\u00fcncelerini ifade edebilme, analiz yapma [&hellip;]\" \/>\n<meta property=\"og:url\" content=\"https:\/\/ticaret.edu.tr\/matematik\/lisans-genel-bilgi\/\" \/>\n<meta property=\"og:site_name\" content=\"Matematik\" \/>\n<meta property=\"article:publisher\" content=\"https:\/\/www.facebook.com\/ticaretedutr\" \/>\n<meta property=\"article:modified_time\" content=\"2025-10-10T14:15:19+00:00\" \/>\n<meta property=\"og:image\" content=\"http:\/\/ticaret.edu.tr\/matematik\/wp-content\/uploads\/sites\/29\/2021\/11\/web_logo-01.jpg\" \/>\n\t<meta property=\"og:image:width\" content=\"1250\" \/>\n\t<meta property=\"og:image:height\" content=\"833\" \/>\n\t<meta property=\"og:image:type\" content=\"image\/jpeg\" \/>\n<meta name=\"twitter:card\" content=\"summary_large_image\" \/>\n<meta name=\"twitter:site\" content=\"@ticaretedutr\" \/>\n<meta name=\"twitter:label1\" content=\"Tahmini okuma s\u00fcresi\" \/>\n\t<meta name=\"twitter:data1\" content=\"2 dakika\" \/>\n<script type=\"application\/ld+json\" class=\"yoast-schema-graph\">{\"@context\":\"https:\/\/schema.org\",\"@graph\":[{\"@type\":\"WebPage\",\"@id\":\"https:\/\/ticaret.edu.tr\/matematik\/lisans-genel-bilgi\/\",\"url\":\"https:\/\/ticaret.edu.tr\/matematik\/lisans-genel-bilgi\/\",\"name\":\"Genel Bilgi - Matematik\",\"isPartOf\":{\"@id\":\"https:\/\/ticaret.edu.tr\/matematik\/#website\"},\"datePublished\":\"2025-01-26T16:37:02+00:00\",\"dateModified\":\"2025-10-10T14:15:19+00:00\",\"breadcrumb\":{\"@id\":\"https:\/\/ticaret.edu.tr\/matematik\/lisans-genel-bilgi\/#breadcrumb\"},\"inLanguage\":\"tr\",\"potentialAction\":[{\"@type\":\"ReadAction\",\"target\":[\"https:\/\/ticaret.edu.tr\/matematik\/lisans-genel-bilgi\/\"]}]},{\"@type\":\"BreadcrumbList\",\"@id\":\"https:\/\/ticaret.edu.tr\/matematik\/lisans-genel-bilgi\/#breadcrumb\",\"itemListElement\":[{\"@type\":\"ListItem\",\"position\":1,\"name\":\"Ana sayfa\",\"item\":\"https:\/\/ticaret.edu.tr\/matematik\/\"},{\"@type\":\"ListItem\",\"position\":2,\"name\":\"Genel Bilgi\"}]},{\"@type\":\"WebSite\",\"@id\":\"https:\/\/ticaret.edu.tr\/matematik\/#website\",\"url\":\"https:\/\/ticaret.edu.tr\/matematik\/\",\"name\":\"Matematik\",\"description\":\"\",\"potentialAction\":[{\"@type\":\"SearchAction\",\"target\":{\"@type\":\"EntryPoint\",\"urlTemplate\":\"https:\/\/ticaret.edu.tr\/matematik\/?s={search_term_string}\"},\"query-input\":\"required name=search_term_string\"}],\"inLanguage\":\"tr\"}]}<\/script>\n<!-- \/ Yoast SEO Premium plugin. -->","yoast_head_json":{"title":"Genel Bilgi - Matematik","robots":{"index":"index","follow":"follow","max-snippet":"max-snippet:-1","max-image-preview":"max-image-preview:large","max-video-preview":"max-video-preview:-1"},"canonical":"https:\/\/ticaret.edu.tr\/matematik\/lisans-genel-bilgi\/","og_locale":"tr_TR","og_type":"article","og_title":"Genel Bilgi","og_description":"\u0130stanbul Ticaret \u00dcniversitesi Matematik B\u00f6l\u00fcm\u00fc &nbsp; \u0130stanbul Ticaret \u00dcniversitesi Matematik B\u00f6l\u00fcm\u00fc, ezberci yakla\u015f\u0131mdan uzak; sorgulay\u0131c\u0131 ve ara\u015ft\u0131rmac\u0131 d\u00fc\u015f\u00fcncenin \u00f6n planda oldu\u011fu, se\u00e7kin bir e\u011fitim program\u0131 sunmay\u0131 ama\u00e7lamaktad\u0131r. Matematik lisans program\u0131n\u0131n ilk iki y\u0131l\u0131nda, \u00f6\u011frencilere sa\u011flam bir matematik altyap\u0131s\u0131 kazand\u0131rmak amac\u0131yla teorik ve temel dersler verilmektedir. Bu sayede \u00f6\u011frenciler; matematiksel d\u00fc\u015f\u00fcnme, d\u00fc\u015f\u00fcncelerini ifade edebilme, analiz yapma [&hellip;]","og_url":"https:\/\/ticaret.edu.tr\/matematik\/lisans-genel-bilgi\/","og_site_name":"Matematik","article_publisher":"https:\/\/www.facebook.com\/ticaretedutr","article_modified_time":"2025-10-10T14:15:19+00:00","og_image":[{"width":1250,"height":833,"url":"http:\/\/ticaret.edu.tr\/matematik\/wp-content\/uploads\/sites\/29\/2021\/11\/web_logo-01.jpg","type":"image\/jpeg"}],"twitter_card":"summary_large_image","twitter_site":"@ticaretedutr","twitter_misc":{"Tahmini okuma s\u00fcresi":"2 dakika"},"schema":{"@context":"https:\/\/schema.org","@graph":[{"@type":"WebPage","@id":"https:\/\/ticaret.edu.tr\/matematik\/lisans-genel-bilgi\/","url":"https:\/\/ticaret.edu.tr\/matematik\/lisans-genel-bilgi\/","name":"Genel Bilgi - Matematik","isPartOf":{"@id":"https:\/\/ticaret.edu.tr\/matematik\/#website"},"datePublished":"2025-01-26T16:37:02+00:00","dateModified":"2025-10-10T14:15:19+00:00","breadcrumb":{"@id":"https:\/\/ticaret.edu.tr\/matematik\/lisans-genel-bilgi\/#breadcrumb"},"inLanguage":"tr","potentialAction":[{"@type":"ReadAction","target":["https:\/\/ticaret.edu.tr\/matematik\/lisans-genel-bilgi\/"]}]},{"@type":"BreadcrumbList","@id":"https:\/\/ticaret.edu.tr\/matematik\/lisans-genel-bilgi\/#breadcrumb","itemListElement":[{"@type":"ListItem","position":1,"name":"Ana sayfa","item":"https:\/\/ticaret.edu.tr\/matematik\/"},{"@type":"ListItem","position":2,"name":"Genel Bilgi"}]},{"@type":"WebSite","@id":"https:\/\/ticaret.edu.tr\/matematik\/#website","url":"https:\/\/ticaret.edu.tr\/matematik\/","name":"Matematik","description":"","potentialAction":[{"@type":"SearchAction","target":{"@type":"EntryPoint","urlTemplate":"https:\/\/ticaret.edu.tr\/matematik\/?s={search_term_string}"},"query-input":"required name=search_term_string"}],"inLanguage":"tr"}]}},"lang":"tr","translations":{"en":1080,"tr":1077},"pll_sync_post":[],"_links":{"self":[{"href":"http:\/\/ticaret.edu.tr\/matematik\/wp-json\/wp\/v2\/pages\/1077"}],"collection":[{"href":"http:\/\/ticaret.edu.tr\/matematik\/wp-json\/wp\/v2\/pages"}],"about":[{"href":"http:\/\/ticaret.edu.tr\/matematik\/wp-json\/wp\/v2\/types\/page"}],"author":[{"embeddable":true,"href":"http:\/\/ticaret.edu.tr\/matematik\/wp-json\/wp\/v2\/users\/211"}],"replies":[{"embeddable":true,"href":"http:\/\/ticaret.edu.tr\/matematik\/wp-json\/wp\/v2\/comments?post=1077"}],"version-history":[{"count":11,"href":"http:\/\/ticaret.edu.tr\/matematik\/wp-json\/wp\/v2\/pages\/1077\/revisions"}],"predecessor-version":[{"id":1751,"href":"http:\/\/ticaret.edu.tr\/matematik\/wp-json\/wp\/v2\/pages\/1077\/revisions\/1751"}],"wp:attachment":[{"href":"http:\/\/ticaret.edu.tr\/matematik\/wp-json\/wp\/v2\/media?parent=1077"}],"curies":[{"name":"wp","href":"https:\/\/api.w.org\/{rel}","templated":true}]}}