{"id":1082,"date":"2025-01-26T19:38:01","date_gmt":"2025-01-26T16:38:01","guid":{"rendered":"https:\/\/ticaret.edu.tr\/matematik\/?page_id=1082"},"modified":"2025-02-11T17:02:50","modified_gmt":"2025-02-11T14:02:50","slug":"bir-ust-dereceye-gecis","status":"publish","type":"page","link":"http:\/\/ticaret.edu.tr\/matematik\/bir-ust-dereceye-gecis\/","title":{"rendered":"Bir \u00dcst Dereceye Ge\u00e7i\u015f"},"content":{"rendered":"<p>Matematik B\u00f6l\u00fcm\u00fc mezunlar\u0131, analitik d\u00fc\u015f\u00fcnme becerileri ve geni\u015f matematiksel altyap\u0131lar\u0131 sayesinde pek \u00e7ok farkl\u0131 alanda akademik kariyerlerine devam edebilirler. Mezunlar\u0131m\u0131z hem yurt i\u00e7i hem de yurt d\u0131\u015f\u0131nda \u00e7e\u015fitli disiplinlerde y\u00fcksek lisans ve doktora programlar\u0131na ba\u015fvurabilmektedir. \u0130\u015fte baz\u0131 \u00f6rnek alanlar:<\/p>\n<ul>\n<li><strong>Matematik:<\/strong> Teorik veya uygulamal\u0131 matematik alan\u0131nda uzmanla\u015fma f\u0131rsat\u0131.<\/li>\n<li><strong>Uygulamal\u0131 Matematik:<\/strong> M\u00fchendislik, fizik ve biyoloji gibi disiplinlere matematiksel \u00e7\u00f6z\u00fcmler sunan ara\u015ft\u0131rmalar.<\/li>\n<li><strong>Veri Bilimi ve Yapay Zeka:<\/strong> Makine \u00f6\u011frenmesi ve b\u00fcy\u00fck veri analiti\u011fine matematiksel yakla\u015f\u0131mlar.<\/li>\n<li><strong>Finans ve Akt\u00fcerya Bilimleri:<\/strong> Finansal modelleme, risk analizi ve portf\u00f6y y\u00f6netimi.<\/li>\n<li><strong>\u0130statistik:<\/strong> Veri analizi ve istatistiksel modelleme \u00e7al\u0131\u015fmalar\u0131.<\/li>\n<li><strong>Bilgisayar Bilimleri:<\/strong> Algoritma geli\u015ftirme ve matematiksel modelleme.<\/li>\n<li><strong>Ekonomi ve Finans Matemati\u011fi:<\/strong> Ekonomik sistemlerin matematiksel analizi.<\/li>\n<\/ul>\n<p>Ayr\u0131ca akademik kariyer hedefleyen mezunlar\u0131m\u0131z, \u00fcniversitelerde ara\u015ft\u0131rmac\u0131 veya \u00f6\u011fretim g\u00f6revlisi olarak \u00e7al\u0131\u015fma imkan\u0131 bulmaktad\u0131r.<\/p>\n","protected":false},"excerpt":{"rendered":"<p>Matematik B\u00f6l\u00fcm\u00fc mezunlar\u0131, analitik d\u00fc\u015f\u00fcnme becerileri ve geni\u015f matematiksel altyap\u0131lar\u0131 sayesinde pek \u00e7ok farkl\u0131 alanda akademik kariyerlerine devam edebilirler. Mezunlar\u0131m\u0131z hem yurt i\u00e7i hem de yurt d\u0131\u015f\u0131nda \u00e7e\u015fitli disiplinlerde y\u00fcksek lisans ve doktora programlar\u0131na ba\u015fvurabilmektedir. \u0130\u015fte baz\u0131 \u00f6rnek alanlar: Matematik: Teorik veya uygulamal\u0131 matematik alan\u0131nda uzmanla\u015fma f\u0131rsat\u0131. Uygulamal\u0131 Matematik: M\u00fchendislik, fizik ve biyoloji gibi disiplinlere [&hellip;]<\/p>\n","protected":false},"author":211,"featured_media":0,"parent":0,"menu_order":0,"comment_status":"closed","ping_status":"closed","template":"genel_sayfa.php","meta":{"footnotes":""},"yoast_head":"<!-- This site is optimized with the Yoast SEO Premium plugin v22.1 (Yoast SEO v22.1) - https:\/\/yoast.com\/wordpress\/plugins\/seo\/ -->\n<title>Bir \u00dcst Dereceye Ge\u00e7i\u015f - Matematik<\/title>\n<meta name=\"robots\" content=\"index, follow, max-snippet:-1, max-image-preview:large, max-video-preview:-1\" \/>\n<link rel=\"canonical\" href=\"https:\/\/ticaret.edu.tr\/matematik\/bir-ust-dereceye-gecis\/\" \/>\n<meta property=\"og:locale\" content=\"tr_TR\" \/>\n<meta property=\"og:type\" content=\"article\" \/>\n<meta property=\"og:title\" content=\"Bir \u00dcst Dereceye Ge\u00e7i\u015f\" \/>\n<meta property=\"og:description\" content=\"Matematik B\u00f6l\u00fcm\u00fc mezunlar\u0131, analitik d\u00fc\u015f\u00fcnme becerileri ve geni\u015f matematiksel altyap\u0131lar\u0131 sayesinde pek \u00e7ok farkl\u0131 alanda akademik kariyerlerine devam edebilirler. Mezunlar\u0131m\u0131z hem yurt i\u00e7i hem de yurt d\u0131\u015f\u0131nda \u00e7e\u015fitli disiplinlerde y\u00fcksek lisans ve doktora programlar\u0131na ba\u015fvurabilmektedir. \u0130\u015fte baz\u0131 \u00f6rnek alanlar: Matematik: Teorik veya uygulamal\u0131 matematik alan\u0131nda uzmanla\u015fma f\u0131rsat\u0131. Uygulamal\u0131 Matematik: M\u00fchendislik, fizik ve biyoloji gibi disiplinlere [&hellip;]\" \/>\n<meta property=\"og:url\" content=\"https:\/\/ticaret.edu.tr\/matematik\/bir-ust-dereceye-gecis\/\" \/>\n<meta property=\"og:site_name\" content=\"Matematik\" \/>\n<meta property=\"article:publisher\" content=\"https:\/\/www.facebook.com\/ticaretedutr\" \/>\n<meta property=\"article:modified_time\" content=\"2025-02-11T14:02:50+00:00\" \/>\n<meta property=\"og:image\" content=\"http:\/\/ticaret.edu.tr\/matematik\/wp-content\/uploads\/sites\/29\/2021\/11\/web_logo-01.jpg\" \/>\n\t<meta property=\"og:image:width\" content=\"1250\" \/>\n\t<meta property=\"og:image:height\" content=\"833\" \/>\n\t<meta property=\"og:image:type\" content=\"image\/jpeg\" \/>\n<meta name=\"twitter:card\" content=\"summary_large_image\" \/>\n<meta name=\"twitter:site\" content=\"@ticaretedutr\" \/>\n<meta name=\"twitter:label1\" content=\"Tahmini okuma s\u00fcresi\" \/>\n\t<meta name=\"twitter:data1\" content=\"1 dakika\" \/>\n<script type=\"application\/ld+json\" class=\"yoast-schema-graph\">{\"@context\":\"https:\/\/schema.org\",\"@graph\":[{\"@type\":\"WebPage\",\"@id\":\"https:\/\/ticaret.edu.tr\/matematik\/bir-ust-dereceye-gecis\/\",\"url\":\"https:\/\/ticaret.edu.tr\/matematik\/bir-ust-dereceye-gecis\/\",\"name\":\"Bir \u00dcst Dereceye Ge\u00e7i\u015f - Matematik\",\"isPartOf\":{\"@id\":\"https:\/\/ticaret.edu.tr\/matematik\/#website\"},\"datePublished\":\"2025-01-26T16:38:01+00:00\",\"dateModified\":\"2025-02-11T14:02:50+00:00\",\"breadcrumb\":{\"@id\":\"https:\/\/ticaret.edu.tr\/matematik\/bir-ust-dereceye-gecis\/#breadcrumb\"},\"inLanguage\":\"tr\",\"potentialAction\":[{\"@type\":\"ReadAction\",\"target\":[\"https:\/\/ticaret.edu.tr\/matematik\/bir-ust-dereceye-gecis\/\"]}]},{\"@type\":\"BreadcrumbList\",\"@id\":\"https:\/\/ticaret.edu.tr\/matematik\/bir-ust-dereceye-gecis\/#breadcrumb\",\"itemListElement\":[{\"@type\":\"ListItem\",\"position\":1,\"name\":\"Ana sayfa\",\"item\":\"https:\/\/ticaret.edu.tr\/matematik\/\"},{\"@type\":\"ListItem\",\"position\":2,\"name\":\"Bir \u00dcst Dereceye Ge\u00e7i\u015f\"}]},{\"@type\":\"WebSite\",\"@id\":\"https:\/\/ticaret.edu.tr\/matematik\/#website\",\"url\":\"https:\/\/ticaret.edu.tr\/matematik\/\",\"name\":\"Matematik\",\"description\":\"\",\"potentialAction\":[{\"@type\":\"SearchAction\",\"target\":{\"@type\":\"EntryPoint\",\"urlTemplate\":\"https:\/\/ticaret.edu.tr\/matematik\/?s={search_term_string}\"},\"query-input\":\"required name=search_term_string\"}],\"inLanguage\":\"tr\"}]}<\/script>\n<!-- \/ Yoast SEO Premium plugin. -->","yoast_head_json":{"title":"Bir \u00dcst Dereceye Ge\u00e7i\u015f - Matematik","robots":{"index":"index","follow":"follow","max-snippet":"max-snippet:-1","max-image-preview":"max-image-preview:large","max-video-preview":"max-video-preview:-1"},"canonical":"https:\/\/ticaret.edu.tr\/matematik\/bir-ust-dereceye-gecis\/","og_locale":"tr_TR","og_type":"article","og_title":"Bir \u00dcst Dereceye Ge\u00e7i\u015f","og_description":"Matematik B\u00f6l\u00fcm\u00fc mezunlar\u0131, analitik d\u00fc\u015f\u00fcnme becerileri ve geni\u015f matematiksel altyap\u0131lar\u0131 sayesinde pek \u00e7ok farkl\u0131 alanda akademik kariyerlerine devam edebilirler. Mezunlar\u0131m\u0131z hem yurt i\u00e7i hem de yurt d\u0131\u015f\u0131nda \u00e7e\u015fitli disiplinlerde y\u00fcksek lisans ve doktora programlar\u0131na ba\u015fvurabilmektedir. \u0130\u015fte baz\u0131 \u00f6rnek alanlar: Matematik: Teorik veya uygulamal\u0131 matematik alan\u0131nda uzmanla\u015fma f\u0131rsat\u0131. Uygulamal\u0131 Matematik: M\u00fchendislik, fizik ve biyoloji gibi disiplinlere [&hellip;]","og_url":"https:\/\/ticaret.edu.tr\/matematik\/bir-ust-dereceye-gecis\/","og_site_name":"Matematik","article_publisher":"https:\/\/www.facebook.com\/ticaretedutr","article_modified_time":"2025-02-11T14:02:50+00:00","og_image":[{"width":1250,"height":833,"url":"http:\/\/ticaret.edu.tr\/matematik\/wp-content\/uploads\/sites\/29\/2021\/11\/web_logo-01.jpg","type":"image\/jpeg"}],"twitter_card":"summary_large_image","twitter_site":"@ticaretedutr","twitter_misc":{"Tahmini okuma s\u00fcresi":"1 dakika"},"schema":{"@context":"https:\/\/schema.org","@graph":[{"@type":"WebPage","@id":"https:\/\/ticaret.edu.tr\/matematik\/bir-ust-dereceye-gecis\/","url":"https:\/\/ticaret.edu.tr\/matematik\/bir-ust-dereceye-gecis\/","name":"Bir \u00dcst Dereceye Ge\u00e7i\u015f - Matematik","isPartOf":{"@id":"https:\/\/ticaret.edu.tr\/matematik\/#website"},"datePublished":"2025-01-26T16:38:01+00:00","dateModified":"2025-02-11T14:02:50+00:00","breadcrumb":{"@id":"https:\/\/ticaret.edu.tr\/matematik\/bir-ust-dereceye-gecis\/#breadcrumb"},"inLanguage":"tr","potentialAction":[{"@type":"ReadAction","target":["https:\/\/ticaret.edu.tr\/matematik\/bir-ust-dereceye-gecis\/"]}]},{"@type":"BreadcrumbList","@id":"https:\/\/ticaret.edu.tr\/matematik\/bir-ust-dereceye-gecis\/#breadcrumb","itemListElement":[{"@type":"ListItem","position":1,"name":"Ana sayfa","item":"https:\/\/ticaret.edu.tr\/matematik\/"},{"@type":"ListItem","position":2,"name":"Bir \u00dcst Dereceye Ge\u00e7i\u015f"}]},{"@type":"WebSite","@id":"https:\/\/ticaret.edu.tr\/matematik\/#website","url":"https:\/\/ticaret.edu.tr\/matematik\/","name":"Matematik","description":"","potentialAction":[{"@type":"SearchAction","target":{"@type":"EntryPoint","urlTemplate":"https:\/\/ticaret.edu.tr\/matematik\/?s={search_term_string}"},"query-input":"required name=search_term_string"}],"inLanguage":"tr"}]}},"lang":"tr","translations":{"en":1084,"tr":1082},"pll_sync_post":[],"_links":{"self":[{"href":"http:\/\/ticaret.edu.tr\/matematik\/wp-json\/wp\/v2\/pages\/1082"}],"collection":[{"href":"http:\/\/ticaret.edu.tr\/matematik\/wp-json\/wp\/v2\/pages"}],"about":[{"href":"http:\/\/ticaret.edu.tr\/matematik\/wp-json\/wp\/v2\/types\/page"}],"author":[{"embeddable":true,"href":"http:\/\/ticaret.edu.tr\/matematik\/wp-json\/wp\/v2\/users\/211"}],"replies":[{"embeddable":true,"href":"http:\/\/ticaret.edu.tr\/matematik\/wp-json\/wp\/v2\/comments?post=1082"}],"version-history":[{"count":2,"href":"http:\/\/ticaret.edu.tr\/matematik\/wp-json\/wp\/v2\/pages\/1082\/revisions"}],"predecessor-version":[{"id":1449,"href":"http:\/\/ticaret.edu.tr\/matematik\/wp-json\/wp\/v2\/pages\/1082\/revisions\/1449"}],"wp:attachment":[{"href":"http:\/\/ticaret.edu.tr\/matematik\/wp-json\/wp\/v2\/media?parent=1082"}],"curies":[{"name":"wp","href":"https:\/\/api.w.org\/{rel}","templated":true}]}}