{"id":1086,"date":"2025-01-26T19:38:49","date_gmt":"2025-01-26T16:38:49","guid":{"rendered":"https:\/\/ticaret.edu.tr\/matematik\/?page_id=1086"},"modified":"2025-10-15T15:49:36","modified_gmt":"2025-10-15T12:49:36","slug":"program-egitim-amaclari","status":"publish","type":"page","link":"http:\/\/ticaret.edu.tr\/matematik\/program-egitim-amaclari\/","title":{"rendered":"Program E\u011fitim Ama\u00e7lar\u0131"},"content":{"rendered":"<p>Program O\u0308g\u0306retim Amac\u0327lar\u0131 (O\u0308A): Program mezunlar\u0131n\u0131n yak\u0131n bir gelecekte eris\u0327meleri istenen kariyer hedeflerini ve mesleki beklentilerini tan\u0131mlayan O\u0308A as\u0327ag\u0306\u0131da bulunmaktad\u0131r.<\/p>\n<p>\u00d6A1. Temel matematik bilgilerini kavrayarak, matematiksel d\u00fc\u015f\u00fcnceyi etkin \u015fekilde kullanabilen ve alan\u0131nda ileri d\u00fczeyde \u00e7al\u0131\u015fmalara katk\u0131 sa\u011flayabilecek mezunlar yeti\u015ftirmek.<\/p>\n<p>\u00d6A2. Ger\u00e7ek d\u00fcnyada kar\u015f\u0131la\u015f\u0131lan sorunlar\u0131 matematiksel yakla\u015f\u0131mlarla analiz edip, \u00e7a\u011fda\u015f \u00e7\u00f6z\u00fcm teknikleri ile \u00e7\u00f6zebilen, analitik d\u00fc\u015f\u00fcnme becerilerine sahip \u00f6\u011frenciler yeti\u015ftirmek.<br \/>\n\u00d6A3. Matematiksel modelleme, veri analizi ve ilgili yaz\u0131l\u0131mlar konusunda yetkin, bu teknolojileri etkin bir \u015fekilde kullanabilen ve geli\u015ftirebilen mezunlar yeti\u015ftirmek.<\/p>\n<p>\u00d6A4. T\u00fcrk\u00e7e ve en az bir yabanc\u0131 dilde alan\u0131ndaki geli\u015fmeleri takip edebilen, grup \u00e7al\u0131\u015fmalar\u0131na katk\u0131 sa\u011flayabilen ve ara\u015ft\u0131rmalar\u0131n\u0131 etkili bir \u015fekilde sunabilen, ya\u015fam boyu \u00f6\u011frenmeye a\u00e7\u0131k \u00f6\u011frenciler yeti\u015ftirmek.<br \/>\n\u00d6A5. Ulusal ve uluslararas\u0131 alanda, matematiksel bilgi ve becerilerini kullanarak \u00f6zel sekt\u00f6r ve kamu kurulu\u015flar\u0131nda g\u00f6rev alabilecek, y\u00f6netim ve uygulama s\u00fcre\u00e7lerinde etkin rol oynayabilecek mezunlar yeti\u015ftirmek.<\/p>\n","protected":false},"excerpt":{"rendered":"<p>Program O\u0308g\u0306retim Amac\u0327lar\u0131 (O\u0308A): Program mezunlar\u0131n\u0131n yak\u0131n bir gelecekte eris\u0327meleri istenen kariyer hedeflerini ve mesleki beklentilerini tan\u0131mlayan O\u0308A as\u0327ag\u0306\u0131da bulunmaktad\u0131r. \u00d6A1. Temel matematik bilgilerini kavrayarak, matematiksel d\u00fc\u015f\u00fcnceyi etkin \u015fekilde kullanabilen ve alan\u0131nda ileri d\u00fczeyde \u00e7al\u0131\u015fmalara katk\u0131 sa\u011flayabilecek mezunlar yeti\u015ftirmek. \u00d6A2. Ger\u00e7ek d\u00fcnyada kar\u015f\u0131la\u015f\u0131lan sorunlar\u0131 matematiksel yakla\u015f\u0131mlarla analiz edip, \u00e7a\u011fda\u015f \u00e7\u00f6z\u00fcm teknikleri ile \u00e7\u00f6zebilen, analitik d\u00fc\u015f\u00fcnme [&hellip;]<\/p>\n","protected":false},"author":211,"featured_media":0,"parent":0,"menu_order":0,"comment_status":"closed","ping_status":"closed","template":"genel_sayfa.php","meta":{"footnotes":""},"yoast_head":"<!-- This site is optimized with the Yoast SEO Premium plugin v22.1 (Yoast SEO v22.1) - https:\/\/yoast.com\/wordpress\/plugins\/seo\/ -->\n<title>Program E\u011fitim Ama\u00e7lar\u0131 - Matematik<\/title>\n<meta name=\"robots\" content=\"index, follow, max-snippet:-1, max-image-preview:large, max-video-preview:-1\" \/>\n<link rel=\"canonical\" href=\"http:\/\/ticaret.edu.tr\/matematik\/program-egitim-amaclari\/\" \/>\n<meta property=\"og:locale\" content=\"tr_TR\" \/>\n<meta property=\"og:type\" content=\"article\" \/>\n<meta property=\"og:title\" content=\"Program E\u011fitim Ama\u00e7lar\u0131\" \/>\n<meta property=\"og:description\" content=\"Program O\u0308g\u0306retim Amac\u0327lar\u0131 (O\u0308A): Program mezunlar\u0131n\u0131n yak\u0131n bir gelecekte eris\u0327meleri istenen kariyer hedeflerini ve mesleki beklentilerini tan\u0131mlayan O\u0308A as\u0327ag\u0306\u0131da bulunmaktad\u0131r. \u00d6A1. Temel matematik bilgilerini kavrayarak, matematiksel d\u00fc\u015f\u00fcnceyi etkin \u015fekilde kullanabilen ve alan\u0131nda ileri d\u00fczeyde \u00e7al\u0131\u015fmalara katk\u0131 sa\u011flayabilecek mezunlar yeti\u015ftirmek. \u00d6A2. Ger\u00e7ek d\u00fcnyada kar\u015f\u0131la\u015f\u0131lan sorunlar\u0131 matematiksel yakla\u015f\u0131mlarla analiz edip, \u00e7a\u011fda\u015f \u00e7\u00f6z\u00fcm teknikleri ile \u00e7\u00f6zebilen, analitik d\u00fc\u015f\u00fcnme [&hellip;]\" \/>\n<meta property=\"og:url\" content=\"http:\/\/ticaret.edu.tr\/matematik\/program-egitim-amaclari\/\" \/>\n<meta property=\"og:site_name\" content=\"Matematik\" \/>\n<meta property=\"article:publisher\" content=\"https:\/\/www.facebook.com\/ticaretedutr\" \/>\n<meta property=\"article:modified_time\" content=\"2025-10-15T12:49:36+00:00\" \/>\n<meta property=\"og:image\" content=\"http:\/\/ticaret.edu.tr\/matematik\/wp-content\/uploads\/sites\/29\/2021\/11\/web_logo-01.jpg\" \/>\n\t<meta property=\"og:image:width\" content=\"1250\" \/>\n\t<meta property=\"og:image:height\" content=\"833\" \/>\n\t<meta property=\"og:image:type\" content=\"image\/jpeg\" \/>\n<meta name=\"twitter:card\" content=\"summary_large_image\" \/>\n<meta name=\"twitter:site\" content=\"@ticaretedutr\" \/>\n<meta name=\"twitter:label1\" content=\"Tahmini okuma s\u00fcresi\" \/>\n\t<meta name=\"twitter:data1\" content=\"1 dakika\" \/>\n<script type=\"application\/ld+json\" class=\"yoast-schema-graph\">{\"@context\":\"https:\/\/schema.org\",\"@graph\":[{\"@type\":\"WebPage\",\"@id\":\"http:\/\/ticaret.edu.tr\/matematik\/program-egitim-amaclari\/\",\"url\":\"http:\/\/ticaret.edu.tr\/matematik\/program-egitim-amaclari\/\",\"name\":\"Program E\u011fitim Ama\u00e7lar\u0131 - Matematik\",\"isPartOf\":{\"@id\":\"https:\/\/ticaret.edu.tr\/matematik\/#website\"},\"datePublished\":\"2025-01-26T16:38:49+00:00\",\"dateModified\":\"2025-10-15T12:49:36+00:00\",\"breadcrumb\":{\"@id\":\"http:\/\/ticaret.edu.tr\/matematik\/program-egitim-amaclari\/#breadcrumb\"},\"inLanguage\":\"tr\",\"potentialAction\":[{\"@type\":\"ReadAction\",\"target\":[\"http:\/\/ticaret.edu.tr\/matematik\/program-egitim-amaclari\/\"]}]},{\"@type\":\"BreadcrumbList\",\"@id\":\"http:\/\/ticaret.edu.tr\/matematik\/program-egitim-amaclari\/#breadcrumb\",\"itemListElement\":[{\"@type\":\"ListItem\",\"position\":1,\"name\":\"Ana sayfa\",\"item\":\"https:\/\/ticaret.edu.tr\/matematik\/\"},{\"@type\":\"ListItem\",\"position\":2,\"name\":\"Program E\u011fitim Ama\u00e7lar\u0131\"}]},{\"@type\":\"WebSite\",\"@id\":\"https:\/\/ticaret.edu.tr\/matematik\/#website\",\"url\":\"https:\/\/ticaret.edu.tr\/matematik\/\",\"name\":\"Matematik\",\"description\":\"\",\"potentialAction\":[{\"@type\":\"SearchAction\",\"target\":{\"@type\":\"EntryPoint\",\"urlTemplate\":\"https:\/\/ticaret.edu.tr\/matematik\/?s={search_term_string}\"},\"query-input\":\"required name=search_term_string\"}],\"inLanguage\":\"tr\"}]}<\/script>\n<!-- \/ Yoast SEO Premium plugin. -->","yoast_head_json":{"title":"Program E\u011fitim Ama\u00e7lar\u0131 - Matematik","robots":{"index":"index","follow":"follow","max-snippet":"max-snippet:-1","max-image-preview":"max-image-preview:large","max-video-preview":"max-video-preview:-1"},"canonical":"http:\/\/ticaret.edu.tr\/matematik\/program-egitim-amaclari\/","og_locale":"tr_TR","og_type":"article","og_title":"Program E\u011fitim Ama\u00e7lar\u0131","og_description":"Program O\u0308g\u0306retim Amac\u0327lar\u0131 (O\u0308A): Program mezunlar\u0131n\u0131n yak\u0131n bir gelecekte eris\u0327meleri istenen kariyer hedeflerini ve mesleki beklentilerini tan\u0131mlayan O\u0308A as\u0327ag\u0306\u0131da bulunmaktad\u0131r. \u00d6A1. Temel matematik bilgilerini kavrayarak, matematiksel d\u00fc\u015f\u00fcnceyi etkin \u015fekilde kullanabilen ve alan\u0131nda ileri d\u00fczeyde \u00e7al\u0131\u015fmalara katk\u0131 sa\u011flayabilecek mezunlar yeti\u015ftirmek. \u00d6A2. Ger\u00e7ek d\u00fcnyada kar\u015f\u0131la\u015f\u0131lan sorunlar\u0131 matematiksel yakla\u015f\u0131mlarla analiz edip, \u00e7a\u011fda\u015f \u00e7\u00f6z\u00fcm teknikleri ile \u00e7\u00f6zebilen, analitik d\u00fc\u015f\u00fcnme [&hellip;]","og_url":"http:\/\/ticaret.edu.tr\/matematik\/program-egitim-amaclari\/","og_site_name":"Matematik","article_publisher":"https:\/\/www.facebook.com\/ticaretedutr","article_modified_time":"2025-10-15T12:49:36+00:00","og_image":[{"width":1250,"height":833,"url":"http:\/\/ticaret.edu.tr\/matematik\/wp-content\/uploads\/sites\/29\/2021\/11\/web_logo-01.jpg","type":"image\/jpeg"}],"twitter_card":"summary_large_image","twitter_site":"@ticaretedutr","twitter_misc":{"Tahmini okuma s\u00fcresi":"1 dakika"},"schema":{"@context":"https:\/\/schema.org","@graph":[{"@type":"WebPage","@id":"http:\/\/ticaret.edu.tr\/matematik\/program-egitim-amaclari\/","url":"http:\/\/ticaret.edu.tr\/matematik\/program-egitim-amaclari\/","name":"Program E\u011fitim Ama\u00e7lar\u0131 - Matematik","isPartOf":{"@id":"https:\/\/ticaret.edu.tr\/matematik\/#website"},"datePublished":"2025-01-26T16:38:49+00:00","dateModified":"2025-10-15T12:49:36+00:00","breadcrumb":{"@id":"http:\/\/ticaret.edu.tr\/matematik\/program-egitim-amaclari\/#breadcrumb"},"inLanguage":"tr","potentialAction":[{"@type":"ReadAction","target":["http:\/\/ticaret.edu.tr\/matematik\/program-egitim-amaclari\/"]}]},{"@type":"BreadcrumbList","@id":"http:\/\/ticaret.edu.tr\/matematik\/program-egitim-amaclari\/#breadcrumb","itemListElement":[{"@type":"ListItem","position":1,"name":"Ana sayfa","item":"https:\/\/ticaret.edu.tr\/matematik\/"},{"@type":"ListItem","position":2,"name":"Program E\u011fitim Ama\u00e7lar\u0131"}]},{"@type":"WebSite","@id":"https:\/\/ticaret.edu.tr\/matematik\/#website","url":"https:\/\/ticaret.edu.tr\/matematik\/","name":"Matematik","description":"","potentialAction":[{"@type":"SearchAction","target":{"@type":"EntryPoint","urlTemplate":"https:\/\/ticaret.edu.tr\/matematik\/?s={search_term_string}"},"query-input":"required name=search_term_string"}],"inLanguage":"tr"}]}},"lang":"tr","translations":{"en":1088,"tr":1086},"pll_sync_post":[],"_links":{"self":[{"href":"http:\/\/ticaret.edu.tr\/matematik\/wp-json\/wp\/v2\/pages\/1086"}],"collection":[{"href":"http:\/\/ticaret.edu.tr\/matematik\/wp-json\/wp\/v2\/pages"}],"about":[{"href":"http:\/\/ticaret.edu.tr\/matematik\/wp-json\/wp\/v2\/types\/page"}],"author":[{"embeddable":true,"href":"http:\/\/ticaret.edu.tr\/matematik\/wp-json\/wp\/v2\/users\/211"}],"replies":[{"embeddable":true,"href":"http:\/\/ticaret.edu.tr\/matematik\/wp-json\/wp\/v2\/comments?post=1086"}],"version-history":[{"count":5,"href":"http:\/\/ticaret.edu.tr\/matematik\/wp-json\/wp\/v2\/pages\/1086\/revisions"}],"predecessor-version":[{"id":1889,"href":"http:\/\/ticaret.edu.tr\/matematik\/wp-json\/wp\/v2\/pages\/1086\/revisions\/1889"}],"wp:attachment":[{"href":"http:\/\/ticaret.edu.tr\/matematik\/wp-json\/wp\/v2\/media?parent=1086"}],"curies":[{"name":"wp","href":"https:\/\/api.w.org\/{rel}","templated":true}]}}