{"id":1090,"date":"2025-01-26T19:39:14","date_gmt":"2025-01-26T16:39:14","guid":{"rendered":"https:\/\/ticaret.edu.tr\/matematik\/?page_id=1090"},"modified":"2025-05-28T10:31:46","modified_gmt":"2025-05-28T07:31:46","slug":"program-ogretim-ciktilari","status":"publish","type":"page","link":"http:\/\/ticaret.edu.tr\/matematik\/program-ogretim-ciktilari\/","title":{"rendered":"Program \u00d6\u011fretim \u00c7\u0131kt\u0131lar\u0131"},"content":{"rendered":"<p data-pm-slice=\"1 1 []\">P\u00d6\u00c7 1: Matematik dilini anlar.<\/p>\n<p>P\u00d6\u00c7 2: Matematik dilini rahatl\u0131kla kullan\u0131r.<\/p>\n<p>P\u00d6\u00c7 3: Temel matematik tan\u0131m ve kavramlar\u0131na ula\u015f\u0131r.<\/p>\n<p>P\u00d6\u00c7 4: Matematiksel d\u00fc\u015f\u00fcnme yoluyla problemleri analiz edip \u00e7\u00f6zebilir.<\/p>\n<p>P\u00d6\u00c7 5: Matematik k\u00fclt\u00fcr\u00fcyle donan\u0131r.<\/p>\n<p>P\u00d6\u00c7 6: Yenilik\u00e7i ve sorgulay\u0131c\u0131 d\u00fc\u015f\u00fcnme yetene\u011fi kazan\u0131r.<\/p>\n<p>P\u00d6\u00c7 7: Matematikte problem \u00e7\u00f6zerken s\u0131ra d\u0131\u015f\u0131 yollar ke\u015ffedebilme becerisi kazan\u0131r.<\/p>\n<p>P\u00d6\u00c7 8: Matematik yapma \u00f6zg\u00fcveni artar.<\/p>\n<p>P\u00d6\u00c7 9: Matemati\u011fe kar\u015f\u0131 olumlu tutum geli\u015ftirir.<\/p>\n<p>P\u00d6\u00c7 10: Matematikte \u0130ngilizceyi rahatl\u0131kla kullanabilir.<\/p>\n<p>P\u00d6\u00c7 11: Matemati\u011fin toplumdaki ve bilimdeki \u00f6nemini kavrar.<\/p>\n<p>P\u00d6\u00c7 12: Matematikte teknolojiyi rahatl\u0131kla kullan\u0131r.<\/p>\n","protected":false},"excerpt":{"rendered":"<p>P\u00d6\u00c7 1: Matematik dilini anlar. P\u00d6\u00c7 2: Matematik dilini rahatl\u0131kla kullan\u0131r. P\u00d6\u00c7 3: Temel matematik tan\u0131m ve kavramlar\u0131na ula\u015f\u0131r. P\u00d6\u00c7 4: Matematiksel d\u00fc\u015f\u00fcnme yoluyla problemleri analiz edip \u00e7\u00f6zebilir. P\u00d6\u00c7 5: Matematik k\u00fclt\u00fcr\u00fcyle donan\u0131r. P\u00d6\u00c7 6: Yenilik\u00e7i ve sorgulay\u0131c\u0131 d\u00fc\u015f\u00fcnme yetene\u011fi kazan\u0131r. P\u00d6\u00c7 7: Matematikte problem \u00e7\u00f6zerken s\u0131ra d\u0131\u015f\u0131 yollar ke\u015ffedebilme becerisi kazan\u0131r. P\u00d6\u00c7 8: Matematik [&hellip;]<\/p>\n","protected":false},"author":211,"featured_media":0,"parent":0,"menu_order":0,"comment_status":"closed","ping_status":"closed","template":"genel_sayfa.php","meta":{"footnotes":""},"yoast_head":"<!-- This site is optimized with the Yoast SEO Premium plugin v22.1 (Yoast SEO v22.1) - https:\/\/yoast.com\/wordpress\/plugins\/seo\/ -->\n<title>Program \u00d6\u011fretim \u00c7\u0131kt\u0131lar\u0131 - Matematik<\/title>\n<meta name=\"robots\" content=\"index, follow, max-snippet:-1, max-image-preview:large, max-video-preview:-1\" \/>\n<link rel=\"canonical\" href=\"http:\/\/ticaret.edu.tr\/matematik\/program-ogretim-ciktilari\/\" \/>\n<meta property=\"og:locale\" content=\"tr_TR\" \/>\n<meta property=\"og:type\" content=\"article\" \/>\n<meta property=\"og:title\" content=\"Program \u00d6\u011fretim \u00c7\u0131kt\u0131lar\u0131\" \/>\n<meta property=\"og:description\" content=\"P\u00d6\u00c7 1: Matematik dilini anlar. P\u00d6\u00c7 2: Matematik dilini rahatl\u0131kla kullan\u0131r. P\u00d6\u00c7 3: Temel matematik tan\u0131m ve kavramlar\u0131na ula\u015f\u0131r. P\u00d6\u00c7 4: Matematiksel d\u00fc\u015f\u00fcnme yoluyla problemleri analiz edip \u00e7\u00f6zebilir. P\u00d6\u00c7 5: Matematik k\u00fclt\u00fcr\u00fcyle donan\u0131r. P\u00d6\u00c7 6: Yenilik\u00e7i ve sorgulay\u0131c\u0131 d\u00fc\u015f\u00fcnme yetene\u011fi kazan\u0131r. P\u00d6\u00c7 7: Matematikte problem \u00e7\u00f6zerken s\u0131ra d\u0131\u015f\u0131 yollar ke\u015ffedebilme becerisi kazan\u0131r. P\u00d6\u00c7 8: Matematik [&hellip;]\" \/>\n<meta property=\"og:url\" content=\"http:\/\/ticaret.edu.tr\/matematik\/program-ogretim-ciktilari\/\" \/>\n<meta property=\"og:site_name\" content=\"Matematik\" \/>\n<meta property=\"article:publisher\" content=\"https:\/\/www.facebook.com\/ticaretedutr\" \/>\n<meta property=\"article:modified_time\" content=\"2025-05-28T07:31:46+00:00\" \/>\n<meta property=\"og:image\" content=\"http:\/\/ticaret.edu.tr\/matematik\/wp-content\/uploads\/sites\/29\/2021\/11\/web_logo-01.jpg\" \/>\n\t<meta property=\"og:image:width\" content=\"1250\" \/>\n\t<meta property=\"og:image:height\" content=\"833\" \/>\n\t<meta property=\"og:image:type\" content=\"image\/jpeg\" \/>\n<meta name=\"twitter:card\" content=\"summary_large_image\" \/>\n<meta name=\"twitter:site\" content=\"@ticaretedutr\" \/>\n<meta name=\"twitter:label1\" content=\"Tahmini okuma s\u00fcresi\" \/>\n\t<meta name=\"twitter:data1\" content=\"1 dakika\" \/>\n<script type=\"application\/ld+json\" class=\"yoast-schema-graph\">{\"@context\":\"https:\/\/schema.org\",\"@graph\":[{\"@type\":\"WebPage\",\"@id\":\"http:\/\/ticaret.edu.tr\/matematik\/program-ogretim-ciktilari\/\",\"url\":\"http:\/\/ticaret.edu.tr\/matematik\/program-ogretim-ciktilari\/\",\"name\":\"Program \u00d6\u011fretim \u00c7\u0131kt\u0131lar\u0131 - Matematik\",\"isPartOf\":{\"@id\":\"https:\/\/ticaret.edu.tr\/matematik\/#website\"},\"datePublished\":\"2025-01-26T16:39:14+00:00\",\"dateModified\":\"2025-05-28T07:31:46+00:00\",\"breadcrumb\":{\"@id\":\"http:\/\/ticaret.edu.tr\/matematik\/program-ogretim-ciktilari\/#breadcrumb\"},\"inLanguage\":\"tr\",\"potentialAction\":[{\"@type\":\"ReadAction\",\"target\":[\"http:\/\/ticaret.edu.tr\/matematik\/program-ogretim-ciktilari\/\"]}]},{\"@type\":\"BreadcrumbList\",\"@id\":\"http:\/\/ticaret.edu.tr\/matematik\/program-ogretim-ciktilari\/#breadcrumb\",\"itemListElement\":[{\"@type\":\"ListItem\",\"position\":1,\"name\":\"Ana sayfa\",\"item\":\"https:\/\/ticaret.edu.tr\/matematik\/\"},{\"@type\":\"ListItem\",\"position\":2,\"name\":\"Program \u00d6\u011fretim \u00c7\u0131kt\u0131lar\u0131\"}]},{\"@type\":\"WebSite\",\"@id\":\"https:\/\/ticaret.edu.tr\/matematik\/#website\",\"url\":\"https:\/\/ticaret.edu.tr\/matematik\/\",\"name\":\"Matematik\",\"description\":\"\",\"potentialAction\":[{\"@type\":\"SearchAction\",\"target\":{\"@type\":\"EntryPoint\",\"urlTemplate\":\"https:\/\/ticaret.edu.tr\/matematik\/?s={search_term_string}\"},\"query-input\":\"required name=search_term_string\"}],\"inLanguage\":\"tr\"}]}<\/script>\n<!-- \/ Yoast SEO Premium plugin. -->","yoast_head_json":{"title":"Program \u00d6\u011fretim \u00c7\u0131kt\u0131lar\u0131 - Matematik","robots":{"index":"index","follow":"follow","max-snippet":"max-snippet:-1","max-image-preview":"max-image-preview:large","max-video-preview":"max-video-preview:-1"},"canonical":"http:\/\/ticaret.edu.tr\/matematik\/program-ogretim-ciktilari\/","og_locale":"tr_TR","og_type":"article","og_title":"Program \u00d6\u011fretim \u00c7\u0131kt\u0131lar\u0131","og_description":"P\u00d6\u00c7 1: Matematik dilini anlar. P\u00d6\u00c7 2: Matematik dilini rahatl\u0131kla kullan\u0131r. P\u00d6\u00c7 3: Temel matematik tan\u0131m ve kavramlar\u0131na ula\u015f\u0131r. P\u00d6\u00c7 4: Matematiksel d\u00fc\u015f\u00fcnme yoluyla problemleri analiz edip \u00e7\u00f6zebilir. P\u00d6\u00c7 5: Matematik k\u00fclt\u00fcr\u00fcyle donan\u0131r. P\u00d6\u00c7 6: Yenilik\u00e7i ve sorgulay\u0131c\u0131 d\u00fc\u015f\u00fcnme yetene\u011fi kazan\u0131r. P\u00d6\u00c7 7: Matematikte problem \u00e7\u00f6zerken s\u0131ra d\u0131\u015f\u0131 yollar ke\u015ffedebilme becerisi kazan\u0131r. P\u00d6\u00c7 8: Matematik [&hellip;]","og_url":"http:\/\/ticaret.edu.tr\/matematik\/program-ogretim-ciktilari\/","og_site_name":"Matematik","article_publisher":"https:\/\/www.facebook.com\/ticaretedutr","article_modified_time":"2025-05-28T07:31:46+00:00","og_image":[{"width":1250,"height":833,"url":"http:\/\/ticaret.edu.tr\/matematik\/wp-content\/uploads\/sites\/29\/2021\/11\/web_logo-01.jpg","type":"image\/jpeg"}],"twitter_card":"summary_large_image","twitter_site":"@ticaretedutr","twitter_misc":{"Tahmini okuma s\u00fcresi":"1 dakika"},"schema":{"@context":"https:\/\/schema.org","@graph":[{"@type":"WebPage","@id":"http:\/\/ticaret.edu.tr\/matematik\/program-ogretim-ciktilari\/","url":"http:\/\/ticaret.edu.tr\/matematik\/program-ogretim-ciktilari\/","name":"Program \u00d6\u011fretim \u00c7\u0131kt\u0131lar\u0131 - Matematik","isPartOf":{"@id":"https:\/\/ticaret.edu.tr\/matematik\/#website"},"datePublished":"2025-01-26T16:39:14+00:00","dateModified":"2025-05-28T07:31:46+00:00","breadcrumb":{"@id":"http:\/\/ticaret.edu.tr\/matematik\/program-ogretim-ciktilari\/#breadcrumb"},"inLanguage":"tr","potentialAction":[{"@type":"ReadAction","target":["http:\/\/ticaret.edu.tr\/matematik\/program-ogretim-ciktilari\/"]}]},{"@type":"BreadcrumbList","@id":"http:\/\/ticaret.edu.tr\/matematik\/program-ogretim-ciktilari\/#breadcrumb","itemListElement":[{"@type":"ListItem","position":1,"name":"Ana sayfa","item":"https:\/\/ticaret.edu.tr\/matematik\/"},{"@type":"ListItem","position":2,"name":"Program \u00d6\u011fretim \u00c7\u0131kt\u0131lar\u0131"}]},{"@type":"WebSite","@id":"https:\/\/ticaret.edu.tr\/matematik\/#website","url":"https:\/\/ticaret.edu.tr\/matematik\/","name":"Matematik","description":"","potentialAction":[{"@type":"SearchAction","target":{"@type":"EntryPoint","urlTemplate":"https:\/\/ticaret.edu.tr\/matematik\/?s={search_term_string}"},"query-input":"required name=search_term_string"}],"inLanguage":"tr"}]}},"lang":"tr","translations":{"en":1092,"tr":1090},"pll_sync_post":[],"_links":{"self":[{"href":"http:\/\/ticaret.edu.tr\/matematik\/wp-json\/wp\/v2\/pages\/1090"}],"collection":[{"href":"http:\/\/ticaret.edu.tr\/matematik\/wp-json\/wp\/v2\/pages"}],"about":[{"href":"http:\/\/ticaret.edu.tr\/matematik\/wp-json\/wp\/v2\/types\/page"}],"author":[{"embeddable":true,"href":"http:\/\/ticaret.edu.tr\/matematik\/wp-json\/wp\/v2\/users\/211"}],"replies":[{"embeddable":true,"href":"http:\/\/ticaret.edu.tr\/matematik\/wp-json\/wp\/v2\/comments?post=1090"}],"version-history":[{"count":4,"href":"http:\/\/ticaret.edu.tr\/matematik\/wp-json\/wp\/v2\/pages\/1090\/revisions"}],"predecessor-version":[{"id":1648,"href":"http:\/\/ticaret.edu.tr\/matematik\/wp-json\/wp\/v2\/pages\/1090\/revisions\/1648"}],"wp:attachment":[{"href":"http:\/\/ticaret.edu.tr\/matematik\/wp-json\/wp\/v2\/media?parent=1090"}],"curies":[{"name":"wp","href":"https:\/\/api.w.org\/{rel}","templated":true}]}}