{"id":11,"date":"2020-05-03T22:12:43","date_gmt":"2020-05-03T19:12:43","guid":{"rendered":"http:\/\/ticaret.edu.tr\/matematik\/?page_id=11"},"modified":"2025-02-10T15:45:22","modified_gmt":"2025-02-10T12:45:22","slug":"ana-sayfa","status":"publish","type":"page","link":"http:\/\/ticaret.edu.tr\/matematik\/","title":{"rendered":"Ana Sayfa"},"content":{"rendered":"<h3><strong>Neden Matematik, Nedir Matematik?<\/strong><\/h3>\n<p>D\u00fcnya \u00fczerinde var olan her \u015feyin bir matemati\u011fi vard\u0131r. Dilimize Frans\u0131zca \u201cmath\u00e9matique\u201d kelimesinden ge\u00e7en ve k\u00f6k\u00fc eski Yunanca \u201cm\u00e1thema\u201d s\u00f6zc\u00fc\u011f\u00fcne dayanan \u201cmatematik\u201din as\u0131l anlam\u0131, \u201c\u00f6\u011frenilecek, \u00f6\u011frenilmesi gereken \u015fey\u201ddir. Yani, bilgi. Bu durumda matemati\u011fe ilgi duyan, onunla u\u011fra\u015fan ki\u015filer ise do\u011frudan \u00f6\u011frenmeye\/bilmeye merakl\u0131 s\u0131fat\u0131n\u0131n ta\u015f\u0131y\u0131c\u0131s\u0131 olurlar. \u0130\u015fte bu ta\u015f\u0131y\u0131c\u0131lar, evrenin yaz\u0131ld\u0131\u011f\u0131 dil olan matemati\u011fin ayn\u0131 zamanda birer temsilcisi ve uygulay\u0131c\u0131s\u0131d\u0131rlar.<\/p>\n<p>Akl\u0131n en eski ortak de\u011feri olan matematik, insan\u0131n k\u00e2inatta kurulu olan d\u00fczeni anlamland\u0131rmas\u0131na olanak sunar. Bu d\u00fczen co\u011frafyay\u0131, fizi\u011fi, kimyay\u0131, biyolojiyi, end\u00fcstriyi, kriptolojiyi, m\u00fchendisli\u011fi ve daha nicesini b\u00fcnyesinde bar\u0131nd\u0131r\u0131r. Eski \u00e7a\u011flardan beri sosyal ya\u015fam\u0131n ortaya \u00e7\u0131kard\u0131\u011f\u0131 ihtiya\u00e7lar\u0131 \u00e7\u00f6zmek i\u00e7in kullan\u0131lan matematik, g\u00fcn\u00fcm\u00fczde ise h\u0131zla ilerleyen teknolojik\/bilimsel\/ekonometrik geli\u015fmelerin merkezinde olan yerini hep korumu\u015ftur. Ekonomiden biyolojiye, tasar\u0131mdan kimyaya, istatistikten fizi\u011fe, sosyal bilimlerden kozmolojiye ve daha bir\u00e7ok alanda matemati\u011fin rol\u00fc tam merkezdedir. H\u0131zla ilerleyen teknolojinin bir getirisi olarak matematikle ilintili yeni disiplinler de do\u011fmu\u015ftur. Kriptoloji, siber g\u00fcvenlik, yat\u0131r\u0131m planlamas\u0131, DNA dizilimlerinin g\u00f6r\u00fcnt\u00fclenmesi, uzay bilimleri, veri madencili\u011fi bunlardan sadece bir ka\u00e7\u0131 olarak s\u0131ralanabilir.<\/p>\n<p>\u0130li\u015fkili oldu\u011fu alanlar\u0131 a\u00e7\u0131klanabilir k\u0131lma, onlar\u0131n ileri seviyelere ta\u015f\u0131nmas\u0131na yard\u0131mc\u0131 olmas\u0131n\u0131n yan\u0131 s\u0131ra, matematik, hen\u00fcz sorulmam\u0131\u015f sorular\u0131n cevaplar\u0131n\u0131 verebilece\u011fi gibi kendi dairesi i\u00e7inde ancak sanat ile a\u00e7\u0131klanabilecek g\u00fczellikleri de i\u00e7erir. Bu i\u00e7ermenin g\u00fczel taraf\u0131 ise, onu en iyi ayn\u0131 dili konu\u015fanlar\u0131n yani matematik\u00e7ilerin anlayabiliyor olmas\u0131d\u0131r.<\/p>\n<p>&nbsp;<\/p>\n","protected":false},"excerpt":{"rendered":"<p>Neden Matematik, Nedir Matematik? D\u00fcnya \u00fczerinde var olan her \u015feyin bir matemati\u011fi vard\u0131r. Dilimize Frans\u0131zca \u201cmath\u00e9matique\u201d kelimesinden ge\u00e7en ve k\u00f6k\u00fc eski Yunanca \u201cm\u00e1thema\u201d s\u00f6zc\u00fc\u011f\u00fcne dayanan \u201cmatematik\u201din as\u0131l anlam\u0131, \u201c\u00f6\u011frenilecek, \u00f6\u011frenilmesi gereken \u015fey\u201ddir. Yani, bilgi. Bu durumda matemati\u011fe ilgi duyan, onunla u\u011fra\u015fan ki\u015filer ise do\u011frudan \u00f6\u011frenmeye\/bilmeye merakl\u0131 s\u0131fat\u0131n\u0131n ta\u015f\u0131y\u0131c\u0131s\u0131 olurlar. \u0130\u015fte bu ta\u015f\u0131y\u0131c\u0131lar, evrenin yaz\u0131ld\u0131\u011f\u0131 dil [&hellip;]<\/p>\n","protected":false},"author":1,"featured_media":0,"parent":0,"menu_order":0,"comment_status":"closed","ping_status":"closed","template":"pages\/homepage.php","meta":{"footnotes":""},"yoast_head":"<!-- This site is optimized with the Yoast SEO Premium plugin v22.1 (Yoast SEO v22.1) - https:\/\/yoast.com\/wordpress\/plugins\/seo\/ -->\n<title>Ana Sayfa - Matematik<\/title>\n<meta name=\"robots\" content=\"index, follow, max-snippet:-1, max-image-preview:large, max-video-preview:-1\" \/>\n<link rel=\"canonical\" href=\"http:\/\/ticaret.edu.tr\/matematik\/\" \/>\n<meta property=\"og:locale\" content=\"tr_TR\" \/>\n<meta property=\"og:type\" content=\"article\" \/>\n<meta property=\"og:title\" content=\"Ana Sayfa\" \/>\n<meta property=\"og:description\" content=\"Neden Matematik, Nedir Matematik? D\u00fcnya \u00fczerinde var olan her \u015feyin bir matemati\u011fi vard\u0131r. Dilimize Frans\u0131zca \u201cmath\u00e9matique\u201d kelimesinden ge\u00e7en ve k\u00f6k\u00fc eski Yunanca \u201cm\u00e1thema\u201d s\u00f6zc\u00fc\u011f\u00fcne dayanan \u201cmatematik\u201din as\u0131l anlam\u0131, \u201c\u00f6\u011frenilecek, \u00f6\u011frenilmesi gereken \u015fey\u201ddir. Yani, bilgi. Bu durumda matemati\u011fe ilgi duyan, onunla u\u011fra\u015fan ki\u015filer ise do\u011frudan \u00f6\u011frenmeye\/bilmeye merakl\u0131 s\u0131fat\u0131n\u0131n ta\u015f\u0131y\u0131c\u0131s\u0131 olurlar. \u0130\u015fte bu ta\u015f\u0131y\u0131c\u0131lar, evrenin yaz\u0131ld\u0131\u011f\u0131 dil [&hellip;]\" \/>\n<meta property=\"og:url\" content=\"http:\/\/ticaret.edu.tr\/matematik\/\" \/>\n<meta property=\"og:site_name\" content=\"Matematik\" \/>\n<meta property=\"article:publisher\" content=\"https:\/\/www.facebook.com\/ticaretedutr\" \/>\n<meta property=\"article:modified_time\" content=\"2025-02-10T12:45:22+00:00\" \/>\n<meta property=\"og:image\" content=\"http:\/\/ticaret.edu.tr\/matematik\/wp-content\/uploads\/sites\/29\/2021\/11\/web_logo-01.jpg\" \/>\n\t<meta property=\"og:image:width\" content=\"1250\" \/>\n\t<meta property=\"og:image:height\" content=\"833\" \/>\n\t<meta property=\"og:image:type\" content=\"image\/jpeg\" \/>\n<meta name=\"twitter:card\" content=\"summary_large_image\" \/>\n<meta name=\"twitter:site\" content=\"@ticaretedutr\" \/>\n<meta name=\"twitter:label1\" content=\"Tahmini okuma s\u00fcresi\" \/>\n\t<meta name=\"twitter:data1\" content=\"2 dakika\" \/>\n<script type=\"application\/ld+json\" class=\"yoast-schema-graph\">{\"@context\":\"https:\/\/schema.org\",\"@graph\":[{\"@type\":\"WebPage\",\"@id\":\"http:\/\/ticaret.edu.tr\/matematik\/\",\"url\":\"http:\/\/ticaret.edu.tr\/matematik\/\",\"name\":\"Ana Sayfa - Matematik\",\"isPartOf\":{\"@id\":\"http:\/\/ticaret.edu.tr\/matematik\/#website\"},\"datePublished\":\"2020-05-03T19:12:43+00:00\",\"dateModified\":\"2025-02-10T12:45:22+00:00\",\"breadcrumb\":{\"@id\":\"http:\/\/ticaret.edu.tr\/matematik\/#breadcrumb\"},\"inLanguage\":\"tr\",\"potentialAction\":[{\"@type\":\"ReadAction\",\"target\":[\"http:\/\/ticaret.edu.tr\/matematik\/\"]}]},{\"@type\":\"BreadcrumbList\",\"@id\":\"http:\/\/ticaret.edu.tr\/matematik\/#breadcrumb\",\"itemListElement\":[{\"@type\":\"ListItem\",\"position\":1,\"name\":\"Ana sayfa\",\"item\":\"http:\/\/ticaret.edu.tr\/matematik\/\"},{\"@type\":\"ListItem\",\"position\":2,\"name\":\"Ana Sayfa\"}]},{\"@type\":\"WebSite\",\"@id\":\"http:\/\/ticaret.edu.tr\/matematik\/#website\",\"url\":\"http:\/\/ticaret.edu.tr\/matematik\/\",\"name\":\"Matematik\",\"description\":\"\",\"potentialAction\":[{\"@type\":\"SearchAction\",\"target\":{\"@type\":\"EntryPoint\",\"urlTemplate\":\"http:\/\/ticaret.edu.tr\/matematik\/?s={search_term_string}\"},\"query-input\":\"required name=search_term_string\"}],\"inLanguage\":\"tr\"}]}<\/script>\n<!-- \/ Yoast SEO Premium plugin. -->","yoast_head_json":{"title":"Ana Sayfa - Matematik","robots":{"index":"index","follow":"follow","max-snippet":"max-snippet:-1","max-image-preview":"max-image-preview:large","max-video-preview":"max-video-preview:-1"},"canonical":"http:\/\/ticaret.edu.tr\/matematik\/","og_locale":"tr_TR","og_type":"article","og_title":"Ana Sayfa","og_description":"Neden Matematik, Nedir Matematik? D\u00fcnya \u00fczerinde var olan her \u015feyin bir matemati\u011fi vard\u0131r. Dilimize Frans\u0131zca \u201cmath\u00e9matique\u201d kelimesinden ge\u00e7en ve k\u00f6k\u00fc eski Yunanca \u201cm\u00e1thema\u201d s\u00f6zc\u00fc\u011f\u00fcne dayanan \u201cmatematik\u201din as\u0131l anlam\u0131, \u201c\u00f6\u011frenilecek, \u00f6\u011frenilmesi gereken \u015fey\u201ddir. Yani, bilgi. Bu durumda matemati\u011fe ilgi duyan, onunla u\u011fra\u015fan ki\u015filer ise do\u011frudan \u00f6\u011frenmeye\/bilmeye merakl\u0131 s\u0131fat\u0131n\u0131n ta\u015f\u0131y\u0131c\u0131s\u0131 olurlar. \u0130\u015fte bu ta\u015f\u0131y\u0131c\u0131lar, evrenin yaz\u0131ld\u0131\u011f\u0131 dil [&hellip;]","og_url":"http:\/\/ticaret.edu.tr\/matematik\/","og_site_name":"Matematik","article_publisher":"https:\/\/www.facebook.com\/ticaretedutr","article_modified_time":"2025-02-10T12:45:22+00:00","og_image":[{"width":1250,"height":833,"url":"http:\/\/ticaret.edu.tr\/matematik\/wp-content\/uploads\/sites\/29\/2021\/11\/web_logo-01.jpg","type":"image\/jpeg"}],"twitter_card":"summary_large_image","twitter_site":"@ticaretedutr","twitter_misc":{"Tahmini okuma s\u00fcresi":"2 dakika"},"schema":{"@context":"https:\/\/schema.org","@graph":[{"@type":"WebPage","@id":"http:\/\/ticaret.edu.tr\/matematik\/","url":"http:\/\/ticaret.edu.tr\/matematik\/","name":"Ana Sayfa - Matematik","isPartOf":{"@id":"http:\/\/ticaret.edu.tr\/matematik\/#website"},"datePublished":"2020-05-03T19:12:43+00:00","dateModified":"2025-02-10T12:45:22+00:00","breadcrumb":{"@id":"http:\/\/ticaret.edu.tr\/matematik\/#breadcrumb"},"inLanguage":"tr","potentialAction":[{"@type":"ReadAction","target":["http:\/\/ticaret.edu.tr\/matematik\/"]}]},{"@type":"BreadcrumbList","@id":"http:\/\/ticaret.edu.tr\/matematik\/#breadcrumb","itemListElement":[{"@type":"ListItem","position":1,"name":"Ana sayfa","item":"http:\/\/ticaret.edu.tr\/matematik\/"},{"@type":"ListItem","position":2,"name":"Ana Sayfa"}]},{"@type":"WebSite","@id":"http:\/\/ticaret.edu.tr\/matematik\/#website","url":"http:\/\/ticaret.edu.tr\/matematik\/","name":"Matematik","description":"","potentialAction":[{"@type":"SearchAction","target":{"@type":"EntryPoint","urlTemplate":"http:\/\/ticaret.edu.tr\/matematik\/?s={search_term_string}"},"query-input":"required name=search_term_string"}],"inLanguage":"tr"}]}},"lang":"tr","translations":{"en":235,"tr":11},"pll_sync_post":[],"_links":{"self":[{"href":"http:\/\/ticaret.edu.tr\/matematik\/wp-json\/wp\/v2\/pages\/11"}],"collection":[{"href":"http:\/\/ticaret.edu.tr\/matematik\/wp-json\/wp\/v2\/pages"}],"about":[{"href":"http:\/\/ticaret.edu.tr\/matematik\/wp-json\/wp\/v2\/types\/page"}],"author":[{"embeddable":true,"href":"http:\/\/ticaret.edu.tr\/matematik\/wp-json\/wp\/v2\/users\/1"}],"replies":[{"embeddable":true,"href":"http:\/\/ticaret.edu.tr\/matematik\/wp-json\/wp\/v2\/comments?post=11"}],"version-history":[{"count":10,"href":"http:\/\/ticaret.edu.tr\/matematik\/wp-json\/wp\/v2\/pages\/11\/revisions"}],"predecessor-version":[{"id":1460,"href":"http:\/\/ticaret.edu.tr\/matematik\/wp-json\/wp\/v2\/pages\/11\/revisions\/1460"}],"wp:attachment":[{"href":"http:\/\/ticaret.edu.tr\/matematik\/wp-json\/wp\/v2\/media?parent=11"}],"curies":[{"name":"wp","href":"https:\/\/api.w.org\/{rel}","templated":true}]}}