{"id":1102,"date":"2025-01-26T19:40:59","date_gmt":"2025-01-26T16:40:59","guid":{"rendered":"https:\/\/ticaret.edu.tr\/matematik\/?page_id=1102"},"modified":"2025-10-15T15:53:06","modified_gmt":"2025-10-15T12:53:06","slug":"kayit-kabul-sartlari","status":"publish","type":"page","link":"http:\/\/ticaret.edu.tr\/matematik\/kayit-kabul-sartlari\/","title":{"rendered":"Kay\u0131t Kabul \u015eartlar\u0131"},"content":{"rendered":"<p>\u0130stanbul Ticaret \u00dcniversitesi Matematik Lisans Program\u0131nda \u00f6\u011frenim g\u00f6rebilmek i\u00e7in, \u00d6l\u00e7me, Se\u00e7me ve Yerle\u015ftirme Merkezi (\u00d6SYM) taraf\u0131ndan yap\u0131lan YKS\u2019de say\u0131sal puan t\u00fcr\u00fcyle programa yerle\u015fmi\u015f olmak ve kay\u0131t tarihinde ba\u015fka bir \u00f6rg\u00fcn y\u00fcksek\u00f6\u011fretim program\u0131nda kay\u0131tl\u0131 olmamak gerekir. Yurt d\u0131\u015f\u0131ndan kabul edilecek adaylar, \u0130stanbul Ticaret \u00dcniversitesi Yabanc\u0131 \u00d6\u011frenci Adaylar\u0131n\u0131n Lisans ve \u00d6n Lisans Programlar\u0131na Kabul Y\u00f6nergesi h\u00fck\u00fcmlerine tabidir. Program dili %100 T\u00fcrk\u00e7e olup \u0130ngilizce haz\u0131rl\u0131k bulunmamaktad\u0131r; yatay ve dikey ge\u00e7i\u015f i\u015flemleri Y\u00d6K d\u00fczenlemeleri ile \u00dcniversitenin ilgili y\u00f6nergeleri \u00e7er\u00e7evesinde y\u00fcr\u00fct\u00fcl\u00fcr.<\/p>\n","protected":false},"excerpt":{"rendered":"<p>\u0130stanbul Ticaret \u00dcniversitesi Matematik Lisans Program\u0131nda \u00f6\u011frenim g\u00f6rebilmek i\u00e7in, \u00d6l\u00e7me, Se\u00e7me ve Yerle\u015ftirme Merkezi (\u00d6SYM) taraf\u0131ndan yap\u0131lan YKS\u2019de say\u0131sal puan t\u00fcr\u00fcyle programa yerle\u015fmi\u015f olmak ve kay\u0131t tarihinde ba\u015fka bir \u00f6rg\u00fcn y\u00fcksek\u00f6\u011fretim program\u0131nda kay\u0131tl\u0131 olmamak gerekir. Yurt d\u0131\u015f\u0131ndan kabul edilecek adaylar, \u0130stanbul Ticaret \u00dcniversitesi Yabanc\u0131 \u00d6\u011frenci Adaylar\u0131n\u0131n Lisans ve \u00d6n Lisans Programlar\u0131na Kabul Y\u00f6nergesi h\u00fck\u00fcmlerine tabidir. [&hellip;]<\/p>\n","protected":false},"author":211,"featured_media":0,"parent":0,"menu_order":0,"comment_status":"closed","ping_status":"closed","template":"genel_sayfa.php","meta":{"footnotes":""},"yoast_head":"<!-- This site is optimized with the Yoast SEO Premium plugin v22.1 (Yoast SEO v22.1) - https:\/\/yoast.com\/wordpress\/plugins\/seo\/ -->\n<title>Kay\u0131t Kabul \u015eartlar\u0131 - Matematik<\/title>\n<meta name=\"robots\" content=\"index, follow, max-snippet:-1, max-image-preview:large, max-video-preview:-1\" \/>\n<link rel=\"canonical\" href=\"http:\/\/ticaret.edu.tr\/matematik\/kayit-kabul-sartlari\/\" \/>\n<meta property=\"og:locale\" content=\"tr_TR\" \/>\n<meta property=\"og:type\" content=\"article\" \/>\n<meta property=\"og:title\" content=\"Kay\u0131t Kabul \u015eartlar\u0131\" \/>\n<meta property=\"og:description\" content=\"\u0130stanbul Ticaret \u00dcniversitesi Matematik Lisans Program\u0131nda \u00f6\u011frenim g\u00f6rebilmek i\u00e7in, \u00d6l\u00e7me, Se\u00e7me ve Yerle\u015ftirme Merkezi (\u00d6SYM) taraf\u0131ndan yap\u0131lan YKS\u2019de say\u0131sal puan t\u00fcr\u00fcyle programa yerle\u015fmi\u015f olmak ve kay\u0131t tarihinde ba\u015fka bir \u00f6rg\u00fcn y\u00fcksek\u00f6\u011fretim program\u0131nda kay\u0131tl\u0131 olmamak gerekir. Yurt d\u0131\u015f\u0131ndan kabul edilecek adaylar, \u0130stanbul Ticaret \u00dcniversitesi Yabanc\u0131 \u00d6\u011frenci Adaylar\u0131n\u0131n Lisans ve \u00d6n Lisans Programlar\u0131na Kabul Y\u00f6nergesi h\u00fck\u00fcmlerine tabidir. [&hellip;]\" \/>\n<meta property=\"og:url\" content=\"http:\/\/ticaret.edu.tr\/matematik\/kayit-kabul-sartlari\/\" \/>\n<meta property=\"og:site_name\" content=\"Matematik\" \/>\n<meta property=\"article:publisher\" content=\"https:\/\/www.facebook.com\/ticaretedutr\" \/>\n<meta property=\"article:modified_time\" content=\"2025-10-15T12:53:06+00:00\" \/>\n<meta property=\"og:image\" content=\"http:\/\/ticaret.edu.tr\/matematik\/wp-content\/uploads\/sites\/29\/2021\/11\/web_logo-01.jpg\" \/>\n\t<meta property=\"og:image:width\" content=\"1250\" \/>\n\t<meta property=\"og:image:height\" content=\"833\" \/>\n\t<meta property=\"og:image:type\" content=\"image\/jpeg\" \/>\n<meta name=\"twitter:card\" content=\"summary_large_image\" \/>\n<meta name=\"twitter:site\" content=\"@ticaretedutr\" \/>\n<meta name=\"twitter:label1\" content=\"Tahmini okuma s\u00fcresi\" \/>\n\t<meta name=\"twitter:data1\" content=\"1 dakika\" \/>\n<script type=\"application\/ld+json\" class=\"yoast-schema-graph\">{\"@context\":\"https:\/\/schema.org\",\"@graph\":[{\"@type\":\"WebPage\",\"@id\":\"http:\/\/ticaret.edu.tr\/matematik\/kayit-kabul-sartlari\/\",\"url\":\"http:\/\/ticaret.edu.tr\/matematik\/kayit-kabul-sartlari\/\",\"name\":\"Kay\u0131t Kabul \u015eartlar\u0131 - Matematik\",\"isPartOf\":{\"@id\":\"https:\/\/ticaret.edu.tr\/matematik\/#website\"},\"datePublished\":\"2025-01-26T16:40:59+00:00\",\"dateModified\":\"2025-10-15T12:53:06+00:00\",\"breadcrumb\":{\"@id\":\"http:\/\/ticaret.edu.tr\/matematik\/kayit-kabul-sartlari\/#breadcrumb\"},\"inLanguage\":\"tr\",\"potentialAction\":[{\"@type\":\"ReadAction\",\"target\":[\"http:\/\/ticaret.edu.tr\/matematik\/kayit-kabul-sartlari\/\"]}]},{\"@type\":\"BreadcrumbList\",\"@id\":\"http:\/\/ticaret.edu.tr\/matematik\/kayit-kabul-sartlari\/#breadcrumb\",\"itemListElement\":[{\"@type\":\"ListItem\",\"position\":1,\"name\":\"Ana sayfa\",\"item\":\"https:\/\/ticaret.edu.tr\/matematik\/\"},{\"@type\":\"ListItem\",\"position\":2,\"name\":\"Kay\u0131t Kabul \u015eartlar\u0131\"}]},{\"@type\":\"WebSite\",\"@id\":\"https:\/\/ticaret.edu.tr\/matematik\/#website\",\"url\":\"https:\/\/ticaret.edu.tr\/matematik\/\",\"name\":\"Matematik\",\"description\":\"\",\"potentialAction\":[{\"@type\":\"SearchAction\",\"target\":{\"@type\":\"EntryPoint\",\"urlTemplate\":\"https:\/\/ticaret.edu.tr\/matematik\/?s={search_term_string}\"},\"query-input\":\"required name=search_term_string\"}],\"inLanguage\":\"tr\"}]}<\/script>\n<!-- \/ Yoast SEO Premium plugin. -->","yoast_head_json":{"title":"Kay\u0131t Kabul \u015eartlar\u0131 - Matematik","robots":{"index":"index","follow":"follow","max-snippet":"max-snippet:-1","max-image-preview":"max-image-preview:large","max-video-preview":"max-video-preview:-1"},"canonical":"http:\/\/ticaret.edu.tr\/matematik\/kayit-kabul-sartlari\/","og_locale":"tr_TR","og_type":"article","og_title":"Kay\u0131t Kabul \u015eartlar\u0131","og_description":"\u0130stanbul Ticaret \u00dcniversitesi Matematik Lisans Program\u0131nda \u00f6\u011frenim g\u00f6rebilmek i\u00e7in, \u00d6l\u00e7me, Se\u00e7me ve Yerle\u015ftirme Merkezi (\u00d6SYM) taraf\u0131ndan yap\u0131lan YKS\u2019de say\u0131sal puan t\u00fcr\u00fcyle programa yerle\u015fmi\u015f olmak ve kay\u0131t tarihinde ba\u015fka bir \u00f6rg\u00fcn y\u00fcksek\u00f6\u011fretim program\u0131nda kay\u0131tl\u0131 olmamak gerekir. Yurt d\u0131\u015f\u0131ndan kabul edilecek adaylar, \u0130stanbul Ticaret \u00dcniversitesi Yabanc\u0131 \u00d6\u011frenci Adaylar\u0131n\u0131n Lisans ve \u00d6n Lisans Programlar\u0131na Kabul Y\u00f6nergesi h\u00fck\u00fcmlerine tabidir. [&hellip;]","og_url":"http:\/\/ticaret.edu.tr\/matematik\/kayit-kabul-sartlari\/","og_site_name":"Matematik","article_publisher":"https:\/\/www.facebook.com\/ticaretedutr","article_modified_time":"2025-10-15T12:53:06+00:00","og_image":[{"width":1250,"height":833,"url":"http:\/\/ticaret.edu.tr\/matematik\/wp-content\/uploads\/sites\/29\/2021\/11\/web_logo-01.jpg","type":"image\/jpeg"}],"twitter_card":"summary_large_image","twitter_site":"@ticaretedutr","twitter_misc":{"Tahmini okuma s\u00fcresi":"1 dakika"},"schema":{"@context":"https:\/\/schema.org","@graph":[{"@type":"WebPage","@id":"http:\/\/ticaret.edu.tr\/matematik\/kayit-kabul-sartlari\/","url":"http:\/\/ticaret.edu.tr\/matematik\/kayit-kabul-sartlari\/","name":"Kay\u0131t Kabul \u015eartlar\u0131 - Matematik","isPartOf":{"@id":"https:\/\/ticaret.edu.tr\/matematik\/#website"},"datePublished":"2025-01-26T16:40:59+00:00","dateModified":"2025-10-15T12:53:06+00:00","breadcrumb":{"@id":"http:\/\/ticaret.edu.tr\/matematik\/kayit-kabul-sartlari\/#breadcrumb"},"inLanguage":"tr","potentialAction":[{"@type":"ReadAction","target":["http:\/\/ticaret.edu.tr\/matematik\/kayit-kabul-sartlari\/"]}]},{"@type":"BreadcrumbList","@id":"http:\/\/ticaret.edu.tr\/matematik\/kayit-kabul-sartlari\/#breadcrumb","itemListElement":[{"@type":"ListItem","position":1,"name":"Ana sayfa","item":"https:\/\/ticaret.edu.tr\/matematik\/"},{"@type":"ListItem","position":2,"name":"Kay\u0131t Kabul \u015eartlar\u0131"}]},{"@type":"WebSite","@id":"https:\/\/ticaret.edu.tr\/matematik\/#website","url":"https:\/\/ticaret.edu.tr\/matematik\/","name":"Matematik","description":"","potentialAction":[{"@type":"SearchAction","target":{"@type":"EntryPoint","urlTemplate":"https:\/\/ticaret.edu.tr\/matematik\/?s={search_term_string}"},"query-input":"required name=search_term_string"}],"inLanguage":"tr"}]}},"lang":"tr","translations":{"en":1104,"tr":1102},"pll_sync_post":[],"_links":{"self":[{"href":"http:\/\/ticaret.edu.tr\/matematik\/wp-json\/wp\/v2\/pages\/1102"}],"collection":[{"href":"http:\/\/ticaret.edu.tr\/matematik\/wp-json\/wp\/v2\/pages"}],"about":[{"href":"http:\/\/ticaret.edu.tr\/matematik\/wp-json\/wp\/v2\/types\/page"}],"author":[{"embeddable":true,"href":"http:\/\/ticaret.edu.tr\/matematik\/wp-json\/wp\/v2\/users\/211"}],"replies":[{"embeddable":true,"href":"http:\/\/ticaret.edu.tr\/matematik\/wp-json\/wp\/v2\/comments?post=1102"}],"version-history":[{"count":2,"href":"http:\/\/ticaret.edu.tr\/matematik\/wp-json\/wp\/v2\/pages\/1102\/revisions"}],"predecessor-version":[{"id":1892,"href":"http:\/\/ticaret.edu.tr\/matematik\/wp-json\/wp\/v2\/pages\/1102\/revisions\/1892"}],"wp:attachment":[{"href":"http:\/\/ticaret.edu.tr\/matematik\/wp-json\/wp\/v2\/media?parent=1102"}],"curies":[{"name":"wp","href":"https:\/\/api.w.org\/{rel}","templated":true}]}}