{"id":1114,"date":"2025-01-26T19:42:52","date_gmt":"2025-01-26T16:42:52","guid":{"rendered":"https:\/\/ticaret.edu.tr\/matematik\/?page_id=1114"},"modified":"2025-10-15T15:59:30","modified_gmt":"2025-10-15T12:59:30","slug":"calisma-turu","status":"publish","type":"page","link":"http:\/\/ticaret.edu.tr\/matematik\/calisma-turu\/","title":{"rendered":"\u00c7al\u0131\u015fma T\u00fcr\u00fc"},"content":{"rendered":"<p data-start=\"182\" data-end=\"293\">Bu lisans program\u0131,\u00f6rg\u00fcn \u00f6\u011fretim (tam zamanl\u0131 y\u00fcz y\u00fcze e\u011fitim) esas\u0131na dayal\u0131 olarak y\u00fcr\u00fct\u00fclmektedir.<\/p>\n<p>E\u011fitim \u015eekli: Tam zamanl\u0131 \u00f6rg\u00fcn e\u011fitim<br data-start=\"339\" data-end=\"342\" \/>Dersler: \u00dcniversite kamp\u00fcs\u00fcnde y\u00fcz y\u00fcze olarak y\u00fcr\u00fct\u00fclmektedir.<br data-start=\"411\" data-end=\"414\" \/>\u00d6\u011fretim Dili: Program\u0131n \u00f6\u011fretim dili T\u00fcrk\u00e7e\u2019dir.<br data-start=\"472\" data-end=\"475\" \/>Ders Program\u0131: Dersler, haftal\u0131k akademik programa g\u00f6re belirlenen g\u00fcn ve saatlerde yap\u0131lmaktad\u0131r.<br data-start=\"579\" data-end=\"582\" data-is-only-node=\"\" \/>Uygulamal\u0131 E\u011fitim: Baz\u0131 derslerde proje tabanl\u0131 \u00f6\u011frenme, bilgisayar destekli uygulamalar ve analitik problem \u00e7\u00f6zme \u00e7al\u0131\u015fmalar\u0131 yer almaktad\u0131r.<br data-start=\"738\" data-end=\"741\" \/>\u00d6\u011frenci Kat\u0131l\u0131m\u0131: Derslere devam zorunlulu\u011fu olup, \u00f6\u011frencilerin derslere ve uygulamalara en az %70 oran\u0131nda kat\u0131l\u0131m g\u00f6stermeleri gerekmektedir.<\/p>\n","protected":false},"excerpt":{"rendered":"<p>Bu lisans program\u0131,\u00f6rg\u00fcn \u00f6\u011fretim (tam zamanl\u0131 y\u00fcz y\u00fcze e\u011fitim) esas\u0131na dayal\u0131 olarak y\u00fcr\u00fct\u00fclmektedir. E\u011fitim \u015eekli: Tam zamanl\u0131 \u00f6rg\u00fcn e\u011fitimDersler: \u00dcniversite kamp\u00fcs\u00fcnde y\u00fcz y\u00fcze olarak y\u00fcr\u00fct\u00fclmektedir.\u00d6\u011fretim Dili: Program\u0131n \u00f6\u011fretim dili T\u00fcrk\u00e7e\u2019dir.Ders Program\u0131: Dersler, haftal\u0131k akademik programa g\u00f6re belirlenen g\u00fcn ve saatlerde yap\u0131lmaktad\u0131r.Uygulamal\u0131 E\u011fitim: Baz\u0131 derslerde proje tabanl\u0131 \u00f6\u011frenme, bilgisayar destekli uygulamalar ve analitik problem \u00e7\u00f6zme \u00e7al\u0131\u015fmalar\u0131 [&hellip;]<\/p>\n","protected":false},"author":211,"featured_media":0,"parent":0,"menu_order":0,"comment_status":"closed","ping_status":"closed","template":"genel_sayfa.php","meta":{"footnotes":""},"yoast_head":"<!-- This site is optimized with the Yoast SEO Premium plugin v22.1 (Yoast SEO v22.1) - https:\/\/yoast.com\/wordpress\/plugins\/seo\/ -->\n<title>\u00c7al\u0131\u015fma T\u00fcr\u00fc - Matematik<\/title>\n<meta name=\"robots\" content=\"index, follow, max-snippet:-1, max-image-preview:large, max-video-preview:-1\" \/>\n<link rel=\"canonical\" href=\"http:\/\/ticaret.edu.tr\/matematik\/calisma-turu\/\" \/>\n<meta property=\"og:locale\" content=\"tr_TR\" \/>\n<meta property=\"og:type\" content=\"article\" \/>\n<meta property=\"og:title\" content=\"\u00c7al\u0131\u015fma T\u00fcr\u00fc\" \/>\n<meta property=\"og:description\" content=\"Bu lisans program\u0131,\u00f6rg\u00fcn \u00f6\u011fretim (tam zamanl\u0131 y\u00fcz y\u00fcze e\u011fitim) esas\u0131na dayal\u0131 olarak y\u00fcr\u00fct\u00fclmektedir. E\u011fitim \u015eekli: Tam zamanl\u0131 \u00f6rg\u00fcn e\u011fitimDersler: \u00dcniversite kamp\u00fcs\u00fcnde y\u00fcz y\u00fcze olarak y\u00fcr\u00fct\u00fclmektedir.\u00d6\u011fretim Dili: Program\u0131n \u00f6\u011fretim dili T\u00fcrk\u00e7e\u2019dir.Ders Program\u0131: Dersler, haftal\u0131k akademik programa g\u00f6re belirlenen g\u00fcn ve saatlerde yap\u0131lmaktad\u0131r.Uygulamal\u0131 E\u011fitim: Baz\u0131 derslerde proje tabanl\u0131 \u00f6\u011frenme, bilgisayar destekli uygulamalar ve analitik problem \u00e7\u00f6zme \u00e7al\u0131\u015fmalar\u0131 [&hellip;]\" \/>\n<meta property=\"og:url\" content=\"http:\/\/ticaret.edu.tr\/matematik\/calisma-turu\/\" \/>\n<meta property=\"og:site_name\" content=\"Matematik\" \/>\n<meta property=\"article:publisher\" content=\"https:\/\/www.facebook.com\/ticaretedutr\" \/>\n<meta property=\"article:modified_time\" content=\"2025-10-15T12:59:30+00:00\" \/>\n<meta property=\"og:image\" content=\"http:\/\/ticaret.edu.tr\/matematik\/wp-content\/uploads\/sites\/29\/2021\/11\/web_logo-01.jpg\" \/>\n\t<meta property=\"og:image:width\" content=\"1250\" \/>\n\t<meta property=\"og:image:height\" content=\"833\" \/>\n\t<meta property=\"og:image:type\" content=\"image\/jpeg\" \/>\n<meta name=\"twitter:card\" content=\"summary_large_image\" \/>\n<meta name=\"twitter:site\" content=\"@ticaretedutr\" \/>\n<meta name=\"twitter:label1\" content=\"Tahmini okuma s\u00fcresi\" \/>\n\t<meta name=\"twitter:data1\" content=\"1 dakika\" \/>\n<script type=\"application\/ld+json\" class=\"yoast-schema-graph\">{\"@context\":\"https:\/\/schema.org\",\"@graph\":[{\"@type\":\"WebPage\",\"@id\":\"http:\/\/ticaret.edu.tr\/matematik\/calisma-turu\/\",\"url\":\"http:\/\/ticaret.edu.tr\/matematik\/calisma-turu\/\",\"name\":\"\u00c7al\u0131\u015fma T\u00fcr\u00fc - Matematik\",\"isPartOf\":{\"@id\":\"https:\/\/ticaret.edu.tr\/matematik\/#website\"},\"datePublished\":\"2025-01-26T16:42:52+00:00\",\"dateModified\":\"2025-10-15T12:59:30+00:00\",\"breadcrumb\":{\"@id\":\"http:\/\/ticaret.edu.tr\/matematik\/calisma-turu\/#breadcrumb\"},\"inLanguage\":\"tr\",\"potentialAction\":[{\"@type\":\"ReadAction\",\"target\":[\"http:\/\/ticaret.edu.tr\/matematik\/calisma-turu\/\"]}]},{\"@type\":\"BreadcrumbList\",\"@id\":\"http:\/\/ticaret.edu.tr\/matematik\/calisma-turu\/#breadcrumb\",\"itemListElement\":[{\"@type\":\"ListItem\",\"position\":1,\"name\":\"Ana sayfa\",\"item\":\"https:\/\/ticaret.edu.tr\/matematik\/\"},{\"@type\":\"ListItem\",\"position\":2,\"name\":\"\u00c7al\u0131\u015fma T\u00fcr\u00fc\"}]},{\"@type\":\"WebSite\",\"@id\":\"https:\/\/ticaret.edu.tr\/matematik\/#website\",\"url\":\"https:\/\/ticaret.edu.tr\/matematik\/\",\"name\":\"Matematik\",\"description\":\"\",\"potentialAction\":[{\"@type\":\"SearchAction\",\"target\":{\"@type\":\"EntryPoint\",\"urlTemplate\":\"https:\/\/ticaret.edu.tr\/matematik\/?s={search_term_string}\"},\"query-input\":\"required name=search_term_string\"}],\"inLanguage\":\"tr\"}]}<\/script>\n<!-- \/ Yoast SEO Premium plugin. -->","yoast_head_json":{"title":"\u00c7al\u0131\u015fma T\u00fcr\u00fc - Matematik","robots":{"index":"index","follow":"follow","max-snippet":"max-snippet:-1","max-image-preview":"max-image-preview:large","max-video-preview":"max-video-preview:-1"},"canonical":"http:\/\/ticaret.edu.tr\/matematik\/calisma-turu\/","og_locale":"tr_TR","og_type":"article","og_title":"\u00c7al\u0131\u015fma T\u00fcr\u00fc","og_description":"Bu lisans program\u0131,\u00f6rg\u00fcn \u00f6\u011fretim (tam zamanl\u0131 y\u00fcz y\u00fcze e\u011fitim) esas\u0131na dayal\u0131 olarak y\u00fcr\u00fct\u00fclmektedir. E\u011fitim \u015eekli: Tam zamanl\u0131 \u00f6rg\u00fcn e\u011fitimDersler: \u00dcniversite kamp\u00fcs\u00fcnde y\u00fcz y\u00fcze olarak y\u00fcr\u00fct\u00fclmektedir.\u00d6\u011fretim Dili: Program\u0131n \u00f6\u011fretim dili T\u00fcrk\u00e7e\u2019dir.Ders Program\u0131: Dersler, haftal\u0131k akademik programa g\u00f6re belirlenen g\u00fcn ve saatlerde yap\u0131lmaktad\u0131r.Uygulamal\u0131 E\u011fitim: Baz\u0131 derslerde proje tabanl\u0131 \u00f6\u011frenme, bilgisayar destekli uygulamalar ve analitik problem \u00e7\u00f6zme \u00e7al\u0131\u015fmalar\u0131 [&hellip;]","og_url":"http:\/\/ticaret.edu.tr\/matematik\/calisma-turu\/","og_site_name":"Matematik","article_publisher":"https:\/\/www.facebook.com\/ticaretedutr","article_modified_time":"2025-10-15T12:59:30+00:00","og_image":[{"width":1250,"height":833,"url":"http:\/\/ticaret.edu.tr\/matematik\/wp-content\/uploads\/sites\/29\/2021\/11\/web_logo-01.jpg","type":"image\/jpeg"}],"twitter_card":"summary_large_image","twitter_site":"@ticaretedutr","twitter_misc":{"Tahmini okuma s\u00fcresi":"1 dakika"},"schema":{"@context":"https:\/\/schema.org","@graph":[{"@type":"WebPage","@id":"http:\/\/ticaret.edu.tr\/matematik\/calisma-turu\/","url":"http:\/\/ticaret.edu.tr\/matematik\/calisma-turu\/","name":"\u00c7al\u0131\u015fma T\u00fcr\u00fc - Matematik","isPartOf":{"@id":"https:\/\/ticaret.edu.tr\/matematik\/#website"},"datePublished":"2025-01-26T16:42:52+00:00","dateModified":"2025-10-15T12:59:30+00:00","breadcrumb":{"@id":"http:\/\/ticaret.edu.tr\/matematik\/calisma-turu\/#breadcrumb"},"inLanguage":"tr","potentialAction":[{"@type":"ReadAction","target":["http:\/\/ticaret.edu.tr\/matematik\/calisma-turu\/"]}]},{"@type":"BreadcrumbList","@id":"http:\/\/ticaret.edu.tr\/matematik\/calisma-turu\/#breadcrumb","itemListElement":[{"@type":"ListItem","position":1,"name":"Ana sayfa","item":"https:\/\/ticaret.edu.tr\/matematik\/"},{"@type":"ListItem","position":2,"name":"\u00c7al\u0131\u015fma T\u00fcr\u00fc"}]},{"@type":"WebSite","@id":"https:\/\/ticaret.edu.tr\/matematik\/#website","url":"https:\/\/ticaret.edu.tr\/matematik\/","name":"Matematik","description":"","potentialAction":[{"@type":"SearchAction","target":{"@type":"EntryPoint","urlTemplate":"https:\/\/ticaret.edu.tr\/matematik\/?s={search_term_string}"},"query-input":"required name=search_term_string"}],"inLanguage":"tr"}]}},"lang":"tr","translations":{"en":1116,"tr":1114},"pll_sync_post":[],"_links":{"self":[{"href":"http:\/\/ticaret.edu.tr\/matematik\/wp-json\/wp\/v2\/pages\/1114"}],"collection":[{"href":"http:\/\/ticaret.edu.tr\/matematik\/wp-json\/wp\/v2\/pages"}],"about":[{"href":"http:\/\/ticaret.edu.tr\/matematik\/wp-json\/wp\/v2\/types\/page"}],"author":[{"embeddable":true,"href":"http:\/\/ticaret.edu.tr\/matematik\/wp-json\/wp\/v2\/users\/211"}],"replies":[{"embeddable":true,"href":"http:\/\/ticaret.edu.tr\/matematik\/wp-json\/wp\/v2\/comments?post=1114"}],"version-history":[{"count":2,"href":"http:\/\/ticaret.edu.tr\/matematik\/wp-json\/wp\/v2\/pages\/1114\/revisions"}],"predecessor-version":[{"id":1895,"href":"http:\/\/ticaret.edu.tr\/matematik\/wp-json\/wp\/v2\/pages\/1114\/revisions\/1895"}],"wp:attachment":[{"href":"http:\/\/ticaret.edu.tr\/matematik\/wp-json\/wp\/v2\/media?parent=1114"}],"curies":[{"name":"wp","href":"https:\/\/api.w.org\/{rel}","templated":true}]}}