{"id":1118,"date":"2025-01-26T19:43:19","date_gmt":"2025-01-26T16:43:19","guid":{"rendered":"https:\/\/ticaret.edu.tr\/matematik\/?page_id=1118"},"modified":"2025-10-15T16:00:28","modified_gmt":"2025-10-15T13:00:28","slug":"onceki-ogrenmenin-tanimlanmasi","status":"publish","type":"page","link":"http:\/\/ticaret.edu.tr\/matematik\/onceki-ogrenmenin-tanimlanmasi\/","title":{"rendered":"\u00d6nceki \u00d6\u011frenmenin Tan\u0131mlanmas\u0131"},"content":{"rendered":"<p>Bu programa yap\u0131lacak olan ge\u00e7i\u015fler, 24\/4\/2010 tarihli ve 27561 say\u0131l\u0131 Resm\u00ee Gazete\u2019de yay\u0131mlanan Y\u00fcksek\u00f6\u011fretim Kurumlar\u0131nda \u00d6nlisans ve Lisans D\u00fczeyindeki Programlar Aras\u0131nda Ge\u00e7i\u015f, \u00c7ift Anadal, Yandal ile Kurumlar Aras\u0131 Kredi Transferi Yap\u0131lmas\u0131 Esaslar\u0131na \u0130li\u015fkin Y\u00f6netmelik h\u00fck\u00fcmlerine ve Senato taraf\u0131ndan belirlenen esaslara g\u00f6re yap\u0131l\u0131r.<\/p>\n","protected":false},"excerpt":{"rendered":"<p>Bu programa yap\u0131lacak olan ge\u00e7i\u015fler, 24\/4\/2010 tarihli ve 27561 say\u0131l\u0131 Resm\u00ee Gazete\u2019de yay\u0131mlanan Y\u00fcksek\u00f6\u011fretim Kurumlar\u0131nda \u00d6nlisans ve Lisans D\u00fczeyindeki Programlar Aras\u0131nda Ge\u00e7i\u015f, \u00c7ift Anadal, Yandal ile Kurumlar Aras\u0131 Kredi Transferi Yap\u0131lmas\u0131 Esaslar\u0131na \u0130li\u015fkin Y\u00f6netmelik h\u00fck\u00fcmlerine ve Senato taraf\u0131ndan belirlenen esaslara g\u00f6re yap\u0131l\u0131r.<\/p>\n","protected":false},"author":211,"featured_media":0,"parent":0,"menu_order":0,"comment_status":"closed","ping_status":"closed","template":"genel_sayfa.php","meta":{"footnotes":""},"yoast_head":"<!-- This site is optimized with the Yoast SEO Premium plugin v22.1 (Yoast SEO v22.1) - https:\/\/yoast.com\/wordpress\/plugins\/seo\/ -->\n<title>\u00d6nceki \u00d6\u011frenmenin Tan\u0131mlanmas\u0131 - Matematik<\/title>\n<meta name=\"robots\" content=\"index, follow, max-snippet:-1, max-image-preview:large, max-video-preview:-1\" \/>\n<link rel=\"canonical\" href=\"https:\/\/ticaret.edu.tr\/matematik\/onceki-ogrenmenin-tanimlanmasi\/\" \/>\n<meta property=\"og:locale\" content=\"tr_TR\" \/>\n<meta property=\"og:type\" content=\"article\" \/>\n<meta property=\"og:title\" content=\"\u00d6nceki \u00d6\u011frenmenin Tan\u0131mlanmas\u0131\" \/>\n<meta property=\"og:description\" content=\"Bu programa yap\u0131lacak olan ge\u00e7i\u015fler, 24\/4\/2010 tarihli ve 27561 say\u0131l\u0131 Resm\u00ee Gazete\u2019de yay\u0131mlanan Y\u00fcksek\u00f6\u011fretim Kurumlar\u0131nda \u00d6nlisans ve Lisans D\u00fczeyindeki Programlar Aras\u0131nda Ge\u00e7i\u015f, \u00c7ift Anadal, Yandal ile Kurumlar Aras\u0131 Kredi Transferi Yap\u0131lmas\u0131 Esaslar\u0131na \u0130li\u015fkin Y\u00f6netmelik h\u00fck\u00fcmlerine ve Senato taraf\u0131ndan belirlenen esaslara g\u00f6re yap\u0131l\u0131r.\" \/>\n<meta property=\"og:url\" content=\"https:\/\/ticaret.edu.tr\/matematik\/onceki-ogrenmenin-tanimlanmasi\/\" \/>\n<meta property=\"og:site_name\" content=\"Matematik\" \/>\n<meta property=\"article:publisher\" content=\"https:\/\/www.facebook.com\/ticaretedutr\" \/>\n<meta property=\"article:modified_time\" content=\"2025-10-15T13:00:28+00:00\" \/>\n<meta property=\"og:image\" content=\"http:\/\/ticaret.edu.tr\/matematik\/wp-content\/uploads\/sites\/29\/2021\/11\/web_logo-01.jpg\" \/>\n\t<meta property=\"og:image:width\" content=\"1250\" \/>\n\t<meta property=\"og:image:height\" content=\"833\" \/>\n\t<meta property=\"og:image:type\" content=\"image\/jpeg\" \/>\n<meta name=\"twitter:card\" content=\"summary_large_image\" \/>\n<meta name=\"twitter:site\" content=\"@ticaretedutr\" \/>\n<meta name=\"twitter:label1\" content=\"Tahmini okuma s\u00fcresi\" \/>\n\t<meta name=\"twitter:data1\" content=\"1 dakika\" \/>\n<script type=\"application\/ld+json\" class=\"yoast-schema-graph\">{\"@context\":\"https:\/\/schema.org\",\"@graph\":[{\"@type\":\"WebPage\",\"@id\":\"https:\/\/ticaret.edu.tr\/matematik\/onceki-ogrenmenin-tanimlanmasi\/\",\"url\":\"https:\/\/ticaret.edu.tr\/matematik\/onceki-ogrenmenin-tanimlanmasi\/\",\"name\":\"\u00d6nceki \u00d6\u011frenmenin Tan\u0131mlanmas\u0131 - Matematik\",\"isPartOf\":{\"@id\":\"https:\/\/ticaret.edu.tr\/matematik\/#website\"},\"datePublished\":\"2025-01-26T16:43:19+00:00\",\"dateModified\":\"2025-10-15T13:00:28+00:00\",\"breadcrumb\":{\"@id\":\"https:\/\/ticaret.edu.tr\/matematik\/onceki-ogrenmenin-tanimlanmasi\/#breadcrumb\"},\"inLanguage\":\"tr\",\"potentialAction\":[{\"@type\":\"ReadAction\",\"target\":[\"https:\/\/ticaret.edu.tr\/matematik\/onceki-ogrenmenin-tanimlanmasi\/\"]}]},{\"@type\":\"BreadcrumbList\",\"@id\":\"https:\/\/ticaret.edu.tr\/matematik\/onceki-ogrenmenin-tanimlanmasi\/#breadcrumb\",\"itemListElement\":[{\"@type\":\"ListItem\",\"position\":1,\"name\":\"Ana sayfa\",\"item\":\"https:\/\/ticaret.edu.tr\/matematik\/\"},{\"@type\":\"ListItem\",\"position\":2,\"name\":\"\u00d6nceki \u00d6\u011frenmenin Tan\u0131mlanmas\u0131\"}]},{\"@type\":\"WebSite\",\"@id\":\"https:\/\/ticaret.edu.tr\/matematik\/#website\",\"url\":\"https:\/\/ticaret.edu.tr\/matematik\/\",\"name\":\"Matematik\",\"description\":\"\",\"potentialAction\":[{\"@type\":\"SearchAction\",\"target\":{\"@type\":\"EntryPoint\",\"urlTemplate\":\"https:\/\/ticaret.edu.tr\/matematik\/?s={search_term_string}\"},\"query-input\":\"required name=search_term_string\"}],\"inLanguage\":\"tr\"}]}<\/script>\n<!-- \/ Yoast SEO Premium plugin. -->","yoast_head_json":{"title":"\u00d6nceki \u00d6\u011frenmenin Tan\u0131mlanmas\u0131 - Matematik","robots":{"index":"index","follow":"follow","max-snippet":"max-snippet:-1","max-image-preview":"max-image-preview:large","max-video-preview":"max-video-preview:-1"},"canonical":"https:\/\/ticaret.edu.tr\/matematik\/onceki-ogrenmenin-tanimlanmasi\/","og_locale":"tr_TR","og_type":"article","og_title":"\u00d6nceki \u00d6\u011frenmenin Tan\u0131mlanmas\u0131","og_description":"Bu programa yap\u0131lacak olan ge\u00e7i\u015fler, 24\/4\/2010 tarihli ve 27561 say\u0131l\u0131 Resm\u00ee Gazete\u2019de yay\u0131mlanan Y\u00fcksek\u00f6\u011fretim Kurumlar\u0131nda \u00d6nlisans ve Lisans D\u00fczeyindeki Programlar Aras\u0131nda Ge\u00e7i\u015f, \u00c7ift Anadal, Yandal ile Kurumlar Aras\u0131 Kredi Transferi Yap\u0131lmas\u0131 Esaslar\u0131na \u0130li\u015fkin Y\u00f6netmelik h\u00fck\u00fcmlerine ve Senato taraf\u0131ndan belirlenen esaslara g\u00f6re yap\u0131l\u0131r.","og_url":"https:\/\/ticaret.edu.tr\/matematik\/onceki-ogrenmenin-tanimlanmasi\/","og_site_name":"Matematik","article_publisher":"https:\/\/www.facebook.com\/ticaretedutr","article_modified_time":"2025-10-15T13:00:28+00:00","og_image":[{"width":1250,"height":833,"url":"http:\/\/ticaret.edu.tr\/matematik\/wp-content\/uploads\/sites\/29\/2021\/11\/web_logo-01.jpg","type":"image\/jpeg"}],"twitter_card":"summary_large_image","twitter_site":"@ticaretedutr","twitter_misc":{"Tahmini okuma s\u00fcresi":"1 dakika"},"schema":{"@context":"https:\/\/schema.org","@graph":[{"@type":"WebPage","@id":"https:\/\/ticaret.edu.tr\/matematik\/onceki-ogrenmenin-tanimlanmasi\/","url":"https:\/\/ticaret.edu.tr\/matematik\/onceki-ogrenmenin-tanimlanmasi\/","name":"\u00d6nceki \u00d6\u011frenmenin Tan\u0131mlanmas\u0131 - Matematik","isPartOf":{"@id":"https:\/\/ticaret.edu.tr\/matematik\/#website"},"datePublished":"2025-01-26T16:43:19+00:00","dateModified":"2025-10-15T13:00:28+00:00","breadcrumb":{"@id":"https:\/\/ticaret.edu.tr\/matematik\/onceki-ogrenmenin-tanimlanmasi\/#breadcrumb"},"inLanguage":"tr","potentialAction":[{"@type":"ReadAction","target":["https:\/\/ticaret.edu.tr\/matematik\/onceki-ogrenmenin-tanimlanmasi\/"]}]},{"@type":"BreadcrumbList","@id":"https:\/\/ticaret.edu.tr\/matematik\/onceki-ogrenmenin-tanimlanmasi\/#breadcrumb","itemListElement":[{"@type":"ListItem","position":1,"name":"Ana sayfa","item":"https:\/\/ticaret.edu.tr\/matematik\/"},{"@type":"ListItem","position":2,"name":"\u00d6nceki \u00d6\u011frenmenin Tan\u0131mlanmas\u0131"}]},{"@type":"WebSite","@id":"https:\/\/ticaret.edu.tr\/matematik\/#website","url":"https:\/\/ticaret.edu.tr\/matematik\/","name":"Matematik","description":"","potentialAction":[{"@type":"SearchAction","target":{"@type":"EntryPoint","urlTemplate":"https:\/\/ticaret.edu.tr\/matematik\/?s={search_term_string}"},"query-input":"required name=search_term_string"}],"inLanguage":"tr"}]}},"lang":"tr","translations":{"en":1120,"tr":1118},"pll_sync_post":[],"_links":{"self":[{"href":"http:\/\/ticaret.edu.tr\/matematik\/wp-json\/wp\/v2\/pages\/1118"}],"collection":[{"href":"http:\/\/ticaret.edu.tr\/matematik\/wp-json\/wp\/v2\/pages"}],"about":[{"href":"http:\/\/ticaret.edu.tr\/matematik\/wp-json\/wp\/v2\/types\/page"}],"author":[{"embeddable":true,"href":"http:\/\/ticaret.edu.tr\/matematik\/wp-json\/wp\/v2\/users\/211"}],"replies":[{"embeddable":true,"href":"http:\/\/ticaret.edu.tr\/matematik\/wp-json\/wp\/v2\/comments?post=1118"}],"version-history":[{"count":2,"href":"http:\/\/ticaret.edu.tr\/matematik\/wp-json\/wp\/v2\/pages\/1118\/revisions"}],"predecessor-version":[{"id":1896,"href":"http:\/\/ticaret.edu.tr\/matematik\/wp-json\/wp\/v2\/pages\/1118\/revisions\/1896"}],"wp:attachment":[{"href":"http:\/\/ticaret.edu.tr\/matematik\/wp-json\/wp\/v2\/media?parent=1118"}],"curies":[{"name":"wp","href":"https:\/\/api.w.org\/{rel}","templated":true}]}}