{"id":1131,"date":"2025-01-26T19:46:12","date_gmt":"2025-01-26T16:46:12","guid":{"rendered":"https:\/\/ticaret.edu.tr\/matematik\/?page_id=1131"},"modified":"2025-10-11T14:57:59","modified_gmt":"2025-10-11T11:57:59","slug":"ders-tanitim-formlari","status":"publish","type":"page","link":"http:\/\/ticaret.edu.tr\/matematik\/ders-tanitim-formlari\/","title":{"rendered":"Ders Tan\u0131t\u0131m Formlar\u0131"},"content":{"rendered":"<p>\u0130stanbul Ticaret \u00dcniversitesi Matematik Program\u0131\u2019na ait derslerin ama\u00e7lar\u0131, \u00f6\u011frenme \u00e7\u0131kt\u0131lar\u0131, i\u00e7erikleri, de\u011ferlendirme y\u00f6ntemleri ve AKTS bilgilerine a\u015fa\u011f\u0131daki linkten ula\u015fabilirsiniz:<\/p>\n<p><strong><a href=\"https:\/\/obs.ticaret.edu.tr\/oibs\/bologna\/index.aspx?lang=tr&amp;curOp=showPac&amp;curUnit=01&amp;curSunit=561#\" target=\"_blank\" rel=\"noopener\">Ders Tan\u0131t\u0131m Formlar\u0131 (T\u0131klay\u0131n\u0131z)<\/a><\/strong><\/p>\n<p>&nbsp;<\/p>\n","protected":false},"excerpt":{"rendered":"<p>\u0130stanbul Ticaret \u00dcniversitesi Matematik Program\u0131\u2019na ait derslerin ama\u00e7lar\u0131, \u00f6\u011frenme \u00e7\u0131kt\u0131lar\u0131, i\u00e7erikleri, de\u011ferlendirme y\u00f6ntemleri ve AKTS bilgilerine a\u015fa\u011f\u0131daki linkten ula\u015fabilirsiniz: Ders Tan\u0131t\u0131m Formlar\u0131 (T\u0131klay\u0131n\u0131z) &nbsp;<\/p>\n","protected":false},"author":211,"featured_media":0,"parent":0,"menu_order":0,"comment_status":"closed","ping_status":"closed","template":"genel_sayfa.php","meta":{"footnotes":""},"yoast_head":"<!-- This site is optimized with the Yoast SEO Premium plugin v22.1 (Yoast SEO v22.1) - https:\/\/yoast.com\/wordpress\/plugins\/seo\/ -->\n<title>Ders Tan\u0131t\u0131m Formlar\u0131 - Matematik<\/title>\n<meta name=\"robots\" content=\"index, follow, max-snippet:-1, max-image-preview:large, max-video-preview:-1\" \/>\n<link rel=\"canonical\" href=\"https:\/\/ticaret.edu.tr\/matematik\/ders-tanitim-formlari\/\" \/>\n<meta property=\"og:locale\" content=\"tr_TR\" \/>\n<meta property=\"og:type\" content=\"article\" \/>\n<meta property=\"og:title\" content=\"Ders Tan\u0131t\u0131m Formlar\u0131\" \/>\n<meta property=\"og:description\" content=\"\u0130stanbul Ticaret \u00dcniversitesi Matematik Program\u0131\u2019na ait derslerin ama\u00e7lar\u0131, \u00f6\u011frenme \u00e7\u0131kt\u0131lar\u0131, i\u00e7erikleri, de\u011ferlendirme y\u00f6ntemleri ve AKTS bilgilerine a\u015fa\u011f\u0131daki linkten ula\u015fabilirsiniz: Ders Tan\u0131t\u0131m Formlar\u0131 (T\u0131klay\u0131n\u0131z) &nbsp;\" \/>\n<meta property=\"og:url\" content=\"https:\/\/ticaret.edu.tr\/matematik\/ders-tanitim-formlari\/\" \/>\n<meta property=\"og:site_name\" content=\"Matematik\" \/>\n<meta property=\"article:publisher\" content=\"https:\/\/www.facebook.com\/ticaretedutr\" \/>\n<meta property=\"article:modified_time\" content=\"2025-10-11T11:57:59+00:00\" \/>\n<meta property=\"og:image\" content=\"http:\/\/ticaret.edu.tr\/matematik\/wp-content\/uploads\/sites\/29\/2021\/11\/web_logo-01.jpg\" \/>\n\t<meta property=\"og:image:width\" content=\"1250\" \/>\n\t<meta property=\"og:image:height\" content=\"833\" \/>\n\t<meta property=\"og:image:type\" content=\"image\/jpeg\" \/>\n<meta name=\"twitter:card\" content=\"summary_large_image\" \/>\n<meta name=\"twitter:site\" content=\"@ticaretedutr\" \/>\n<meta name=\"twitter:label1\" content=\"Tahmini okuma s\u00fcresi\" \/>\n\t<meta name=\"twitter:data1\" content=\"1 dakika\" \/>\n<script type=\"application\/ld+json\" class=\"yoast-schema-graph\">{\"@context\":\"https:\/\/schema.org\",\"@graph\":[{\"@type\":\"WebPage\",\"@id\":\"https:\/\/ticaret.edu.tr\/matematik\/ders-tanitim-formlari\/\",\"url\":\"https:\/\/ticaret.edu.tr\/matematik\/ders-tanitim-formlari\/\",\"name\":\"Ders Tan\u0131t\u0131m Formlar\u0131 - Matematik\",\"isPartOf\":{\"@id\":\"https:\/\/ticaret.edu.tr\/matematik\/#website\"},\"datePublished\":\"2025-01-26T16:46:12+00:00\",\"dateModified\":\"2025-10-11T11:57:59+00:00\",\"breadcrumb\":{\"@id\":\"https:\/\/ticaret.edu.tr\/matematik\/ders-tanitim-formlari\/#breadcrumb\"},\"inLanguage\":\"tr\",\"potentialAction\":[{\"@type\":\"ReadAction\",\"target\":[\"https:\/\/ticaret.edu.tr\/matematik\/ders-tanitim-formlari\/\"]}]},{\"@type\":\"BreadcrumbList\",\"@id\":\"https:\/\/ticaret.edu.tr\/matematik\/ders-tanitim-formlari\/#breadcrumb\",\"itemListElement\":[{\"@type\":\"ListItem\",\"position\":1,\"name\":\"Ana sayfa\",\"item\":\"https:\/\/ticaret.edu.tr\/matematik\/\"},{\"@type\":\"ListItem\",\"position\":2,\"name\":\"Ders Tan\u0131t\u0131m Formlar\u0131\"}]},{\"@type\":\"WebSite\",\"@id\":\"https:\/\/ticaret.edu.tr\/matematik\/#website\",\"url\":\"https:\/\/ticaret.edu.tr\/matematik\/\",\"name\":\"Matematik\",\"description\":\"\",\"potentialAction\":[{\"@type\":\"SearchAction\",\"target\":{\"@type\":\"EntryPoint\",\"urlTemplate\":\"https:\/\/ticaret.edu.tr\/matematik\/?s={search_term_string}\"},\"query-input\":\"required name=search_term_string\"}],\"inLanguage\":\"tr\"}]}<\/script>\n<!-- \/ Yoast SEO Premium plugin. -->","yoast_head_json":{"title":"Ders Tan\u0131t\u0131m Formlar\u0131 - Matematik","robots":{"index":"index","follow":"follow","max-snippet":"max-snippet:-1","max-image-preview":"max-image-preview:large","max-video-preview":"max-video-preview:-1"},"canonical":"https:\/\/ticaret.edu.tr\/matematik\/ders-tanitim-formlari\/","og_locale":"tr_TR","og_type":"article","og_title":"Ders Tan\u0131t\u0131m Formlar\u0131","og_description":"\u0130stanbul Ticaret \u00dcniversitesi Matematik Program\u0131\u2019na ait derslerin ama\u00e7lar\u0131, \u00f6\u011frenme \u00e7\u0131kt\u0131lar\u0131, i\u00e7erikleri, de\u011ferlendirme y\u00f6ntemleri ve AKTS bilgilerine a\u015fa\u011f\u0131daki linkten ula\u015fabilirsiniz: Ders Tan\u0131t\u0131m Formlar\u0131 (T\u0131klay\u0131n\u0131z) &nbsp;","og_url":"https:\/\/ticaret.edu.tr\/matematik\/ders-tanitim-formlari\/","og_site_name":"Matematik","article_publisher":"https:\/\/www.facebook.com\/ticaretedutr","article_modified_time":"2025-10-11T11:57:59+00:00","og_image":[{"width":1250,"height":833,"url":"http:\/\/ticaret.edu.tr\/matematik\/wp-content\/uploads\/sites\/29\/2021\/11\/web_logo-01.jpg","type":"image\/jpeg"}],"twitter_card":"summary_large_image","twitter_site":"@ticaretedutr","twitter_misc":{"Tahmini okuma s\u00fcresi":"1 dakika"},"schema":{"@context":"https:\/\/schema.org","@graph":[{"@type":"WebPage","@id":"https:\/\/ticaret.edu.tr\/matematik\/ders-tanitim-formlari\/","url":"https:\/\/ticaret.edu.tr\/matematik\/ders-tanitim-formlari\/","name":"Ders Tan\u0131t\u0131m Formlar\u0131 - Matematik","isPartOf":{"@id":"https:\/\/ticaret.edu.tr\/matematik\/#website"},"datePublished":"2025-01-26T16:46:12+00:00","dateModified":"2025-10-11T11:57:59+00:00","breadcrumb":{"@id":"https:\/\/ticaret.edu.tr\/matematik\/ders-tanitim-formlari\/#breadcrumb"},"inLanguage":"tr","potentialAction":[{"@type":"ReadAction","target":["https:\/\/ticaret.edu.tr\/matematik\/ders-tanitim-formlari\/"]}]},{"@type":"BreadcrumbList","@id":"https:\/\/ticaret.edu.tr\/matematik\/ders-tanitim-formlari\/#breadcrumb","itemListElement":[{"@type":"ListItem","position":1,"name":"Ana sayfa","item":"https:\/\/ticaret.edu.tr\/matematik\/"},{"@type":"ListItem","position":2,"name":"Ders Tan\u0131t\u0131m Formlar\u0131"}]},{"@type":"WebSite","@id":"https:\/\/ticaret.edu.tr\/matematik\/#website","url":"https:\/\/ticaret.edu.tr\/matematik\/","name":"Matematik","description":"","potentialAction":[{"@type":"SearchAction","target":{"@type":"EntryPoint","urlTemplate":"https:\/\/ticaret.edu.tr\/matematik\/?s={search_term_string}"},"query-input":"required name=search_term_string"}],"inLanguage":"tr"}]}},"lang":"tr","translations":{"en":1133,"tr":1131},"pll_sync_post":[],"_links":{"self":[{"href":"http:\/\/ticaret.edu.tr\/matematik\/wp-json\/wp\/v2\/pages\/1131"}],"collection":[{"href":"http:\/\/ticaret.edu.tr\/matematik\/wp-json\/wp\/v2\/pages"}],"about":[{"href":"http:\/\/ticaret.edu.tr\/matematik\/wp-json\/wp\/v2\/types\/page"}],"author":[{"embeddable":true,"href":"http:\/\/ticaret.edu.tr\/matematik\/wp-json\/wp\/v2\/users\/211"}],"replies":[{"embeddable":true,"href":"http:\/\/ticaret.edu.tr\/matematik\/wp-json\/wp\/v2\/comments?post=1131"}],"version-history":[{"count":7,"href":"http:\/\/ticaret.edu.tr\/matematik\/wp-json\/wp\/v2\/pages\/1131\/revisions"}],"predecessor-version":[{"id":1840,"href":"http:\/\/ticaret.edu.tr\/matematik\/wp-json\/wp\/v2\/pages\/1131\/revisions\/1840"}],"wp:attachment":[{"href":"http:\/\/ticaret.edu.tr\/matematik\/wp-json\/wp\/v2\/media?parent=1131"}],"curies":[{"name":"wp","href":"https:\/\/api.w.org\/{rel}","templated":true}]}}