{"id":1151,"date":"2025-01-26T19:49:12","date_gmt":"2025-01-26T16:49:12","guid":{"rendered":"https:\/\/ticaret.edu.tr\/matematik\/?page_id=1151"},"modified":"2025-12-04T09:07:12","modified_gmt":"2025-12-04T06:07:12","slug":"staj","status":"publish","type":"page","link":"http:\/\/ticaret.edu.tr\/matematik\/staj\/","title":{"rendered":"Staj"},"content":{"rendered":"<p><strong>Se\u00e7meli Staj Dersi Hakk\u0131nda<\/strong><\/p>\n<p><strong>Matematik B\u00f6l\u00fcm\u00fcnde staj zorunlu mu?<\/strong><\/p>\n<p>Hay\u0131r. Matematik B\u00f6l\u00fcm\u00fcnde staj zorunlu de\u011fildir. \u00d6\u011frenciler isterlerse se\u00e7meli staj dersini alabilirler.<\/p>\n<p><strong> Se\u00e7meli staj ka\u00e7 AKTS\u2019dir?<\/strong><\/p>\n<p>Se\u00e7meli Staj dersi 5 AKTS\u2019dir ve bir b\u00f6l\u00fcm se\u00e7meli dersi yerine say\u0131l\u0131r.<\/p>\n<p><strong> Se\u00e7meli staj ne zaman yap\u0131labilir?<\/strong><\/p>\n<p>Staj sadece yaz d\u00f6neminde yap\u0131labilir.<\/p>\n<p><strong> Staj s\u00fcresi nedir?<\/strong><\/p>\n<p>Se\u00e7meli staj\u0131n s\u00fcresi 20 i\u015f g\u00fcn\u00fcd\u00fcr. Resm\u00ee tatiller bu s\u00fcreye dahil edilmez.<\/p>\n<p><strong> Se\u00e7meli staj dersi hangi d\u00f6nemde a\u00e7\u0131lacakt\u0131r?<\/strong><\/p>\n<p>Se\u00e7meli Staj dersi bahar d\u00f6neminde a\u00e7\u0131lacakt\u0131r.<\/p>\n<p><strong>Staj Y\u00f6nergesi<\/strong> : <a href=\"http:\/\/ticaret.edu.tr\/matematik\/wp-content\/uploads\/sites\/29\/2025\/01\/ISTANBUL-TICARET-UNIVERSITESI-STAJ-YONERGESI.pdf\">\u0130STANBUL T\u0130CARET \u00dcN\u0130VERS\u0130TES\u0130 STAJ Y\u00d6NERGES\u0130<\/a><\/p>\n<p><strong>Staj Defteri:<\/strong> <a href=\"http:\/\/ticaret.edu.tr\/matematik\/wp-content\/uploads\/sites\/29\/2025\/01\/Matematik-Bolumu-Staj-Defteri.pdf\">Matematik B\u00f6l\u00fcm\u00fc Staj Defteri<\/a><\/p>\n<p><strong>Staj Formlar\u0131:<\/strong> <a href=\"http:\/\/ticaret.edu.tr\/matematik\/wp-content\/uploads\/sites\/29\/2025\/01\/Matematik-Bolumu-Staj-Formlari.pdf\">Matematik B\u00f6l\u00fcm\u00fc Staj Formlar\u0131<\/a><\/p>\n<p style=\"text-align: left\"><strong>Staj \u0130\u00e7in \u0130zlenmesi Gereken Ad\u0131mlar<\/strong><\/p>\n<p style=\"text-align: left\">Staj \u00d6ncesi Yap\u0131lacaklar:<\/p>\n<ol>\n<li>Staj Defteri&#8217;nin \u00e7\u0131kt\u0131s\u0131n\u0131 al\u0131nmal\u0131d\u0131r.<\/li>\n<li>Staj formlar\u0131ndaki Ek-1 belgesi doldurulup <em>B\u00f6l\u00fcm Ba\u015fkan\u0131 taraf\u0131ndan<\/em> onaylanmal\u0131d\u0131r. (Not: Bu form doldurulduktan sonra asl\u0131 Akademik Staj Dan\u0131\u015fman\u0131na, fotokopisi ise Kariyer Merkezi&#8217;ne teslim edilecektir.)<\/li>\n<li>E\u011fer staj yapaca\u011f\u0131n\u0131z kurum resmi bir yaz\u0131 isterse Staj formlar\u0131ndaki \u00a0Ek-2 belgesi doldurulmal\u0131d\u0131r.<\/li>\n<li>Staj formlar\u0131ndaki SGK bildirim formu olan Ek-3 belgesi doldurulup Kariyer Merkezi&#8217;ne teslim edilmelidir.<\/li>\n<li>Staj defterindeki 2. sayfa doldurulup Kariyer Merkezi&#8217;ne teslim edilmelidir.<\/li>\n<\/ol>\n<p>Staj Esnas\u0131nda Yap\u0131lacaklar:<\/p>\n<ul>\n<li>Staj s\u00fcresi(20 i\u015f g\u00fcn\u00fc) boyunca haftal\u0131k ve g\u00fcnl\u00fck rapor sayfalar\u0131 doldurulmal\u0131d\u0131r ve\u00a0 ilgili kurumun imzas\u0131 ve ka\u015fesi her sayfada bulunmal\u0131d\u0131r.<\/li>\n<\/ul>\n<p>Staj Sonras\u0131nda Yap\u0131lacaklar:<\/p>\n<ol>\n<li>Staj defterindeki Ek-4 belgesi doldurulmal\u0131d\u0131r. Staj defterinde kalacakt\u0131r.<\/li>\n<li>Staj formlar\u0131ndaki Ek-5 belgesi ilgili kurumdaki<em> y\u00f6netici taraf\u0131ndan<\/em> doldurulup, \u00f6\u011frenciye kapal\u0131 bir zarfta teslim edilmelidir.<\/li>\n<li>Staj defterindeki Ek-6 belgesi doldurulmal\u0131d\u0131r. Staj defterinde kalacakt\u0131r.<\/li>\n<li>Staj defterindeki Ek-7 belgesi b\u00f6l\u00fcm \u00f6\u011fretim \u00fcyesi taraf\u0131ndan doldurulacakt\u0131r ve staj defterine <em>eklenmeyecektir.\u00a0<\/em><\/li>\n<li>Kariyer Merkezi ya da e-devlet \u00fczerinden al\u0131nan sigorta giri\u015f ve \u00e7\u0131k\u0131\u015f belgeleri staj defterinin sonuna eklenmelidir.<\/li>\n<\/ol>\n<p>&nbsp;<\/p>\n","protected":false},"excerpt":{"rendered":"<p>Se\u00e7meli Staj Dersi Hakk\u0131nda Matematik B\u00f6l\u00fcm\u00fcnde staj zorunlu mu? Hay\u0131r. Matematik B\u00f6l\u00fcm\u00fcnde staj zorunlu de\u011fildir. \u00d6\u011frenciler isterlerse se\u00e7meli staj dersini alabilirler. Se\u00e7meli staj ka\u00e7 AKTS\u2019dir? Se\u00e7meli Staj dersi 5 AKTS\u2019dir ve bir b\u00f6l\u00fcm se\u00e7meli dersi yerine say\u0131l\u0131r. Se\u00e7meli staj ne zaman yap\u0131labilir? Staj sadece yaz d\u00f6neminde yap\u0131labilir. Staj s\u00fcresi nedir? Se\u00e7meli staj\u0131n s\u00fcresi 20 i\u015f [&hellip;]<\/p>\n","protected":false},"author":211,"featured_media":0,"parent":0,"menu_order":0,"comment_status":"closed","ping_status":"closed","template":"genel_sayfa.php","meta":{"footnotes":""},"yoast_head":"<!-- This site is optimized with the Yoast SEO Premium plugin v22.1 (Yoast SEO v22.1) - https:\/\/yoast.com\/wordpress\/plugins\/seo\/ -->\n<title>Staj - Matematik<\/title>\n<meta name=\"robots\" content=\"index, follow, max-snippet:-1, max-image-preview:large, max-video-preview:-1\" \/>\n<link rel=\"canonical\" href=\"http:\/\/ticaret.edu.tr\/matematik\/staj\/\" \/>\n<meta property=\"og:locale\" content=\"tr_TR\" \/>\n<meta property=\"og:type\" content=\"article\" \/>\n<meta property=\"og:title\" content=\"Staj\" \/>\n<meta property=\"og:description\" content=\"Se\u00e7meli Staj Dersi Hakk\u0131nda Matematik B\u00f6l\u00fcm\u00fcnde staj zorunlu mu? Hay\u0131r. Matematik B\u00f6l\u00fcm\u00fcnde staj zorunlu de\u011fildir. \u00d6\u011frenciler isterlerse se\u00e7meli staj dersini alabilirler. Se\u00e7meli staj ka\u00e7 AKTS\u2019dir? Se\u00e7meli Staj dersi 5 AKTS\u2019dir ve bir b\u00f6l\u00fcm se\u00e7meli dersi yerine say\u0131l\u0131r. Se\u00e7meli staj ne zaman yap\u0131labilir? Staj sadece yaz d\u00f6neminde yap\u0131labilir. Staj s\u00fcresi nedir? Se\u00e7meli staj\u0131n s\u00fcresi 20 i\u015f [&hellip;]\" \/>\n<meta property=\"og:url\" content=\"http:\/\/ticaret.edu.tr\/matematik\/staj\/\" \/>\n<meta property=\"og:site_name\" content=\"Matematik\" \/>\n<meta property=\"article:publisher\" content=\"https:\/\/www.facebook.com\/ticaretedutr\" \/>\n<meta property=\"article:modified_time\" content=\"2025-12-04T06:07:12+00:00\" \/>\n<meta property=\"og:image\" content=\"http:\/\/ticaret.edu.tr\/matematik\/wp-content\/uploads\/sites\/29\/2021\/11\/web_logo-01.jpg\" \/>\n\t<meta property=\"og:image:width\" content=\"1250\" \/>\n\t<meta property=\"og:image:height\" content=\"833\" \/>\n\t<meta property=\"og:image:type\" content=\"image\/jpeg\" \/>\n<meta name=\"twitter:card\" content=\"summary_large_image\" \/>\n<meta name=\"twitter:site\" content=\"@ticaretedutr\" \/>\n<meta name=\"twitter:label1\" content=\"Tahmini okuma s\u00fcresi\" \/>\n\t<meta name=\"twitter:data1\" content=\"2 dakika\" \/>\n<script type=\"application\/ld+json\" class=\"yoast-schema-graph\">{\"@context\":\"https:\/\/schema.org\",\"@graph\":[{\"@type\":\"WebPage\",\"@id\":\"http:\/\/ticaret.edu.tr\/matematik\/staj\/\",\"url\":\"http:\/\/ticaret.edu.tr\/matematik\/staj\/\",\"name\":\"Staj - Matematik\",\"isPartOf\":{\"@id\":\"https:\/\/ticaret.edu.tr\/matematik\/#website\"},\"datePublished\":\"2025-01-26T16:49:12+00:00\",\"dateModified\":\"2025-12-04T06:07:12+00:00\",\"breadcrumb\":{\"@id\":\"http:\/\/ticaret.edu.tr\/matematik\/staj\/#breadcrumb\"},\"inLanguage\":\"tr\",\"potentialAction\":[{\"@type\":\"ReadAction\",\"target\":[\"http:\/\/ticaret.edu.tr\/matematik\/staj\/\"]}]},{\"@type\":\"BreadcrumbList\",\"@id\":\"http:\/\/ticaret.edu.tr\/matematik\/staj\/#breadcrumb\",\"itemListElement\":[{\"@type\":\"ListItem\",\"position\":1,\"name\":\"Ana sayfa\",\"item\":\"https:\/\/ticaret.edu.tr\/matematik\/\"},{\"@type\":\"ListItem\",\"position\":2,\"name\":\"Staj\"}]},{\"@type\":\"WebSite\",\"@id\":\"https:\/\/ticaret.edu.tr\/matematik\/#website\",\"url\":\"https:\/\/ticaret.edu.tr\/matematik\/\",\"name\":\"Matematik\",\"description\":\"\",\"potentialAction\":[{\"@type\":\"SearchAction\",\"target\":{\"@type\":\"EntryPoint\",\"urlTemplate\":\"https:\/\/ticaret.edu.tr\/matematik\/?s={search_term_string}\"},\"query-input\":\"required name=search_term_string\"}],\"inLanguage\":\"tr\"}]}<\/script>\n<!-- \/ Yoast SEO Premium plugin. -->","yoast_head_json":{"title":"Staj - Matematik","robots":{"index":"index","follow":"follow","max-snippet":"max-snippet:-1","max-image-preview":"max-image-preview:large","max-video-preview":"max-video-preview:-1"},"canonical":"http:\/\/ticaret.edu.tr\/matematik\/staj\/","og_locale":"tr_TR","og_type":"article","og_title":"Staj","og_description":"Se\u00e7meli Staj Dersi Hakk\u0131nda Matematik B\u00f6l\u00fcm\u00fcnde staj zorunlu mu? Hay\u0131r. Matematik B\u00f6l\u00fcm\u00fcnde staj zorunlu de\u011fildir. \u00d6\u011frenciler isterlerse se\u00e7meli staj dersini alabilirler. Se\u00e7meli staj ka\u00e7 AKTS\u2019dir? Se\u00e7meli Staj dersi 5 AKTS\u2019dir ve bir b\u00f6l\u00fcm se\u00e7meli dersi yerine say\u0131l\u0131r. Se\u00e7meli staj ne zaman yap\u0131labilir? Staj sadece yaz d\u00f6neminde yap\u0131labilir. Staj s\u00fcresi nedir? Se\u00e7meli staj\u0131n s\u00fcresi 20 i\u015f [&hellip;]","og_url":"http:\/\/ticaret.edu.tr\/matematik\/staj\/","og_site_name":"Matematik","article_publisher":"https:\/\/www.facebook.com\/ticaretedutr","article_modified_time":"2025-12-04T06:07:12+00:00","og_image":[{"width":1250,"height":833,"url":"http:\/\/ticaret.edu.tr\/matematik\/wp-content\/uploads\/sites\/29\/2021\/11\/web_logo-01.jpg","type":"image\/jpeg"}],"twitter_card":"summary_large_image","twitter_site":"@ticaretedutr","twitter_misc":{"Tahmini okuma s\u00fcresi":"2 dakika"},"schema":{"@context":"https:\/\/schema.org","@graph":[{"@type":"WebPage","@id":"http:\/\/ticaret.edu.tr\/matematik\/staj\/","url":"http:\/\/ticaret.edu.tr\/matematik\/staj\/","name":"Staj - Matematik","isPartOf":{"@id":"https:\/\/ticaret.edu.tr\/matematik\/#website"},"datePublished":"2025-01-26T16:49:12+00:00","dateModified":"2025-12-04T06:07:12+00:00","breadcrumb":{"@id":"http:\/\/ticaret.edu.tr\/matematik\/staj\/#breadcrumb"},"inLanguage":"tr","potentialAction":[{"@type":"ReadAction","target":["http:\/\/ticaret.edu.tr\/matematik\/staj\/"]}]},{"@type":"BreadcrumbList","@id":"http:\/\/ticaret.edu.tr\/matematik\/staj\/#breadcrumb","itemListElement":[{"@type":"ListItem","position":1,"name":"Ana sayfa","item":"https:\/\/ticaret.edu.tr\/matematik\/"},{"@type":"ListItem","position":2,"name":"Staj"}]},{"@type":"WebSite","@id":"https:\/\/ticaret.edu.tr\/matematik\/#website","url":"https:\/\/ticaret.edu.tr\/matematik\/","name":"Matematik","description":"","potentialAction":[{"@type":"SearchAction","target":{"@type":"EntryPoint","urlTemplate":"https:\/\/ticaret.edu.tr\/matematik\/?s={search_term_string}"},"query-input":"required name=search_term_string"}],"inLanguage":"tr"}]}},"lang":"tr","translations":{"en":1153,"tr":1151},"pll_sync_post":[],"_links":{"self":[{"href":"http:\/\/ticaret.edu.tr\/matematik\/wp-json\/wp\/v2\/pages\/1151"}],"collection":[{"href":"http:\/\/ticaret.edu.tr\/matematik\/wp-json\/wp\/v2\/pages"}],"about":[{"href":"http:\/\/ticaret.edu.tr\/matematik\/wp-json\/wp\/v2\/types\/page"}],"author":[{"embeddable":true,"href":"http:\/\/ticaret.edu.tr\/matematik\/wp-json\/wp\/v2\/users\/211"}],"replies":[{"embeddable":true,"href":"http:\/\/ticaret.edu.tr\/matematik\/wp-json\/wp\/v2\/comments?post=1151"}],"version-history":[{"count":8,"href":"http:\/\/ticaret.edu.tr\/matematik\/wp-json\/wp\/v2\/pages\/1151\/revisions"}],"predecessor-version":[{"id":1954,"href":"http:\/\/ticaret.edu.tr\/matematik\/wp-json\/wp\/v2\/pages\/1151\/revisions\/1954"}],"wp:attachment":[{"href":"http:\/\/ticaret.edu.tr\/matematik\/wp-json\/wp\/v2\/media?parent=1151"}],"curies":[{"name":"wp","href":"https:\/\/api.w.org\/{rel}","templated":true}]}}