{"id":1156,"date":"2025-01-26T19:49:43","date_gmt":"2025-01-26T16:49:43","guid":{"rendered":"https:\/\/ticaret.edu.tr\/matematik\/?page_id=1156"},"modified":"2025-12-07T19:33:57","modified_gmt":"2025-12-07T16:33:57","slug":"mezunlar","status":"publish","type":"page","link":"http:\/\/ticaret.edu.tr\/matematik\/mezunlar\/","title":{"rendered":"Mezunlar"},"content":{"rendered":"<p><strong data-start=\"110\" data-end=\"129\">Mezun Ne Yapar?<\/strong><br data-start=\"129\" data-end=\"132\" \/>Matematik B\u00f6l\u00fcm\u00fc mezunlar\u0131, soyut d\u00fc\u015f\u00fcnme, mant\u0131ksal ak\u0131l y\u00fcr\u00fctme ve analitik problem \u00e7\u00f6zme becerilerini kullanarak geni\u015f bir yelpazede profesyonel alanlarda istihdam edilirler. Matematiksel modelleme, istatistiksel analiz, optimizasyon ve veri bilimi gibi disiplinlerde edindikleri bilgi birikimi sayesinde; finans, yaz\u0131l\u0131m m\u00fchendisli\u011fi, veri analiti\u011fi, akt\u00fcerya, end\u00fcstriyel planlama, ara\u015ft\u0131rma-geli\u015ftirme ve e\u011fitim gibi sekt\u00f6rlerde etkin roller \u00fcstlenirler. Ayr\u0131ca, kuramsal ve uygulamal\u0131 matematikte derinle\u015fmek isteyen mezunlar\u0131m\u0131z, y\u00fcksek lisans ve doktora d\u00fczeyinde akademik \u00e7al\u0131\u015fmalar y\u00fcr\u00fcterek bilimsel bilgi \u00fcretimine katk\u0131 sa\u011flar ve \u00fcniversitelerde akademisyen olarak g\u00f6rev alabilirler.<\/p>\n<p>\u0130stanbul Ticaret \u00dcniversitesi Matematik B\u00f6l\u00fcm\u00fc mezunlar\u0131na y\u00f6nelik haz\u0131rlanan mezun anketine eri\u015fmek i\u00e7in <strong><a href=\"https:\/\/forms.office.com\/Pages\/ResponsePage.aspx?id=4KjKCLboKUaStRMHoVW7sVdxxp8htptBm3i64iVCW-9URjE1VDc5MEJMT1M2SFNRRkpDVFRDNEZVMS4u\" target=\"_blank\" rel=\"noopener\">t\u0131klay\u0131n\u0131z<\/a>.<\/strong><\/p>\n<p>&nbsp;<\/p>\n<p>&nbsp;<\/p>\n","protected":false},"excerpt":{"rendered":"<p>Mezun Ne Yapar?Matematik B\u00f6l\u00fcm\u00fc mezunlar\u0131, soyut d\u00fc\u015f\u00fcnme, mant\u0131ksal ak\u0131l y\u00fcr\u00fctme ve analitik problem \u00e7\u00f6zme becerilerini kullanarak geni\u015f bir yelpazede profesyonel alanlarda istihdam edilirler. Matematiksel modelleme, istatistiksel analiz, optimizasyon ve veri bilimi gibi disiplinlerde edindikleri bilgi birikimi sayesinde; finans, yaz\u0131l\u0131m m\u00fchendisli\u011fi, veri analiti\u011fi, akt\u00fcerya, end\u00fcstriyel planlama, ara\u015ft\u0131rma-geli\u015ftirme ve e\u011fitim gibi sekt\u00f6rlerde etkin roller \u00fcstlenirler. Ayr\u0131ca, kuramsal [&hellip;]<\/p>\n","protected":false},"author":211,"featured_media":0,"parent":0,"menu_order":0,"comment_status":"closed","ping_status":"closed","template":"genel_sayfa.php","meta":{"footnotes":""},"yoast_head":"<!-- This site is optimized with the Yoast SEO Premium plugin v22.1 (Yoast SEO v22.1) - https:\/\/yoast.com\/wordpress\/plugins\/seo\/ -->\n<title>Mezunlar - Matematik<\/title>\n<meta name=\"robots\" content=\"index, follow, max-snippet:-1, max-image-preview:large, max-video-preview:-1\" \/>\n<link rel=\"canonical\" href=\"https:\/\/ticaret.edu.tr\/matematik\/mezunlar\/\" \/>\n<meta property=\"og:locale\" content=\"tr_TR\" \/>\n<meta property=\"og:type\" content=\"article\" \/>\n<meta property=\"og:title\" content=\"Mezunlar\" \/>\n<meta property=\"og:description\" content=\"Mezun Ne Yapar?Matematik B\u00f6l\u00fcm\u00fc mezunlar\u0131, soyut d\u00fc\u015f\u00fcnme, mant\u0131ksal ak\u0131l y\u00fcr\u00fctme ve analitik problem \u00e7\u00f6zme becerilerini kullanarak geni\u015f bir yelpazede profesyonel alanlarda istihdam edilirler. Matematiksel modelleme, istatistiksel analiz, optimizasyon ve veri bilimi gibi disiplinlerde edindikleri bilgi birikimi sayesinde; finans, yaz\u0131l\u0131m m\u00fchendisli\u011fi, veri analiti\u011fi, akt\u00fcerya, end\u00fcstriyel planlama, ara\u015ft\u0131rma-geli\u015ftirme ve e\u011fitim gibi sekt\u00f6rlerde etkin roller \u00fcstlenirler. Ayr\u0131ca, kuramsal [&hellip;]\" \/>\n<meta property=\"og:url\" content=\"https:\/\/ticaret.edu.tr\/matematik\/mezunlar\/\" \/>\n<meta property=\"og:site_name\" content=\"Matematik\" \/>\n<meta property=\"article:publisher\" content=\"https:\/\/www.facebook.com\/ticaretedutr\" \/>\n<meta property=\"article:modified_time\" content=\"2025-12-07T16:33:57+00:00\" \/>\n<meta property=\"og:image\" content=\"http:\/\/ticaret.edu.tr\/matematik\/wp-content\/uploads\/sites\/29\/2021\/11\/web_logo-01.jpg\" \/>\n\t<meta property=\"og:image:width\" content=\"1250\" \/>\n\t<meta property=\"og:image:height\" content=\"833\" \/>\n\t<meta property=\"og:image:type\" content=\"image\/jpeg\" \/>\n<meta name=\"twitter:card\" content=\"summary_large_image\" \/>\n<meta name=\"twitter:site\" content=\"@ticaretedutr\" \/>\n<meta name=\"twitter:label1\" content=\"Tahmini okuma s\u00fcresi\" \/>\n\t<meta name=\"twitter:data1\" content=\"1 dakika\" \/>\n<script type=\"application\/ld+json\" class=\"yoast-schema-graph\">{\"@context\":\"https:\/\/schema.org\",\"@graph\":[{\"@type\":\"WebPage\",\"@id\":\"https:\/\/ticaret.edu.tr\/matematik\/mezunlar\/\",\"url\":\"https:\/\/ticaret.edu.tr\/matematik\/mezunlar\/\",\"name\":\"Mezunlar - Matematik\",\"isPartOf\":{\"@id\":\"https:\/\/ticaret.edu.tr\/matematik\/#website\"},\"datePublished\":\"2025-01-26T16:49:43+00:00\",\"dateModified\":\"2025-12-07T16:33:57+00:00\",\"breadcrumb\":{\"@id\":\"https:\/\/ticaret.edu.tr\/matematik\/mezunlar\/#breadcrumb\"},\"inLanguage\":\"tr\",\"potentialAction\":[{\"@type\":\"ReadAction\",\"target\":[\"https:\/\/ticaret.edu.tr\/matematik\/mezunlar\/\"]}]},{\"@type\":\"BreadcrumbList\",\"@id\":\"https:\/\/ticaret.edu.tr\/matematik\/mezunlar\/#breadcrumb\",\"itemListElement\":[{\"@type\":\"ListItem\",\"position\":1,\"name\":\"Ana sayfa\",\"item\":\"https:\/\/ticaret.edu.tr\/matematik\/\"},{\"@type\":\"ListItem\",\"position\":2,\"name\":\"Mezunlar\"}]},{\"@type\":\"WebSite\",\"@id\":\"https:\/\/ticaret.edu.tr\/matematik\/#website\",\"url\":\"https:\/\/ticaret.edu.tr\/matematik\/\",\"name\":\"Matematik\",\"description\":\"\",\"potentialAction\":[{\"@type\":\"SearchAction\",\"target\":{\"@type\":\"EntryPoint\",\"urlTemplate\":\"https:\/\/ticaret.edu.tr\/matematik\/?s={search_term_string}\"},\"query-input\":\"required name=search_term_string\"}],\"inLanguage\":\"tr\"}]}<\/script>\n<!-- \/ Yoast SEO Premium plugin. -->","yoast_head_json":{"title":"Mezunlar - Matematik","robots":{"index":"index","follow":"follow","max-snippet":"max-snippet:-1","max-image-preview":"max-image-preview:large","max-video-preview":"max-video-preview:-1"},"canonical":"https:\/\/ticaret.edu.tr\/matematik\/mezunlar\/","og_locale":"tr_TR","og_type":"article","og_title":"Mezunlar","og_description":"Mezun Ne Yapar?Matematik B\u00f6l\u00fcm\u00fc mezunlar\u0131, soyut d\u00fc\u015f\u00fcnme, mant\u0131ksal ak\u0131l y\u00fcr\u00fctme ve analitik problem \u00e7\u00f6zme becerilerini kullanarak geni\u015f bir yelpazede profesyonel alanlarda istihdam edilirler. Matematiksel modelleme, istatistiksel analiz, optimizasyon ve veri bilimi gibi disiplinlerde edindikleri bilgi birikimi sayesinde; finans, yaz\u0131l\u0131m m\u00fchendisli\u011fi, veri analiti\u011fi, akt\u00fcerya, end\u00fcstriyel planlama, ara\u015ft\u0131rma-geli\u015ftirme ve e\u011fitim gibi sekt\u00f6rlerde etkin roller \u00fcstlenirler. Ayr\u0131ca, kuramsal [&hellip;]","og_url":"https:\/\/ticaret.edu.tr\/matematik\/mezunlar\/","og_site_name":"Matematik","article_publisher":"https:\/\/www.facebook.com\/ticaretedutr","article_modified_time":"2025-12-07T16:33:57+00:00","og_image":[{"width":1250,"height":833,"url":"http:\/\/ticaret.edu.tr\/matematik\/wp-content\/uploads\/sites\/29\/2021\/11\/web_logo-01.jpg","type":"image\/jpeg"}],"twitter_card":"summary_large_image","twitter_site":"@ticaretedutr","twitter_misc":{"Tahmini okuma s\u00fcresi":"1 dakika"},"schema":{"@context":"https:\/\/schema.org","@graph":[{"@type":"WebPage","@id":"https:\/\/ticaret.edu.tr\/matematik\/mezunlar\/","url":"https:\/\/ticaret.edu.tr\/matematik\/mezunlar\/","name":"Mezunlar - Matematik","isPartOf":{"@id":"https:\/\/ticaret.edu.tr\/matematik\/#website"},"datePublished":"2025-01-26T16:49:43+00:00","dateModified":"2025-12-07T16:33:57+00:00","breadcrumb":{"@id":"https:\/\/ticaret.edu.tr\/matematik\/mezunlar\/#breadcrumb"},"inLanguage":"tr","potentialAction":[{"@type":"ReadAction","target":["https:\/\/ticaret.edu.tr\/matematik\/mezunlar\/"]}]},{"@type":"BreadcrumbList","@id":"https:\/\/ticaret.edu.tr\/matematik\/mezunlar\/#breadcrumb","itemListElement":[{"@type":"ListItem","position":1,"name":"Ana sayfa","item":"https:\/\/ticaret.edu.tr\/matematik\/"},{"@type":"ListItem","position":2,"name":"Mezunlar"}]},{"@type":"WebSite","@id":"https:\/\/ticaret.edu.tr\/matematik\/#website","url":"https:\/\/ticaret.edu.tr\/matematik\/","name":"Matematik","description":"","potentialAction":[{"@type":"SearchAction","target":{"@type":"EntryPoint","urlTemplate":"https:\/\/ticaret.edu.tr\/matematik\/?s={search_term_string}"},"query-input":"required name=search_term_string"}],"inLanguage":"tr"}]}},"lang":"tr","translations":{"en":1158,"tr":1156},"pll_sync_post":[],"_links":{"self":[{"href":"http:\/\/ticaret.edu.tr\/matematik\/wp-json\/wp\/v2\/pages\/1156"}],"collection":[{"href":"http:\/\/ticaret.edu.tr\/matematik\/wp-json\/wp\/v2\/pages"}],"about":[{"href":"http:\/\/ticaret.edu.tr\/matematik\/wp-json\/wp\/v2\/types\/page"}],"author":[{"embeddable":true,"href":"http:\/\/ticaret.edu.tr\/matematik\/wp-json\/wp\/v2\/users\/211"}],"replies":[{"embeddable":true,"href":"http:\/\/ticaret.edu.tr\/matematik\/wp-json\/wp\/v2\/comments?post=1156"}],"version-history":[{"count":5,"href":"http:\/\/ticaret.edu.tr\/matematik\/wp-json\/wp\/v2\/pages\/1156\/revisions"}],"predecessor-version":[{"id":1965,"href":"http:\/\/ticaret.edu.tr\/matematik\/wp-json\/wp\/v2\/pages\/1156\/revisions\/1965"}],"wp:attachment":[{"href":"http:\/\/ticaret.edu.tr\/matematik\/wp-json\/wp\/v2\/media?parent=1156"}],"curies":[{"name":"wp","href":"https:\/\/api.w.org\/{rel}","templated":true}]}}