{"id":1177,"date":"2025-01-26T19:53:04","date_gmt":"2025-01-26T16:53:04","guid":{"rendered":"https:\/\/ticaret.edu.tr\/matematik\/?page_id=1177"},"modified":"2025-10-15T15:40:03","modified_gmt":"2025-10-15T12:40:03","slug":"basvuru-kosullari","status":"publish","type":"page","link":"http:\/\/ticaret.edu.tr\/matematik\/basvuru-kosullari\/","title":{"rendered":"Ba\u015fvuru Ko\u015fullar\u0131"},"content":{"rendered":"<p data-start=\"149\" data-end=\"181\">\ud83c\udf93 <strong data-start=\"152\" data-end=\"179\">Ba\u015fvurabilecek Mezunlar<\/strong><\/p>\n<ul data-start=\"182\" data-end=\"485\">\n<li data-start=\"182\" data-end=\"384\">\n<p data-start=\"184\" data-end=\"384\"><strong data-start=\"184\" data-end=\"215\">Bilimsel Haz\u0131rl\u0131k Gerekmez:<\/strong><br data-start=\"215\" data-end=\"218\" \/>Matematik, Matematik M\u00fchendisli\u011fi, Matematik-Bilgisayar, Matematik-\u0130statistik,<br data-start=\"298\" data-end=\"301\" \/>Orta\u00f6\u011fretim Matematik \u00d6\u011fretmenli\u011fi ve Matematik \u00c7ift Anadal Program\u0131 mezunlar\u0131.<\/p>\n<\/li>\n<li data-start=\"386\" data-end=\"485\">\n<p data-start=\"388\" data-end=\"485\"><strong data-start=\"388\" data-end=\"418\">Bilimsel Haz\u0131rl\u0131k Gerekir:<\/strong><br data-start=\"418\" data-end=\"421\" \/>\u0130lk\u00f6\u011fretim Matematik \u00d6\u011fretmenli\u011fi ve Fizik B\u00f6l\u00fcm\u00fc mezunlar\u0131.<\/p>\n<\/li>\n<\/ul>\n<p data-start=\"487\" data-end=\"501\">\ud83d\udcdd <strong data-start=\"490\" data-end=\"499\">ALES:<\/strong><\/p>\n<ul data-start=\"502\" data-end=\"610\">\n<li data-start=\"502\" data-end=\"562\">\n<p data-start=\"504\" data-end=\"562\">Tezli programlar i\u00e7in Say\u0131sal puan t\u00fcr\u00fcnde <strong data-start=\"547\" data-end=\"559\">en az 55<\/strong>.<\/p>\n<\/li>\n<li data-start=\"563\" data-end=\"610\">\n<p data-start=\"565\" data-end=\"610\">Tezsiz programlarda <strong data-start=\"585\" data-end=\"608\">ALES \u015fart\u0131 aranmaz.<\/strong><\/p>\n<\/li>\n<\/ul>\n<p data-start=\"612\" data-end=\"797\" data-is-last-node=\"\" data-is-only-node=\"\">\ud83c\udf10 <strong data-start=\"615\" data-end=\"631\">Yabanc\u0131 Dil:<\/strong> Gerekmez.<br data-start=\"641\" data-end=\"644\" \/>\ud83c\udf93 <strong data-start=\"647\" data-end=\"673\">Lisans Not Ortalamas\u0131:<\/strong> Alt s\u0131n\u0131r belirlenmemi\u015ftir.<\/p>\n","protected":false},"excerpt":{"rendered":"<p>\ud83c\udf93 Ba\u015fvurabilecek Mezunlar Bilimsel Haz\u0131rl\u0131k Gerekmez:Matematik, Matematik M\u00fchendisli\u011fi, Matematik-Bilgisayar, Matematik-\u0130statistik,Orta\u00f6\u011fretim Matematik \u00d6\u011fretmenli\u011fi ve Matematik \u00c7ift Anadal Program\u0131 mezunlar\u0131. Bilimsel Haz\u0131rl\u0131k Gerekir:\u0130lk\u00f6\u011fretim Matematik \u00d6\u011fretmenli\u011fi ve Fizik B\u00f6l\u00fcm\u00fc mezunlar\u0131. \ud83d\udcdd ALES: Tezli programlar i\u00e7in Say\u0131sal puan t\u00fcr\u00fcnde en az 55. Tezsiz programlarda ALES \u015fart\u0131 aranmaz. \ud83c\udf10 Yabanc\u0131 Dil: Gerekmez.\ud83c\udf93 Lisans Not Ortalamas\u0131: Alt s\u0131n\u0131r belirlenmemi\u015ftir.<\/p>\n","protected":false},"author":211,"featured_media":0,"parent":0,"menu_order":0,"comment_status":"closed","ping_status":"closed","template":"genel_sayfa.php","meta":{"footnotes":""},"yoast_head":"<!-- This site is optimized with the Yoast SEO Premium plugin v22.1 (Yoast SEO v22.1) - https:\/\/yoast.com\/wordpress\/plugins\/seo\/ -->\n<title>Ba\u015fvuru Ko\u015fullar\u0131 - Matematik<\/title>\n<meta name=\"robots\" content=\"index, follow, max-snippet:-1, max-image-preview:large, max-video-preview:-1\" \/>\n<link rel=\"canonical\" href=\"https:\/\/ticaret.edu.tr\/matematik\/basvuru-kosullari\/\" \/>\n<meta property=\"og:locale\" content=\"tr_TR\" \/>\n<meta property=\"og:type\" content=\"article\" \/>\n<meta property=\"og:title\" content=\"Ba\u015fvuru Ko\u015fullar\u0131\" \/>\n<meta property=\"og:description\" content=\"\ud83c\udf93 Ba\u015fvurabilecek Mezunlar Bilimsel Haz\u0131rl\u0131k Gerekmez:Matematik, Matematik M\u00fchendisli\u011fi, Matematik-Bilgisayar, Matematik-\u0130statistik,Orta\u00f6\u011fretim Matematik \u00d6\u011fretmenli\u011fi ve Matematik \u00c7ift Anadal Program\u0131 mezunlar\u0131. Bilimsel Haz\u0131rl\u0131k Gerekir:\u0130lk\u00f6\u011fretim Matematik \u00d6\u011fretmenli\u011fi ve Fizik B\u00f6l\u00fcm\u00fc mezunlar\u0131. \ud83d\udcdd ALES: Tezli programlar i\u00e7in Say\u0131sal puan t\u00fcr\u00fcnde en az 55. Tezsiz programlarda ALES \u015fart\u0131 aranmaz. \ud83c\udf10 Yabanc\u0131 Dil: Gerekmez.\ud83c\udf93 Lisans Not Ortalamas\u0131: Alt s\u0131n\u0131r belirlenmemi\u015ftir.\" \/>\n<meta property=\"og:url\" content=\"https:\/\/ticaret.edu.tr\/matematik\/basvuru-kosullari\/\" \/>\n<meta property=\"og:site_name\" content=\"Matematik\" \/>\n<meta property=\"article:publisher\" content=\"https:\/\/www.facebook.com\/ticaretedutr\" \/>\n<meta property=\"article:modified_time\" content=\"2025-10-15T12:40:03+00:00\" \/>\n<meta property=\"og:image\" content=\"http:\/\/ticaret.edu.tr\/matematik\/wp-content\/uploads\/sites\/29\/2021\/11\/web_logo-01.jpg\" \/>\n\t<meta property=\"og:image:width\" content=\"1250\" \/>\n\t<meta property=\"og:image:height\" content=\"833\" \/>\n\t<meta property=\"og:image:type\" content=\"image\/jpeg\" \/>\n<meta name=\"twitter:card\" content=\"summary_large_image\" \/>\n<meta name=\"twitter:site\" content=\"@ticaretedutr\" \/>\n<meta name=\"twitter:label1\" content=\"Tahmini okuma s\u00fcresi\" \/>\n\t<meta name=\"twitter:data1\" content=\"1 dakika\" \/>\n<script type=\"application\/ld+json\" class=\"yoast-schema-graph\">{\"@context\":\"https:\/\/schema.org\",\"@graph\":[{\"@type\":\"WebPage\",\"@id\":\"https:\/\/ticaret.edu.tr\/matematik\/basvuru-kosullari\/\",\"url\":\"https:\/\/ticaret.edu.tr\/matematik\/basvuru-kosullari\/\",\"name\":\"Ba\u015fvuru Ko\u015fullar\u0131 - Matematik\",\"isPartOf\":{\"@id\":\"https:\/\/ticaret.edu.tr\/matematik\/#website\"},\"datePublished\":\"2025-01-26T16:53:04+00:00\",\"dateModified\":\"2025-10-15T12:40:03+00:00\",\"breadcrumb\":{\"@id\":\"https:\/\/ticaret.edu.tr\/matematik\/basvuru-kosullari\/#breadcrumb\"},\"inLanguage\":\"tr\",\"potentialAction\":[{\"@type\":\"ReadAction\",\"target\":[\"https:\/\/ticaret.edu.tr\/matematik\/basvuru-kosullari\/\"]}]},{\"@type\":\"BreadcrumbList\",\"@id\":\"https:\/\/ticaret.edu.tr\/matematik\/basvuru-kosullari\/#breadcrumb\",\"itemListElement\":[{\"@type\":\"ListItem\",\"position\":1,\"name\":\"Ana sayfa\",\"item\":\"https:\/\/ticaret.edu.tr\/matematik\/\"},{\"@type\":\"ListItem\",\"position\":2,\"name\":\"Ba\u015fvuru Ko\u015fullar\u0131\"}]},{\"@type\":\"WebSite\",\"@id\":\"https:\/\/ticaret.edu.tr\/matematik\/#website\",\"url\":\"https:\/\/ticaret.edu.tr\/matematik\/\",\"name\":\"Matematik\",\"description\":\"\",\"potentialAction\":[{\"@type\":\"SearchAction\",\"target\":{\"@type\":\"EntryPoint\",\"urlTemplate\":\"https:\/\/ticaret.edu.tr\/matematik\/?s={search_term_string}\"},\"query-input\":\"required name=search_term_string\"}],\"inLanguage\":\"tr\"}]}<\/script>\n<!-- \/ Yoast SEO Premium plugin. -->","yoast_head_json":{"title":"Ba\u015fvuru Ko\u015fullar\u0131 - Matematik","robots":{"index":"index","follow":"follow","max-snippet":"max-snippet:-1","max-image-preview":"max-image-preview:large","max-video-preview":"max-video-preview:-1"},"canonical":"https:\/\/ticaret.edu.tr\/matematik\/basvuru-kosullari\/","og_locale":"tr_TR","og_type":"article","og_title":"Ba\u015fvuru Ko\u015fullar\u0131","og_description":"\ud83c\udf93 Ba\u015fvurabilecek Mezunlar Bilimsel Haz\u0131rl\u0131k Gerekmez:Matematik, Matematik M\u00fchendisli\u011fi, Matematik-Bilgisayar, Matematik-\u0130statistik,Orta\u00f6\u011fretim Matematik \u00d6\u011fretmenli\u011fi ve Matematik \u00c7ift Anadal Program\u0131 mezunlar\u0131. Bilimsel Haz\u0131rl\u0131k Gerekir:\u0130lk\u00f6\u011fretim Matematik \u00d6\u011fretmenli\u011fi ve Fizik B\u00f6l\u00fcm\u00fc mezunlar\u0131. \ud83d\udcdd ALES: Tezli programlar i\u00e7in Say\u0131sal puan t\u00fcr\u00fcnde en az 55. Tezsiz programlarda ALES \u015fart\u0131 aranmaz. \ud83c\udf10 Yabanc\u0131 Dil: Gerekmez.\ud83c\udf93 Lisans Not Ortalamas\u0131: Alt s\u0131n\u0131r belirlenmemi\u015ftir.","og_url":"https:\/\/ticaret.edu.tr\/matematik\/basvuru-kosullari\/","og_site_name":"Matematik","article_publisher":"https:\/\/www.facebook.com\/ticaretedutr","article_modified_time":"2025-10-15T12:40:03+00:00","og_image":[{"width":1250,"height":833,"url":"http:\/\/ticaret.edu.tr\/matematik\/wp-content\/uploads\/sites\/29\/2021\/11\/web_logo-01.jpg","type":"image\/jpeg"}],"twitter_card":"summary_large_image","twitter_site":"@ticaretedutr","twitter_misc":{"Tahmini okuma s\u00fcresi":"1 dakika"},"schema":{"@context":"https:\/\/schema.org","@graph":[{"@type":"WebPage","@id":"https:\/\/ticaret.edu.tr\/matematik\/basvuru-kosullari\/","url":"https:\/\/ticaret.edu.tr\/matematik\/basvuru-kosullari\/","name":"Ba\u015fvuru Ko\u015fullar\u0131 - Matematik","isPartOf":{"@id":"https:\/\/ticaret.edu.tr\/matematik\/#website"},"datePublished":"2025-01-26T16:53:04+00:00","dateModified":"2025-10-15T12:40:03+00:00","breadcrumb":{"@id":"https:\/\/ticaret.edu.tr\/matematik\/basvuru-kosullari\/#breadcrumb"},"inLanguage":"tr","potentialAction":[{"@type":"ReadAction","target":["https:\/\/ticaret.edu.tr\/matematik\/basvuru-kosullari\/"]}]},{"@type":"BreadcrumbList","@id":"https:\/\/ticaret.edu.tr\/matematik\/basvuru-kosullari\/#breadcrumb","itemListElement":[{"@type":"ListItem","position":1,"name":"Ana sayfa","item":"https:\/\/ticaret.edu.tr\/matematik\/"},{"@type":"ListItem","position":2,"name":"Ba\u015fvuru Ko\u015fullar\u0131"}]},{"@type":"WebSite","@id":"https:\/\/ticaret.edu.tr\/matematik\/#website","url":"https:\/\/ticaret.edu.tr\/matematik\/","name":"Matematik","description":"","potentialAction":[{"@type":"SearchAction","target":{"@type":"EntryPoint","urlTemplate":"https:\/\/ticaret.edu.tr\/matematik\/?s={search_term_string}"},"query-input":"required name=search_term_string"}],"inLanguage":"tr"}]}},"lang":"tr","translations":{"en":1179,"tr":1177},"pll_sync_post":[],"_links":{"self":[{"href":"http:\/\/ticaret.edu.tr\/matematik\/wp-json\/wp\/v2\/pages\/1177"}],"collection":[{"href":"http:\/\/ticaret.edu.tr\/matematik\/wp-json\/wp\/v2\/pages"}],"about":[{"href":"http:\/\/ticaret.edu.tr\/matematik\/wp-json\/wp\/v2\/types\/page"}],"author":[{"embeddable":true,"href":"http:\/\/ticaret.edu.tr\/matematik\/wp-json\/wp\/v2\/users\/211"}],"replies":[{"embeddable":true,"href":"http:\/\/ticaret.edu.tr\/matematik\/wp-json\/wp\/v2\/comments?post=1177"}],"version-history":[{"count":4,"href":"http:\/\/ticaret.edu.tr\/matematik\/wp-json\/wp\/v2\/pages\/1177\/revisions"}],"predecessor-version":[{"id":1887,"href":"http:\/\/ticaret.edu.tr\/matematik\/wp-json\/wp\/v2\/pages\/1177\/revisions\/1887"}],"wp:attachment":[{"href":"http:\/\/ticaret.edu.tr\/matematik\/wp-json\/wp\/v2\/media?parent=1177"}],"curies":[{"name":"wp","href":"https:\/\/api.w.org\/{rel}","templated":true}]}}