{"id":1181,"date":"2025-01-26T19:53:34","date_gmt":"2025-01-26T16:53:34","guid":{"rendered":"https:\/\/ticaret.edu.tr\/matematik\/?page_id=1181"},"modified":"2025-10-11T17:01:37","modified_gmt":"2025-10-11T14:01:37","slug":"lisans-ders-icerikleri","status":"publish","type":"page","link":"http:\/\/ticaret.edu.tr\/matematik\/lisans-ders-icerikleri\/","title":{"rendered":"Ders \u0130\u00e7erikleri"},"content":{"rendered":"<p>A\u015fa\u011f\u0131daki ba\u011flant\u0131lardan \u0130stanbul Ticaret \u00dcniversitesi Matematik B\u00f6l\u00fcm\u00fc\u2019n\u00fcn y\u0131llara g\u00f6re g\u00fcncellenmi\u015f <strong>ders i\u00e7eriklerine<\/strong> ula\u015fabilirsiniz.<\/p>\n<p><strong><a href=\"http:\/\/ticaret.edu.tr\/matematik\/wp-content\/uploads\/sites\/29\/2025\/10\/2025-2026-Matematik-Bolumu-Ders-Icerikleri_son.pdf\" target=\"_blank\" rel=\"noopener\">2025-2026 Matematik Ders \u0130\u00e7erikleri<\/a><\/strong><\/p>\n<p><strong><a href=\"http:\/\/ticaret.edu.tr\/matematik\/wp-content\/uploads\/sites\/29\/2024\/09\/2024-2025-Matetatik-Ders-Icerigi.pdf\" target=\"_blank\" rel=\"noopener\">2024-2025 Matematik Ders \u0130\u00e7erikleri<\/a><\/strong><\/p>\n<p><strong><a href=\"http:\/\/ticaret.edu.tr\/matematik\/wp-content\/uploads\/sites\/29\/2024\/01\/Matematik-Ders-Icerigi.pdf\">2023-2024 Matematik Ders \u0130\u00e7erikleri<\/a><\/strong><\/p>\n<p><strong><span style=\"text-decoration: underline\"><a href=\"http:\/\/ticaret.edu.tr\/matematik\/wp-content\/uploads\/sites\/29\/2022\/08\/MATEMATIK-DERS-ICERIGI-2022-2023.pdf\">2022-2023 Matematik Ders \u0130\u00e7erikleri<\/a><\/span><\/strong><\/p>\n<p><strong><span style=\"text-decoration: underline\"><a href=\"http:\/\/ticaret.edu.tr\/matematik\/wp-content\/uploads\/sites\/29\/2022\/01\/MATEMATIK-DERS-ICERIGI-2021-2022.pdf\">2021-2022 Matematik Ders \u0130\u00e7erikleri<\/a><\/span><\/strong><\/p>\n<p><strong><span style=\"text-decoration: underline\"><a href=\"http:\/\/ticaret.edu.tr\/matematik\/wp-content\/uploads\/sites\/29\/2021\/09\/2020-2021_Matematik_Ders-Icerikleri.pdf\">2020-2021 Matematik Ders \u0130\u00e7erikleri<\/a><\/span><\/strong><\/p>\n<p><strong><span style=\"text-decoration: underline\"> <a href=\"http:\/\/ticaret.edu.tr\/matematik\/wp-content\/uploads\/sites\/29\/2021\/09\/2019-2020_Matematik_Ders-Icerikleri.pdf\">2019-2020 Matematik Ders \u0130\u00e7erikleri<\/a><\/span><\/strong><\/p>\n<p><strong><span style=\"text-decoration: underline\"> <a href=\"http:\/\/ticaret.edu.tr\/matematik\/wp-content\/uploads\/sites\/29\/2021\/09\/2013-2014_Matematik_Ders-Icerikleri.pdf\">2013-2014 Matematik Ders \u0130\u00e7erikleri<\/a> <\/span><\/strong><\/p>\n<p><strong><span style=\"text-decoration: underline\"><a href=\"http:\/\/ticaret.edu.tr\/matematik\/wp-content\/uploads\/sites\/29\/2021\/09\/2012-2013_Matematik_Ders-Icerikleri.pdf\">2012-2013 Matematik Ders \u0130\u00e7erikleri<\/a> <\/span><\/strong><\/p>\n<p><strong><span style=\"text-decoration: underline\"><a href=\"http:\/\/ticaret.edu.tr\/matematik\/wp-content\/uploads\/sites\/29\/2021\/09\/2011-2012_Matematik_Ders-Icerikleri.pdf\">2011-2012 Matematik Ders \u0130\u00e7erikleri<\/a> <\/span><\/strong><\/p>\n<p><strong><span style=\"text-decoration: underline\"><a href=\"http:\/\/ticaret.edu.tr\/matematik\/wp-content\/uploads\/sites\/29\/2021\/09\/2010-2011_Matematik_Ders-Icerikleri.pdf\">2010-2011 Matematik Ders \u0130\u00e7erikleri<\/a><\/span><\/strong><\/p>\n<p><strong><span style=\"text-decoration: underline\"> <a href=\"http:\/\/ticaret.edu.tr\/matematik\/wp-content\/uploads\/sites\/29\/2021\/09\/2009-2010_Matematik_Ders-Icerikleri.pdf\">2009-2010 Matematik Ders \u0130\u00e7erikleri<\/a> <\/span><\/strong><\/p>\n<p><strong><span style=\"text-decoration: underline\"><a href=\"http:\/\/ticaret.edu.tr\/matematik\/wp-content\/uploads\/sites\/29\/2021\/09\/2008-2009_Matematik_Ders-Icerikleri.pdf\">2008-2009 Matematik Ders \u0130\u00e7erikleri<\/a><\/span><\/strong><\/p>\n<p><strong><span style=\"text-decoration: underline\"> <a href=\"http:\/\/ticaret.edu.tr\/matematik\/wp-content\/uploads\/sites\/29\/2021\/09\/2007-2008_Matematik_Ders-Icerikleri.pdf\">2007-2008 Matematik Ders \u0130\u00e7erikleri<\/a> <\/span><\/strong><\/p>\n<p><strong><span style=\"text-decoration: underline\"><a href=\"http:\/\/ticaret.edu.tr\/matematik\/wp-content\/uploads\/sites\/29\/2021\/09\/2006-2007_Matematik_Ders-Icerikleri.pdf\">2006-2007 Matematik Ders \u0130\u00e7erikleri<\/a> <\/span><\/strong><\/p>\n<p><strong><span style=\"text-decoration: underline\"><a href=\"http:\/\/ticaret.edu.tr\/matematik\/wp-content\/uploads\/sites\/29\/2021\/09\/2005-2006_Matematik_Ders-Icerikleri.pdf\">2005-2006 Matematik Ders \u0130\u00e7erikleri<\/a> <\/span><\/strong><\/p>\n<p><strong><span style=\"text-decoration: underline\"><a href=\"http:\/\/ticaret.edu.tr\/matematik\/wp-content\/uploads\/sites\/29\/2021\/09\/2004-2005_Matematik_Ders-Icerikleri.pdf\">2004-2005 Matematik Ders \u0130\u00e7erikleri<\/a><\/span><\/strong><\/p>\n<p><strong>\u00dcniversite Ortak Se\u00e7meli Dersler<\/strong> ile ilgili t\u00fcm bilgilere a\u015fa\u011f\u0131daki web sayfas\u0131ndan ula\u015fabilirsiniz.<\/p>\n<p><strong><a href=\"https:\/\/ticaret.edu.tr\/ortak-dersler\">https:\/\/ticaret.edu.tr\/ortak-dersler<\/a><\/strong><\/p>\n","protected":false},"excerpt":{"rendered":"<p>A\u015fa\u011f\u0131daki ba\u011flant\u0131lardan \u0130stanbul Ticaret \u00dcniversitesi Matematik B\u00f6l\u00fcm\u00fc\u2019n\u00fcn y\u0131llara g\u00f6re g\u00fcncellenmi\u015f ders i\u00e7eriklerine ula\u015fabilirsiniz. 2025-2026 Matematik Ders \u0130\u00e7erikleri 2024-2025 Matematik Ders \u0130\u00e7erikleri 2023-2024 Matematik Ders \u0130\u00e7erikleri 2022-2023 Matematik Ders \u0130\u00e7erikleri 2021-2022 Matematik Ders \u0130\u00e7erikleri 2020-2021 Matematik Ders \u0130\u00e7erikleri 2019-2020 Matematik Ders \u0130\u00e7erikleri 2013-2014 Matematik Ders \u0130\u00e7erikleri 2012-2013 Matematik Ders \u0130\u00e7erikleri 2011-2012 Matematik Ders \u0130\u00e7erikleri 2010-2011 Matematik [&hellip;]<\/p>\n","protected":false},"author":211,"featured_media":0,"parent":0,"menu_order":0,"comment_status":"closed","ping_status":"closed","template":"genel_sayfa.php","meta":{"footnotes":""},"yoast_head":"<!-- This site is optimized with the Yoast SEO Premium plugin v22.1 (Yoast SEO v22.1) - https:\/\/yoast.com\/wordpress\/plugins\/seo\/ -->\n<title>Ders \u0130\u00e7erikleri - Matematik<\/title>\n<meta name=\"robots\" content=\"index, follow, max-snippet:-1, max-image-preview:large, max-video-preview:-1\" \/>\n<link rel=\"canonical\" href=\"https:\/\/ticaret.edu.tr\/matematik\/lisans-ders-icerikleri\/\" \/>\n<meta property=\"og:locale\" content=\"tr_TR\" \/>\n<meta property=\"og:type\" content=\"article\" \/>\n<meta property=\"og:title\" content=\"Ders \u0130\u00e7erikleri\" \/>\n<meta property=\"og:description\" content=\"A\u015fa\u011f\u0131daki ba\u011flant\u0131lardan \u0130stanbul Ticaret \u00dcniversitesi Matematik B\u00f6l\u00fcm\u00fc\u2019n\u00fcn y\u0131llara g\u00f6re g\u00fcncellenmi\u015f ders i\u00e7eriklerine ula\u015fabilirsiniz. 2025-2026 Matematik Ders \u0130\u00e7erikleri 2024-2025 Matematik Ders \u0130\u00e7erikleri 2023-2024 Matematik Ders \u0130\u00e7erikleri 2022-2023 Matematik Ders \u0130\u00e7erikleri 2021-2022 Matematik Ders \u0130\u00e7erikleri 2020-2021 Matematik Ders \u0130\u00e7erikleri 2019-2020 Matematik Ders \u0130\u00e7erikleri 2013-2014 Matematik Ders \u0130\u00e7erikleri 2012-2013 Matematik Ders \u0130\u00e7erikleri 2011-2012 Matematik Ders \u0130\u00e7erikleri 2010-2011 Matematik [&hellip;]\" \/>\n<meta property=\"og:url\" content=\"https:\/\/ticaret.edu.tr\/matematik\/lisans-ders-icerikleri\/\" \/>\n<meta property=\"og:site_name\" content=\"Matematik\" \/>\n<meta property=\"article:publisher\" content=\"https:\/\/www.facebook.com\/ticaretedutr\" \/>\n<meta property=\"article:modified_time\" content=\"2025-10-11T14:01:37+00:00\" \/>\n<meta property=\"og:image\" content=\"http:\/\/ticaret.edu.tr\/matematik\/wp-content\/uploads\/sites\/29\/2021\/11\/web_logo-01.jpg\" \/>\n\t<meta property=\"og:image:width\" content=\"1250\" \/>\n\t<meta property=\"og:image:height\" content=\"833\" \/>\n\t<meta property=\"og:image:type\" content=\"image\/jpeg\" \/>\n<meta name=\"twitter:card\" content=\"summary_large_image\" \/>\n<meta name=\"twitter:site\" content=\"@ticaretedutr\" \/>\n<meta name=\"twitter:label1\" content=\"Tahmini okuma s\u00fcresi\" \/>\n\t<meta name=\"twitter:data1\" content=\"1 dakika\" \/>\n<script type=\"application\/ld+json\" class=\"yoast-schema-graph\">{\"@context\":\"https:\/\/schema.org\",\"@graph\":[{\"@type\":\"WebPage\",\"@id\":\"https:\/\/ticaret.edu.tr\/matematik\/lisans-ders-icerikleri\/\",\"url\":\"https:\/\/ticaret.edu.tr\/matematik\/lisans-ders-icerikleri\/\",\"name\":\"Ders \u0130\u00e7erikleri - Matematik\",\"isPartOf\":{\"@id\":\"https:\/\/ticaret.edu.tr\/matematik\/#website\"},\"datePublished\":\"2025-01-26T16:53:34+00:00\",\"dateModified\":\"2025-10-11T14:01:37+00:00\",\"breadcrumb\":{\"@id\":\"https:\/\/ticaret.edu.tr\/matematik\/lisans-ders-icerikleri\/#breadcrumb\"},\"inLanguage\":\"tr\",\"potentialAction\":[{\"@type\":\"ReadAction\",\"target\":[\"https:\/\/ticaret.edu.tr\/matematik\/lisans-ders-icerikleri\/\"]}]},{\"@type\":\"BreadcrumbList\",\"@id\":\"https:\/\/ticaret.edu.tr\/matematik\/lisans-ders-icerikleri\/#breadcrumb\",\"itemListElement\":[{\"@type\":\"ListItem\",\"position\":1,\"name\":\"Ana sayfa\",\"item\":\"https:\/\/ticaret.edu.tr\/matematik\/\"},{\"@type\":\"ListItem\",\"position\":2,\"name\":\"Ders \u0130\u00e7erikleri\"}]},{\"@type\":\"WebSite\",\"@id\":\"https:\/\/ticaret.edu.tr\/matematik\/#website\",\"url\":\"https:\/\/ticaret.edu.tr\/matematik\/\",\"name\":\"Matematik\",\"description\":\"\",\"potentialAction\":[{\"@type\":\"SearchAction\",\"target\":{\"@type\":\"EntryPoint\",\"urlTemplate\":\"https:\/\/ticaret.edu.tr\/matematik\/?s={search_term_string}\"},\"query-input\":\"required name=search_term_string\"}],\"inLanguage\":\"tr\"}]}<\/script>\n<!-- \/ Yoast SEO Premium plugin. -->","yoast_head_json":{"title":"Ders \u0130\u00e7erikleri - Matematik","robots":{"index":"index","follow":"follow","max-snippet":"max-snippet:-1","max-image-preview":"max-image-preview:large","max-video-preview":"max-video-preview:-1"},"canonical":"https:\/\/ticaret.edu.tr\/matematik\/lisans-ders-icerikleri\/","og_locale":"tr_TR","og_type":"article","og_title":"Ders \u0130\u00e7erikleri","og_description":"A\u015fa\u011f\u0131daki ba\u011flant\u0131lardan \u0130stanbul Ticaret \u00dcniversitesi Matematik B\u00f6l\u00fcm\u00fc\u2019n\u00fcn y\u0131llara g\u00f6re g\u00fcncellenmi\u015f ders i\u00e7eriklerine ula\u015fabilirsiniz. 2025-2026 Matematik Ders \u0130\u00e7erikleri 2024-2025 Matematik Ders \u0130\u00e7erikleri 2023-2024 Matematik Ders \u0130\u00e7erikleri 2022-2023 Matematik Ders \u0130\u00e7erikleri 2021-2022 Matematik Ders \u0130\u00e7erikleri 2020-2021 Matematik Ders \u0130\u00e7erikleri 2019-2020 Matematik Ders \u0130\u00e7erikleri 2013-2014 Matematik Ders \u0130\u00e7erikleri 2012-2013 Matematik Ders \u0130\u00e7erikleri 2011-2012 Matematik Ders \u0130\u00e7erikleri 2010-2011 Matematik [&hellip;]","og_url":"https:\/\/ticaret.edu.tr\/matematik\/lisans-ders-icerikleri\/","og_site_name":"Matematik","article_publisher":"https:\/\/www.facebook.com\/ticaretedutr","article_modified_time":"2025-10-11T14:01:37+00:00","og_image":[{"width":1250,"height":833,"url":"http:\/\/ticaret.edu.tr\/matematik\/wp-content\/uploads\/sites\/29\/2021\/11\/web_logo-01.jpg","type":"image\/jpeg"}],"twitter_card":"summary_large_image","twitter_site":"@ticaretedutr","twitter_misc":{"Tahmini okuma s\u00fcresi":"1 dakika"},"schema":{"@context":"https:\/\/schema.org","@graph":[{"@type":"WebPage","@id":"https:\/\/ticaret.edu.tr\/matematik\/lisans-ders-icerikleri\/","url":"https:\/\/ticaret.edu.tr\/matematik\/lisans-ders-icerikleri\/","name":"Ders \u0130\u00e7erikleri - Matematik","isPartOf":{"@id":"https:\/\/ticaret.edu.tr\/matematik\/#website"},"datePublished":"2025-01-26T16:53:34+00:00","dateModified":"2025-10-11T14:01:37+00:00","breadcrumb":{"@id":"https:\/\/ticaret.edu.tr\/matematik\/lisans-ders-icerikleri\/#breadcrumb"},"inLanguage":"tr","potentialAction":[{"@type":"ReadAction","target":["https:\/\/ticaret.edu.tr\/matematik\/lisans-ders-icerikleri\/"]}]},{"@type":"BreadcrumbList","@id":"https:\/\/ticaret.edu.tr\/matematik\/lisans-ders-icerikleri\/#breadcrumb","itemListElement":[{"@type":"ListItem","position":1,"name":"Ana sayfa","item":"https:\/\/ticaret.edu.tr\/matematik\/"},{"@type":"ListItem","position":2,"name":"Ders \u0130\u00e7erikleri"}]},{"@type":"WebSite","@id":"https:\/\/ticaret.edu.tr\/matematik\/#website","url":"https:\/\/ticaret.edu.tr\/matematik\/","name":"Matematik","description":"","potentialAction":[{"@type":"SearchAction","target":{"@type":"EntryPoint","urlTemplate":"https:\/\/ticaret.edu.tr\/matematik\/?s={search_term_string}"},"query-input":"required name=search_term_string"}],"inLanguage":"tr"}]}},"lang":"tr","translations":{"en":1183,"tr":1181},"pll_sync_post":[],"_links":{"self":[{"href":"http:\/\/ticaret.edu.tr\/matematik\/wp-json\/wp\/v2\/pages\/1181"}],"collection":[{"href":"http:\/\/ticaret.edu.tr\/matematik\/wp-json\/wp\/v2\/pages"}],"about":[{"href":"http:\/\/ticaret.edu.tr\/matematik\/wp-json\/wp\/v2\/types\/page"}],"author":[{"embeddable":true,"href":"http:\/\/ticaret.edu.tr\/matematik\/wp-json\/wp\/v2\/users\/211"}],"replies":[{"embeddable":true,"href":"http:\/\/ticaret.edu.tr\/matematik\/wp-json\/wp\/v2\/comments?post=1181"}],"version-history":[{"count":13,"href":"http:\/\/ticaret.edu.tr\/matematik\/wp-json\/wp\/v2\/pages\/1181\/revisions"}],"predecessor-version":[{"id":1855,"href":"http:\/\/ticaret.edu.tr\/matematik\/wp-json\/wp\/v2\/pages\/1181\/revisions\/1855"}],"wp:attachment":[{"href":"http:\/\/ticaret.edu.tr\/matematik\/wp-json\/wp\/v2\/media?parent=1181"}],"curies":[{"name":"wp","href":"https:\/\/api.w.org\/{rel}","templated":true}]}}