{"id":1185,"date":"2025-01-26T19:54:02","date_gmt":"2025-01-26T16:54:02","guid":{"rendered":"https:\/\/ticaret.edu.tr\/matematik\/?page_id=1185"},"modified":"2026-04-02T13:59:29","modified_gmt":"2026-04-02T10:59:29","slug":"lisans-ders-ve-sinav-programi","status":"publish","type":"page","link":"http:\/\/ticaret.edu.tr\/matematik\/lisans-ders-ve-sinav-programi\/","title":{"rendered":"Ders ve S\u0131nav Program\u0131"},"content":{"rendered":"<p>Matematik B\u00f6l\u00fcm\u00fc <strong>g\u00fcncel ders programlar\u0131<\/strong>na ula\u015fmak i\u00e7in <a href=\"https:\/\/istanbulticaretuniversitesi.edupage.org\/timetable\/\"><strong>t\u0131klay\u0131n\u0131z.<\/strong><\/a><\/p>\n<p><a href=\"https:\/\/istanbulticaretuniversitesi.edupage.org\/timetable\/view.php?num=97&amp;class=*45\" target=\"_blank\" rel=\"noopener\">Matematik 1. S\u0131n\u0131f Ders Program\u0131<\/a><\/p>\n<p><a href=\"https:\/\/istanbulticaretuniversitesi.edupage.org\/timetable\/view.php?num=97&amp;class=*46\" target=\"_blank\" rel=\"noopener\">Matematik 2. S\u0131n\u0131f Ders Program\u0131<\/a><\/p>\n<p><a href=\"https:\/\/istanbulticaretuniversitesi.edupage.org\/timetable\/view.php?num=97&amp;class=-516\" target=\"_blank\" rel=\"noopener\">Matematik 3. S\u0131n\u0131f Ders Program\u0131<\/a><\/p>\n<p><a href=\"https:\/\/istanbulticaretuniversitesi.edupage.org\/timetable\/view.php?num=97&amp;class=-517\" target=\"_blank\" rel=\"noopener\">Matematik 4. S\u0131n\u0131f Ders Program\u0131<\/a><\/p>\n<p>&nbsp;<\/p>\n<p>2025-2026 Akademik y\u0131l\u0131 G\u00fcz d\u00f6nemi vize s\u0131nav program\u0131na ula\u015fmak i\u00e7in <strong><a href=\"http:\/\/ticaret.edu.tr\/matematik\/wp-content\/uploads\/sites\/29\/2025\/10\/2025-26_Guz_Vize_Program_Matematik_TR.pdf\" target=\"_blank\" rel=\"noopener\">t\u0131klay\u0131n\u0131z<\/a>.<\/strong><\/p>\n<p>2025-2026 Akademik y\u0131l\u0131 G\u00fcz d\u00f6nemi final s\u0131nav program\u0131na ula\u015fmak i\u00e7in <strong><a href=\"http:\/\/ticaret.edu.tr\/matematik\/wp-content\/uploads\/sites\/29\/2025\/12\/MATEMATIK-2025-2026-GUZ-DONEMI-FINAL-PROGRAMI.pdf\">t\u0131klay\u0131n\u0131z<\/a>.<\/strong><\/p>\n<p>2025-2026 Akademik y\u0131l\u0131 Bahar d\u00f6nemi vize s\u0131nav program\u0131na ula\u015fmak i\u00e7in <strong><a href=\"https:\/\/ticaret.edu.tr\/wp-content\/uploads\/2026\/04\/Matematik-Bolumu.pdf\" target=\"_blank\" rel=\"noopener\">t\u0131klay\u0131n\u0131z.<\/a><\/strong><\/p>\n","protected":false},"excerpt":{"rendered":"<p>Matematik B\u00f6l\u00fcm\u00fc g\u00fcncel ders programlar\u0131na ula\u015fmak i\u00e7in t\u0131klay\u0131n\u0131z. Matematik 1. S\u0131n\u0131f Ders Program\u0131 Matematik 2. S\u0131n\u0131f Ders Program\u0131 Matematik 3. S\u0131n\u0131f Ders Program\u0131 Matematik 4. S\u0131n\u0131f Ders Program\u0131 &nbsp; 2025-2026 Akademik y\u0131l\u0131 G\u00fcz d\u00f6nemi vize s\u0131nav program\u0131na ula\u015fmak i\u00e7in t\u0131klay\u0131n\u0131z. 2025-2026 Akademik y\u0131l\u0131 G\u00fcz d\u00f6nemi final s\u0131nav program\u0131na ula\u015fmak i\u00e7in t\u0131klay\u0131n\u0131z. 2025-2026 Akademik y\u0131l\u0131 Bahar [&hellip;]<\/p>\n","protected":false},"author":211,"featured_media":0,"parent":0,"menu_order":0,"comment_status":"closed","ping_status":"closed","template":"genel_sayfa.php","meta":{"footnotes":""},"yoast_head":"<!-- This site is optimized with the Yoast SEO Premium plugin v22.1 (Yoast SEO v22.1) - https:\/\/yoast.com\/wordpress\/plugins\/seo\/ -->\n<title>Ders ve S\u0131nav Program\u0131 - Matematik<\/title>\n<meta name=\"robots\" content=\"index, follow, max-snippet:-1, max-image-preview:large, max-video-preview:-1\" \/>\n<link rel=\"canonical\" href=\"https:\/\/ticaret.edu.tr\/matematik\/lisans-ders-ve-sinav-programi\/\" \/>\n<meta property=\"og:locale\" content=\"tr_TR\" \/>\n<meta property=\"og:type\" content=\"article\" \/>\n<meta property=\"og:title\" content=\"Ders ve S\u0131nav Program\u0131\" \/>\n<meta property=\"og:description\" content=\"Matematik B\u00f6l\u00fcm\u00fc g\u00fcncel ders programlar\u0131na ula\u015fmak i\u00e7in t\u0131klay\u0131n\u0131z. Matematik 1. S\u0131n\u0131f Ders Program\u0131 Matematik 2. S\u0131n\u0131f Ders Program\u0131 Matematik 3. S\u0131n\u0131f Ders Program\u0131 Matematik 4. S\u0131n\u0131f Ders Program\u0131 &nbsp; 2025-2026 Akademik y\u0131l\u0131 G\u00fcz d\u00f6nemi vize s\u0131nav program\u0131na ula\u015fmak i\u00e7in t\u0131klay\u0131n\u0131z. 2025-2026 Akademik y\u0131l\u0131 G\u00fcz d\u00f6nemi final s\u0131nav program\u0131na ula\u015fmak i\u00e7in t\u0131klay\u0131n\u0131z. 2025-2026 Akademik y\u0131l\u0131 Bahar [&hellip;]\" \/>\n<meta property=\"og:url\" content=\"https:\/\/ticaret.edu.tr\/matematik\/lisans-ders-ve-sinav-programi\/\" \/>\n<meta property=\"og:site_name\" content=\"Matematik\" \/>\n<meta property=\"article:publisher\" content=\"https:\/\/www.facebook.com\/ticaretedutr\" \/>\n<meta property=\"article:modified_time\" content=\"2026-04-02T10:59:29+00:00\" \/>\n<meta property=\"og:image\" content=\"http:\/\/ticaret.edu.tr\/matematik\/wp-content\/uploads\/sites\/29\/2021\/11\/web_logo-01.jpg\" \/>\n\t<meta property=\"og:image:width\" content=\"1250\" \/>\n\t<meta property=\"og:image:height\" content=\"833\" \/>\n\t<meta property=\"og:image:type\" content=\"image\/jpeg\" \/>\n<meta name=\"twitter:card\" content=\"summary_large_image\" \/>\n<meta name=\"twitter:site\" content=\"@ticaretedutr\" \/>\n<meta name=\"twitter:label1\" content=\"Tahmini okuma s\u00fcresi\" \/>\n\t<meta name=\"twitter:data1\" content=\"1 dakika\" \/>\n<script type=\"application\/ld+json\" class=\"yoast-schema-graph\">{\"@context\":\"https:\/\/schema.org\",\"@graph\":[{\"@type\":\"WebPage\",\"@id\":\"https:\/\/ticaret.edu.tr\/matematik\/lisans-ders-ve-sinav-programi\/\",\"url\":\"https:\/\/ticaret.edu.tr\/matematik\/lisans-ders-ve-sinav-programi\/\",\"name\":\"Ders ve S\u0131nav Program\u0131 - Matematik\",\"isPartOf\":{\"@id\":\"https:\/\/ticaret.edu.tr\/matematik\/#website\"},\"datePublished\":\"2025-01-26T16:54:02+00:00\",\"dateModified\":\"2026-04-02T10:59:29+00:00\",\"breadcrumb\":{\"@id\":\"https:\/\/ticaret.edu.tr\/matematik\/lisans-ders-ve-sinav-programi\/#breadcrumb\"},\"inLanguage\":\"tr\",\"potentialAction\":[{\"@type\":\"ReadAction\",\"target\":[\"https:\/\/ticaret.edu.tr\/matematik\/lisans-ders-ve-sinav-programi\/\"]}]},{\"@type\":\"BreadcrumbList\",\"@id\":\"https:\/\/ticaret.edu.tr\/matematik\/lisans-ders-ve-sinav-programi\/#breadcrumb\",\"itemListElement\":[{\"@type\":\"ListItem\",\"position\":1,\"name\":\"Ana sayfa\",\"item\":\"https:\/\/ticaret.edu.tr\/matematik\/\"},{\"@type\":\"ListItem\",\"position\":2,\"name\":\"Ders ve S\u0131nav Program\u0131\"}]},{\"@type\":\"WebSite\",\"@id\":\"https:\/\/ticaret.edu.tr\/matematik\/#website\",\"url\":\"https:\/\/ticaret.edu.tr\/matematik\/\",\"name\":\"Matematik\",\"description\":\"\",\"potentialAction\":[{\"@type\":\"SearchAction\",\"target\":{\"@type\":\"EntryPoint\",\"urlTemplate\":\"https:\/\/ticaret.edu.tr\/matematik\/?s={search_term_string}\"},\"query-input\":\"required name=search_term_string\"}],\"inLanguage\":\"tr\"}]}<\/script>\n<!-- \/ Yoast SEO Premium plugin. -->","yoast_head_json":{"title":"Ders ve S\u0131nav Program\u0131 - Matematik","robots":{"index":"index","follow":"follow","max-snippet":"max-snippet:-1","max-image-preview":"max-image-preview:large","max-video-preview":"max-video-preview:-1"},"canonical":"https:\/\/ticaret.edu.tr\/matematik\/lisans-ders-ve-sinav-programi\/","og_locale":"tr_TR","og_type":"article","og_title":"Ders ve S\u0131nav Program\u0131","og_description":"Matematik B\u00f6l\u00fcm\u00fc g\u00fcncel ders programlar\u0131na ula\u015fmak i\u00e7in t\u0131klay\u0131n\u0131z. Matematik 1. S\u0131n\u0131f Ders Program\u0131 Matematik 2. S\u0131n\u0131f Ders Program\u0131 Matematik 3. S\u0131n\u0131f Ders Program\u0131 Matematik 4. S\u0131n\u0131f Ders Program\u0131 &nbsp; 2025-2026 Akademik y\u0131l\u0131 G\u00fcz d\u00f6nemi vize s\u0131nav program\u0131na ula\u015fmak i\u00e7in t\u0131klay\u0131n\u0131z. 2025-2026 Akademik y\u0131l\u0131 G\u00fcz d\u00f6nemi final s\u0131nav program\u0131na ula\u015fmak i\u00e7in t\u0131klay\u0131n\u0131z. 2025-2026 Akademik y\u0131l\u0131 Bahar [&hellip;]","og_url":"https:\/\/ticaret.edu.tr\/matematik\/lisans-ders-ve-sinav-programi\/","og_site_name":"Matematik","article_publisher":"https:\/\/www.facebook.com\/ticaretedutr","article_modified_time":"2026-04-02T10:59:29+00:00","og_image":[{"width":1250,"height":833,"url":"http:\/\/ticaret.edu.tr\/matematik\/wp-content\/uploads\/sites\/29\/2021\/11\/web_logo-01.jpg","type":"image\/jpeg"}],"twitter_card":"summary_large_image","twitter_site":"@ticaretedutr","twitter_misc":{"Tahmini okuma s\u00fcresi":"1 dakika"},"schema":{"@context":"https:\/\/schema.org","@graph":[{"@type":"WebPage","@id":"https:\/\/ticaret.edu.tr\/matematik\/lisans-ders-ve-sinav-programi\/","url":"https:\/\/ticaret.edu.tr\/matematik\/lisans-ders-ve-sinav-programi\/","name":"Ders ve S\u0131nav Program\u0131 - Matematik","isPartOf":{"@id":"https:\/\/ticaret.edu.tr\/matematik\/#website"},"datePublished":"2025-01-26T16:54:02+00:00","dateModified":"2026-04-02T10:59:29+00:00","breadcrumb":{"@id":"https:\/\/ticaret.edu.tr\/matematik\/lisans-ders-ve-sinav-programi\/#breadcrumb"},"inLanguage":"tr","potentialAction":[{"@type":"ReadAction","target":["https:\/\/ticaret.edu.tr\/matematik\/lisans-ders-ve-sinav-programi\/"]}]},{"@type":"BreadcrumbList","@id":"https:\/\/ticaret.edu.tr\/matematik\/lisans-ders-ve-sinav-programi\/#breadcrumb","itemListElement":[{"@type":"ListItem","position":1,"name":"Ana sayfa","item":"https:\/\/ticaret.edu.tr\/matematik\/"},{"@type":"ListItem","position":2,"name":"Ders ve S\u0131nav Program\u0131"}]},{"@type":"WebSite","@id":"https:\/\/ticaret.edu.tr\/matematik\/#website","url":"https:\/\/ticaret.edu.tr\/matematik\/","name":"Matematik","description":"","potentialAction":[{"@type":"SearchAction","target":{"@type":"EntryPoint","urlTemplate":"https:\/\/ticaret.edu.tr\/matematik\/?s={search_term_string}"},"query-input":"required name=search_term_string"}],"inLanguage":"tr"}]}},"lang":"tr","translations":{"en":1187,"tr":1185},"pll_sync_post":[],"_links":{"self":[{"href":"http:\/\/ticaret.edu.tr\/matematik\/wp-json\/wp\/v2\/pages\/1185"}],"collection":[{"href":"http:\/\/ticaret.edu.tr\/matematik\/wp-json\/wp\/v2\/pages"}],"about":[{"href":"http:\/\/ticaret.edu.tr\/matematik\/wp-json\/wp\/v2\/types\/page"}],"author":[{"embeddable":true,"href":"http:\/\/ticaret.edu.tr\/matematik\/wp-json\/wp\/v2\/users\/211"}],"replies":[{"embeddable":true,"href":"http:\/\/ticaret.edu.tr\/matematik\/wp-json\/wp\/v2\/comments?post=1185"}],"version-history":[{"count":17,"href":"http:\/\/ticaret.edu.tr\/matematik\/wp-json\/wp\/v2\/pages\/1185\/revisions"}],"predecessor-version":[{"id":2117,"href":"http:\/\/ticaret.edu.tr\/matematik\/wp-json\/wp\/v2\/pages\/1185\/revisions\/2117"}],"wp:attachment":[{"href":"http:\/\/ticaret.edu.tr\/matematik\/wp-json\/wp\/v2\/media?parent=1185"}],"curies":[{"name":"wp","href":"https:\/\/api.w.org\/{rel}","templated":true}]}}