{"id":1217,"date":"2025-01-26T20:27:27","date_gmt":"2025-01-26T17:27:27","guid":{"rendered":"https:\/\/ticaret.edu.tr\/matematik\/?page_id=1217"},"modified":"2025-12-08T08:11:59","modified_gmt":"2025-12-08T05:11:59","slug":"arastirma-alanlari","status":"publish","type":"page","link":"http:\/\/ticaret.edu.tr\/matematik\/arastirma-alanlari\/","title":{"rendered":"Ara\u015ft\u0131rma Alanlar\u0131"},"content":{"rendered":"<p>B\u00f6l\u00fcm \u00f6\u011fretim elemanlar\u0131n\u0131n <b>ara\u015ft\u0131rma alanlar\u0131na <\/b>a\u015fa\u011f\u0131daki ba\u011flant\u0131lardan ula\u015fabilirsiniz.<\/p>\n<p>&nbsp;<\/p>\n<table style=\"overflow: auto;height: 272px\" width=\"763\">\n<tbody>\n<tr>\n<td width=\"375\"><strong>\u00d6\u011fretim Eleman\u0131<\/strong><\/td>\n<td width=\"413\"><strong>Ara\u015ft\u0131rma Alanlar\u0131<\/strong><\/td>\n<\/tr>\n<tr>\n<td width=\"375\">Prof. Dr. Abdullah AVEY<\/td>\n<td width=\"413\"><a href=\"https:\/\/avesis.ticaret.edu.tr\/aavey\/arastirma\">https:\/\/avesis.ticaret.edu.tr\/aavey\/arastirma<\/a><\/td>\n<\/tr>\n<tr>\n<td width=\"375\">Prof. Dr. Necip \u015e\u0130M\u015eEK<\/td>\n<td width=\"413\"><a href=\"https:\/\/avesis.ticaret.edu.tr\/nsimsek\/arastirma\">https:\/\/avesis.ticaret.edu.tr\/nsimsek\/arastirma<\/a><\/td>\n<\/tr>\n<tr>\n<td width=\"375\">Do\u00e7. Dr. Abdullah YENER<\/td>\n<td width=\"413\"><a href=\"https:\/\/avesis.ticaret.edu.tr\/ayener\/arastirma\">https:\/\/avesis.ticaret.edu.tr\/ayener\/arastirma<\/a><\/td>\n<\/tr>\n<tr>\n<td width=\"375\">Dr. \u00d6\u011fr. \u00dcyesi Elif NURAY YILDIRIM<\/td>\n<td width=\"413\"><a href=\"https:\/\/avesis.ticaret.edu.tr\/enuray\/arastirma\">https:\/\/avesis.ticaret.edu.tr\/enuray\/arastirma<\/a><\/td>\n<\/tr>\n<tr>\n<td width=\"375\">Dr. \u00d6\u011fr. \u00dcyesi G\u00fclistan \u0130SKENDERO\u011eLU<\/td>\n<td width=\"413\"><a href=\"https:\/\/avesis.ticaret.edu.tr\/giskenderoglu\/arastirma\">https:\/\/avesis.ticaret.edu.tr\/giskenderoglu\/arastirma<\/a><\/td>\n<\/tr>\n<tr>\n<td width=\"375\">Dr. \u00d6\u011fr. \u00dcyesi Muhammad Abubakar ISAH<\/td>\n<td width=\"413\"><a href=\"https:\/\/avesis.ticaret.edu.tr\/maisah\/arastirma\">https:\/\/avesis.ticaret.edu.tr\/maisah\/arastirma<\/a><\/td>\n<\/tr>\n<tr>\n<td width=\"375\">Ar\u015f. G\u00f6r. Pelin DURSUN<\/td>\n<td width=\"413\"><a href=\"https:\/\/avesis.ticaret.edu.tr\/pdursun\/arastirma\">https:\/\/avesis.ticaret.edu.tr\/pdursun\/arastirma<\/a><\/td>\n<\/tr>\n<tr>\n<td width=\"375\">Ar\u015f. G\u00f6r. Ramazan PEHL\u0130VAN<\/td>\n<td width=\"413\"><a href=\"https:\/\/avesis.ticaret.edu.tr\/rpehlivan\/arastirma\">https:\/\/avesis.ticaret.edu.tr\/rpehlivan\/arastirma<\/a><\/td>\n<\/tr>\n<\/tbody>\n<\/table>\n","protected":false},"excerpt":{"rendered":"<p>B\u00f6l\u00fcm \u00f6\u011fretim elemanlar\u0131n\u0131n ara\u015ft\u0131rma alanlar\u0131na a\u015fa\u011f\u0131daki ba\u011flant\u0131lardan ula\u015fabilirsiniz. &nbsp; \u00d6\u011fretim Eleman\u0131 Ara\u015ft\u0131rma Alanlar\u0131 Prof. Dr. Abdullah AVEY https:\/\/avesis.ticaret.edu.tr\/aavey\/arastirma Prof. Dr. Necip \u015e\u0130M\u015eEK https:\/\/avesis.ticaret.edu.tr\/nsimsek\/arastirma Do\u00e7. Dr. Abdullah YENER https:\/\/avesis.ticaret.edu.tr\/ayener\/arastirma Dr. \u00d6\u011fr. \u00dcyesi Elif NURAY YILDIRIM https:\/\/avesis.ticaret.edu.tr\/enuray\/arastirma Dr. \u00d6\u011fr. \u00dcyesi G\u00fclistan \u0130SKENDERO\u011eLU https:\/\/avesis.ticaret.edu.tr\/giskenderoglu\/arastirma Dr. \u00d6\u011fr. \u00dcyesi Muhammad Abubakar ISAH https:\/\/avesis.ticaret.edu.tr\/maisah\/arastirma Ar\u015f. G\u00f6r. Pelin DURSUN https:\/\/avesis.ticaret.edu.tr\/pdursun\/arastirma Ar\u015f. G\u00f6r. [&hellip;]<\/p>\n","protected":false},"author":211,"featured_media":0,"parent":0,"menu_order":0,"comment_status":"closed","ping_status":"closed","template":"genel_sayfa.php","meta":{"footnotes":""},"yoast_head":"<!-- This site is optimized with the Yoast SEO Premium plugin v22.1 (Yoast SEO v22.1) - https:\/\/yoast.com\/wordpress\/plugins\/seo\/ -->\n<title>Ara\u015ft\u0131rma Alanlar\u0131 - Matematik<\/title>\n<meta name=\"robots\" content=\"index, follow, max-snippet:-1, max-image-preview:large, max-video-preview:-1\" \/>\n<link rel=\"canonical\" href=\"https:\/\/ticaret.edu.tr\/matematik\/arastirma-alanlari\/\" \/>\n<meta property=\"og:locale\" content=\"tr_TR\" \/>\n<meta property=\"og:type\" content=\"article\" \/>\n<meta property=\"og:title\" content=\"Ara\u015ft\u0131rma Alanlar\u0131\" \/>\n<meta property=\"og:description\" content=\"B\u00f6l\u00fcm \u00f6\u011fretim elemanlar\u0131n\u0131n ara\u015ft\u0131rma alanlar\u0131na a\u015fa\u011f\u0131daki ba\u011flant\u0131lardan ula\u015fabilirsiniz. &nbsp; \u00d6\u011fretim Eleman\u0131 Ara\u015ft\u0131rma Alanlar\u0131 Prof. Dr. Abdullah AVEY https:\/\/avesis.ticaret.edu.tr\/aavey\/arastirma Prof. Dr. Necip \u015e\u0130M\u015eEK https:\/\/avesis.ticaret.edu.tr\/nsimsek\/arastirma Do\u00e7. Dr. Abdullah YENER https:\/\/avesis.ticaret.edu.tr\/ayener\/arastirma Dr. \u00d6\u011fr. \u00dcyesi Elif NURAY YILDIRIM https:\/\/avesis.ticaret.edu.tr\/enuray\/arastirma Dr. \u00d6\u011fr. \u00dcyesi G\u00fclistan \u0130SKENDERO\u011eLU https:\/\/avesis.ticaret.edu.tr\/giskenderoglu\/arastirma Dr. \u00d6\u011fr. \u00dcyesi Muhammad Abubakar ISAH https:\/\/avesis.ticaret.edu.tr\/maisah\/arastirma Ar\u015f. G\u00f6r. Pelin DURSUN https:\/\/avesis.ticaret.edu.tr\/pdursun\/arastirma Ar\u015f. G\u00f6r. [&hellip;]\" \/>\n<meta property=\"og:url\" content=\"https:\/\/ticaret.edu.tr\/matematik\/arastirma-alanlari\/\" \/>\n<meta property=\"og:site_name\" content=\"Matematik\" \/>\n<meta property=\"article:publisher\" content=\"https:\/\/www.facebook.com\/ticaretedutr\" \/>\n<meta property=\"article:modified_time\" content=\"2025-12-08T05:11:59+00:00\" \/>\n<meta property=\"og:image\" content=\"http:\/\/ticaret.edu.tr\/matematik\/wp-content\/uploads\/sites\/29\/2021\/11\/web_logo-01.jpg\" \/>\n\t<meta property=\"og:image:width\" content=\"1250\" \/>\n\t<meta property=\"og:image:height\" content=\"833\" \/>\n\t<meta property=\"og:image:type\" content=\"image\/jpeg\" \/>\n<meta name=\"twitter:card\" content=\"summary_large_image\" \/>\n<meta name=\"twitter:site\" content=\"@ticaretedutr\" \/>\n<meta name=\"twitter:label1\" content=\"Tahmini okuma s\u00fcresi\" \/>\n\t<meta name=\"twitter:data1\" content=\"1 dakika\" \/>\n<script type=\"application\/ld+json\" class=\"yoast-schema-graph\">{\"@context\":\"https:\/\/schema.org\",\"@graph\":[{\"@type\":\"WebPage\",\"@id\":\"https:\/\/ticaret.edu.tr\/matematik\/arastirma-alanlari\/\",\"url\":\"https:\/\/ticaret.edu.tr\/matematik\/arastirma-alanlari\/\",\"name\":\"Ara\u015ft\u0131rma Alanlar\u0131 - Matematik\",\"isPartOf\":{\"@id\":\"https:\/\/ticaret.edu.tr\/matematik\/#website\"},\"datePublished\":\"2025-01-26T17:27:27+00:00\",\"dateModified\":\"2025-12-08T05:11:59+00:00\",\"breadcrumb\":{\"@id\":\"https:\/\/ticaret.edu.tr\/matematik\/arastirma-alanlari\/#breadcrumb\"},\"inLanguage\":\"tr\",\"potentialAction\":[{\"@type\":\"ReadAction\",\"target\":[\"https:\/\/ticaret.edu.tr\/matematik\/arastirma-alanlari\/\"]}]},{\"@type\":\"BreadcrumbList\",\"@id\":\"https:\/\/ticaret.edu.tr\/matematik\/arastirma-alanlari\/#breadcrumb\",\"itemListElement\":[{\"@type\":\"ListItem\",\"position\":1,\"name\":\"Ana sayfa\",\"item\":\"https:\/\/ticaret.edu.tr\/matematik\/\"},{\"@type\":\"ListItem\",\"position\":2,\"name\":\"Ara\u015ft\u0131rma Alanlar\u0131\"}]},{\"@type\":\"WebSite\",\"@id\":\"https:\/\/ticaret.edu.tr\/matematik\/#website\",\"url\":\"https:\/\/ticaret.edu.tr\/matematik\/\",\"name\":\"Matematik\",\"description\":\"\",\"potentialAction\":[{\"@type\":\"SearchAction\",\"target\":{\"@type\":\"EntryPoint\",\"urlTemplate\":\"https:\/\/ticaret.edu.tr\/matematik\/?s={search_term_string}\"},\"query-input\":\"required name=search_term_string\"}],\"inLanguage\":\"tr\"}]}<\/script>\n<!-- \/ Yoast SEO Premium plugin. -->","yoast_head_json":{"title":"Ara\u015ft\u0131rma Alanlar\u0131 - Matematik","robots":{"index":"index","follow":"follow","max-snippet":"max-snippet:-1","max-image-preview":"max-image-preview:large","max-video-preview":"max-video-preview:-1"},"canonical":"https:\/\/ticaret.edu.tr\/matematik\/arastirma-alanlari\/","og_locale":"tr_TR","og_type":"article","og_title":"Ara\u015ft\u0131rma Alanlar\u0131","og_description":"B\u00f6l\u00fcm \u00f6\u011fretim elemanlar\u0131n\u0131n ara\u015ft\u0131rma alanlar\u0131na a\u015fa\u011f\u0131daki ba\u011flant\u0131lardan ula\u015fabilirsiniz. &nbsp; \u00d6\u011fretim Eleman\u0131 Ara\u015ft\u0131rma Alanlar\u0131 Prof. Dr. Abdullah AVEY https:\/\/avesis.ticaret.edu.tr\/aavey\/arastirma Prof. Dr. Necip \u015e\u0130M\u015eEK https:\/\/avesis.ticaret.edu.tr\/nsimsek\/arastirma Do\u00e7. Dr. Abdullah YENER https:\/\/avesis.ticaret.edu.tr\/ayener\/arastirma Dr. \u00d6\u011fr. \u00dcyesi Elif NURAY YILDIRIM https:\/\/avesis.ticaret.edu.tr\/enuray\/arastirma Dr. \u00d6\u011fr. \u00dcyesi G\u00fclistan \u0130SKENDERO\u011eLU https:\/\/avesis.ticaret.edu.tr\/giskenderoglu\/arastirma Dr. \u00d6\u011fr. \u00dcyesi Muhammad Abubakar ISAH https:\/\/avesis.ticaret.edu.tr\/maisah\/arastirma Ar\u015f. G\u00f6r. Pelin DURSUN https:\/\/avesis.ticaret.edu.tr\/pdursun\/arastirma Ar\u015f. G\u00f6r. [&hellip;]","og_url":"https:\/\/ticaret.edu.tr\/matematik\/arastirma-alanlari\/","og_site_name":"Matematik","article_publisher":"https:\/\/www.facebook.com\/ticaretedutr","article_modified_time":"2025-12-08T05:11:59+00:00","og_image":[{"width":1250,"height":833,"url":"http:\/\/ticaret.edu.tr\/matematik\/wp-content\/uploads\/sites\/29\/2021\/11\/web_logo-01.jpg","type":"image\/jpeg"}],"twitter_card":"summary_large_image","twitter_site":"@ticaretedutr","twitter_misc":{"Tahmini okuma s\u00fcresi":"1 dakika"},"schema":{"@context":"https:\/\/schema.org","@graph":[{"@type":"WebPage","@id":"https:\/\/ticaret.edu.tr\/matematik\/arastirma-alanlari\/","url":"https:\/\/ticaret.edu.tr\/matematik\/arastirma-alanlari\/","name":"Ara\u015ft\u0131rma Alanlar\u0131 - Matematik","isPartOf":{"@id":"https:\/\/ticaret.edu.tr\/matematik\/#website"},"datePublished":"2025-01-26T17:27:27+00:00","dateModified":"2025-12-08T05:11:59+00:00","breadcrumb":{"@id":"https:\/\/ticaret.edu.tr\/matematik\/arastirma-alanlari\/#breadcrumb"},"inLanguage":"tr","potentialAction":[{"@type":"ReadAction","target":["https:\/\/ticaret.edu.tr\/matematik\/arastirma-alanlari\/"]}]},{"@type":"BreadcrumbList","@id":"https:\/\/ticaret.edu.tr\/matematik\/arastirma-alanlari\/#breadcrumb","itemListElement":[{"@type":"ListItem","position":1,"name":"Ana sayfa","item":"https:\/\/ticaret.edu.tr\/matematik\/"},{"@type":"ListItem","position":2,"name":"Ara\u015ft\u0131rma Alanlar\u0131"}]},{"@type":"WebSite","@id":"https:\/\/ticaret.edu.tr\/matematik\/#website","url":"https:\/\/ticaret.edu.tr\/matematik\/","name":"Matematik","description":"","potentialAction":[{"@type":"SearchAction","target":{"@type":"EntryPoint","urlTemplate":"https:\/\/ticaret.edu.tr\/matematik\/?s={search_term_string}"},"query-input":"required name=search_term_string"}],"inLanguage":"tr"}]}},"lang":"tr","translations":{"en":1219,"tr":1217},"pll_sync_post":[],"_links":{"self":[{"href":"http:\/\/ticaret.edu.tr\/matematik\/wp-json\/wp\/v2\/pages\/1217"}],"collection":[{"href":"http:\/\/ticaret.edu.tr\/matematik\/wp-json\/wp\/v2\/pages"}],"about":[{"href":"http:\/\/ticaret.edu.tr\/matematik\/wp-json\/wp\/v2\/types\/page"}],"author":[{"embeddable":true,"href":"http:\/\/ticaret.edu.tr\/matematik\/wp-json\/wp\/v2\/users\/211"}],"replies":[{"embeddable":true,"href":"http:\/\/ticaret.edu.tr\/matematik\/wp-json\/wp\/v2\/comments?post=1217"}],"version-history":[{"count":22,"href":"http:\/\/ticaret.edu.tr\/matematik\/wp-json\/wp\/v2\/pages\/1217\/revisions"}],"predecessor-version":[{"id":1968,"href":"http:\/\/ticaret.edu.tr\/matematik\/wp-json\/wp\/v2\/pages\/1217\/revisions\/1968"}],"wp:attachment":[{"href":"http:\/\/ticaret.edu.tr\/matematik\/wp-json\/wp\/v2\/media?parent=1217"}],"curies":[{"name":"wp","href":"https:\/\/api.w.org\/{rel}","templated":true}]}}