{"id":1243,"date":"2025-01-26T20:31:35","date_gmt":"2025-01-26T17:31:35","guid":{"rendered":"https:\/\/ticaret.edu.tr\/matematik\/?page_id=1243"},"modified":"2025-10-17T13:18:37","modified_gmt":"2025-10-17T10:18:37","slug":"birim-oz-degerlendirme-raporu","status":"publish","type":"page","link":"http:\/\/ticaret.edu.tr\/matematik\/birim-oz-degerlendirme-raporu\/","title":{"rendered":"Birim \u00d6z De\u011ferlendirme Raporu"},"content":{"rendered":"<p>\u0130stanbul Ticaret \u00dcniversitesi Matematik B\u00f6l\u00fcm\u00fc, kalite g\u00fcvencesi kapsam\u0131nda her y\u0131l d\u00fczenli olarak haz\u0131rlanan \u201cBirim \u00d6zde\u011ferlendirme Raporu\u201d arac\u0131l\u0131\u011f\u0131yla e\u011fitim-\u00f6\u011fretim, ara\u015ft\u0131rma, toplumsal katk\u0131 ve y\u00f6netim s\u00fcre\u00e7lerini b\u00fct\u00fcnc\u00fcl bir yakla\u015f\u0131mla de\u011ferlendirir. Bu rapor, b\u00f6l\u00fcm\u00fcn g\u00fc\u00e7l\u00fc y\u00f6nlerini, geli\u015fime a\u00e7\u0131k alanlar\u0131n\u0131 ve gelecek d\u00f6neme ili\u015fkin iyile\u015ftirme hedeflerini ortaya koyar.<\/p>\n<p><br data-start=\"901\" data-end=\"904\" \/>Haz\u0131rlanan rapor, \u00fcniversitenin Kalite Komisyonu taraf\u0131ndan belirlenen ilkeler do\u011frultusunda olu\u015fturulmakta ve kurum genelinde y\u00fcr\u00fct\u00fclen kalite y\u00f6netim sistemine katk\u0131 sa\u011flamaktad\u0131r.<br data-start=\"1086\" data-end=\"1089\" \/>B\u00f6l\u00fcm, bu rapor arac\u0131l\u0131\u011f\u0131yla \u015feffafl\u0131k, hesap verebilirlik ve s\u00fcrekli geli\u015fim ilkelerini benimseyerek payda\u015flar\u0131na y\u00f6nelik g\u00fcvenilir bir izleme ve de\u011ferlendirme mekanizmas\u0131 sunmay\u0131 ama\u00e7lamaktad\u0131r.<\/p>\n","protected":false},"excerpt":{"rendered":"<p>\u0130stanbul Ticaret \u00dcniversitesi Matematik B\u00f6l\u00fcm\u00fc, kalite g\u00fcvencesi kapsam\u0131nda her y\u0131l d\u00fczenli olarak haz\u0131rlanan \u201cBirim \u00d6zde\u011ferlendirme Raporu\u201d arac\u0131l\u0131\u011f\u0131yla e\u011fitim-\u00f6\u011fretim, ara\u015ft\u0131rma, toplumsal katk\u0131 ve y\u00f6netim s\u00fcre\u00e7lerini b\u00fct\u00fcnc\u00fcl bir yakla\u015f\u0131mla de\u011ferlendirir. Bu rapor, b\u00f6l\u00fcm\u00fcn g\u00fc\u00e7l\u00fc y\u00f6nlerini, geli\u015fime a\u00e7\u0131k alanlar\u0131n\u0131 ve gelecek d\u00f6neme ili\u015fkin iyile\u015ftirme hedeflerini ortaya koyar. Haz\u0131rlanan rapor, \u00fcniversitenin Kalite Komisyonu taraf\u0131ndan belirlenen ilkeler do\u011frultusunda olu\u015fturulmakta ve [&hellip;]<\/p>\n","protected":false},"author":211,"featured_media":0,"parent":0,"menu_order":0,"comment_status":"closed","ping_status":"closed","template":"genel_sayfa.php","meta":{"footnotes":""},"yoast_head":"<!-- This site is optimized with the Yoast SEO Premium plugin v22.1 (Yoast SEO v22.1) - https:\/\/yoast.com\/wordpress\/plugins\/seo\/ -->\n<title>Birim \u00d6z De\u011ferlendirme Raporu - Matematik<\/title>\n<meta name=\"robots\" content=\"index, follow, max-snippet:-1, max-image-preview:large, max-video-preview:-1\" \/>\n<link rel=\"canonical\" href=\"https:\/\/ticaret.edu.tr\/matematik\/birim-oz-degerlendirme-raporu\/\" \/>\n<meta property=\"og:locale\" content=\"tr_TR\" \/>\n<meta property=\"og:type\" content=\"article\" \/>\n<meta property=\"og:title\" content=\"Birim \u00d6z De\u011ferlendirme Raporu\" \/>\n<meta property=\"og:description\" content=\"\u0130stanbul Ticaret \u00dcniversitesi Matematik B\u00f6l\u00fcm\u00fc, kalite g\u00fcvencesi kapsam\u0131nda her y\u0131l d\u00fczenli olarak haz\u0131rlanan \u201cBirim \u00d6zde\u011ferlendirme Raporu\u201d arac\u0131l\u0131\u011f\u0131yla e\u011fitim-\u00f6\u011fretim, ara\u015ft\u0131rma, toplumsal katk\u0131 ve y\u00f6netim s\u00fcre\u00e7lerini b\u00fct\u00fcnc\u00fcl bir yakla\u015f\u0131mla de\u011ferlendirir. Bu rapor, b\u00f6l\u00fcm\u00fcn g\u00fc\u00e7l\u00fc y\u00f6nlerini, geli\u015fime a\u00e7\u0131k alanlar\u0131n\u0131 ve gelecek d\u00f6neme ili\u015fkin iyile\u015ftirme hedeflerini ortaya koyar. Haz\u0131rlanan rapor, \u00fcniversitenin Kalite Komisyonu taraf\u0131ndan belirlenen ilkeler do\u011frultusunda olu\u015fturulmakta ve [&hellip;]\" \/>\n<meta property=\"og:url\" content=\"https:\/\/ticaret.edu.tr\/matematik\/birim-oz-degerlendirme-raporu\/\" \/>\n<meta property=\"og:site_name\" content=\"Matematik\" \/>\n<meta property=\"article:publisher\" content=\"https:\/\/www.facebook.com\/ticaretedutr\" \/>\n<meta property=\"article:modified_time\" content=\"2025-10-17T10:18:37+00:00\" \/>\n<meta property=\"og:image\" content=\"http:\/\/ticaret.edu.tr\/matematik\/wp-content\/uploads\/sites\/29\/2021\/11\/web_logo-01.jpg\" \/>\n\t<meta property=\"og:image:width\" content=\"1250\" \/>\n\t<meta property=\"og:image:height\" content=\"833\" \/>\n\t<meta property=\"og:image:type\" content=\"image\/jpeg\" \/>\n<meta name=\"twitter:card\" content=\"summary_large_image\" \/>\n<meta name=\"twitter:site\" content=\"@ticaretedutr\" \/>\n<meta name=\"twitter:label1\" content=\"Tahmini okuma s\u00fcresi\" \/>\n\t<meta name=\"twitter:data1\" content=\"1 dakika\" \/>\n<script type=\"application\/ld+json\" class=\"yoast-schema-graph\">{\"@context\":\"https:\/\/schema.org\",\"@graph\":[{\"@type\":\"WebPage\",\"@id\":\"https:\/\/ticaret.edu.tr\/matematik\/birim-oz-degerlendirme-raporu\/\",\"url\":\"https:\/\/ticaret.edu.tr\/matematik\/birim-oz-degerlendirme-raporu\/\",\"name\":\"Birim \u00d6z De\u011ferlendirme Raporu - Matematik\",\"isPartOf\":{\"@id\":\"https:\/\/ticaret.edu.tr\/matematik\/#website\"},\"datePublished\":\"2025-01-26T17:31:35+00:00\",\"dateModified\":\"2025-10-17T10:18:37+00:00\",\"breadcrumb\":{\"@id\":\"https:\/\/ticaret.edu.tr\/matematik\/birim-oz-degerlendirme-raporu\/#breadcrumb\"},\"inLanguage\":\"tr\",\"potentialAction\":[{\"@type\":\"ReadAction\",\"target\":[\"https:\/\/ticaret.edu.tr\/matematik\/birim-oz-degerlendirme-raporu\/\"]}]},{\"@type\":\"BreadcrumbList\",\"@id\":\"https:\/\/ticaret.edu.tr\/matematik\/birim-oz-degerlendirme-raporu\/#breadcrumb\",\"itemListElement\":[{\"@type\":\"ListItem\",\"position\":1,\"name\":\"Ana sayfa\",\"item\":\"https:\/\/ticaret.edu.tr\/matematik\/\"},{\"@type\":\"ListItem\",\"position\":2,\"name\":\"Birim \u00d6z De\u011ferlendirme Raporu\"}]},{\"@type\":\"WebSite\",\"@id\":\"https:\/\/ticaret.edu.tr\/matematik\/#website\",\"url\":\"https:\/\/ticaret.edu.tr\/matematik\/\",\"name\":\"Matematik\",\"description\":\"\",\"potentialAction\":[{\"@type\":\"SearchAction\",\"target\":{\"@type\":\"EntryPoint\",\"urlTemplate\":\"https:\/\/ticaret.edu.tr\/matematik\/?s={search_term_string}\"},\"query-input\":\"required name=search_term_string\"}],\"inLanguage\":\"tr\"}]}<\/script>\n<!-- \/ Yoast SEO Premium plugin. -->","yoast_head_json":{"title":"Birim \u00d6z De\u011ferlendirme Raporu - Matematik","robots":{"index":"index","follow":"follow","max-snippet":"max-snippet:-1","max-image-preview":"max-image-preview:large","max-video-preview":"max-video-preview:-1"},"canonical":"https:\/\/ticaret.edu.tr\/matematik\/birim-oz-degerlendirme-raporu\/","og_locale":"tr_TR","og_type":"article","og_title":"Birim \u00d6z De\u011ferlendirme Raporu","og_description":"\u0130stanbul Ticaret \u00dcniversitesi Matematik B\u00f6l\u00fcm\u00fc, kalite g\u00fcvencesi kapsam\u0131nda her y\u0131l d\u00fczenli olarak haz\u0131rlanan \u201cBirim \u00d6zde\u011ferlendirme Raporu\u201d arac\u0131l\u0131\u011f\u0131yla e\u011fitim-\u00f6\u011fretim, ara\u015ft\u0131rma, toplumsal katk\u0131 ve y\u00f6netim s\u00fcre\u00e7lerini b\u00fct\u00fcnc\u00fcl bir yakla\u015f\u0131mla de\u011ferlendirir. Bu rapor, b\u00f6l\u00fcm\u00fcn g\u00fc\u00e7l\u00fc y\u00f6nlerini, geli\u015fime a\u00e7\u0131k alanlar\u0131n\u0131 ve gelecek d\u00f6neme ili\u015fkin iyile\u015ftirme hedeflerini ortaya koyar. Haz\u0131rlanan rapor, \u00fcniversitenin Kalite Komisyonu taraf\u0131ndan belirlenen ilkeler do\u011frultusunda olu\u015fturulmakta ve [&hellip;]","og_url":"https:\/\/ticaret.edu.tr\/matematik\/birim-oz-degerlendirme-raporu\/","og_site_name":"Matematik","article_publisher":"https:\/\/www.facebook.com\/ticaretedutr","article_modified_time":"2025-10-17T10:18:37+00:00","og_image":[{"width":1250,"height":833,"url":"http:\/\/ticaret.edu.tr\/matematik\/wp-content\/uploads\/sites\/29\/2021\/11\/web_logo-01.jpg","type":"image\/jpeg"}],"twitter_card":"summary_large_image","twitter_site":"@ticaretedutr","twitter_misc":{"Tahmini okuma s\u00fcresi":"1 dakika"},"schema":{"@context":"https:\/\/schema.org","@graph":[{"@type":"WebPage","@id":"https:\/\/ticaret.edu.tr\/matematik\/birim-oz-degerlendirme-raporu\/","url":"https:\/\/ticaret.edu.tr\/matematik\/birim-oz-degerlendirme-raporu\/","name":"Birim \u00d6z De\u011ferlendirme Raporu - Matematik","isPartOf":{"@id":"https:\/\/ticaret.edu.tr\/matematik\/#website"},"datePublished":"2025-01-26T17:31:35+00:00","dateModified":"2025-10-17T10:18:37+00:00","breadcrumb":{"@id":"https:\/\/ticaret.edu.tr\/matematik\/birim-oz-degerlendirme-raporu\/#breadcrumb"},"inLanguage":"tr","potentialAction":[{"@type":"ReadAction","target":["https:\/\/ticaret.edu.tr\/matematik\/birim-oz-degerlendirme-raporu\/"]}]},{"@type":"BreadcrumbList","@id":"https:\/\/ticaret.edu.tr\/matematik\/birim-oz-degerlendirme-raporu\/#breadcrumb","itemListElement":[{"@type":"ListItem","position":1,"name":"Ana sayfa","item":"https:\/\/ticaret.edu.tr\/matematik\/"},{"@type":"ListItem","position":2,"name":"Birim \u00d6z De\u011ferlendirme Raporu"}]},{"@type":"WebSite","@id":"https:\/\/ticaret.edu.tr\/matematik\/#website","url":"https:\/\/ticaret.edu.tr\/matematik\/","name":"Matematik","description":"","potentialAction":[{"@type":"SearchAction","target":{"@type":"EntryPoint","urlTemplate":"https:\/\/ticaret.edu.tr\/matematik\/?s={search_term_string}"},"query-input":"required name=search_term_string"}],"inLanguage":"tr"}]}},"lang":"tr","translations":{"en":1245,"tr":1243},"pll_sync_post":[],"_links":{"self":[{"href":"http:\/\/ticaret.edu.tr\/matematik\/wp-json\/wp\/v2\/pages\/1243"}],"collection":[{"href":"http:\/\/ticaret.edu.tr\/matematik\/wp-json\/wp\/v2\/pages"}],"about":[{"href":"http:\/\/ticaret.edu.tr\/matematik\/wp-json\/wp\/v2\/types\/page"}],"author":[{"embeddable":true,"href":"http:\/\/ticaret.edu.tr\/matematik\/wp-json\/wp\/v2\/users\/211"}],"replies":[{"embeddable":true,"href":"http:\/\/ticaret.edu.tr\/matematik\/wp-json\/wp\/v2\/comments?post=1243"}],"version-history":[{"count":3,"href":"http:\/\/ticaret.edu.tr\/matematik\/wp-json\/wp\/v2\/pages\/1243\/revisions"}],"predecessor-version":[{"id":1905,"href":"http:\/\/ticaret.edu.tr\/matematik\/wp-json\/wp\/v2\/pages\/1243\/revisions\/1905"}],"wp:attachment":[{"href":"http:\/\/ticaret.edu.tr\/matematik\/wp-json\/wp\/v2\/media?parent=1243"}],"curies":[{"name":"wp","href":"https:\/\/api.w.org\/{rel}","templated":true}]}}