{"id":1251,"date":"2025-01-26T20:32:47","date_gmt":"2025-01-26T17:32:47","guid":{"rendered":"https:\/\/ticaret.edu.tr\/matematik\/?page_id=1251"},"modified":"2025-12-04T17:17:15","modified_gmt":"2025-12-04T14:17:15","slug":"bolum-danisma-kurulu","status":"publish","type":"page","link":"http:\/\/ticaret.edu.tr\/matematik\/bolum-danisma-kurulu\/","title":{"rendered":"B\u00f6l\u00fcm Dan\u0131\u015fma Kurulu"},"content":{"rendered":"<table class=\" aligncenter\" style=\"height: 1113px\" width=\"544\">\n<tbody>\n<tr>\n<td colspan=\"3\">\n<p style=\"text-align: center\"><strong>Matematik B\u00f6l\u00fcm Dan\u0131\u015fma Kurulu<\/strong><\/p>\n<\/td>\n<\/tr>\n<tr>\n<td><strong>\u00dcye<\/strong><\/td>\n<td><strong>Kurum<\/strong><\/td>\n<td><strong>E-posta<\/strong><\/td>\n<\/tr>\n<tr>\n<td>Prof. Dr. Necip \u015e\u0130M\u015eEK<\/td>\n<td>\u0130stanbul Ticaret \u00dcniversitesi<\/td>\n<td>nsimsek@ticaret.edu.tr<\/td>\n<\/tr>\n<tr>\n<td>Prof. Dr. Abdullah AVEY<\/td>\n<td>\u0130stanbul Ticaret \u00dcniversitesi<\/td>\n<td>aavey@ticaret.edu.tr<\/td>\n<\/tr>\n<tr>\n<td>Do\u00e7. Dr. Abdullah YENER<\/td>\n<td>\u0130stanbul Ticaret \u00dcniversitesi<\/td>\n<td>ayener@ticaret.edu.tr<\/td>\n<\/tr>\n<tr>\n<td>Dr. \u00d6\u011fr. \u00dcyesi G\u00fclistan \u0130SKENDERO\u011eLU<\/td>\n<td>\u0130stanbul Ticaret \u00dcniversitesi<\/td>\n<td>giskenderoglu@ticaret.edu.tr<\/td>\n<\/tr>\n<tr>\n<td>Dr. \u00d6\u011fr. \u00dcyesi Elif NURAY YILDIRIM<\/td>\n<td>\u0130stanbul Ticaret \u00dcniversitesi<\/td>\n<td>enuray@ticaret.edu.tr<\/td>\n<\/tr>\n<tr>\n<td>Dr. \u00d6\u011fr. \u00dcyesi Muhammed Abubakar ISAH<\/td>\n<td>\u0130stanbul Ticaret \u00dcniversitesi<\/td>\n<td>maisah@ticaret.edu.tr<\/td>\n<\/tr>\n<tr>\n<td>Ar\u015f. G\u00f6r. Pelin DURSUN<\/td>\n<td>\u0130stanbul Ticaret \u00dcniversitesi (Kalite El\u00e7isi)<\/td>\n<td>pdursun@ticaret.edu.tr<\/td>\n<\/tr>\n<tr>\n<td>Prof. Dr. Yusuf ZEREN<\/td>\n<td>Y\u0131ld\u0131z Teknik \u00dcniversitesi<\/td>\n<td>yzeren@yildiz.edu.tr<\/td>\n<\/tr>\n<tr>\n<td>Do\u00e7. Dr. Selim BAHADIR<\/td>\n<td>Ankara Y\u0131ld\u0131r\u0131m Beyaz\u0131t \u00dcniversitesi<\/td>\n<td>selim.bahadir@aybu.edu.tr<\/td>\n<\/tr>\n<tr>\n<td>Do\u00e7. Dr. Emrah AYDEM\u0130R<\/td>\n<td>Sakarya \u00dcniversitesi<\/td>\n<td>emrahaydemir@sakarya.edu.tr<\/td>\n<\/tr>\n<tr>\n<td>Do\u00e7. Dr. As\u0131f YOKU\u015e<\/td>\n<td>F\u0131rat \u00dcniversitesi<\/td>\n<td>asfyokus@firat.edu.tr<\/td>\n<\/tr>\n<tr>\n<td>Hasan TUN\u00c7<\/td>\n<td>An E\u011fitim Kurumlar\u0131<br \/>\nAn Yay\u0131nlar\u0131<\/td>\n<td>tunchasanmat@gmail.com<\/td>\n<\/tr>\n<tr>\n<td>Melda AB\u0130K<\/td>\n<td>\u0130stanbul Ticaret \u00dcniversitesi (\u00d6\u011frenci Temsilcisi)<\/td>\n<td>24lmte010@istanbulticaret.edu.tr<\/td>\n<\/tr>\n<tr>\n<td>Melike BAL<\/td>\n<td>\u0130stanbul Ticaret \u00dcniversitesi (Mezun \u00d6\u011frenci)<\/td>\n<td>mbal@ticaret.edu.tr<\/td>\n<\/tr>\n<\/tbody>\n<\/table>\n","protected":false},"excerpt":{"rendered":"<p>Matematik B\u00f6l\u00fcm Dan\u0131\u015fma Kurulu \u00dcye Kurum E-posta Prof. Dr. Necip \u015e\u0130M\u015eEK \u0130stanbul Ticaret \u00dcniversitesi nsimsek@ticaret.edu.tr Prof. Dr. Abdullah AVEY \u0130stanbul Ticaret \u00dcniversitesi aavey@ticaret.edu.tr Do\u00e7. Dr. Abdullah YENER \u0130stanbul Ticaret \u00dcniversitesi ayener@ticaret.edu.tr Dr. \u00d6\u011fr. \u00dcyesi G\u00fclistan \u0130SKENDERO\u011eLU \u0130stanbul Ticaret \u00dcniversitesi giskenderoglu@ticaret.edu.tr Dr. \u00d6\u011fr. \u00dcyesi Elif NURAY YILDIRIM \u0130stanbul Ticaret \u00dcniversitesi enuray@ticaret.edu.tr Dr. \u00d6\u011fr. \u00dcyesi Muhammed Abubakar [&hellip;]<\/p>\n","protected":false},"author":211,"featured_media":0,"parent":0,"menu_order":0,"comment_status":"closed","ping_status":"closed","template":"genel_sayfa.php","meta":{"footnotes":""},"yoast_head":"<!-- This site is optimized with the Yoast SEO Premium plugin v22.1 (Yoast SEO v22.1) - https:\/\/yoast.com\/wordpress\/plugins\/seo\/ -->\n<title>B\u00f6l\u00fcm Dan\u0131\u015fma Kurulu - Matematik<\/title>\n<meta name=\"robots\" content=\"index, follow, max-snippet:-1, max-image-preview:large, max-video-preview:-1\" \/>\n<link rel=\"canonical\" href=\"https:\/\/ticaret.edu.tr\/matematik\/bolum-danisma-kurulu\/\" \/>\n<meta property=\"og:locale\" content=\"tr_TR\" \/>\n<meta property=\"og:type\" content=\"article\" \/>\n<meta property=\"og:title\" content=\"B\u00f6l\u00fcm Dan\u0131\u015fma Kurulu\" \/>\n<meta property=\"og:description\" content=\"Matematik B\u00f6l\u00fcm Dan\u0131\u015fma Kurulu \u00dcye Kurum E-posta Prof. Dr. Necip \u015e\u0130M\u015eEK \u0130stanbul Ticaret \u00dcniversitesi nsimsek@ticaret.edu.tr Prof. Dr. Abdullah AVEY \u0130stanbul Ticaret \u00dcniversitesi aavey@ticaret.edu.tr Do\u00e7. Dr. Abdullah YENER \u0130stanbul Ticaret \u00dcniversitesi ayener@ticaret.edu.tr Dr. \u00d6\u011fr. \u00dcyesi G\u00fclistan \u0130SKENDERO\u011eLU \u0130stanbul Ticaret \u00dcniversitesi giskenderoglu@ticaret.edu.tr Dr. \u00d6\u011fr. \u00dcyesi Elif NURAY YILDIRIM \u0130stanbul Ticaret \u00dcniversitesi enuray@ticaret.edu.tr Dr. \u00d6\u011fr. \u00dcyesi Muhammed Abubakar [&hellip;]\" \/>\n<meta property=\"og:url\" content=\"https:\/\/ticaret.edu.tr\/matematik\/bolum-danisma-kurulu\/\" \/>\n<meta property=\"og:site_name\" content=\"Matematik\" \/>\n<meta property=\"article:publisher\" content=\"https:\/\/www.facebook.com\/ticaretedutr\" \/>\n<meta property=\"article:modified_time\" content=\"2025-12-04T14:17:15+00:00\" \/>\n<meta property=\"og:image\" content=\"http:\/\/ticaret.edu.tr\/matematik\/wp-content\/uploads\/sites\/29\/2021\/11\/web_logo-01.jpg\" \/>\n\t<meta property=\"og:image:width\" content=\"1250\" \/>\n\t<meta property=\"og:image:height\" content=\"833\" \/>\n\t<meta property=\"og:image:type\" content=\"image\/jpeg\" \/>\n<meta name=\"twitter:card\" content=\"summary_large_image\" \/>\n<meta name=\"twitter:site\" content=\"@ticaretedutr\" \/>\n<meta name=\"twitter:label1\" content=\"Tahmini okuma s\u00fcresi\" \/>\n\t<meta name=\"twitter:data1\" content=\"1 dakika\" \/>\n<script type=\"application\/ld+json\" class=\"yoast-schema-graph\">{\"@context\":\"https:\/\/schema.org\",\"@graph\":[{\"@type\":\"WebPage\",\"@id\":\"https:\/\/ticaret.edu.tr\/matematik\/bolum-danisma-kurulu\/\",\"url\":\"https:\/\/ticaret.edu.tr\/matematik\/bolum-danisma-kurulu\/\",\"name\":\"B\u00f6l\u00fcm Dan\u0131\u015fma Kurulu - Matematik\",\"isPartOf\":{\"@id\":\"https:\/\/ticaret.edu.tr\/matematik\/#website\"},\"datePublished\":\"2025-01-26T17:32:47+00:00\",\"dateModified\":\"2025-12-04T14:17:15+00:00\",\"breadcrumb\":{\"@id\":\"https:\/\/ticaret.edu.tr\/matematik\/bolum-danisma-kurulu\/#breadcrumb\"},\"inLanguage\":\"tr\",\"potentialAction\":[{\"@type\":\"ReadAction\",\"target\":[\"https:\/\/ticaret.edu.tr\/matematik\/bolum-danisma-kurulu\/\"]}]},{\"@type\":\"BreadcrumbList\",\"@id\":\"https:\/\/ticaret.edu.tr\/matematik\/bolum-danisma-kurulu\/#breadcrumb\",\"itemListElement\":[{\"@type\":\"ListItem\",\"position\":1,\"name\":\"Ana sayfa\",\"item\":\"https:\/\/ticaret.edu.tr\/matematik\/\"},{\"@type\":\"ListItem\",\"position\":2,\"name\":\"B\u00f6l\u00fcm Dan\u0131\u015fma Kurulu\"}]},{\"@type\":\"WebSite\",\"@id\":\"https:\/\/ticaret.edu.tr\/matematik\/#website\",\"url\":\"https:\/\/ticaret.edu.tr\/matematik\/\",\"name\":\"Matematik\",\"description\":\"\",\"potentialAction\":[{\"@type\":\"SearchAction\",\"target\":{\"@type\":\"EntryPoint\",\"urlTemplate\":\"https:\/\/ticaret.edu.tr\/matematik\/?s={search_term_string}\"},\"query-input\":\"required name=search_term_string\"}],\"inLanguage\":\"tr\"}]}<\/script>\n<!-- \/ Yoast SEO Premium plugin. -->","yoast_head_json":{"title":"B\u00f6l\u00fcm Dan\u0131\u015fma Kurulu - Matematik","robots":{"index":"index","follow":"follow","max-snippet":"max-snippet:-1","max-image-preview":"max-image-preview:large","max-video-preview":"max-video-preview:-1"},"canonical":"https:\/\/ticaret.edu.tr\/matematik\/bolum-danisma-kurulu\/","og_locale":"tr_TR","og_type":"article","og_title":"B\u00f6l\u00fcm Dan\u0131\u015fma Kurulu","og_description":"Matematik B\u00f6l\u00fcm Dan\u0131\u015fma Kurulu \u00dcye Kurum E-posta Prof. Dr. Necip \u015e\u0130M\u015eEK \u0130stanbul Ticaret \u00dcniversitesi nsimsek@ticaret.edu.tr Prof. Dr. Abdullah AVEY \u0130stanbul Ticaret \u00dcniversitesi aavey@ticaret.edu.tr Do\u00e7. Dr. Abdullah YENER \u0130stanbul Ticaret \u00dcniversitesi ayener@ticaret.edu.tr Dr. \u00d6\u011fr. \u00dcyesi G\u00fclistan \u0130SKENDERO\u011eLU \u0130stanbul Ticaret \u00dcniversitesi giskenderoglu@ticaret.edu.tr Dr. \u00d6\u011fr. \u00dcyesi Elif NURAY YILDIRIM \u0130stanbul Ticaret \u00dcniversitesi enuray@ticaret.edu.tr Dr. \u00d6\u011fr. \u00dcyesi Muhammed Abubakar [&hellip;]","og_url":"https:\/\/ticaret.edu.tr\/matematik\/bolum-danisma-kurulu\/","og_site_name":"Matematik","article_publisher":"https:\/\/www.facebook.com\/ticaretedutr","article_modified_time":"2025-12-04T14:17:15+00:00","og_image":[{"width":1250,"height":833,"url":"http:\/\/ticaret.edu.tr\/matematik\/wp-content\/uploads\/sites\/29\/2021\/11\/web_logo-01.jpg","type":"image\/jpeg"}],"twitter_card":"summary_large_image","twitter_site":"@ticaretedutr","twitter_misc":{"Tahmini okuma s\u00fcresi":"1 dakika"},"schema":{"@context":"https:\/\/schema.org","@graph":[{"@type":"WebPage","@id":"https:\/\/ticaret.edu.tr\/matematik\/bolum-danisma-kurulu\/","url":"https:\/\/ticaret.edu.tr\/matematik\/bolum-danisma-kurulu\/","name":"B\u00f6l\u00fcm Dan\u0131\u015fma Kurulu - Matematik","isPartOf":{"@id":"https:\/\/ticaret.edu.tr\/matematik\/#website"},"datePublished":"2025-01-26T17:32:47+00:00","dateModified":"2025-12-04T14:17:15+00:00","breadcrumb":{"@id":"https:\/\/ticaret.edu.tr\/matematik\/bolum-danisma-kurulu\/#breadcrumb"},"inLanguage":"tr","potentialAction":[{"@type":"ReadAction","target":["https:\/\/ticaret.edu.tr\/matematik\/bolum-danisma-kurulu\/"]}]},{"@type":"BreadcrumbList","@id":"https:\/\/ticaret.edu.tr\/matematik\/bolum-danisma-kurulu\/#breadcrumb","itemListElement":[{"@type":"ListItem","position":1,"name":"Ana sayfa","item":"https:\/\/ticaret.edu.tr\/matematik\/"},{"@type":"ListItem","position":2,"name":"B\u00f6l\u00fcm Dan\u0131\u015fma Kurulu"}]},{"@type":"WebSite","@id":"https:\/\/ticaret.edu.tr\/matematik\/#website","url":"https:\/\/ticaret.edu.tr\/matematik\/","name":"Matematik","description":"","potentialAction":[{"@type":"SearchAction","target":{"@type":"EntryPoint","urlTemplate":"https:\/\/ticaret.edu.tr\/matematik\/?s={search_term_string}"},"query-input":"required name=search_term_string"}],"inLanguage":"tr"}]}},"lang":"tr","translations":{"en":1253,"tr":1251},"pll_sync_post":[],"_links":{"self":[{"href":"http:\/\/ticaret.edu.tr\/matematik\/wp-json\/wp\/v2\/pages\/1251"}],"collection":[{"href":"http:\/\/ticaret.edu.tr\/matematik\/wp-json\/wp\/v2\/pages"}],"about":[{"href":"http:\/\/ticaret.edu.tr\/matematik\/wp-json\/wp\/v2\/types\/page"}],"author":[{"embeddable":true,"href":"http:\/\/ticaret.edu.tr\/matematik\/wp-json\/wp\/v2\/users\/211"}],"replies":[{"embeddable":true,"href":"http:\/\/ticaret.edu.tr\/matematik\/wp-json\/wp\/v2\/comments?post=1251"}],"version-history":[{"count":14,"href":"http:\/\/ticaret.edu.tr\/matematik\/wp-json\/wp\/v2\/pages\/1251\/revisions"}],"predecessor-version":[{"id":1959,"href":"http:\/\/ticaret.edu.tr\/matematik\/wp-json\/wp\/v2\/pages\/1251\/revisions\/1959"}],"wp:attachment":[{"href":"http:\/\/ticaret.edu.tr\/matematik\/wp-json\/wp\/v2\/media?parent=1251"}],"curies":[{"name":"wp","href":"https:\/\/api.w.org\/{rel}","templated":true}]}}