{"id":1253,"date":"2025-01-26T20:33:00","date_gmt":"2025-01-26T17:33:00","guid":{"rendered":"https:\/\/ticaret.edu.tr\/matematik\/?page_id=1253"},"modified":"2025-12-23T13:54:30","modified_gmt":"2025-12-23T10:54:30","slug":"departments-advisory-board","status":"publish","type":"page","link":"http:\/\/ticaret.edu.tr\/matematik\/en\/departments-advisory-board\/","title":{"rendered":"Department&#8217;s Advisory Board"},"content":{"rendered":"<table>\n<thead>\n<tr>\n<th>Member<\/th>\n<th>Institution<\/th>\n<th>E-mail<\/th>\n<\/tr>\n<\/thead>\n<tbody>\n<tr>\n<td>Prof. Dr. Necip \u015e\u0130M\u015eEK<\/td>\n<td>Istanbul Commerce University<\/td>\n<td><a href=\"mailto:nsimsek@ticaret.edu.tr\">nsimsek@ticaret.edu.tr<\/a><\/td>\n<\/tr>\n<tr>\n<td>Prof. Dr. Abdullah AVEY<\/td>\n<td>Istanbul Commerce University<\/td>\n<td><a href=\"mailto:aavey@ticaret.edu.tr\">aavey@ticaret.edu.tr<\/a><\/td>\n<\/tr>\n<tr>\n<td>Assoc. Prof. Dr. Abdullah YENER<\/td>\n<td>Istanbul Commerce University<\/td>\n<td><a href=\"mailto:ayener@ticaret.edu.tr\">ayener@ticaret.edu.tr<\/a><\/td>\n<\/tr>\n<tr>\n<td>Assist. Prof. Dr. G\u00fclistan \u0130SKENDERO\u011eLU<\/td>\n<td>Istanbul Commerce University<\/td>\n<td><a href=\"mailto:giskenderoglu@ticaret.edu.tr\">giskenderoglu@ticaret.edu.tr<\/a><\/td>\n<\/tr>\n<tr>\n<td>Assist. Prof. Dr. Elif NURAY YILDIRIM<\/td>\n<td>Istanbul Commerce University<\/td>\n<td><a href=\"mailto:enuray@ticaret.edu.tr\">enuray@ticaret.edu.tr<\/a><\/td>\n<\/tr>\n<tr>\n<td>Assist. Prof. Dr. Muhammad Abubakar ISAH<\/td>\n<td>Istanbul Commerce University<\/td>\n<td><a href=\"mailto:maisah@ticaret.edu.tr\">maisah@ticaret.edu.tr<\/a><\/td>\n<\/tr>\n<tr>\n<td>Res. Assist. Pelin DURSUN<\/td>\n<td>Istanbul Commerce University (Quality Ambassador)<\/td>\n<td><a href=\"mailto:pdursun@ticaret.edu.tr\">pdursun@ticaret.edu.tr<\/a><\/td>\n<\/tr>\n<tr>\n<td>Prof. Dr. Yusuf ZEREN<\/td>\n<td>Y\u0131ld\u0131z Technical University<\/td>\n<td><a href=\"mailto:yzeren@yildiz.edu.tr\">yzeren@yildiz.edu.tr<\/a><\/td>\n<\/tr>\n<tr>\n<td>Assoc. Prof. Dr. Selim BAHADIR<\/td>\n<td>Ankara Y\u0131ld\u0131r\u0131m Beyaz\u0131t University<\/td>\n<td><a href=\"mailto:selim.bahadir@aybu.edu.tr\">selim.bahadir@aybu.edu.tr<\/a><\/td>\n<\/tr>\n<tr>\n<td>Assoc. Prof. Dr. Emrah AYDEM\u0130R<\/td>\n<td>Sakarya University<\/td>\n<td><a href=\"mailto:emrahaydemir@sakarya.edu.tr\">emrahaydemir@sakarya.edu.tr<\/a><\/td>\n<\/tr>\n<tr>\n<td>Assoc. Prof. Dr. As\u0131f YOKU\u015e<\/td>\n<td>F\u0131rat University<\/td>\n<td><a href=\"mailto:asfyokus@firat.edu.tr\">asfyokus@firat.edu.tr<\/a><\/td>\n<\/tr>\n<tr>\n<td>Hasan TUN\u00c7<\/td>\n<td>An Education Institutions \/ An Publishing<\/td>\n<td><a href=\"mailto:tunchasanmat@gmail.com\">tunchasanmat@gmail.com<\/a><\/td>\n<\/tr>\n<tr>\n<td>Melda AB\u0130K<\/td>\n<td>Istanbul Commerce University (Student Representative)<\/td>\n<td><a href=\"mailto:24lmte010@istanbulticaret.edu.tr\">24lmte010@istanbulticaret.edu.tr<\/a><\/td>\n<\/tr>\n<tr>\n<td>Melike BAL<\/td>\n<td>Istanbul Commerce University (Alumni Representative)<\/td>\n<td><a href=\"mailto:mbal@ticaret.edu.tr\">mbal@ticaret.edu.tr<\/a><\/td>\n<\/tr>\n<\/tbody>\n<\/table>\n","protected":false},"excerpt":{"rendered":"<p>Member Institution E-mail Prof. Dr. Necip \u015e\u0130M\u015eEK Istanbul Commerce University nsimsek@ticaret.edu.tr Prof. Dr. Abdullah AVEY Istanbul Commerce University aavey@ticaret.edu.tr Assoc. Prof. Dr. Abdullah YENER Istanbul Commerce University ayener@ticaret.edu.tr Assist. Prof. Dr. G\u00fclistan \u0130SKENDERO\u011eLU Istanbul Commerce University giskenderoglu@ticaret.edu.tr Assist. Prof. Dr. Elif NURAY YILDIRIM Istanbul Commerce University enuray@ticaret.edu.tr Assist. Prof. Dr. Muhammad Abubakar ISAH Istanbul Commerce [&hellip;]<\/p>\n","protected":false},"author":211,"featured_media":0,"parent":0,"menu_order":0,"comment_status":"closed","ping_status":"closed","template":"genel_sayfa.php","meta":{"footnotes":""},"yoast_head":"<!-- This site is optimized with the Yoast SEO Premium plugin v22.1 (Yoast SEO v22.1) - https:\/\/yoast.com\/wordpress\/plugins\/seo\/ -->\n<title>Department&#039;s Advisory Board - Matematik<\/title>\n<meta name=\"robots\" content=\"index, follow, max-snippet:-1, max-image-preview:large, max-video-preview:-1\" \/>\n<link rel=\"canonical\" href=\"https:\/\/ticaret.edu.tr\/matematik\/en\/departments-advisory-board\/\" \/>\n<meta property=\"og:locale\" content=\"tr_TR\" \/>\n<meta property=\"og:type\" content=\"article\" \/>\n<meta property=\"og:title\" content=\"Department&#039;s Advisory Board\" \/>\n<meta property=\"og:description\" content=\"Member Institution E-mail Prof. Dr. Necip \u015e\u0130M\u015eEK Istanbul Commerce University nsimsek@ticaret.edu.tr Prof. Dr. Abdullah AVEY Istanbul Commerce University aavey@ticaret.edu.tr Assoc. Prof. Dr. Abdullah YENER Istanbul Commerce University ayener@ticaret.edu.tr Assist. Prof. Dr. G\u00fclistan \u0130SKENDERO\u011eLU Istanbul Commerce University giskenderoglu@ticaret.edu.tr Assist. Prof. Dr. Elif NURAY YILDIRIM Istanbul Commerce University enuray@ticaret.edu.tr Assist. Prof. Dr. Muhammad Abubakar ISAH Istanbul Commerce [&hellip;]\" \/>\n<meta property=\"og:url\" content=\"https:\/\/ticaret.edu.tr\/matematik\/en\/departments-advisory-board\/\" \/>\n<meta property=\"og:site_name\" content=\"Matematik\" \/>\n<meta property=\"article:publisher\" content=\"https:\/\/www.facebook.com\/ticaretedutr\" \/>\n<meta property=\"article:modified_time\" content=\"2025-12-23T10:54:30+00:00\" \/>\n<meta property=\"og:image\" content=\"http:\/\/ticaret.edu.tr\/matematik\/wp-content\/uploads\/sites\/29\/2021\/11\/web_logo-01.jpg\" \/>\n\t<meta property=\"og:image:width\" content=\"1250\" \/>\n\t<meta property=\"og:image:height\" content=\"833\" \/>\n\t<meta property=\"og:image:type\" content=\"image\/jpeg\" \/>\n<meta name=\"twitter:card\" content=\"summary_large_image\" \/>\n<meta name=\"twitter:site\" content=\"@ticaretedutr\" \/>\n<meta name=\"twitter:label1\" content=\"Tahmini okuma s\u00fcresi\" \/>\n\t<meta name=\"twitter:data1\" content=\"1 dakika\" \/>\n<script type=\"application\/ld+json\" class=\"yoast-schema-graph\">{\"@context\":\"https:\/\/schema.org\",\"@graph\":[{\"@type\":\"WebPage\",\"@id\":\"https:\/\/ticaret.edu.tr\/matematik\/en\/departments-advisory-board\/\",\"url\":\"https:\/\/ticaret.edu.tr\/matematik\/en\/departments-advisory-board\/\",\"name\":\"Department's Advisory Board - Matematik\",\"isPartOf\":{\"@id\":\"https:\/\/ticaret.edu.tr\/matematik\/#website\"},\"datePublished\":\"2025-01-26T17:33:00+00:00\",\"dateModified\":\"2025-12-23T10:54:30+00:00\",\"breadcrumb\":{\"@id\":\"https:\/\/ticaret.edu.tr\/matematik\/en\/departments-advisory-board\/#breadcrumb\"},\"inLanguage\":\"tr\",\"potentialAction\":[{\"@type\":\"ReadAction\",\"target\":[\"https:\/\/ticaret.edu.tr\/matematik\/en\/departments-advisory-board\/\"]}]},{\"@type\":\"BreadcrumbList\",\"@id\":\"https:\/\/ticaret.edu.tr\/matematik\/en\/departments-advisory-board\/#breadcrumb\",\"itemListElement\":[{\"@type\":\"ListItem\",\"position\":1,\"name\":\"Ana sayfa\",\"item\":\"https:\/\/ticaret.edu.tr\/matematik\/\"},{\"@type\":\"ListItem\",\"position\":2,\"name\":\"Department&#8217;s Advisory Board\"}]},{\"@type\":\"WebSite\",\"@id\":\"https:\/\/ticaret.edu.tr\/matematik\/#website\",\"url\":\"https:\/\/ticaret.edu.tr\/matematik\/\",\"name\":\"Matematik\",\"description\":\"\",\"potentialAction\":[{\"@type\":\"SearchAction\",\"target\":{\"@type\":\"EntryPoint\",\"urlTemplate\":\"https:\/\/ticaret.edu.tr\/matematik\/?s={search_term_string}\"},\"query-input\":\"required name=search_term_string\"}],\"inLanguage\":\"tr\"}]}<\/script>\n<!-- \/ Yoast SEO Premium plugin. -->","yoast_head_json":{"title":"Department's Advisory Board - Matematik","robots":{"index":"index","follow":"follow","max-snippet":"max-snippet:-1","max-image-preview":"max-image-preview:large","max-video-preview":"max-video-preview:-1"},"canonical":"https:\/\/ticaret.edu.tr\/matematik\/en\/departments-advisory-board\/","og_locale":"tr_TR","og_type":"article","og_title":"Department's Advisory Board","og_description":"Member Institution E-mail Prof. Dr. Necip \u015e\u0130M\u015eEK Istanbul Commerce University nsimsek@ticaret.edu.tr Prof. Dr. Abdullah AVEY Istanbul Commerce University aavey@ticaret.edu.tr Assoc. Prof. Dr. Abdullah YENER Istanbul Commerce University ayener@ticaret.edu.tr Assist. Prof. Dr. G\u00fclistan \u0130SKENDERO\u011eLU Istanbul Commerce University giskenderoglu@ticaret.edu.tr Assist. Prof. Dr. Elif NURAY YILDIRIM Istanbul Commerce University enuray@ticaret.edu.tr Assist. Prof. Dr. Muhammad Abubakar ISAH Istanbul Commerce [&hellip;]","og_url":"https:\/\/ticaret.edu.tr\/matematik\/en\/departments-advisory-board\/","og_site_name":"Matematik","article_publisher":"https:\/\/www.facebook.com\/ticaretedutr","article_modified_time":"2025-12-23T10:54:30+00:00","og_image":[{"width":1250,"height":833,"url":"http:\/\/ticaret.edu.tr\/matematik\/wp-content\/uploads\/sites\/29\/2021\/11\/web_logo-01.jpg","type":"image\/jpeg"}],"twitter_card":"summary_large_image","twitter_site":"@ticaretedutr","twitter_misc":{"Tahmini okuma s\u00fcresi":"1 dakika"},"schema":{"@context":"https:\/\/schema.org","@graph":[{"@type":"WebPage","@id":"https:\/\/ticaret.edu.tr\/matematik\/en\/departments-advisory-board\/","url":"https:\/\/ticaret.edu.tr\/matematik\/en\/departments-advisory-board\/","name":"Department's Advisory Board - Matematik","isPartOf":{"@id":"https:\/\/ticaret.edu.tr\/matematik\/#website"},"datePublished":"2025-01-26T17:33:00+00:00","dateModified":"2025-12-23T10:54:30+00:00","breadcrumb":{"@id":"https:\/\/ticaret.edu.tr\/matematik\/en\/departments-advisory-board\/#breadcrumb"},"inLanguage":"tr","potentialAction":[{"@type":"ReadAction","target":["https:\/\/ticaret.edu.tr\/matematik\/en\/departments-advisory-board\/"]}]},{"@type":"BreadcrumbList","@id":"https:\/\/ticaret.edu.tr\/matematik\/en\/departments-advisory-board\/#breadcrumb","itemListElement":[{"@type":"ListItem","position":1,"name":"Ana sayfa","item":"https:\/\/ticaret.edu.tr\/matematik\/"},{"@type":"ListItem","position":2,"name":"Department&#8217;s Advisory Board"}]},{"@type":"WebSite","@id":"https:\/\/ticaret.edu.tr\/matematik\/#website","url":"https:\/\/ticaret.edu.tr\/matematik\/","name":"Matematik","description":"","potentialAction":[{"@type":"SearchAction","target":{"@type":"EntryPoint","urlTemplate":"https:\/\/ticaret.edu.tr\/matematik\/?s={search_term_string}"},"query-input":"required name=search_term_string"}],"inLanguage":"tr"}]}},"lang":"en","translations":{"en":1253,"tr":1251},"pll_sync_post":[],"_links":{"self":[{"href":"http:\/\/ticaret.edu.tr\/matematik\/wp-json\/wp\/v2\/pages\/1253"}],"collection":[{"href":"http:\/\/ticaret.edu.tr\/matematik\/wp-json\/wp\/v2\/pages"}],"about":[{"href":"http:\/\/ticaret.edu.tr\/matematik\/wp-json\/wp\/v2\/types\/page"}],"author":[{"embeddable":true,"href":"http:\/\/ticaret.edu.tr\/matematik\/wp-json\/wp\/v2\/users\/211"}],"replies":[{"embeddable":true,"href":"http:\/\/ticaret.edu.tr\/matematik\/wp-json\/wp\/v2\/comments?post=1253"}],"version-history":[{"count":3,"href":"http:\/\/ticaret.edu.tr\/matematik\/wp-json\/wp\/v2\/pages\/1253\/revisions"}],"predecessor-version":[{"id":2047,"href":"http:\/\/ticaret.edu.tr\/matematik\/wp-json\/wp\/v2\/pages\/1253\/revisions\/2047"}],"wp:attachment":[{"href":"http:\/\/ticaret.edu.tr\/matematik\/wp-json\/wp\/v2\/media?parent=1253"}],"curies":[{"name":"wp","href":"https:\/\/api.w.org\/{rel}","templated":true}]}}