{"id":1255,"date":"2025-01-26T20:33:29","date_gmt":"2025-01-26T17:33:29","guid":{"rendered":"https:\/\/ticaret.edu.tr\/matematik\/?page_id=1255"},"modified":"2025-12-08T08:18:24","modified_gmt":"2025-12-08T05:18:24","slug":"iletisim-ve-ulasim","status":"publish","type":"page","link":"http:\/\/ticaret.edu.tr\/matematik\/iletisim-ve-ulasim\/","title":{"rendered":"\u0130leti\u015fim ve Ula\u015f\u0131m"},"content":{"rendered":"<p><strong>S\u00e2d\u00e2b\u00e2d Kamp\u00fcs\u00fc S\u00fctl\u00fcce<\/strong><\/p>\n<p>\u0130stanbul Ticaret \u00dcniversitesi<br \/>\n\u0130nsan ve Toplum Bilimleri Fak\u00fcltesi<br \/>\nMatematik B\u00f6l\u00fcm\u00fc<\/p>\n<p><strong>Adres<\/strong> : \u00d6rnektepe Mah. \u0130mrahor Cad. No: 88\/2, Beyo\u011flu 34445 \/ \u0130stanbul<\/p>\n<p><strong>E-posta:<\/strong> matematik@ticaret.edu.tr<\/p>\n<p><strong>Telefon:<\/strong> 444 0 413-4639<\/p>\n<p><strong>Ofis:<\/strong> A Blok, 3. Kat, Oda No: A311<\/p>\n<p><strong>Harita :<\/strong><a href=\"https:\/\/www.google.com\/maps\/place\/41%C2%B003'29.4%22N+28%C2%B057'04.1%22E\/@41.058159,28.9489533,678m\/data=!3m2!1e3!4b1!4m5!3m4!1s0x0:0x0!8m2!3d41.058159!4d28.951142\">\u00a0S\u00fctl\u00fcce Yerle\u015fkesi Harita bilgisi i\u00e7in\u00a0<strong>t\u0131klay\u0131n\u0131z!<\/strong>\u00a0[Google]<\/a><br \/>\n<a href=\"https:\/\/sehirharitasi.ibb.gov.tr\/\">Harita bilgisi i\u00e7in\u00a0<strong>t\u0131klay\u0131n\u0131z!<\/strong>\u00a0[\u0130stanbul B\u00fcy\u00fck\u015fehir Belediyesi]<\/a><\/p>\n<hr \/>\n<p style=\"text-align: left\"><strong>Matematik B\u00f6l\u00fcm\u00fc \u00d6\u011fretim Elemanlar\u0131 \u0130leti\u015fim Bilgileri<\/strong><\/p>\n<div style=\"width: 100%\">\n<table style=\"width: 100%;border-collapse: collapse;min-width: 600px\">\n<thead>\n<tr style=\"background-color: #f5f5f5\">\n<th style=\"text-align: left;padding: 10px;border: 1px solid #ccc\">Ad\u0131 ve Soyad\u0131<\/th>\n<th style=\"text-align: left;padding: 10px;border: 1px solid #ccc\">Mail Adresi<\/th>\n<th style=\"text-align: left;padding: 10px;border: 1px solid #ccc\">Oda No<\/th>\n<th style=\"text-align: left;padding: 10px;border: 1px solid #ccc\">Dahili Telefon<\/th>\n<\/tr>\n<\/thead>\n<tbody>\n<tr>\n<td style=\"padding: 10px;border: 1px solid #ccc\">Prof. Dr. Abdullah AVEY<\/td>\n<td style=\"padding: 10px;border: 1px solid #ccc\">aavey@ticaret.edu.tr<\/td>\n<td style=\"padding: 10px;border: 1px solid #ccc\">A-312<\/td>\n<td style=\"padding: 10px;border: 1px solid #ccc\">4142<\/td>\n<\/tr>\n<tr>\n<td style=\"padding: 10px;border: 1px solid #ccc\">Prof. Dr. Necip \u015e\u0130M\u015eEK<\/td>\n<td style=\"padding: 10px;border: 1px solid #ccc\">nsimsek@ticaret.edu.tr<\/td>\n<td style=\"padding: 10px;border: 1px solid #ccc\">C-309<\/td>\n<td style=\"padding: 10px;border: 1px solid #ccc\">4638<\/td>\n<\/tr>\n<tr>\n<td style=\"padding: 10px;border: 1px solid #ccc\">Do\u00e7. Dr. Abdullah YENER<\/td>\n<td style=\"padding: 10px;border: 1px solid #ccc\">ayener@ticaret.edu.tr<\/td>\n<td style=\"padding: 10px;border: 1px solid #ccc\">A-311<\/td>\n<td style=\"padding: 10px;border: 1px solid #ccc\">4639<\/td>\n<\/tr>\n<tr>\n<td style=\"padding: 10px;border: 1px solid #ccc\">Dr. \u00d6\u011fr. \u00dcyesi Elif NURAY YILDIRIM<\/td>\n<td style=\"padding: 10px;border: 1px solid #ccc\">enuray@ticaret.edu.tr<\/td>\n<td style=\"padding: 10px;border: 1px solid #ccc\">A-309<\/td>\n<td style=\"padding: 10px;border: 1px solid #ccc\">4627<\/td>\n<\/tr>\n<tr>\n<td style=\"padding: 10px;border: 1px solid #ccc\">Dr. \u00d6\u011fr. \u00dcyesi G\u00fclistan \u0130SKENDERO\u011eLU<\/td>\n<td style=\"padding: 10px;border: 1px solid #ccc\">giskenderoglu@ticaret.edu.tr<\/td>\n<td style=\"padding: 10px;border: 1px solid #ccc\">A-307<\/td>\n<td style=\"padding: 10px;border: 1px solid #ccc\">4637<\/td>\n<\/tr>\n<tr>\n<td style=\"padding: 10px;border: 1px solid #ccc\">Dr. \u00d6\u011fr. \u00dcyesi Muhammad Abubakar ISAH<\/td>\n<td style=\"padding: 10px;border: 1px solid #ccc\">maIsah@ticaret.edu.tr<\/td>\n<td style=\"padding: 10px;border: 1px solid #ccc\">A-307<\/td>\n<td style=\"padding: 10px;border: 1px solid #ccc\">4640<\/td>\n<\/tr>\n<tr>\n<td style=\"padding: 10px;border: 1px solid #ccc\">Ar\u015f. G\u00f6r. Pelin DURSUN<\/td>\n<td style=\"padding: 10px;border: 1px solid #ccc\">pdursun@ticaret.edu.tr<\/td>\n<td style=\"padding: 10px;border: 1px solid #ccc\">B-113<\/td>\n<td style=\"padding: 10px;border: 1px solid #ccc\">4632<\/td>\n<\/tr>\n<tr>\n<td style=\"padding: 10px;border: 1px solid #ccc\">Ar\u015f. G\u00f6r. Ramazan PEHL\u0130VAN<\/td>\n<td style=\"padding: 10px;border: 1px solid #ccc\">rpehlivan@ticaret.edu.tr<\/td>\n<td style=\"padding: 10px;border: 1px solid #ccc\">A-107<\/td>\n<td style=\"padding: 10px;border: 1px solid #ccc\">4381<\/td>\n<\/tr>\n<\/tbody>\n<\/table>\n<\/div>\n<p>&nbsp;<\/p>\n","protected":false},"excerpt":{"rendered":"<p>S\u00e2d\u00e2b\u00e2d Kamp\u00fcs\u00fc S\u00fctl\u00fcce \u0130stanbul Ticaret \u00dcniversitesi \u0130nsan ve Toplum Bilimleri Fak\u00fcltesi Matematik B\u00f6l\u00fcm\u00fc Adres : \u00d6rnektepe Mah. \u0130mrahor Cad. No: 88\/2, Beyo\u011flu 34445 \/ \u0130stanbul E-posta: matematik@ticaret.edu.tr Telefon: 444 0 413-4639 Ofis: A Blok, 3. Kat, Oda No: A311 Harita :\u00a0S\u00fctl\u00fcce Yerle\u015fkesi Harita bilgisi i\u00e7in\u00a0t\u0131klay\u0131n\u0131z!\u00a0[Google] Harita bilgisi i\u00e7in\u00a0t\u0131klay\u0131n\u0131z!\u00a0[\u0130stanbul B\u00fcy\u00fck\u015fehir Belediyesi] Matematik B\u00f6l\u00fcm\u00fc \u00d6\u011fretim Elemanlar\u0131 \u0130leti\u015fim [&hellip;]<\/p>\n","protected":false},"author":211,"featured_media":0,"parent":0,"menu_order":0,"comment_status":"closed","ping_status":"closed","template":"genel_sayfa.php","meta":{"footnotes":""},"yoast_head":"<!-- This site is optimized with the Yoast SEO Premium plugin v22.1 (Yoast SEO v22.1) - https:\/\/yoast.com\/wordpress\/plugins\/seo\/ -->\n<title>\u0130leti\u015fim ve Ula\u015f\u0131m - Matematik<\/title>\n<meta name=\"robots\" content=\"index, follow, max-snippet:-1, max-image-preview:large, max-video-preview:-1\" \/>\n<link rel=\"canonical\" href=\"https:\/\/ticaret.edu.tr\/matematik\/iletisim-ve-ulasim\/\" \/>\n<meta property=\"og:locale\" content=\"tr_TR\" \/>\n<meta property=\"og:type\" content=\"article\" \/>\n<meta property=\"og:title\" content=\"\u0130leti\u015fim ve Ula\u015f\u0131m\" \/>\n<meta property=\"og:description\" content=\"S\u00e2d\u00e2b\u00e2d Kamp\u00fcs\u00fc S\u00fctl\u00fcce \u0130stanbul Ticaret \u00dcniversitesi \u0130nsan ve Toplum Bilimleri Fak\u00fcltesi Matematik B\u00f6l\u00fcm\u00fc Adres : \u00d6rnektepe Mah. \u0130mrahor Cad. No: 88\/2, Beyo\u011flu 34445 \/ \u0130stanbul E-posta: matematik@ticaret.edu.tr Telefon: 444 0 413-4639 Ofis: A Blok, 3. Kat, Oda No: A311 Harita :\u00a0S\u00fctl\u00fcce Yerle\u015fkesi Harita bilgisi i\u00e7in\u00a0t\u0131klay\u0131n\u0131z!\u00a0[Google] Harita bilgisi i\u00e7in\u00a0t\u0131klay\u0131n\u0131z!\u00a0[\u0130stanbul B\u00fcy\u00fck\u015fehir Belediyesi] Matematik B\u00f6l\u00fcm\u00fc \u00d6\u011fretim Elemanlar\u0131 \u0130leti\u015fim [&hellip;]\" \/>\n<meta property=\"og:url\" content=\"https:\/\/ticaret.edu.tr\/matematik\/iletisim-ve-ulasim\/\" \/>\n<meta property=\"og:site_name\" content=\"Matematik\" \/>\n<meta property=\"article:publisher\" content=\"https:\/\/www.facebook.com\/ticaretedutr\" \/>\n<meta property=\"article:modified_time\" content=\"2025-12-08T05:18:24+00:00\" \/>\n<meta property=\"og:image\" content=\"http:\/\/ticaret.edu.tr\/matematik\/wp-content\/uploads\/sites\/29\/2021\/11\/web_logo-01.jpg\" \/>\n\t<meta property=\"og:image:width\" content=\"1250\" \/>\n\t<meta property=\"og:image:height\" content=\"833\" \/>\n\t<meta property=\"og:image:type\" content=\"image\/jpeg\" \/>\n<meta name=\"twitter:card\" content=\"summary_large_image\" \/>\n<meta name=\"twitter:site\" content=\"@ticaretedutr\" \/>\n<meta name=\"twitter:label1\" content=\"Tahmini okuma s\u00fcresi\" \/>\n\t<meta name=\"twitter:data1\" content=\"1 dakika\" \/>\n<script type=\"application\/ld+json\" class=\"yoast-schema-graph\">{\"@context\":\"https:\/\/schema.org\",\"@graph\":[{\"@type\":\"WebPage\",\"@id\":\"https:\/\/ticaret.edu.tr\/matematik\/iletisim-ve-ulasim\/\",\"url\":\"https:\/\/ticaret.edu.tr\/matematik\/iletisim-ve-ulasim\/\",\"name\":\"\u0130leti\u015fim ve Ula\u015f\u0131m - Matematik\",\"isPartOf\":{\"@id\":\"https:\/\/ticaret.edu.tr\/matematik\/#website\"},\"datePublished\":\"2025-01-26T17:33:29+00:00\",\"dateModified\":\"2025-12-08T05:18:24+00:00\",\"breadcrumb\":{\"@id\":\"https:\/\/ticaret.edu.tr\/matematik\/iletisim-ve-ulasim\/#breadcrumb\"},\"inLanguage\":\"tr\",\"potentialAction\":[{\"@type\":\"ReadAction\",\"target\":[\"https:\/\/ticaret.edu.tr\/matematik\/iletisim-ve-ulasim\/\"]}]},{\"@type\":\"BreadcrumbList\",\"@id\":\"https:\/\/ticaret.edu.tr\/matematik\/iletisim-ve-ulasim\/#breadcrumb\",\"itemListElement\":[{\"@type\":\"ListItem\",\"position\":1,\"name\":\"Ana sayfa\",\"item\":\"https:\/\/ticaret.edu.tr\/matematik\/\"},{\"@type\":\"ListItem\",\"position\":2,\"name\":\"\u0130leti\u015fim ve Ula\u015f\u0131m\"}]},{\"@type\":\"WebSite\",\"@id\":\"https:\/\/ticaret.edu.tr\/matematik\/#website\",\"url\":\"https:\/\/ticaret.edu.tr\/matematik\/\",\"name\":\"Matematik\",\"description\":\"\",\"potentialAction\":[{\"@type\":\"SearchAction\",\"target\":{\"@type\":\"EntryPoint\",\"urlTemplate\":\"https:\/\/ticaret.edu.tr\/matematik\/?s={search_term_string}\"},\"query-input\":\"required name=search_term_string\"}],\"inLanguage\":\"tr\"}]}<\/script>\n<!-- \/ Yoast SEO Premium plugin. -->","yoast_head_json":{"title":"\u0130leti\u015fim ve Ula\u015f\u0131m - Matematik","robots":{"index":"index","follow":"follow","max-snippet":"max-snippet:-1","max-image-preview":"max-image-preview:large","max-video-preview":"max-video-preview:-1"},"canonical":"https:\/\/ticaret.edu.tr\/matematik\/iletisim-ve-ulasim\/","og_locale":"tr_TR","og_type":"article","og_title":"\u0130leti\u015fim ve Ula\u015f\u0131m","og_description":"S\u00e2d\u00e2b\u00e2d Kamp\u00fcs\u00fc S\u00fctl\u00fcce \u0130stanbul Ticaret \u00dcniversitesi \u0130nsan ve Toplum Bilimleri Fak\u00fcltesi Matematik B\u00f6l\u00fcm\u00fc Adres : \u00d6rnektepe Mah. \u0130mrahor Cad. No: 88\/2, Beyo\u011flu 34445 \/ \u0130stanbul E-posta: matematik@ticaret.edu.tr Telefon: 444 0 413-4639 Ofis: A Blok, 3. Kat, Oda No: A311 Harita :\u00a0S\u00fctl\u00fcce Yerle\u015fkesi Harita bilgisi i\u00e7in\u00a0t\u0131klay\u0131n\u0131z!\u00a0[Google] Harita bilgisi i\u00e7in\u00a0t\u0131klay\u0131n\u0131z!\u00a0[\u0130stanbul B\u00fcy\u00fck\u015fehir Belediyesi] Matematik B\u00f6l\u00fcm\u00fc \u00d6\u011fretim Elemanlar\u0131 \u0130leti\u015fim [&hellip;]","og_url":"https:\/\/ticaret.edu.tr\/matematik\/iletisim-ve-ulasim\/","og_site_name":"Matematik","article_publisher":"https:\/\/www.facebook.com\/ticaretedutr","article_modified_time":"2025-12-08T05:18:24+00:00","og_image":[{"width":1250,"height":833,"url":"http:\/\/ticaret.edu.tr\/matematik\/wp-content\/uploads\/sites\/29\/2021\/11\/web_logo-01.jpg","type":"image\/jpeg"}],"twitter_card":"summary_large_image","twitter_site":"@ticaretedutr","twitter_misc":{"Tahmini okuma s\u00fcresi":"1 dakika"},"schema":{"@context":"https:\/\/schema.org","@graph":[{"@type":"WebPage","@id":"https:\/\/ticaret.edu.tr\/matematik\/iletisim-ve-ulasim\/","url":"https:\/\/ticaret.edu.tr\/matematik\/iletisim-ve-ulasim\/","name":"\u0130leti\u015fim ve Ula\u015f\u0131m - Matematik","isPartOf":{"@id":"https:\/\/ticaret.edu.tr\/matematik\/#website"},"datePublished":"2025-01-26T17:33:29+00:00","dateModified":"2025-12-08T05:18:24+00:00","breadcrumb":{"@id":"https:\/\/ticaret.edu.tr\/matematik\/iletisim-ve-ulasim\/#breadcrumb"},"inLanguage":"tr","potentialAction":[{"@type":"ReadAction","target":["https:\/\/ticaret.edu.tr\/matematik\/iletisim-ve-ulasim\/"]}]},{"@type":"BreadcrumbList","@id":"https:\/\/ticaret.edu.tr\/matematik\/iletisim-ve-ulasim\/#breadcrumb","itemListElement":[{"@type":"ListItem","position":1,"name":"Ana sayfa","item":"https:\/\/ticaret.edu.tr\/matematik\/"},{"@type":"ListItem","position":2,"name":"\u0130leti\u015fim ve Ula\u015f\u0131m"}]},{"@type":"WebSite","@id":"https:\/\/ticaret.edu.tr\/matematik\/#website","url":"https:\/\/ticaret.edu.tr\/matematik\/","name":"Matematik","description":"","potentialAction":[{"@type":"SearchAction","target":{"@type":"EntryPoint","urlTemplate":"https:\/\/ticaret.edu.tr\/matematik\/?s={search_term_string}"},"query-input":"required name=search_term_string"}],"inLanguage":"tr"}]}},"lang":"tr","translations":{"en":1257,"tr":1255},"pll_sync_post":[],"_links":{"self":[{"href":"http:\/\/ticaret.edu.tr\/matematik\/wp-json\/wp\/v2\/pages\/1255"}],"collection":[{"href":"http:\/\/ticaret.edu.tr\/matematik\/wp-json\/wp\/v2\/pages"}],"about":[{"href":"http:\/\/ticaret.edu.tr\/matematik\/wp-json\/wp\/v2\/types\/page"}],"author":[{"embeddable":true,"href":"http:\/\/ticaret.edu.tr\/matematik\/wp-json\/wp\/v2\/users\/211"}],"replies":[{"embeddable":true,"href":"http:\/\/ticaret.edu.tr\/matematik\/wp-json\/wp\/v2\/comments?post=1255"}],"version-history":[{"count":28,"href":"http:\/\/ticaret.edu.tr\/matematik\/wp-json\/wp\/v2\/pages\/1255\/revisions"}],"predecessor-version":[{"id":1976,"href":"http:\/\/ticaret.edu.tr\/matematik\/wp-json\/wp\/v2\/pages\/1255\/revisions\/1976"}],"wp:attachment":[{"href":"http:\/\/ticaret.edu.tr\/matematik\/wp-json\/wp\/v2\/media?parent=1255"}],"curies":[{"name":"wp","href":"https:\/\/api.w.org\/{rel}","templated":true}]}}