{"id":1257,"date":"2025-01-26T20:34:01","date_gmt":"2025-01-26T17:34:01","guid":{"rendered":"https:\/\/ticaret.edu.tr\/matematik\/?page_id=1257"},"modified":"2025-12-23T13:52:47","modified_gmt":"2025-12-23T10:52:47","slug":"contact-and-transportation-info","status":"publish","type":"page","link":"http:\/\/ticaret.edu.tr\/matematik\/en\/contact-and-transportation-info\/","title":{"rendered":"Contact and Transportation Info"},"content":{"rendered":"<h2>\ud83d\udccd Department of Mathematics \u2013 Contact Information<\/h2>\n<p><strong>Istanbul Commerce University<\/strong><br \/>\n<strong>Faculty of Humanities and Social Sciences<\/strong><br \/>\n<strong>S\u00e2d\u00e2b\u00e2d Campus (S\u00fctl\u00fcce)<\/strong><\/p>\n<table>\n<thead>\n<tr>\n<th>Information<\/th>\n<th>Details<\/th>\n<\/tr>\n<\/thead>\n<tbody>\n<tr>\n<td>Address<\/td>\n<td>\u00d6rnektepe Mah. \u0130mrahor Cad. No: 88\/2, Beyo\u011flu 34445 \/ Istanbul, T\u00fcrkiye<\/td>\n<\/tr>\n<tr>\n<td>E-mail<\/td>\n<td><a href=\"mailto:matematik@ticaret.edu.tr\">matematik@ticaret.edu.tr<\/a><\/td>\n<\/tr>\n<tr>\n<td>Phone<\/td>\n<td>+90 444 0 413 \u2013 4639<\/td>\n<\/tr>\n<tr>\n<td>Office<\/td>\n<td>Block A, 3rd Floor, Room A311<\/td>\n<\/tr>\n<tr>\n<td>Map<\/td>\n<td>S\u00fctl\u00fcce Campus \u2013 Google Maps \/ Istanbul Metropolitan Municipality<\/td>\n<\/tr>\n<\/tbody>\n<\/table>\n<hr \/>\n<h2>\ud83d\udc69\u200d\ud83c\udfeb Academic Staff Contact Information \u2013 Department of Mathematics<\/h2>\n<table>\n<thead>\n<tr>\n<th>Name<\/th>\n<th>E-mail<\/th>\n<th>Office No<\/th>\n<th>Extension<\/th>\n<\/tr>\n<\/thead>\n<tbody>\n<tr>\n<td>Prof. Dr. Abdullah AVEY<\/td>\n<td><a href=\"mailto:aavey@ticaret.edu.tr\">aavey@ticaret.edu.tr<\/a><\/td>\n<td>A-312<\/td>\n<td>4142<\/td>\n<\/tr>\n<tr>\n<td>Prof. Dr. Necip \u015e\u0130M\u015eEK<\/td>\n<td><a href=\"mailto:nsimsek@ticaret.edu.tr\">nsimsek@ticaret.edu.tr<\/a><\/td>\n<td>C-309<\/td>\n<td>4638<\/td>\n<\/tr>\n<tr>\n<td>Assoc. Prof. Dr. Abdullah YENER<\/td>\n<td><a href=\"mailto:ayener@ticaret.edu.tr\">ayener@ticaret.edu.tr<\/a><\/td>\n<td>A-311<\/td>\n<td>4639<\/td>\n<\/tr>\n<tr>\n<td>Assist. Prof. Dr. Elif NURAY YILDIRIM<\/td>\n<td><a href=\"mailto:enuray@ticaret.edu.tr\">enuray@ticaret.edu.tr<\/a><\/td>\n<td>A-309<\/td>\n<td>4627<\/td>\n<\/tr>\n<tr>\n<td>Assist. Prof. Dr. G\u00fclistan \u0130SKENDERO\u011eLU<\/td>\n<td><a href=\"mailto:giskenderoglu@ticaret.edu.tr\">giskenderoglu@ticaret.edu.tr<\/a><\/td>\n<td>A-307<\/td>\n<td>4637<\/td>\n<\/tr>\n<tr>\n<td>Assist. Prof. Dr. Muhammad Abubakar ISAH<\/td>\n<td><a href=\"mailto:maisah@ticaret.edu.tr\">maisah@ticaret.edu.tr<\/a><\/td>\n<td>A-307<\/td>\n<td>4640<\/td>\n<\/tr>\n<tr>\n<td>Res. Assist. Pelin DURSUN<\/td>\n<td><a href=\"mailto:pdursun@ticaret.edu.tr\">pdursun@ticaret.edu.tr<\/a><\/td>\n<td>B-113<\/td>\n<td>4632<\/td>\n<\/tr>\n<tr>\n<td>Res. Assist. Ramazan PEHL\u0130VAN<\/td>\n<td><a href=\"mailto:rpehlivan@ticaret.edu.tr\">rpehlivan@ticaret.edu.tr<\/a><\/td>\n<td>A-107<\/td>\n<td>4381<\/td>\n<\/tr>\n<\/tbody>\n<\/table>\n<p>&nbsp;<\/p>\n","protected":false},"excerpt":{"rendered":"<p>\ud83d\udccd Department of Mathematics \u2013 Contact Information Istanbul Commerce University Faculty of Humanities and Social Sciences S\u00e2d\u00e2b\u00e2d Campus (S\u00fctl\u00fcce) Information Details Address \u00d6rnektepe Mah. \u0130mrahor Cad. No: 88\/2, Beyo\u011flu 34445 \/ Istanbul, T\u00fcrkiye E-mail matematik@ticaret.edu.tr Phone +90 444 0 413 \u2013 4639 Office Block A, 3rd Floor, Room A311 Map S\u00fctl\u00fcce Campus \u2013 Google Maps [&hellip;]<\/p>\n","protected":false},"author":211,"featured_media":0,"parent":0,"menu_order":0,"comment_status":"closed","ping_status":"closed","template":"genel_sayfa.php","meta":{"footnotes":""},"yoast_head":"<!-- This site is optimized with the Yoast SEO Premium plugin v22.1 (Yoast SEO v22.1) - https:\/\/yoast.com\/wordpress\/plugins\/seo\/ -->\n<title>Contact and Transportation Info - Matematik<\/title>\n<meta name=\"robots\" content=\"index, follow, max-snippet:-1, max-image-preview:large, max-video-preview:-1\" \/>\n<link rel=\"canonical\" href=\"https:\/\/ticaret.edu.tr\/matematik\/en\/contact-and-transportation-info\/\" \/>\n<meta property=\"og:locale\" content=\"tr_TR\" \/>\n<meta property=\"og:type\" content=\"article\" \/>\n<meta property=\"og:title\" content=\"Contact and Transportation Info\" \/>\n<meta property=\"og:description\" content=\"\ud83d\udccd Department of Mathematics \u2013 Contact Information Istanbul Commerce University Faculty of Humanities and Social Sciences S\u00e2d\u00e2b\u00e2d Campus (S\u00fctl\u00fcce) Information Details Address \u00d6rnektepe Mah. \u0130mrahor Cad. No: 88\/2, Beyo\u011flu 34445 \/ Istanbul, T\u00fcrkiye E-mail matematik@ticaret.edu.tr Phone +90 444 0 413 \u2013 4639 Office Block A, 3rd Floor, Room A311 Map S\u00fctl\u00fcce Campus \u2013 Google Maps [&hellip;]\" \/>\n<meta property=\"og:url\" content=\"https:\/\/ticaret.edu.tr\/matematik\/en\/contact-and-transportation-info\/\" \/>\n<meta property=\"og:site_name\" content=\"Matematik\" \/>\n<meta property=\"article:publisher\" content=\"https:\/\/www.facebook.com\/ticaretedutr\" \/>\n<meta property=\"article:modified_time\" content=\"2025-12-23T10:52:47+00:00\" \/>\n<meta property=\"og:image\" content=\"http:\/\/ticaret.edu.tr\/matematik\/wp-content\/uploads\/sites\/29\/2021\/11\/web_logo-01.jpg\" \/>\n\t<meta property=\"og:image:width\" content=\"1250\" \/>\n\t<meta property=\"og:image:height\" content=\"833\" \/>\n\t<meta property=\"og:image:type\" content=\"image\/jpeg\" \/>\n<meta name=\"twitter:card\" content=\"summary_large_image\" \/>\n<meta name=\"twitter:site\" content=\"@ticaretedutr\" \/>\n<meta name=\"twitter:label1\" content=\"Tahmini okuma s\u00fcresi\" \/>\n\t<meta name=\"twitter:data1\" content=\"1 dakika\" \/>\n<script type=\"application\/ld+json\" class=\"yoast-schema-graph\">{\"@context\":\"https:\/\/schema.org\",\"@graph\":[{\"@type\":\"WebPage\",\"@id\":\"https:\/\/ticaret.edu.tr\/matematik\/en\/contact-and-transportation-info\/\",\"url\":\"https:\/\/ticaret.edu.tr\/matematik\/en\/contact-and-transportation-info\/\",\"name\":\"Contact and Transportation Info - Matematik\",\"isPartOf\":{\"@id\":\"https:\/\/ticaret.edu.tr\/matematik\/#website\"},\"datePublished\":\"2025-01-26T17:34:01+00:00\",\"dateModified\":\"2025-12-23T10:52:47+00:00\",\"breadcrumb\":{\"@id\":\"https:\/\/ticaret.edu.tr\/matematik\/en\/contact-and-transportation-info\/#breadcrumb\"},\"inLanguage\":\"tr\",\"potentialAction\":[{\"@type\":\"ReadAction\",\"target\":[\"https:\/\/ticaret.edu.tr\/matematik\/en\/contact-and-transportation-info\/\"]}]},{\"@type\":\"BreadcrumbList\",\"@id\":\"https:\/\/ticaret.edu.tr\/matematik\/en\/contact-and-transportation-info\/#breadcrumb\",\"itemListElement\":[{\"@type\":\"ListItem\",\"position\":1,\"name\":\"Ana sayfa\",\"item\":\"https:\/\/ticaret.edu.tr\/matematik\/\"},{\"@type\":\"ListItem\",\"position\":2,\"name\":\"Contact and Transportation Info\"}]},{\"@type\":\"WebSite\",\"@id\":\"https:\/\/ticaret.edu.tr\/matematik\/#website\",\"url\":\"https:\/\/ticaret.edu.tr\/matematik\/\",\"name\":\"Matematik\",\"description\":\"\",\"potentialAction\":[{\"@type\":\"SearchAction\",\"target\":{\"@type\":\"EntryPoint\",\"urlTemplate\":\"https:\/\/ticaret.edu.tr\/matematik\/?s={search_term_string}\"},\"query-input\":\"required name=search_term_string\"}],\"inLanguage\":\"tr\"}]}<\/script>\n<!-- \/ Yoast SEO Premium plugin. -->","yoast_head_json":{"title":"Contact and Transportation Info - Matematik","robots":{"index":"index","follow":"follow","max-snippet":"max-snippet:-1","max-image-preview":"max-image-preview:large","max-video-preview":"max-video-preview:-1"},"canonical":"https:\/\/ticaret.edu.tr\/matematik\/en\/contact-and-transportation-info\/","og_locale":"tr_TR","og_type":"article","og_title":"Contact and Transportation Info","og_description":"\ud83d\udccd Department of Mathematics \u2013 Contact Information Istanbul Commerce University Faculty of Humanities and Social Sciences S\u00e2d\u00e2b\u00e2d Campus (S\u00fctl\u00fcce) Information Details Address \u00d6rnektepe Mah. \u0130mrahor Cad. No: 88\/2, Beyo\u011flu 34445 \/ Istanbul, T\u00fcrkiye E-mail matematik@ticaret.edu.tr Phone +90 444 0 413 \u2013 4639 Office Block A, 3rd Floor, Room A311 Map S\u00fctl\u00fcce Campus \u2013 Google Maps [&hellip;]","og_url":"https:\/\/ticaret.edu.tr\/matematik\/en\/contact-and-transportation-info\/","og_site_name":"Matematik","article_publisher":"https:\/\/www.facebook.com\/ticaretedutr","article_modified_time":"2025-12-23T10:52:47+00:00","og_image":[{"width":1250,"height":833,"url":"http:\/\/ticaret.edu.tr\/matematik\/wp-content\/uploads\/sites\/29\/2021\/11\/web_logo-01.jpg","type":"image\/jpeg"}],"twitter_card":"summary_large_image","twitter_site":"@ticaretedutr","twitter_misc":{"Tahmini okuma s\u00fcresi":"1 dakika"},"schema":{"@context":"https:\/\/schema.org","@graph":[{"@type":"WebPage","@id":"https:\/\/ticaret.edu.tr\/matematik\/en\/contact-and-transportation-info\/","url":"https:\/\/ticaret.edu.tr\/matematik\/en\/contact-and-transportation-info\/","name":"Contact and Transportation Info - Matematik","isPartOf":{"@id":"https:\/\/ticaret.edu.tr\/matematik\/#website"},"datePublished":"2025-01-26T17:34:01+00:00","dateModified":"2025-12-23T10:52:47+00:00","breadcrumb":{"@id":"https:\/\/ticaret.edu.tr\/matematik\/en\/contact-and-transportation-info\/#breadcrumb"},"inLanguage":"tr","potentialAction":[{"@type":"ReadAction","target":["https:\/\/ticaret.edu.tr\/matematik\/en\/contact-and-transportation-info\/"]}]},{"@type":"BreadcrumbList","@id":"https:\/\/ticaret.edu.tr\/matematik\/en\/contact-and-transportation-info\/#breadcrumb","itemListElement":[{"@type":"ListItem","position":1,"name":"Ana sayfa","item":"https:\/\/ticaret.edu.tr\/matematik\/"},{"@type":"ListItem","position":2,"name":"Contact and Transportation Info"}]},{"@type":"WebSite","@id":"https:\/\/ticaret.edu.tr\/matematik\/#website","url":"https:\/\/ticaret.edu.tr\/matematik\/","name":"Matematik","description":"","potentialAction":[{"@type":"SearchAction","target":{"@type":"EntryPoint","urlTemplate":"https:\/\/ticaret.edu.tr\/matematik\/?s={search_term_string}"},"query-input":"required name=search_term_string"}],"inLanguage":"tr"}]}},"lang":"en","translations":{"en":1257,"tr":1255},"pll_sync_post":[],"_links":{"self":[{"href":"http:\/\/ticaret.edu.tr\/matematik\/wp-json\/wp\/v2\/pages\/1257"}],"collection":[{"href":"http:\/\/ticaret.edu.tr\/matematik\/wp-json\/wp\/v2\/pages"}],"about":[{"href":"http:\/\/ticaret.edu.tr\/matematik\/wp-json\/wp\/v2\/types\/page"}],"author":[{"embeddable":true,"href":"http:\/\/ticaret.edu.tr\/matematik\/wp-json\/wp\/v2\/users\/211"}],"replies":[{"embeddable":true,"href":"http:\/\/ticaret.edu.tr\/matematik\/wp-json\/wp\/v2\/comments?post=1257"}],"version-history":[{"count":2,"href":"http:\/\/ticaret.edu.tr\/matematik\/wp-json\/wp\/v2\/pages\/1257\/revisions"}],"predecessor-version":[{"id":2046,"href":"http:\/\/ticaret.edu.tr\/matematik\/wp-json\/wp\/v2\/pages\/1257\/revisions\/2046"}],"wp:attachment":[{"href":"http:\/\/ticaret.edu.tr\/matematik\/wp-json\/wp\/v2\/media?parent=1257"}],"curies":[{"name":"wp","href":"https:\/\/api.w.org\/{rel}","templated":true}]}}