{"id":6,"date":"2020-05-03T22:12:29","date_gmt":"2020-05-03T19:12:29","guid":{"rendered":"http:\/\/ticaret.edu.tr\/matematik\/?page_id=6"},"modified":"2025-02-11T17:04:03","modified_gmt":"2025-02-11T14:04:03","slug":"bolum-baskani","status":"publish","type":"page","link":"http:\/\/ticaret.edu.tr\/matematik\/bolum-baskani\/","title":{"rendered":"B\u00d6L\u00dcM BA\u015eKANI"},"content":{"rendered":"<div><em><strong>Sevgili \u00d6\u011frenciler,<\/strong><\/em><\/div>\n<div><\/div>\n<div><\/div>\n<div><\/div>\n<div>\u0130stanbul Ticaret \u00dcniversitesi Matematik B\u00f6l\u00fcm\u00fc, \u00f6\u011frencilerine ezbercilikten uzak, sorgulay\u0131c\u0131 ve ara\u015ft\u0131rmac\u0131 d\u00fc\u015f\u00fcncenin h\u00e2kim oldu\u011fu se\u00e7kin bir program sunmay\u0131 ama\u00e7lar. Matematik lisans program\u0131n\u0131n ilk iki y\u0131l\u0131nda, \u00f6\u011frencilere sa\u011flam bir matematik altyap\u0131s\u0131 kazand\u0131rmak i\u00e7in, matemati\u011fin teorik ve temel dersleri \u00f6\u011fretilir. Bu sayede \u00f6\u011frenciler, matematiksel d\u00fc\u015f\u00fcnme, d\u00fc\u015f\u00fcnd\u00fc\u011f\u00fcn\u00fc ifade edebilme, analiz ve ispat yapabilme becerisi kazan\u0131rlar. Program\u0131n sonraki iki y\u0131l\u0131nda ise teorik ve uygulamal\u0131 matematik derslerinin yan\u0131 s\u0131ra, isteyen \u00f6\u011frencilerin bili\u015fim, bankac\u0131l\u0131k, finans ve ekonomi gibi \u00e7e\u015fitli alanlarda do\u011frudan i\u015f hayat\u0131na at\u0131labilmeleri veya matemati\u011fin yan\u0131nda iktisattan m\u00fchendisli\u011fe uzanan farkl\u0131 disiplinlerde akademik kariyerlerine devam edebilmeleri i\u00e7in gerekli olan se\u00e7meli dersleri alabilme imk\u00e2n\u0131 tan\u0131nmaktad\u0131r.<\/div>\n<div><\/div>\n<div>Matematik lisans program\u0131nda okuyan \u00f6\u011frenciler e\u011fitimleri esnas\u0131nda \u00fcniversitemizdeki \u00e7e\u015fitli programlarla yandal ve \u00e7ift anadal yapabilme olanaklar\u0131na sahiptirler.\u00a0 Di\u011fer yandan, yap\u0131lan \u00e7e\u015fitli Erasmus \u00f6\u011frenci de\u011fi\u015fim anla\u015fmalar\u0131 \u00e7er\u00e7evesinde, \u00f6\u011frenciler lisans e\u011fitimleri esnas\u0131nda yurtd\u0131\u015f\u0131 tecr\u00fcbesi de kazanabilmektedirler. \u00d6\u011frencilerden gelen istekler do\u011frultusunda, farkl\u0131 Avrupa \u00fcniversiteleri ile de yeni anla\u015fmalar yap\u0131labilmektedir. Ayr\u0131ca, mezuniyet sonras\u0131\u00a0 \u00f6\u011frencilerimiz kariyerlerini matematik alan\u0131nda devam ettirmek istemeleri halinde Fen Bilimleri Enstit\u00fcs\u00fc b\u00fcnyesinde y\u00fcksek lisans ve doktora programlar\u0131m\u0131z da mevcuttur.<\/div>\n<div><\/div>\n<div>Matematik B\u00f6l\u00fcm\u00fc b\u00fcnyesinde 3 profes\u00f6r, 1 do\u00e7ent ve 2 doktor \u00f6\u011fretim \u00fcyesi bulundurmaktad\u0131r.\u00a0 T\u00fcm dersler bu kadro ve gerekti\u011finde misafir \u00f6\u011fretim \u00fcyeleri taraf\u0131ndan titizlikle verilmektedir. 25 ki\u015fiyi a\u015fmayan s\u0131n\u0131flarda e\u011fitim veren matematik b\u00f6l\u00fcm\u00fc, derslerde \u00f6\u011fretim \u00fcyesiyle do\u011frudan ileti\u015fimde bulunma imk\u00e2n\u0131 sa\u011flamakta ve \u00f6\u011frencilerini maksimum akademik potansiyellerine eri\u015febilmeleri y\u00f6n\u00fcnde te\u015fvik edici ve destekleyici bir e\u011fitim anlay\u0131\u015f\u0131na sahiptir. \u00d6\u011fretim \u00fcyelerimiz Science Citation Index (SCI) ve Science Citation Index Expanded (SCI-E) taraf\u0131ndan taranan dergilerde yay\u0131n yaparak matemati\u011fin farkl\u0131 alanlar\u0131na uluslararas\u0131 d\u00fczeyde katk\u0131lar sa\u011flamaktad\u0131rlar.<\/div>\n<p>&nbsp;<\/p>\n<p style=\"text-align: right\"><strong>Prof. Dr. Do\u011fan Kaya<\/strong><br \/>\n<strong>B\u00f6l\u00fcm Ba\u015fkan\u0131<\/strong><\/p>\n<blockquote>\n<h6 style=\"text-align: right\">Matematik B\u00f6l\u00fcm Ba\u015fkanl\u0131\u011f\u0131 \u0130leti\u015fim:<\/h6>\n<h6 style=\"text-align: right\"><a href=\"mailto:matematik@ticaret.edu.tr\">matematik@ticaret.edu.tr\u00a0<\/a><\/h6>\n<h6 style=\"text-align: right\"><a href=\"mailto:mathematics@ticaret.edu.tr\">mathematics@ticaret.edu.tr<\/a><\/h6>\n<\/blockquote>\n","protected":false},"excerpt":{"rendered":"<p>Sevgili \u00d6\u011frenciler, \u0130stanbul Ticaret \u00dcniversitesi Matematik B\u00f6l\u00fcm\u00fc, \u00f6\u011frencilerine ezbercilikten uzak, sorgulay\u0131c\u0131 ve ara\u015ft\u0131rmac\u0131 d\u00fc\u015f\u00fcncenin h\u00e2kim oldu\u011fu se\u00e7kin bir program sunmay\u0131 ama\u00e7lar. Matematik lisans program\u0131n\u0131n ilk iki y\u0131l\u0131nda, \u00f6\u011frencilere sa\u011flam bir matematik altyap\u0131s\u0131 kazand\u0131rmak i\u00e7in, matemati\u011fin teorik ve temel dersleri \u00f6\u011fretilir. Bu sayede \u00f6\u011frenciler, matematiksel d\u00fc\u015f\u00fcnme, d\u00fc\u015f\u00fcnd\u00fc\u011f\u00fcn\u00fc ifade edebilme, analiz ve ispat yapabilme becerisi kazan\u0131rlar. Program\u0131n [&hellip;]<\/p>\n","protected":false},"author":1,"featured_media":0,"parent":0,"menu_order":1,"comment_status":"closed","ping_status":"closed","template":"genel_sayfa.php","meta":{"footnotes":""},"yoast_head":"<!-- This site is optimized with the Yoast SEO Premium plugin v22.1 (Yoast SEO v22.1) - https:\/\/yoast.com\/wordpress\/plugins\/seo\/ -->\n<title>B\u00d6L\u00dcM BA\u015eKANI - Matematik<\/title>\n<meta name=\"robots\" content=\"index, follow, max-snippet:-1, max-image-preview:large, max-video-preview:-1\" \/>\n<link rel=\"canonical\" href=\"https:\/\/ticaret.edu.tr\/matematik\/bolum-baskani\/\" \/>\n<meta property=\"og:locale\" content=\"tr_TR\" \/>\n<meta property=\"og:type\" content=\"article\" \/>\n<meta property=\"og:title\" content=\"B\u00d6L\u00dcM BA\u015eKANI\" \/>\n<meta property=\"og:description\" content=\"Sevgili \u00d6\u011frenciler, \u0130stanbul Ticaret \u00dcniversitesi Matematik B\u00f6l\u00fcm\u00fc, \u00f6\u011frencilerine ezbercilikten uzak, sorgulay\u0131c\u0131 ve ara\u015ft\u0131rmac\u0131 d\u00fc\u015f\u00fcncenin h\u00e2kim oldu\u011fu se\u00e7kin bir program sunmay\u0131 ama\u00e7lar. Matematik lisans program\u0131n\u0131n ilk iki y\u0131l\u0131nda, \u00f6\u011frencilere sa\u011flam bir matematik altyap\u0131s\u0131 kazand\u0131rmak i\u00e7in, matemati\u011fin teorik ve temel dersleri \u00f6\u011fretilir. Bu sayede \u00f6\u011frenciler, matematiksel d\u00fc\u015f\u00fcnme, d\u00fc\u015f\u00fcnd\u00fc\u011f\u00fcn\u00fc ifade edebilme, analiz ve ispat yapabilme becerisi kazan\u0131rlar. Program\u0131n [&hellip;]\" \/>\n<meta property=\"og:url\" content=\"https:\/\/ticaret.edu.tr\/matematik\/bolum-baskani\/\" \/>\n<meta property=\"og:site_name\" content=\"Matematik\" \/>\n<meta property=\"article:publisher\" content=\"https:\/\/www.facebook.com\/ticaretedutr\" \/>\n<meta property=\"article:modified_time\" content=\"2025-02-11T14:04:03+00:00\" \/>\n<meta property=\"og:image\" content=\"http:\/\/ticaret.edu.tr\/matematik\/wp-content\/uploads\/sites\/29\/2021\/11\/web_logo-01.jpg\" \/>\n\t<meta property=\"og:image:width\" content=\"1250\" \/>\n\t<meta property=\"og:image:height\" content=\"833\" \/>\n\t<meta property=\"og:image:type\" content=\"image\/jpeg\" \/>\n<meta name=\"twitter:card\" content=\"summary_large_image\" \/>\n<meta name=\"twitter:site\" content=\"@ticaretedutr\" \/>\n<meta name=\"twitter:label1\" content=\"Tahmini okuma s\u00fcresi\" \/>\n\t<meta name=\"twitter:data1\" content=\"2 dakika\" \/>\n<script type=\"application\/ld+json\" class=\"yoast-schema-graph\">{\"@context\":\"https:\/\/schema.org\",\"@graph\":[{\"@type\":\"WebPage\",\"@id\":\"https:\/\/ticaret.edu.tr\/matematik\/bolum-baskani\/\",\"url\":\"https:\/\/ticaret.edu.tr\/matematik\/bolum-baskani\/\",\"name\":\"B\u00d6L\u00dcM BA\u015eKANI - Matematik\",\"isPartOf\":{\"@id\":\"https:\/\/ticaret.edu.tr\/matematik\/#website\"},\"datePublished\":\"2020-05-03T19:12:29+00:00\",\"dateModified\":\"2025-02-11T14:04:03+00:00\",\"breadcrumb\":{\"@id\":\"https:\/\/ticaret.edu.tr\/matematik\/bolum-baskani\/#breadcrumb\"},\"inLanguage\":\"tr\",\"potentialAction\":[{\"@type\":\"ReadAction\",\"target\":[\"https:\/\/ticaret.edu.tr\/matematik\/bolum-baskani\/\"]}]},{\"@type\":\"BreadcrumbList\",\"@id\":\"https:\/\/ticaret.edu.tr\/matematik\/bolum-baskani\/#breadcrumb\",\"itemListElement\":[{\"@type\":\"ListItem\",\"position\":1,\"name\":\"Ana sayfa\",\"item\":\"https:\/\/ticaret.edu.tr\/matematik\/\"},{\"@type\":\"ListItem\",\"position\":2,\"name\":\"B\u00d6L\u00dcM BA\u015eKANI\"}]},{\"@type\":\"WebSite\",\"@id\":\"https:\/\/ticaret.edu.tr\/matematik\/#website\",\"url\":\"https:\/\/ticaret.edu.tr\/matematik\/\",\"name\":\"Matematik\",\"description\":\"\",\"potentialAction\":[{\"@type\":\"SearchAction\",\"target\":{\"@type\":\"EntryPoint\",\"urlTemplate\":\"https:\/\/ticaret.edu.tr\/matematik\/?s={search_term_string}\"},\"query-input\":\"required name=search_term_string\"}],\"inLanguage\":\"tr\"}]}<\/script>\n<!-- \/ Yoast SEO Premium plugin. -->","yoast_head_json":{"title":"B\u00d6L\u00dcM BA\u015eKANI - Matematik","robots":{"index":"index","follow":"follow","max-snippet":"max-snippet:-1","max-image-preview":"max-image-preview:large","max-video-preview":"max-video-preview:-1"},"canonical":"https:\/\/ticaret.edu.tr\/matematik\/bolum-baskani\/","og_locale":"tr_TR","og_type":"article","og_title":"B\u00d6L\u00dcM BA\u015eKANI","og_description":"Sevgili \u00d6\u011frenciler, \u0130stanbul Ticaret \u00dcniversitesi Matematik B\u00f6l\u00fcm\u00fc, \u00f6\u011frencilerine ezbercilikten uzak, sorgulay\u0131c\u0131 ve ara\u015ft\u0131rmac\u0131 d\u00fc\u015f\u00fcncenin h\u00e2kim oldu\u011fu se\u00e7kin bir program sunmay\u0131 ama\u00e7lar. Matematik lisans program\u0131n\u0131n ilk iki y\u0131l\u0131nda, \u00f6\u011frencilere sa\u011flam bir matematik altyap\u0131s\u0131 kazand\u0131rmak i\u00e7in, matemati\u011fin teorik ve temel dersleri \u00f6\u011fretilir. Bu sayede \u00f6\u011frenciler, matematiksel d\u00fc\u015f\u00fcnme, d\u00fc\u015f\u00fcnd\u00fc\u011f\u00fcn\u00fc ifade edebilme, analiz ve ispat yapabilme becerisi kazan\u0131rlar. Program\u0131n [&hellip;]","og_url":"https:\/\/ticaret.edu.tr\/matematik\/bolum-baskani\/","og_site_name":"Matematik","article_publisher":"https:\/\/www.facebook.com\/ticaretedutr","article_modified_time":"2025-02-11T14:04:03+00:00","og_image":[{"width":1250,"height":833,"url":"http:\/\/ticaret.edu.tr\/matematik\/wp-content\/uploads\/sites\/29\/2021\/11\/web_logo-01.jpg","type":"image\/jpeg"}],"twitter_card":"summary_large_image","twitter_site":"@ticaretedutr","twitter_misc":{"Tahmini okuma s\u00fcresi":"2 dakika"},"schema":{"@context":"https:\/\/schema.org","@graph":[{"@type":"WebPage","@id":"https:\/\/ticaret.edu.tr\/matematik\/bolum-baskani\/","url":"https:\/\/ticaret.edu.tr\/matematik\/bolum-baskani\/","name":"B\u00d6L\u00dcM BA\u015eKANI - Matematik","isPartOf":{"@id":"https:\/\/ticaret.edu.tr\/matematik\/#website"},"datePublished":"2020-05-03T19:12:29+00:00","dateModified":"2025-02-11T14:04:03+00:00","breadcrumb":{"@id":"https:\/\/ticaret.edu.tr\/matematik\/bolum-baskani\/#breadcrumb"},"inLanguage":"tr","potentialAction":[{"@type":"ReadAction","target":["https:\/\/ticaret.edu.tr\/matematik\/bolum-baskani\/"]}]},{"@type":"BreadcrumbList","@id":"https:\/\/ticaret.edu.tr\/matematik\/bolum-baskani\/#breadcrumb","itemListElement":[{"@type":"ListItem","position":1,"name":"Ana sayfa","item":"https:\/\/ticaret.edu.tr\/matematik\/"},{"@type":"ListItem","position":2,"name":"B\u00d6L\u00dcM BA\u015eKANI"}]},{"@type":"WebSite","@id":"https:\/\/ticaret.edu.tr\/matematik\/#website","url":"https:\/\/ticaret.edu.tr\/matematik\/","name":"Matematik","description":"","potentialAction":[{"@type":"SearchAction","target":{"@type":"EntryPoint","urlTemplate":"https:\/\/ticaret.edu.tr\/matematik\/?s={search_term_string}"},"query-input":"required name=search_term_string"}],"inLanguage":"tr"}]}},"lang":"tr","translations":{"en":399,"tr":6},"pll_sync_post":[],"_links":{"self":[{"href":"http:\/\/ticaret.edu.tr\/matematik\/wp-json\/wp\/v2\/pages\/6"}],"collection":[{"href":"http:\/\/ticaret.edu.tr\/matematik\/wp-json\/wp\/v2\/pages"}],"about":[{"href":"http:\/\/ticaret.edu.tr\/matematik\/wp-json\/wp\/v2\/types\/page"}],"author":[{"embeddable":true,"href":"http:\/\/ticaret.edu.tr\/matematik\/wp-json\/wp\/v2\/users\/1"}],"replies":[{"embeddable":true,"href":"http:\/\/ticaret.edu.tr\/matematik\/wp-json\/wp\/v2\/comments?post=6"}],"version-history":[{"count":17,"href":"http:\/\/ticaret.edu.tr\/matematik\/wp-json\/wp\/v2\/pages\/6\/revisions"}],"predecessor-version":[{"id":922,"href":"http:\/\/ticaret.edu.tr\/matematik\/wp-json\/wp\/v2\/pages\/6\/revisions\/922"}],"wp:attachment":[{"href":"http:\/\/ticaret.edu.tr\/matematik\/wp-json\/wp\/v2\/media?parent=6"}],"curies":[{"name":"wp","href":"https:\/\/api.w.org\/{rel}","templated":true}]}}