{"id":9,"date":"2020-05-03T22:11:49","date_gmt":"2020-05-03T19:11:49","guid":{"rendered":"http:\/\/ticaret.edu.tr\/matematik\/?page_id=9"},"modified":"2025-10-11T13:54:28","modified_gmt":"2025-10-11T10:54:28","slug":"mufredat","status":"publish","type":"page","link":"http:\/\/ticaret.edu.tr\/matematik\/mufredat\/","title":{"rendered":"M\u00fcfredat"},"content":{"rendered":"<p>A\u015fa\u011f\u0131daki ba\u011flant\u0131lardan \u0130stanbul Ticaret \u00dcniversitesi Matematik B\u00f6l\u00fcm\u00fc&#8217;n\u00fcn y\u0131llara g\u00f6re g\u00fcncellenmi\u015f <strong>m\u00fcfredatlar\u0131na<\/strong> ula\u015fabilirsiniz.<\/p>\n<p><a href=\"http:\/\/ticaret.edu.tr\/matematik\/wp-content\/uploads\/sites\/29\/2025\/10\/2025-2026-Matematik-Bolumu-Mufredat.pdf\" target=\"_blank\" rel=\"noopener\">2025-2026 E\u011fitim \u00d6\u011fretim Y\u0131l\u0131 M\u00fcfredat\u0131<\/a><\/p>\n<p><a href=\"http:\/\/ticaret.edu.tr\/matematik\/wp-content\/uploads\/sites\/29\/2024\/09\/2024-2025-Matetatik-Mufredat.pdf\" target=\"_blank\" rel=\"noopener\">2024-2025 E\u011fitim \u00d6\u011fretim Y\u0131l\u0131 M\u00fcfredat\u0131<\/a><\/p>\n<p><a href=\"http:\/\/ticaret.edu.tr\/matematik\/wp-content\/uploads\/sites\/29\/2023\/09\/Mufredat-Matematik.pdf\">2023-2024 E\u011fitim \u00d6\u011fretim Y\u0131l\u0131 M\u00fcfredat\u0131<\/a><\/p>\n<p><a href=\"http:\/\/ticaret.edu.tr\/matematik\/wp-content\/uploads\/sites\/29\/2022\/08\/2022-2023_Matematik_Mu\u0308fredati.pdf\" target=\"_blank\" rel=\"noopener\">2022-2023 E\u011fitim \u00d6\u011fretim Y\u0131l\u0131 M\u00fcfredat\u0131<\/a><\/p>\n<p><a href=\"http:\/\/ticaret.edu.tr\/matematik\/wp-content\/uploads\/sites\/29\/2022\/02\/2021-2022_MATEMATIK_Mufredat.pdf\" target=\"_blank\" rel=\"noopener\">2021-2022 E\u011fitim \u00d6\u011fretim Y\u0131l\u0131 M\u00fcfredat\u0131<\/a><\/p>\n<p><a href=\"http:\/\/ticaret.edu.tr\/matematik\/wp-content\/uploads\/sites\/29\/2022\/10\/2020-2021-Egitim-Ogretim-Yili-Mufredati.pdf\">2020-2021 E\u011fitim \u00d6\u011fretim Y\u0131l\u0131 M\u00fcfredat\u0131<\/a><\/p>\n<p><a href=\"http:\/\/ticaret.edu.tr\/matematik\/wp-content\/uploads\/sites\/29\/2022\/10\/2019-2020-Egitim-Ogretim-Yili-Mufredati.pdf\">2019-2020 E\u011fitim \u00d6\u011fretim Y\u0131l\u0131 M\u00fcfredat\u0131<\/a><\/p>\n<p><a href=\"http:\/\/ticaret.edu.tr\/matematik\/wp-content\/uploads\/sites\/29\/2022\/10\/2013-2014-Egitim-Ogretim-Yili-Mufredati.pdf\">2013-2014 E\u011fitim \u00d6\u011fretim Y\u0131l\u0131 M\u00fcfredat\u0131<\/a><\/p>\n<p><a href=\"http:\/\/ticaret.edu.tr\/matematik\/wp-content\/uploads\/sites\/29\/2022\/10\/2012-2013-Egitim-Ogretim-Yili-Mufredati.pdf\">2012-2013 E\u011fitim \u00d6\u011fretim Y\u0131l\u0131 M\u00fcfredat\u0131<\/a><\/p>\n<p><a href=\"http:\/\/ticaret.edu.tr\/matematik\/wp-content\/uploads\/sites\/29\/2022\/10\/2011-2012-Egitim-Ogretim-Yili-Mufredati.pdf\">2011-2012 E\u011fitim \u00d6\u011fretim Y\u0131l\u0131 M\u00fcfredat\u0131<\/a><\/p>\n<p><a href=\"http:\/\/ticaret.edu.tr\/matematik\/wp-content\/uploads\/sites\/29\/2022\/10\/2010-2011-Egitim-Ogretim-Yili-Mufredati.pdf\">2010-2011 E\u011fitim \u00d6\u011fretim Y\u0131l\u0131 M\u00fcfredat\u0131<\/a><\/p>\n<p><a href=\"http:\/\/ticaret.edu.tr\/matematik\/wp-content\/uploads\/sites\/29\/2022\/10\/2009-2010-Egitim-Ogretim-Yili-Mufredati.pdf\">2009-2010 E\u011fitim \u00d6\u011fretim Y\u0131l\u0131 M\u00fcfredat\u0131<\/a><\/p>\n<p><a href=\"http:\/\/ticaret.edu.tr\/matematik\/wp-content\/uploads\/sites\/29\/2022\/10\/2008-2009-Egitim-Ogretim-Yili-Mufredati.pdf\">2008-2009 E\u011fitim \u00d6\u011fretim Y\u0131l\u0131 M\u00fcfredat\u0131<\/a><\/p>\n<p><a href=\"http:\/\/ticaret.edu.tr\/matematik\/wp-content\/uploads\/sites\/29\/2022\/10\/2007-2008-Egitim-Ogretim-Yili-Mufredati.pdf\">2007-2008 E\u011fitim \u00d6\u011fretim Y\u0131l\u0131 M\u00fcfredat\u0131<\/a><\/p>\n<p><a href=\"http:\/\/ticaret.edu.tr\/matematik\/wp-content\/uploads\/sites\/29\/2022\/10\/2006-2007-Egitim-Ogretim-Yili-Mufredati.pdf\">2006-2007 E\u011fitim \u00d6\u011fretim Y\u0131l\u0131 M\u00fcfredat\u0131<\/a><\/p>\n<p><a href=\"http:\/\/ticaret.edu.tr\/matematik\/wp-content\/uploads\/sites\/29\/2022\/10\/2005-2006-Egitim-Ogretim-Yili-Mufredati.pdf\">2005-2006 E\u011fitim \u00d6\u011fretim Y\u0131l\u0131 M\u00fcfredat\u0131<\/a><\/p>\n<p><a href=\"http:\/\/ticaret.edu.tr\/matematik\/wp-content\/uploads\/sites\/29\/2022\/10\/2004-2005-Egitim-Ogretim-Yili-Mufredati.pdf\">2004-2005 E\u011fitim \u00d6\u011fretim Y\u0131l\u0131 M\u00fcfredat\u0131<\/a><\/p>\n","protected":false},"excerpt":{"rendered":"<p>A\u015fa\u011f\u0131daki ba\u011flant\u0131lardan \u0130stanbul Ticaret \u00dcniversitesi Matematik B\u00f6l\u00fcm\u00fc&#8217;n\u00fcn y\u0131llara g\u00f6re g\u00fcncellenmi\u015f m\u00fcfredatlar\u0131na ula\u015fabilirsiniz. 2025-2026 E\u011fitim \u00d6\u011fretim Y\u0131l\u0131 M\u00fcfredat\u0131 2024-2025 E\u011fitim \u00d6\u011fretim Y\u0131l\u0131 M\u00fcfredat\u0131 2023-2024 E\u011fitim \u00d6\u011fretim Y\u0131l\u0131 M\u00fcfredat\u0131 2022-2023 E\u011fitim \u00d6\u011fretim Y\u0131l\u0131 M\u00fcfredat\u0131 2021-2022 E\u011fitim \u00d6\u011fretim Y\u0131l\u0131 M\u00fcfredat\u0131 2020-2021 E\u011fitim \u00d6\u011fretim Y\u0131l\u0131 M\u00fcfredat\u0131 2019-2020 E\u011fitim \u00d6\u011fretim Y\u0131l\u0131 M\u00fcfredat\u0131 2013-2014 E\u011fitim \u00d6\u011fretim Y\u0131l\u0131 M\u00fcfredat\u0131 2012-2013 E\u011fitim \u00d6\u011fretim [&hellip;]<\/p>\n","protected":false},"author":1,"featured_media":0,"parent":0,"menu_order":4,"comment_status":"closed","ping_status":"closed","template":"genel_sayfa.php","meta":{"footnotes":""},"yoast_head":"<!-- This site is optimized with the Yoast SEO Premium plugin v22.1 (Yoast SEO v22.1) - https:\/\/yoast.com\/wordpress\/plugins\/seo\/ -->\n<title>M\u00fcfredat - Matematik<\/title>\n<meta name=\"robots\" content=\"index, follow, max-snippet:-1, max-image-preview:large, max-video-preview:-1\" \/>\n<link rel=\"canonical\" href=\"https:\/\/ticaret.edu.tr\/matematik\/mufredat\/\" \/>\n<meta property=\"og:locale\" content=\"tr_TR\" \/>\n<meta property=\"og:type\" content=\"article\" \/>\n<meta property=\"og:title\" content=\"M\u00fcfredat\" \/>\n<meta property=\"og:description\" content=\"A\u015fa\u011f\u0131daki ba\u011flant\u0131lardan \u0130stanbul Ticaret \u00dcniversitesi Matematik B\u00f6l\u00fcm\u00fc&#8217;n\u00fcn y\u0131llara g\u00f6re g\u00fcncellenmi\u015f m\u00fcfredatlar\u0131na ula\u015fabilirsiniz. 2025-2026 E\u011fitim \u00d6\u011fretim Y\u0131l\u0131 M\u00fcfredat\u0131 2024-2025 E\u011fitim \u00d6\u011fretim Y\u0131l\u0131 M\u00fcfredat\u0131 2023-2024 E\u011fitim \u00d6\u011fretim Y\u0131l\u0131 M\u00fcfredat\u0131 2022-2023 E\u011fitim \u00d6\u011fretim Y\u0131l\u0131 M\u00fcfredat\u0131 2021-2022 E\u011fitim \u00d6\u011fretim Y\u0131l\u0131 M\u00fcfredat\u0131 2020-2021 E\u011fitim \u00d6\u011fretim Y\u0131l\u0131 M\u00fcfredat\u0131 2019-2020 E\u011fitim \u00d6\u011fretim Y\u0131l\u0131 M\u00fcfredat\u0131 2013-2014 E\u011fitim \u00d6\u011fretim Y\u0131l\u0131 M\u00fcfredat\u0131 2012-2013 E\u011fitim \u00d6\u011fretim [&hellip;]\" \/>\n<meta property=\"og:url\" content=\"https:\/\/ticaret.edu.tr\/matematik\/mufredat\/\" \/>\n<meta property=\"og:site_name\" content=\"Matematik\" \/>\n<meta property=\"article:publisher\" content=\"https:\/\/www.facebook.com\/ticaretedutr\" \/>\n<meta property=\"article:modified_time\" content=\"2025-10-11T10:54:28+00:00\" \/>\n<meta property=\"og:image\" content=\"http:\/\/ticaret.edu.tr\/matematik\/wp-content\/uploads\/sites\/29\/2021\/11\/web_logo-01.jpg\" \/>\n\t<meta property=\"og:image:width\" content=\"1250\" \/>\n\t<meta property=\"og:image:height\" content=\"833\" \/>\n\t<meta property=\"og:image:type\" content=\"image\/jpeg\" \/>\n<meta name=\"twitter:card\" content=\"summary_large_image\" \/>\n<meta name=\"twitter:site\" content=\"@ticaretedutr\" \/>\n<meta name=\"twitter:label1\" content=\"Tahmini okuma s\u00fcresi\" \/>\n\t<meta name=\"twitter:data1\" content=\"1 dakika\" \/>\n<script type=\"application\/ld+json\" class=\"yoast-schema-graph\">{\"@context\":\"https:\/\/schema.org\",\"@graph\":[{\"@type\":\"WebPage\",\"@id\":\"https:\/\/ticaret.edu.tr\/matematik\/mufredat\/\",\"url\":\"https:\/\/ticaret.edu.tr\/matematik\/mufredat\/\",\"name\":\"M\u00fcfredat - Matematik\",\"isPartOf\":{\"@id\":\"https:\/\/ticaret.edu.tr\/matematik\/#website\"},\"datePublished\":\"2020-05-03T19:11:49+00:00\",\"dateModified\":\"2025-10-11T10:54:28+00:00\",\"breadcrumb\":{\"@id\":\"https:\/\/ticaret.edu.tr\/matematik\/mufredat\/#breadcrumb\"},\"inLanguage\":\"tr\",\"potentialAction\":[{\"@type\":\"ReadAction\",\"target\":[\"https:\/\/ticaret.edu.tr\/matematik\/mufredat\/\"]}]},{\"@type\":\"BreadcrumbList\",\"@id\":\"https:\/\/ticaret.edu.tr\/matematik\/mufredat\/#breadcrumb\",\"itemListElement\":[{\"@type\":\"ListItem\",\"position\":1,\"name\":\"Ana sayfa\",\"item\":\"https:\/\/ticaret.edu.tr\/matematik\/\"},{\"@type\":\"ListItem\",\"position\":2,\"name\":\"M\u00fcfredat\"}]},{\"@type\":\"WebSite\",\"@id\":\"https:\/\/ticaret.edu.tr\/matematik\/#website\",\"url\":\"https:\/\/ticaret.edu.tr\/matematik\/\",\"name\":\"Matematik\",\"description\":\"\",\"potentialAction\":[{\"@type\":\"SearchAction\",\"target\":{\"@type\":\"EntryPoint\",\"urlTemplate\":\"https:\/\/ticaret.edu.tr\/matematik\/?s={search_term_string}\"},\"query-input\":\"required name=search_term_string\"}],\"inLanguage\":\"tr\"}]}<\/script>\n<!-- \/ Yoast SEO Premium plugin. -->","yoast_head_json":{"title":"M\u00fcfredat - Matematik","robots":{"index":"index","follow":"follow","max-snippet":"max-snippet:-1","max-image-preview":"max-image-preview:large","max-video-preview":"max-video-preview:-1"},"canonical":"https:\/\/ticaret.edu.tr\/matematik\/mufredat\/","og_locale":"tr_TR","og_type":"article","og_title":"M\u00fcfredat","og_description":"A\u015fa\u011f\u0131daki ba\u011flant\u0131lardan \u0130stanbul Ticaret \u00dcniversitesi Matematik B\u00f6l\u00fcm\u00fc&#8217;n\u00fcn y\u0131llara g\u00f6re g\u00fcncellenmi\u015f m\u00fcfredatlar\u0131na ula\u015fabilirsiniz. 2025-2026 E\u011fitim \u00d6\u011fretim Y\u0131l\u0131 M\u00fcfredat\u0131 2024-2025 E\u011fitim \u00d6\u011fretim Y\u0131l\u0131 M\u00fcfredat\u0131 2023-2024 E\u011fitim \u00d6\u011fretim Y\u0131l\u0131 M\u00fcfredat\u0131 2022-2023 E\u011fitim \u00d6\u011fretim Y\u0131l\u0131 M\u00fcfredat\u0131 2021-2022 E\u011fitim \u00d6\u011fretim Y\u0131l\u0131 M\u00fcfredat\u0131 2020-2021 E\u011fitim \u00d6\u011fretim Y\u0131l\u0131 M\u00fcfredat\u0131 2019-2020 E\u011fitim \u00d6\u011fretim Y\u0131l\u0131 M\u00fcfredat\u0131 2013-2014 E\u011fitim \u00d6\u011fretim Y\u0131l\u0131 M\u00fcfredat\u0131 2012-2013 E\u011fitim \u00d6\u011fretim [&hellip;]","og_url":"https:\/\/ticaret.edu.tr\/matematik\/mufredat\/","og_site_name":"Matematik","article_publisher":"https:\/\/www.facebook.com\/ticaretedutr","article_modified_time":"2025-10-11T10:54:28+00:00","og_image":[{"width":1250,"height":833,"url":"http:\/\/ticaret.edu.tr\/matematik\/wp-content\/uploads\/sites\/29\/2021\/11\/web_logo-01.jpg","type":"image\/jpeg"}],"twitter_card":"summary_large_image","twitter_site":"@ticaretedutr","twitter_misc":{"Tahmini okuma s\u00fcresi":"1 dakika"},"schema":{"@context":"https:\/\/schema.org","@graph":[{"@type":"WebPage","@id":"https:\/\/ticaret.edu.tr\/matematik\/mufredat\/","url":"https:\/\/ticaret.edu.tr\/matematik\/mufredat\/","name":"M\u00fcfredat - Matematik","isPartOf":{"@id":"https:\/\/ticaret.edu.tr\/matematik\/#website"},"datePublished":"2020-05-03T19:11:49+00:00","dateModified":"2025-10-11T10:54:28+00:00","breadcrumb":{"@id":"https:\/\/ticaret.edu.tr\/matematik\/mufredat\/#breadcrumb"},"inLanguage":"tr","potentialAction":[{"@type":"ReadAction","target":["https:\/\/ticaret.edu.tr\/matematik\/mufredat\/"]}]},{"@type":"BreadcrumbList","@id":"https:\/\/ticaret.edu.tr\/matematik\/mufredat\/#breadcrumb","itemListElement":[{"@type":"ListItem","position":1,"name":"Ana sayfa","item":"https:\/\/ticaret.edu.tr\/matematik\/"},{"@type":"ListItem","position":2,"name":"M\u00fcfredat"}]},{"@type":"WebSite","@id":"https:\/\/ticaret.edu.tr\/matematik\/#website","url":"https:\/\/ticaret.edu.tr\/matematik\/","name":"Matematik","description":"","potentialAction":[{"@type":"SearchAction","target":{"@type":"EntryPoint","urlTemplate":"https:\/\/ticaret.edu.tr\/matematik\/?s={search_term_string}"},"query-input":"required name=search_term_string"}],"inLanguage":"tr"}]}},"lang":"tr","translations":{"en":405,"tr":9},"pll_sync_post":[],"_links":{"self":[{"href":"http:\/\/ticaret.edu.tr\/matematik\/wp-json\/wp\/v2\/pages\/9"}],"collection":[{"href":"http:\/\/ticaret.edu.tr\/matematik\/wp-json\/wp\/v2\/pages"}],"about":[{"href":"http:\/\/ticaret.edu.tr\/matematik\/wp-json\/wp\/v2\/types\/page"}],"author":[{"embeddable":true,"href":"http:\/\/ticaret.edu.tr\/matematik\/wp-json\/wp\/v2\/users\/1"}],"replies":[{"embeddable":true,"href":"http:\/\/ticaret.edu.tr\/matematik\/wp-json\/wp\/v2\/comments?post=9"}],"version-history":[{"count":18,"href":"http:\/\/ticaret.edu.tr\/matematik\/wp-json\/wp\/v2\/pages\/9\/revisions"}],"predecessor-version":[{"id":1812,"href":"http:\/\/ticaret.edu.tr\/matematik\/wp-json\/wp\/v2\/pages\/9\/revisions\/1812"}],"wp:attachment":[{"href":"http:\/\/ticaret.edu.tr\/matematik\/wp-json\/wp\/v2\/media?parent=9"}],"curies":[{"name":"wp","href":"https:\/\/api.w.org\/{rel}","templated":true}]}}