{"id":10,"date":"2020-05-03T12:15:33","date_gmt":"2020-05-03T09:15:33","guid":{"rendered":"http:\/\/ticaret.edu.tr\/medya\/?page_id=10"},"modified":"2025-02-07T15:32:47","modified_gmt":"2025-02-07T12:32:47","slug":"ana-sayfa","status":"publish","type":"page","link":"http:\/\/ticaret.edu.tr\/medya-ve-iletisim\/","title":{"rendered":"Ana Sayfa"},"content":{"rendered":"<h1><strong>Daktilodan Yapay Zek\u00e2ya Habercilik\u00a0<\/strong><\/h1>\n<p><img loading=\"lazy\" decoding=\"async\" class=\"alignnone wp-image-1238 size-large\" src=\"http:\/\/ticaret.edu.tr\/medya-ve-iletisim\/wp-content\/uploads\/sites\/14\/2023\/11\/DSC09048-1024x576.jpg\" alt=\"\" width=\"1024\" height=\"576\" srcset=\"http:\/\/ticaret.edu.tr\/medya-ve-iletisim\/wp-content\/uploads\/sites\/14\/2023\/11\/DSC09048-1024x576.jpg 1024w, http:\/\/ticaret.edu.tr\/medya-ve-iletisim\/wp-content\/uploads\/sites\/14\/2023\/11\/DSC09048-300x169.jpg 300w, http:\/\/ticaret.edu.tr\/medya-ve-iletisim\/wp-content\/uploads\/sites\/14\/2023\/11\/DSC09048-768x432.jpg 768w, http:\/\/ticaret.edu.tr\/medya-ve-iletisim\/wp-content\/uploads\/sites\/14\/2023\/11\/DSC09048-1536x864.jpg 1536w, http:\/\/ticaret.edu.tr\/medya-ve-iletisim\/wp-content\/uploads\/sites\/14\/2023\/11\/DSC09048-2048x1152.jpg 2048w\" sizes=\"(max-width: 1024px) 100vw, 1024px\" \/><\/p>\n<p><strong>\u0130stanbul Ticaret \u00dcniversitesi Medya ve \u0130leti\u015fim B\u00f6l\u00fcm\u00fc b\u00fcnyesinde d\u00fczenlenen \u201cDaktilodan Yapay Zek\u00e2ya Habercilik\u201d ba\u015fl\u0131kl\u0131 etkinlik, \u0130stanbul Ticaret Odas\u0131 Bas\u0131n Birimi\u2019nden Gazeteci Tamer \u00c7er\u00e7i\u2019nin kat\u0131l\u0131m\u0131yla 13 Ekim Cuma g\u00fcn\u00fc S\u00fctl\u00fcce Kamp\u00fcs\u00fc\u2019nde ger\u00e7ekle\u015ftirildi.<\/strong><\/p>\n<p>\u0130stanbul Ticaret Odas\u0131 Bas\u0131n Birimi\u2019nde \u00e7al\u0131\u015fan Gazeteci Tamer \u00c7er\u00e7i d\u00fczenlenen etkinlikte habercili\u011fin daktilodan yapay zek\u00e2ya olan s\u00fcrecine dair bilgi verirken, \u00f6\u011frencilere gazetecilik hakk\u0131nda tavsiyelerde bulundu. Gazetecili\u011fin insanlar\u0131n merak\u0131ndan do\u011fdu\u011funu belirten \u00c7er\u00e7i, \u201cMors alfabesinin bulunmas\u0131na kadar habercilik ula\u015ft\u0131rmayla beraber de\u011ferlendirildi. \u0130lkel matbaada bas\u0131lan gazeteler trenle ba\u015fka bir \u015fehre gitti\u011fi i\u00e7in bas\u0131n\u0131n mutlaka ula\u015f\u0131m arac\u0131na ihtiya\u00e7 vard\u0131.1843 y\u0131l\u0131nda Washington ile Baltimore aras\u0131na ilk telgraf hatt\u0131n\u0131n \u00e7ekilmesiyle ula\u015f\u0131m arac\u0131 olmadan ileti\u015fim ger\u00e7ekle\u015fmesi bas\u0131n tarihindeki en b\u00fcy\u00fck geli\u015fmelerden biri oldu\u201d \u015feklinde konu\u015farak, \u00f6\u011frencilere gazetecili\u011fin geli\u015fim s\u00fcreci hakk\u0131nda bilgi verdi.<\/p>\n<p>Son y\u0131llarda yapay zek\u00e2n\u0131n ortaya \u00e7\u0131kmas\u0131 ve geli\u015fmesiyle birlikte habercilik s\u00fcre\u00e7lerinde de baz\u0131 de\u011fi\u015fimlerin ya\u015fand\u0131\u011f\u0131na dikkat \u00e7eken \u00c7er\u00e7i, \u201cG\u00fcn\u00fcm\u00fczde bir ara\u015ft\u0131rma yap\u0131lmak istendi\u011finde ilk ba\u015fvurulan kaynaklardan bir tanesi yapay zek\u00e2 oluyor. Bu s\u0131rada yapay zek\u00e2n\u0131n payla\u015ft\u0131\u011f\u0131 t\u00fcm bilgiler do\u011fru olarak kabul ediliyor. Buradaki bilgiler haberde kullan\u0131lacaksa iki ad\u0131ml\u0131 bir do\u011frulama yapmak gerekir.\u201d \u015feklinde konu\u015ftu.<\/p>\n<p>Bas\u0131n sekt\u00f6r\u00fcne yeni ad\u0131m atan gazeteci adaylar\u0131 i\u00e7in de tavsiyelerde bulunan \u00c7erci, gazeteci olmak isteyen \u00f6\u011frencilerin \u00f6nce kendilerini tan\u0131malar\u0131 gerekti\u011fini belirterek, daha sonra kimselerin konu\u015fmad\u0131\u011f\u0131 konular\u0131 bulmak ve bu konular \u00fc\u00fczerine halk\u0131n merak\u0131n\u0131 gidermek i\u00e7in ara\u015ft\u0131rma yapmak gerekti\u011finin alt\u0131n\u0131 \u00e7izdi. Son olarak yeni gazetecilik alanlar\u0131na da de\u011finen \u00c7er\u00e7i, \u00a0\u201cekoloji habercili\u011fi, vir\u00fcs muhabirli\u011fi, iklim muhabirli\u011fi, g\u00f6\u00e7 muhabirli\u011fi\u2026 \u201c gibi habercilik t\u00fcrlerinin gelecekte \u00f6n planda olaca\u011f\u0131n\u0131 ifade ederek konu\u015fmas\u0131n\u0131 noktalad\u0131.<\/p>\n<p><strong>Muhabir: Miray \u015eayan<\/strong><\/p>\n","protected":false},"excerpt":{"rendered":"<p>Daktilodan Yapay Zek\u00e2ya Habercilik\u00a0 \u0130stanbul Ticaret \u00dcniversitesi Medya ve \u0130leti\u015fim B\u00f6l\u00fcm\u00fc b\u00fcnyesinde d\u00fczenlenen \u201cDaktilodan Yapay Zek\u00e2ya Habercilik\u201d ba\u015fl\u0131kl\u0131 etkinlik, \u0130stanbul Ticaret Odas\u0131 Bas\u0131n Birimi\u2019nden Gazeteci Tamer \u00c7er\u00e7i\u2019nin kat\u0131l\u0131m\u0131yla 13 Ekim Cuma g\u00fcn\u00fc S\u00fctl\u00fcce Kamp\u00fcs\u00fc\u2019nde ger\u00e7ekle\u015ftirildi. \u0130stanbul Ticaret Odas\u0131 Bas\u0131n Birimi\u2019nde \u00e7al\u0131\u015fan Gazeteci Tamer \u00c7er\u00e7i d\u00fczenlenen etkinlikte habercili\u011fin daktilodan yapay zek\u00e2ya olan s\u00fcrecine dair bilgi verirken, [&hellip;]<\/p>\n","protected":false},"author":1,"featured_media":0,"parent":0,"menu_order":0,"comment_status":"closed","ping_status":"closed","template":"pages\/homepage.php","meta":{"footnotes":""},"yoast_head":"<!-- This site is optimized with the Yoast SEO Premium plugin v22.1 (Yoast SEO v22.1) - https:\/\/yoast.com\/wordpress\/plugins\/seo\/ -->\n<title>Ana Sayfa - Medya ve \u0130leti\u015fim<\/title>\n<meta name=\"robots\" content=\"index, follow, max-snippet:-1, max-image-preview:large, max-video-preview:-1\" \/>\n<link rel=\"canonical\" href=\"http:\/\/ticaret.edu.tr\/medya-ve-iletisim\/\" \/>\n<meta property=\"og:locale\" content=\"tr_TR\" \/>\n<meta property=\"og:type\" content=\"article\" \/>\n<meta property=\"og:title\" content=\"Ana Sayfa\" \/>\n<meta property=\"og:description\" content=\"Daktilodan Yapay Zek\u00e2ya Habercilik\u00a0 \u0130stanbul Ticaret \u00dcniversitesi Medya ve \u0130leti\u015fim B\u00f6l\u00fcm\u00fc b\u00fcnyesinde d\u00fczenlenen \u201cDaktilodan Yapay Zek\u00e2ya Habercilik\u201d ba\u015fl\u0131kl\u0131 etkinlik, \u0130stanbul Ticaret Odas\u0131 Bas\u0131n Birimi\u2019nden Gazeteci Tamer \u00c7er\u00e7i\u2019nin kat\u0131l\u0131m\u0131yla 13 Ekim Cuma g\u00fcn\u00fc S\u00fctl\u00fcce Kamp\u00fcs\u00fc\u2019nde ger\u00e7ekle\u015ftirildi. \u0130stanbul Ticaret Odas\u0131 Bas\u0131n Birimi\u2019nde \u00e7al\u0131\u015fan Gazeteci Tamer \u00c7er\u00e7i d\u00fczenlenen etkinlikte habercili\u011fin daktilodan yapay zek\u00e2ya olan s\u00fcrecine dair bilgi verirken, [&hellip;]\" \/>\n<meta property=\"og:url\" content=\"http:\/\/ticaret.edu.tr\/medya-ve-iletisim\/\" \/>\n<meta property=\"og:site_name\" content=\"Medya ve \u0130leti\u015fim\" \/>\n<meta property=\"article:publisher\" content=\"https:\/\/www.facebook.com\/ticaretedutr\" \/>\n<meta property=\"article:modified_time\" content=\"2025-02-07T12:32:47+00:00\" \/>\n<meta property=\"og:image\" content=\"http:\/\/ticaret.edu.tr\/medya-ve-iletisim\/wp-content\/uploads\/sites\/14\/2023\/11\/DSC09048-1024x576.jpg\" \/>\n<meta name=\"twitter:card\" content=\"summary_large_image\" \/>\n<meta name=\"twitter:site\" content=\"@ticaretedutr\" \/>\n<meta name=\"twitter:label1\" content=\"Tahmini okuma s\u00fcresi\" \/>\n\t<meta name=\"twitter:data1\" content=\"2 dakika\" \/>\n<script type=\"application\/ld+json\" class=\"yoast-schema-graph\">{\"@context\":\"https:\/\/schema.org\",\"@graph\":[{\"@type\":\"WebPage\",\"@id\":\"http:\/\/ticaret.edu.tr\/medya-ve-iletisim\/\",\"url\":\"http:\/\/ticaret.edu.tr\/medya-ve-iletisim\/\",\"name\":\"Ana Sayfa - Medya ve \u0130leti\u015fim\",\"isPartOf\":{\"@id\":\"http:\/\/ticaret.edu.tr\/medya-ve-iletisim\/#website\"},\"datePublished\":\"2020-05-03T09:15:33+00:00\",\"dateModified\":\"2025-02-07T12:32:47+00:00\",\"breadcrumb\":{\"@id\":\"http:\/\/ticaret.edu.tr\/medya-ve-iletisim\/#breadcrumb\"},\"inLanguage\":\"tr\",\"potentialAction\":[{\"@type\":\"ReadAction\",\"target\":[\"http:\/\/ticaret.edu.tr\/medya-ve-iletisim\/\"]}]},{\"@type\":\"BreadcrumbList\",\"@id\":\"http:\/\/ticaret.edu.tr\/medya-ve-iletisim\/#breadcrumb\",\"itemListElement\":[{\"@type\":\"ListItem\",\"position\":1,\"name\":\"Ana sayfa\",\"item\":\"http:\/\/ticaret.edu.tr\/medya-ve-iletisim\/\"},{\"@type\":\"ListItem\",\"position\":2,\"name\":\"Ana Sayfa\"}]},{\"@type\":\"WebSite\",\"@id\":\"http:\/\/ticaret.edu.tr\/medya-ve-iletisim\/#website\",\"url\":\"http:\/\/ticaret.edu.tr\/medya-ve-iletisim\/\",\"name\":\"Medya ve \u0130leti\u015fim\",\"description\":\"\",\"potentialAction\":[{\"@type\":\"SearchAction\",\"target\":{\"@type\":\"EntryPoint\",\"urlTemplate\":\"http:\/\/ticaret.edu.tr\/medya-ve-iletisim\/?s={search_term_string}\"},\"query-input\":\"required name=search_term_string\"}],\"inLanguage\":\"tr\"}]}<\/script>\n<!-- \/ Yoast SEO Premium plugin. -->","yoast_head_json":{"title":"Ana Sayfa - Medya ve \u0130leti\u015fim","robots":{"index":"index","follow":"follow","max-snippet":"max-snippet:-1","max-image-preview":"max-image-preview:large","max-video-preview":"max-video-preview:-1"},"canonical":"http:\/\/ticaret.edu.tr\/medya-ve-iletisim\/","og_locale":"tr_TR","og_type":"article","og_title":"Ana Sayfa","og_description":"Daktilodan Yapay Zek\u00e2ya Habercilik\u00a0 \u0130stanbul Ticaret \u00dcniversitesi Medya ve \u0130leti\u015fim B\u00f6l\u00fcm\u00fc b\u00fcnyesinde d\u00fczenlenen \u201cDaktilodan Yapay Zek\u00e2ya Habercilik\u201d ba\u015fl\u0131kl\u0131 etkinlik, \u0130stanbul Ticaret Odas\u0131 Bas\u0131n Birimi\u2019nden Gazeteci Tamer \u00c7er\u00e7i\u2019nin kat\u0131l\u0131m\u0131yla 13 Ekim Cuma g\u00fcn\u00fc S\u00fctl\u00fcce Kamp\u00fcs\u00fc\u2019nde ger\u00e7ekle\u015ftirildi. \u0130stanbul Ticaret Odas\u0131 Bas\u0131n Birimi\u2019nde \u00e7al\u0131\u015fan Gazeteci Tamer \u00c7er\u00e7i d\u00fczenlenen etkinlikte habercili\u011fin daktilodan yapay zek\u00e2ya olan s\u00fcrecine dair bilgi verirken, [&hellip;]","og_url":"http:\/\/ticaret.edu.tr\/medya-ve-iletisim\/","og_site_name":"Medya ve \u0130leti\u015fim","article_publisher":"https:\/\/www.facebook.com\/ticaretedutr","article_modified_time":"2025-02-07T12:32:47+00:00","og_image":[{"url":"http:\/\/ticaret.edu.tr\/medya-ve-iletisim\/wp-content\/uploads\/sites\/14\/2023\/11\/DSC09048-1024x576.jpg"}],"twitter_card":"summary_large_image","twitter_site":"@ticaretedutr","twitter_misc":{"Tahmini okuma s\u00fcresi":"2 dakika"},"schema":{"@context":"https:\/\/schema.org","@graph":[{"@type":"WebPage","@id":"http:\/\/ticaret.edu.tr\/medya-ve-iletisim\/","url":"http:\/\/ticaret.edu.tr\/medya-ve-iletisim\/","name":"Ana Sayfa - Medya ve \u0130leti\u015fim","isPartOf":{"@id":"http:\/\/ticaret.edu.tr\/medya-ve-iletisim\/#website"},"datePublished":"2020-05-03T09:15:33+00:00","dateModified":"2025-02-07T12:32:47+00:00","breadcrumb":{"@id":"http:\/\/ticaret.edu.tr\/medya-ve-iletisim\/#breadcrumb"},"inLanguage":"tr","potentialAction":[{"@type":"ReadAction","target":["http:\/\/ticaret.edu.tr\/medya-ve-iletisim\/"]}]},{"@type":"BreadcrumbList","@id":"http:\/\/ticaret.edu.tr\/medya-ve-iletisim\/#breadcrumb","itemListElement":[{"@type":"ListItem","position":1,"name":"Ana sayfa","item":"http:\/\/ticaret.edu.tr\/medya-ve-iletisim\/"},{"@type":"ListItem","position":2,"name":"Ana Sayfa"}]},{"@type":"WebSite","@id":"http:\/\/ticaret.edu.tr\/medya-ve-iletisim\/#website","url":"http:\/\/ticaret.edu.tr\/medya-ve-iletisim\/","name":"Medya ve \u0130leti\u015fim","description":"","potentialAction":[{"@type":"SearchAction","target":{"@type":"EntryPoint","urlTemplate":"http:\/\/ticaret.edu.tr\/medya-ve-iletisim\/?s={search_term_string}"},"query-input":"required name=search_term_string"}],"inLanguage":"tr"}]}},"lang":"tr","translations":{"en":314,"tr":10},"pll_sync_post":[],"_links":{"self":[{"href":"http:\/\/ticaret.edu.tr\/medya-ve-iletisim\/wp-json\/wp\/v2\/pages\/10"}],"collection":[{"href":"http:\/\/ticaret.edu.tr\/medya-ve-iletisim\/wp-json\/wp\/v2\/pages"}],"about":[{"href":"http:\/\/ticaret.edu.tr\/medya-ve-iletisim\/wp-json\/wp\/v2\/types\/page"}],"author":[{"embeddable":true,"href":"http:\/\/ticaret.edu.tr\/medya-ve-iletisim\/wp-json\/wp\/v2\/users\/1"}],"replies":[{"embeddable":true,"href":"http:\/\/ticaret.edu.tr\/medya-ve-iletisim\/wp-json\/wp\/v2\/comments?post=10"}],"version-history":[{"count":16,"href":"http:\/\/ticaret.edu.tr\/medya-ve-iletisim\/wp-json\/wp\/v2\/pages\/10\/revisions"}],"predecessor-version":[{"id":2511,"href":"http:\/\/ticaret.edu.tr\/medya-ve-iletisim\/wp-json\/wp\/v2\/pages\/10\/revisions\/2511"}],"wp:attachment":[{"href":"http:\/\/ticaret.edu.tr\/medya-ve-iletisim\/wp-json\/wp\/v2\/media?parent=10"}],"curies":[{"name":"wp","href":"https:\/\/api.w.org\/{rel}","templated":true}]}}