{"id":1562,"date":"2025-01-26T21:49:19","date_gmt":"2025-01-26T18:49:19","guid":{"rendered":"https:\/\/ticaret.edu.tr\/medya-ve-iletisim\/?page_id=1562"},"modified":"2025-12-23T15:51:25","modified_gmt":"2025-12-23T12:51:25","slug":"ogrenci-danismanlari","status":"publish","type":"page","link":"http:\/\/ticaret.edu.tr\/medya-ve-iletisim\/ogrenci-danismanlari\/","title":{"rendered":"\u00d6\u011frenci Dan\u0131\u015fmanlar\u0131"},"content":{"rendered":"<table width=\"587\">\n<tbody>\n<tr>\n<td width=\"143\"><strong>Program<\/strong><\/td>\n<td width=\"141\"><strong>S\u0131n\u0131f<\/strong><\/td>\n<td width=\"303\"><strong>Dan\u0131\u015fman<\/strong><\/td>\n<\/tr>\n<tr>\n<td width=\"143\">Medya ve \u0130leti\u015fim T\u00fcrk\u00e7e\u00a0 &amp; %30 \u0130ng. Lisans<\/td>\n<td>1<\/td>\n<td>Do\u00e7.Dr. Berk \u00c7AYCI<\/td>\n<\/tr>\n<tr>\n<td width=\"143\">Medya ve \u0130leti\u015fim T\u00fcrk\u00e7e\u00a0 &amp; %30 \u0130ng. Lisans<\/td>\n<td>2<\/td>\n<td>Dr. \u00d6\u011fr. \u00dcyesi Sena AYDIN<\/td>\n<\/tr>\n<tr>\n<td width=\"143\">Medya ve \u0130leti\u015fim T\u00fcrk\u00e7e\u00a0 &amp; %30 \u0130ng. Lisans<\/td>\n<td>3<\/td>\n<td>Do\u00e7.Dr. Kenan DUMAN<\/td>\n<\/tr>\n<tr>\n<td width=\"143\">Medya ve \u0130leti\u015fim T\u00fcrk\u00e7e\u00a0 &amp; %30 \u0130ng. Lisans<\/td>\n<td>4<\/td>\n<td>\u00d6\u011fr.G\u00f6r.Dr.Erkan TURAN<\/td>\n<\/tr>\n<tr>\n<td rowspan=\"2\" width=\"143\">Medya ve \u0130leti\u015fim \u00c7al\u0131\u015fmalar\u0131\u00a0Lisans\u00fcst\u00fc Programlar\u0131<\/td>\n<td>Y\u00fcksek Lisans<\/td>\n<td>Do\u00e7.Dr. Berk \u00c7AYCI<\/td>\n<\/tr>\n<tr>\n<td>Doktora<\/td>\n<td>&nbsp;<\/p>\n<p>Dr. \u00d6\u011fr. \u00dcyesi Sena AYDIN<\/p>\n<p>&nbsp;<\/td>\n<\/tr>\n<\/tbody>\n<\/table>\n","protected":false},"excerpt":{"rendered":"<p>Program S\u0131n\u0131f Dan\u0131\u015fman Medya ve \u0130leti\u015fim T\u00fcrk\u00e7e\u00a0 &amp; %30 \u0130ng. Lisans 1 Do\u00e7.Dr. Berk \u00c7AYCI Medya ve \u0130leti\u015fim T\u00fcrk\u00e7e\u00a0 &amp; %30 \u0130ng. Lisans 2 Dr. \u00d6\u011fr. \u00dcyesi Sena AYDIN Medya ve \u0130leti\u015fim T\u00fcrk\u00e7e\u00a0 &amp; %30 \u0130ng. Lisans 3 Do\u00e7.Dr. Kenan DUMAN Medya ve \u0130leti\u015fim T\u00fcrk\u00e7e\u00a0 &amp; %30 \u0130ng. Lisans 4 \u00d6\u011fr.G\u00f6r.Dr.Erkan TURAN Medya ve \u0130leti\u015fim [&hellip;]<\/p>\n","protected":false},"author":43,"featured_media":0,"parent":0,"menu_order":0,"comment_status":"closed","ping_status":"closed","template":"genel_sayfa.php","meta":{"footnotes":""},"yoast_head":"<!-- This site is optimized with the Yoast SEO Premium plugin v22.1 (Yoast SEO v22.1) - https:\/\/yoast.com\/wordpress\/plugins\/seo\/ -->\n<title>\u00d6\u011frenci Dan\u0131\u015fmanlar\u0131 - Medya ve \u0130leti\u015fim<\/title>\n<meta name=\"robots\" content=\"index, follow, max-snippet:-1, max-image-preview:large, max-video-preview:-1\" \/>\n<link rel=\"canonical\" href=\"https:\/\/ticaret.edu.tr\/medya-ve-iletisim\/ogrenci-danismanlari\/\" \/>\n<meta property=\"og:locale\" content=\"tr_TR\" \/>\n<meta property=\"og:type\" content=\"article\" \/>\n<meta property=\"og:title\" content=\"\u00d6\u011frenci Dan\u0131\u015fmanlar\u0131\" \/>\n<meta property=\"og:description\" content=\"Program S\u0131n\u0131f Dan\u0131\u015fman Medya ve \u0130leti\u015fim T\u00fcrk\u00e7e\u00a0 &amp; %30 \u0130ng. Lisans 1 Do\u00e7.Dr. Berk \u00c7AYCI Medya ve \u0130leti\u015fim T\u00fcrk\u00e7e\u00a0 &amp; %30 \u0130ng. Lisans 2 Dr. \u00d6\u011fr. \u00dcyesi Sena AYDIN Medya ve \u0130leti\u015fim T\u00fcrk\u00e7e\u00a0 &amp; %30 \u0130ng. Lisans 3 Do\u00e7.Dr. Kenan DUMAN Medya ve \u0130leti\u015fim T\u00fcrk\u00e7e\u00a0 &amp; %30 \u0130ng. Lisans 4 \u00d6\u011fr.G\u00f6r.Dr.Erkan TURAN Medya ve \u0130leti\u015fim [&hellip;]\" \/>\n<meta property=\"og:url\" content=\"https:\/\/ticaret.edu.tr\/medya-ve-iletisim\/ogrenci-danismanlari\/\" \/>\n<meta property=\"og:site_name\" content=\"Medya ve \u0130leti\u015fim\" \/>\n<meta property=\"article:publisher\" content=\"https:\/\/www.facebook.com\/ticaretedutr\" \/>\n<meta property=\"article:modified_time\" content=\"2025-12-23T12:51:25+00:00\" \/>\n<meta property=\"og:image\" content=\"http:\/\/ticaret.edu.tr\/medya-ve-iletisim\/wp-content\/uploads\/sites\/14\/2021\/11\/web_logo-01.jpg\" \/>\n\t<meta property=\"og:image:width\" content=\"1250\" \/>\n\t<meta property=\"og:image:height\" content=\"833\" \/>\n\t<meta property=\"og:image:type\" content=\"image\/jpeg\" \/>\n<meta name=\"twitter:card\" content=\"summary_large_image\" \/>\n<meta name=\"twitter:site\" content=\"@ticaretedutr\" \/>\n<meta name=\"twitter:label1\" content=\"Tahmini okuma s\u00fcresi\" \/>\n\t<meta name=\"twitter:data1\" content=\"1 dakika\" \/>\n<script type=\"application\/ld+json\" class=\"yoast-schema-graph\">{\"@context\":\"https:\/\/schema.org\",\"@graph\":[{\"@type\":\"WebPage\",\"@id\":\"https:\/\/ticaret.edu.tr\/medya-ve-iletisim\/ogrenci-danismanlari\/\",\"url\":\"https:\/\/ticaret.edu.tr\/medya-ve-iletisim\/ogrenci-danismanlari\/\",\"name\":\"\u00d6\u011frenci Dan\u0131\u015fmanlar\u0131 - Medya ve \u0130leti\u015fim\",\"isPartOf\":{\"@id\":\"http:\/\/ticaret.edu.tr\/medya-ve-iletisim\/#website\"},\"datePublished\":\"2025-01-26T18:49:19+00:00\",\"dateModified\":\"2025-12-23T12:51:25+00:00\",\"breadcrumb\":{\"@id\":\"https:\/\/ticaret.edu.tr\/medya-ve-iletisim\/ogrenci-danismanlari\/#breadcrumb\"},\"inLanguage\":\"tr\",\"potentialAction\":[{\"@type\":\"ReadAction\",\"target\":[\"https:\/\/ticaret.edu.tr\/medya-ve-iletisim\/ogrenci-danismanlari\/\"]}]},{\"@type\":\"BreadcrumbList\",\"@id\":\"https:\/\/ticaret.edu.tr\/medya-ve-iletisim\/ogrenci-danismanlari\/#breadcrumb\",\"itemListElement\":[{\"@type\":\"ListItem\",\"position\":1,\"name\":\"Ana sayfa\",\"item\":\"http:\/\/ticaret.edu.tr\/medya-ve-iletisim\/\"},{\"@type\":\"ListItem\",\"position\":2,\"name\":\"\u00d6\u011frenci Dan\u0131\u015fmanlar\u0131\"}]},{\"@type\":\"WebSite\",\"@id\":\"http:\/\/ticaret.edu.tr\/medya-ve-iletisim\/#website\",\"url\":\"http:\/\/ticaret.edu.tr\/medya-ve-iletisim\/\",\"name\":\"Medya ve \u0130leti\u015fim\",\"description\":\"\",\"potentialAction\":[{\"@type\":\"SearchAction\",\"target\":{\"@type\":\"EntryPoint\",\"urlTemplate\":\"http:\/\/ticaret.edu.tr\/medya-ve-iletisim\/?s={search_term_string}\"},\"query-input\":\"required name=search_term_string\"}],\"inLanguage\":\"tr\"}]}<\/script>\n<!-- \/ Yoast SEO Premium plugin. -->","yoast_head_json":{"title":"\u00d6\u011frenci Dan\u0131\u015fmanlar\u0131 - Medya ve \u0130leti\u015fim","robots":{"index":"index","follow":"follow","max-snippet":"max-snippet:-1","max-image-preview":"max-image-preview:large","max-video-preview":"max-video-preview:-1"},"canonical":"https:\/\/ticaret.edu.tr\/medya-ve-iletisim\/ogrenci-danismanlari\/","og_locale":"tr_TR","og_type":"article","og_title":"\u00d6\u011frenci Dan\u0131\u015fmanlar\u0131","og_description":"Program S\u0131n\u0131f Dan\u0131\u015fman Medya ve \u0130leti\u015fim T\u00fcrk\u00e7e\u00a0 &amp; %30 \u0130ng. Lisans 1 Do\u00e7.Dr. Berk \u00c7AYCI Medya ve \u0130leti\u015fim T\u00fcrk\u00e7e\u00a0 &amp; %30 \u0130ng. Lisans 2 Dr. \u00d6\u011fr. \u00dcyesi Sena AYDIN Medya ve \u0130leti\u015fim T\u00fcrk\u00e7e\u00a0 &amp; %30 \u0130ng. Lisans 3 Do\u00e7.Dr. Kenan DUMAN Medya ve \u0130leti\u015fim T\u00fcrk\u00e7e\u00a0 &amp; %30 \u0130ng. Lisans 4 \u00d6\u011fr.G\u00f6r.Dr.Erkan TURAN Medya ve \u0130leti\u015fim [&hellip;]","og_url":"https:\/\/ticaret.edu.tr\/medya-ve-iletisim\/ogrenci-danismanlari\/","og_site_name":"Medya ve \u0130leti\u015fim","article_publisher":"https:\/\/www.facebook.com\/ticaretedutr","article_modified_time":"2025-12-23T12:51:25+00:00","og_image":[{"width":1250,"height":833,"url":"http:\/\/ticaret.edu.tr\/medya-ve-iletisim\/wp-content\/uploads\/sites\/14\/2021\/11\/web_logo-01.jpg","type":"image\/jpeg"}],"twitter_card":"summary_large_image","twitter_site":"@ticaretedutr","twitter_misc":{"Tahmini okuma s\u00fcresi":"1 dakika"},"schema":{"@context":"https:\/\/schema.org","@graph":[{"@type":"WebPage","@id":"https:\/\/ticaret.edu.tr\/medya-ve-iletisim\/ogrenci-danismanlari\/","url":"https:\/\/ticaret.edu.tr\/medya-ve-iletisim\/ogrenci-danismanlari\/","name":"\u00d6\u011frenci Dan\u0131\u015fmanlar\u0131 - Medya ve \u0130leti\u015fim","isPartOf":{"@id":"http:\/\/ticaret.edu.tr\/medya-ve-iletisim\/#website"},"datePublished":"2025-01-26T18:49:19+00:00","dateModified":"2025-12-23T12:51:25+00:00","breadcrumb":{"@id":"https:\/\/ticaret.edu.tr\/medya-ve-iletisim\/ogrenci-danismanlari\/#breadcrumb"},"inLanguage":"tr","potentialAction":[{"@type":"ReadAction","target":["https:\/\/ticaret.edu.tr\/medya-ve-iletisim\/ogrenci-danismanlari\/"]}]},{"@type":"BreadcrumbList","@id":"https:\/\/ticaret.edu.tr\/medya-ve-iletisim\/ogrenci-danismanlari\/#breadcrumb","itemListElement":[{"@type":"ListItem","position":1,"name":"Ana sayfa","item":"http:\/\/ticaret.edu.tr\/medya-ve-iletisim\/"},{"@type":"ListItem","position":2,"name":"\u00d6\u011frenci Dan\u0131\u015fmanlar\u0131"}]},{"@type":"WebSite","@id":"http:\/\/ticaret.edu.tr\/medya-ve-iletisim\/#website","url":"http:\/\/ticaret.edu.tr\/medya-ve-iletisim\/","name":"Medya ve \u0130leti\u015fim","description":"","potentialAction":[{"@type":"SearchAction","target":{"@type":"EntryPoint","urlTemplate":"http:\/\/ticaret.edu.tr\/medya-ve-iletisim\/?s={search_term_string}"},"query-input":"required name=search_term_string"}],"inLanguage":"tr"}]}},"lang":"tr","translations":{"en":1564,"tr":1562},"pll_sync_post":[],"_links":{"self":[{"href":"http:\/\/ticaret.edu.tr\/medya-ve-iletisim\/wp-json\/wp\/v2\/pages\/1562"}],"collection":[{"href":"http:\/\/ticaret.edu.tr\/medya-ve-iletisim\/wp-json\/wp\/v2\/pages"}],"about":[{"href":"http:\/\/ticaret.edu.tr\/medya-ve-iletisim\/wp-json\/wp\/v2\/types\/page"}],"author":[{"embeddable":true,"href":"http:\/\/ticaret.edu.tr\/medya-ve-iletisim\/wp-json\/wp\/v2\/users\/43"}],"replies":[{"embeddable":true,"href":"http:\/\/ticaret.edu.tr\/medya-ve-iletisim\/wp-json\/wp\/v2\/comments?post=1562"}],"version-history":[{"count":8,"href":"http:\/\/ticaret.edu.tr\/medya-ve-iletisim\/wp-json\/wp\/v2\/pages\/1562\/revisions"}],"predecessor-version":[{"id":1999,"href":"http:\/\/ticaret.edu.tr\/medya-ve-iletisim\/wp-json\/wp\/v2\/pages\/1562\/revisions\/1999"}],"wp:attachment":[{"href":"http:\/\/ticaret.edu.tr\/medya-ve-iletisim\/wp-json\/wp\/v2\/media?parent=1562"}],"curies":[{"name":"wp","href":"https:\/\/api.w.org\/{rel}","templated":true}]}}