{"id":1572,"date":"2025-01-26T21:52:33","date_gmt":"2025-01-26T18:52:33","guid":{"rendered":"https:\/\/ticaret.edu.tr\/medya-ve-iletisim\/?page_id=1572"},"modified":"2026-01-31T23:59:20","modified_gmt":"2026-01-31T20:59:20","slug":"department-boards-and-committees","status":"publish","type":"page","link":"http:\/\/ticaret.edu.tr\/medya-ve-iletisim\/en\/department-boards-and-committees\/","title":{"rendered":"Department Boards and Committees"},"content":{"rendered":"<table width=\"958\">\n<tbody>\n<tr>\n<td style=\"text-align: center\" colspan=\"4\" width=\"958\">\n<p class=\"mb-2\"><strong style=\"font-family: inherit;font-size: inherit\">FACULTY OF COMMUNICATION\u00a0<\/strong><\/p>\n<\/td>\n<\/tr>\n<tr>\n<td colspan=\"2\"><strong>Quality Assurance Committee<\/strong><\/td>\n<td>E-posta<\/td>\n<td>Dahili<\/td>\n<\/tr>\n<tr>\n<td>Dean<\/td>\n<td>Prof. Dr. R\u0131dvan \u015eent\u00fcrk<\/td>\n<td><a href=\"mailto:rsenturk@ticaret.edu.tr\">rsenturk@ticaret.edu.tr<\/a><\/td>\n<td>4123<\/td>\n<\/tr>\n<tr>\n<td>Vice Dean<\/td>\n<td>Do\u00e7. Dr. G\u00f6zde Sunal K\u0131z\u0131l<\/td>\n<td><a href=\"mailto:gsunal@ticaret.edu.tr\">gsunal@ticaret.edu.tr<\/a><\/td>\n<td>4127<\/td>\n<\/tr>\n<tr>\n<td>Media and Communication<\/td>\n<td width=\"335\">Dr. \u00d6\u011fr. \u00dcyesi Sena Ayd\u0131n<\/td>\n<td><a href=\"mailto:senaaydin@ticaret.edu.tr\">senaaydin@ticaret.edu.tr<\/a><\/td>\n<td>4119<\/td>\n<\/tr>\n<tr>\n<td>Visual Communication Design<\/td>\n<td width=\"335\">Dr. \u00d6\u011fr. \u00dcyesi Erdem G\u00f6ktepe<\/td>\n<td width=\"191\"><a href=\"mailto:egoktepe@ticaret.edu.tr\">egoktepe@ticaret.edu.tr<\/a><\/td>\n<td>4112<\/td>\n<\/tr>\n<tr>\n<td>Public Relations and Advertising<\/td>\n<td>Prof. Dr. Hilal \u00d6zden \u00d6zdemir \u00c7ak\u0131r<\/td>\n<td><a href=\"mailto:hozdemir@ticaret.edu.tr\">hozdemir@ticaret.edu.tr<\/a><\/td>\n<td>4113<\/td>\n<\/tr>\n<tr>\n<td>Faculty Secretary<\/td>\n<td>Abd\u00fclhalim Demir<\/td>\n<td><a href=\"mailto:ahdemir@ticaret.edu.tr\">ahdemir@ticaret.edu.tr<\/a><\/td>\n<td>4600<\/td>\n<\/tr>\n<tr>\n<td>Student<\/td>\n<td>I\u015f\u0131l Deniz Aslan<\/td>\n<td><a href=\"mailto:denizsultanaslan@gmail.com\">denizsultanaslan@gmail.com<\/a><\/td>\n<td>&#8211;<\/td>\n<\/tr>\n<tr>\n<td colspan=\"2\"><strong>Department\u2019s Quality Assurance Committee<\/strong><\/td>\n<td rowspan=\"2\">E-posta<\/td>\n<td rowspan=\"2\">Dahili<\/td>\n<\/tr>\n<tr>\n<td colspan=\"2\">Visual Communication Design<\/td>\n<\/tr>\n<tr>\n<td>Head of Department<\/td>\n<td>Prof. Dr. R\u0131dvan \u015eent\u00fcrk<\/td>\n<td><a href=\"mailto:rsenturk@ticaret.edu.tr\">rsenturk@ticaret.edu.tr<\/a><\/td>\n<td>4123<\/td>\n<\/tr>\n<tr>\n<td>Elected Member<\/td>\n<td>Do\u00e7. Dr. G\u00f6zde Sunal K\u0131z\u0131l<\/td>\n<td><a href=\"mailto:gsunal@ticaret.edu.tr\">gsunal@ticaret.edu.tr<\/a><\/td>\n<td>4127<\/td>\n<\/tr>\n<tr>\n<td>Unit\u2019s Quality Ambassadors<\/td>\n<td>Dr. \u00d6\u011fr. \u00dcyesi Erdem G\u00f6ktepe<\/td>\n<td width=\"191\"><a href=\"mailto:egoktepe@ticaret.edu.tr\">egoktepe@ticaret.edu.tr<\/a><\/td>\n<td>4112<\/td>\n<\/tr>\n<tr>\n<td>Student<\/td>\n<td>Buse Nihal Kaleli<\/td>\n<td><a href=\"mailto:busenihalkaleli@gmail.com\">busenihalkaleli@gmail.com<\/a><\/td>\n<td>&#8211;<\/td>\n<\/tr>\n<tr>\n<td colspan=\"2\">Media and Communication<\/td>\n<td>E-posta<\/td>\n<td>Dahili<\/td>\n<\/tr>\n<tr>\n<td>Head of Department<\/td>\n<td>Do\u00e7. Dr. G\u00f6zde Sunal K\u0131z\u0131l<\/td>\n<td><a href=\"mailto:gsunal@ticaret.edu.tr\">gsunal@ticaret.edu.tr<\/a><\/td>\n<td>4127<\/td>\n<\/tr>\n<tr>\n<td>Elected Member<\/td>\n<td>Dr. \u00d6\u011fr. \u00dcyesi Sena Ayd\u0131n<\/td>\n<td><a href=\"mailto:senaaydin@ticaret.edu.tr\">senaaydin@ticaret.edu.tr<\/a><\/td>\n<td>4119<\/td>\n<\/tr>\n<tr>\n<td>Unit\u2019s Quality Ambassadors<\/td>\n<td>Do\u00e7. Dr. Kenan Duman<\/td>\n<td><a href=\"mailto:kduman@ticaret.edu.tr\">kduman@ticaret.edu.tr<\/a><\/td>\n<td>4115<\/td>\n<\/tr>\n<tr>\n<td>Student<\/td>\n<td>Zeynep Berra D\u00fcndar<\/td>\n<td>&#8211;<\/td>\n<td>&#8211;<\/td>\n<\/tr>\n<tr>\n<td colspan=\"2\">Public Relations and Advertising<\/td>\n<td>E-posta<\/td>\n<td>Dahili<\/td>\n<\/tr>\n<tr>\n<td>Head of Department<\/td>\n<td>Prof. Dr. Yusuf Devran<\/td>\n<td><a href=\"mailto:ydevran@ticaret.edu.tr\">ydevran@ticaret.edu.tr<\/a><\/td>\n<td>4131<\/td>\n<\/tr>\n<tr>\n<td>Elected Member<\/td>\n<td>Prof. Dr. Hilal \u00d6zdemir \u00c7ak\u0131r<\/td>\n<td><a href=\"mailto:hozdemir@ticaret.edu.tr\">hozdemir@ticaret.edu.tr<\/a><\/td>\n<td>4113<\/td>\n<\/tr>\n<tr>\n<td>Unit\u2019s Quality Ambassadors<\/td>\n<td>Dr. \u00d6\u011fr. \u00dcyesi Gurur \u00d6yk\u00fcm G\u00fcven<\/td>\n<td><a href=\"mailto:goguven@ticaret.edu.tr\">goguven@ticaret.edu.tr<\/a><\/td>\n<td>4771<\/td>\n<\/tr>\n<tr>\n<td>Student<\/td>\n<td>Miray Aydo\u011fan<\/td>\n<td>&#8211;<\/td>\n<td>&#8211;<\/td>\n<\/tr>\n<tr>\n<td colspan=\"2\"><strong>Unit\u2019s Quality Ambassadors<\/strong><\/td>\n<td>E-posta<\/td>\n<td>Dahili<\/td>\n<\/tr>\n<tr>\n<td>Faculty of Communication<\/td>\n<td width=\"335\">Dr. \u00d6\u011fr. \u00dcyesi Erdem G\u00f6ktepe<\/td>\n<td width=\"191\"><a href=\"mailto:egoktepe@ticaret.edu.tr\">egoktepe@ticaret.edu.tr<\/a><\/td>\n<td>4112<\/td>\n<\/tr>\n<tr>\n<td>Media and Communication<\/td>\n<td>Do\u00e7. Dr. Kenan Duman<\/td>\n<td><a href=\"mailto:kduman@ticaret.edu.tr\">kduman@ticaret.edu.tr<\/a><\/td>\n<td>4115<\/td>\n<\/tr>\n<tr>\n<td>Visual Communication Design<\/td>\n<td width=\"335\">Dr. \u00d6\u011fr. \u00dcyesi Erdem G\u00f6ktepe<\/td>\n<td width=\"191\"><a href=\"mailto:egoktepe@ticaret.edu.tr\">egoktepe@ticaret.edu.tr<\/a><\/td>\n<td>4112<\/td>\n<\/tr>\n<tr>\n<td>Public Relations and Advertising<\/td>\n<td>Dr. \u00d6\u011fr. \u00dcyesi\u00a0 Gurur \u00d6yk\u00fcm G\u00fcven<\/td>\n<td><a href=\"mailto:goguven@ticaret.edu.tr\">goguven@ticaret.edu.tr<\/a><\/td>\n<td>4771<\/td>\n<\/tr>\n<tr>\n<td colspan=\"2\"><strong>Head of Department<\/strong><\/td>\n<td>E-posta<\/td>\n<td>Dahili<\/td>\n<\/tr>\n<tr>\n<td>Faculty of Communication<\/td>\n<td>Do\u00e7. Dr. G\u00f6zde Sunal K\u0131z\u0131l<\/td>\n<td><a href=\"mailto:gsunal@ticaret.edu.tr\">gsunal@ticaret.edu.tr<\/a><\/td>\n<td>4127<\/td>\n<\/tr>\n<tr>\n<td>Visual Communication Design<\/td>\n<td>Prof. Dr. R\u0131dvan \u015eent\u00fcrk<\/td>\n<td><a href=\"mailto:rsenturk@ticaret.edu.tr\">rsenturk@ticaret.edu.tr<\/a><\/td>\n<td>4123<\/td>\n<\/tr>\n<tr>\n<td>Public Relations and Advertising<\/td>\n<td>Prof. Dr. Yusuf Devran<\/td>\n<td><a href=\"mailto:ydevran@ticaret.edu.tr\">ydevran@ticaret.edu.tr<\/a><\/td>\n<td>4131<\/td>\n<\/tr>\n<tr>\n<td colspan=\"2\"><strong>Accreditation Commission<\/strong><\/td>\n<td>E-posta<\/td>\n<td>Dahili<\/td>\n<\/tr>\n<tr>\n<td rowspan=\"3\">Public Relations and Advertising<\/td>\n<td>Prof. Dr. Hilal \u00d6zden \u00d6zdemir \u00c7ak\u0131r<\/td>\n<td><a href=\"mailto:hozdemir@ticaret.edu.tr\">hozdemir@ticaret.edu.tr<\/a><\/td>\n<td>4113<\/td>\n<\/tr>\n<tr>\n<td>Dr. \u00d6\u011fr. \u00dcyesi Tolkun Soldan<\/td>\n<td><a href=\"mailto:tsoldan@ticaret.edu.tr\">tsoldan@ticaret.edu.tr<\/a><\/td>\n<td>4109<\/td>\n<\/tr>\n<tr>\n<td>Ar\u015f.G\u00f6r. Dr. Gurur \u00d6yk\u00fcm G\u00fcven<\/td>\n<td><a href=\"mailto:goguven@ticaret.edu.tr\">goguven@ticaret.edu.tr<\/a><\/td>\n<td>4771<\/td>\n<\/tr>\n<tr>\n<td><\/td>\n<td><\/td>\n<td><u>\u00a0<\/u><\/td>\n<td><\/td>\n<\/tr>\n<tr>\n<td rowspan=\"4\">Media and Communication<\/td>\n<td>Do\u00e7. Dr. Kenan Duman<\/td>\n<td><a href=\"mailto:kduman@ticaret.edu.tr\">kduman@ticaret.edu.tr<\/a><\/td>\n<td>4115<\/td>\n<\/tr>\n<tr>\n<td>Do\u00e7 Dr. \u00d6\u011fr. \u00dcyesi Berk \u00c7ayc\u0131<\/td>\n<td><a href=\"mailto:bcayci@ticaret.edu.tr\">bcayci@ticaret.edu.tr<\/a><\/td>\n<td>4129<\/td>\n<\/tr>\n<tr>\n<td>Dr. \u00d6\u011fr. \u00dcyesi Sena Ayd\u0131n<\/td>\n<td><a href=\"mailto:senaaydin@ticaret.edu.tr\">senaaydin@ticaret.edu.tr<\/a><\/td>\n<td>4119<\/td>\n<\/tr>\n<tr>\n<td>Ar\u015f. G\u00f6r. \u00d6zge Yerlikaya<\/td>\n<td><a href=\"mailto:oyerlikaya@ticaret.edu.tr\">oyerlikaya@ticaret.edu.tr<\/a><\/td>\n<td>4117<\/td>\n<\/tr>\n<tr>\n<td colspan=\"2\"><strong>Open Science and Open Access Commission Member<\/strong><\/td>\n<td>E-posta<\/td>\n<td>Dahili<\/td>\n<\/tr>\n<tr>\n<td colspan=\"2\">Do\u00e7 Dr. \u00d6\u011fr. \u00dcyesi Berk \u00c7ayc\u0131<\/td>\n<td><a href=\"mailto:bcayci@ticaret.edu.tr\">bcayci@ticaret.edu.tr<\/a><\/td>\n<td>4129<\/td>\n<\/tr>\n<tr>\n<td colspan=\"2\"><strong>Faculty Bologna Coordinator<\/strong><\/td>\n<td>E-posta<\/td>\n<td>Dahili<\/td>\n<\/tr>\n<tr>\n<td colspan=\"2\">Do\u00e7 Dr. Ay\u015feg\u00fcl \u00c7ayc\u0131<\/td>\n<td><a href=\"mailto:aekarag\u00fclle@ticaret.edu.tr\">aekarag\u00fclle@ticaret.edu.tr<\/a><\/td>\n<td>4132<\/td>\n<\/tr>\n<tr>\n<td colspan=\"2\"><strong>Erasmus\/Farabi Student Mobility Coordinators<\/strong><\/td>\n<td>E-posta<\/td>\n<td>Dahili<\/td>\n<\/tr>\n<tr>\n<td>Public Relations and Advertising<\/td>\n<td>Dr. \u00d6\u011fr. \u00dcyesi Tolkun Soldan<\/td>\n<td><a href=\"mailto:tsoldan@ticaret.edu.tr\">tsoldan@ticaret.edu.tr<\/a><\/td>\n<td>4109<\/td>\n<\/tr>\n<tr>\n<td>Media and Communication<\/td>\n<td>Dr. \u00d6\u011fr. \u00dcyesi Sena Ayd\u0131n<\/td>\n<td><a href=\"mailto:senaaydin@ticaret.edu.tr\">senaaydin@ticaret.edu.tr<\/a><\/td>\n<td>4119<\/td>\n<\/tr>\n<tr>\n<td>Visual Communication Design<\/td>\n<td>Prof. Dr. F\u00fcsun Alver<\/td>\n<td><a href=\"mailto:falver@ticaret.edu.tr\">falver@ticaret.edu.tr<\/a><\/td>\n<td>4155<\/td>\n<\/tr>\n<tr>\n<td colspan=\"2\"><strong>B\u00f6l\u00fcmlere G\u00f6re M\u00fcfredat ve Ders \u0130ntibaklar\u0131 Komisyonu<\/strong><\/td>\n<td>E-posta<\/td>\n<td>Dahili<\/td>\n<\/tr>\n<tr>\n<td>Public Relations and Advertising<\/td>\n<td>Prof. Dr. Yusuf Devran (Komisyon B\u015fk.)<\/td>\n<td><a href=\"mailto:ydevran@ticaret.edu.tr\">ydevran@ticaret.edu.tr<\/a><\/td>\n<td>4131<\/td>\n<\/tr>\n<tr>\n<td>Media and Communication<\/td>\n<td>Do\u00e7. Dr. G\u00f6zde Sunal K\u0131z\u0131l<\/td>\n<td><a href=\"mailto:gsunal@ticaret.edu.tr\">gsunal@ticaret.edu.tr<\/a><\/td>\n<td>4127<\/td>\n<\/tr>\n<tr>\n<td>Visual Communication Design<\/td>\n<td>Prof. Dr. R\u0131dvan \u015eent\u00fcrk<\/td>\n<td><a href=\"mailto:rsenturk@ticaret.edu.tr\">rsenturk@ticaret.edu.tr<\/a><\/td>\n<td>4123<\/td>\n<\/tr>\n<tr>\n<td colspan=\"2\"><strong>Commission for Evaluating Double Major-Minor \/ Lateral Transfer Applications<\/strong><\/td>\n<td>E-posta<\/td>\n<td>Dahili<\/td>\n<\/tr>\n<tr>\n<td>Head of Commissions<\/td>\n<td>Dr. \u00d6\u011fr. \u00dcyesi Dilge Kodak<\/td>\n<td><a href=\"mailto:dkodak@ticaret.edu.tr\">dkodak@ticaret.edu.tr<\/a><\/td>\n<td>4147<\/td>\n<\/tr>\n<tr>\n<td>Public Relations and Advertising<\/td>\n<td>Dr. \u00d6\u011fr. \u00dcyesi Tolkun Soldan<\/td>\n<td><a href=\"mailto:tsoldan@ticaret.edu.tr\">tsoldan@ticaret.edu.tr<\/a><\/td>\n<td>4109<\/td>\n<\/tr>\n<tr>\n<td>Media and Communication<\/td>\n<td>\u00d6\u011fr. G\u00f6r. Dr. Erkan Turan<\/td>\n<td><a href=\"mailto:eturan@ticaret.edu.tr\">eturan@ticaret.edu.tr<\/a><\/td>\n<td>4121<\/td>\n<\/tr>\n<tr>\n<td>Visual Communication Design<\/td>\n<td>\u00d6\u011fr. G\u00f6r. Alp Eren Erbay<\/td>\n<td><a href=\"mailto:aeerbay@ticaret.edu.tr\">aeerbay@ticaret.edu.tr<\/a><\/td>\n<td>4154<\/td>\n<\/tr>\n<tr>\n<td colspan=\"2\"><strong>Internship Commissions<\/strong><\/td>\n<td>E-posta<\/td>\n<td>Dahili<\/td>\n<\/tr>\n<tr>\n<td rowspan=\"3\" width=\"349\">Public Relations and Advertising<\/td>\n<td width=\"335\">Prof. Dr. Yusuf Devran (Komisyon B\u015fk.)<\/td>\n<td><a href=\"mailto:ydevran@ticaret.edu.tr\">ydevran@ticaret.edu.tr<\/a><\/td>\n<td>4131<\/td>\n<\/tr>\n<tr>\n<td>Do\u00e7 Dr. Ay\u015feg\u00fcl \u00c7ayc\u0131 (Staj Dan\u0131\u015fman\u0131)<\/td>\n<td><a href=\"mailto:aekarag\u00fclle@ticaret.edu.tr\">aekarag\u00fclle@ticaret.edu.tr<\/a><\/td>\n<td>4132<\/td>\n<\/tr>\n<tr>\n<td>Ar\u015f.G\u00f6r. Zeynep Sude Erilli Kulo\u011flu (\u00dcye)<\/td>\n<td>zsekuloglu@ticaret.edu.tr<\/td>\n<td>4118<\/td>\n<\/tr>\n<tr>\n<td width=\"349\"><\/td>\n<td width=\"335\"><\/td>\n<td width=\"191\"><\/td>\n<td><\/td>\n<\/tr>\n<tr>\n<td rowspan=\"3\" width=\"349\">Media and Communication<\/td>\n<td>Do\u00e7. Dr. G\u00f6zde Sunal K\u0131z\u0131l<\/td>\n<td><a href=\"mailto:gsunal@ticaret.edu.tr\">gsunal@ticaret.edu.tr<\/a><\/td>\n<td>4127<\/td>\n<\/tr>\n<tr>\n<td width=\"335\">Do\u00e7. Dr. Kenan Duman<br \/>\n(Staj Dan\u0131\u015fman\u0131)<\/td>\n<td><a href=\"mailto:kduman@ticaret.edu.tr\">kduman@ticaret.edu.tr<\/a><\/td>\n<td>4115<\/td>\n<\/tr>\n<tr>\n<td width=\"335\">Ar\u015f. G\u00f6r. \u00d6zge Yerlikaya (\u00dcye)<\/td>\n<td width=\"191\"><a href=\"mailto:oyerlikaya@ticaret.edu.tr\">oyerlikaya@ticaret.edu.tr<\/a><\/td>\n<td>4117<\/td>\n<\/tr>\n<tr>\n<td width=\"349\"><\/td>\n<td width=\"335\"><\/td>\n<td width=\"191\"><\/td>\n<td><\/td>\n<\/tr>\n<tr>\n<td rowspan=\"3\" width=\"349\">Visual Communication Design<\/td>\n<td width=\"335\">Prof. Dr. R\u0131dvan \u015eent\u00fcrk<br \/>\n(Komisyon B\u015fk.)<\/td>\n<td width=\"191\"><a href=\"mailto:rsenturk@ticaret.edu.tr\">rsenturk@ticaret.edu.tr<\/a><\/td>\n<td>4123<\/td>\n<\/tr>\n<tr>\n<td width=\"335\">Dr. \u00d6\u011fr. \u00dcyesi Muhammet Emin Albayrak (Staj Dan\u0131\u015fman\u0131)<\/td>\n<td><a href=\"mailto:mealbayrak@ticaret.edu.tr\">mealbayrak@ticaret.edu.tr<\/a><\/td>\n<td>4384<\/td>\n<\/tr>\n<tr>\n<td width=\"335\">Dr. \u00d6\u011fr. \u00dcyesi Erdem G\u00f6ktepe (\u00dcye)<\/td>\n<td width=\"191\"><a href=\"mailto:egoktepe@ticaret.edu.tr\">egoktepe@ticaret.edu.tr<\/a><\/td>\n<td>4112<\/td>\n<\/tr>\n<tr>\n<td colspan=\"2\"><strong>Survey Management System Coordinators<\/strong><\/td>\n<td>E-posta<\/td>\n<td>Dahili<\/td>\n<\/tr>\n<tr>\n<td>Public Relations and Advertising<\/td>\n<td>Do\u00e7 Dr. Ay\u015feg\u00fcl \u00c7ayc\u0131<\/td>\n<td><a href=\"mailto:aekarag\u00fclle@ticaret.edu.tr\">aekarag\u00fclle@ticaret.edu.tr<\/a><\/td>\n<td>4132<\/td>\n<\/tr>\n<tr>\n<td>Media and Communication<\/td>\n<td width=\"335\">Do\u00e7. Dr. Kenan Duman<\/td>\n<td><a href=\"mailto:kduman@ticaret.edu.tr\">kduman@ticaret.edu.tr<\/a><\/td>\n<td>4115<\/td>\n<\/tr>\n<tr>\n<td>Visual Communication Design<\/td>\n<td width=\"335\">Dr. \u00d6\u011fr. \u00dcyesi Erdem G\u00f6ktepe<\/td>\n<td width=\"191\"><a href=\"mailto:egoktepe@ticaret.edu.tr\">egoktepe@ticaret.edu.tr<\/a><\/td>\n<td>4112<\/td>\n<\/tr>\n<\/tbody>\n<\/table>\n","protected":false},"excerpt":{"rendered":"<p>FACULTY OF COMMUNICATION\u00a0 Quality Assurance Committee E-posta Dahili Dean Prof. Dr. R\u0131dvan \u015eent\u00fcrk rsenturk@ticaret.edu.tr 4123 Vice Dean Do\u00e7. Dr. G\u00f6zde Sunal K\u0131z\u0131l gsunal@ticaret.edu.tr 4127 Media and Communication Dr. \u00d6\u011fr. \u00dcyesi Sena Ayd\u0131n senaaydin@ticaret.edu.tr 4119 Visual Communication Design Dr. \u00d6\u011fr. \u00dcyesi Erdem G\u00f6ktepe egoktepe@ticaret.edu.tr 4112 Public Relations and Advertising Prof. Dr. Hilal \u00d6zden \u00d6zdemir \u00c7ak\u0131r hozdemir@ticaret.edu.tr [&hellip;]<\/p>\n","protected":false},"author":43,"featured_media":0,"parent":0,"menu_order":0,"comment_status":"closed","ping_status":"closed","template":"genel_sayfa.php","meta":{"footnotes":""},"yoast_head":"<!-- This site is optimized with the Yoast SEO Premium plugin v22.1 (Yoast SEO v22.1) - https:\/\/yoast.com\/wordpress\/plugins\/seo\/ -->\n<title>Department Boards and Committees - Medya ve \u0130leti\u015fim<\/title>\n<meta name=\"robots\" content=\"index, follow, max-snippet:-1, max-image-preview:large, max-video-preview:-1\" \/>\n<link rel=\"canonical\" href=\"http:\/\/ticaret.edu.tr\/medya-ve-iletisim\/en\/department-boards-and-committees\/\" \/>\n<meta property=\"og:locale\" content=\"tr_TR\" \/>\n<meta property=\"og:type\" content=\"article\" \/>\n<meta property=\"og:title\" content=\"Department Boards and Committees\" \/>\n<meta property=\"og:description\" content=\"FACULTY OF COMMUNICATION\u00a0 Quality Assurance Committee E-posta Dahili Dean Prof. Dr. R\u0131dvan \u015eent\u00fcrk rsenturk@ticaret.edu.tr 4123 Vice Dean Do\u00e7. Dr. G\u00f6zde Sunal K\u0131z\u0131l gsunal@ticaret.edu.tr 4127 Media and Communication Dr. \u00d6\u011fr. \u00dcyesi Sena Ayd\u0131n senaaydin@ticaret.edu.tr 4119 Visual Communication Design Dr. \u00d6\u011fr. \u00dcyesi Erdem G\u00f6ktepe egoktepe@ticaret.edu.tr 4112 Public Relations and Advertising Prof. Dr. Hilal \u00d6zden \u00d6zdemir \u00c7ak\u0131r hozdemir@ticaret.edu.tr [&hellip;]\" \/>\n<meta property=\"og:url\" content=\"http:\/\/ticaret.edu.tr\/medya-ve-iletisim\/en\/department-boards-and-committees\/\" \/>\n<meta property=\"og:site_name\" content=\"Medya ve \u0130leti\u015fim\" \/>\n<meta property=\"article:publisher\" content=\"https:\/\/www.facebook.com\/ticaretedutr\" \/>\n<meta property=\"article:modified_time\" content=\"2026-01-31T20:59:20+00:00\" \/>\n<meta property=\"og:image\" content=\"http:\/\/ticaret.edu.tr\/medya-ve-iletisim\/wp-content\/uploads\/sites\/14\/2021\/11\/web_logo-01.jpg\" \/>\n\t<meta property=\"og:image:width\" content=\"1250\" \/>\n\t<meta property=\"og:image:height\" content=\"833\" \/>\n\t<meta property=\"og:image:type\" content=\"image\/jpeg\" \/>\n<meta name=\"twitter:card\" content=\"summary_large_image\" \/>\n<meta name=\"twitter:site\" content=\"@ticaretedutr\" \/>\n<meta name=\"twitter:label1\" content=\"Tahmini okuma s\u00fcresi\" \/>\n\t<meta name=\"twitter:data1\" content=\"4 dakika\" \/>\n<script type=\"application\/ld+json\" class=\"yoast-schema-graph\">{\"@context\":\"https:\/\/schema.org\",\"@graph\":[{\"@type\":\"WebPage\",\"@id\":\"http:\/\/ticaret.edu.tr\/medya-ve-iletisim\/en\/department-boards-and-committees\/\",\"url\":\"http:\/\/ticaret.edu.tr\/medya-ve-iletisim\/en\/department-boards-and-committees\/\",\"name\":\"Department Boards and Committees - Medya ve \u0130leti\u015fim\",\"isPartOf\":{\"@id\":\"http:\/\/ticaret.edu.tr\/medya-ve-iletisim\/#website\"},\"datePublished\":\"2025-01-26T18:52:33+00:00\",\"dateModified\":\"2026-01-31T20:59:20+00:00\",\"breadcrumb\":{\"@id\":\"http:\/\/ticaret.edu.tr\/medya-ve-iletisim\/en\/department-boards-and-committees\/#breadcrumb\"},\"inLanguage\":\"tr\",\"potentialAction\":[{\"@type\":\"ReadAction\",\"target\":[\"http:\/\/ticaret.edu.tr\/medya-ve-iletisim\/en\/department-boards-and-committees\/\"]}]},{\"@type\":\"BreadcrumbList\",\"@id\":\"http:\/\/ticaret.edu.tr\/medya-ve-iletisim\/en\/department-boards-and-committees\/#breadcrumb\",\"itemListElement\":[{\"@type\":\"ListItem\",\"position\":1,\"name\":\"Ana sayfa\",\"item\":\"http:\/\/ticaret.edu.tr\/medya-ve-iletisim\/\"},{\"@type\":\"ListItem\",\"position\":2,\"name\":\"Department Boards and Committees\"}]},{\"@type\":\"WebSite\",\"@id\":\"http:\/\/ticaret.edu.tr\/medya-ve-iletisim\/#website\",\"url\":\"http:\/\/ticaret.edu.tr\/medya-ve-iletisim\/\",\"name\":\"Medya ve \u0130leti\u015fim\",\"description\":\"\",\"potentialAction\":[{\"@type\":\"SearchAction\",\"target\":{\"@type\":\"EntryPoint\",\"urlTemplate\":\"http:\/\/ticaret.edu.tr\/medya-ve-iletisim\/?s={search_term_string}\"},\"query-input\":\"required name=search_term_string\"}],\"inLanguage\":\"tr\"}]}<\/script>\n<!-- \/ Yoast SEO Premium plugin. -->","yoast_head_json":{"title":"Department Boards and Committees - Medya ve \u0130leti\u015fim","robots":{"index":"index","follow":"follow","max-snippet":"max-snippet:-1","max-image-preview":"max-image-preview:large","max-video-preview":"max-video-preview:-1"},"canonical":"http:\/\/ticaret.edu.tr\/medya-ve-iletisim\/en\/department-boards-and-committees\/","og_locale":"tr_TR","og_type":"article","og_title":"Department Boards and Committees","og_description":"FACULTY OF COMMUNICATION\u00a0 Quality Assurance Committee E-posta Dahili Dean Prof. Dr. R\u0131dvan \u015eent\u00fcrk rsenturk@ticaret.edu.tr 4123 Vice Dean Do\u00e7. Dr. G\u00f6zde Sunal K\u0131z\u0131l gsunal@ticaret.edu.tr 4127 Media and Communication Dr. \u00d6\u011fr. \u00dcyesi Sena Ayd\u0131n senaaydin@ticaret.edu.tr 4119 Visual Communication Design Dr. \u00d6\u011fr. \u00dcyesi Erdem G\u00f6ktepe egoktepe@ticaret.edu.tr 4112 Public Relations and Advertising Prof. Dr. Hilal \u00d6zden \u00d6zdemir \u00c7ak\u0131r hozdemir@ticaret.edu.tr [&hellip;]","og_url":"http:\/\/ticaret.edu.tr\/medya-ve-iletisim\/en\/department-boards-and-committees\/","og_site_name":"Medya ve \u0130leti\u015fim","article_publisher":"https:\/\/www.facebook.com\/ticaretedutr","article_modified_time":"2026-01-31T20:59:20+00:00","og_image":[{"width":1250,"height":833,"url":"http:\/\/ticaret.edu.tr\/medya-ve-iletisim\/wp-content\/uploads\/sites\/14\/2021\/11\/web_logo-01.jpg","type":"image\/jpeg"}],"twitter_card":"summary_large_image","twitter_site":"@ticaretedutr","twitter_misc":{"Tahmini okuma s\u00fcresi":"4 dakika"},"schema":{"@context":"https:\/\/schema.org","@graph":[{"@type":"WebPage","@id":"http:\/\/ticaret.edu.tr\/medya-ve-iletisim\/en\/department-boards-and-committees\/","url":"http:\/\/ticaret.edu.tr\/medya-ve-iletisim\/en\/department-boards-and-committees\/","name":"Department Boards and Committees - Medya ve \u0130leti\u015fim","isPartOf":{"@id":"http:\/\/ticaret.edu.tr\/medya-ve-iletisim\/#website"},"datePublished":"2025-01-26T18:52:33+00:00","dateModified":"2026-01-31T20:59:20+00:00","breadcrumb":{"@id":"http:\/\/ticaret.edu.tr\/medya-ve-iletisim\/en\/department-boards-and-committees\/#breadcrumb"},"inLanguage":"tr","potentialAction":[{"@type":"ReadAction","target":["http:\/\/ticaret.edu.tr\/medya-ve-iletisim\/en\/department-boards-and-committees\/"]}]},{"@type":"BreadcrumbList","@id":"http:\/\/ticaret.edu.tr\/medya-ve-iletisim\/en\/department-boards-and-committees\/#breadcrumb","itemListElement":[{"@type":"ListItem","position":1,"name":"Ana sayfa","item":"http:\/\/ticaret.edu.tr\/medya-ve-iletisim\/"},{"@type":"ListItem","position":2,"name":"Department Boards and Committees"}]},{"@type":"WebSite","@id":"http:\/\/ticaret.edu.tr\/medya-ve-iletisim\/#website","url":"http:\/\/ticaret.edu.tr\/medya-ve-iletisim\/","name":"Medya ve \u0130leti\u015fim","description":"","potentialAction":[{"@type":"SearchAction","target":{"@type":"EntryPoint","urlTemplate":"http:\/\/ticaret.edu.tr\/medya-ve-iletisim\/?s={search_term_string}"},"query-input":"required name=search_term_string"}],"inLanguage":"tr"}]}},"lang":"en","translations":{"en":1572,"tr":1570},"pll_sync_post":[],"_links":{"self":[{"href":"http:\/\/ticaret.edu.tr\/medya-ve-iletisim\/wp-json\/wp\/v2\/pages\/1572"}],"collection":[{"href":"http:\/\/ticaret.edu.tr\/medya-ve-iletisim\/wp-json\/wp\/v2\/pages"}],"about":[{"href":"http:\/\/ticaret.edu.tr\/medya-ve-iletisim\/wp-json\/wp\/v2\/types\/page"}],"author":[{"embeddable":true,"href":"http:\/\/ticaret.edu.tr\/medya-ve-iletisim\/wp-json\/wp\/v2\/users\/43"}],"replies":[{"embeddable":true,"href":"http:\/\/ticaret.edu.tr\/medya-ve-iletisim\/wp-json\/wp\/v2\/comments?post=1572"}],"version-history":[{"count":11,"href":"http:\/\/ticaret.edu.tr\/medya-ve-iletisim\/wp-json\/wp\/v2\/pages\/1572\/revisions"}],"predecessor-version":[{"id":2456,"href":"http:\/\/ticaret.edu.tr\/medya-ve-iletisim\/wp-json\/wp\/v2\/pages\/1572\/revisions\/2456"}],"wp:attachment":[{"href":"http:\/\/ticaret.edu.tr\/medya-ve-iletisim\/wp-json\/wp\/v2\/media?parent=1572"}],"curies":[{"name":"wp","href":"https:\/\/api.w.org\/{rel}","templated":true}]}}