{"id":1574,"date":"2025-01-26T21:53:17","date_gmt":"2025-01-26T18:53:17","guid":{"rendered":"https:\/\/ticaret.edu.tr\/medya-ve-iletisim\/?page_id=1574"},"modified":"2025-10-15T16:17:30","modified_gmt":"2025-10-15T13:17:30","slug":"sayisal-bilgiler","status":"publish","type":"page","link":"http:\/\/ticaret.edu.tr\/medya-ve-iletisim\/sayisal-bilgiler\/","title":{"rendered":"Say\u0131sal Bilgiler"},"content":{"rendered":"<p><strong>\u0130stanbul Ticaret \u00dcniversitesi Taban ve Tavan Puanlar\u0131<\/strong><\/p>\n<p><a href=\"https:\/\/ticaret.edu.tr\/wp-content\/uploads\/2025\/01\/2024-Yili-Taban-puanlari.pdf\">2024 YKS Taban Puanlar\u0131 i\u00e7in t\u0131klay\u0131n\u0131z<\/a><\/p>\n<p><a href=\"https:\/\/ticaret.edu.tr\/wp-content\/uploads\/2024\/01\/2023-YKS-Taban-Puanlari-PDF.pdf\">2023 YKS Taban Puanlar\u0131 i\u00e7in t\u0131klay\u0131n\u0131z<\/a><\/p>\n<p><a href=\"https:\/\/ticaret.edu.tr\/wp-content\/uploads\/2023\/01\/2022-Taban-Puanlari-pdf.pdf\">2022 YKS Taban Puanlar\u0131 i\u00e7in t\u0131klay\u0131n\u0131z<\/a><\/p>\n<p><a href=\"http:\/\/ticaret.edu.tr\/wp-content\/uploads\/2022\/07\/2021-YKS-TAVAN-VE-TABAN-PUANLARI.pdf\">2021 YKS Taban Puanlar\u0131 i\u00e7in t\u0131klay\u0131n\u0131z<\/a><\/p>\n<p><a href=\"http:\/\/ticaret.edu.tr\/wp-content\/uploads\/2021\/07\/2020-YKS-TAVAN-VE-TABAN-PUANLARI.pdf\">2020 YKS Taban Puanlar\u0131 i\u00e7in t\u0131klay\u0131n\u0131z<\/a><\/p>\n<p><a href=\"http:\/\/ticaret.edu.tr\/wp-content\/uploads\/2021\/07\/2019-YKS-TAVAN-VE-TABAN-PUANLARI-06.07.2020.pdf\">2019 YKS Taban Puanlar\u0131 i\u00e7in t\u0131klay\u0131n\u0131z<\/a><\/p>\n<p><a href=\"https:\/\/ticaret.edu.tr\/uploads\/etkinlik\/5461\/2018-YKS%20TAVAN%20VE%20TABAN%20PUANLARI.pdf\">2018 YKS Taban Puanlar\u0131 i\u00e7in t\u0131klay\u0131n\u0131z<\/a><\/p>\n<p><a href=\"https:\/\/ticaret.edu.tr\/uploads\/etkinlik\/5461\/2017-%C3%96SYS%20TAVAN%20VE%20TABAN%20PUANLARI.pdf\">2017 \u00d6SYS Taban Puanlar\u0131 i\u00e7in t\u0131klay\u0131n\u0131z<\/a><\/p>\n<p>2<a href=\"https:\/\/ticaret.edu.tr\/uploads\/etkinlik\/5461\/2016-%C3%96SYS%20TAVAN%20VE%20TABAN%20PUANLARI.pdf\">016 \u00d6SYS Taban Puanlar\u0131 i\u00e7in t\u0131klay\u0131n\u0131z<\/a><\/p>\n<p><a href=\"https:\/\/ticaret.edu.tr\/uploads\/etkinlik\/5461\/2015-%C3%96SYS%20TAVAN%20VE%20TABAN%20PUANLARI.pdf\">2015 \u00d6SYS Taban Puanlar\u0131 i\u00e7in t\u0131klay\u0131n\u0131z<\/a><\/p>\n<p><a href=\"https:\/\/ticaret.edu.tr\/uploads\/etkinlik\/5461\/2014-%C3%96SYS%20TAVAN%20VE%20TABAN%20PUANLARI.pdf\">2014 \u00d6SYS Taban Puanlar\u0131 i\u00e7in t\u0131klay\u0131n\u0131z<\/a><\/p>\n<p><a href=\"https:\/\/ticaret.edu.tr\/uploads\/etkinlik\/5461\/2013-%C3%96SYS%20TAVAN%20VE%20TABAN%20PUANLARI.pdf\">2013 \u00d6SYS Taban Puanlar\u0131 i\u00e7in t\u0131klay\u0131n\u0131z<\/a><\/p>\n<p><a href=\"https:\/\/ticaret.edu.tr\/uploads\/etkinlik\/5461\/2012-%C3%96SYS%20TAVAN%20VE%20TABAN%20PUANLARI.pdf\">2012 \u00d6SYS Taban Puanlar\u0131 i\u00e7in t\u0131klay\u0131n\u0131z<\/a><\/p>\n<p><a href=\"https:\/\/ticaret.edu.tr\/uploads\/etkinlik\/5461\/2011-%C3%96SYS%20TAVAN%20VE%20TABAN%20PUANLARI.pdf\">2011 \u00d6SYS Taban Puanlar\u0131 i\u00e7in t\u0131klay\u0131n\u0131z<\/a><\/p>\n<p><a href=\"https:\/\/ticaret.edu.tr\/uploads\/etkinlik\/5461\/2010-%C3%96SYS%20TAVAN%20VE%20TABAN%20PUANLARI.pdf\">2010 \u00d6SYS Taban Puanlar\u0131 i\u00e7in t\u0131klay\u0131n\u0131z<\/a><\/p>\n<p>&nbsp;<\/p>\n","protected":false},"excerpt":{"rendered":"<p>\u0130stanbul Ticaret \u00dcniversitesi Taban ve Tavan Puanlar\u0131 2024 YKS Taban Puanlar\u0131 i\u00e7in t\u0131klay\u0131n\u0131z 2023 YKS Taban Puanlar\u0131 i\u00e7in t\u0131klay\u0131n\u0131z 2022 YKS Taban Puanlar\u0131 i\u00e7in t\u0131klay\u0131n\u0131z 2021 YKS Taban Puanlar\u0131 i\u00e7in t\u0131klay\u0131n\u0131z 2020 YKS Taban Puanlar\u0131 i\u00e7in t\u0131klay\u0131n\u0131z 2019 YKS Taban Puanlar\u0131 i\u00e7in t\u0131klay\u0131n\u0131z 2018 YKS Taban Puanlar\u0131 i\u00e7in t\u0131klay\u0131n\u0131z 2017 \u00d6SYS Taban Puanlar\u0131 i\u00e7in t\u0131klay\u0131n\u0131z [&hellip;]<\/p>\n","protected":false},"author":43,"featured_media":0,"parent":0,"menu_order":0,"comment_status":"closed","ping_status":"closed","template":"genel_sayfa.php","meta":{"footnotes":""},"yoast_head":"<!-- This site is optimized with the Yoast SEO Premium plugin v22.1 (Yoast SEO v22.1) - https:\/\/yoast.com\/wordpress\/plugins\/seo\/ -->\n<title>Say\u0131sal Bilgiler - Medya ve \u0130leti\u015fim<\/title>\n<meta name=\"robots\" content=\"index, follow, max-snippet:-1, max-image-preview:large, max-video-preview:-1\" \/>\n<link rel=\"canonical\" href=\"http:\/\/ticaret.edu.tr\/medya-ve-iletisim\/sayisal-bilgiler\/\" \/>\n<meta property=\"og:locale\" content=\"tr_TR\" \/>\n<meta property=\"og:type\" content=\"article\" \/>\n<meta property=\"og:title\" content=\"Say\u0131sal Bilgiler\" \/>\n<meta property=\"og:description\" content=\"\u0130stanbul Ticaret \u00dcniversitesi Taban ve Tavan Puanlar\u0131 2024 YKS Taban Puanlar\u0131 i\u00e7in t\u0131klay\u0131n\u0131z 2023 YKS Taban Puanlar\u0131 i\u00e7in t\u0131klay\u0131n\u0131z 2022 YKS Taban Puanlar\u0131 i\u00e7in t\u0131klay\u0131n\u0131z 2021 YKS Taban Puanlar\u0131 i\u00e7in t\u0131klay\u0131n\u0131z 2020 YKS Taban Puanlar\u0131 i\u00e7in t\u0131klay\u0131n\u0131z 2019 YKS Taban Puanlar\u0131 i\u00e7in t\u0131klay\u0131n\u0131z 2018 YKS Taban Puanlar\u0131 i\u00e7in t\u0131klay\u0131n\u0131z 2017 \u00d6SYS Taban Puanlar\u0131 i\u00e7in t\u0131klay\u0131n\u0131z [&hellip;]\" \/>\n<meta property=\"og:url\" content=\"http:\/\/ticaret.edu.tr\/medya-ve-iletisim\/sayisal-bilgiler\/\" \/>\n<meta property=\"og:site_name\" content=\"Medya ve \u0130leti\u015fim\" \/>\n<meta property=\"article:publisher\" content=\"https:\/\/www.facebook.com\/ticaretedutr\" \/>\n<meta property=\"article:modified_time\" content=\"2025-10-15T13:17:30+00:00\" \/>\n<meta property=\"og:image\" content=\"http:\/\/ticaret.edu.tr\/medya-ve-iletisim\/wp-content\/uploads\/sites\/14\/2021\/11\/web_logo-01.jpg\" \/>\n\t<meta property=\"og:image:width\" content=\"1250\" \/>\n\t<meta property=\"og:image:height\" content=\"833\" \/>\n\t<meta property=\"og:image:type\" content=\"image\/jpeg\" \/>\n<meta name=\"twitter:card\" content=\"summary_large_image\" \/>\n<meta name=\"twitter:site\" content=\"@ticaretedutr\" \/>\n<meta name=\"twitter:label1\" content=\"Tahmini okuma s\u00fcresi\" \/>\n\t<meta name=\"twitter:data1\" content=\"1 dakika\" \/>\n<script type=\"application\/ld+json\" class=\"yoast-schema-graph\">{\"@context\":\"https:\/\/schema.org\",\"@graph\":[{\"@type\":\"WebPage\",\"@id\":\"http:\/\/ticaret.edu.tr\/medya-ve-iletisim\/sayisal-bilgiler\/\",\"url\":\"http:\/\/ticaret.edu.tr\/medya-ve-iletisim\/sayisal-bilgiler\/\",\"name\":\"Say\u0131sal Bilgiler - Medya ve \u0130leti\u015fim\",\"isPartOf\":{\"@id\":\"http:\/\/ticaret.edu.tr\/medya-ve-iletisim\/#website\"},\"datePublished\":\"2025-01-26T18:53:17+00:00\",\"dateModified\":\"2025-10-15T13:17:30+00:00\",\"breadcrumb\":{\"@id\":\"http:\/\/ticaret.edu.tr\/medya-ve-iletisim\/sayisal-bilgiler\/#breadcrumb\"},\"inLanguage\":\"tr\",\"potentialAction\":[{\"@type\":\"ReadAction\",\"target\":[\"http:\/\/ticaret.edu.tr\/medya-ve-iletisim\/sayisal-bilgiler\/\"]}]},{\"@type\":\"BreadcrumbList\",\"@id\":\"http:\/\/ticaret.edu.tr\/medya-ve-iletisim\/sayisal-bilgiler\/#breadcrumb\",\"itemListElement\":[{\"@type\":\"ListItem\",\"position\":1,\"name\":\"Ana sayfa\",\"item\":\"http:\/\/ticaret.edu.tr\/medya-ve-iletisim\/\"},{\"@type\":\"ListItem\",\"position\":2,\"name\":\"Say\u0131sal Bilgiler\"}]},{\"@type\":\"WebSite\",\"@id\":\"http:\/\/ticaret.edu.tr\/medya-ve-iletisim\/#website\",\"url\":\"http:\/\/ticaret.edu.tr\/medya-ve-iletisim\/\",\"name\":\"Medya ve \u0130leti\u015fim\",\"description\":\"\",\"potentialAction\":[{\"@type\":\"SearchAction\",\"target\":{\"@type\":\"EntryPoint\",\"urlTemplate\":\"http:\/\/ticaret.edu.tr\/medya-ve-iletisim\/?s={search_term_string}\"},\"query-input\":\"required name=search_term_string\"}],\"inLanguage\":\"tr\"}]}<\/script>\n<!-- \/ Yoast SEO Premium plugin. -->","yoast_head_json":{"title":"Say\u0131sal Bilgiler - Medya ve \u0130leti\u015fim","robots":{"index":"index","follow":"follow","max-snippet":"max-snippet:-1","max-image-preview":"max-image-preview:large","max-video-preview":"max-video-preview:-1"},"canonical":"http:\/\/ticaret.edu.tr\/medya-ve-iletisim\/sayisal-bilgiler\/","og_locale":"tr_TR","og_type":"article","og_title":"Say\u0131sal Bilgiler","og_description":"\u0130stanbul Ticaret \u00dcniversitesi Taban ve Tavan Puanlar\u0131 2024 YKS Taban Puanlar\u0131 i\u00e7in t\u0131klay\u0131n\u0131z 2023 YKS Taban Puanlar\u0131 i\u00e7in t\u0131klay\u0131n\u0131z 2022 YKS Taban Puanlar\u0131 i\u00e7in t\u0131klay\u0131n\u0131z 2021 YKS Taban Puanlar\u0131 i\u00e7in t\u0131klay\u0131n\u0131z 2020 YKS Taban Puanlar\u0131 i\u00e7in t\u0131klay\u0131n\u0131z 2019 YKS Taban Puanlar\u0131 i\u00e7in t\u0131klay\u0131n\u0131z 2018 YKS Taban Puanlar\u0131 i\u00e7in t\u0131klay\u0131n\u0131z 2017 \u00d6SYS Taban Puanlar\u0131 i\u00e7in t\u0131klay\u0131n\u0131z [&hellip;]","og_url":"http:\/\/ticaret.edu.tr\/medya-ve-iletisim\/sayisal-bilgiler\/","og_site_name":"Medya ve \u0130leti\u015fim","article_publisher":"https:\/\/www.facebook.com\/ticaretedutr","article_modified_time":"2025-10-15T13:17:30+00:00","og_image":[{"width":1250,"height":833,"url":"http:\/\/ticaret.edu.tr\/medya-ve-iletisim\/wp-content\/uploads\/sites\/14\/2021\/11\/web_logo-01.jpg","type":"image\/jpeg"}],"twitter_card":"summary_large_image","twitter_site":"@ticaretedutr","twitter_misc":{"Tahmini okuma s\u00fcresi":"1 dakika"},"schema":{"@context":"https:\/\/schema.org","@graph":[{"@type":"WebPage","@id":"http:\/\/ticaret.edu.tr\/medya-ve-iletisim\/sayisal-bilgiler\/","url":"http:\/\/ticaret.edu.tr\/medya-ve-iletisim\/sayisal-bilgiler\/","name":"Say\u0131sal Bilgiler - Medya ve \u0130leti\u015fim","isPartOf":{"@id":"http:\/\/ticaret.edu.tr\/medya-ve-iletisim\/#website"},"datePublished":"2025-01-26T18:53:17+00:00","dateModified":"2025-10-15T13:17:30+00:00","breadcrumb":{"@id":"http:\/\/ticaret.edu.tr\/medya-ve-iletisim\/sayisal-bilgiler\/#breadcrumb"},"inLanguage":"tr","potentialAction":[{"@type":"ReadAction","target":["http:\/\/ticaret.edu.tr\/medya-ve-iletisim\/sayisal-bilgiler\/"]}]},{"@type":"BreadcrumbList","@id":"http:\/\/ticaret.edu.tr\/medya-ve-iletisim\/sayisal-bilgiler\/#breadcrumb","itemListElement":[{"@type":"ListItem","position":1,"name":"Ana sayfa","item":"http:\/\/ticaret.edu.tr\/medya-ve-iletisim\/"},{"@type":"ListItem","position":2,"name":"Say\u0131sal Bilgiler"}]},{"@type":"WebSite","@id":"http:\/\/ticaret.edu.tr\/medya-ve-iletisim\/#website","url":"http:\/\/ticaret.edu.tr\/medya-ve-iletisim\/","name":"Medya ve \u0130leti\u015fim","description":"","potentialAction":[{"@type":"SearchAction","target":{"@type":"EntryPoint","urlTemplate":"http:\/\/ticaret.edu.tr\/medya-ve-iletisim\/?s={search_term_string}"},"query-input":"required name=search_term_string"}],"inLanguage":"tr"}]}},"lang":"tr","translations":{"en":1576,"tr":1574},"pll_sync_post":[],"_links":{"self":[{"href":"http:\/\/ticaret.edu.tr\/medya-ve-iletisim\/wp-json\/wp\/v2\/pages\/1574"}],"collection":[{"href":"http:\/\/ticaret.edu.tr\/medya-ve-iletisim\/wp-json\/wp\/v2\/pages"}],"about":[{"href":"http:\/\/ticaret.edu.tr\/medya-ve-iletisim\/wp-json\/wp\/v2\/types\/page"}],"author":[{"embeddable":true,"href":"http:\/\/ticaret.edu.tr\/medya-ve-iletisim\/wp-json\/wp\/v2\/users\/43"}],"replies":[{"embeddable":true,"href":"http:\/\/ticaret.edu.tr\/medya-ve-iletisim\/wp-json\/wp\/v2\/comments?post=1574"}],"version-history":[{"count":4,"href":"http:\/\/ticaret.edu.tr\/medya-ve-iletisim\/wp-json\/wp\/v2\/pages\/1574\/revisions"}],"predecessor-version":[{"id":2299,"href":"http:\/\/ticaret.edu.tr\/medya-ve-iletisim\/wp-json\/wp\/v2\/pages\/1574\/revisions\/2299"}],"wp:attachment":[{"href":"http:\/\/ticaret.edu.tr\/medya-ve-iletisim\/wp-json\/wp\/v2\/media?parent=1574"}],"curies":[{"name":"wp","href":"https:\/\/api.w.org\/{rel}","templated":true}]}}