{"id":1618,"date":"2025-01-26T23:13:22","date_gmt":"2025-01-26T20:13:22","guid":{"rendered":"https:\/\/ticaret.edu.tr\/medya-ve-iletisim\/?page_id=1618"},"modified":"2025-11-26T10:22:31","modified_gmt":"2025-11-26T07:22:31","slug":"lisans-genel-bilgi","status":"publish","type":"page","link":"http:\/\/ticaret.edu.tr\/medya-ve-iletisim\/lisans-genel-bilgi\/","title":{"rendered":"Genel Bilgi"},"content":{"rendered":"<p>\u0130stanbul Ticaret \u00dcniversitesi \u0130leti\u015fim Fak\u00fcltesi Medya ve \u0130leti\u015fim B\u00f6l\u00fcm\u00fc, kalite k\u00fclt\u00fcr\u00fcne \u00f6nem veren ve b\u00f6l\u00fcm i\u00e7erisinde kurumsalla\u015fmay\u0131 \u00f6nemseyen bir b\u00f6l\u00fcmd\u00fcr. Bu \u00e7er\u00e7evede kalite anlay\u0131\u015f\u0131n\u0131n \u00f6ng\u00f6rd\u00fc\u011f\u00fc sistematik, kapsay\u0131c\u0131 ve kan\u0131tlara dayal\u0131 bir s\u00fcre\u00e7 izleme yakla\u015f\u0131m\u0131n\u0131 benimsemektedir. Bu ba\u011flamda\u00a0 programlar\u0131n tasar\u0131m\u0131ndan, e\u011fitim-\u00f6\u011fretim, \u00f6l\u00e7me-de\u011ferlendirme, ara\u015ft\u0131rma-geli\u015ftirme, payda\u015flarla ili\u015fkiler ve toplumsal katk\u0131 ortaya koymaya kadar her bir s\u00fcre\u00e7te kat\u0131l\u0131m ve \u015feffafl\u0131k esas al\u0131nmaktad\u0131r.<\/p>\n<p>Medya ve \u0130leti\u015fim B\u00f6l\u00fcm\u00fc, bug\u00fcnle gelecek aras\u0131nda sistemli ve g\u00fc\u00e7l\u00fc bir ba\u011f kurma, \u00f6\u011frencilerine nitelikli bir kuramsal bilgi birikimi sa\u011flamaya \u00e7abas\u0131n\u0131n yan\u0131nda uygulama yetene\u011fi kazand\u0131rmay\u0131 da ama\u00e7lamaktad\u0131r. \u00d6\u011frencilerine, geleneksel medyadan, her g\u00fcn yeni bir boyut ve i\u00e7erik kazanarak h\u0131zla geli\u015fmeye devam eden yeni medyaya uzanan yelpazede ufuk a\u00e7\u0131c\u0131, yeteneklerini ortaya \u00e7\u0131karmay\u0131 ama\u00e7layan bir m\u00fcfredat sunmaktad\u0131r. Bu ba\u011flamda m\u00fcfredat, disiplinler aras\u0131 bir yakla\u015f\u0131mla desteklenmekte, ileti\u015fimle ilgili kuramsal bilgilerin yan\u0131 s\u0131ra sosyal ve be\u015feri bilimlerin temel birikimlerinin de kazand\u0131r\u0131lmas\u0131, b\u00f6ylece, \u00f6\u011frencilerin alanla ilgili bak\u0131\u015f a\u00e7\u0131lar\u0131n\u0131n geni\u015fletilmesi, akademik y\u00f6nlerinin g\u00fc\u00e7lendirilmesi, geni\u015f ufuklu, kar\u015f\u0131la\u015ft\u0131\u011f\u0131 durumlara farkl\u0131 perspektiflerden bakabilme becerisiyle donat\u0131lmas\u0131 hedeflenmektedir.<\/p>\n<p>\u0130stanbul Ticaret \u00dcniversitesi \u0130leti\u015fim Fak\u00fcltesi, Medya ve \u0130leti\u015fim Lisans Program\u0131 \u00f6\u011frenci memnuniyetini \u00f6l\u00e7mek amac\u0131yla haz\u0131rlanan <strong><a href=\"https:\/\/anket.ticaret.edu.tr\/index.php\/663657?lang=tr\">ankete<\/a><\/strong>\u00a0kat\u0131l\u0131m\u0131n\u0131z b\u00fcy\u00fck \u00f6nem ta\u015f\u0131maktad\u0131r.<\/p>\n<p>Kat\u0131l\u0131m\u0131n\u0131z i\u00e7in \u015fimdiden te\u015fekk\u00fcr ederiz.<\/p>\n<p>&nbsp;<\/p>\n","protected":false},"excerpt":{"rendered":"<p>\u0130stanbul Ticaret \u00dcniversitesi \u0130leti\u015fim Fak\u00fcltesi Medya ve \u0130leti\u015fim B\u00f6l\u00fcm\u00fc, kalite k\u00fclt\u00fcr\u00fcne \u00f6nem veren ve b\u00f6l\u00fcm i\u00e7erisinde kurumsalla\u015fmay\u0131 \u00f6nemseyen bir b\u00f6l\u00fcmd\u00fcr. Bu \u00e7er\u00e7evede kalite anlay\u0131\u015f\u0131n\u0131n \u00f6ng\u00f6rd\u00fc\u011f\u00fc sistematik, kapsay\u0131c\u0131 ve kan\u0131tlara dayal\u0131 bir s\u00fcre\u00e7 izleme yakla\u015f\u0131m\u0131n\u0131 benimsemektedir. Bu ba\u011flamda\u00a0 programlar\u0131n tasar\u0131m\u0131ndan, e\u011fitim-\u00f6\u011fretim, \u00f6l\u00e7me-de\u011ferlendirme, ara\u015ft\u0131rma-geli\u015ftirme, payda\u015flarla ili\u015fkiler ve toplumsal katk\u0131 ortaya koymaya kadar her bir s\u00fcre\u00e7te kat\u0131l\u0131m ve [&hellip;]<\/p>\n","protected":false},"author":43,"featured_media":0,"parent":0,"menu_order":0,"comment_status":"closed","ping_status":"closed","template":"genel_sayfa.php","meta":{"footnotes":""},"yoast_head":"<!-- This site is optimized with the Yoast SEO Premium plugin v22.1 (Yoast SEO v22.1) - https:\/\/yoast.com\/wordpress\/plugins\/seo\/ -->\n<title>Genel Bilgi - Medya ve \u0130leti\u015fim<\/title>\n<meta name=\"robots\" content=\"index, follow, max-snippet:-1, max-image-preview:large, max-video-preview:-1\" \/>\n<link rel=\"canonical\" href=\"https:\/\/ticaret.edu.tr\/medya-ve-iletisim\/lisans-genel-bilgi\/\" \/>\n<meta property=\"og:locale\" content=\"tr_TR\" \/>\n<meta property=\"og:type\" content=\"article\" \/>\n<meta property=\"og:title\" content=\"Genel Bilgi\" \/>\n<meta property=\"og:description\" content=\"\u0130stanbul Ticaret \u00dcniversitesi \u0130leti\u015fim Fak\u00fcltesi Medya ve \u0130leti\u015fim B\u00f6l\u00fcm\u00fc, kalite k\u00fclt\u00fcr\u00fcne \u00f6nem veren ve b\u00f6l\u00fcm i\u00e7erisinde kurumsalla\u015fmay\u0131 \u00f6nemseyen bir b\u00f6l\u00fcmd\u00fcr. Bu \u00e7er\u00e7evede kalite anlay\u0131\u015f\u0131n\u0131n \u00f6ng\u00f6rd\u00fc\u011f\u00fc sistematik, kapsay\u0131c\u0131 ve kan\u0131tlara dayal\u0131 bir s\u00fcre\u00e7 izleme yakla\u015f\u0131m\u0131n\u0131 benimsemektedir. Bu ba\u011flamda\u00a0 programlar\u0131n tasar\u0131m\u0131ndan, e\u011fitim-\u00f6\u011fretim, \u00f6l\u00e7me-de\u011ferlendirme, ara\u015ft\u0131rma-geli\u015ftirme, payda\u015flarla ili\u015fkiler ve toplumsal katk\u0131 ortaya koymaya kadar her bir s\u00fcre\u00e7te kat\u0131l\u0131m ve [&hellip;]\" \/>\n<meta property=\"og:url\" content=\"https:\/\/ticaret.edu.tr\/medya-ve-iletisim\/lisans-genel-bilgi\/\" \/>\n<meta property=\"og:site_name\" content=\"Medya ve \u0130leti\u015fim\" \/>\n<meta property=\"article:publisher\" content=\"https:\/\/www.facebook.com\/ticaretedutr\" \/>\n<meta property=\"article:modified_time\" content=\"2025-11-26T07:22:31+00:00\" \/>\n<meta property=\"og:image\" content=\"http:\/\/ticaret.edu.tr\/medya-ve-iletisim\/wp-content\/uploads\/sites\/14\/2021\/11\/web_logo-01.jpg\" \/>\n\t<meta property=\"og:image:width\" content=\"1250\" \/>\n\t<meta property=\"og:image:height\" content=\"833\" \/>\n\t<meta property=\"og:image:type\" content=\"image\/jpeg\" \/>\n<meta name=\"twitter:card\" content=\"summary_large_image\" \/>\n<meta name=\"twitter:site\" content=\"@ticaretedutr\" \/>\n<meta name=\"twitter:label1\" content=\"Tahmini okuma s\u00fcresi\" \/>\n\t<meta name=\"twitter:data1\" content=\"2 dakika\" \/>\n<script type=\"application\/ld+json\" class=\"yoast-schema-graph\">{\"@context\":\"https:\/\/schema.org\",\"@graph\":[{\"@type\":\"WebPage\",\"@id\":\"https:\/\/ticaret.edu.tr\/medya-ve-iletisim\/lisans-genel-bilgi\/\",\"url\":\"https:\/\/ticaret.edu.tr\/medya-ve-iletisim\/lisans-genel-bilgi\/\",\"name\":\"Genel Bilgi - Medya ve \u0130leti\u015fim\",\"isPartOf\":{\"@id\":\"http:\/\/ticaret.edu.tr\/medya-ve-iletisim\/#website\"},\"datePublished\":\"2025-01-26T20:13:22+00:00\",\"dateModified\":\"2025-11-26T07:22:31+00:00\",\"breadcrumb\":{\"@id\":\"https:\/\/ticaret.edu.tr\/medya-ve-iletisim\/lisans-genel-bilgi\/#breadcrumb\"},\"inLanguage\":\"tr\",\"potentialAction\":[{\"@type\":\"ReadAction\",\"target\":[\"https:\/\/ticaret.edu.tr\/medya-ve-iletisim\/lisans-genel-bilgi\/\"]}]},{\"@type\":\"BreadcrumbList\",\"@id\":\"https:\/\/ticaret.edu.tr\/medya-ve-iletisim\/lisans-genel-bilgi\/#breadcrumb\",\"itemListElement\":[{\"@type\":\"ListItem\",\"position\":1,\"name\":\"Ana sayfa\",\"item\":\"http:\/\/ticaret.edu.tr\/medya-ve-iletisim\/\"},{\"@type\":\"ListItem\",\"position\":2,\"name\":\"Genel Bilgi\"}]},{\"@type\":\"WebSite\",\"@id\":\"http:\/\/ticaret.edu.tr\/medya-ve-iletisim\/#website\",\"url\":\"http:\/\/ticaret.edu.tr\/medya-ve-iletisim\/\",\"name\":\"Medya ve \u0130leti\u015fim\",\"description\":\"\",\"potentialAction\":[{\"@type\":\"SearchAction\",\"target\":{\"@type\":\"EntryPoint\",\"urlTemplate\":\"http:\/\/ticaret.edu.tr\/medya-ve-iletisim\/?s={search_term_string}\"},\"query-input\":\"required name=search_term_string\"}],\"inLanguage\":\"tr\"}]}<\/script>\n<!-- \/ Yoast SEO Premium plugin. -->","yoast_head_json":{"title":"Genel Bilgi - Medya ve \u0130leti\u015fim","robots":{"index":"index","follow":"follow","max-snippet":"max-snippet:-1","max-image-preview":"max-image-preview:large","max-video-preview":"max-video-preview:-1"},"canonical":"https:\/\/ticaret.edu.tr\/medya-ve-iletisim\/lisans-genel-bilgi\/","og_locale":"tr_TR","og_type":"article","og_title":"Genel Bilgi","og_description":"\u0130stanbul Ticaret \u00dcniversitesi \u0130leti\u015fim Fak\u00fcltesi Medya ve \u0130leti\u015fim B\u00f6l\u00fcm\u00fc, kalite k\u00fclt\u00fcr\u00fcne \u00f6nem veren ve b\u00f6l\u00fcm i\u00e7erisinde kurumsalla\u015fmay\u0131 \u00f6nemseyen bir b\u00f6l\u00fcmd\u00fcr. Bu \u00e7er\u00e7evede kalite anlay\u0131\u015f\u0131n\u0131n \u00f6ng\u00f6rd\u00fc\u011f\u00fc sistematik, kapsay\u0131c\u0131 ve kan\u0131tlara dayal\u0131 bir s\u00fcre\u00e7 izleme yakla\u015f\u0131m\u0131n\u0131 benimsemektedir. Bu ba\u011flamda\u00a0 programlar\u0131n tasar\u0131m\u0131ndan, e\u011fitim-\u00f6\u011fretim, \u00f6l\u00e7me-de\u011ferlendirme, ara\u015ft\u0131rma-geli\u015ftirme, payda\u015flarla ili\u015fkiler ve toplumsal katk\u0131 ortaya koymaya kadar her bir s\u00fcre\u00e7te kat\u0131l\u0131m ve [&hellip;]","og_url":"https:\/\/ticaret.edu.tr\/medya-ve-iletisim\/lisans-genel-bilgi\/","og_site_name":"Medya ve \u0130leti\u015fim","article_publisher":"https:\/\/www.facebook.com\/ticaretedutr","article_modified_time":"2025-11-26T07:22:31+00:00","og_image":[{"width":1250,"height":833,"url":"http:\/\/ticaret.edu.tr\/medya-ve-iletisim\/wp-content\/uploads\/sites\/14\/2021\/11\/web_logo-01.jpg","type":"image\/jpeg"}],"twitter_card":"summary_large_image","twitter_site":"@ticaretedutr","twitter_misc":{"Tahmini okuma s\u00fcresi":"2 dakika"},"schema":{"@context":"https:\/\/schema.org","@graph":[{"@type":"WebPage","@id":"https:\/\/ticaret.edu.tr\/medya-ve-iletisim\/lisans-genel-bilgi\/","url":"https:\/\/ticaret.edu.tr\/medya-ve-iletisim\/lisans-genel-bilgi\/","name":"Genel Bilgi - Medya ve \u0130leti\u015fim","isPartOf":{"@id":"http:\/\/ticaret.edu.tr\/medya-ve-iletisim\/#website"},"datePublished":"2025-01-26T20:13:22+00:00","dateModified":"2025-11-26T07:22:31+00:00","breadcrumb":{"@id":"https:\/\/ticaret.edu.tr\/medya-ve-iletisim\/lisans-genel-bilgi\/#breadcrumb"},"inLanguage":"tr","potentialAction":[{"@type":"ReadAction","target":["https:\/\/ticaret.edu.tr\/medya-ve-iletisim\/lisans-genel-bilgi\/"]}]},{"@type":"BreadcrumbList","@id":"https:\/\/ticaret.edu.tr\/medya-ve-iletisim\/lisans-genel-bilgi\/#breadcrumb","itemListElement":[{"@type":"ListItem","position":1,"name":"Ana sayfa","item":"http:\/\/ticaret.edu.tr\/medya-ve-iletisim\/"},{"@type":"ListItem","position":2,"name":"Genel Bilgi"}]},{"@type":"WebSite","@id":"http:\/\/ticaret.edu.tr\/medya-ve-iletisim\/#website","url":"http:\/\/ticaret.edu.tr\/medya-ve-iletisim\/","name":"Medya ve \u0130leti\u015fim","description":"","potentialAction":[{"@type":"SearchAction","target":{"@type":"EntryPoint","urlTemplate":"http:\/\/ticaret.edu.tr\/medya-ve-iletisim\/?s={search_term_string}"},"query-input":"required name=search_term_string"}],"inLanguage":"tr"}]}},"lang":"tr","translations":{"en":1620,"tr":1618},"pll_sync_post":[],"_links":{"self":[{"href":"http:\/\/ticaret.edu.tr\/medya-ve-iletisim\/wp-json\/wp\/v2\/pages\/1618"}],"collection":[{"href":"http:\/\/ticaret.edu.tr\/medya-ve-iletisim\/wp-json\/wp\/v2\/pages"}],"about":[{"href":"http:\/\/ticaret.edu.tr\/medya-ve-iletisim\/wp-json\/wp\/v2\/types\/page"}],"author":[{"embeddable":true,"href":"http:\/\/ticaret.edu.tr\/medya-ve-iletisim\/wp-json\/wp\/v2\/users\/43"}],"replies":[{"embeddable":true,"href":"http:\/\/ticaret.edu.tr\/medya-ve-iletisim\/wp-json\/wp\/v2\/comments?post=1618"}],"version-history":[{"count":4,"href":"http:\/\/ticaret.edu.tr\/medya-ve-iletisim\/wp-json\/wp\/v2\/pages\/1618\/revisions"}],"predecessor-version":[{"id":2359,"href":"http:\/\/ticaret.edu.tr\/medya-ve-iletisim\/wp-json\/wp\/v2\/pages\/1618\/revisions\/2359"}],"wp:attachment":[{"href":"http:\/\/ticaret.edu.tr\/medya-ve-iletisim\/wp-json\/wp\/v2\/media?parent=1618"}],"curies":[{"name":"wp","href":"https:\/\/api.w.org\/{rel}","templated":true}]}}