{"id":1630,"date":"2025-01-26T23:16:50","date_gmt":"2025-01-26T20:16:50","guid":{"rendered":"https:\/\/ticaret.edu.tr\/medya-ve-iletisim\/?page_id=1630"},"modified":"2025-05-13T17:25:20","modified_gmt":"2025-05-13T14:25:20","slug":"program-egitim-amaclari","status":"publish","type":"page","link":"http:\/\/ticaret.edu.tr\/medya-ve-iletisim\/program-egitim-amaclari\/","title":{"rendered":"Program E\u011fitim Ama\u00e7lar\u0131"},"content":{"rendered":"<div class=\"x_elementToProof\"><b data-olk-copy-source=\"MessageBody\">Ama\u00e7lar<\/b><\/div>\n<ol start=\"1\">\n<li>Teknolojik yenilikleri takip ederek, sosyal, k\u00fclt\u00fcrel ve ekonomik d\u00f6n\u00fc\u015f\u00fcmlerin akt\u00f6rleri aras\u0131nda yer alacak mezunlar yeti\u015ftirmek<\/li>\n<li>Medya ve ileti\u015fim sekt\u00f6rlerinin ihtiya\u00e7lar\u0131 do\u011frultusunda teorik ve uygulamal\u0131 e\u011fitimi dengeli bir bi\u00e7imde harmanlayarak e\u011fitim ve \u00f6\u011fretim faaliyetlerini s\u00fcrd\u00fcrmek<\/li>\n<li>Medya ve \u0130leti\u015fim B\u00f6l\u00fcm\u00fc; bilimsel, yarat\u0131c\u0131 ve sorgulay\u0131c\u0131 yakla\u015f\u0131m\u0131 merkezine alarak e\u011fitim ve \u00f6\u011fretim faaliyetlerini s\u00fcrd\u00fcrmeyi ama\u00e7lamaktad\u0131r.<\/li>\n<li>Medya ve ileti\u015fim mesleklerinin gerektirdi\u011fi hukuki sorumluluklar\u0131 ve etik ilkeleri benimsemi\u015f, bunlar\u0131 mesleki pratiklerinde uygulayabilen, toplumsal sorumlulu\u011fu ve yarar\u0131 g\u00f6zetebilmeyi benimsemi\u015f \u00f6\u011frenciler yeti\u015ftirmek,<\/li>\n<li>K\u00fclt\u00fcrleraras\u0131 bir yakla\u015f\u0131mla dinamik \u00f6\u011frenci gruplar\u0131 aras\u0131nda uluslararas\u0131 fikir ve bilgi al\u0131\u015fveri\u015fini destekleyecek ortamlar haz\u0131rlamak.<\/li>\n<\/ol>\n<div class=\"x_elementToProof\"><b>Hedefler<\/b><\/div>\n<ol start=\"1\">\n<li>G\u00fcncel m\u00fcfredat yap\u0131s\u0131yla ara\u015ft\u0131ran, sorgulayan, \u00f6zg\u00fcveni y\u00fcksek, medya sekt\u00f6r\u00fcnde g\u00f6rev alabilecek bilgi, beceri ve yetkinli\u011fe sahip donan\u0131ml\u0131 medya profesyonelleri yeti\u015ftirmek<\/li>\n<li>\u00dcniversite-sekt\u00f6r i\u015fbirli\u011fini g\u00fc\u00e7lendirerek staj ve proje temelli \u00e7al\u0131\u015fmalar arac\u0131l\u0131\u011f\u0131yla medya\u00a0<b>v<\/b>e ileti\u015fim mesleklerinin uygulamas\u0131n\u0131 \u00fcniversitede \u00f6\u011frenen mezunlar yeti\u015ftirmek<\/li>\n<li>Ulusal ve uluslararas\u0131 medya ve ileti\u015fim b\u00f6l\u00fcmleri aras\u0131ndaki derecelendirmede uygulamal\u0131 e\u011fitim ve bilimsel \u00fcretim bak\u0131m\u0131ndan \u00fcst bir konuma gelmek<\/li>\n<\/ol>\n<p>&nbsp;<\/p>\n","protected":false},"excerpt":{"rendered":"<p>Ama\u00e7lar Teknolojik yenilikleri takip ederek, sosyal, k\u00fclt\u00fcrel ve ekonomik d\u00f6n\u00fc\u015f\u00fcmlerin akt\u00f6rleri aras\u0131nda yer alacak mezunlar yeti\u015ftirmek Medya ve ileti\u015fim sekt\u00f6rlerinin ihtiya\u00e7lar\u0131 do\u011frultusunda teorik ve uygulamal\u0131 e\u011fitimi dengeli bir bi\u00e7imde harmanlayarak e\u011fitim ve \u00f6\u011fretim faaliyetlerini s\u00fcrd\u00fcrmek Medya ve \u0130leti\u015fim B\u00f6l\u00fcm\u00fc; bilimsel, yarat\u0131c\u0131 ve sorgulay\u0131c\u0131 yakla\u015f\u0131m\u0131 merkezine alarak e\u011fitim ve \u00f6\u011fretim faaliyetlerini s\u00fcrd\u00fcrmeyi ama\u00e7lamaktad\u0131r. Medya ve ileti\u015fim [&hellip;]<\/p>\n","protected":false},"author":43,"featured_media":0,"parent":0,"menu_order":0,"comment_status":"closed","ping_status":"closed","template":"genel_sayfa.php","meta":{"footnotes":""},"yoast_head":"<!-- This site is optimized with the Yoast SEO Premium plugin v22.1 (Yoast SEO v22.1) - https:\/\/yoast.com\/wordpress\/plugins\/seo\/ -->\n<title>Program E\u011fitim Ama\u00e7lar\u0131 - Medya ve \u0130leti\u015fim<\/title>\n<meta name=\"robots\" content=\"index, follow, max-snippet:-1, max-image-preview:large, max-video-preview:-1\" \/>\n<link rel=\"canonical\" href=\"https:\/\/ticaret.edu.tr\/medya-ve-iletisim\/program-egitim-amaclari\/\" \/>\n<meta property=\"og:locale\" content=\"tr_TR\" \/>\n<meta property=\"og:type\" content=\"article\" \/>\n<meta property=\"og:title\" content=\"Program E\u011fitim Ama\u00e7lar\u0131\" \/>\n<meta property=\"og:description\" content=\"Ama\u00e7lar Teknolojik yenilikleri takip ederek, sosyal, k\u00fclt\u00fcrel ve ekonomik d\u00f6n\u00fc\u015f\u00fcmlerin akt\u00f6rleri aras\u0131nda yer alacak mezunlar yeti\u015ftirmek Medya ve ileti\u015fim sekt\u00f6rlerinin ihtiya\u00e7lar\u0131 do\u011frultusunda teorik ve uygulamal\u0131 e\u011fitimi dengeli bir bi\u00e7imde harmanlayarak e\u011fitim ve \u00f6\u011fretim faaliyetlerini s\u00fcrd\u00fcrmek Medya ve \u0130leti\u015fim B\u00f6l\u00fcm\u00fc; bilimsel, yarat\u0131c\u0131 ve sorgulay\u0131c\u0131 yakla\u015f\u0131m\u0131 merkezine alarak e\u011fitim ve \u00f6\u011fretim faaliyetlerini s\u00fcrd\u00fcrmeyi ama\u00e7lamaktad\u0131r. Medya ve ileti\u015fim [&hellip;]\" \/>\n<meta property=\"og:url\" content=\"https:\/\/ticaret.edu.tr\/medya-ve-iletisim\/program-egitim-amaclari\/\" \/>\n<meta property=\"og:site_name\" content=\"Medya ve \u0130leti\u015fim\" \/>\n<meta property=\"article:publisher\" content=\"https:\/\/www.facebook.com\/ticaretedutr\" \/>\n<meta property=\"article:modified_time\" content=\"2025-05-13T14:25:20+00:00\" \/>\n<meta property=\"og:image\" content=\"http:\/\/ticaret.edu.tr\/medya-ve-iletisim\/wp-content\/uploads\/sites\/14\/2021\/11\/web_logo-01.jpg\" \/>\n\t<meta property=\"og:image:width\" content=\"1250\" \/>\n\t<meta property=\"og:image:height\" content=\"833\" \/>\n\t<meta property=\"og:image:type\" content=\"image\/jpeg\" \/>\n<meta name=\"twitter:card\" content=\"summary_large_image\" \/>\n<meta name=\"twitter:site\" content=\"@ticaretedutr\" \/>\n<meta name=\"twitter:label1\" content=\"Tahmini okuma s\u00fcresi\" \/>\n\t<meta name=\"twitter:data1\" content=\"1 dakika\" \/>\n<script type=\"application\/ld+json\" class=\"yoast-schema-graph\">{\"@context\":\"https:\/\/schema.org\",\"@graph\":[{\"@type\":\"WebPage\",\"@id\":\"https:\/\/ticaret.edu.tr\/medya-ve-iletisim\/program-egitim-amaclari\/\",\"url\":\"https:\/\/ticaret.edu.tr\/medya-ve-iletisim\/program-egitim-amaclari\/\",\"name\":\"Program E\u011fitim Ama\u00e7lar\u0131 - Medya ve \u0130leti\u015fim\",\"isPartOf\":{\"@id\":\"http:\/\/ticaret.edu.tr\/medya-ve-iletisim\/#website\"},\"datePublished\":\"2025-01-26T20:16:50+00:00\",\"dateModified\":\"2025-05-13T14:25:20+00:00\",\"breadcrumb\":{\"@id\":\"https:\/\/ticaret.edu.tr\/medya-ve-iletisim\/program-egitim-amaclari\/#breadcrumb\"},\"inLanguage\":\"tr\",\"potentialAction\":[{\"@type\":\"ReadAction\",\"target\":[\"https:\/\/ticaret.edu.tr\/medya-ve-iletisim\/program-egitim-amaclari\/\"]}]},{\"@type\":\"BreadcrumbList\",\"@id\":\"https:\/\/ticaret.edu.tr\/medya-ve-iletisim\/program-egitim-amaclari\/#breadcrumb\",\"itemListElement\":[{\"@type\":\"ListItem\",\"position\":1,\"name\":\"Ana sayfa\",\"item\":\"http:\/\/ticaret.edu.tr\/medya-ve-iletisim\/\"},{\"@type\":\"ListItem\",\"position\":2,\"name\":\"Program E\u011fitim Ama\u00e7lar\u0131\"}]},{\"@type\":\"WebSite\",\"@id\":\"http:\/\/ticaret.edu.tr\/medya-ve-iletisim\/#website\",\"url\":\"http:\/\/ticaret.edu.tr\/medya-ve-iletisim\/\",\"name\":\"Medya ve \u0130leti\u015fim\",\"description\":\"\",\"potentialAction\":[{\"@type\":\"SearchAction\",\"target\":{\"@type\":\"EntryPoint\",\"urlTemplate\":\"http:\/\/ticaret.edu.tr\/medya-ve-iletisim\/?s={search_term_string}\"},\"query-input\":\"required name=search_term_string\"}],\"inLanguage\":\"tr\"}]}<\/script>\n<!-- \/ Yoast SEO Premium plugin. -->","yoast_head_json":{"title":"Program E\u011fitim Ama\u00e7lar\u0131 - Medya ve \u0130leti\u015fim","robots":{"index":"index","follow":"follow","max-snippet":"max-snippet:-1","max-image-preview":"max-image-preview:large","max-video-preview":"max-video-preview:-1"},"canonical":"https:\/\/ticaret.edu.tr\/medya-ve-iletisim\/program-egitim-amaclari\/","og_locale":"tr_TR","og_type":"article","og_title":"Program E\u011fitim Ama\u00e7lar\u0131","og_description":"Ama\u00e7lar Teknolojik yenilikleri takip ederek, sosyal, k\u00fclt\u00fcrel ve ekonomik d\u00f6n\u00fc\u015f\u00fcmlerin akt\u00f6rleri aras\u0131nda yer alacak mezunlar yeti\u015ftirmek Medya ve ileti\u015fim sekt\u00f6rlerinin ihtiya\u00e7lar\u0131 do\u011frultusunda teorik ve uygulamal\u0131 e\u011fitimi dengeli bir bi\u00e7imde harmanlayarak e\u011fitim ve \u00f6\u011fretim faaliyetlerini s\u00fcrd\u00fcrmek Medya ve \u0130leti\u015fim B\u00f6l\u00fcm\u00fc; bilimsel, yarat\u0131c\u0131 ve sorgulay\u0131c\u0131 yakla\u015f\u0131m\u0131 merkezine alarak e\u011fitim ve \u00f6\u011fretim faaliyetlerini s\u00fcrd\u00fcrmeyi ama\u00e7lamaktad\u0131r. Medya ve ileti\u015fim [&hellip;]","og_url":"https:\/\/ticaret.edu.tr\/medya-ve-iletisim\/program-egitim-amaclari\/","og_site_name":"Medya ve \u0130leti\u015fim","article_publisher":"https:\/\/www.facebook.com\/ticaretedutr","article_modified_time":"2025-05-13T14:25:20+00:00","og_image":[{"width":1250,"height":833,"url":"http:\/\/ticaret.edu.tr\/medya-ve-iletisim\/wp-content\/uploads\/sites\/14\/2021\/11\/web_logo-01.jpg","type":"image\/jpeg"}],"twitter_card":"summary_large_image","twitter_site":"@ticaretedutr","twitter_misc":{"Tahmini okuma s\u00fcresi":"1 dakika"},"schema":{"@context":"https:\/\/schema.org","@graph":[{"@type":"WebPage","@id":"https:\/\/ticaret.edu.tr\/medya-ve-iletisim\/program-egitim-amaclari\/","url":"https:\/\/ticaret.edu.tr\/medya-ve-iletisim\/program-egitim-amaclari\/","name":"Program E\u011fitim Ama\u00e7lar\u0131 - Medya ve \u0130leti\u015fim","isPartOf":{"@id":"http:\/\/ticaret.edu.tr\/medya-ve-iletisim\/#website"},"datePublished":"2025-01-26T20:16:50+00:00","dateModified":"2025-05-13T14:25:20+00:00","breadcrumb":{"@id":"https:\/\/ticaret.edu.tr\/medya-ve-iletisim\/program-egitim-amaclari\/#breadcrumb"},"inLanguage":"tr","potentialAction":[{"@type":"ReadAction","target":["https:\/\/ticaret.edu.tr\/medya-ve-iletisim\/program-egitim-amaclari\/"]}]},{"@type":"BreadcrumbList","@id":"https:\/\/ticaret.edu.tr\/medya-ve-iletisim\/program-egitim-amaclari\/#breadcrumb","itemListElement":[{"@type":"ListItem","position":1,"name":"Ana sayfa","item":"http:\/\/ticaret.edu.tr\/medya-ve-iletisim\/"},{"@type":"ListItem","position":2,"name":"Program E\u011fitim Ama\u00e7lar\u0131"}]},{"@type":"WebSite","@id":"http:\/\/ticaret.edu.tr\/medya-ve-iletisim\/#website","url":"http:\/\/ticaret.edu.tr\/medya-ve-iletisim\/","name":"Medya ve \u0130leti\u015fim","description":"","potentialAction":[{"@type":"SearchAction","target":{"@type":"EntryPoint","urlTemplate":"http:\/\/ticaret.edu.tr\/medya-ve-iletisim\/?s={search_term_string}"},"query-input":"required name=search_term_string"}],"inLanguage":"tr"}]}},"lang":"tr","translations":{"en":1632,"tr":1630},"pll_sync_post":[],"_links":{"self":[{"href":"http:\/\/ticaret.edu.tr\/medya-ve-iletisim\/wp-json\/wp\/v2\/pages\/1630"}],"collection":[{"href":"http:\/\/ticaret.edu.tr\/medya-ve-iletisim\/wp-json\/wp\/v2\/pages"}],"about":[{"href":"http:\/\/ticaret.edu.tr\/medya-ve-iletisim\/wp-json\/wp\/v2\/types\/page"}],"author":[{"embeddable":true,"href":"http:\/\/ticaret.edu.tr\/medya-ve-iletisim\/wp-json\/wp\/v2\/users\/43"}],"replies":[{"embeddable":true,"href":"http:\/\/ticaret.edu.tr\/medya-ve-iletisim\/wp-json\/wp\/v2\/comments?post=1630"}],"version-history":[{"count":4,"href":"http:\/\/ticaret.edu.tr\/medya-ve-iletisim\/wp-json\/wp\/v2\/pages\/1630\/revisions"}],"predecessor-version":[{"id":2235,"href":"http:\/\/ticaret.edu.tr\/medya-ve-iletisim\/wp-json\/wp\/v2\/pages\/1630\/revisions\/2235"}],"wp:attachment":[{"href":"http:\/\/ticaret.edu.tr\/medya-ve-iletisim\/wp-json\/wp\/v2\/media?parent=1630"}],"curies":[{"name":"wp","href":"https:\/\/api.w.org\/{rel}","templated":true}]}}