{"id":1634,"date":"2025-01-26T23:18:26","date_gmt":"2025-01-26T20:18:26","guid":{"rendered":"https:\/\/ticaret.edu.tr\/medya-ve-iletisim\/?page_id=1634"},"modified":"2025-11-26T10:19:52","modified_gmt":"2025-11-26T07:19:52","slug":"program-ogretim-ciktilari","status":"publish","type":"page","link":"http:\/\/ticaret.edu.tr\/medya-ve-iletisim\/program-ogretim-ciktilari\/","title":{"rendered":"Program \u00d6\u011fretim \u00c7\u0131kt\u0131lar\u0131"},"content":{"rendered":"<p>De\u011ferli \u00d6\u011frencimiz,<\/p>\n<p>\u0130stanbul Ticaret \u00dcniversitesi \u0130leti\u015fim Fak\u00fcltesi, Medya ve \u0130leti\u015fim Lisans Program\u0131 Ama\u00e7lar\u0131 ve Program \u00d6\u011fretim \u00c7\u0131kt\u0131lar\u0131n\u0131n g\u00fcncellenmesi, belirlenen ama\u00e7lara ne derece ula\u015f\u0131ld\u0131\u011f\u0131n\u0131n de\u011ferlendirilmesi amac\u0131yla haz\u0131rlanan <strong><a href=\"https:\/\/anket.ticaret.edu.tr\/index.php\/566568?lang=tr\">ankete<\/a><\/strong> kat\u0131l\u0131m\u0131n\u0131z b\u00fcy\u00fck \u00f6nem ta\u015f\u0131maktad\u0131r.<\/p>\n<p>Kat\u0131l\u0131m\u0131n\u0131z i\u00e7in \u015fimdiden te\u015fekk\u00fcr ederiz.<\/p>\n<p style=\"text-align: center\"><strong>PROGRAM \u00d6\u011eRET\u0130M \u00c7IKTILARI<\/strong><\/p>\n<table id=\"grdProgCikti\" class=\"grdStyle\" cellspacing=\"0\" cellpadding=\"1\" align=\"Left\">\n<tbody>\n<tr>\n<td align=\"left\">P1<\/td>\n<td align=\"left\">Medya ve \u0130leti\u015fim alan\u0131na ili\u015fkin temel kavramlar\u0131, ileti\u015fim modellerini ve temel ele\u015ftirel kuramlar\u0131 bilir.<\/td>\n<\/tr>\n<tr>\n<td align=\"left\">P2<\/td>\n<td align=\"left\">\u0130leti\u015fimin ve kitle ileti\u015fim ara\u00e7lar\u0131n\u0131n tarihsel geli\u015fimini bilir.<\/td>\n<\/tr>\n<tr>\n<td align=\"left\">P3<\/td>\n<td align=\"left\">Medya end\u00fcstrilerini, medya metinlerini ve izleyicilerini bi\u00e7imlendiren toplumsal, hukuki, ekonomik ve siyasal ba\u011flamlar\u0131 ve yap\u0131lar\u0131 bilir.<\/td>\n<\/tr>\n<tr>\n<td align=\"left\">P4<\/td>\n<td align=\"left\">\u0130leti\u015fim alan\u0131nda kullan\u0131lan ara\u015ft\u0131rma y\u00f6ntemlerinin kullan\u0131m alanlar\u0131n\u0131, s\u00fcre\u00e7lerini, temel kavramlar\u0131n\u0131 bilir ve disiplinleraras\u0131 bilimsel \u00e7al\u0131\u015fmalar \u00fcretebilecek donan\u0131ma sahiptir.<\/td>\n<\/tr>\n<tr>\n<td align=\"left\">P5<\/td>\n<td align=\"left\">\u0130leti\u015fim alan\u0131nda teknolojik geli\u015fmelerle birlikte de\u011fi\u015fen i\u015f ko\u015fullar\u0131ndan, modellerinden ve sekt\u00f6rdeki i\u015f sa\u011fl\u0131\u011f\u0131 ve g\u00fcvenli\u011fi konular\u0131ndan haberdard\u0131r.<\/td>\n<\/tr>\n<tr>\n<td align=\"left\">P6<\/td>\n<td align=\"left\">Medyan\u0131n ve ileti\u015fimin toplumsal, ekonomik ve tarihsel rol\u00fcn\u00fc \u00e7\u00f6z\u00fcmleme becerisine sahiptir.<\/td>\n<\/tr>\n<tr>\n<td align=\"left\">P7<\/td>\n<td align=\"left\">En az bir yabanc\u0131 dilde s\u00f6zl\u00fc ve yaz\u0131l\u0131 olarak etkin ileti\u015fim kurma becerisine sahiptir.<\/td>\n<\/tr>\n<tr>\n<td align=\"left\">P8<\/td>\n<td align=\"left\">Medya ve ileti\u015fim alan\u0131na \u00f6zg\u00fc g\u00fcncel ve etik sorunlar\u0131 tan\u0131mlama, de\u011ferlendirme ele\u015ftirme ve \u00e7\u00f6z\u00fcm \u00f6nerileri geli\u015ftirme becerisine sahiptir.<\/td>\n<\/tr>\n<tr>\n<td align=\"left\">P9<\/td>\n<td align=\"left\">Uyumlu ve verimli bir ekip \u00e7al\u0131\u015fmas\u0131 i\u00e7inde, ileti\u015fim ortamlar\u0131na uygun i\u00e7erik olu\u015fturma ve yay\u0131nlama becerisine sahiptir.<\/td>\n<\/tr>\n<tr>\n<td align=\"left\">P10<\/td>\n<td align=\"left\">Ulusal ve uluslararas\u0131 g\u00fcndemi takip ederek; medyada yer alan i\u00e7erikleri ele\u015ftirel bir bak\u0131\u015fla de\u011ferlendirme ve akademik d\u00fczeyde \u00e7\u00f6z\u00fcm \u00fcretme yetkinli\u011fine sahiptir.<\/td>\n<\/tr>\n<tr>\n<td align=\"left\">P11<\/td>\n<td align=\"left\">\u0130leti\u015fim eti\u011fi ve medya okuryazarl\u0131\u011f\u0131 ilkelerine ba\u011fl\u0131 olarak, yaz\u0131l\u0131, g\u00f6rsel ve i\u015fitsel ortamlardaki iletilere ula\u015fma, bunlar\u0131 \u00e7\u00f6z\u00fcmleme, de\u011ferlendirme ve iletme yetene\u011fine sahiptir.<\/td>\n<\/tr>\n<tr>\n<td align=\"left\">P12<\/td>\n<td align=\"left\">S\u00fcrekli geli\u015fen medya ve ileti\u015fim teknolojilerini ve programlar\u0131n\u0131 etkin bir \u015fekilde kullanma yetkinli\u011fine sahiptir.<\/td>\n<\/tr>\n<\/tbody>\n<\/table>\n","protected":false},"excerpt":{"rendered":"<p>De\u011ferli \u00d6\u011frencimiz, \u0130stanbul Ticaret \u00dcniversitesi \u0130leti\u015fim Fak\u00fcltesi, Medya ve \u0130leti\u015fim Lisans Program\u0131 Ama\u00e7lar\u0131 ve Program \u00d6\u011fretim \u00c7\u0131kt\u0131lar\u0131n\u0131n g\u00fcncellenmesi, belirlenen ama\u00e7lara ne derece ula\u015f\u0131ld\u0131\u011f\u0131n\u0131n de\u011ferlendirilmesi amac\u0131yla haz\u0131rlanan ankete kat\u0131l\u0131m\u0131n\u0131z b\u00fcy\u00fck \u00f6nem ta\u015f\u0131maktad\u0131r. Kat\u0131l\u0131m\u0131n\u0131z i\u00e7in \u015fimdiden te\u015fekk\u00fcr ederiz. PROGRAM \u00d6\u011eRET\u0130M \u00c7IKTILARI P1 Medya ve \u0130leti\u015fim alan\u0131na ili\u015fkin temel kavramlar\u0131, ileti\u015fim modellerini ve temel ele\u015ftirel kuramlar\u0131 bilir. P2 [&hellip;]<\/p>\n","protected":false},"author":43,"featured_media":0,"parent":0,"menu_order":0,"comment_status":"closed","ping_status":"closed","template":"genel_sayfa.php","meta":{"footnotes":""},"yoast_head":"<!-- This site is optimized with the Yoast SEO Premium plugin v22.1 (Yoast SEO v22.1) - https:\/\/yoast.com\/wordpress\/plugins\/seo\/ -->\n<title>Program \u00d6\u011fretim \u00c7\u0131kt\u0131lar\u0131 - Medya ve \u0130leti\u015fim<\/title>\n<meta name=\"robots\" content=\"index, follow, max-snippet:-1, max-image-preview:large, max-video-preview:-1\" \/>\n<link rel=\"canonical\" href=\"https:\/\/ticaret.edu.tr\/medya-ve-iletisim\/program-ogretim-ciktilari\/\" \/>\n<meta property=\"og:locale\" content=\"tr_TR\" \/>\n<meta property=\"og:type\" content=\"article\" \/>\n<meta property=\"og:title\" content=\"Program \u00d6\u011fretim \u00c7\u0131kt\u0131lar\u0131\" \/>\n<meta property=\"og:description\" content=\"De\u011ferli \u00d6\u011frencimiz, \u0130stanbul Ticaret \u00dcniversitesi \u0130leti\u015fim Fak\u00fcltesi, Medya ve \u0130leti\u015fim Lisans Program\u0131 Ama\u00e7lar\u0131 ve Program \u00d6\u011fretim \u00c7\u0131kt\u0131lar\u0131n\u0131n g\u00fcncellenmesi, belirlenen ama\u00e7lara ne derece ula\u015f\u0131ld\u0131\u011f\u0131n\u0131n de\u011ferlendirilmesi amac\u0131yla haz\u0131rlanan ankete kat\u0131l\u0131m\u0131n\u0131z b\u00fcy\u00fck \u00f6nem ta\u015f\u0131maktad\u0131r. Kat\u0131l\u0131m\u0131n\u0131z i\u00e7in \u015fimdiden te\u015fekk\u00fcr ederiz. PROGRAM \u00d6\u011eRET\u0130M \u00c7IKTILARI P1 Medya ve \u0130leti\u015fim alan\u0131na ili\u015fkin temel kavramlar\u0131, ileti\u015fim modellerini ve temel ele\u015ftirel kuramlar\u0131 bilir. P2 [&hellip;]\" \/>\n<meta property=\"og:url\" content=\"https:\/\/ticaret.edu.tr\/medya-ve-iletisim\/program-ogretim-ciktilari\/\" \/>\n<meta property=\"og:site_name\" content=\"Medya ve \u0130leti\u015fim\" \/>\n<meta property=\"article:publisher\" content=\"https:\/\/www.facebook.com\/ticaretedutr\" \/>\n<meta property=\"article:modified_time\" content=\"2025-11-26T07:19:52+00:00\" \/>\n<meta property=\"og:image\" content=\"http:\/\/ticaret.edu.tr\/medya-ve-iletisim\/wp-content\/uploads\/sites\/14\/2021\/11\/web_logo-01.jpg\" \/>\n\t<meta property=\"og:image:width\" content=\"1250\" \/>\n\t<meta property=\"og:image:height\" content=\"833\" \/>\n\t<meta property=\"og:image:type\" content=\"image\/jpeg\" \/>\n<meta name=\"twitter:card\" content=\"summary_large_image\" \/>\n<meta name=\"twitter:site\" content=\"@ticaretedutr\" \/>\n<meta name=\"twitter:label1\" content=\"Tahmini okuma s\u00fcresi\" \/>\n\t<meta name=\"twitter:data1\" content=\"2 dakika\" \/>\n<script type=\"application\/ld+json\" class=\"yoast-schema-graph\">{\"@context\":\"https:\/\/schema.org\",\"@graph\":[{\"@type\":\"WebPage\",\"@id\":\"https:\/\/ticaret.edu.tr\/medya-ve-iletisim\/program-ogretim-ciktilari\/\",\"url\":\"https:\/\/ticaret.edu.tr\/medya-ve-iletisim\/program-ogretim-ciktilari\/\",\"name\":\"Program \u00d6\u011fretim \u00c7\u0131kt\u0131lar\u0131 - Medya ve \u0130leti\u015fim\",\"isPartOf\":{\"@id\":\"http:\/\/ticaret.edu.tr\/medya-ve-iletisim\/#website\"},\"datePublished\":\"2025-01-26T20:18:26+00:00\",\"dateModified\":\"2025-11-26T07:19:52+00:00\",\"breadcrumb\":{\"@id\":\"https:\/\/ticaret.edu.tr\/medya-ve-iletisim\/program-ogretim-ciktilari\/#breadcrumb\"},\"inLanguage\":\"tr\",\"potentialAction\":[{\"@type\":\"ReadAction\",\"target\":[\"https:\/\/ticaret.edu.tr\/medya-ve-iletisim\/program-ogretim-ciktilari\/\"]}]},{\"@type\":\"BreadcrumbList\",\"@id\":\"https:\/\/ticaret.edu.tr\/medya-ve-iletisim\/program-ogretim-ciktilari\/#breadcrumb\",\"itemListElement\":[{\"@type\":\"ListItem\",\"position\":1,\"name\":\"Ana sayfa\",\"item\":\"http:\/\/ticaret.edu.tr\/medya-ve-iletisim\/\"},{\"@type\":\"ListItem\",\"position\":2,\"name\":\"Program \u00d6\u011fretim \u00c7\u0131kt\u0131lar\u0131\"}]},{\"@type\":\"WebSite\",\"@id\":\"http:\/\/ticaret.edu.tr\/medya-ve-iletisim\/#website\",\"url\":\"http:\/\/ticaret.edu.tr\/medya-ve-iletisim\/\",\"name\":\"Medya ve \u0130leti\u015fim\",\"description\":\"\",\"potentialAction\":[{\"@type\":\"SearchAction\",\"target\":{\"@type\":\"EntryPoint\",\"urlTemplate\":\"http:\/\/ticaret.edu.tr\/medya-ve-iletisim\/?s={search_term_string}\"},\"query-input\":\"required name=search_term_string\"}],\"inLanguage\":\"tr\"}]}<\/script>\n<!-- \/ Yoast SEO Premium plugin. -->","yoast_head_json":{"title":"Program \u00d6\u011fretim \u00c7\u0131kt\u0131lar\u0131 - Medya ve \u0130leti\u015fim","robots":{"index":"index","follow":"follow","max-snippet":"max-snippet:-1","max-image-preview":"max-image-preview:large","max-video-preview":"max-video-preview:-1"},"canonical":"https:\/\/ticaret.edu.tr\/medya-ve-iletisim\/program-ogretim-ciktilari\/","og_locale":"tr_TR","og_type":"article","og_title":"Program \u00d6\u011fretim \u00c7\u0131kt\u0131lar\u0131","og_description":"De\u011ferli \u00d6\u011frencimiz, \u0130stanbul Ticaret \u00dcniversitesi \u0130leti\u015fim Fak\u00fcltesi, Medya ve \u0130leti\u015fim Lisans Program\u0131 Ama\u00e7lar\u0131 ve Program \u00d6\u011fretim \u00c7\u0131kt\u0131lar\u0131n\u0131n g\u00fcncellenmesi, belirlenen ama\u00e7lara ne derece ula\u015f\u0131ld\u0131\u011f\u0131n\u0131n de\u011ferlendirilmesi amac\u0131yla haz\u0131rlanan ankete kat\u0131l\u0131m\u0131n\u0131z b\u00fcy\u00fck \u00f6nem ta\u015f\u0131maktad\u0131r. Kat\u0131l\u0131m\u0131n\u0131z i\u00e7in \u015fimdiden te\u015fekk\u00fcr ederiz. PROGRAM \u00d6\u011eRET\u0130M \u00c7IKTILARI P1 Medya ve \u0130leti\u015fim alan\u0131na ili\u015fkin temel kavramlar\u0131, ileti\u015fim modellerini ve temel ele\u015ftirel kuramlar\u0131 bilir. P2 [&hellip;]","og_url":"https:\/\/ticaret.edu.tr\/medya-ve-iletisim\/program-ogretim-ciktilari\/","og_site_name":"Medya ve \u0130leti\u015fim","article_publisher":"https:\/\/www.facebook.com\/ticaretedutr","article_modified_time":"2025-11-26T07:19:52+00:00","og_image":[{"width":1250,"height":833,"url":"http:\/\/ticaret.edu.tr\/medya-ve-iletisim\/wp-content\/uploads\/sites\/14\/2021\/11\/web_logo-01.jpg","type":"image\/jpeg"}],"twitter_card":"summary_large_image","twitter_site":"@ticaretedutr","twitter_misc":{"Tahmini okuma s\u00fcresi":"2 dakika"},"schema":{"@context":"https:\/\/schema.org","@graph":[{"@type":"WebPage","@id":"https:\/\/ticaret.edu.tr\/medya-ve-iletisim\/program-ogretim-ciktilari\/","url":"https:\/\/ticaret.edu.tr\/medya-ve-iletisim\/program-ogretim-ciktilari\/","name":"Program \u00d6\u011fretim \u00c7\u0131kt\u0131lar\u0131 - Medya ve \u0130leti\u015fim","isPartOf":{"@id":"http:\/\/ticaret.edu.tr\/medya-ve-iletisim\/#website"},"datePublished":"2025-01-26T20:18:26+00:00","dateModified":"2025-11-26T07:19:52+00:00","breadcrumb":{"@id":"https:\/\/ticaret.edu.tr\/medya-ve-iletisim\/program-ogretim-ciktilari\/#breadcrumb"},"inLanguage":"tr","potentialAction":[{"@type":"ReadAction","target":["https:\/\/ticaret.edu.tr\/medya-ve-iletisim\/program-ogretim-ciktilari\/"]}]},{"@type":"BreadcrumbList","@id":"https:\/\/ticaret.edu.tr\/medya-ve-iletisim\/program-ogretim-ciktilari\/#breadcrumb","itemListElement":[{"@type":"ListItem","position":1,"name":"Ana sayfa","item":"http:\/\/ticaret.edu.tr\/medya-ve-iletisim\/"},{"@type":"ListItem","position":2,"name":"Program \u00d6\u011fretim \u00c7\u0131kt\u0131lar\u0131"}]},{"@type":"WebSite","@id":"http:\/\/ticaret.edu.tr\/medya-ve-iletisim\/#website","url":"http:\/\/ticaret.edu.tr\/medya-ve-iletisim\/","name":"Medya ve \u0130leti\u015fim","description":"","potentialAction":[{"@type":"SearchAction","target":{"@type":"EntryPoint","urlTemplate":"http:\/\/ticaret.edu.tr\/medya-ve-iletisim\/?s={search_term_string}"},"query-input":"required name=search_term_string"}],"inLanguage":"tr"}]}},"lang":"tr","translations":{"en":1636,"tr":1634},"pll_sync_post":[],"_links":{"self":[{"href":"http:\/\/ticaret.edu.tr\/medya-ve-iletisim\/wp-json\/wp\/v2\/pages\/1634"}],"collection":[{"href":"http:\/\/ticaret.edu.tr\/medya-ve-iletisim\/wp-json\/wp\/v2\/pages"}],"about":[{"href":"http:\/\/ticaret.edu.tr\/medya-ve-iletisim\/wp-json\/wp\/v2\/types\/page"}],"author":[{"embeddable":true,"href":"http:\/\/ticaret.edu.tr\/medya-ve-iletisim\/wp-json\/wp\/v2\/users\/43"}],"replies":[{"embeddable":true,"href":"http:\/\/ticaret.edu.tr\/medya-ve-iletisim\/wp-json\/wp\/v2\/comments?post=1634"}],"version-history":[{"count":6,"href":"http:\/\/ticaret.edu.tr\/medya-ve-iletisim\/wp-json\/wp\/v2\/pages\/1634\/revisions"}],"predecessor-version":[{"id":2357,"href":"http:\/\/ticaret.edu.tr\/medya-ve-iletisim\/wp-json\/wp\/v2\/pages\/1634\/revisions\/2357"}],"wp:attachment":[{"href":"http:\/\/ticaret.edu.tr\/medya-ve-iletisim\/wp-json\/wp\/v2\/media?parent=1634"}],"curies":[{"name":"wp","href":"https:\/\/api.w.org\/{rel}","templated":true}]}}