{"id":1646,"date":"2025-01-26T23:21:54","date_gmt":"2025-01-26T20:21:54","guid":{"rendered":"https:\/\/ticaret.edu.tr\/medya-ve-iletisim\/?page_id=1646"},"modified":"2025-10-10T15:38:59","modified_gmt":"2025-10-10T12:38:59","slug":"kayit-kabul-sartlari","status":"publish","type":"page","link":"http:\/\/ticaret.edu.tr\/medya-ve-iletisim\/kayit-kabul-sartlari\/","title":{"rendered":"Kay\u0131t Kabul \u015eartlar\u0131"},"content":{"rendered":"<p>Orta\u00f6\u011fretim kurumlar\u0131ndan ya da denkli\u011fi Milli E\u011fitim Bakanl\u0131\u011f\u0131nca onaylanan yabanc\u0131 \u00fclke orta\u00f6\u011fretim kurumlar\u0131ndan mezun olmak ve y\u00fcksek\u00f6\u011fretim kurumlar\u0131n\u0131n lisans programlar\u0131na kabul \u015fartlar\u0131n\u0131 sa\u011flam\u0131\u015f olmak.<\/p>\n<p>Y\u00d6K taraf\u0131ndan usul ve esaslar\u0131 belirlenen, \u00d6l\u00e7me, Se\u00e7me ve Yerle\u015ftirme Merkezi (\u00d6SYM) taraf\u0131ndan yap\u0131lan merkezi s\u0131nav sonucunda y\u00fcksek\u00f6\u011fretim kurumunun ilgili lisans program\u0131na yerle\u015ftirilmi\u015f olmak.<\/p>\n<p>Y\u00d6K taraf\u0131ndan usul ve esaslar\u0131 belirlenen, \u00d6SYM taraf\u0131ndan yap\u0131lan Dikey Ge\u00e7i\u015f S\u0131nav\u0131 (DGS) sonucunda \u00f6nlisans mezunlar\u0131 i\u00e7in y\u00fcksek\u00f6\u011fretim kurumlar\u0131nda bitirdikleri alanlar\u0131n devam\u0131 niteli\u011findeki lisans programlar\u0131na yerle\u015ftirilmi\u015f olmak.<\/p>\n","protected":false},"excerpt":{"rendered":"<p>Orta\u00f6\u011fretim kurumlar\u0131ndan ya da denkli\u011fi Milli E\u011fitim Bakanl\u0131\u011f\u0131nca onaylanan yabanc\u0131 \u00fclke orta\u00f6\u011fretim kurumlar\u0131ndan mezun olmak ve y\u00fcksek\u00f6\u011fretim kurumlar\u0131n\u0131n lisans programlar\u0131na kabul \u015fartlar\u0131n\u0131 sa\u011flam\u0131\u015f olmak. Y\u00d6K taraf\u0131ndan usul ve esaslar\u0131 belirlenen, \u00d6l\u00e7me, Se\u00e7me ve Yerle\u015ftirme Merkezi (\u00d6SYM) taraf\u0131ndan yap\u0131lan merkezi s\u0131nav sonucunda y\u00fcksek\u00f6\u011fretim kurumunun ilgili lisans program\u0131na yerle\u015ftirilmi\u015f olmak. Y\u00d6K taraf\u0131ndan usul ve esaslar\u0131 belirlenen, \u00d6SYM [&hellip;]<\/p>\n","protected":false},"author":43,"featured_media":0,"parent":0,"menu_order":0,"comment_status":"closed","ping_status":"closed","template":"genel_sayfa.php","meta":{"footnotes":""},"yoast_head":"<!-- This site is optimized with the Yoast SEO Premium plugin v22.1 (Yoast SEO v22.1) - https:\/\/yoast.com\/wordpress\/plugins\/seo\/ -->\n<title>Kay\u0131t Kabul \u015eartlar\u0131 - Medya ve \u0130leti\u015fim<\/title>\n<meta name=\"robots\" content=\"index, follow, max-snippet:-1, max-image-preview:large, max-video-preview:-1\" \/>\n<link rel=\"canonical\" href=\"https:\/\/ticaret.edu.tr\/medya-ve-iletisim\/kayit-kabul-sartlari\/\" \/>\n<meta property=\"og:locale\" content=\"tr_TR\" \/>\n<meta property=\"og:type\" content=\"article\" \/>\n<meta property=\"og:title\" content=\"Kay\u0131t Kabul \u015eartlar\u0131\" \/>\n<meta property=\"og:description\" content=\"Orta\u00f6\u011fretim kurumlar\u0131ndan ya da denkli\u011fi Milli E\u011fitim Bakanl\u0131\u011f\u0131nca onaylanan yabanc\u0131 \u00fclke orta\u00f6\u011fretim kurumlar\u0131ndan mezun olmak ve y\u00fcksek\u00f6\u011fretim kurumlar\u0131n\u0131n lisans programlar\u0131na kabul \u015fartlar\u0131n\u0131 sa\u011flam\u0131\u015f olmak. Y\u00d6K taraf\u0131ndan usul ve esaslar\u0131 belirlenen, \u00d6l\u00e7me, Se\u00e7me ve Yerle\u015ftirme Merkezi (\u00d6SYM) taraf\u0131ndan yap\u0131lan merkezi s\u0131nav sonucunda y\u00fcksek\u00f6\u011fretim kurumunun ilgili lisans program\u0131na yerle\u015ftirilmi\u015f olmak. Y\u00d6K taraf\u0131ndan usul ve esaslar\u0131 belirlenen, \u00d6SYM [&hellip;]\" \/>\n<meta property=\"og:url\" content=\"https:\/\/ticaret.edu.tr\/medya-ve-iletisim\/kayit-kabul-sartlari\/\" \/>\n<meta property=\"og:site_name\" content=\"Medya ve \u0130leti\u015fim\" \/>\n<meta property=\"article:publisher\" content=\"https:\/\/www.facebook.com\/ticaretedutr\" \/>\n<meta property=\"article:modified_time\" content=\"2025-10-10T12:38:59+00:00\" \/>\n<meta property=\"og:image\" content=\"http:\/\/ticaret.edu.tr\/medya-ve-iletisim\/wp-content\/uploads\/sites\/14\/2021\/11\/web_logo-01.jpg\" \/>\n\t<meta property=\"og:image:width\" content=\"1250\" \/>\n\t<meta property=\"og:image:height\" content=\"833\" \/>\n\t<meta property=\"og:image:type\" content=\"image\/jpeg\" \/>\n<meta name=\"twitter:card\" content=\"summary_large_image\" \/>\n<meta name=\"twitter:site\" content=\"@ticaretedutr\" \/>\n<meta name=\"twitter:label1\" content=\"Tahmini okuma s\u00fcresi\" \/>\n\t<meta name=\"twitter:data1\" content=\"1 dakika\" \/>\n<script type=\"application\/ld+json\" class=\"yoast-schema-graph\">{\"@context\":\"https:\/\/schema.org\",\"@graph\":[{\"@type\":\"WebPage\",\"@id\":\"https:\/\/ticaret.edu.tr\/medya-ve-iletisim\/kayit-kabul-sartlari\/\",\"url\":\"https:\/\/ticaret.edu.tr\/medya-ve-iletisim\/kayit-kabul-sartlari\/\",\"name\":\"Kay\u0131t Kabul \u015eartlar\u0131 - Medya ve \u0130leti\u015fim\",\"isPartOf\":{\"@id\":\"http:\/\/ticaret.edu.tr\/medya-ve-iletisim\/#website\"},\"datePublished\":\"2025-01-26T20:21:54+00:00\",\"dateModified\":\"2025-10-10T12:38:59+00:00\",\"breadcrumb\":{\"@id\":\"https:\/\/ticaret.edu.tr\/medya-ve-iletisim\/kayit-kabul-sartlari\/#breadcrumb\"},\"inLanguage\":\"tr\",\"potentialAction\":[{\"@type\":\"ReadAction\",\"target\":[\"https:\/\/ticaret.edu.tr\/medya-ve-iletisim\/kayit-kabul-sartlari\/\"]}]},{\"@type\":\"BreadcrumbList\",\"@id\":\"https:\/\/ticaret.edu.tr\/medya-ve-iletisim\/kayit-kabul-sartlari\/#breadcrumb\",\"itemListElement\":[{\"@type\":\"ListItem\",\"position\":1,\"name\":\"Ana sayfa\",\"item\":\"http:\/\/ticaret.edu.tr\/medya-ve-iletisim\/\"},{\"@type\":\"ListItem\",\"position\":2,\"name\":\"Kay\u0131t Kabul \u015eartlar\u0131\"}]},{\"@type\":\"WebSite\",\"@id\":\"http:\/\/ticaret.edu.tr\/medya-ve-iletisim\/#website\",\"url\":\"http:\/\/ticaret.edu.tr\/medya-ve-iletisim\/\",\"name\":\"Medya ve \u0130leti\u015fim\",\"description\":\"\",\"potentialAction\":[{\"@type\":\"SearchAction\",\"target\":{\"@type\":\"EntryPoint\",\"urlTemplate\":\"http:\/\/ticaret.edu.tr\/medya-ve-iletisim\/?s={search_term_string}\"},\"query-input\":\"required name=search_term_string\"}],\"inLanguage\":\"tr\"}]}<\/script>\n<!-- \/ Yoast SEO Premium plugin. -->","yoast_head_json":{"title":"Kay\u0131t Kabul \u015eartlar\u0131 - Medya ve \u0130leti\u015fim","robots":{"index":"index","follow":"follow","max-snippet":"max-snippet:-1","max-image-preview":"max-image-preview:large","max-video-preview":"max-video-preview:-1"},"canonical":"https:\/\/ticaret.edu.tr\/medya-ve-iletisim\/kayit-kabul-sartlari\/","og_locale":"tr_TR","og_type":"article","og_title":"Kay\u0131t Kabul \u015eartlar\u0131","og_description":"Orta\u00f6\u011fretim kurumlar\u0131ndan ya da denkli\u011fi Milli E\u011fitim Bakanl\u0131\u011f\u0131nca onaylanan yabanc\u0131 \u00fclke orta\u00f6\u011fretim kurumlar\u0131ndan mezun olmak ve y\u00fcksek\u00f6\u011fretim kurumlar\u0131n\u0131n lisans programlar\u0131na kabul \u015fartlar\u0131n\u0131 sa\u011flam\u0131\u015f olmak. Y\u00d6K taraf\u0131ndan usul ve esaslar\u0131 belirlenen, \u00d6l\u00e7me, Se\u00e7me ve Yerle\u015ftirme Merkezi (\u00d6SYM) taraf\u0131ndan yap\u0131lan merkezi s\u0131nav sonucunda y\u00fcksek\u00f6\u011fretim kurumunun ilgili lisans program\u0131na yerle\u015ftirilmi\u015f olmak. Y\u00d6K taraf\u0131ndan usul ve esaslar\u0131 belirlenen, \u00d6SYM [&hellip;]","og_url":"https:\/\/ticaret.edu.tr\/medya-ve-iletisim\/kayit-kabul-sartlari\/","og_site_name":"Medya ve \u0130leti\u015fim","article_publisher":"https:\/\/www.facebook.com\/ticaretedutr","article_modified_time":"2025-10-10T12:38:59+00:00","og_image":[{"width":1250,"height":833,"url":"http:\/\/ticaret.edu.tr\/medya-ve-iletisim\/wp-content\/uploads\/sites\/14\/2021\/11\/web_logo-01.jpg","type":"image\/jpeg"}],"twitter_card":"summary_large_image","twitter_site":"@ticaretedutr","twitter_misc":{"Tahmini okuma s\u00fcresi":"1 dakika"},"schema":{"@context":"https:\/\/schema.org","@graph":[{"@type":"WebPage","@id":"https:\/\/ticaret.edu.tr\/medya-ve-iletisim\/kayit-kabul-sartlari\/","url":"https:\/\/ticaret.edu.tr\/medya-ve-iletisim\/kayit-kabul-sartlari\/","name":"Kay\u0131t Kabul \u015eartlar\u0131 - Medya ve \u0130leti\u015fim","isPartOf":{"@id":"http:\/\/ticaret.edu.tr\/medya-ve-iletisim\/#website"},"datePublished":"2025-01-26T20:21:54+00:00","dateModified":"2025-10-10T12:38:59+00:00","breadcrumb":{"@id":"https:\/\/ticaret.edu.tr\/medya-ve-iletisim\/kayit-kabul-sartlari\/#breadcrumb"},"inLanguage":"tr","potentialAction":[{"@type":"ReadAction","target":["https:\/\/ticaret.edu.tr\/medya-ve-iletisim\/kayit-kabul-sartlari\/"]}]},{"@type":"BreadcrumbList","@id":"https:\/\/ticaret.edu.tr\/medya-ve-iletisim\/kayit-kabul-sartlari\/#breadcrumb","itemListElement":[{"@type":"ListItem","position":1,"name":"Ana sayfa","item":"http:\/\/ticaret.edu.tr\/medya-ve-iletisim\/"},{"@type":"ListItem","position":2,"name":"Kay\u0131t Kabul \u015eartlar\u0131"}]},{"@type":"WebSite","@id":"http:\/\/ticaret.edu.tr\/medya-ve-iletisim\/#website","url":"http:\/\/ticaret.edu.tr\/medya-ve-iletisim\/","name":"Medya ve \u0130leti\u015fim","description":"","potentialAction":[{"@type":"SearchAction","target":{"@type":"EntryPoint","urlTemplate":"http:\/\/ticaret.edu.tr\/medya-ve-iletisim\/?s={search_term_string}"},"query-input":"required name=search_term_string"}],"inLanguage":"tr"}]}},"lang":"tr","translations":{"en":1648,"tr":1646},"pll_sync_post":[],"_links":{"self":[{"href":"http:\/\/ticaret.edu.tr\/medya-ve-iletisim\/wp-json\/wp\/v2\/pages\/1646"}],"collection":[{"href":"http:\/\/ticaret.edu.tr\/medya-ve-iletisim\/wp-json\/wp\/v2\/pages"}],"about":[{"href":"http:\/\/ticaret.edu.tr\/medya-ve-iletisim\/wp-json\/wp\/v2\/types\/page"}],"author":[{"embeddable":true,"href":"http:\/\/ticaret.edu.tr\/medya-ve-iletisim\/wp-json\/wp\/v2\/users\/43"}],"replies":[{"embeddable":true,"href":"http:\/\/ticaret.edu.tr\/medya-ve-iletisim\/wp-json\/wp\/v2\/comments?post=1646"}],"version-history":[{"count":2,"href":"http:\/\/ticaret.edu.tr\/medya-ve-iletisim\/wp-json\/wp\/v2\/pages\/1646\/revisions"}],"predecessor-version":[{"id":2292,"href":"http:\/\/ticaret.edu.tr\/medya-ve-iletisim\/wp-json\/wp\/v2\/pages\/1646\/revisions\/2292"}],"wp:attachment":[{"href":"http:\/\/ticaret.edu.tr\/medya-ve-iletisim\/wp-json\/wp\/v2\/media?parent=1646"}],"curies":[{"name":"wp","href":"https:\/\/api.w.org\/{rel}","templated":true}]}}