{"id":1654,"date":"2025-01-26T23:24:12","date_gmt":"2025-01-26T20:24:12","guid":{"rendered":"https:\/\/ticaret.edu.tr\/medya-ve-iletisim\/?page_id=1654"},"modified":"2025-06-03T15:34:54","modified_gmt":"2025-06-03T12:34:54","slug":"mezuniyet-kosullari","status":"publish","type":"page","link":"http:\/\/ticaret.edu.tr\/medya-ve-iletisim\/mezuniyet-kosullari\/","title":{"rendered":"Mezuniyet Ko\u015fullar\u0131"},"content":{"rendered":"<p>M\u00fcfredatta yer alan zorunlu ve se\u00e7meli dersleri, uygulamalar\u0131 ve stajlar\u0131 ba\u015far\u0131yla tamamlayarak, en az 2.00 genel not ortalamas\u0131 ile mezuniyet i\u00e7in gereken kredi y\u00fck\u00fcn\u00fc tamamlayan \u00f6\u011frenciler, kat\u0131ld\u0131klar\u0131 programa g\u00f6re fak\u00fclte lisans diplomas\u0131, y\u00fcksekokul lisans diplomas\u0131 veya meslek y\u00fcksekokulu \u00f6n lisans diplomas\u0131 alma hakk\u0131na sahiptir.<\/p>\n","protected":false},"excerpt":{"rendered":"<p>M\u00fcfredatta yer alan zorunlu ve se\u00e7meli dersleri, uygulamalar\u0131 ve stajlar\u0131 ba\u015far\u0131yla tamamlayarak, en az 2.00 genel not ortalamas\u0131 ile mezuniyet i\u00e7in gereken kredi y\u00fck\u00fcn\u00fc tamamlayan \u00f6\u011frenciler, kat\u0131ld\u0131klar\u0131 programa g\u00f6re fak\u00fclte lisans diplomas\u0131, y\u00fcksekokul lisans diplomas\u0131 veya meslek y\u00fcksekokulu \u00f6n lisans diplomas\u0131 alma hakk\u0131na sahiptir.<\/p>\n","protected":false},"author":43,"featured_media":0,"parent":0,"menu_order":0,"comment_status":"closed","ping_status":"closed","template":"genel_sayfa.php","meta":{"footnotes":""},"yoast_head":"<!-- This site is optimized with the Yoast SEO Premium plugin v22.1 (Yoast SEO v22.1) - https:\/\/yoast.com\/wordpress\/plugins\/seo\/ -->\n<title>Mezuniyet Ko\u015fullar\u0131 - Medya ve \u0130leti\u015fim<\/title>\n<meta name=\"robots\" content=\"index, follow, max-snippet:-1, max-image-preview:large, max-video-preview:-1\" \/>\n<link rel=\"canonical\" href=\"https:\/\/ticaret.edu.tr\/medya-ve-iletisim\/mezuniyet-kosullari\/\" \/>\n<meta property=\"og:locale\" content=\"tr_TR\" \/>\n<meta property=\"og:type\" content=\"article\" \/>\n<meta property=\"og:title\" content=\"Mezuniyet Ko\u015fullar\u0131\" \/>\n<meta property=\"og:description\" content=\"M\u00fcfredatta yer alan zorunlu ve se\u00e7meli dersleri, uygulamalar\u0131 ve stajlar\u0131 ba\u015far\u0131yla tamamlayarak, en az 2.00 genel not ortalamas\u0131 ile mezuniyet i\u00e7in gereken kredi y\u00fck\u00fcn\u00fc tamamlayan \u00f6\u011frenciler, kat\u0131ld\u0131klar\u0131 programa g\u00f6re fak\u00fclte lisans diplomas\u0131, y\u00fcksekokul lisans diplomas\u0131 veya meslek y\u00fcksekokulu \u00f6n lisans diplomas\u0131 alma hakk\u0131na sahiptir.\" \/>\n<meta property=\"og:url\" content=\"https:\/\/ticaret.edu.tr\/medya-ve-iletisim\/mezuniyet-kosullari\/\" \/>\n<meta property=\"og:site_name\" content=\"Medya ve \u0130leti\u015fim\" \/>\n<meta property=\"article:publisher\" content=\"https:\/\/www.facebook.com\/ticaretedutr\" \/>\n<meta property=\"article:modified_time\" content=\"2025-06-03T12:34:54+00:00\" \/>\n<meta property=\"og:image\" content=\"http:\/\/ticaret.edu.tr\/medya-ve-iletisim\/wp-content\/uploads\/sites\/14\/2021\/11\/web_logo-01.jpg\" \/>\n\t<meta property=\"og:image:width\" content=\"1250\" \/>\n\t<meta property=\"og:image:height\" content=\"833\" \/>\n\t<meta property=\"og:image:type\" content=\"image\/jpeg\" \/>\n<meta name=\"twitter:card\" content=\"summary_large_image\" \/>\n<meta name=\"twitter:site\" content=\"@ticaretedutr\" \/>\n<meta name=\"twitter:label1\" content=\"Tahmini okuma s\u00fcresi\" \/>\n\t<meta name=\"twitter:data1\" content=\"1 dakika\" \/>\n<script type=\"application\/ld+json\" class=\"yoast-schema-graph\">{\"@context\":\"https:\/\/schema.org\",\"@graph\":[{\"@type\":\"WebPage\",\"@id\":\"https:\/\/ticaret.edu.tr\/medya-ve-iletisim\/mezuniyet-kosullari\/\",\"url\":\"https:\/\/ticaret.edu.tr\/medya-ve-iletisim\/mezuniyet-kosullari\/\",\"name\":\"Mezuniyet Ko\u015fullar\u0131 - Medya ve \u0130leti\u015fim\",\"isPartOf\":{\"@id\":\"http:\/\/ticaret.edu.tr\/medya-ve-iletisim\/#website\"},\"datePublished\":\"2025-01-26T20:24:12+00:00\",\"dateModified\":\"2025-06-03T12:34:54+00:00\",\"breadcrumb\":{\"@id\":\"https:\/\/ticaret.edu.tr\/medya-ve-iletisim\/mezuniyet-kosullari\/#breadcrumb\"},\"inLanguage\":\"tr\",\"potentialAction\":[{\"@type\":\"ReadAction\",\"target\":[\"https:\/\/ticaret.edu.tr\/medya-ve-iletisim\/mezuniyet-kosullari\/\"]}]},{\"@type\":\"BreadcrumbList\",\"@id\":\"https:\/\/ticaret.edu.tr\/medya-ve-iletisim\/mezuniyet-kosullari\/#breadcrumb\",\"itemListElement\":[{\"@type\":\"ListItem\",\"position\":1,\"name\":\"Ana sayfa\",\"item\":\"http:\/\/ticaret.edu.tr\/medya-ve-iletisim\/\"},{\"@type\":\"ListItem\",\"position\":2,\"name\":\"Mezuniyet Ko\u015fullar\u0131\"}]},{\"@type\":\"WebSite\",\"@id\":\"http:\/\/ticaret.edu.tr\/medya-ve-iletisim\/#website\",\"url\":\"http:\/\/ticaret.edu.tr\/medya-ve-iletisim\/\",\"name\":\"Medya ve \u0130leti\u015fim\",\"description\":\"\",\"potentialAction\":[{\"@type\":\"SearchAction\",\"target\":{\"@type\":\"EntryPoint\",\"urlTemplate\":\"http:\/\/ticaret.edu.tr\/medya-ve-iletisim\/?s={search_term_string}\"},\"query-input\":\"required name=search_term_string\"}],\"inLanguage\":\"tr\"}]}<\/script>\n<!-- \/ Yoast SEO Premium plugin. -->","yoast_head_json":{"title":"Mezuniyet Ko\u015fullar\u0131 - Medya ve \u0130leti\u015fim","robots":{"index":"index","follow":"follow","max-snippet":"max-snippet:-1","max-image-preview":"max-image-preview:large","max-video-preview":"max-video-preview:-1"},"canonical":"https:\/\/ticaret.edu.tr\/medya-ve-iletisim\/mezuniyet-kosullari\/","og_locale":"tr_TR","og_type":"article","og_title":"Mezuniyet Ko\u015fullar\u0131","og_description":"M\u00fcfredatta yer alan zorunlu ve se\u00e7meli dersleri, uygulamalar\u0131 ve stajlar\u0131 ba\u015far\u0131yla tamamlayarak, en az 2.00 genel not ortalamas\u0131 ile mezuniyet i\u00e7in gereken kredi y\u00fck\u00fcn\u00fc tamamlayan \u00f6\u011frenciler, kat\u0131ld\u0131klar\u0131 programa g\u00f6re fak\u00fclte lisans diplomas\u0131, y\u00fcksekokul lisans diplomas\u0131 veya meslek y\u00fcksekokulu \u00f6n lisans diplomas\u0131 alma hakk\u0131na sahiptir.","og_url":"https:\/\/ticaret.edu.tr\/medya-ve-iletisim\/mezuniyet-kosullari\/","og_site_name":"Medya ve \u0130leti\u015fim","article_publisher":"https:\/\/www.facebook.com\/ticaretedutr","article_modified_time":"2025-06-03T12:34:54+00:00","og_image":[{"width":1250,"height":833,"url":"http:\/\/ticaret.edu.tr\/medya-ve-iletisim\/wp-content\/uploads\/sites\/14\/2021\/11\/web_logo-01.jpg","type":"image\/jpeg"}],"twitter_card":"summary_large_image","twitter_site":"@ticaretedutr","twitter_misc":{"Tahmini okuma s\u00fcresi":"1 dakika"},"schema":{"@context":"https:\/\/schema.org","@graph":[{"@type":"WebPage","@id":"https:\/\/ticaret.edu.tr\/medya-ve-iletisim\/mezuniyet-kosullari\/","url":"https:\/\/ticaret.edu.tr\/medya-ve-iletisim\/mezuniyet-kosullari\/","name":"Mezuniyet Ko\u015fullar\u0131 - Medya ve \u0130leti\u015fim","isPartOf":{"@id":"http:\/\/ticaret.edu.tr\/medya-ve-iletisim\/#website"},"datePublished":"2025-01-26T20:24:12+00:00","dateModified":"2025-06-03T12:34:54+00:00","breadcrumb":{"@id":"https:\/\/ticaret.edu.tr\/medya-ve-iletisim\/mezuniyet-kosullari\/#breadcrumb"},"inLanguage":"tr","potentialAction":[{"@type":"ReadAction","target":["https:\/\/ticaret.edu.tr\/medya-ve-iletisim\/mezuniyet-kosullari\/"]}]},{"@type":"BreadcrumbList","@id":"https:\/\/ticaret.edu.tr\/medya-ve-iletisim\/mezuniyet-kosullari\/#breadcrumb","itemListElement":[{"@type":"ListItem","position":1,"name":"Ana sayfa","item":"http:\/\/ticaret.edu.tr\/medya-ve-iletisim\/"},{"@type":"ListItem","position":2,"name":"Mezuniyet Ko\u015fullar\u0131"}]},{"@type":"WebSite","@id":"http:\/\/ticaret.edu.tr\/medya-ve-iletisim\/#website","url":"http:\/\/ticaret.edu.tr\/medya-ve-iletisim\/","name":"Medya ve \u0130leti\u015fim","description":"","potentialAction":[{"@type":"SearchAction","target":{"@type":"EntryPoint","urlTemplate":"http:\/\/ticaret.edu.tr\/medya-ve-iletisim\/?s={search_term_string}"},"query-input":"required name=search_term_string"}],"inLanguage":"tr"}]}},"lang":"tr","translations":{"en":1959,"tr":1654},"pll_sync_post":[],"_links":{"self":[{"href":"http:\/\/ticaret.edu.tr\/medya-ve-iletisim\/wp-json\/wp\/v2\/pages\/1654"}],"collection":[{"href":"http:\/\/ticaret.edu.tr\/medya-ve-iletisim\/wp-json\/wp\/v2\/pages"}],"about":[{"href":"http:\/\/ticaret.edu.tr\/medya-ve-iletisim\/wp-json\/wp\/v2\/types\/page"}],"author":[{"embeddable":true,"href":"http:\/\/ticaret.edu.tr\/medya-ve-iletisim\/wp-json\/wp\/v2\/users\/43"}],"replies":[{"embeddable":true,"href":"http:\/\/ticaret.edu.tr\/medya-ve-iletisim\/wp-json\/wp\/v2\/comments?post=1654"}],"version-history":[{"count":4,"href":"http:\/\/ticaret.edu.tr\/medya-ve-iletisim\/wp-json\/wp\/v2\/pages\/1654\/revisions"}],"predecessor-version":[{"id":2256,"href":"http:\/\/ticaret.edu.tr\/medya-ve-iletisim\/wp-json\/wp\/v2\/pages\/1654\/revisions\/2256"}],"wp:attachment":[{"href":"http:\/\/ticaret.edu.tr\/medya-ve-iletisim\/wp-json\/wp\/v2\/media?parent=1654"}],"curies":[{"name":"wp","href":"https:\/\/api.w.org\/{rel}","templated":true}]}}