{"id":1685,"date":"2025-01-26T23:34:03","date_gmt":"2025-01-26T20:34:03","guid":{"rendered":"https:\/\/ticaret.edu.tr\/medya-ve-iletisim\/?page_id=1685"},"modified":"2025-03-25T14:31:33","modified_gmt":"2025-03-25T11:31:33","slug":"cap-yandal-yatay-gecis","status":"publish","type":"page","link":"http:\/\/ticaret.edu.tr\/medya-ve-iletisim\/cap-yandal-yatay-gecis\/","title":{"rendered":"\u00c7ap &#8211; Yandal \/ Yatay Ge\u00e7i\u015f"},"content":{"rendered":"<p><strong><a title=\"\u0130STANBUL T\u0130CARET \u00dcN\u0130VERS\u0130TES\u0130 \u00c7\u0130FT ANADAL VE YAN DAL PROGRAMLARI Y\u00d6NETMEL\u0130\u011e\u0130\" href=\"http:\/\/www.mevzuat.gov.tr\/Metin.Aspx?MevzuatKod=8.5.7266&amp;MevzuatIliski=0&amp;sourceXmlSearch=%C4%B0stanbul%20Ticaret%20%C3%9Cniversitesi\" target=\"_parent\" rel=\"noopener noreferrer\">\u0130stanbul Ticaret \u00dcniversitesi\u00a0\u00c7ift Anadal Ve Yan Dal Programlar\u0131 Y\u00f6netmeli\u011fi<\/a><\/strong><br \/>\n<strong>Resmi Gazete Tarihi:\u00a0<\/strong>10.04.2003<strong>say\u0131s\u0131:\u00a0<\/strong>25075<\/p>\n","protected":false},"excerpt":{"rendered":"<p>\u0130stanbul Ticaret \u00dcniversitesi\u00a0\u00c7ift Anadal Ve Yan Dal Programlar\u0131 Y\u00f6netmeli\u011fi Resmi Gazete Tarihi:\u00a010.04.2003say\u0131s\u0131:\u00a025075<\/p>\n","protected":false},"author":43,"featured_media":0,"parent":0,"menu_order":0,"comment_status":"closed","ping_status":"closed","template":"genel_sayfa.php","meta":{"footnotes":""},"yoast_head":"<!-- This site is optimized with the Yoast SEO Premium plugin v22.1 (Yoast SEO v22.1) - https:\/\/yoast.com\/wordpress\/plugins\/seo\/ -->\n<title>\u00c7ap - Yandal \/ Yatay Ge\u00e7i\u015f - Medya ve \u0130leti\u015fim<\/title>\n<meta name=\"robots\" content=\"index, follow, max-snippet:-1, max-image-preview:large, max-video-preview:-1\" \/>\n<link rel=\"canonical\" href=\"https:\/\/ticaret.edu.tr\/medya-ve-iletisim\/cap-yandal-yatay-gecis\/\" \/>\n<meta property=\"og:locale\" content=\"tr_TR\" \/>\n<meta property=\"og:type\" content=\"article\" \/>\n<meta property=\"og:title\" content=\"\u00c7ap - Yandal \/ Yatay Ge\u00e7i\u015f\" \/>\n<meta property=\"og:description\" content=\"\u0130stanbul Ticaret \u00dcniversitesi\u00a0\u00c7ift Anadal Ve Yan Dal Programlar\u0131 Y\u00f6netmeli\u011fi Resmi Gazete Tarihi:\u00a010.04.2003say\u0131s\u0131:\u00a025075\" \/>\n<meta property=\"og:url\" content=\"https:\/\/ticaret.edu.tr\/medya-ve-iletisim\/cap-yandal-yatay-gecis\/\" \/>\n<meta property=\"og:site_name\" content=\"Medya ve \u0130leti\u015fim\" \/>\n<meta property=\"article:publisher\" content=\"https:\/\/www.facebook.com\/ticaretedutr\" \/>\n<meta property=\"article:modified_time\" content=\"2025-03-25T11:31:33+00:00\" \/>\n<meta property=\"og:image\" content=\"http:\/\/ticaret.edu.tr\/medya-ve-iletisim\/wp-content\/uploads\/sites\/14\/2021\/11\/web_logo-01.jpg\" \/>\n\t<meta property=\"og:image:width\" content=\"1250\" \/>\n\t<meta property=\"og:image:height\" content=\"833\" \/>\n\t<meta property=\"og:image:type\" content=\"image\/jpeg\" \/>\n<meta name=\"twitter:card\" content=\"summary_large_image\" \/>\n<meta name=\"twitter:site\" content=\"@ticaretedutr\" \/>\n<meta name=\"twitter:label1\" content=\"Tahmini okuma s\u00fcresi\" \/>\n\t<meta name=\"twitter:data1\" content=\"1 dakika\" \/>\n<script type=\"application\/ld+json\" class=\"yoast-schema-graph\">{\"@context\":\"https:\/\/schema.org\",\"@graph\":[{\"@type\":\"WebPage\",\"@id\":\"https:\/\/ticaret.edu.tr\/medya-ve-iletisim\/cap-yandal-yatay-gecis\/\",\"url\":\"https:\/\/ticaret.edu.tr\/medya-ve-iletisim\/cap-yandal-yatay-gecis\/\",\"name\":\"\u00c7ap - Yandal \/ Yatay Ge\u00e7i\u015f - Medya ve \u0130leti\u015fim\",\"isPartOf\":{\"@id\":\"http:\/\/ticaret.edu.tr\/medya-ve-iletisim\/#website\"},\"datePublished\":\"2025-01-26T20:34:03+00:00\",\"dateModified\":\"2025-03-25T11:31:33+00:00\",\"breadcrumb\":{\"@id\":\"https:\/\/ticaret.edu.tr\/medya-ve-iletisim\/cap-yandal-yatay-gecis\/#breadcrumb\"},\"inLanguage\":\"tr\",\"potentialAction\":[{\"@type\":\"ReadAction\",\"target\":[\"https:\/\/ticaret.edu.tr\/medya-ve-iletisim\/cap-yandal-yatay-gecis\/\"]}]},{\"@type\":\"BreadcrumbList\",\"@id\":\"https:\/\/ticaret.edu.tr\/medya-ve-iletisim\/cap-yandal-yatay-gecis\/#breadcrumb\",\"itemListElement\":[{\"@type\":\"ListItem\",\"position\":1,\"name\":\"Ana sayfa\",\"item\":\"http:\/\/ticaret.edu.tr\/medya-ve-iletisim\/\"},{\"@type\":\"ListItem\",\"position\":2,\"name\":\"\u00c7ap &#8211; Yandal \/ Yatay Ge\u00e7i\u015f\"}]},{\"@type\":\"WebSite\",\"@id\":\"http:\/\/ticaret.edu.tr\/medya-ve-iletisim\/#website\",\"url\":\"http:\/\/ticaret.edu.tr\/medya-ve-iletisim\/\",\"name\":\"Medya ve \u0130leti\u015fim\",\"description\":\"\",\"potentialAction\":[{\"@type\":\"SearchAction\",\"target\":{\"@type\":\"EntryPoint\",\"urlTemplate\":\"http:\/\/ticaret.edu.tr\/medya-ve-iletisim\/?s={search_term_string}\"},\"query-input\":\"required name=search_term_string\"}],\"inLanguage\":\"tr\"}]}<\/script>\n<!-- \/ Yoast SEO Premium plugin. -->","yoast_head_json":{"title":"\u00c7ap - Yandal \/ Yatay Ge\u00e7i\u015f - Medya ve \u0130leti\u015fim","robots":{"index":"index","follow":"follow","max-snippet":"max-snippet:-1","max-image-preview":"max-image-preview:large","max-video-preview":"max-video-preview:-1"},"canonical":"https:\/\/ticaret.edu.tr\/medya-ve-iletisim\/cap-yandal-yatay-gecis\/","og_locale":"tr_TR","og_type":"article","og_title":"\u00c7ap - Yandal \/ Yatay Ge\u00e7i\u015f","og_description":"\u0130stanbul Ticaret \u00dcniversitesi\u00a0\u00c7ift Anadal Ve Yan Dal Programlar\u0131 Y\u00f6netmeli\u011fi Resmi Gazete Tarihi:\u00a010.04.2003say\u0131s\u0131:\u00a025075","og_url":"https:\/\/ticaret.edu.tr\/medya-ve-iletisim\/cap-yandal-yatay-gecis\/","og_site_name":"Medya ve \u0130leti\u015fim","article_publisher":"https:\/\/www.facebook.com\/ticaretedutr","article_modified_time":"2025-03-25T11:31:33+00:00","og_image":[{"width":1250,"height":833,"url":"http:\/\/ticaret.edu.tr\/medya-ve-iletisim\/wp-content\/uploads\/sites\/14\/2021\/11\/web_logo-01.jpg","type":"image\/jpeg"}],"twitter_card":"summary_large_image","twitter_site":"@ticaretedutr","twitter_misc":{"Tahmini okuma s\u00fcresi":"1 dakika"},"schema":{"@context":"https:\/\/schema.org","@graph":[{"@type":"WebPage","@id":"https:\/\/ticaret.edu.tr\/medya-ve-iletisim\/cap-yandal-yatay-gecis\/","url":"https:\/\/ticaret.edu.tr\/medya-ve-iletisim\/cap-yandal-yatay-gecis\/","name":"\u00c7ap - Yandal \/ Yatay Ge\u00e7i\u015f - Medya ve \u0130leti\u015fim","isPartOf":{"@id":"http:\/\/ticaret.edu.tr\/medya-ve-iletisim\/#website"},"datePublished":"2025-01-26T20:34:03+00:00","dateModified":"2025-03-25T11:31:33+00:00","breadcrumb":{"@id":"https:\/\/ticaret.edu.tr\/medya-ve-iletisim\/cap-yandal-yatay-gecis\/#breadcrumb"},"inLanguage":"tr","potentialAction":[{"@type":"ReadAction","target":["https:\/\/ticaret.edu.tr\/medya-ve-iletisim\/cap-yandal-yatay-gecis\/"]}]},{"@type":"BreadcrumbList","@id":"https:\/\/ticaret.edu.tr\/medya-ve-iletisim\/cap-yandal-yatay-gecis\/#breadcrumb","itemListElement":[{"@type":"ListItem","position":1,"name":"Ana sayfa","item":"http:\/\/ticaret.edu.tr\/medya-ve-iletisim\/"},{"@type":"ListItem","position":2,"name":"\u00c7ap &#8211; Yandal \/ Yatay Ge\u00e7i\u015f"}]},{"@type":"WebSite","@id":"http:\/\/ticaret.edu.tr\/medya-ve-iletisim\/#website","url":"http:\/\/ticaret.edu.tr\/medya-ve-iletisim\/","name":"Medya ve \u0130leti\u015fim","description":"","potentialAction":[{"@type":"SearchAction","target":{"@type":"EntryPoint","urlTemplate":"http:\/\/ticaret.edu.tr\/medya-ve-iletisim\/?s={search_term_string}"},"query-input":"required name=search_term_string"}],"inLanguage":"tr"}]}},"lang":"tr","translations":{"en":1687,"tr":1685},"pll_sync_post":[],"_links":{"self":[{"href":"http:\/\/ticaret.edu.tr\/medya-ve-iletisim\/wp-json\/wp\/v2\/pages\/1685"}],"collection":[{"href":"http:\/\/ticaret.edu.tr\/medya-ve-iletisim\/wp-json\/wp\/v2\/pages"}],"about":[{"href":"http:\/\/ticaret.edu.tr\/medya-ve-iletisim\/wp-json\/wp\/v2\/types\/page"}],"author":[{"embeddable":true,"href":"http:\/\/ticaret.edu.tr\/medya-ve-iletisim\/wp-json\/wp\/v2\/users\/43"}],"replies":[{"embeddable":true,"href":"http:\/\/ticaret.edu.tr\/medya-ve-iletisim\/wp-json\/wp\/v2\/comments?post=1685"}],"version-history":[{"count":4,"href":"http:\/\/ticaret.edu.tr\/medya-ve-iletisim\/wp-json\/wp\/v2\/pages\/1685\/revisions"}],"predecessor-version":[{"id":2130,"href":"http:\/\/ticaret.edu.tr\/medya-ve-iletisim\/wp-json\/wp\/v2\/pages\/1685\/revisions\/2130"}],"wp:attachment":[{"href":"http:\/\/ticaret.edu.tr\/medya-ve-iletisim\/wp-json\/wp\/v2\/media?parent=1685"}],"curies":[{"name":"wp","href":"https:\/\/api.w.org\/{rel}","templated":true}]}}