{"id":1693,"date":"2025-01-26T23:36:26","date_gmt":"2025-01-26T20:36:26","guid":{"rendered":"https:\/\/ticaret.edu.tr\/medya-ve-iletisim\/?page_id=1693"},"modified":"2025-08-10T10:24:31","modified_gmt":"2025-08-10T07:24:31","slug":"tasarim-projesi-bitirme-projesi","status":"publish","type":"page","link":"http:\/\/ticaret.edu.tr\/medya-ve-iletisim\/tasarim-projesi-bitirme-projesi\/","title":{"rendered":"Tasar\u0131m Projesi &#8211; Bitirme Projesi"},"content":{"rendered":"<p><a href=\"http:\/\/ticaret.edu.tr\/medya-ve-iletisim\/wp-content\/uploads\/sites\/14\/2025\/08\/2024-2025_Bitirme_Projeleri_Katalogu.pdf\">2024-2025_Bitirme_Projeleri_Katalogu<\/a><\/p>\n<p><a href=\"http:\/\/ticaret.edu.tr\/medya-ve-iletisim\/wp-content\/uploads\/sites\/14\/2025\/03\/Medya-ve-Iletisim-Bolumu-Mezuniyet-Projesi-Yonergesi.pdf\">Medya ve Iletisim Bolumu Mezuniyet Projesi Yonergesi<\/a><\/p>\n<p><a href=\"http:\/\/ticaret.edu.tr\/medya-ve-iletisim\/wp-content\/uploads\/sites\/14\/2025\/03\/Proje-Teslim-Tutanagi.pdf\">Proje Teslim Tutanagi<\/a><\/p>\n<p><a href=\"http:\/\/ticaret.edu.tr\/medya-ve-iletisim\/wp-content\/uploads\/sites\/14\/2025\/03\/Bitirme-Projesi-Kamu-Spotu-Birim-Editoru-Onay-Belgesi.pdf\">Bitirme Projesi Kamu Spotu Birim Editoru Onay Belgesi<\/a><\/p>\n<p><a href=\"http:\/\/ticaret.edu.tr\/medya-ve-iletisim\/wp-content\/uploads\/sites\/14\/2025\/03\/Bitirme-Projesi-Radyo-Editoru-Onay-Belgesi.pdf\">Bitirme Projesi Radyo Editoru Onay Belgesi<\/a><\/p>\n<p><a href=\"http:\/\/ticaret.edu.tr\/medya-ve-iletisim\/wp-content\/uploads\/sites\/14\/2025\/03\/Bitirme-Projesi-Televizyon-Editoru-Onay-Belgesi.pdf\">Bitirme Projesi Televizyon Editoru Onay Belgesi<\/a><\/p>\n<p><a href=\"http:\/\/ticaret.edu.tr\/medya-ve-iletisim\/wp-content\/uploads\/sites\/14\/2025\/03\/Bitirme-Projesi-Gazete-ve-Dergi-Editoru-Onay-Belgesi.pdf\">Bitirme Projesi Gazete ve Dergi Editoru Onay Belgesi<\/a><\/p>\n","protected":false},"excerpt":{"rendered":"<p>2024-2025_Bitirme_Projeleri_Katalogu Medya ve Iletisim Bolumu Mezuniyet Projesi Yonergesi Proje Teslim Tutanagi Bitirme Projesi Kamu Spotu Birim Editoru Onay Belgesi Bitirme Projesi Radyo Editoru Onay Belgesi Bitirme Projesi Televizyon Editoru Onay Belgesi Bitirme Projesi Gazete ve Dergi Editoru Onay Belgesi<\/p>\n","protected":false},"author":43,"featured_media":0,"parent":0,"menu_order":0,"comment_status":"closed","ping_status":"closed","template":"genel_sayfa.php","meta":{"footnotes":""},"yoast_head":"<!-- This site is optimized with the Yoast SEO Premium plugin v22.1 (Yoast SEO v22.1) - https:\/\/yoast.com\/wordpress\/plugins\/seo\/ -->\n<title>Tasar\u0131m Projesi - Bitirme Projesi - Medya ve \u0130leti\u015fim<\/title>\n<meta name=\"robots\" content=\"index, follow, max-snippet:-1, max-image-preview:large, max-video-preview:-1\" \/>\n<link rel=\"canonical\" href=\"https:\/\/ticaret.edu.tr\/medya-ve-iletisim\/tasarim-projesi-bitirme-projesi\/\" \/>\n<meta property=\"og:locale\" content=\"tr_TR\" \/>\n<meta property=\"og:type\" content=\"article\" \/>\n<meta property=\"og:title\" content=\"Tasar\u0131m Projesi - Bitirme Projesi\" \/>\n<meta property=\"og:description\" content=\"2024-2025_Bitirme_Projeleri_Katalogu Medya ve Iletisim Bolumu Mezuniyet Projesi Yonergesi Proje Teslim Tutanagi Bitirme Projesi Kamu Spotu Birim Editoru Onay Belgesi Bitirme Projesi Radyo Editoru Onay Belgesi Bitirme Projesi Televizyon Editoru Onay Belgesi Bitirme Projesi Gazete ve Dergi Editoru Onay Belgesi\" \/>\n<meta property=\"og:url\" content=\"https:\/\/ticaret.edu.tr\/medya-ve-iletisim\/tasarim-projesi-bitirme-projesi\/\" \/>\n<meta property=\"og:site_name\" content=\"Medya ve \u0130leti\u015fim\" \/>\n<meta property=\"article:publisher\" content=\"https:\/\/www.facebook.com\/ticaretedutr\" \/>\n<meta property=\"article:modified_time\" content=\"2025-08-10T07:24:31+00:00\" \/>\n<meta property=\"og:image\" content=\"http:\/\/ticaret.edu.tr\/medya-ve-iletisim\/wp-content\/uploads\/sites\/14\/2021\/11\/web_logo-01.jpg\" \/>\n\t<meta property=\"og:image:width\" content=\"1250\" \/>\n\t<meta property=\"og:image:height\" content=\"833\" \/>\n\t<meta property=\"og:image:type\" content=\"image\/jpeg\" \/>\n<meta name=\"twitter:card\" content=\"summary_large_image\" \/>\n<meta name=\"twitter:site\" content=\"@ticaretedutr\" \/>\n<meta name=\"twitter:label1\" content=\"Tahmini okuma s\u00fcresi\" \/>\n\t<meta name=\"twitter:data1\" content=\"1 dakika\" \/>\n<script type=\"application\/ld+json\" class=\"yoast-schema-graph\">{\"@context\":\"https:\/\/schema.org\",\"@graph\":[{\"@type\":\"WebPage\",\"@id\":\"https:\/\/ticaret.edu.tr\/medya-ve-iletisim\/tasarim-projesi-bitirme-projesi\/\",\"url\":\"https:\/\/ticaret.edu.tr\/medya-ve-iletisim\/tasarim-projesi-bitirme-projesi\/\",\"name\":\"Tasar\u0131m Projesi - Bitirme Projesi - Medya ve \u0130leti\u015fim\",\"isPartOf\":{\"@id\":\"http:\/\/ticaret.edu.tr\/medya-ve-iletisim\/#website\"},\"datePublished\":\"2025-01-26T20:36:26+00:00\",\"dateModified\":\"2025-08-10T07:24:31+00:00\",\"breadcrumb\":{\"@id\":\"https:\/\/ticaret.edu.tr\/medya-ve-iletisim\/tasarim-projesi-bitirme-projesi\/#breadcrumb\"},\"inLanguage\":\"tr\",\"potentialAction\":[{\"@type\":\"ReadAction\",\"target\":[\"https:\/\/ticaret.edu.tr\/medya-ve-iletisim\/tasarim-projesi-bitirme-projesi\/\"]}]},{\"@type\":\"BreadcrumbList\",\"@id\":\"https:\/\/ticaret.edu.tr\/medya-ve-iletisim\/tasarim-projesi-bitirme-projesi\/#breadcrumb\",\"itemListElement\":[{\"@type\":\"ListItem\",\"position\":1,\"name\":\"Ana sayfa\",\"item\":\"http:\/\/ticaret.edu.tr\/medya-ve-iletisim\/\"},{\"@type\":\"ListItem\",\"position\":2,\"name\":\"Tasar\u0131m Projesi &#8211; Bitirme Projesi\"}]},{\"@type\":\"WebSite\",\"@id\":\"http:\/\/ticaret.edu.tr\/medya-ve-iletisim\/#website\",\"url\":\"http:\/\/ticaret.edu.tr\/medya-ve-iletisim\/\",\"name\":\"Medya ve \u0130leti\u015fim\",\"description\":\"\",\"potentialAction\":[{\"@type\":\"SearchAction\",\"target\":{\"@type\":\"EntryPoint\",\"urlTemplate\":\"http:\/\/ticaret.edu.tr\/medya-ve-iletisim\/?s={search_term_string}\"},\"query-input\":\"required name=search_term_string\"}],\"inLanguage\":\"tr\"}]}<\/script>\n<!-- \/ Yoast SEO Premium plugin. -->","yoast_head_json":{"title":"Tasar\u0131m Projesi - Bitirme Projesi - Medya ve \u0130leti\u015fim","robots":{"index":"index","follow":"follow","max-snippet":"max-snippet:-1","max-image-preview":"max-image-preview:large","max-video-preview":"max-video-preview:-1"},"canonical":"https:\/\/ticaret.edu.tr\/medya-ve-iletisim\/tasarim-projesi-bitirme-projesi\/","og_locale":"tr_TR","og_type":"article","og_title":"Tasar\u0131m Projesi - Bitirme Projesi","og_description":"2024-2025_Bitirme_Projeleri_Katalogu Medya ve Iletisim Bolumu Mezuniyet Projesi Yonergesi Proje Teslim Tutanagi Bitirme Projesi Kamu Spotu Birim Editoru Onay Belgesi Bitirme Projesi Radyo Editoru Onay Belgesi Bitirme Projesi Televizyon Editoru Onay Belgesi Bitirme Projesi Gazete ve Dergi Editoru Onay Belgesi","og_url":"https:\/\/ticaret.edu.tr\/medya-ve-iletisim\/tasarim-projesi-bitirme-projesi\/","og_site_name":"Medya ve \u0130leti\u015fim","article_publisher":"https:\/\/www.facebook.com\/ticaretedutr","article_modified_time":"2025-08-10T07:24:31+00:00","og_image":[{"width":1250,"height":833,"url":"http:\/\/ticaret.edu.tr\/medya-ve-iletisim\/wp-content\/uploads\/sites\/14\/2021\/11\/web_logo-01.jpg","type":"image\/jpeg"}],"twitter_card":"summary_large_image","twitter_site":"@ticaretedutr","twitter_misc":{"Tahmini okuma s\u00fcresi":"1 dakika"},"schema":{"@context":"https:\/\/schema.org","@graph":[{"@type":"WebPage","@id":"https:\/\/ticaret.edu.tr\/medya-ve-iletisim\/tasarim-projesi-bitirme-projesi\/","url":"https:\/\/ticaret.edu.tr\/medya-ve-iletisim\/tasarim-projesi-bitirme-projesi\/","name":"Tasar\u0131m Projesi - Bitirme Projesi - Medya ve \u0130leti\u015fim","isPartOf":{"@id":"http:\/\/ticaret.edu.tr\/medya-ve-iletisim\/#website"},"datePublished":"2025-01-26T20:36:26+00:00","dateModified":"2025-08-10T07:24:31+00:00","breadcrumb":{"@id":"https:\/\/ticaret.edu.tr\/medya-ve-iletisim\/tasarim-projesi-bitirme-projesi\/#breadcrumb"},"inLanguage":"tr","potentialAction":[{"@type":"ReadAction","target":["https:\/\/ticaret.edu.tr\/medya-ve-iletisim\/tasarim-projesi-bitirme-projesi\/"]}]},{"@type":"BreadcrumbList","@id":"https:\/\/ticaret.edu.tr\/medya-ve-iletisim\/tasarim-projesi-bitirme-projesi\/#breadcrumb","itemListElement":[{"@type":"ListItem","position":1,"name":"Ana sayfa","item":"http:\/\/ticaret.edu.tr\/medya-ve-iletisim\/"},{"@type":"ListItem","position":2,"name":"Tasar\u0131m Projesi &#8211; Bitirme Projesi"}]},{"@type":"WebSite","@id":"http:\/\/ticaret.edu.tr\/medya-ve-iletisim\/#website","url":"http:\/\/ticaret.edu.tr\/medya-ve-iletisim\/","name":"Medya ve \u0130leti\u015fim","description":"","potentialAction":[{"@type":"SearchAction","target":{"@type":"EntryPoint","urlTemplate":"http:\/\/ticaret.edu.tr\/medya-ve-iletisim\/?s={search_term_string}"},"query-input":"required name=search_term_string"}],"inLanguage":"tr"}]}},"lang":"tr","translations":{"en":1695,"tr":1693},"pll_sync_post":[],"_links":{"self":[{"href":"http:\/\/ticaret.edu.tr\/medya-ve-iletisim\/wp-json\/wp\/v2\/pages\/1693"}],"collection":[{"href":"http:\/\/ticaret.edu.tr\/medya-ve-iletisim\/wp-json\/wp\/v2\/pages"}],"about":[{"href":"http:\/\/ticaret.edu.tr\/medya-ve-iletisim\/wp-json\/wp\/v2\/types\/page"}],"author":[{"embeddable":true,"href":"http:\/\/ticaret.edu.tr\/medya-ve-iletisim\/wp-json\/wp\/v2\/users\/43"}],"replies":[{"embeddable":true,"href":"http:\/\/ticaret.edu.tr\/medya-ve-iletisim\/wp-json\/wp\/v2\/comments?post=1693"}],"version-history":[{"count":4,"href":"http:\/\/ticaret.edu.tr\/medya-ve-iletisim\/wp-json\/wp\/v2\/pages\/1693\/revisions"}],"predecessor-version":[{"id":2272,"href":"http:\/\/ticaret.edu.tr\/medya-ve-iletisim\/wp-json\/wp\/v2\/pages\/1693\/revisions\/2272"}],"wp:attachment":[{"href":"http:\/\/ticaret.edu.tr\/medya-ve-iletisim\/wp-json\/wp\/v2\/media?parent=1693"}],"curies":[{"name":"wp","href":"https:\/\/api.w.org\/{rel}","templated":true}]}}