{"id":1730,"date":"2025-01-26T23:50:16","date_gmt":"2025-01-26T20:50:16","guid":{"rendered":"https:\/\/ticaret.edu.tr\/medya-ve-iletisim\/?page_id=1730"},"modified":"2025-10-21T11:21:30","modified_gmt":"2025-10-21T08:21:30","slug":"lisansustu-genel-bilgi","status":"publish","type":"page","link":"http:\/\/ticaret.edu.tr\/medya-ve-iletisim\/lisansustu-genel-bilgi\/","title":{"rendered":"Genel Bilgi"},"content":{"rendered":"<div class=\"BABaslik\">\n<div class=\"BABaslik\">\n<p><img loading=\"lazy\" decoding=\"async\" class=\"wp-image-748 size-medium\" src=\"http:\/\/ticaret.edu.tr\/medya-ve-iletisim\/wp-content\/uploads\/sites\/14\/2022\/08\/Abdulhamit_Avsar_1-300x194.jpg\" alt=\"\" width=\"300\" height=\"194\" srcset=\"http:\/\/ticaret.edu.tr\/medya-ve-iletisim\/wp-content\/uploads\/sites\/14\/2022\/08\/Abdulhamit_Avsar_1-300x194.jpg 300w, http:\/\/ticaret.edu.tr\/medya-ve-iletisim\/wp-content\/uploads\/sites\/14\/2022\/08\/Abdulhamit_Avsar_1-1024x662.jpg 1024w, http:\/\/ticaret.edu.tr\/medya-ve-iletisim\/wp-content\/uploads\/sites\/14\/2022\/08\/Abdulhamit_Avsar_1-768x496.jpg 768w, http:\/\/ticaret.edu.tr\/medya-ve-iletisim\/wp-content\/uploads\/sites\/14\/2022\/08\/Abdulhamit_Avsar_1-1536x993.jpg 1536w, http:\/\/ticaret.edu.tr\/medya-ve-iletisim\/wp-content\/uploads\/sites\/14\/2022\/08\/Abdulhamit_Avsar_1-2048x1324.jpg 2048w\" sizes=\"(max-width: 300px) 100vw, 300px\" \/><\/p>\n<p>Prof. Dr. Abdulhamit AV\u015eAR<\/p>\n<p>\u0130stanbul Ticaret \u00dcniversitesi <a href=\"https:\/\/ticaret.edu.tr\/lisansustu-egitim-enstitusu\/medya-ve-iletisim-calismalari\/\"><strong>Medya ve \u0130leti\u015fim \u00c7al\u0131\u015fmalar\u0131 Y\u00fcksek Lisans Program\u0131<\/strong><\/a>, hem medya sekt\u00f6r\u00fcnde hem de bilimsel alanda kariyer yapmak isteyenlere y\u00f6nelik olarak farkl\u0131 beklentileri kar\u015f\u0131layacak bir e\u011fitim ve \u00f6\u011fretim alternatifi sunmaktad\u0131r.<\/p>\n<\/div>\n<p>Geleneksel medyadan g\u00fcn\u00fcm\u00fczde her alanda etkin bir duruma gelmi\u015f olan dijital medyaya, medya ve ileti\u015fim sekt\u00f6r\u00fcn\u00fcn talep etti\u011fi niteliklerle donat\u0131lm\u0131\u015f, alan\u0131nda s\u00f6z sahibi olmaya aday uzmanlar, ara\u015ft\u0131rmac\u0131lar, \u00f6zg\u00fcn proje ve medya stratejileri \u00fcretebilme becerileri kazanm\u0131\u015f medya profesyonelleri yeti\u015ftirmeyi ama\u00e7lamaktad\u0131r. Ayn\u0131 \u015fekilde, sekt\u00f6rel oldu\u011fu kadar akademik yetkinlik kazand\u0131rmaya da b\u00fcy\u00fck \u00f6nem verilmektedir. Bu ba\u011flamda medya ve ileti\u015fim alan\u0131nda akademik kariyer yapmay\u0131 planlayanlara, ulusal oldu\u011fu kadar uluslararas\u0131 d\u00fczeyde de bilimsel \u00e7al\u0131\u015fmalar yapabilecek, disiplinler aras\u0131 bir bak\u0131\u015f a\u00e7\u0131s\u0131 kazanmas\u0131n\u0131 sa\u011flayacak, medyay\u0131 anlay\u0131p, ele\u015ftirel bir yakla\u015f\u0131mla \u00e7\u00f6z\u00fcmleme yetene\u011fi elde etmi\u015f bireyler yeti\u015ftirmek de ba\u015fl\u0131ca hedeflerimiz aras\u0131ndad\u0131r.<\/p>\n<p>Tezli ve Tezsiz (projeli) olmak \u00fczere iki ayr\u0131 program sunan Medya ve \u0130leti\u015fim \u00c7al\u0131\u015fmalar\u0131 Y\u00fcksek Lisans Program\u0131\u2019n\u0131n m\u00fcfredat\u0131, disiplinler aras\u0131 bir bak\u0131\u015f a\u00e7\u0131s\u0131yla teori ve uygulama dengesi g\u00f6zetilerek haz\u0131rlanm\u0131\u015ft\u0131r ve yetkin bir akademik kadro ile y\u00fcr\u00fct\u00fclmektedir. Teorik dersler gibi uygulamal\u0131 dersler de sekt\u00f6r deneyimleri olan yetkin akademisyenler taraf\u0131ndan verilmekte ve g\u00fc\u00e7l\u00fc bir teknik uzman kadrosu deste\u011finde ger\u00e7ekle\u015ftirilmektedir.<\/p>\n<p><strong>\u00a0<a href=\"https:\/\/ticaret.edu.tr\/lisansustu-egitim-enstitusu\/medya-ve-iletisim-calismalari-doktora-programi\/\">Medya ve ileti\u015fim \u00c7al\u0131\u015fmalar\u0131 Doktora Program\u0131<\/a><\/strong>, ileti\u015fim ve medya olgusunu, bu alandaki yeni teknolojik geli\u015fmelerin \u0131\u015f\u0131\u011f\u0131nda, disiplinler aras\u0131 bak\u0131\u015f a\u00e7\u0131s\u0131yla ele alan bir programd\u0131r. Amac\u0131, medya ve ileti\u015fim alan\u0131n\u0131n gerektirdi\u011fi bilgi ve becerileri analitik bir \u015fekilde kullanabilecek, \u00a0disiplinler aras\u0131 bir yakla\u015f\u0131mla irdeleyebilecek, bu olgular\u0131 tarihsel, siyasal, k\u00fclt\u00fcrel, ekonomik ve teknolojik a\u00e7\u0131lardan ele al\u0131p derinle\u015ftirerek \u00f6zg\u00fcn bilimsel yakla\u015f\u0131mlar ortaya koyabilecek vas\u0131fta ileti\u015fimciler yeti\u015ftirmek; bu alanda \u00f6zg\u00fcn ve nitelikli bilimsel \u00e7al\u0131\u015fmalar\u0131n yap\u0131lmas\u0131n\u0131 te\u015fvik etmektir.<\/p>\n<p style=\"text-align: right\"><strong style=\"text-align: right\">Prof. Dr. Abdulhamit AV\u015eAR<\/strong><\/p>\n<div class=\"BABaslik\">\n<p style=\"text-align: right\">aavsar@ticaret.edu.tr<\/p>\n<\/div>\n<\/div>\n","protected":false},"excerpt":{"rendered":"<p>Prof. Dr. Abdulhamit AV\u015eAR \u0130stanbul Ticaret \u00dcniversitesi Medya ve \u0130leti\u015fim \u00c7al\u0131\u015fmalar\u0131 Y\u00fcksek Lisans Program\u0131, hem medya sekt\u00f6r\u00fcnde hem de bilimsel alanda kariyer yapmak isteyenlere y\u00f6nelik olarak farkl\u0131 beklentileri kar\u015f\u0131layacak bir e\u011fitim ve \u00f6\u011fretim alternatifi sunmaktad\u0131r. Geleneksel medyadan g\u00fcn\u00fcm\u00fczde her alanda etkin bir duruma gelmi\u015f olan dijital medyaya, medya ve ileti\u015fim sekt\u00f6r\u00fcn\u00fcn talep etti\u011fi niteliklerle donat\u0131lm\u0131\u015f, [&hellip;]<\/p>\n","protected":false},"author":43,"featured_media":0,"parent":0,"menu_order":0,"comment_status":"closed","ping_status":"closed","template":"genel_sayfa.php","meta":{"footnotes":""},"yoast_head":"<!-- This site is optimized with the Yoast SEO Premium plugin v22.1 (Yoast SEO v22.1) - https:\/\/yoast.com\/wordpress\/plugins\/seo\/ -->\n<title>Genel Bilgi - Medya ve \u0130leti\u015fim<\/title>\n<meta name=\"robots\" content=\"index, follow, max-snippet:-1, max-image-preview:large, max-video-preview:-1\" \/>\n<link rel=\"canonical\" href=\"https:\/\/ticaret.edu.tr\/medya-ve-iletisim\/lisansustu-genel-bilgi\/\" \/>\n<meta property=\"og:locale\" content=\"tr_TR\" \/>\n<meta property=\"og:type\" content=\"article\" \/>\n<meta property=\"og:title\" content=\"Genel Bilgi\" \/>\n<meta property=\"og:description\" content=\"Prof. Dr. Abdulhamit AV\u015eAR \u0130stanbul Ticaret \u00dcniversitesi Medya ve \u0130leti\u015fim \u00c7al\u0131\u015fmalar\u0131 Y\u00fcksek Lisans Program\u0131, hem medya sekt\u00f6r\u00fcnde hem de bilimsel alanda kariyer yapmak isteyenlere y\u00f6nelik olarak farkl\u0131 beklentileri kar\u015f\u0131layacak bir e\u011fitim ve \u00f6\u011fretim alternatifi sunmaktad\u0131r. Geleneksel medyadan g\u00fcn\u00fcm\u00fczde her alanda etkin bir duruma gelmi\u015f olan dijital medyaya, medya ve ileti\u015fim sekt\u00f6r\u00fcn\u00fcn talep etti\u011fi niteliklerle donat\u0131lm\u0131\u015f, [&hellip;]\" \/>\n<meta property=\"og:url\" content=\"https:\/\/ticaret.edu.tr\/medya-ve-iletisim\/lisansustu-genel-bilgi\/\" \/>\n<meta property=\"og:site_name\" content=\"Medya ve \u0130leti\u015fim\" \/>\n<meta property=\"article:publisher\" content=\"https:\/\/www.facebook.com\/ticaretedutr\" \/>\n<meta property=\"article:modified_time\" content=\"2025-10-21T08:21:30+00:00\" \/>\n<meta property=\"og:image\" content=\"http:\/\/ticaret.edu.tr\/medya-ve-iletisim\/wp-content\/uploads\/sites\/14\/2022\/08\/Abdulhamit_Avsar_1-300x194.jpg\" \/>\n<meta name=\"twitter:card\" content=\"summary_large_image\" \/>\n<meta name=\"twitter:site\" content=\"@ticaretedutr\" \/>\n<meta name=\"twitter:label1\" content=\"Tahmini okuma s\u00fcresi\" \/>\n\t<meta name=\"twitter:data1\" content=\"2 dakika\" \/>\n<script type=\"application\/ld+json\" class=\"yoast-schema-graph\">{\"@context\":\"https:\/\/schema.org\",\"@graph\":[{\"@type\":\"WebPage\",\"@id\":\"https:\/\/ticaret.edu.tr\/medya-ve-iletisim\/lisansustu-genel-bilgi\/\",\"url\":\"https:\/\/ticaret.edu.tr\/medya-ve-iletisim\/lisansustu-genel-bilgi\/\",\"name\":\"Genel Bilgi - Medya ve \u0130leti\u015fim\",\"isPartOf\":{\"@id\":\"http:\/\/ticaret.edu.tr\/medya-ve-iletisim\/#website\"},\"datePublished\":\"2025-01-26T20:50:16+00:00\",\"dateModified\":\"2025-10-21T08:21:30+00:00\",\"breadcrumb\":{\"@id\":\"https:\/\/ticaret.edu.tr\/medya-ve-iletisim\/lisansustu-genel-bilgi\/#breadcrumb\"},\"inLanguage\":\"tr\",\"potentialAction\":[{\"@type\":\"ReadAction\",\"target\":[\"https:\/\/ticaret.edu.tr\/medya-ve-iletisim\/lisansustu-genel-bilgi\/\"]}]},{\"@type\":\"BreadcrumbList\",\"@id\":\"https:\/\/ticaret.edu.tr\/medya-ve-iletisim\/lisansustu-genel-bilgi\/#breadcrumb\",\"itemListElement\":[{\"@type\":\"ListItem\",\"position\":1,\"name\":\"Ana sayfa\",\"item\":\"http:\/\/ticaret.edu.tr\/medya-ve-iletisim\/\"},{\"@type\":\"ListItem\",\"position\":2,\"name\":\"Genel Bilgi\"}]},{\"@type\":\"WebSite\",\"@id\":\"http:\/\/ticaret.edu.tr\/medya-ve-iletisim\/#website\",\"url\":\"http:\/\/ticaret.edu.tr\/medya-ve-iletisim\/\",\"name\":\"Medya ve \u0130leti\u015fim\",\"description\":\"\",\"potentialAction\":[{\"@type\":\"SearchAction\",\"target\":{\"@type\":\"EntryPoint\",\"urlTemplate\":\"http:\/\/ticaret.edu.tr\/medya-ve-iletisim\/?s={search_term_string}\"},\"query-input\":\"required name=search_term_string\"}],\"inLanguage\":\"tr\"}]}<\/script>\n<!-- \/ Yoast SEO Premium plugin. -->","yoast_head_json":{"title":"Genel Bilgi - Medya ve \u0130leti\u015fim","robots":{"index":"index","follow":"follow","max-snippet":"max-snippet:-1","max-image-preview":"max-image-preview:large","max-video-preview":"max-video-preview:-1"},"canonical":"https:\/\/ticaret.edu.tr\/medya-ve-iletisim\/lisansustu-genel-bilgi\/","og_locale":"tr_TR","og_type":"article","og_title":"Genel Bilgi","og_description":"Prof. Dr. Abdulhamit AV\u015eAR \u0130stanbul Ticaret \u00dcniversitesi Medya ve \u0130leti\u015fim \u00c7al\u0131\u015fmalar\u0131 Y\u00fcksek Lisans Program\u0131, hem medya sekt\u00f6r\u00fcnde hem de bilimsel alanda kariyer yapmak isteyenlere y\u00f6nelik olarak farkl\u0131 beklentileri kar\u015f\u0131layacak bir e\u011fitim ve \u00f6\u011fretim alternatifi sunmaktad\u0131r. Geleneksel medyadan g\u00fcn\u00fcm\u00fczde her alanda etkin bir duruma gelmi\u015f olan dijital medyaya, medya ve ileti\u015fim sekt\u00f6r\u00fcn\u00fcn talep etti\u011fi niteliklerle donat\u0131lm\u0131\u015f, [&hellip;]","og_url":"https:\/\/ticaret.edu.tr\/medya-ve-iletisim\/lisansustu-genel-bilgi\/","og_site_name":"Medya ve \u0130leti\u015fim","article_publisher":"https:\/\/www.facebook.com\/ticaretedutr","article_modified_time":"2025-10-21T08:21:30+00:00","og_image":[{"url":"http:\/\/ticaret.edu.tr\/medya-ve-iletisim\/wp-content\/uploads\/sites\/14\/2022\/08\/Abdulhamit_Avsar_1-300x194.jpg"}],"twitter_card":"summary_large_image","twitter_site":"@ticaretedutr","twitter_misc":{"Tahmini okuma s\u00fcresi":"2 dakika"},"schema":{"@context":"https:\/\/schema.org","@graph":[{"@type":"WebPage","@id":"https:\/\/ticaret.edu.tr\/medya-ve-iletisim\/lisansustu-genel-bilgi\/","url":"https:\/\/ticaret.edu.tr\/medya-ve-iletisim\/lisansustu-genel-bilgi\/","name":"Genel Bilgi - Medya ve \u0130leti\u015fim","isPartOf":{"@id":"http:\/\/ticaret.edu.tr\/medya-ve-iletisim\/#website"},"datePublished":"2025-01-26T20:50:16+00:00","dateModified":"2025-10-21T08:21:30+00:00","breadcrumb":{"@id":"https:\/\/ticaret.edu.tr\/medya-ve-iletisim\/lisansustu-genel-bilgi\/#breadcrumb"},"inLanguage":"tr","potentialAction":[{"@type":"ReadAction","target":["https:\/\/ticaret.edu.tr\/medya-ve-iletisim\/lisansustu-genel-bilgi\/"]}]},{"@type":"BreadcrumbList","@id":"https:\/\/ticaret.edu.tr\/medya-ve-iletisim\/lisansustu-genel-bilgi\/#breadcrumb","itemListElement":[{"@type":"ListItem","position":1,"name":"Ana sayfa","item":"http:\/\/ticaret.edu.tr\/medya-ve-iletisim\/"},{"@type":"ListItem","position":2,"name":"Genel Bilgi"}]},{"@type":"WebSite","@id":"http:\/\/ticaret.edu.tr\/medya-ve-iletisim\/#website","url":"http:\/\/ticaret.edu.tr\/medya-ve-iletisim\/","name":"Medya ve \u0130leti\u015fim","description":"","potentialAction":[{"@type":"SearchAction","target":{"@type":"EntryPoint","urlTemplate":"http:\/\/ticaret.edu.tr\/medya-ve-iletisim\/?s={search_term_string}"},"query-input":"required name=search_term_string"}],"inLanguage":"tr"}]}},"lang":"tr","translations":{"en":1732,"tr":1730},"pll_sync_post":[],"_links":{"self":[{"href":"http:\/\/ticaret.edu.tr\/medya-ve-iletisim\/wp-json\/wp\/v2\/pages\/1730"}],"collection":[{"href":"http:\/\/ticaret.edu.tr\/medya-ve-iletisim\/wp-json\/wp\/v2\/pages"}],"about":[{"href":"http:\/\/ticaret.edu.tr\/medya-ve-iletisim\/wp-json\/wp\/v2\/types\/page"}],"author":[{"embeddable":true,"href":"http:\/\/ticaret.edu.tr\/medya-ve-iletisim\/wp-json\/wp\/v2\/users\/43"}],"replies":[{"embeddable":true,"href":"http:\/\/ticaret.edu.tr\/medya-ve-iletisim\/wp-json\/wp\/v2\/comments?post=1730"}],"version-history":[{"count":6,"href":"http:\/\/ticaret.edu.tr\/medya-ve-iletisim\/wp-json\/wp\/v2\/pages\/1730\/revisions"}],"predecessor-version":[{"id":2108,"href":"http:\/\/ticaret.edu.tr\/medya-ve-iletisim\/wp-json\/wp\/v2\/pages\/1730\/revisions\/2108"}],"wp:attachment":[{"href":"http:\/\/ticaret.edu.tr\/medya-ve-iletisim\/wp-json\/wp\/v2\/media?parent=1730"}],"curies":[{"name":"wp","href":"https:\/\/api.w.org\/{rel}","templated":true}]}}