{"id":1766,"date":"2025-01-27T00:02:54","date_gmt":"2025-01-26T21:02:54","guid":{"rendered":"https:\/\/ticaret.edu.tr\/medya-ve-iletisim\/?page_id=1766"},"modified":"2025-11-12T18:05:44","modified_gmt":"2025-11-12T15:05:44","slug":"proje-destekler","status":"publish","type":"page","link":"http:\/\/ticaret.edu.tr\/medya-ve-iletisim\/proje-destekler\/","title":{"rendered":"Proje \/ Destekler"},"content":{"rendered":"<p>Proje\/ Desteklere\u00a0<a href=\"https:\/\/ticaret.edu.tr\/medya-ve-iletisim\/akademik-kadro\/\"><strong> Akademik Kadrodan<\/strong><\/a> Ula\u015fabilirsiniz.<\/p>\n<p>&nbsp;<\/p>\n<p>&nbsp;<\/p>\n<p><strong><u>T\u00dcB\u0130TAK KAPSAMINDA BA\u015eVURUBAL\u0130CE\u011e\u0130N\u0130Z B\u0130L\u0130MSEL ETK\u0130NL\u0130K D\u00dcZENLEME PROGRAMLARI<\/u><\/strong><\/p>\n<table width=\"791\">\n<tbody>\n<tr>\n<td width=\"171\"><strong>Proje Kodu<\/strong><\/td>\n<td width=\"431\"><strong>Proje Amac\u0131<\/strong><\/td>\n<td width=\"189\"><strong>Hibe \u00dccreti<\/strong><\/td>\n<\/tr>\n<tr>\n<td width=\"171\">2223-B Yurt \u0130\u00e7i Bilimsel Etkinlik D\u00fczenleme Deste\u011fi<\/td>\n<td width=\"431\">Program\u0131n amac\u0131, yurt i\u00e7inde d\u00fczenlenen kongre, konferans, sempozyum, kolokyum ve \u00e7al\u0131\u015ftay t\u00fcr\u00fc bilimsel etkinliklere destek vermektir.<\/td>\n<td width=\"189\"><strong>117.000 TL<\/strong><\/td>\n<\/tr>\n<tr>\n<td width=\"171\">2223-C \u00c7ok Kat\u0131l\u0131ml\u0131 Uluslararas\u0131 Etkinlik D\u00fczenleme Deste\u011fi<\/td>\n<td width=\"431\">Program\u0131n amac\u0131, daha \u00f6nce farkl\u0131 \u00fclkelerde d\u00fczenlenmi\u015f uluslararas\u0131 bilimsel etkinliklerin T\u00fcrkiye\u2019de d\u00fczenlenmesi i\u00e7in destek vermektir.<\/td>\n<td width=\"189\"><strong>\u00a0365.000 TL<\/strong><\/td>\n<\/tr>\n<tr>\n<td width=\"171\">2223-D \u0130kili \u0130\u015fbirli\u011fi Anla\u015fmalar\u0131 \u00c7er\u00e7evesinde Etkinlik D\u00fczenleme Deste\u011fi<\/p>\n<p>&nbsp;<\/td>\n<td width=\"431\">Program\u0131n amac\u0131, T\u00fcrkiye\u2019deki bilim insanlar\u0131n\u0131n, T\u00dcB\u0130TAK Uluslararas\u0131 \u0130\u015fbirli\u011fi Daire Ba\u015fkanl\u0131\u011f\u0131 taraf\u0131ndan y\u00fcr\u00fct\u00fclen ikili i\u015fbirli\u011fi anla\u015fmalar\u0131 kapsam\u0131ndaki \u00fclkelerden bilim insanlar\u0131 ile i\u015fbirli\u011fi yaparak \u00fclkemizde d\u00fczenleyecekleri kongre, konferans, sempozyum, \u00e7al\u0131\u015ftay, seminer, panel, kolokyum t\u00fcr\u00fc etkinliklere destek vermektir.<\/td>\n<td width=\"189\"><strong>195.000 TL<\/strong><\/td>\n<\/tr>\n<tr>\n<td width=\"171\">2237-A Bilimsel E\u011fitim Etkinlikleri Deste\u011fi<\/td>\n<td width=\"431\">Program\u0131n amac\u0131 bilim ve teknoloji alanlar\u0131nda y\u00fcr\u00fct\u00fclecek bilimsel e\u011fitim faaliyetlerini destekleyerek bu alanlarda geli\u015fimi te\u015fvik etmektir.<\/td>\n<td width=\"189\"><strong>195.000 TL<\/strong><\/td>\n<\/tr>\n<tr>\n<td width=\"171\">2237-B Proje E\u011fitimi Etkinliklerini Destekleme Program\u0131<\/td>\n<td width=\"431\">Program kapsam\u0131nda; T\u00dcB\u0130TAK\u2019\u0131n ulusal ve uluslararas\u0131 programlar\u0131na y\u00f6nelik Ar-Ge ve yenilik projelerinin nicelik ve niteliklerinin art\u0131r\u0131lmas\u0131 amac\u0131yla d\u00fczenlenen teorik ve uygulamal\u0131 proje yazma e\u011fitimleri desteklenir. Bu do\u011frultuda, proje haz\u0131rlama s\u00fcrecinde yer alan bilimsel yakla\u015f\u0131mlar, proje y\u00f6netimi, b\u00fct\u00e7elendirme, de\u011ferlendirme a\u015famas\u0131nda g\u00f6z \u00f6n\u00fcnde bulundurulmas\u0131 gereken hususlar ile ara\u015ft\u0131rma projesi haz\u0131rlama tekniklerinin \u00f6\u011fretilmesine y\u00f6nelik yurt i\u00e7inde d\u00fczenlenen (\u00e7evrimi\u00e7i etkinlikler d\u00e2hil) etkinliklere destek sa\u011flan\u0131r.<\/td>\n<td width=\"189\"><strong>195.000 TL<\/strong><\/td>\n<\/tr>\n<\/tbody>\n<\/table>\n<p>&nbsp;<\/p>\n<p><strong><u>\u0130leti\u015fim Fak\u00fcltesi Kapsam\u0131nda Ba\u015fvurabilece\u011finiz T\u00fcbitak Projeleri<\/u><\/strong><\/p>\n<table width=\"791\">\n<tbody>\n<tr>\n<td width=\"92\"><strong>Hibe Kayna\u011f\u0131<\/strong><\/td>\n<td width=\"83\"><strong>Proje Kodu<\/strong><\/td>\n<td width=\"317\"><strong>Proje Amac\u0131<\/strong><\/td>\n<td width=\"193\"><strong>Kimler Ba\u015fvurabilir<\/strong><\/td>\n<td width=\"106\"><strong>Hibe \u00dccreti<\/strong><\/td>\n<\/tr>\n<tr>\n<td width=\"92\">T\u00dcB\u0130TAK<\/td>\n<td width=\"83\">1002-A<\/td>\n<td width=\"317\">H\u0131zl\u0131 Destek Mod\u00fcl\u00fcn\u00fcn\u00a0amac\u0131; \u00fcniversitelerde, ara\u015ft\u0131rma hastanelerinde ve ara\u015ft\u0131rma enstit\u00fclerinde\u00a0y\u00fcr\u00fct\u00fclecek\u00a0k\u0131sa s\u00fcreli, k\u00fc\u00e7\u00fck b\u00fct\u00e7eli, h\u0131zl\u0131 ara\u015ft\u0131rma ihtiya\u00e7lar\u0131na y\u00f6nelik veya doktora tezi kapsam\u0131ndaki ara\u015ft\u0131rma ve geli\u015ftirme projelerine destek sa\u011flamakt\u0131r<\/td>\n<td width=\"193\">Dr. unvan\u0131na sahip olmak veya Dr. \u00f6\u011frencisi olmak<\/td>\n<td width=\"106\"><strong>100.000 TL<\/strong><\/td>\n<\/tr>\n<tr>\n<td width=\"92\">T\u00dcB\u0130TAK<\/td>\n<td width=\"83\">3005<\/td>\n<td width=\"317\"><strong>Sosyal ve Be\u015feri Bilimlerde Yenilik\u00e7i \u00c7\u00f6z\u00fcmler Ara\u015ft\u0131rma Projeleri Destek Program\u0131n\u0131n amac\u0131;<\/strong><\/p>\n<p><strong>a)\u00a0<\/strong>be\u015feri bilimlerin veri toplama ve analiz yoluyla durum tespiti \u00e7al\u0131\u015fmalar\u0131n\u0131n bulgular\u0131 ile bulgular \u0131\u015f\u0131\u011f\u0131nda bilime yenilik\u00e7i katk\u0131lar yapacak y\u00f6ntemler, yakla\u015f\u0131mlar ve yorumlar\u0131n geli\u015ftirilmesi;<\/p>\n<p><strong>b)<\/strong>\u00a0kamu politikalar\u0131n\u0131n geli\u015ftirilmesi s\u00fcre\u00e7lerinde bilimsel temellerin olu\u015fturulmas\u0131;<\/p>\n<p><strong>c)<\/strong>\u00a0teknolojik ilerlemelerin sosyal etkilerinin ortaya konulmas\u0131 amac\u0131yla yap\u0131land\u0131r\u0131lm\u0131\u015f;<\/td>\n<td width=\"193\">En az d\u00f6rt y\u0131ll\u0131k \u00fcniversite lisans e\u011fitimi alm\u0131\u015f olmas\u0131 ve projenin y\u00fcr\u00fct\u00fclece\u011fi kurumun (y\u00fcksek\u00f6\u011fretim kurumlar\u0131, kamu kurumlar\u0131 veya \u00f6zel kurulu\u015flar) kadrolu\/tam zamanl\u0131 personeli olmalar\u0131 gerekmektedir.<\/p>\n<p>&nbsp;<\/td>\n<td width=\"106\"><strong>1.000.000 TL<\/strong><\/td>\n<\/tr>\n<tr>\n<td width=\"92\">T\u00dcB\u0130TAK<\/td>\n<td width=\"83\">2209-A<\/td>\n<td width=\"317\">\u00c7a\u011fr\u0131n\u0131n amac\u0131, \u00f6n lisans ve lisans \u00f6\u011frencilerine ara\u015ft\u0131rma ve proje y\u00f6netimi deneyimi kazand\u0131rmakt\u0131r.<\/td>\n<td width=\"193\">Ba\u015fvuru sahibinin \u00f6n lisans veya lisans \u00f6\u011frenimi g\u00f6r\u00fcyor olmas\u0131<\/td>\n<td width=\"106\"><strong>9.000 TL<\/strong><\/td>\n<\/tr>\n<tr>\n<td width=\"92\">T\u00dcB\u0130TAK<\/td>\n<td width=\"83\">1001<\/td>\n<td width=\"317\">Bilimsel ve Teknolojik Ara\u015ft\u0131rma Projelerini Destekleme Program\u0131n\u0131n amac\u0131, yeni bilgiler \u00fcretilmesi, bilimsel yorumlar\u0131n yap\u0131lmas\u0131 veya teknolojik problemlerin \u00e7\u00f6z\u00fcmlenmesi i\u00e7in bilimsel esaslara uygun olan projeler desteklemektir.<\/td>\n<td width=\"193\">Doktora veya e\u015fde\u011fer bir\u00a0<a href=\"https:\/\/tubitak.gov.tr\/sites\/default\/files\/20689\/doktora_esdeger_derece.pdf\">dereceye<\/a>\u00a0sahip olmalar\u0131<\/td>\n<td width=\"106\"><strong>2.400.000 TL<\/strong><\/td>\n<\/tr>\n<\/tbody>\n<\/table>\n<p><strong>\u00a0<\/strong><\/p>\n<p><strong>Proje geli\u015ftirme, fon ba\u015fvurusu, akademik i\u015f birlikleri ve Ar-Ge destekleriyle ilgili t\u00fcm s\u00fcre\u00e7lerde dan\u0131\u015fmanl\u0131k almak i\u00e7in Teknoloji Transfer Ofisimizle ileti\u015fime ge\u00e7ebilirsiniz.<\/strong><br \/>\nAlan\u0131nda uzman ekibimiz, fikir a\u015famas\u0131ndan proje ba\u015fvurusuna, y\u00fcr\u00fctme ve raporlama s\u00fcre\u00e7lerine kadar her ad\u0131mda sizlere rehberlik etmektedir.<\/p>\n<p>\ud83d\udccd <strong>\u0130leti\u015fim:<\/strong><br \/>\nTicaret \u00dcniversitesi Teknoloji Transfer Ofisi<br \/>\n<strong>Proje Uzman\u0131:<\/strong> Ataberk Tekin<br \/>\n\ud83d\udce7 <strong>E-posta:<\/strong> atekin@ticaret.edu.tr<br \/>\n\ud83d\udcde <strong>Dahili:<\/strong> 4449<\/p>\n<p>&nbsp;<\/p>\n","protected":false},"excerpt":{"rendered":"<p>Proje\/ Desteklere\u00a0 Akademik Kadrodan Ula\u015fabilirsiniz. &nbsp; &nbsp; T\u00dcB\u0130TAK KAPSAMINDA BA\u015eVURUBAL\u0130CE\u011e\u0130N\u0130Z B\u0130L\u0130MSEL ETK\u0130NL\u0130K D\u00dcZENLEME PROGRAMLARI Proje Kodu Proje Amac\u0131 Hibe \u00dccreti 2223-B Yurt \u0130\u00e7i Bilimsel Etkinlik D\u00fczenleme Deste\u011fi Program\u0131n amac\u0131, yurt i\u00e7inde d\u00fczenlenen kongre, konferans, sempozyum, kolokyum ve \u00e7al\u0131\u015ftay t\u00fcr\u00fc bilimsel etkinliklere destek vermektir. 117.000 TL 2223-C \u00c7ok Kat\u0131l\u0131ml\u0131 Uluslararas\u0131 Etkinlik D\u00fczenleme Deste\u011fi Program\u0131n amac\u0131, daha [&hellip;]<\/p>\n","protected":false},"author":43,"featured_media":0,"parent":0,"menu_order":0,"comment_status":"closed","ping_status":"closed","template":"genel_sayfa.php","meta":{"footnotes":""},"yoast_head":"<!-- This site is optimized with the Yoast SEO Premium plugin v22.1 (Yoast SEO v22.1) - https:\/\/yoast.com\/wordpress\/plugins\/seo\/ -->\n<title>Proje \/ Destekler - Medya ve \u0130leti\u015fim<\/title>\n<meta name=\"robots\" content=\"index, follow, max-snippet:-1, max-image-preview:large, max-video-preview:-1\" \/>\n<link rel=\"canonical\" href=\"https:\/\/ticaret.edu.tr\/medya-ve-iletisim\/proje-destekler\/\" \/>\n<meta property=\"og:locale\" content=\"tr_TR\" \/>\n<meta property=\"og:type\" content=\"article\" \/>\n<meta property=\"og:title\" content=\"Proje \/ Destekler\" \/>\n<meta property=\"og:description\" content=\"Proje\/ Desteklere\u00a0 Akademik Kadrodan Ula\u015fabilirsiniz. &nbsp; &nbsp; T\u00dcB\u0130TAK KAPSAMINDA BA\u015eVURUBAL\u0130CE\u011e\u0130N\u0130Z B\u0130L\u0130MSEL ETK\u0130NL\u0130K D\u00dcZENLEME PROGRAMLARI Proje Kodu Proje Amac\u0131 Hibe \u00dccreti 2223-B Yurt \u0130\u00e7i Bilimsel Etkinlik D\u00fczenleme Deste\u011fi Program\u0131n amac\u0131, yurt i\u00e7inde d\u00fczenlenen kongre, konferans, sempozyum, kolokyum ve \u00e7al\u0131\u015ftay t\u00fcr\u00fc bilimsel etkinliklere destek vermektir. 117.000 TL 2223-C \u00c7ok Kat\u0131l\u0131ml\u0131 Uluslararas\u0131 Etkinlik D\u00fczenleme Deste\u011fi Program\u0131n amac\u0131, daha [&hellip;]\" \/>\n<meta property=\"og:url\" content=\"https:\/\/ticaret.edu.tr\/medya-ve-iletisim\/proje-destekler\/\" \/>\n<meta property=\"og:site_name\" content=\"Medya ve \u0130leti\u015fim\" \/>\n<meta property=\"article:publisher\" content=\"https:\/\/www.facebook.com\/ticaretedutr\" \/>\n<meta property=\"article:modified_time\" content=\"2025-11-12T15:05:44+00:00\" \/>\n<meta property=\"og:image\" content=\"http:\/\/ticaret.edu.tr\/medya-ve-iletisim\/wp-content\/uploads\/sites\/14\/2021\/11\/web_logo-01.jpg\" \/>\n\t<meta property=\"og:image:width\" content=\"1250\" \/>\n\t<meta property=\"og:image:height\" content=\"833\" \/>\n\t<meta property=\"og:image:type\" content=\"image\/jpeg\" \/>\n<meta name=\"twitter:card\" content=\"summary_large_image\" \/>\n<meta name=\"twitter:site\" content=\"@ticaretedutr\" \/>\n<meta name=\"twitter:label1\" content=\"Tahmini okuma s\u00fcresi\" \/>\n\t<meta name=\"twitter:data1\" content=\"3 dakika\" \/>\n<script type=\"application\/ld+json\" class=\"yoast-schema-graph\">{\"@context\":\"https:\/\/schema.org\",\"@graph\":[{\"@type\":\"WebPage\",\"@id\":\"https:\/\/ticaret.edu.tr\/medya-ve-iletisim\/proje-destekler\/\",\"url\":\"https:\/\/ticaret.edu.tr\/medya-ve-iletisim\/proje-destekler\/\",\"name\":\"Proje \/ Destekler - Medya ve \u0130leti\u015fim\",\"isPartOf\":{\"@id\":\"http:\/\/ticaret.edu.tr\/medya-ve-iletisim\/#website\"},\"datePublished\":\"2025-01-26T21:02:54+00:00\",\"dateModified\":\"2025-11-12T15:05:44+00:00\",\"breadcrumb\":{\"@id\":\"https:\/\/ticaret.edu.tr\/medya-ve-iletisim\/proje-destekler\/#breadcrumb\"},\"inLanguage\":\"tr\",\"potentialAction\":[{\"@type\":\"ReadAction\",\"target\":[\"https:\/\/ticaret.edu.tr\/medya-ve-iletisim\/proje-destekler\/\"]}]},{\"@type\":\"BreadcrumbList\",\"@id\":\"https:\/\/ticaret.edu.tr\/medya-ve-iletisim\/proje-destekler\/#breadcrumb\",\"itemListElement\":[{\"@type\":\"ListItem\",\"position\":1,\"name\":\"Ana sayfa\",\"item\":\"http:\/\/ticaret.edu.tr\/medya-ve-iletisim\/\"},{\"@type\":\"ListItem\",\"position\":2,\"name\":\"Proje \/ Destekler\"}]},{\"@type\":\"WebSite\",\"@id\":\"http:\/\/ticaret.edu.tr\/medya-ve-iletisim\/#website\",\"url\":\"http:\/\/ticaret.edu.tr\/medya-ve-iletisim\/\",\"name\":\"Medya ve \u0130leti\u015fim\",\"description\":\"\",\"potentialAction\":[{\"@type\":\"SearchAction\",\"target\":{\"@type\":\"EntryPoint\",\"urlTemplate\":\"http:\/\/ticaret.edu.tr\/medya-ve-iletisim\/?s={search_term_string}\"},\"query-input\":\"required name=search_term_string\"}],\"inLanguage\":\"tr\"}]}<\/script>\n<!-- \/ Yoast SEO Premium plugin. -->","yoast_head_json":{"title":"Proje \/ Destekler - Medya ve \u0130leti\u015fim","robots":{"index":"index","follow":"follow","max-snippet":"max-snippet:-1","max-image-preview":"max-image-preview:large","max-video-preview":"max-video-preview:-1"},"canonical":"https:\/\/ticaret.edu.tr\/medya-ve-iletisim\/proje-destekler\/","og_locale":"tr_TR","og_type":"article","og_title":"Proje \/ Destekler","og_description":"Proje\/ Desteklere\u00a0 Akademik Kadrodan Ula\u015fabilirsiniz. &nbsp; &nbsp; T\u00dcB\u0130TAK KAPSAMINDA BA\u015eVURUBAL\u0130CE\u011e\u0130N\u0130Z B\u0130L\u0130MSEL ETK\u0130NL\u0130K D\u00dcZENLEME PROGRAMLARI Proje Kodu Proje Amac\u0131 Hibe \u00dccreti 2223-B Yurt \u0130\u00e7i Bilimsel Etkinlik D\u00fczenleme Deste\u011fi Program\u0131n amac\u0131, yurt i\u00e7inde d\u00fczenlenen kongre, konferans, sempozyum, kolokyum ve \u00e7al\u0131\u015ftay t\u00fcr\u00fc bilimsel etkinliklere destek vermektir. 117.000 TL 2223-C \u00c7ok Kat\u0131l\u0131ml\u0131 Uluslararas\u0131 Etkinlik D\u00fczenleme Deste\u011fi Program\u0131n amac\u0131, daha [&hellip;]","og_url":"https:\/\/ticaret.edu.tr\/medya-ve-iletisim\/proje-destekler\/","og_site_name":"Medya ve \u0130leti\u015fim","article_publisher":"https:\/\/www.facebook.com\/ticaretedutr","article_modified_time":"2025-11-12T15:05:44+00:00","og_image":[{"width":1250,"height":833,"url":"http:\/\/ticaret.edu.tr\/medya-ve-iletisim\/wp-content\/uploads\/sites\/14\/2021\/11\/web_logo-01.jpg","type":"image\/jpeg"}],"twitter_card":"summary_large_image","twitter_site":"@ticaretedutr","twitter_misc":{"Tahmini okuma s\u00fcresi":"3 dakika"},"schema":{"@context":"https:\/\/schema.org","@graph":[{"@type":"WebPage","@id":"https:\/\/ticaret.edu.tr\/medya-ve-iletisim\/proje-destekler\/","url":"https:\/\/ticaret.edu.tr\/medya-ve-iletisim\/proje-destekler\/","name":"Proje \/ Destekler - Medya ve \u0130leti\u015fim","isPartOf":{"@id":"http:\/\/ticaret.edu.tr\/medya-ve-iletisim\/#website"},"datePublished":"2025-01-26T21:02:54+00:00","dateModified":"2025-11-12T15:05:44+00:00","breadcrumb":{"@id":"https:\/\/ticaret.edu.tr\/medya-ve-iletisim\/proje-destekler\/#breadcrumb"},"inLanguage":"tr","potentialAction":[{"@type":"ReadAction","target":["https:\/\/ticaret.edu.tr\/medya-ve-iletisim\/proje-destekler\/"]}]},{"@type":"BreadcrumbList","@id":"https:\/\/ticaret.edu.tr\/medya-ve-iletisim\/proje-destekler\/#breadcrumb","itemListElement":[{"@type":"ListItem","position":1,"name":"Ana sayfa","item":"http:\/\/ticaret.edu.tr\/medya-ve-iletisim\/"},{"@type":"ListItem","position":2,"name":"Proje \/ Destekler"}]},{"@type":"WebSite","@id":"http:\/\/ticaret.edu.tr\/medya-ve-iletisim\/#website","url":"http:\/\/ticaret.edu.tr\/medya-ve-iletisim\/","name":"Medya ve \u0130leti\u015fim","description":"","potentialAction":[{"@type":"SearchAction","target":{"@type":"EntryPoint","urlTemplate":"http:\/\/ticaret.edu.tr\/medya-ve-iletisim\/?s={search_term_string}"},"query-input":"required name=search_term_string"}],"inLanguage":"tr"}]}},"lang":"tr","translations":{"en":1768,"tr":1766},"pll_sync_post":[],"_links":{"self":[{"href":"http:\/\/ticaret.edu.tr\/medya-ve-iletisim\/wp-json\/wp\/v2\/pages\/1766"}],"collection":[{"href":"http:\/\/ticaret.edu.tr\/medya-ve-iletisim\/wp-json\/wp\/v2\/pages"}],"about":[{"href":"http:\/\/ticaret.edu.tr\/medya-ve-iletisim\/wp-json\/wp\/v2\/types\/page"}],"author":[{"embeddable":true,"href":"http:\/\/ticaret.edu.tr\/medya-ve-iletisim\/wp-json\/wp\/v2\/users\/43"}],"replies":[{"embeddable":true,"href":"http:\/\/ticaret.edu.tr\/medya-ve-iletisim\/wp-json\/wp\/v2\/comments?post=1766"}],"version-history":[{"count":6,"href":"http:\/\/ticaret.edu.tr\/medya-ve-iletisim\/wp-json\/wp\/v2\/pages\/1766\/revisions"}],"predecessor-version":[{"id":2344,"href":"http:\/\/ticaret.edu.tr\/medya-ve-iletisim\/wp-json\/wp\/v2\/pages\/1766\/revisions\/2344"}],"wp:attachment":[{"href":"http:\/\/ticaret.edu.tr\/medya-ve-iletisim\/wp-json\/wp\/v2\/media?parent=1766"}],"curies":[{"name":"wp","href":"https:\/\/api.w.org\/{rel}","templated":true}]}}